{"id":924,"date":"2021-08-20T12:25:28","date_gmt":"2021-08-20T10:25:28","guid":{"rendered":"https:\/\/wordpress-test.app.u-pariscite.fr\/who-am-i\/?page_id=924"},"modified":"2023-03-17T16:29:43","modified_gmt":"2023-03-17T15:29:43","slug":"executive-committee","status":"publish","type":"page","link":"https:\/\/wordpress-test.app.u-pariscite.fr\/who-am-i\/en\/executive-committee\/","title":{"rendered":"Executive Committee"},"content":{"rendered":"<p>[et_pb_section bb_built=\u00a0\u00bb1&Prime; next_background_color=\u00a0\u00bb#000000&Prime; inner_width=\u00a0\u00bbauto\u00a0\u00bb inner_max_width=\u00a0\u00bbnone\u00a0\u00bb][et_pb_row][et_pb_column type=\u00a0\u00bb4_4&Prime;][et_pb_post_title admin_label=\u00a0\u00bbTitre de la page\u00a0\u00bb _builder_version=\u00a0\u00bb3.19.11&Prime; meta=\u00a0\u00bboff\u00a0\u00bb featured_image=\u00a0\u00bboff\u00a0\u00bb \/][\/et_pb_column][\/et_pb_row][et_pb_row][et_pb_column type=\u00a0\u00bb3_4&Prime;][et_pb_text admin_label=\u00a0\u00bbIntro\u00a0\u00bb _builder_version=\u00a0\u00bb3.22.1&Prime; module_id=\u00a0\u00bbintro\u00a0\u00bb text_text_shadow_horizontal_length=\u00a0\u00bbtext_text_shadow_style,%91object Object%93&Prime; text_text_shadow_vertical_length=\u00a0\u00bbtext_text_shadow_style,%91object Object%93&Prime; text_text_shadow_blur_strength=\u00a0\u00bbtext_text_shadow_style,%91object Object%93&Prime; link_text_shadow_horizontal_length=\u00a0\u00bblink_text_shadow_style,%91object Object%93&Prime; link_text_shadow_vertical_length=\u00a0\u00bblink_text_shadow_style,%91object Object%93&Prime; link_text_shadow_blur_strength=\u00a0\u00bblink_text_shadow_style,%91object Object%93&Prime; ul_text_shadow_horizontal_length=\u00a0\u00bbul_text_shadow_style,%91object Object%93&Prime; ul_text_shadow_vertical_length=\u00a0\u00bbul_text_shadow_style,%91object Object%93&Prime; ul_text_shadow_blur_strength=\u00a0\u00bbul_text_shadow_style,%91object Object%93&Prime; ol_text_shadow_horizontal_length=\u00a0\u00bbol_text_shadow_style,%91object Object%93&Prime; ol_text_shadow_vertical_length=\u00a0\u00bbol_text_shadow_style,%91object Object%93&Prime; ol_text_shadow_blur_strength=\u00a0\u00bbol_text_shadow_style,%91object Object%93&Prime; quote_text_shadow_horizontal_length=\u00a0\u00bbquote_text_shadow_style,%91object Object%93&Prime; quote_text_shadow_vertical_length=\u00a0\u00bbquote_text_shadow_style,%91object Object%93&Prime; quote_text_shadow_blur_strength=\u00a0\u00bbquote_text_shadow_style,%91object Object%93&Prime; header_text_shadow_horizontal_length=\u00a0\u00bbheader_text_shadow_style,%91object Object%93&Prime; header_text_shadow_vertical_length=\u00a0\u00bbheader_text_shadow_style,%91object Object%93&Prime; header_text_shadow_blur_strength=\u00a0\u00bbheader_text_shadow_style,%91object Object%93&Prime; header_2_text_shadow_horizontal_length=\u00a0\u00bbheader_2_text_shadow_style,%91object Object%93&Prime; header_2_text_shadow_vertical_length=\u00a0\u00bbheader_2_text_shadow_style,%91object Object%93&Prime; header_2_text_shadow_blur_strength=\u00a0\u00bbheader_2_text_shadow_style,%91object Object%93&Prime; header_3_text_shadow_horizontal_length=\u00a0\u00bbheader_3_text_shadow_style,%91object Object%93&Prime; header_3_text_shadow_vertical_length=\u00a0\u00bbheader_3_text_shadow_style,%91object Object%93&Prime; header_3_text_shadow_blur_strength=\u00a0\u00bbheader_3_text_shadow_style,%91object Object%93&Prime; header_4_text_shadow_horizontal_length=\u00a0\u00bbheader_4_text_shadow_style,%91object Object%93&Prime; header_4_text_shadow_vertical_length=\u00a0\u00bbheader_4_text_shadow_style,%91object Object%93&Prime; header_4_text_shadow_blur_strength=\u00a0\u00bbheader_4_text_shadow_style,%91object Object%93&Prime; header_5_text_shadow_horizontal_length=\u00a0\u00bbheader_5_text_shadow_style,%91object Object%93&Prime; header_5_text_shadow_vertical_length=\u00a0\u00bbheader_5_text_shadow_style,%91object Object%93&Prime; header_5_text_shadow_blur_strength=\u00a0\u00bbheader_5_text_shadow_style,%91object Object%93&Prime; header_6_text_shadow_horizontal_length=\u00a0\u00bbheader_6_text_shadow_style,%91object Object%93&Prime; header_6_text_shadow_vertical_length=\u00a0\u00bbheader_6_text_shadow_style,%91object Object%93&Prime; header_6_text_shadow_blur_strength=\u00a0\u00bbheader_6_text_shadow_style,%91object Object%93&Prime; z_index_tablet=\u00a0\u00bb500&Prime;]<\/p>\n<p>The Executive Committee is made up of members of the coordination team and one scientific representative of each partner structure. It gathers approximately once a month.<\/p>\n<p>[\/et_pb_text][\/et_pb_column][et_pb_column type=\u00a0\u00bb1_4&Prime;][\/et_pb_column][\/et_pb_row][et_pb_row][et_pb_column type=\u00a0\u00bb3_4&Prime;][et_pb_text _builder_version=\u00a0\u00bb3.22.1&Prime; module_id=\u00a0\u00bbcontenu\u00a0\u00bb text_text_shadow_horizontal_length=\u00a0\u00bbtext_text_shadow_style,%91object Object%93&Prime; text_text_shadow_vertical_length=\u00a0\u00bbtext_text_shadow_style,%91object Object%93&Prime; text_text_shadow_blur_strength=\u00a0\u00bbtext_text_shadow_style,%91object Object%93&Prime; link_text_shadow_horizontal_length=\u00a0\u00bblink_text_shadow_style,%91object Object%93&Prime; link_text_shadow_vertical_length=\u00a0\u00bblink_text_shadow_style,%91object Object%93&Prime; link_text_shadow_blur_strength=\u00a0\u00bblink_text_shadow_style,%91object Object%93&Prime; ul_text_shadow_horizontal_length=\u00a0\u00bbul_text_shadow_style,%91object Object%93&Prime; ul_text_shadow_vertical_length=\u00a0\u00bbul_text_shadow_style,%91object Object%93&Prime; ul_text_shadow_blur_strength=\u00a0\u00bbul_text_shadow_style,%91object Object%93&Prime; ol_text_shadow_horizontal_length=\u00a0\u00bbol_text_shadow_style,%91object Object%93&Prime; ol_text_shadow_vertical_length=\u00a0\u00bbol_text_shadow_style,%91object Object%93&Prime; ol_text_shadow_blur_strength=\u00a0\u00bbol_text_shadow_style,%91object Object%93&Prime; quote_text_shadow_horizontal_length=\u00a0\u00bbquote_text_shadow_style,%91object Object%93&Prime; quote_text_shadow_vertical_length=\u00a0\u00bbquote_text_shadow_style,%91object Object%93&Prime; quote_text_shadow_blur_strength=\u00a0\u00bbquote_text_shadow_style,%91object Object%93&Prime; header_text_shadow_horizontal_length=\u00a0\u00bbheader_text_shadow_style,%91object Object%93&Prime; header_text_shadow_vertical_length=\u00a0\u00bbheader_text_shadow_style,%91object Object%93&Prime; header_text_shadow_blur_strength=\u00a0\u00bbheader_text_shadow_style,%91object Object%93&Prime; header_2_text_shadow_horizontal_length=\u00a0\u00bbheader_2_text_shadow_style,%91object Object%93&Prime; header_2_text_shadow_vertical_length=\u00a0\u00bbheader_2_text_shadow_style,%91object Object%93&Prime; header_2_text_shadow_blur_strength=\u00a0\u00bbheader_2_text_shadow_style,%91object Object%93&Prime; header_3_text_shadow_horizontal_length=\u00a0\u00bbheader_3_text_shadow_style,%91object Object%93&Prime; header_3_text_shadow_vertical_length=\u00a0\u00bbheader_3_text_shadow_style,%91object Object%93&Prime; header_3_text_shadow_blur_strength=\u00a0\u00bbheader_3_text_shadow_style,%91object Object%93&Prime; header_4_text_shadow_horizontal_length=\u00a0\u00bbheader_4_text_shadow_style,%91object Object%93&Prime; header_4_text_shadow_vertical_length=\u00a0\u00bbheader_4_text_shadow_style,%91object Object%93&Prime; header_4_text_shadow_blur_strength=\u00a0\u00bbheader_4_text_shadow_style,%91object Object%93&Prime; header_5_text_shadow_horizontal_length=\u00a0\u00bbheader_5_text_shadow_style,%91object Object%93&Prime; header_5_text_shadow_vertical_length=\u00a0\u00bbheader_5_text_shadow_style,%91object Object%93&Prime; header_5_text_shadow_blur_strength=\u00a0\u00bbheader_5_text_shadow_style,%91object Object%93&Prime; header_6_text_shadow_horizontal_length=\u00a0\u00bbheader_6_text_shadow_style,%91object Object%93&Prime; header_6_text_shadow_vertical_length=\u00a0\u00bbheader_6_text_shadow_style,%91object Object%93&Prime; header_6_text_shadow_blur_strength=\u00a0\u00bbheader_6_text_shadow_style,%91object Object%93&Prime; z_index_tablet=\u00a0\u00bb500&Prime;]<\/p>\n<p>The members of the Executive Committee are:<\/p>\n<p><strong>Marco ARANEDA<\/strong> <br \/>Scientific and Technical Representative <br \/><a href=\"http:\/\/www.ep.univ-paris-diderot.fr\/recherche\/crpms\/\" target=\"_blank\" rel=\"noopener noreferrer\">Psychoanalysis, Medicine and Society Research Center<\/a><\/p>\n<p><strong>Pierre-Antoine DEFOSSEZ<\/strong> <br \/>Scientific and Technical Representative<br \/><a href=\"https:\/\/epigenetics.wordpress-test.app.u-pariscite.fr\/\" target=\"_blank\" rel=\"noopener noreferrer\">Epigenetics and Cell Fate unit<\/a><\/p>\n<p><strong>Val\u00e9rie DROUET<\/strong> <br \/>Project Manager <br \/><a href=\"https:\/\/wordpress-test.app.u-pariscite.fr\/en\/\" target=\"_blank\" rel=\"noopener noreferrer\">Universit\u00e9 Paris Cit\u00e9<\/a><\/p>\n<p><strong>Philippe HUNEMAN<\/strong> <br \/>Scientific and Technical Representative<br \/><a href=\"https:\/\/ihpst.pantheonsorbonne.fr\/en\" target=\"_blank\" rel=\"noopener noreferrer\">Institute of History and Philosophy of Science and Techniques<\/a><\/p>\n<p><strong>Benoit LADOUX<\/strong> <br \/>Who Am I? Coordinator<br \/><a href=\"https:\/\/www.ijm.fr\/en\/22\/overview.htm\" target=\"_blank\" rel=\"noopener noreferrer\">Jacques Monod Institute<\/a><\/p>\n<p><strong>Lionel PINTARD<\/strong> <br \/>Scientific and Technical Representative<br \/><a href=\"https:\/\/www.ijm.fr\/en\/22\/overview.htm\" target=\"_blank\" rel=\"noopener noreferrer\">Jacques Monod Institute<\/a><\/p>\n<p><strong>Myriam REFFAY<\/strong> <br \/>Scientific and Technical Representative<br \/><a href=\"http:\/\/www.msc.univ-paris-diderot.fr\/?lang=en\" target=\"_blank\" rel=\"noopener noreferrer\">Matter and Complex Systems laboratory<\/a><\/p>\n<p><strong>Claire ROUGEULLE<\/strong> <br \/>Who Am I? Coordinator <br \/><a href=\"https:\/\/epigenetics.wordpress-test.app.u-pariscite.fr\/\" target=\"_blank\" rel=\"noopener noreferrer\">Epigenetics and Cell Fate unit<\/a><\/p>\n<p><strong>Daniel VAIMAN<\/strong> <br \/>Scientific and Technical Representative <br \/><a href=\"https:\/\/www.institutcochin.fr\/institute?set_language=en\" target=\"_blank\" rel=\"noopener noreferrer\">Cochin Institute<\/a><\/p>\n<p><strong>Jonathan WEITZMAN<\/strong> <br \/>Who Am I? phase 1 Coordinator<br \/><a href=\"https:\/\/epigenetics.wordpress-test.app.u-pariscite.fr\/\" target=\"_blank\" rel=\"noopener noreferrer\">Epigenetics and Cell Fate unit<\/a><\/p>\n<p>[\/et_pb_text][\/et_pb_column][et_pb_column type=\u00a0\u00bb1_4&Prime;][\/et_pb_column][\/et_pb_row][\/et_pb_section][et_pb_section bb_built=\u00a0\u00bb1&Prime; specialty=\u00a0\u00bboff\u00a0\u00bb _builder_version=\u00a0\u00bb3.21&Prime; custom_padding=\u00a0\u00bb0px||0px|\u00a0\u00bb prev_background_color=\u00a0\u00bb#000000&Prime; inner_width=\u00a0\u00bbauto\u00a0\u00bb inner_max_width=\u00a0\u00bbnone\u00a0\u00bb][et_pb_row _builder_version=\u00a0\u00bb3.19.11&Prime; width=\u00a0\u00bb80%\u00a0\u00bb max_width=\u00a0\u00bb1080px\u00a0\u00bb][et_pb_column type=\u00a0\u00bb4_4&Prime;][et_pb_text admin_label=\u00a0\u00bb\u00c0 lire aussi\u00a0\u00bb _builder_version=\u00a0\u00bb3.21&Prime;]<\/p>\n<h2><span class=\"st\">\u00c0<\/span> lire aussi<\/h2>\n<p>[\/et_pb_text][et_pb_blog _builder_version=\u00a0\u00bb3.21&Prime; posts_number=\u00a0\u00bb4&Prime; include_categories=\u00a0\u00bb13&Prime; show_author=\u00a0\u00bboff\u00a0\u00bb show_date=\u00a0\u00bboff\u00a0\u00bb show_pagination=\u00a0\u00bboff\u00a0\u00bb border_width_bottom_fullwidth=\u00a0\u00bb1px\u00a0\u00bb border_color_bottom_fullwidth=\u00a0\u00bbrgba(51,51,51,0.18)\u00a0\u00bb custom_padding=\u00a0\u00bb||50px|\u00a0\u00bb module_id=\u00a0\u00bbpage_type_blog\u00a0\u00bb header_level=\u00a0\u00bbh4&Prime; \/][\/et_pb_column][\/et_pb_row][\/et_pb_section]<\/p>\n","protected":false},"excerpt":{"rendered":"<div class=\"et_pb_row et_pb_row_0 et_pb_row_empty\"><\/div>\n<div class=\"et_pb_row et_pb_row_1 et_pb_row_empty\"><\/div>\n<p> The Executive Committee is made up of members of the coordination team and one scientific representative of each partner structure. It gathers approximately once a month. <\/p>\n<div class=\"et_pb_row et_pb_row_2 et_pb_row_empty\"><\/div>\n<p> The members of the Executive Committee are:Marco ARANEDA Scientific and Technical Representative Psychoanalysis, Medicine and Society Research CenterPierre-Antoine DEFOSSEZ Scientific and Technical RepresentativeEpigenetics and Cell Fate unitVal\u00e9rie&hellip; <a class=\"continue\" href=\"https:\/\/wordpress-test.app.u-pariscite.fr\/who-am-i\/en\/executive-committee\/\">Lire la suite<span> Executive Committee<\/span><\/a><\/p>\n","protected":false},"author":236,"featured_media":0,"parent":0,"menu_order":0,"comment_status":"closed","ping_status":"closed","template":"","meta":{"_et_pb_use_builder":"on","_et_pb_old_content":"<p>[et_pb_section bb_built=\"1\" next_background_color=\"#000000\" inner_width=\"auto\" inner_max_width=\"none\"][et_pb_row][et_pb_column type=\"4_4\"][et_pb_post_title admin_label=\"Titre de la page\" _builder_version=\"3.19.11\" meta=\"off\" featured_image=\"off\" \/][\/et_pb_column][\/et_pb_row][et_pb_row][et_pb_column type=\"3_4\"][et_pb_text admin_label=\"Intro\" _builder_version=\"3.22.1\" module_id=\"intro\" text_text_shadow_horizontal_length=\"text_text_shadow_style,%91object Object%93\" text_text_shadow_vertical_length=\"text_text_shadow_style,%91object Object%93\" text_text_shadow_blur_strength=\"text_text_shadow_style,%91object Object%93\" link_text_shadow_horizontal_length=\"link_text_shadow_style,%91object Object%93\" link_text_shadow_vertical_length=\"link_text_shadow_style,%91object Object%93\" link_text_shadow_blur_strength=\"link_text_shadow_style,%91object Object%93\" ul_text_shadow_horizontal_length=\"ul_text_shadow_style,%91object Object%93\" ul_text_shadow_vertical_length=\"ul_text_shadow_style,%91object Object%93\" ul_text_shadow_blur_strength=\"ul_text_shadow_style,%91object Object%93\" ol_text_shadow_horizontal_length=\"ol_text_shadow_style,%91object Object%93\" ol_text_shadow_vertical_length=\"ol_text_shadow_style,%91object Object%93\" ol_text_shadow_blur_strength=\"ol_text_shadow_style,%91object Object%93\" quote_text_shadow_horizontal_length=\"quote_text_shadow_style,%91object Object%93\" quote_text_shadow_vertical_length=\"quote_text_shadow_style,%91object Object%93\" quote_text_shadow_blur_strength=\"quote_text_shadow_style,%91object Object%93\" header_text_shadow_horizontal_length=\"header_text_shadow_style,%91object Object%93\" header_text_shadow_vertical_length=\"header_text_shadow_style,%91object Object%93\" header_text_shadow_blur_strength=\"header_text_shadow_style,%91object Object%93\" header_2_text_shadow_horizontal_length=\"header_2_text_shadow_style,%91object Object%93\" header_2_text_shadow_vertical_length=\"header_2_text_shadow_style,%91object Object%93\" header_2_text_shadow_blur_strength=\"header_2_text_shadow_style,%91object Object%93\" header_3_text_shadow_horizontal_length=\"header_3_text_shadow_style,%91object Object%93\" header_3_text_shadow_vertical_length=\"header_3_text_shadow_style,%91object Object%93\" header_3_text_shadow_blur_strength=\"header_3_text_shadow_style,%91object Object%93\" header_4_text_shadow_horizontal_length=\"header_4_text_shadow_style,%91object Object%93\" header_4_text_shadow_vertical_length=\"header_4_text_shadow_style,%91object Object%93\" header_4_text_shadow_blur_strength=\"header_4_text_shadow_style,%91object Object%93\" header_5_text_shadow_horizontal_length=\"header_5_text_shadow_style,%91object Object%93\" header_5_text_shadow_vertical_length=\"header_5_text_shadow_style,%91object Object%93\" header_5_text_shadow_blur_strength=\"header_5_text_shadow_style,%91object Object%93\" header_6_text_shadow_horizontal_length=\"header_6_text_shadow_style,%91object Object%93\" header_6_text_shadow_vertical_length=\"header_6_text_shadow_style,%91object Object%93\" header_6_text_shadow_blur_strength=\"header_6_text_shadow_style,%91object Object%93\" z_index_tablet=\"500\"]<\/p><p>Le Comit\u00e9 Ex\u00e9cutif est compos\u00e9 des membres de la coordination et des repr\u00e9sentants scientifiques de chacun des partenaires. Il se r\u00e9unit environ une fois par mois.<\/p><p>[\/et_pb_text][\/et_pb_column][et_pb_column type=\"1_4\"][\/et_pb_column][\/et_pb_row][et_pb_row][et_pb_column type=\"3_4\"][et_pb_text _builder_version=\"3.22.1\" module_id=\"contenu\" text_text_shadow_horizontal_length=\"text_text_shadow_style,%91object Object%93\" text_text_shadow_vertical_length=\"text_text_shadow_style,%91object Object%93\" text_text_shadow_blur_strength=\"text_text_shadow_style,%91object Object%93\" link_text_shadow_horizontal_length=\"link_text_shadow_style,%91object Object%93\" link_text_shadow_vertical_length=\"link_text_shadow_style,%91object Object%93\" link_text_shadow_blur_strength=\"link_text_shadow_style,%91object Object%93\" ul_text_shadow_horizontal_length=\"ul_text_shadow_style,%91object Object%93\" ul_text_shadow_vertical_length=\"ul_text_shadow_style,%91object Object%93\" ul_text_shadow_blur_strength=\"ul_text_shadow_style,%91object Object%93\" ol_text_shadow_horizontal_length=\"ol_text_shadow_style,%91object Object%93\" ol_text_shadow_vertical_length=\"ol_text_shadow_style,%91object Object%93\" ol_text_shadow_blur_strength=\"ol_text_shadow_style,%91object Object%93\" quote_text_shadow_horizontal_length=\"quote_text_shadow_style,%91object Object%93\" quote_text_shadow_vertical_length=\"quote_text_shadow_style,%91object Object%93\" quote_text_shadow_blur_strength=\"quote_text_shadow_style,%91object Object%93\" header_text_shadow_horizontal_length=\"header_text_shadow_style,%91object Object%93\" header_text_shadow_vertical_length=\"header_text_shadow_style,%91object Object%93\" header_text_shadow_blur_strength=\"header_text_shadow_style,%91object Object%93\" header_2_text_shadow_horizontal_length=\"header_2_text_shadow_style,%91object Object%93\" header_2_text_shadow_vertical_length=\"header_2_text_shadow_style,%91object Object%93\" header_2_text_shadow_blur_strength=\"header_2_text_shadow_style,%91object Object%93\" header_3_text_shadow_horizontal_length=\"header_3_text_shadow_style,%91object Object%93\" header_3_text_shadow_vertical_length=\"header_3_text_shadow_style,%91object Object%93\" header_3_text_shadow_blur_strength=\"header_3_text_shadow_style,%91object Object%93\" header_4_text_shadow_horizontal_length=\"header_4_text_shadow_style,%91object Object%93\" header_4_text_shadow_vertical_length=\"header_4_text_shadow_style,%91object Object%93\" header_4_text_shadow_blur_strength=\"header_4_text_shadow_style,%91object Object%93\" header_5_text_shadow_horizontal_length=\"header_5_text_shadow_style,%91object Object%93\" header_5_text_shadow_vertical_length=\"header_5_text_shadow_style,%91object Object%93\" header_5_text_shadow_blur_strength=\"header_5_text_shadow_style,%91object Object%93\" header_6_text_shadow_horizontal_length=\"header_6_text_shadow_style,%91object Object%93\" header_6_text_shadow_vertical_length=\"header_6_text_shadow_style,%91object Object%93\" header_6_text_shadow_blur_strength=\"header_6_text_shadow_style,%91object Object%93\" z_index_tablet=\"500\"]<\/p><p>Les membres du Comit\u00e9 Ex\u00e9cutif sont:<\/p><p><strong>Marco ARANEDA<\/strong><br \/>Correspondant Scientifique et Technique<br \/><a href=\"http:\/\/www.ep.univ-paris-diderot.fr\/recherche\/crpms\/\" target=\"_blank\" rel=\"noopener noreferrer\">Centre de Recherches Psychanalyse, M\u00e9decine et Soci\u00e9t\u00e9<\/a><\/p><p><strong>Pierre-Antoine DEFOSSEZ<\/strong><br \/>Correspondant Scientifique et Technique<br \/><a href=\"http:\/\/parisepigenetics.com\/fr\/\" target=\"_blank\" rel=\"noopener noreferrer\">Unit\u00e9 Epig\u00e9n\u00e9tique et Destin Cellulaire<\/a><\/p><p><strong>Val\u00e9rie DROUET<\/strong><br \/>Project Manager<br \/><a href=\"https:\/\/wordpress-test.app.u-pariscite.fr\/\" target=\"_blank\" rel=\"noopener noreferrer\">Universit\u00e9 Paris Cit\u00e9<\/a><\/p><p><strong>Philippe HUNEMAN<\/strong><br \/>Correspondant Scientifique et Technique<br \/><a href=\"https:\/\/ihpst.pantheonsorbonne.fr\/\" target=\"_blank\" rel=\"noopener noreferrer\">Institut d'Histoire et Philosophie des Sciences et Techniques<\/a><\/p><p><strong>Benoit LADOUX<\/strong><br \/>Coordinateur de <em>Who Am I?<\/em><br \/><a href=\"https:\/\/www.ijm.fr\/22\/presentation.htm\" target=\"_blank\" rel=\"noopener noreferrer\">Institut Jacques Monod<\/a><\/p><p><strong>Lionel PINTARD<\/strong><br \/>Correspondant Scientifique et Technique<br \/><a href=\"https:\/\/www.ijm.fr\/22\/presentation.htm\" target=\"_blank\" rel=\"noopener noreferrer\">Institut Jacques Monod<\/a><\/p><p><strong>Myriam REFFAY<\/strong><br \/>Correspondante Scientifique et Technique<br \/><a href=\"http:\/\/www.msc.univ-paris-diderot.fr\/\" target=\"_blank\" rel=\"noopener noreferrer\">Mati\u00e8re et Syst\u00e8mes Complexes<\/a><\/p><p><strong>Claire ROUGEULLE<\/strong><br \/>Coordinatrice de <em>Who Am I?<\/em><br \/><a href=\"http:\/\/parisepigenetics.com\/fr\/\" target=\"_blank\" rel=\"noopener noreferrer\">Unit\u00e9 Epig\u00e9n\u00e9tique et Destin Cellulaire<\/a><\/p><p><strong>Justin SMITH<\/strong><br \/>Correspondant Scientifique et Technique<br \/><a href=\"http:\/\/www.sphere.univ-paris-diderot.fr\/\" target=\"_blank\" rel=\"noopener noreferrer\">Unit\u00e9 Science, Philosophie et Histoire<\/a><\/p><p><strong>Daniel VAIMAN<\/strong><br \/>Correspondant Scientifique et Technique<br \/><a href=\"https:\/\/www.institutcochin.fr\/linstitut\" target=\"_blank\" rel=\"noopener noreferrer\">Institut Cochin<\/a><\/p><p><strong>Fran\u00e7ois VILLA<\/strong><br \/>Coordinateur de <em>Who Am I?<\/em><br \/><a href=\"http:\/\/www.ep.univ-paris-diderot.fr\/recherche\/crpms\/\" target=\"_blank\" rel=\"noopener noreferrer\">Centre de Recherches Psychanalyse, M\u00e9decine et Soci\u00e9t\u00e9<\/a><\/p><p><strong>Jonathan WEITZMAN<\/strong><br \/>Coordinateur de la phase 1 de <em>Who Am I?<\/em><br \/><a href=\"http:\/\/parisepigenetics.com\/fr\/\" target=\"_blank\" rel=\"noopener noreferrer\">Unit\u00e9 Epig\u00e9n\u00e9tique et Destin Cellulaire<\/a><\/p><p>[\/et_pb_text][\/et_pb_column][et_pb_column type=\"1_4\"][\/et_pb_column][\/et_pb_row][\/et_pb_section][et_pb_section bb_built=\"1\" specialty=\"off\" _builder_version=\"3.21\" custom_padding=\"0px||0px|\" prev_background_color=\"#000000\" inner_width=\"auto\" inner_max_width=\"none\"][et_pb_row _builder_version=\"3.19.11\" width=\"80%\" max_width=\"1080px\"][et_pb_column type=\"4_4\"][et_pb_text admin_label=\"\u00c0 lire aussi\" _builder_version=\"3.21\"]<\/p><h2><span class=\"st\">\u00c0<\/span> lire aussi<\/h2><p>[\/et_pb_text][et_pb_blog _builder_version=\"3.21\" posts_number=\"4\" include_categories=\"13\" show_author=\"off\" show_date=\"off\" show_pagination=\"off\" border_width_bottom_fullwidth=\"1px\" border_color_bottom_fullwidth=\"rgba(51,51,51,0.18)\" custom_padding=\"||50px|\" module_id=\"page_type_blog\" header_level=\"h4\" \/][\/et_pb_column][\/et_pb_row][\/et_pb_section]<\/p>","_et_gb_content_width":"","footnotes":""},"class_list":["post-924","page","type-page","status-publish","hentry"],"_links":{"self":[{"href":"https:\/\/wordpress-test.app.u-pariscite.fr\/who-am-i\/wp-json\/wp\/v2\/pages\/924","targetHints":{"allow":["GET"]}}],"collection":[{"href":"https:\/\/wordpress-test.app.u-pariscite.fr\/who-am-i\/wp-json\/wp\/v2\/pages"}],"about":[{"href":"https:\/\/wordpress-test.app.u-pariscite.fr\/who-am-i\/wp-json\/wp\/v2\/types\/page"}],"author":[{"embeddable":true,"href":"https:\/\/wordpress-test.app.u-pariscite.fr\/who-am-i\/wp-json\/wp\/v2\/users\/236"}],"replies":[{"embeddable":true,"href":"https:\/\/wordpress-test.app.u-pariscite.fr\/who-am-i\/wp-json\/wp\/v2\/comments?post=924"}],"version-history":[{"count":4,"href":"https:\/\/wordpress-test.app.u-pariscite.fr\/who-am-i\/wp-json\/wp\/v2\/pages\/924\/revisions"}],"predecessor-version":[{"id":1718,"href":"https:\/\/wordpress-test.app.u-pariscite.fr\/who-am-i\/wp-json\/wp\/v2\/pages\/924\/revisions\/1718"}],"wp:attachment":[{"href":"https:\/\/wordpress-test.app.u-pariscite.fr\/who-am-i\/wp-json\/wp\/v2\/media?parent=924"}],"curies":[{"name":"wp","href":"https:\/\/api.w.org\/{rel}","templated":true}]}}