{"id":230,"date":"2021-05-07T15:32:19","date_gmt":"2021-05-07T13:32:19","guid":{"rendered":"https:\/\/wordpress-test.app.u-pariscite.fr\/universite-ouverte\/?page_id=230"},"modified":"2024-06-26T11:30:20","modified_gmt":"2024-06-26T09:30:20","slug":"sciences-humaines","status":"publish","type":"page","link":"https:\/\/wordpress-test.app.u-pariscite.fr\/universite-ouverte\/sciences-humaines\/","title":{"rendered":"Sciences Humaines"},"content":{"rendered":"<p>[et_pb_section fb_built=\u00a0\u00bb1&Prime; _builder_version=\u00a0\u00bb3.22&Prime;][et_pb_row custom_margin=\u00a0\u00bb||80px\u00a0\u00bb _builder_version=\u00a0\u00bb3.22.1&Prime; background_size=\u00a0\u00bbinitial\u00a0\u00bb background_position=\u00a0\u00bbtop_left\u00a0\u00bb background_repeat=\u00a0\u00bbrepeat\u00a0\u00bb][et_pb_column type=\u00a0\u00bb4_4&Prime; _builder_version=\u00a0\u00bb3.0.47&Prime;][et_pb_text _builder_version=\u00a0\u00bb3.22.1&Prime; header_font=\u00a0\u00bb||||||||\u00a0\u00bb header_3_font=\u00a0\u00bb||||||||\u00a0\u00bb header_3_text_color=\u00a0\u00bb#000000&Prime; custom_margin=\u00a0\u00bb||-1px|||\u00a0\u00bb z_index_tablet=\u00a0\u00bb500&Prime;]<\/p>\n<h3>Trouver une activit\u00e9<\/h3>\n<p>[\/et_pb_text][et_pb_search show_button=\u00a0\u00bboff\u00a0\u00bb placeholder=\u00a0\u00bbCours, cycles, th\u00e9matique, discipline&#8230;\u00a0\u00bb _builder_version=\u00a0\u00bb3.22.1&Prime; input_font=\u00a0\u00bb||||||||\u00a0\u00bb button_font=\u00a0\u00bb||||||||\u00a0\u00bb border_radii=\u00a0\u00bbon|36px|36px|36px|36px\u00a0\u00bb border_color_all=\u00a0\u00bb#000000&Prime; custom_padding=\u00a0\u00bb15px||15px||true\u00a0\u00bb][\/et_pb_search][\/et_pb_column][\/et_pb_row][\/et_pb_section][et_pb_section fb_built=\u00a0\u00bb1&Prime; _builder_version=\u00a0\u00bb3.22.1&Prime; background_image=\u00a0\u00bbhttps:\/\/wordpress-test.app.u-pariscite.fr\/universite-ouverte\/wp-content\/uploads\/sites\/41\/2021\/05\/sh2.png\u00a0\u00bb custom_margin=\u00a0\u00bb-40px||\u00a0\u00bb z_index_tablet=\u00a0\u00bb500&Prime;][et_pb_row custom_padding=\u00a0\u00bb150px||150px|\u00a0\u00bb padding_top_bottom_link_1=\u00a0\u00bbtrue\u00a0\u00bb padding_top_1=\u00a0\u00bb100px\u00a0\u00bb padding_bottom_1=\u00a0\u00bb100px\u00a0\u00bb _builder_version=\u00a0\u00bb3.22.1&Prime; z_index_tablet=\u00a0\u00bb500&Prime;][et_pb_column type=\u00a0\u00bb4_4&Prime; _builder_version=\u00a0\u00bb3.0.47&Prime;][et_pb_text admin_label=\u00a0\u00bbDomaine\u00a0\u00bb _builder_version=\u00a0\u00bb3.22.1&Prime; text_text_color=\u00a0\u00bb#ffffff\u00a0\u00bb z_index_tablet=\u00a0\u00bb500&Prime; custom_css_main_element=\u00a0\u00bbfont-size:3em\u00a0\u00bb]<\/p>\n<p style=\"text-align: center;margin-right: 0\"><strong>SCIENCES HUMAINES<\/strong><\/p>\n<p>[\/et_pb_text][\/et_pb_column][\/et_pb_row][\/et_pb_section][et_pb_section fb_built=\u00a0\u00bb1&Prime; _builder_version=\u00a0\u00bb3.22.1&Prime; z_index_tablet=\u00a0\u00bb500&Prime;][et_pb_row _builder_version=\u00a0\u00bb3.22&Prime; background_size=\u00a0\u00bbinitial\u00a0\u00bb background_position=\u00a0\u00bbtop_left\u00a0\u00bb background_repeat=\u00a0\u00bbrepeat\u00a0\u00bb][et_pb_column type=\u00a0\u00bb4_4&Prime; _builder_version=\u00a0\u00bb3.0.47&Prime;][et_pb_text admin_label=\u00a0\u00bbtoutes les disciplines\u00a0\u00bb _builder_version=\u00a0\u00bb3.22.1&Prime; z_index_tablet=\u00a0\u00bb500&Prime;]<\/p>\n<h1>Les disciplines<\/h1>\n<p>[\/et_pb_text][\/et_pb_column][\/et_pb_row][\/et_pb_section][et_pb_section fb_built=\u00a0\u00bb1&Prime; _builder_version=\u00a0\u00bb3.22.1&Prime; inner_width_tablet=\u00a0\u00bb50px\u00a0\u00bb inner_max_width_tablet=\u00a0\u00bb50px\u00a0\u00bb z_index_tablet=\u00a0\u00bb500&Prime; global_module=\u00a0\u00bb2920&Prime;][et_pb_row custom_margin=\u00a0\u00bb||15px\u00a0\u00bb module_id=\u00a0\u00bbdiscipline\u00a0\u00bb _builder_version=\u00a0\u00bb3.22.1&Prime; background_size=\u00a0\u00bbinitial\u00a0\u00bb background_position=\u00a0\u00bbtop_left\u00a0\u00bb background_repeat=\u00a0\u00bbrepeat\u00a0\u00bb z_index_tablet=\u00a0\u00bb500&Prime;][et_pb_column type=\u00a0\u00bb4_4&Prime; _builder_version=\u00a0\u00bb3.0.47&Prime;][et_pb_text admin_label=\u00a0\u00bbanthropologie\u00a0\u00bb _builder_version=\u00a0\u00bb3.22.1&Prime; text_text_color=\u00a0\u00bb#ffffff\u00a0\u00bb background_color=\u00a0\u00bb#f28c00&Prime; custom_margin=\u00a0\u00bb|35px||35px||true\u00a0\u00bb custom_padding=\u00a0\u00bb30px||30px||true\u00a0\u00bb z_index_tablet=\u00a0\u00bb500&Prime; link_option_url=\u00a0\u00bbhttps:\/\/wordpress-test.app.u-pariscite.fr\/universite-ouverte\/anthropologie\/\u00a0\u00bb]<\/p>\n<p style=\"text-align: center;margin-right: 0\"><strong>Anthropologie<\/strong><\/p>\n<p>[\/et_pb_text][et_pb_text admin_label=\u00a0\u00bbArch\u00e9ologie\u00a0\u00bb _builder_version=\u00a0\u00bb3.22.1&Prime; text_text_color=\u00a0\u00bb#ffffff\u00a0\u00bb background_color=\u00a0\u00bb#008d99&Prime; custom_margin=\u00a0\u00bb|35px||35px||true\u00a0\u00bb custom_padding=\u00a0\u00bb30px||30px||true\u00a0\u00bb z_index_tablet=\u00a0\u00bb500&Prime; link_option_url=\u00a0\u00bbhttps:\/\/wordpress-test.app.u-pariscite.fr\/universite-ouverte\/archeologie\/\u00a0\u00bb]<\/p>\n<p style=\"text-align: center; margin-right: 0;\"><strong>Arch\u00e9ologie<\/strong><\/p>\n<p>[\/et_pb_text][et_pb_text admin_label=\u00a0\u00bbart plastique\u00a0\u00bb _builder_version=\u00a0\u00bb3.22.1&Prime; text_text_color=\u00a0\u00bb#ffffff\u00a0\u00bb background_color=\u00a0\u00bb#946a26&Prime; custom_margin=\u00a0\u00bb|35px||35px||true\u00a0\u00bb custom_padding=\u00a0\u00bb18px||18px||true\u00a0\u00bb z_index_tablet=\u00a0\u00bb500&Prime; link_option_url=\u00a0\u00bbhttps:\/\/wordpress-test.app.u-pariscite.fr\/universite-ouverte\/ateliers-artistiques-et-arts-plastiques\/\u00a0\u00bb]<\/p>\n<p style=\"text-align: center; margin-right: 0;\"><strong>Ateliers artistiques <br \/>et arts plastiques<\/strong><\/p>\n<p>[\/et_pb_text][et_pb_text admin_label=\u00a0\u00bbatelier d&rsquo;\u00e9criture\u00a0\u00bb _builder_version=\u00a0\u00bb3.22.1&Prime; text_text_color=\u00a0\u00bb#ffffff\u00a0\u00bb background_color=\u00a0\u00bb#BC5328&Prime; custom_margin=\u00a0\u00bb|35px||35px||true\u00a0\u00bb custom_padding=\u00a0\u00bb30px||30px||true\u00a0\u00bb z_index_tablet=\u00a0\u00bb500&Prime; link_option_url=\u00a0\u00bbhttps:\/\/wordpress-test.app.u-pariscite.fr\/universite-ouverte\/ateliers-decriture\/\u00a0\u00bb]<\/p>\n<p style=\"text-align: center;margin-right: 0\"><strong>Ateliers d&rsquo;\u00e9criture<\/strong><\/p>\n<p>[\/et_pb_text][et_pb_text admin_label=\u00a0\u00bbcin\u00e9ma s\u00e9rie\u00a0\u00bb _builder_version=\u00a0\u00bb3.22.1&Prime; text_text_color=\u00a0\u00bb#ffffff\u00a0\u00bb background_color=\u00a0\u00bb#FC5C35&Prime; custom_margin=\u00a0\u00bb|35px||35px||true\u00a0\u00bb custom_padding=\u00a0\u00bb30px||30px||true\u00a0\u00bb z_index_tablet=\u00a0\u00bb500&Prime; link_option_url=\u00a0\u00bbhttps:\/\/wordpress-test.app.u-pariscite.fr\/universite-ouverte\/cinema-series\/\u00a0\u00bb]<\/p>\n<p style=\"text-align: center;margin-right: 0\"><strong>Cin\u00e9ma \/ S\u00e9ries<\/strong><\/p>\n<\/p>\n<p>[\/et_pb_text][et_pb_text admin_label=\u00a0\u00bbg\u00e9opolitique\u00a0\u00bb _builder_version=\u00a0\u00bb3.22.1&Prime; text_text_color=\u00a0\u00bb#ffffff\u00a0\u00bb background_color=\u00a0\u00bb#F39872&Prime; custom_margin=\u00a0\u00bb|35px||35px||true\u00a0\u00bb custom_padding=\u00a0\u00bb30px||30px||true\u00a0\u00bb z_index_tablet=\u00a0\u00bb500&Prime; link_option_url=\u00a0\u00bbhttps:\/\/wordpress-test.app.u-pariscite.fr\/universite-ouverte\/geopolitique\/\u00a0\u00bb]<\/p>\n<p style=\"text-align: center;margin-right: 0\"><strong>G\u00e9opolitique<\/strong><\/p>\n<p>[\/et_pb_text][et_pb_text admin_label=\u00a0\u00bbhistoire\u00a0\u00bb _builder_version=\u00a0\u00bb3.22.1&Prime; text_text_color=\u00a0\u00bb#ffffff\u00a0\u00bb background_color=\u00a0\u00bb#F08597&Prime; custom_margin=\u00a0\u00bb|35px||35px||true\u00a0\u00bb custom_padding=\u00a0\u00bb30px||30px||true\u00a0\u00bb z_index_tablet=\u00a0\u00bb500&Prime; link_option_url=\u00a0\u00bbhttps:\/\/wordpress-test.app.u-pariscite.fr\/universite-ouverte\/histoire\/\u00a0\u00bb]<\/p>\n<p style=\"text-align: center;margin-right: 0\"><strong>Histoire<\/strong><\/p>\n<p>[\/et_pb_text][et_pb_text admin_label=\u00a0\u00bblangues\u00a0\u00bb _builder_version=\u00a0\u00bb3.22.1&Prime; text_text_color=\u00a0\u00bb#ffffff\u00a0\u00bb background_color=\u00a0\u00bb#C9338B\u00a0\u00bb custom_margin=\u00a0\u00bb|35px||35px||true\u00a0\u00bb custom_padding=\u00a0\u00bb30px||30px||true\u00a0\u00bb z_index_tablet=\u00a0\u00bb500&Prime; link_option_url=\u00a0\u00bbhttps:\/\/wordpress-test.app.u-pariscite.fr\/universite-ouverte\/langues\/\u00a0\u00bb]<\/p>\n<p style=\"text-align: center;margin-right: 0\"><strong>Langues<\/strong><\/p>\n<p>[\/et_pb_text][et_pb_text admin_label=\u00a0\u00bblitt\u00e9rature\u00a0\u00bb _builder_version=\u00a0\u00bb3.22.1&Prime; text_text_color=\u00a0\u00bb#ffffff\u00a0\u00bb background_color=\u00a0\u00bb#EA5297&Prime; custom_margin=\u00a0\u00bb|35px||35px||true\u00a0\u00bb custom_padding=\u00a0\u00bb30px||30px||true\u00a0\u00bb z_index_tablet=\u00a0\u00bb500&Prime; link_option_url=\u00a0\u00bbhttps:\/\/wordpress-test.app.u-pariscite.fr\/universite-ouverte\/litterature\/\u00a0\u00bb]<\/p>\n<p style=\"text-align: center;margin-right: 0\"><strong>Litt\u00e9rature<\/strong><\/p>\n<p>[\/et_pb_text][et_pb_text admin_label=\u00a0\u00bbmusique\u00a0\u00bb _builder_version=\u00a0\u00bb3.22.1&Prime; text_text_color=\u00a0\u00bb#ffffff\u00a0\u00bb background_color=\u00a0\u00bb#F29FC5&Prime; custom_margin=\u00a0\u00bb|35px||35px||true\u00a0\u00bb custom_padding=\u00a0\u00bb30px||30px||true\u00a0\u00bb z_index_tablet=\u00a0\u00bb500&Prime; link_option_url=\u00a0\u00bbhttps:\/\/wordpress-test.app.u-pariscite.fr\/universite-ouverte\/musique\/\u00a0\u00bb]<\/p>\n<p style=\"text-align: center;margin-right: 0\"><strong>Musique<\/strong><\/p>\n<p>[\/et_pb_text][et_pb_text admin_label=\u00a0\u00bbphilosophie\u00a0\u00bb _builder_version=\u00a0\u00bb3.22.1&Prime; text_text_color=\u00a0\u00bb#ffffff\u00a0\u00bb background_color=\u00a0\u00bb#B881B7&Prime; custom_margin=\u00a0\u00bb|35px||35px||true\u00a0\u00bb custom_padding=\u00a0\u00bb30px||30px||true\u00a0\u00bb z_index_tablet=\u00a0\u00bb500&Prime; link_option_url=\u00a0\u00bbhttps:\/\/wordpress-test.app.u-pariscite.fr\/universite-ouverte\/philosophie\/\u00a0\u00bb]<\/p>\n<p style=\"text-align: center;margin-right: 0\"><strong>Philosophie<\/strong><\/p>\n<p>[\/et_pb_text][et_pb_text admin_label=\u00a0\u00bbpsychanalyse\u00a0\u00bb _builder_version=\u00a0\u00bb3.22.1&Prime; text_text_color=\u00a0\u00bb#ffffff\u00a0\u00bb background_color=\u00a0\u00bb#6859A3&Prime; custom_margin=\u00a0\u00bb|35px||35px||true\u00a0\u00bb custom_padding=\u00a0\u00bb30px||30px||true\u00a0\u00bb z_index_tablet=\u00a0\u00bb500&Prime; link_option_url=\u00a0\u00bbhttps:\/\/wordpress-test.app.u-pariscite.fr\/universite-ouverte\/psychanalyse\/\u00a0\u00bb]<\/p>\n<p style=\"text-align: center;margin-right: 0\"><strong>Psychanalyse<\/strong><\/p>\n<p>[\/et_pb_text][et_pb_text admin_label=\u00a0\u00bbG\u00e9ographie\u00a0\u00bb _builder_version=\u00a0\u00bb3.22.1&Prime; text_text_color=\u00a0\u00bb#ffffff\u00a0\u00bb background_color=\u00a0\u00bb#0075bf\u00a0\u00bb custom_margin=\u00a0\u00bb|35px||35px||true\u00a0\u00bb custom_padding=\u00a0\u00bb30px||30px||true\u00a0\u00bb z_index_tablet=\u00a0\u00bb500&Prime; link_option_url=\u00a0\u00bbhttps:\/\/wordpress-test.app.u-pariscite.fr\/universite-ouverte\/geographie\/\u00a0\u00bb]<\/p>\n<p style=\"text-align: center;margin-right: 0\"><strong>G\u00e9ographie<\/strong><\/p>\n<p>[\/et_pb_text][et_pb_text disabled_on=\u00a0\u00bbon|on|on\u00a0\u00bb admin_label=\u00a0\u00bbhistoire de l&rsquo;art\u00a0\u00bb _builder_version=\u00a0\u00bb3.22.1&Prime; text_text_color=\u00a0\u00bb#ffffff\u00a0\u00bb background_color=\u00a0\u00bb#E7344C\u00a0\u00bb custom_margin=\u00a0\u00bb|35px||35px||true\u00a0\u00bb custom_padding=\u00a0\u00bb30px||30px||true\u00a0\u00bb z_index_tablet=\u00a0\u00bb500&Prime; link_option_url=\u00a0\u00bbhttps:\/\/wordpress-test.app.u-pariscite.fr\/universite-ouverte\/histoire-de-lart\/\u00a0\u00bb disabled=\u00a0\u00bbon\u00a0\u00bb]<\/p>\n<p style=\"text-align: center;margin-right: 0\"><strong>Histoire de l&rsquo;Art<\/strong><\/p>\n<p>[\/et_pb_text][et_pb_text disabled_on=\u00a0\u00bbon|on|on\u00a0\u00bb admin_label=\u00a0\u00bbSociologie\u00a0\u00bb _builder_version=\u00a0\u00bb3.22.1&Prime; text_text_color=\u00a0\u00bb#ffffff\u00a0\u00bb background_color=\u00a0\u00bb#8C77B5&Prime; custom_margin=\u00a0\u00bb|35px||35px||true\u00a0\u00bb custom_padding=\u00a0\u00bb30px||30px||true\u00a0\u00bb z_index_tablet=\u00a0\u00bb500&Prime; link_option_url=\u00a0\u00bbhttps:\/\/wordpress-test.app.u-pariscite.fr\/universite-ouverte\/sociologie\/\u00a0\u00bb disabled=\u00a0\u00bbon\u00a0\u00bb]<\/p>\n<p style=\"text-align: center;margin-right: 0\"><strong>Sociologie<\/strong><\/p>\n<p>[\/et_pb_text][et_pb_text disabled_on=\u00a0\u00bbon|on|on\u00a0\u00bb admin_label=\u00a0\u00bbPsychologie\u00a0\u00bb _builder_version=\u00a0\u00bb3.22.1&Prime; text_text_color=\u00a0\u00bb#ffffff\u00a0\u00bb background_color=\u00a0\u00bb#995E9F\u00a0\u00bb custom_margin=\u00a0\u00bb|35px||35px||true\u00a0\u00bb custom_padding=\u00a0\u00bb30px||30px||true\u00a0\u00bb z_index_tablet=\u00a0\u00bb500&Prime; link_option_url=\u00a0\u00bbhttps:\/\/wordpress-test.app.u-pariscite.fr\/universite-ouverte\/psychologie\/\u00a0\u00bb disabled=\u00a0\u00bbon\u00a0\u00bb]<\/p>\n<p style=\"text-align: center;margin-right: 0\"><strong>Psychologie<\/strong><\/p>\n<p>[\/et_pb_text][\/et_pb_column][\/et_pb_row][\/et_pb_section][et_pb_section fb_built=\u00a0\u00bb1&Prime; _builder_version=\u00a0\u00bb3.22.1&Prime; inner_width_tablet=\u00a0\u00bb50px\u00a0\u00bb inner_max_width_tablet=\u00a0\u00bb50px\u00a0\u00bb custom_padding=\u00a0\u00bb0px||0px|\u00a0\u00bb z_index_tablet=\u00a0\u00bb500&Prime;][et_pb_row custom_margin=\u00a0\u00bb150px|||\u00a0\u00bb _builder_version=\u00a0\u00bb3.22.1&Prime; z_index_tablet=\u00a0\u00bb500&Prime;][et_pb_column type=\u00a0\u00bb4_4&Prime; _builder_version=\u00a0\u00bb3.0.47&Prime;][et_pb_text admin_label=\u00a0\u00bb\u00c0 lire aussi\u00a0\u00bb _builder_version=\u00a0\u00bb3.21&Prime;]<\/p>\n<h2><span class=\"st\">\u00c0<\/span> lire aussi<\/h2>\n<p>[\/et_pb_text][et_pb_blog posts_number=\u00a0\u00bb4&Prime; include_categories=\u00a0\u00bb1&Prime; show_author=\u00a0\u00bboff\u00a0\u00bb show_date=\u00a0\u00bboff\u00a0\u00bb show_pagination=\u00a0\u00bboff\u00a0\u00bb module_id=\u00a0\u00bbpage_type_blog\u00a0\u00bb _builder_version=\u00a0\u00bb3.22.1&Prime; header_level=\u00a0\u00bbh4&Prime; border_width_bottom_fullwidth=\u00a0\u00bb1px\u00a0\u00bb border_color_bottom_fullwidth=\u00a0\u00bbrgba(51,51,51,0.18)\u00a0\u00bb custom_padding=\u00a0\u00bb||50px|\u00a0\u00bb z_index_tablet=\u00a0\u00bb500&Prime;][\/et_pb_blog][\/et_pb_column][\/et_pb_row][\/et_pb_section]<\/p>\n","protected":false},"excerpt":{"rendered":"<p>Trouver une activit\u00e9 SCIENCES HUMAINES Les disciplines AnthropologieArch\u00e9ologieAteliers artistiques et arts plastiques Ateliers d&rsquo;\u00e9critureCin\u00e9ma \/ S\u00e9ries G\u00e9opolitiqueHistoireLanguesLitt\u00e9ratureMusiquePhilosophiePsychanalyseG\u00e9ographieHistoire de l&rsquo;ArtSociologiePsychologie\u00c0 lire aussi<\/p>\n","protected":false},"author":35,"featured_media":0,"parent":0,"menu_order":0,"comment_status":"closed","ping_status":"closed","template":"","meta":{"_et_pb_use_builder":"on","_et_pb_old_content":"","_et_gb_content_width":"","footnotes":""},"class_list":["post-230","page","type-page","status-publish","hentry"],"_links":{"self":[{"href":"https:\/\/wordpress-test.app.u-pariscite.fr\/universite-ouverte\/wp-json\/wp\/v2\/pages\/230","targetHints":{"allow":["GET"]}}],"collection":[{"href":"https:\/\/wordpress-test.app.u-pariscite.fr\/universite-ouverte\/wp-json\/wp\/v2\/pages"}],"about":[{"href":"https:\/\/wordpress-test.app.u-pariscite.fr\/universite-ouverte\/wp-json\/wp\/v2\/types\/page"}],"author":[{"embeddable":true,"href":"https:\/\/wordpress-test.app.u-pariscite.fr\/universite-ouverte\/wp-json\/wp\/v2\/users\/35"}],"replies":[{"embeddable":true,"href":"https:\/\/wordpress-test.app.u-pariscite.fr\/universite-ouverte\/wp-json\/wp\/v2\/comments?post=230"}],"version-history":[{"count":20,"href":"https:\/\/wordpress-test.app.u-pariscite.fr\/universite-ouverte\/wp-json\/wp\/v2\/pages\/230\/revisions"}],"predecessor-version":[{"id":5689,"href":"https:\/\/wordpress-test.app.u-pariscite.fr\/universite-ouverte\/wp-json\/wp\/v2\/pages\/230\/revisions\/5689"}],"wp:attachment":[{"href":"https:\/\/wordpress-test.app.u-pariscite.fr\/universite-ouverte\/wp-json\/wp\/v2\/media?parent=230"}],"curies":[{"name":"wp","href":"https:\/\/api.w.org\/{rel}","templated":true}]}}