{"id":221,"date":"2021-05-07T15:12:58","date_gmt":"2021-05-07T13:12:58","guid":{"rendered":"https:\/\/wordpress-test.app.u-pariscite.fr\/universite-ouverte\/?page_id=221"},"modified":"2024-06-26T11:25:21","modified_gmt":"2024-06-26T09:25:21","slug":"sante","status":"publish","type":"page","link":"https:\/\/wordpress-test.app.u-pariscite.fr\/universite-ouverte\/sante\/","title":{"rendered":"Sant\u00e9"},"content":{"rendered":"<p>[et_pb_section fb_built=\u00a0\u00bb1&Prime; _builder_version=\u00a0\u00bb3.22&Prime;][et_pb_row custom_margin=\u00a0\u00bb||80px\u00a0\u00bb _builder_version=\u00a0\u00bb3.22.1&Prime; background_size=\u00a0\u00bbinitial\u00a0\u00bb background_position=\u00a0\u00bbtop_left\u00a0\u00bb background_repeat=\u00a0\u00bbrepeat\u00a0\u00bb][et_pb_column type=\u00a0\u00bb4_4&Prime; _builder_version=\u00a0\u00bb3.0.47&Prime;][et_pb_text _builder_version=\u00a0\u00bb3.22.1&Prime; header_font=\u00a0\u00bb||||||||\u00a0\u00bb header_3_font=\u00a0\u00bb||||||||\u00a0\u00bb header_3_text_color=\u00a0\u00bb#000000&Prime; custom_margin=\u00a0\u00bb||-1px|||\u00a0\u00bb z_index_tablet=\u00a0\u00bb500&Prime;]<\/p>\n<h3>Trouver une activit\u00e9<\/h3>\n<p>[\/et_pb_text][et_pb_search show_button=\u00a0\u00bboff\u00a0\u00bb placeholder=\u00a0\u00bbCours, cycles, th\u00e9matique, discipline&#8230;\u00a0\u00bb _builder_version=\u00a0\u00bb3.22.1&Prime; input_font=\u00a0\u00bb||||||||\u00a0\u00bb button_font=\u00a0\u00bb||||||||\u00a0\u00bb border_radii=\u00a0\u00bbon|36px|36px|36px|36px\u00a0\u00bb border_color_all=\u00a0\u00bb#000000&Prime; custom_padding=\u00a0\u00bb15px||15px||true\u00a0\u00bb][\/et_pb_search][\/et_pb_column][\/et_pb_row][\/et_pb_section][et_pb_section fb_built=\u00a0\u00bb1&Prime; _builder_version=\u00a0\u00bb3.22.1&Prime; background_image=\u00a0\u00bbhttps:\/\/wordpress-test.app.u-pariscite.fr\/universite-ouverte\/wp-content\/uploads\/sites\/41\/2021\/05\/ExempleSante.jpg\u00a0\u00bb custom_margin=\u00a0\u00bb-40px||\u00a0\u00bb z_index_tablet=\u00a0\u00bb500&Prime;][et_pb_row custom_padding=\u00a0\u00bb150px||150px|\u00a0\u00bb padding_top_bottom_link_1=\u00a0\u00bbtrue\u00a0\u00bb padding_top_1=\u00a0\u00bb100px\u00a0\u00bb padding_bottom_1=\u00a0\u00bb100px\u00a0\u00bb _builder_version=\u00a0\u00bb3.22.1&Prime; z_index_tablet=\u00a0\u00bb500&Prime;][et_pb_column type=\u00a0\u00bb4_4&Prime; _builder_version=\u00a0\u00bb3.0.47&Prime;][et_pb_text admin_label=\u00a0\u00bbDomaine\u00a0\u00bb _builder_version=\u00a0\u00bb3.22.1&Prime; text_text_color=\u00a0\u00bb#ffffff\u00a0\u00bb z_index_tablet=\u00a0\u00bb500&Prime; custom_css_main_element=\u00a0\u00bbfont-size:3em\u00a0\u00bb]<\/p>\n<p style=\"text-align: center;margin-right: 0\"><strong>SANT\u00c9<\/strong><\/p>\n<p>[\/et_pb_text][\/et_pb_column][\/et_pb_row][\/et_pb_section][et_pb_section fb_built=\u00a0\u00bb1&Prime; _builder_version=\u00a0\u00bb3.22.1&Prime; custom_padding=\u00a0\u00bb70px||\u00a0\u00bb][et_pb_row _builder_version=\u00a0\u00bb3.22&Prime; background_size=\u00a0\u00bbinitial\u00a0\u00bb background_position=\u00a0\u00bbtop_left\u00a0\u00bb background_repeat=\u00a0\u00bbrepeat\u00a0\u00bb][et_pb_column type=\u00a0\u00bb4_4&Prime; _builder_version=\u00a0\u00bb3.0.47&Prime;][et_pb_text admin_label=\u00a0\u00bbtoutes les disciplines\u00a0\u00bb _builder_version=\u00a0\u00bb3.22.1&Prime; z_index_tablet=\u00a0\u00bb500&Prime;]<\/p>\n<h1>Les disciplines<\/h1>\n<p>[\/et_pb_text][\/et_pb_column][\/et_pb_row][\/et_pb_section][et_pb_section fb_built=\u00a0\u00bb1&Prime; _builder_version=\u00a0\u00bb3.22.1&Prime; inner_width_tablet=\u00a0\u00bb50px\u00a0\u00bb inner_max_width_tablet=\u00a0\u00bb50px\u00a0\u00bb z_index_tablet=\u00a0\u00bb500&Prime; global_module=\u00a0\u00bb2886&Prime;][et_pb_row custom_margin=\u00a0\u00bb||15px\u00a0\u00bb module_id=\u00a0\u00bbdiscipline\u00a0\u00bb _builder_version=\u00a0\u00bb3.22.1&Prime; background_size=\u00a0\u00bbinitial\u00a0\u00bb background_position=\u00a0\u00bbtop_left\u00a0\u00bb background_repeat=\u00a0\u00bbrepeat\u00a0\u00bb z_index_tablet=\u00a0\u00bb500&Prime;][et_pb_column type=\u00a0\u00bb4_4&Prime; _builder_version=\u00a0\u00bb3.0.47&Prime;][et_pb_text admin_label=\u00a0\u00bbm\u00e9decine\u00a0\u00bb _builder_version=\u00a0\u00bb3.22.1&Prime; text_text_color=\u00a0\u00bb#ffffff\u00a0\u00bb background_color=\u00a0\u00bb#9ACFAE\u00a0\u00bb custom_margin=\u00a0\u00bb|35px||35px||true\u00a0\u00bb custom_padding=\u00a0\u00bb30px||30px||true\u00a0\u00bb z_index_tablet=\u00a0\u00bb500&Prime; link_option_url=\u00a0\u00bbhttp:\/\/wordpress-test.app.u-pariscite.fr\/universite-ouverte\/medecine\/\u00a0\u00bb]<\/p>\n<p style=\"text-align: center; margin-right: 0;\"><strong>M\u00e9decine<br \/> <\/strong><\/p>\n<p>[\/et_pb_text][et_pb_text admin_label=\u00a0\u00bbneurologie\u00a0\u00bb _builder_version=\u00a0\u00bb3.22.1&Prime; text_text_color=\u00a0\u00bb#ffffff\u00a0\u00bb background_color=\u00a0\u00bb#03874C\u00a0\u00bb custom_margin=\u00a0\u00bb|35px||35px||true\u00a0\u00bb custom_padding=\u00a0\u00bb18px||18px||true\u00a0\u00bb z_index_tablet=\u00a0\u00bb500&Prime; link_option_url=\u00a0\u00bbhttp:\/\/wordpress-test.app.u-pariscite.fr\/universite-ouverte\/neurologie-et-sciences-cognitives\/\u00a0\u00bb]<\/p>\n<p style=\"text-align: center; margin-right: 0;\"><b>Neurologie<br \/> et sciences cognitives<br \/> <\/b><\/p>\n<p>[\/et_pb_text][\/et_pb_column][\/et_pb_row][\/et_pb_section][et_pb_section fb_built=\u00a0\u00bb1&Prime; _builder_version=\u00a0\u00bb3.22.1&Prime; inner_width_tablet=\u00a0\u00bb50px\u00a0\u00bb inner_max_width_tablet=\u00a0\u00bb50px\u00a0\u00bb custom_padding=\u00a0\u00bb0px||0px|\u00a0\u00bb z_index_tablet=\u00a0\u00bb500&Prime;][et_pb_row custom_margin=\u00a0\u00bb150px|||\u00a0\u00bb _builder_version=\u00a0\u00bb3.22.1&Prime; z_index_tablet=\u00a0\u00bb500&Prime;][et_pb_column type=\u00a0\u00bb4_4&Prime; _builder_version=\u00a0\u00bb3.0.47&Prime;][et_pb_text admin_label=\u00a0\u00bb\u00c0 lire aussi\u00a0\u00bb _builder_version=\u00a0\u00bb3.21&Prime;]<\/p>\n<h2><span class=\"st\">\u00c0<\/span> lire aussi<\/h2>\n<p>[\/et_pb_text][et_pb_blog posts_number=\u00a0\u00bb4&Prime; include_categories=\u00a0\u00bb1&Prime; show_author=\u00a0\u00bboff\u00a0\u00bb show_date=\u00a0\u00bboff\u00a0\u00bb show_pagination=\u00a0\u00bboff\u00a0\u00bb module_id=\u00a0\u00bbpage_type_blog\u00a0\u00bb _builder_version=\u00a0\u00bb3.22.1&Prime; header_level=\u00a0\u00bbh4&Prime; border_width_bottom_fullwidth=\u00a0\u00bb1px\u00a0\u00bb border_color_bottom_fullwidth=\u00a0\u00bbrgba(51,51,51,0.18)\u00a0\u00bb custom_padding=\u00a0\u00bb||50px|\u00a0\u00bb z_index_tablet=\u00a0\u00bb500&Prime;][\/et_pb_blog][\/et_pb_column][\/et_pb_row][\/et_pb_section]<\/p>\n","protected":false},"excerpt":{"rendered":"<p>Trouver une activit\u00e9 SANT\u00c9 Les disciplines M\u00e9decine Neurologie et sciences cognitives \u00c0 lire aussi<\/p>\n","protected":false},"author":35,"featured_media":0,"parent":0,"menu_order":0,"comment_status":"closed","ping_status":"closed","template":"","meta":{"_et_pb_use_builder":"on","_et_pb_old_content":"","_et_gb_content_width":"","footnotes":""},"class_list":["post-221","page","type-page","status-publish","hentry"],"_links":{"self":[{"href":"https:\/\/wordpress-test.app.u-pariscite.fr\/universite-ouverte\/wp-json\/wp\/v2\/pages\/221","targetHints":{"allow":["GET"]}}],"collection":[{"href":"https:\/\/wordpress-test.app.u-pariscite.fr\/universite-ouverte\/wp-json\/wp\/v2\/pages"}],"about":[{"href":"https:\/\/wordpress-test.app.u-pariscite.fr\/universite-ouverte\/wp-json\/wp\/v2\/types\/page"}],"author":[{"embeddable":true,"href":"https:\/\/wordpress-test.app.u-pariscite.fr\/universite-ouverte\/wp-json\/wp\/v2\/users\/35"}],"replies":[{"embeddable":true,"href":"https:\/\/wordpress-test.app.u-pariscite.fr\/universite-ouverte\/wp-json\/wp\/v2\/comments?post=221"}],"version-history":[{"count":19,"href":"https:\/\/wordpress-test.app.u-pariscite.fr\/universite-ouverte\/wp-json\/wp\/v2\/pages\/221\/revisions"}],"predecessor-version":[{"id":5684,"href":"https:\/\/wordpress-test.app.u-pariscite.fr\/universite-ouverte\/wp-json\/wp\/v2\/pages\/221\/revisions\/5684"}],"wp:attachment":[{"href":"https:\/\/wordpress-test.app.u-pariscite.fr\/universite-ouverte\/wp-json\/wp\/v2\/media?parent=221"}],"curies":[{"name":"wp","href":"https:\/\/api.w.org\/{rel}","templated":true}]}}