{"id":177,"date":"2021-01-29T13:44:38","date_gmt":"2021-01-29T12:44:38","guid":{"rendered":"https:\/\/wordpress-test.app.u-pariscite.fr\/theses\/?page_id=177"},"modified":"2022-03-16T09:11:11","modified_gmt":"2022-03-16T08:11:11","slug":"comment-rechercher-une-these","status":"publish","type":"page","link":"https:\/\/wordpress-test.app.u-pariscite.fr\/theses\/comment-rechercher-une-these\/","title":{"rendered":"Comment rechercher une th\u00e8se  ?"},"content":{"rendered":"<p>[et_pb_section bb_built=\u00a0\u00bb1&Prime; inner_width=\u00a0\u00bbauto\u00a0\u00bb inner_max_width=\u00a0\u00bbnone\u00a0\u00bb][et_pb_row][et_pb_column type=\u00a0\u00bb4_4&Prime;][et_pb_post_title _builder_version=\u00a0\u00bb3.22.1&Prime; meta=\u00a0\u00bboff\u00a0\u00bb featured_image=\u00a0\u00bboff\u00a0\u00bb text_shadow_horizontal_length=\u00a0\u00bbtext_shadow_style,%91object Object%93&Prime; text_shadow_vertical_length=\u00a0\u00bbtext_shadow_style,%91object Object%93&Prime; text_shadow_blur_strength=\u00a0\u00bbtext_shadow_style,%91object Object%93&Prime; title_text_shadow_horizontal_length=\u00a0\u00bbtitle_text_shadow_style,%91object Object%93&Prime; title_text_shadow_vertical_length=\u00a0\u00bbtitle_text_shadow_style,%91object Object%93&Prime; title_text_shadow_blur_strength=\u00a0\u00bbtitle_text_shadow_style,%91object Object%93&Prime; meta_text_shadow_horizontal_length=\u00a0\u00bbmeta_text_shadow_style,%91object Object%93&Prime; meta_text_shadow_vertical_length=\u00a0\u00bbmeta_text_shadow_style,%91object Object%93&Prime; meta_text_shadow_blur_strength=\u00a0\u00bbmeta_text_shadow_style,%91object Object%93&Prime; z_index_tablet=\u00a0\u00bb500&Prime; \/][\/et_pb_column][\/et_pb_row][et_pb_row _builder_version=\u00a0\u00bb3.19.11&Prime; module_id=\u00a0\u00bbimage-page-type\u00a0\u00bb width=\u00a0\u00bb80%\u00a0\u00bb max_width=\u00a0\u00bb1080px\u00a0\u00bb][et_pb_column type=\u00a0\u00bb3_4&Prime;][et_pb_image admin_label=\u00a0\u00bbImage 1920 x 1080&Prime; _builder_version=\u00a0\u00bb3.22.1&Prime; src=\u00a0\u00bbhttps:\/\/wordpress-test.app.u-pariscite.fr\/theses\/wp-content\/uploads\/sites\/32\/2021\/02\/african-american-man-looking-something-unusual-places-his-home1.jpg\u00a0\u00bb module_id=\u00a0\u00bbimage-page\u00a0\u00bb z_index_tablet=\u00a0\u00bb500&Prime; \/][\/et_pb_column][et_pb_column type=\u00a0\u00bb1_4&Prime;][et_pb_text admin_label=\u00a0\u00bbL\u00e9gende image\u00a0\u00bb _builder_version=\u00a0\u00bb3.22.1&Prime; module_id=\u00a0\u00bbtexte-image\u00a0\u00bb custom_margin=\u00a0\u00bb|-15px||\u00a0\u00bb text_text_shadow_horizontal_length=\u00a0\u00bbtext_text_shadow_style,%91object Object%93&Prime; text_text_shadow_vertical_length=\u00a0\u00bbtext_text_shadow_style,%91object Object%93&Prime; text_text_shadow_blur_strength=\u00a0\u00bbtext_text_shadow_style,%91object Object%93&Prime; link_text_shadow_horizontal_length=\u00a0\u00bblink_text_shadow_style,%91object Object%93&Prime; link_text_shadow_vertical_length=\u00a0\u00bblink_text_shadow_style,%91object Object%93&Prime; link_text_shadow_blur_strength=\u00a0\u00bblink_text_shadow_style,%91object Object%93&Prime; ul_text_shadow_horizontal_length=\u00a0\u00bbul_text_shadow_style,%91object Object%93&Prime; ul_text_shadow_vertical_length=\u00a0\u00bbul_text_shadow_style,%91object Object%93&Prime; ul_text_shadow_blur_strength=\u00a0\u00bbul_text_shadow_style,%91object Object%93&Prime; ol_text_shadow_horizontal_length=\u00a0\u00bbol_text_shadow_style,%91object Object%93&Prime; ol_text_shadow_vertical_length=\u00a0\u00bbol_text_shadow_style,%91object Object%93&Prime; ol_text_shadow_blur_strength=\u00a0\u00bbol_text_shadow_style,%91object Object%93&Prime; quote_text_shadow_horizontal_length=\u00a0\u00bbquote_text_shadow_style,%91object Object%93&Prime; quote_text_shadow_vertical_length=\u00a0\u00bbquote_text_shadow_style,%91object Object%93&Prime; quote_text_shadow_blur_strength=\u00a0\u00bbquote_text_shadow_style,%91object Object%93&Prime; header_text_shadow_horizontal_length=\u00a0\u00bbheader_text_shadow_style,%91object Object%93&Prime; header_text_shadow_vertical_length=\u00a0\u00bbheader_text_shadow_style,%91object Object%93&Prime; header_text_shadow_blur_strength=\u00a0\u00bbheader_text_shadow_style,%91object Object%93&Prime; header_2_text_shadow_horizontal_length=\u00a0\u00bbheader_2_text_shadow_style,%91object Object%93&Prime; header_2_text_shadow_vertical_length=\u00a0\u00bbheader_2_text_shadow_style,%91object Object%93&Prime; header_2_text_shadow_blur_strength=\u00a0\u00bbheader_2_text_shadow_style,%91object Object%93&Prime; header_3_text_shadow_horizontal_length=\u00a0\u00bbheader_3_text_shadow_style,%91object Object%93&Prime; header_3_text_shadow_vertical_length=\u00a0\u00bbheader_3_text_shadow_style,%91object Object%93&Prime; header_3_text_shadow_blur_strength=\u00a0\u00bbheader_3_text_shadow_style,%91object Object%93&Prime; header_4_text_shadow_horizontal_length=\u00a0\u00bbheader_4_text_shadow_style,%91object Object%93&Prime; header_4_text_shadow_vertical_length=\u00a0\u00bbheader_4_text_shadow_style,%91object Object%93&Prime; header_4_text_shadow_blur_strength=\u00a0\u00bbheader_4_text_shadow_style,%91object Object%93&Prime; header_5_text_shadow_horizontal_length=\u00a0\u00bbheader_5_text_shadow_style,%91object Object%93&Prime; header_5_text_shadow_vertical_length=\u00a0\u00bbheader_5_text_shadow_style,%91object Object%93&Prime; header_5_text_shadow_blur_strength=\u00a0\u00bbheader_5_text_shadow_style,%91object Object%93&Prime; header_6_text_shadow_horizontal_length=\u00a0\u00bbheader_6_text_shadow_style,%91object Object%93&Prime; header_6_text_shadow_vertical_length=\u00a0\u00bbheader_6_text_shadow_style,%91object Object%93&Prime; header_6_text_shadow_blur_strength=\u00a0\u00bbheader_6_text_shadow_style,%91object Object%93&Prime; z_index_tablet=\u00a0\u00bb500&Prime;]<\/p>\n<div class=\"page\" title=\"Page 1\">\n<div class=\"layoutArea\">\n<div class=\"column\">\n<h4>Curieuse ou curieux ?<\/h4>\n<p>Voici quelques astuces pour mieux rechercher une th\u00e8se de doctorat.<\/p>\n<\/div>\n<\/div>\n<\/div>\n<p>[\/et_pb_text][\/et_pb_column][\/et_pb_row][et_pb_row][et_pb_column type=\u00a0\u00bb4_4&Prime;][et_pb_text admin_label=\u00a0\u00bbCopyright\u00a0\u00bb _builder_version=\u00a0\u00bb3.22.1&Prime; module_id=\u00a0\u00bblegende\u00a0\u00bb text_text_shadow_horizontal_length=\u00a0\u00bbtext_text_shadow_style,%91object Object%93&Prime; text_text_shadow_vertical_length=\u00a0\u00bbtext_text_shadow_style,%91object Object%93&Prime; text_text_shadow_blur_strength=\u00a0\u00bbtext_text_shadow_style,%91object Object%93&Prime; link_text_shadow_horizontal_length=\u00a0\u00bblink_text_shadow_style,%91object Object%93&Prime; link_text_shadow_vertical_length=\u00a0\u00bblink_text_shadow_style,%91object Object%93&Prime; link_text_shadow_blur_strength=\u00a0\u00bblink_text_shadow_style,%91object Object%93&Prime; ul_text_shadow_horizontal_length=\u00a0\u00bbul_text_shadow_style,%91object Object%93&Prime; ul_text_shadow_vertical_length=\u00a0\u00bbul_text_shadow_style,%91object Object%93&Prime; ul_text_shadow_blur_strength=\u00a0\u00bbul_text_shadow_style,%91object Object%93&Prime; ol_text_shadow_horizontal_length=\u00a0\u00bbol_text_shadow_style,%91object Object%93&Prime; ol_text_shadow_vertical_length=\u00a0\u00bbol_text_shadow_style,%91object Object%93&Prime; ol_text_shadow_blur_strength=\u00a0\u00bbol_text_shadow_style,%91object Object%93&Prime; quote_text_shadow_horizontal_length=\u00a0\u00bbquote_text_shadow_style,%91object Object%93&Prime; quote_text_shadow_vertical_length=\u00a0\u00bbquote_text_shadow_style,%91object Object%93&Prime; quote_text_shadow_blur_strength=\u00a0\u00bbquote_text_shadow_style,%91object Object%93&Prime; header_text_shadow_horizontal_length=\u00a0\u00bbheader_text_shadow_style,%91object Object%93&Prime; header_text_shadow_vertical_length=\u00a0\u00bbheader_text_shadow_style,%91object Object%93&Prime; header_text_shadow_blur_strength=\u00a0\u00bbheader_text_shadow_style,%91object Object%93&Prime; header_2_text_shadow_horizontal_length=\u00a0\u00bbheader_2_text_shadow_style,%91object Object%93&Prime; header_2_text_shadow_vertical_length=\u00a0\u00bbheader_2_text_shadow_style,%91object Object%93&Prime; header_2_text_shadow_blur_strength=\u00a0\u00bbheader_2_text_shadow_style,%91object Object%93&Prime; header_3_text_shadow_horizontal_length=\u00a0\u00bbheader_3_text_shadow_style,%91object Object%93&Prime; header_3_text_shadow_vertical_length=\u00a0\u00bbheader_3_text_shadow_style,%91object Object%93&Prime; header_3_text_shadow_blur_strength=\u00a0\u00bbheader_3_text_shadow_style,%91object Object%93&Prime; header_4_text_shadow_horizontal_length=\u00a0\u00bbheader_4_text_shadow_style,%91object Object%93&Prime; header_4_text_shadow_vertical_length=\u00a0\u00bbheader_4_text_shadow_style,%91object Object%93&Prime; header_4_text_shadow_blur_strength=\u00a0\u00bbheader_4_text_shadow_style,%91object Object%93&Prime; header_5_text_shadow_horizontal_length=\u00a0\u00bbheader_5_text_shadow_style,%91object Object%93&Prime; header_5_text_shadow_vertical_length=\u00a0\u00bbheader_5_text_shadow_style,%91object Object%93&Prime; header_5_text_shadow_blur_strength=\u00a0\u00bbheader_5_text_shadow_style,%91object Object%93&Prime; header_6_text_shadow_horizontal_length=\u00a0\u00bbheader_6_text_shadow_style,%91object Object%93&Prime; header_6_text_shadow_vertical_length=\u00a0\u00bbheader_6_text_shadow_style,%91object Object%93&Prime; header_6_text_shadow_blur_strength=\u00a0\u00bbheader_6_text_shadow_style,%91object Object%93&Prime; z_index_tablet=\u00a0\u00bb500&Prime;]<\/p>\n<div class=\"page\" title=\"Page 1\">\n<div class=\"layoutArea\">\n<div class=\"column\">\n<p>\u00a9 Cr\u00e9dits photo : Master1305 &#8211; Freepik.com<\/p>\n<\/div>\n<\/div>\n<\/div>\n<p>[\/et_pb_text][\/et_pb_column][\/et_pb_row][et_pb_row][et_pb_column type=\u00a0\u00bb3_4&Prime;][et_pb_toggle admin_label=\u00a0\u00bbChamps interrogeables\u00a0\u00bb _builder_version=\u00a0\u00bb3.22.1&Prime; title=\u00a0\u00bbQuels champs sont interrogeables pour trouver une th\u00e8se sur le portail ?\u00a0\u00bb text_shadow_horizontal_length=\u00a0\u00bbtext_shadow_style,%91object Object%93&Prime; text_shadow_vertical_length=\u00a0\u00bbtext_shadow_style,%91object Object%93&Prime; text_shadow_blur_strength=\u00a0\u00bbtext_shadow_style,%91object Object%93&Prime; title_text_shadow_horizontal_length=\u00a0\u00bbtitle_text_shadow_style,%91object Object%93&Prime; title_text_shadow_vertical_length=\u00a0\u00bbtitle_text_shadow_style,%91object Object%93&Prime; title_text_shadow_blur_strength=\u00a0\u00bbtitle_text_shadow_style,%91object Object%93&Prime; body_text_shadow_horizontal_length=\u00a0\u00bbbody_text_shadow_style,%91object Object%93&Prime; body_text_shadow_vertical_length=\u00a0\u00bbbody_text_shadow_style,%91object Object%93&Prime; body_text_shadow_blur_strength=\u00a0\u00bbbody_text_shadow_style,%91object Object%93&Prime; z_index_tablet=\u00a0\u00bb500&Prime;]<\/p>\n<p><a href=\"https:\/\/wordpress-test.app.u-pariscite.fr\/theses\/rechercher-une-these\/\"><strong>La recherche<\/strong><\/a> porte sur <strong>les m\u00e9tadonn\u00e9es descriptives<\/strong> associ\u00e9es aux th\u00e8ses (<strong>titre, r\u00e9sum\u00e9, mots-cl\u00e9s, discipline\u2026<\/strong>) et sur les pages du site. La recherche en plein texte sur les th\u00e8ses \u00e9lectroniques n&rsquo;est pas possible.<\/p>\n<p>&nbsp;<\/p>\n<p><strong>1) Recherche simple<\/strong><\/p>\n<p>Elle porte uniquement sur les mots du titre, les mots-cl\u00e9s et les r\u00e9sum\u00e9s dans toutes les langues.<\/p>\n<p>Si vous juxtaposez plusieurs mots, vous obtiendrez des r\u00e9sultats comportant tous les mots ou un des mots. Vous ne pouvez pas rechercher une expression exacte en l&rsquo;entourant de guillemets.<\/p>\n<p>&nbsp;<\/p>\n<p><strong>2) Recherche avanc\u00e9e<\/strong><\/p>\n<p>Elle permet de combiner plusieurs crit\u00e8res de recherche.<\/p>\n<p>Vous pouvez composer votre recherche en utilisant les termes suivants\u00a0:<\/p>\n<ul>\n<li>Mots du titre, mots-cl\u00e9s et r\u00e9sum\u00e9s (recherche simple)<\/li>\n<li>Auteur<\/li>\n<li>Directeur de th\u00e8se<\/li>\n<li>\u00c9cole doctorale<\/li>\n<li>\u00c9tablissement de soutenance (Universit\u00e9 Paris Cit\u00e9, universit\u00e9s de cotutelle\u2026)<\/li>\n<li>Ann\u00e9e de soutenance (depuis 2012)<\/li>\n<li>Discipline \/ Sp\u00e9cialit\u00e9<\/li>\n<\/ul>\n<p><img loading=\"lazy\" decoding=\"async\" class=\"alignnone wp-image-857\" src=\"https:\/\/wordpress-test.app.u-pariscite.fr\/theses\/wp-content\/uploads\/sites\/32\/2021\/10\/portailcg2-300x98.png\" alt=\"\" width=\"594\" height=\"194\" srcset=\"https:\/\/wordpress-test.app.u-pariscite.fr\/theses\/wp-content\/uploads\/sites\/32\/2021\/10\/portailcg2-300x98.png 300w, https:\/\/wordpress-test.app.u-pariscite.fr\/theses\/wp-content\/uploads\/sites\/32\/2021\/10\/portailcg2-768x252.png 768w, https:\/\/wordpress-test.app.u-pariscite.fr\/theses\/wp-content\/uploads\/sites\/32\/2021\/10\/portailcg2-1024x335.png 1024w, https:\/\/wordpress-test.app.u-pariscite.fr\/theses\/wp-content\/uploads\/sites\/32\/2021\/10\/portailcg2-1080x354.png 1080w\" sizes=\"(max-width: 594px) 100vw, 594px\" \/><\/p>\n<p>&nbsp;<\/p>\n<p><strong>3) Recherche th\u00e9matique<\/strong><\/p>\n<ul>\n<li>Par mots-cl\u00e9s libres<\/li>\n<li>Par Discipline \/ Sp\u00e9cialit\u00e9<\/li>\n<\/ul>\n<p>Lorsque vous \u00eates sur la notice d&rsquo;une th\u00e8se, il est possible de cliquer sur les champs \u00c9cole doctorale, Sp\u00e9cialit\u00e9, Responsabilit\u00e9 scientifique (directeur de th\u00e8se) afin d&rsquo;obtenir la liste de tous les contenus de la base contenant la m\u00eame valeur.<\/p>\n<p>&nbsp;<\/p>\n<p><img loading=\"lazy\" decoding=\"async\" class=\"alignnone wp-image-860\" src=\"https:\/\/wordpress-test.app.u-pariscite.fr\/theses\/wp-content\/uploads\/sites\/32\/2021\/10\/ex1-300x117.png\" alt=\"\" width=\"618\" height=\"241\" srcset=\"https:\/\/wordpress-test.app.u-pariscite.fr\/theses\/wp-content\/uploads\/sites\/32\/2021\/10\/ex1-300x117.png 300w, https:\/\/wordpress-test.app.u-pariscite.fr\/theses\/wp-content\/uploads\/sites\/32\/2021\/10\/ex1-768x299.png 768w, https:\/\/wordpress-test.app.u-pariscite.fr\/theses\/wp-content\/uploads\/sites\/32\/2021\/10\/ex1-1024x399.png 1024w, https:\/\/wordpress-test.app.u-pariscite.fr\/theses\/wp-content\/uploads\/sites\/32\/2021\/10\/ex1-1080x420.png 1080w\" sizes=\"(max-width: 618px) 100vw, 618px\" \/><\/p>\n<p>[\/et_pb_toggle][et_pb_toggle admin_label=\u00a0\u00bbSujet pr\u00e9cis\u00a0\u00bb _builder_version=\u00a0\u00bb3.22.1&Prime; text_shadow_horizontal_length=\u00a0\u00bbtext_shadow_style,%91object Object%93&Prime; text_shadow_vertical_length=\u00a0\u00bbtext_shadow_style,%91object Object%93&Prime; text_shadow_blur_strength=\u00a0\u00bbtext_shadow_style,%91object Object%93&Prime; title_text_shadow_horizontal_length=\u00a0\u00bbtitle_text_shadow_style,%91object Object%93&Prime; title_text_shadow_vertical_length=\u00a0\u00bbtitle_text_shadow_style,%91object Object%93&Prime; title_text_shadow_blur_strength=\u00a0\u00bbtitle_text_shadow_style,%91object Object%93&Prime; body_text_shadow_horizontal_length=\u00a0\u00bbbody_text_shadow_style,%91object Object%93&Prime; body_text_shadow_vertical_length=\u00a0\u00bbbody_text_shadow_style,%91object Object%93&Prime; body_text_shadow_blur_strength=\u00a0\u00bbbody_text_shadow_style,%91object Object%93&Prime; z_index_tablet=\u00a0\u00bb500&Prime; title=\u00a0\u00bbComment puis-je chercher un sujet pr\u00e9cis ?\u00a0\u00bb]<\/p>\n<p>Pour trouver des<strong> th\u00e8ses \u00e9lectroniques ou imprim\u00e9es<\/strong> sur un sujet et pour \u00eatre s\u00fbr d\u2019obtenir un r\u00e9sultat pertinent, vous devez utiliser des <strong>mots-cl\u00e9s<\/strong> bien choisis. Il est parfois n\u00e9cessaire d\u2019\u00e9largir votre sujet de recherche si celui-ci est trop pr\u00e9cis et ne donne aucun r\u00e9sultat.<\/p>\n<p>Le portail UP est, \u00e0 l\u2019heure actuelle, limit\u00e9 en termes de recherche. Nous vous invitons \u00e0 utiliser le site <strong><a href=\"http:\/\/www.theses.fr\/\" target=\"_blank\" rel=\"noopener noreferrer\">theses.fr<\/a><\/strong> ou encore le<strong> <a href=\"http:\/\/www.sudoc.abes.fr\/cbs\/\" target=\"_blank\" rel=\"noopener noreferrer\">Sudoc<\/a><\/strong> pour trouver un plus grand nombre de r\u00e9sultats.<\/p>\n<p>Pour trouver des th\u00e8ses \u00e9lectroniques d\u2019autres universit\u00e9s, vous pouvez consulter la page de notre site r\u00e9f\u00e9ren\u00e7ant d\u2019autres portails de diffusion ou la <strong><a href=\"https:\/\/abes.fr\/reseau-theses\/selection-sites\/\" target=\"_blank\" rel=\"noopener noreferrer\">s\u00e9lection de sites<\/a> <\/strong>propos\u00e9e par l\u2019ABES dans son <a href=\"https:\/\/abes.fr\/reseau-theses\/ressources-pour-les-doctorants\/\" target=\"_blank\" rel=\"noopener noreferrer\"><strong>Guide du Doctorant<\/strong><\/a>.<\/p>\n<p>[\/et_pb_toggle][et_pb_toggle admin_label=\u00a0\u00bbMots cl\u00e9s\u00a0\u00bb _builder_version=\u00a0\u00bb3.22.1&Prime; text_shadow_horizontal_length=\u00a0\u00bbtext_shadow_style,%91object Object%93&Prime; text_shadow_vertical_length=\u00a0\u00bbtext_shadow_style,%91object Object%93&Prime; text_shadow_blur_strength=\u00a0\u00bbtext_shadow_style,%91object Object%93&Prime; title_text_shadow_horizontal_length=\u00a0\u00bbtitle_text_shadow_style,%91object Object%93&Prime; title_text_shadow_vertical_length=\u00a0\u00bbtitle_text_shadow_style,%91object Object%93&Prime; title_text_shadow_blur_strength=\u00a0\u00bbtitle_text_shadow_style,%91object Object%93&Prime; body_text_shadow_horizontal_length=\u00a0\u00bbbody_text_shadow_style,%91object Object%93&Prime; body_text_shadow_vertical_length=\u00a0\u00bbbody_text_shadow_style,%91object Object%93&Prime; body_text_shadow_blur_strength=\u00a0\u00bbbody_text_shadow_style,%91object Object%93&Prime; z_index_tablet=\u00a0\u00bb500&Prime; title=\u00a0\u00bbComment puis-je choisir mes mots-cl\u00e9s ?\u00a0\u00bb]<\/p>\n<p>Pour vous aider \u00e0 choisir les<strong> mots-cl\u00e9s les plus pertinents<\/strong>, vous pouvez consulter les r\u00e9pertoires suivants, utilis\u00e9s par les biblioth\u00e9caires\u00a0:<\/p>\n<p>\u00a0<\/p>\n<ul>\n<li><strong>\u00a0<\/strong><a href=\"https:\/\/catalogue.bnf.fr\/recherche-autorite.do?pageRech=rat\" target=\"_blank\" rel=\"noopener noreferrer\"><strong>RAMEAU<\/strong><\/a><\/li>\n<\/ul>\n<p>Il s&rsquo;agit d&rsquo;un <strong>vocabulaire contr\u00f4l\u00e9<\/strong>, visant \u00e0 limiter les ambigu\u00eft\u00e9s du langage naturel. Les termes sont reli\u00e9s entre eux par des relations de synonymie (terme \u00e9quivalent), de hi\u00e9rarchie (terme g\u00e9n\u00e9rique et terme sp\u00e9cifique) et d&rsquo;association (terme associ\u00e9).<\/p>\n<p>Vous devez reprendre les termes sous la forme propos\u00e9e dans Rameau (orthographe, singulier\/pluriel \u00e0 respecter&#8230;).<\/p>\n<p>Vous pouvez \u00e9galement consulter le site du SUDOC (catalogue des biblioth\u00e8ques universitaires fran\u00e7aises) pour voir comment sont index\u00e9es les autres th\u00e8ses traitant du m\u00eame sujet.<\/p>\n<p>\u00a0<\/p>\n<ul>\n<li><a href=\"https:\/\/www.hetop.eu\/hetop\/\" target=\"_blank\" rel=\"noopener noreferrer\"><strong>MESH<\/strong><\/a> (Medical Subject Headings) sp\u00e9cialis\u00e9 dans le <strong>domaine biom\u00e9dical<\/strong> consultable en fran\u00e7ais sur le site du CISMEF.<\/li>\n<\/ul>\n<p>Pour plus d\u2019informations, consulter la <a href=\"https:\/\/u-paris.libguides.com\/thesedoct\" target=\"_blank\" rel=\"noopener noreferrer\">page du site des biblioth\u00e8ques<\/a>.<\/p>\n<p>[\/et_pb_toggle][et_pb_toggle admin_label=\u00a0\u00bbTh\u00e8ses autres universit\u00e9s\u00a0\u00bb _builder_version=\u00a0\u00bb3.22.1&Prime; text_shadow_horizontal_length=\u00a0\u00bbtext_shadow_style,%91object Object%93&Prime; text_shadow_vertical_length=\u00a0\u00bbtext_shadow_style,%91object Object%93&Prime; text_shadow_blur_strength=\u00a0\u00bbtext_shadow_style,%91object Object%93&Prime; title_text_shadow_horizontal_length=\u00a0\u00bbtitle_text_shadow_style,%91object Object%93&Prime; title_text_shadow_vertical_length=\u00a0\u00bbtitle_text_shadow_style,%91object Object%93&Prime; title_text_shadow_blur_strength=\u00a0\u00bbtitle_text_shadow_style,%91object Object%93&Prime; body_text_shadow_horizontal_length=\u00a0\u00bbbody_text_shadow_style,%91object Object%93&Prime; body_text_shadow_vertical_length=\u00a0\u00bbbody_text_shadow_style,%91object Object%93&Prime; body_text_shadow_blur_strength=\u00a0\u00bbbody_text_shadow_style,%91object Object%93&Prime; z_index_tablet=\u00a0\u00bb500&Prime; title=\u00a0\u00bbComment consulter une th\u00e8se d&rsquo;une autre universit\u00e9 ? \u00ab\u00a0]<\/p>\n<p>Les <strong>th\u00e8ses d&rsquo;autres universit\u00e9s et grandes \u00e9coles fran\u00e7aises<\/strong> sont consultables en version imprim\u00e9e, en microfiches ou en ligne selon leur ant\u00e9riorit\u00e9, les droits de diffusion consentis et les possibilit\u00e9s techniques dont dispose la biblioth\u00e8que de conservation ou diffusion.\u00a0 Il est possible, pour les th\u00e8ses imprim\u00e9es conserv\u00e9es dans les biblioth\u00e8ques de province, de les demander par le <a href=\"https:\/\/wordpress-test.app.u-pariscite.fr\/bibliotheques\/demande-de-pret-entre-bibliotheques-peb\/\" target=\"_blank\" rel=\"noopener noreferrer\"><strong>Pr\u00eat Entre Biblioth\u00e8ques<\/strong><\/a>.<\/p>\n<p>Pour trouver une r\u00e9f\u00e9rence de th\u00e8se (papier ou \u00e9lectronique) vous devez effectuer une recherche pr\u00e9alable dans le <strong>catalogue du <a href=\"http:\/\/www.sudoc.abes.fr\/cbs\/DB=2.1\/ADVANCED_SEARCHFILTER\" target=\"_blank\" rel=\"noopener noreferrer\">SUDOC<\/a><\/strong> (catalogue collectif des biblioth\u00e8ques de l\u2019enseignement sup\u00e9rieur). Les th\u00e8ses soutenues en France depuis 1972 y sont signal\u00e9es syst\u00e9matiquement.<\/p>\n<p>[\/et_pb_toggle][et_pb_toggle admin_label=\u00a0\u00bbAnnuaire\u00a0\u00bb _builder_version=\u00a0\u00bb3.22.1&Prime; text_shadow_horizontal_length=\u00a0\u00bbtext_shadow_style,%91object Object%93&Prime; text_shadow_vertical_length=\u00a0\u00bbtext_shadow_style,%91object Object%93&Prime; text_shadow_blur_strength=\u00a0\u00bbtext_shadow_style,%91object Object%93&Prime; title_text_shadow_horizontal_length=\u00a0\u00bbtitle_text_shadow_style,%91object Object%93&Prime; title_text_shadow_vertical_length=\u00a0\u00bbtitle_text_shadow_style,%91object Object%93&Prime; title_text_shadow_blur_strength=\u00a0\u00bbtitle_text_shadow_style,%91object Object%93&Prime; body_text_shadow_horizontal_length=\u00a0\u00bbbody_text_shadow_style,%91object Object%93&Prime; body_text_shadow_vertical_length=\u00a0\u00bbbody_text_shadow_style,%91object Object%93&Prime; body_text_shadow_blur_strength=\u00a0\u00bbbody_text_shadow_style,%91object Object%93&Prime; z_index_tablet=\u00a0\u00bb500&Prime; title=\u00a0\u00bbExiste-t-il un annuaire des docteurs et membres des jurys ? \u00ab\u00a0]<\/p>\n<p><strong>Non<\/strong>. Il n\u2019existe pas d\u2019annuaire. En accord\u00a0avec le\u00a0<a href=\"https:\/\/www.cnil.fr\/fr\/reglement-europeen-protection-donnees\" target=\"_blank\" rel=\"noopener noreferrer\">R\u00e8glement G\u00e9n\u00e9ral sur la Protection des\u00a0Donn\u00e9es (RGPD)<\/a>, nous ne pouvons vous communiquer les coordonn\u00e9es personnelles des docteurs. Concernant les membres du jury, vous pouvez trouver leurs coordonn\u00e9es sur les sites de leurs institutions de rattachement.<\/p>\n<p>[\/et_pb_toggle][\/et_pb_column][et_pb_column type=\u00a0\u00bb1_4&Prime;][\/et_pb_column][\/et_pb_row][\/et_pb_section]<\/p>\n","protected":false},"excerpt":{"rendered":"<div class=\"et_pb_row et_pb_row_0 et_pb_row_empty\"><\/div>\n<p> Curieuse ou curieux ? Voici quelques astuces pour mieux rechercher une th\u00e8se de doctorat. <\/p>\n<div class=\"et_pb_row et_pb_row_1 et_pb_row_empty\"><\/div>\n<p> \u00a9 Cr\u00e9dits photo : Master1305 &#8211; Freepik.com <\/p>\n<div class=\"et_pb_row et_pb_row_2 et_pb_row_empty\"><\/div>\n<p> La recherche porte sur les m\u00e9tadonn\u00e9es descriptives associ\u00e9es aux th\u00e8ses (titre, r\u00e9sum\u00e9, mots-cl\u00e9s, discipline\u2026) et sur les pages du site. La recherche en plein texte sur les th\u00e8ses \u00e9lectroniques n&rsquo;est pas&hellip; <a class=\"continue\" href=\"https:\/\/wordpress-test.app.u-pariscite.fr\/theses\/comment-rechercher-une-these\/\">Lire la suite<span> Comment rechercher une th\u00e8se  ?<\/span><\/a><\/p>\n","protected":false},"author":35,"featured_media":0,"parent":0,"menu_order":0,"comment_status":"closed","ping_status":"closed","template":"","meta":{"_et_pb_use_builder":"on","_et_pb_old_content":"","_et_gb_content_width":"","footnotes":""},"class_list":["post-177","page","type-page","status-publish","hentry"],"_links":{"self":[{"href":"https:\/\/wordpress-test.app.u-pariscite.fr\/theses\/wp-json\/wp\/v2\/pages\/177","targetHints":{"allow":["GET"]}}],"collection":[{"href":"https:\/\/wordpress-test.app.u-pariscite.fr\/theses\/wp-json\/wp\/v2\/pages"}],"about":[{"href":"https:\/\/wordpress-test.app.u-pariscite.fr\/theses\/wp-json\/wp\/v2\/types\/page"}],"author":[{"embeddable":true,"href":"https:\/\/wordpress-test.app.u-pariscite.fr\/theses\/wp-json\/wp\/v2\/users\/35"}],"replies":[{"embeddable":true,"href":"https:\/\/wordpress-test.app.u-pariscite.fr\/theses\/wp-json\/wp\/v2\/comments?post=177"}],"version-history":[{"count":19,"href":"https:\/\/wordpress-test.app.u-pariscite.fr\/theses\/wp-json\/wp\/v2\/pages\/177\/revisions"}],"predecessor-version":[{"id":1001,"href":"https:\/\/wordpress-test.app.u-pariscite.fr\/theses\/wp-json\/wp\/v2\/pages\/177\/revisions\/1001"}],"wp:attachment":[{"href":"https:\/\/wordpress-test.app.u-pariscite.fr\/theses\/wp-json\/wp\/v2\/media?parent=177"}],"curies":[{"name":"wp","href":"https:\/\/api.w.org\/{rel}","templated":true}]}}