{"id":63,"date":"2020-05-07T14:28:47","date_gmt":"2020-05-07T12:28:47","guid":{"rendered":"https:\/\/wordpress-test.app.u-pariscite.fr\/sport\/?page_id=63"},"modified":"2025-04-07T15:08:15","modified_gmt":"2025-04-07T13:08:15","slug":"faire-du-sport","status":"publish","type":"page","link":"https:\/\/wordpress-test.app.u-pariscite.fr\/sport\/faire-du-sport\/","title":{"rendered":"Faire du sport"},"content":{"rendered":"<p>[et_pb_section fb_built=\u00a0\u00bb1&Prime; _builder_version=\u00a0\u00bb4.16&Prime; global_colors_info=\u00a0\u00bb{}\u00a0\u00bb][et_pb_row _builder_version=\u00a0\u00bb4.16&Prime; background_size=\u00a0\u00bbinitial\u00a0\u00bb background_position=\u00a0\u00bbtop_left\u00a0\u00bb background_repeat=\u00a0\u00bbrepeat\u00a0\u00bb global_colors_info=\u00a0\u00bb{}\u00a0\u00bb][et_pb_column type=\u00a0\u00bb4_4&Prime; _builder_version=\u00a0\u00bb4.16&Prime; custom_padding=\u00a0\u00bb|||\u00a0\u00bb global_colors_info=\u00a0\u00bb{}\u00a0\u00bb custom_padding__hover=\u00a0\u00bb|||\u00a0\u00bb][et_pb_post_title meta=\u00a0\u00bboff\u00a0\u00bb featured_image=\u00a0\u00bboff\u00a0\u00bb admin_label=\u00a0\u00bbTitre de la page\u00a0\u00bb _builder_version=\u00a0\u00bb4.16&Prime; global_colors_info=\u00a0\u00bb{}\u00a0\u00bb][\/et_pb_post_title][\/et_pb_column][\/et_pb_row][et_pb_row _builder_version=\u00a0\u00bb4.16&Prime; background_size=\u00a0\u00bbinitial\u00a0\u00bb background_position=\u00a0\u00bbtop_left\u00a0\u00bb background_repeat=\u00a0\u00bbrepeat\u00a0\u00bb global_colors_info=\u00a0\u00bb{}\u00a0\u00bb column_structure=\u00a0\u00bb3_4,1_4&Prime;][et_pb_column type=\u00a0\u00bb3_4&Prime; _builder_version=\u00a0\u00bb4.16&Prime; custom_padding=\u00a0\u00bb|||\u00a0\u00bb global_colors_info=\u00a0\u00bb{}\u00a0\u00bb custom_padding__hover=\u00a0\u00bb|||\u00a0\u00bb][et_pb_text admin_label=\u00a0\u00bbIntro\u00a0\u00bb module_id=\u00a0\u00bbintro\u00a0\u00bb _builder_version=\u00a0\u00bb4.16&Prime; z_index_tablet=\u00a0\u00bb500&Prime; global_colors_info=\u00a0\u00bb{}\u00a0\u00bb]<\/p>\n<p>Le service des sports vous propose une offre de pratique physique et sportive diversifi\u00e9e. Nous vous invitons \u00e0 d\u00e9couvrir toutes les formes de pratique et notre catalogue de cours 2024-2025.<\/p>\n<p>[\/et_pb_text][\/et_pb_column][et_pb_column type=\u00a0\u00bb1_4&Prime; _builder_version=\u00a0\u00bb4.16&Prime; custom_padding=\u00a0\u00bb|||\u00a0\u00bb global_colors_info=\u00a0\u00bb{}\u00a0\u00bb custom_padding__hover=\u00a0\u00bb|||\u00a0\u00bb][\/et_pb_column][\/et_pb_row][et_pb_row module_id=\u00a0\u00bbimage-page-type\u00a0\u00bb _builder_version=\u00a0\u00bb4.16&Prime; max_width=\u00a0\u00bb1080px\u00a0\u00bb global_colors_info=\u00a0\u00bb{}\u00a0\u00bb column_structure=\u00a0\u00bb3_4,1_4&Prime;][et_pb_column type=\u00a0\u00bb3_4&Prime; _builder_version=\u00a0\u00bb4.16&Prime; custom_padding=\u00a0\u00bb|||\u00a0\u00bb global_colors_info=\u00a0\u00bb{}\u00a0\u00bb custom_padding__hover=\u00a0\u00bb|||\u00a0\u00bb][et_pb_image src=\u00a0\u00bbhttps:\/\/wordpress-test.app.u-pariscite.fr\/sport\/wp-content\/uploads\/sites\/17\/2020\/09\/photo-1502904550040-7534597429ae.jpg\u00a0\u00bb align_tablet=\u00a0\u00bbcenter\u00a0\u00bb align_last_edited=\u00a0\u00bbon|desktop\u00a0\u00bb admin_label=\u00a0\u00bbImage 1920 x 1080&Prime; module_id=\u00a0\u00bbimage-page\u00a0\u00bb _builder_version=\u00a0\u00bb4.16&Prime; z_index_tablet=\u00a0\u00bb500&Prime; global_colors_info=\u00a0\u00bb{}\u00a0\u00bb align_phone=\u00a0\u00bbcenter\u00a0\u00bb][\/et_pb_image][\/et_pb_column][et_pb_column type=\u00a0\u00bb1_4&Prime; _builder_version=\u00a0\u00bb4.16&Prime; custom_padding=\u00a0\u00bb|||\u00a0\u00bb global_colors_info=\u00a0\u00bb{}\u00a0\u00bb custom_padding__hover=\u00a0\u00bb|||\u00a0\u00bb][et_pb_text admin_label=\u00a0\u00bbTexte image\u00a0\u00bb module_id=\u00a0\u00bbtexte-image\u00a0\u00bb _builder_version=\u00a0\u00bb4.16&Prime; custom_margin=\u00a0\u00bb|-15px||\u00a0\u00bb z_index_tablet=\u00a0\u00bb500&Prime; global_colors_info=\u00a0\u00bb{}\u00a0\u00bb][\/et_pb_text][\/et_pb_column][\/et_pb_row][et_pb_row _builder_version=\u00a0\u00bb4.16&Prime; background_size=\u00a0\u00bbinitial\u00a0\u00bb background_position=\u00a0\u00bbtop_left\u00a0\u00bb background_repeat=\u00a0\u00bbrepeat\u00a0\u00bb global_colors_info=\u00a0\u00bb{}\u00a0\u00bb column_structure=\u00a0\u00bb3_4,1_4&Prime;][et_pb_column type=\u00a0\u00bb3_4&Prime; _builder_version=\u00a0\u00bb4.16&Prime; custom_padding=\u00a0\u00bb|||\u00a0\u00bb global_colors_info=\u00a0\u00bb{}\u00a0\u00bb custom_padding__hover=\u00a0\u00bb|||\u00a0\u00bb][et_pb_divider show_divider=\u00a0\u00bboff\u00a0\u00bb _builder_version=\u00a0\u00bb4.16&Prime; z_index_tablet=\u00a0\u00bb500&Prime; global_colors_info=\u00a0\u00bb{}\u00a0\u00bb][\/et_pb_divider][et_pb_text _builder_version=\u00a0\u00bb4.16&Prime; z_index_tablet=\u00a0\u00bb500&Prime; global_colors_info=\u00a0\u00bb{}\u00a0\u00bb]<\/p>\n<h3>Pour les \u00e9tudiants : le sport en pratique \u00e9valu\u00e9 (UE transverse)<\/h3>\n<p>En fonction de votre fili\u00e8re et de votre ann\u00e9e d\u2019\u00e9tudes, vous avez souvent la possibilit\u00e9 de choisir une UE sport. L\u2019\u00e9valuation se fait toujours sur une partie pratique et une partie th\u00e9orique par un professeur d\u2019EPS. L\u2019UE Sports \u00e9quivaut \u00e0 3 ECTS.<\/p>\n<ul>\n<li>Si vous avez une <strong>UE Sport au 1<sup>er<\/sup> semestre<\/strong> dans votre emploi du temps, les inscriptions de septembre vous sont r\u00e9serv\u00e9es. Les inscriptions en UE de sport auront lieu du 2 septembre 2024 au 27 septembre 2024. Les cours d\u00e9buteront la semaine du 16 septembre 2024.<\/li>\n<li>Si vous avez l\u2019UE Sport dans votre maquette <strong>au 2eme semestre<\/strong>, les inscriptions en UE de sport auront lieu du 6 janvier 2025 au 24 janvier 2025. Les cours d\u00e9buteront la semaine du 13 janvier 2025.<\/li>\n<\/ul>\n<p><strong>ATTENTION<\/strong> : Vous ne pouvez pas vous inscrire \u00e0 une UE sport que vous avez d\u00e9j\u00e0 valid\u00e9e lors d&rsquo;un semestre pr\u00e9c\u00e9dent.<\/p>\n<p>[\/et_pb_text][et_pb_toggle title=\u00a0\u00bbModalit\u00e9s d&rsquo;\u00e9valuation\u00a0\u00bb admin_label=\u00a0\u00bbModalit\u00e9s d&rsquo;\u00e9valuation\u00a0\u00bb _builder_version=\u00a0\u00bb4.16&Prime; z_index_tablet=\u00a0\u00bb500&Prime; global_colors_info=\u00a0\u00bb{}\u00a0\u00bb]<\/p>\n<p>Cette UE est \u00e9valu\u00e9e dans le cadre du Contr\u00f4le Continu Int\u00e9gral (CCI) avec seconde chance int\u00e9gr\u00e9e.L&rsquo;inscription p\u00e9dagogique est effectu\u00e9e au service des sports. La pr\u00e9sence aux cours est obligatoire.L&rsquo;UE sport est accessible \u00e0 tous les \u00e9tudiants de Licence, au maximum une fois par ann\u00e9e universitaire et aux \u00e9tudiants de Master si cette possibilit\u00e9 est pr\u00e9vue dans les maquettes p\u00e9dagogiques de Master.<\/p>\n<p><u>Modalit\u00e9s de <\/u><u>contr\u00f4le <\/u><u>de connaissances <\/u>:<\/p>\n<p>Quatre notes seront attribu\u00e9es \u00e0 chaque \u00e9tudiant :<\/p>\n<ul>\n<li>Motricit\u00e9 : \/20 points<\/li>\n<li>Performance : \/20 points<\/li>\n<li>Participation, implication, respect des r\u00e8gles sur le terrain, esprit d&rsquo;\u00e9quipe : \/20 points<\/li>\n<li>Th\u00e9orie (Connaissances d\u00e9livr\u00e9es par l&rsquo;enseignant pouvant donner lieu \u00e0 la r\u00e9daction d&rsquo;un dossier ou \u00e0 une \u00e9preuve \u00e9crite) : \/20 points<\/li>\n<\/ul>\n<p>La seconde chance est int\u00e9gr\u00e9e dans les modalit\u00e9s de mise en \u0153uvre du contr\u00f4le continu.<\/p>\n<p><u>Modalit\u00e9s de seconde chance <\/u>:<\/p>\n<p>Le r\u00e9sultat final du contr\u00f4le continu de l&rsquo;UE int\u00e9grant la seconde chance correspond \u00e0 la moyenne des trois meilleures notes obtenues pendant le semestre.<\/p>\n<p>L&rsquo;UE sport \u00e9tant en CCI int\u00e9grale avec 2nde chance int\u00e9gr\u00e9e, pour les maquettes disposant de deux sessions la note de la session 1 sera report\u00e9e sur la note de la session 2.<\/p>\n<p><u>Absences<\/u>:<\/p>\n<p>Toute absence doit \u00eatre justifi\u00e9e dans un d\u00e9lai de 8 jours aupr\u00e8s de l&rsquo;enseignant ou du service des sports. Seront consid\u00e9r\u00e9es les absences suivantes, sur pr\u00e9sentation de justificatifs :<\/p>\n<ul>\n<li>les raisons m\u00e9dicales<\/li>\n<li>les raisons familiales graves<\/li>\n<li>les convocations sur pr\u00e9sentation d&rsquo;un justificatif<\/li>\n<\/ul>\n<p>Trois absences justifi\u00e9es maximum par semestre sont autoris\u00e9es<\/p>\n<p>En cas de blessure, sauf avis m\u00e9dical contraire, l&rsquo;\u00e9tudiant est tenu d&rsquo;assister aux cours.<\/p>\n<p><strong>Contact administratif de l&rsquo;UE Sport : <\/strong><\/p>\n<p>St\u00e9phane Bonnici (<a href=\"mailto:sport@wordpress-test.app.u-pariscite.fr\">sport@wordpress-test.app.u-pariscite.fr<\/a>), Vie de campus<\/p>\n<p>&nbsp;<\/p>\n<p>&nbsp;<\/p>\n<p>[\/et_pb_toggle][et_pb_toggle title=\u00a0\u00bbModalit\u00e9s d&rsquo;inscription\u00a0\u00bb admin_label=\u00a0\u00bbModalit\u00e9s d&rsquo;inscription\u00a0\u00bb _builder_version=\u00a0\u00bb4.16&Prime; z_index_tablet=\u00a0\u00bb500&Prime; global_colors_info=\u00a0\u00bb{}\u00a0\u00bb]<\/p>\n<h4><strong>Avant toute inscription, i<\/strong><strong>l vous est recommand\u00e9 de passer une visite m\u00e9dicale et de souscrire \u00e0 une police d\u2019assurance (voir ci-dessous)*.<\/strong> \u00a0<\/h4>\n<h3>Pour vous inscrire :<\/h3>\n<ol>\n<li>Consulter l&rsquo;offre des <a href=\"https:\/\/sportboxconnect.wordpress-test.app.u-pariscite.fr\/courses\" target=\"_blank\" rel=\"noopener noreferrer\">UE Sport 2024-2025 sur notre application<\/a><\/li>\n<li>Choisissez votre sport<\/li>\n<li>Inscrivez-vous et r\u00e9servez votre place directement en ligne sur l&rsquo;application<\/li>\n<\/ol>\n<p>\u00a0Vous devez t\u00e9l\u00e9charger tous les documents demand\u00e9s par la plateforme pour valider votre inscription.<\/p>\n<p><strong>ATTENTION<\/strong> : Vous ne pouvez pas vous inscrire \u00e0 une UE sport que vous avez d\u00e9j\u00e0 valid\u00e9e lors d&rsquo;un semestre pr\u00e9c\u00e9dent.<\/p>\n<h3>Justificatifs demand\u00e9s :<\/h3>\n<p>En tant qu\u2019\u00e9tudiant d\u2019Universit\u00e9 Paris Cit\u00e9, vous devez t\u00e9l\u00e9charger :<\/p>\n<ul>\n<li>Votre carte \u00e9tudiante ou votre certificat de scolarit\u00e9 24-25 ;<\/li>\n<li>Un certificat m\u00e9dical si vous souhaitez pratiquer une activit\u00e9 \u00e0 risque (UE Plong\u00e9e ou UE Rugby)<\/li>\n<\/ul>\n<h3>\u00a0<\/h3>\n<h3>Assurance :<\/h3>\n<p>Si vous n\u2019avez pas d\u2019assurance, vous pouvez contacter l\u2019un des deux partenaires de l\u2019universit\u00e9 :\u00a0<\/p>\n<ul>\n<li>Offre \u00e0 prix r\u00e9duits de la SMERRA via l\u2019espace adh\u00e9sion d\u00e9di\u00e9 aux \u00e9tudiants d\u2019Universit\u00e9 Paris Cit\u00e9 : <strong><a href=\"https:\/\/adhesion.smerra.fr\/?codepartenaire=0745-25-UNIP-04-75-01\" target=\"_blank\" rel=\"noopener noreferrer\">SMERRA<\/a><\/strong><\/li>\n<li>Offre de 15 % de r\u00e9duction proposez par HEYME avec le code partenaire 75UP-15 :<strong>\u00a0<a href=\"https:\/\/heyme.care\/fr\" target=\"_blank\" rel=\"noopener noreferrer\">HEYME<\/a><\/strong><\/li>\n<\/ul>\n<p>[\/et_pb_toggle][et_pb_divider show_divider=\u00a0\u00bboff\u00a0\u00bb _builder_version=\u00a0\u00bb4.16&Prime; z_index_tablet=\u00a0\u00bb500&Prime; global_colors_info=\u00a0\u00bb{}\u00a0\u00bb][\/et_pb_divider][\/et_pb_column][et_pb_column type=\u00a0\u00bb1_4&Prime; _builder_version=\u00a0\u00bb4.16&Prime; custom_padding=\u00a0\u00bb|||\u00a0\u00bb global_colors_info=\u00a0\u00bb{}\u00a0\u00bb custom_padding__hover=\u00a0\u00bb|||\u00a0\u00bb][et_pb_button button_url=\u00a0\u00bbhttps:\/\/sportboxconnect.wordpress-test.app.u-pariscite.fr\/\u00a0\u00bb url_new_window=\u00a0\u00bbon\u00a0\u00bb button_text=\u00a0\u00bbOffre sportive 2024-2025&Prime; button_alignment=\u00a0\u00bbleft\u00a0\u00bb admin_label=\u00a0\u00bbOffre sportive 2024-2025&Prime; _builder_version=\u00a0\u00bb4.16&Prime; custom_button=\u00a0\u00bbon\u00a0\u00bb button_text_color=\u00a0\u00bb#ffffff\u00a0\u00bb button_bg_color=\u00a0\u00bb#5bc2e7&Prime; button_border_width=\u00a0\u00bb2&Prime; button_border_color=\u00a0\u00bb#5bc2e7&Prime; button_border_radius=\u00a0\u00bb26&Prime; button_icon=\u00a0\u00bb&#x35;||divi||400&Prime; button_icon_color=\u00a0\u00bb#ffffff\u00a0\u00bb button_on_hover=\u00a0\u00bboff\u00a0\u00bb background_layout=\u00a0\u00bbdark\u00a0\u00bb custom_margin=\u00a0\u00bb48px|||\u00a0\u00bb z_index_tablet=\u00a0\u00bb500&Prime; custom_css_after=\u00a0\u00bbmargin-left: 0!important;\u00a0\u00bb saved_tabs=\u00a0\u00bball\u00a0\u00bb global_colors_info=\u00a0\u00bb{}\u00a0\u00bb background_layout__hover_enabled=\u00a0\u00bbon\u00a0\u00bb background_layout__hover=\u00a0\u00bblight\u00a0\u00bb button_bg_color__hover_enabled=\u00a0\u00bbon\u00a0\u00bb button_bg_color__hover=\u00a0\u00bb#ffffff\u00a0\u00bb button_icon_color__hover_enabled=\u00a0\u00bbon\u00a0\u00bb button_icon_color__hover=\u00a0\u00bb#5bc2e7&Prime; button_text_color__hover_enabled=\u00a0\u00bbon\u00a0\u00bb button_text_color__hover=\u00a0\u00bb#5bc2e7&Prime; custom_css_after__hover_enabled=\u00a0\u00bbon\u00a0\u00bb custom_css_after__hover=\u00a0\u00bbmargin-left: 0!important;\u00a0\u00bb]<br \/>\n[\/et_pb_button][\/et_pb_column][\/et_pb_row][et_pb_row _builder_version=\u00a0\u00bb4.16&Prime; background_size=\u00a0\u00bbinitial\u00a0\u00bb background_position=\u00a0\u00bbtop_left\u00a0\u00bb background_repeat=\u00a0\u00bbrepeat\u00a0\u00bb global_colors_info=\u00a0\u00bb{}\u00a0\u00bb column_structure=\u00a0\u00bb3_4,1_4&Prime;][et_pb_column type=\u00a0\u00bb3_4&Prime; _builder_version=\u00a0\u00bb4.16&Prime; custom_padding=\u00a0\u00bb|||\u00a0\u00bb global_colors_info=\u00a0\u00bb{}\u00a0\u00bb custom_padding__hover=\u00a0\u00bb|||\u00a0\u00bb][et_pb_text _builder_version=\u00a0\u00bb4.16&Prime; z_index_tablet=\u00a0\u00bb500&Prime; global_colors_info=\u00a0\u00bb{}\u00a0\u00bb]<\/p>\n<h3>Pour toutes et tous : Le sport en pratique libre (APSA)<\/h3>\n<div class=\"et_pb_module et_pb_text et_pb_text_0 et_pb_bg_layout_light et_pb_text_align_left\">\n<div class=\"et_pb_text_inner\">\n<p>Pour la pratique libre, les inscriptions seront ouvertes jusqu&rsquo;au 29 novembre 2024 et reprendront \u00e0 partir du 6 janvier 2025. Elles resteront ouvertes <strong>tout au long de l\u2019ann\u00e9e universitaire<\/strong>, selon les places disponibles.<br \/>Vous pouvez choisir jusqu&rsquo;\u00e0 2 cr\u00e9neaux d&rsquo;activit\u00e9s sportives. Attention : certains cours ont des niveaux sp\u00e9cifiques.<\/p>\n<p>Si vous souhaitez vous inscrire en pratique libre (APSA), d\u00e9couvrez les modalit\u00e9s d\u2019inscription ci-dessous selon votre profil :<\/p>\n<\/div>\n<\/div>\n<p>[\/et_pb_text][et_pb_toggle title=\u00a0\u00bbEtudiants Universit\u00e9 Paris Cit\u00e9\u00a0\u00bb admin_label=\u00a0\u00bbEtudiant Universit\u00e9 Paris Cit\u00e9\u00a0\u00bb _builder_version=\u00a0\u00bb4.16&Prime; z_index_tablet=\u00a0\u00bb500&Prime; global_colors_info=\u00a0\u00bb{}\u00a0\u00bb]<\/p>\n<h4><strong>Avant toute inscription, i<\/strong><strong>l vous est recommand\u00e9 de passer une visite m\u00e9dicale et de souscrire \u00e0 une police d\u2019assurance (voir ci-dessous)*.<\/strong> \u00a0<\/h4>\n<h3>Pour vous inscrire :<\/h3>\n<ol>\n<li>Consulter l&rsquo;<a href=\"https:\/\/sportboxconnect.wordpress-test.app.u-pariscite.fr\/courses\" target=\"_blank\" rel=\"noopener noreferrer\">offre sportive 2024-2025 sur notre application<\/a><\/li>\n<li>Choisissez votre sport<\/li>\n<li>Inscrivez-vous et r\u00e9servez votre place directement en ligne sur l&rsquo;application<\/li>\n<\/ol>\n<p>\u00a0Vous devez t\u00e9l\u00e9charger tous les documents demand\u00e9s par la plateforme pour valider votre inscription.<\/p>\n<h3>\u00a0<\/h3>\n<h3>Justificatifs demand\u00e9s :<\/h3>\n<p>En tant qu\u2019\u00e9tudiant d\u2019Universit\u00e9 Paris Cit\u00e9, vous devez t\u00e9l\u00e9charger :<\/p>\n<ul>\n<li>Votre carte \u00e9tudiante ou votre certificat de scolarit\u00e9 24-25 ;<\/li>\n<li>Un certificat m\u00e9dical si vous souhaitez pratiquer une activit\u00e9 \u00e0 risque (Plong\u00e9e ou Rugby)<\/li>\n<\/ul>\n<h3>\u00a0<\/h3>\n<h3>Assurance :<\/h3>\n<p>Si vous n\u2019avez pas d\u2019assurance, vous pouvez contacter l\u2019un des deux partenaires de l\u2019universit\u00e9 :\u00a0<\/p>\n<ul>\n<li>Offre \u00e0 prix r\u00e9duits de la SMERRA via l\u2019espace adh\u00e9sion d\u00e9di\u00e9 aux \u00e9tudiants d\u2019Universit\u00e9 Paris Cit\u00e9 : <strong><a href=\"https:\/\/adhesion.smerra.fr\/?codepartenaire=0745-25-UNIP-04-75-01\" target=\"_blank\" rel=\"noopener noreferrer\">SMERRA<\/a><\/strong><\/li>\n<li>Offre de 15 % de r\u00e9duction proposez par HEYME avec le code partenaire 75UP-15 :<strong>\u00a0<a href=\"https:\/\/heyme.care\/fr\" target=\"_blank\" rel=\"noopener noreferrer\">HEYME<\/a><\/strong><\/li>\n<\/ul>\n<p>[\/et_pb_toggle][et_pb_toggle title=\u00a0\u00bbEtudiants ENSAPVS \u00a0\u00bb admin_label=\u00a0\u00bbEtudiants ENSAPVS \u00a0\u00bb _builder_version=\u00a0\u00bb4.16&Prime; z_index_tablet=\u00a0\u00bb500&Prime; global_colors_info=\u00a0\u00bb{}\u00a0\u00bb]<\/p>\n<div class=\"et_pb_toggle_content clearfix\">\n<h4><strong>Avant toute inscription, il vous est recommand\u00e9 de passer une visite m\u00e9dicale et de souscrire \u00e0 une police d\u2019assurance de votre choix vous prot\u00e9geant pendant votre pratique sportive, notamment en cas d\u2019accident.<\/strong><\/h4>\n<h3>Pour vous inscrire :<\/h3>\n<ol>\n<li>Consulter <a href=\"https:\/\/sportboxconnect.wordpress-test.app.u-pariscite.fr\/courses\" target=\"_blank\" rel=\"noopener noreferrer\">l&rsquo;offre sportive 2024-2025 sur notre application en ligne<\/a><\/li>\n<li>Choisissez votre sport<\/li>\n<li>Inscrivez-vous et r\u00e9servez votre place en ligne via l&rsquo;application<\/li>\n<\/ol>\n<p>\u00a0Vous devez t\u00e9l\u00e9charger tous les documents demand\u00e9s lors de votre inscription.<\/p>\n<h3>\u00a0<\/h3>\n<h3>Justificatifs demand\u00e9s :<\/h3>\n<p>En tant qu\u2019\u00e9tudiant d\u2019 ENSAPVS, vous devez t\u00e9l\u00e9charger lors de votre inscription en ligne votre carte \u00e9tudiante ou votre certificat de scolarit\u00e9 24-25.<\/p>\n<p><strong>Les cours d\u00e9buteront la semaine du 16 septembre 2024.<\/strong><\/p>\n<\/div>\n<p>[\/et_pb_toggle][et_pb_toggle title=\u00a0\u00bbPersonnels d&rsquo;Universit\u00e9 Paris Cit\u00e9\u00a0\u00bb admin_label=\u00a0\u00bbPersonnel d&rsquo;Universit\u00e9 Paris Cit\u00e9\u00a0\u00bb _builder_version=\u00a0\u00bb4.16&Prime; z_index_tablet=\u00a0\u00bb500&Prime; global_colors_info=\u00a0\u00bb{}\u00a0\u00bb]<\/p>\n<div class=\"et_pb_toggle_content clearfix\">\n<h4><strong>Avant toute inscription, il vous est recommand\u00e9 de passer une visite m\u00e9dicale et de souscrire \u00e0 une police d\u2019assurance de votre choix vous prot\u00e9geant pendant votre pratique sportive, notamment en cas d\u2019accident.<\/strong><\/h4>\n<h3>Pour vous inscrire :<\/h3>\n<ol>\n<li>Consulter <a href=\"https:\/\/sportboxconnect.wordpress-test.app.u-pariscite.fr\/courses\" target=\"_blank\" rel=\"noopener noreferrer\">l&rsquo;offre sportive 2024-2025 sur notre application en ligne<\/a><\/li>\n<li>Choisissez votre sport<\/li>\n<li>Inscrivez-vous, r\u00e9servez votre place et payez en ligne via l&rsquo;application<\/li>\n<\/ol>\n<p>\u00a0Vous devez t\u00e9l\u00e9charger tous les documents demand\u00e9s sur la plateforme pour que votre inscription soit valid\u00e9e.<\/p>\n<h3>\u00a0<\/h3>\n<h3>Justificatifs demand\u00e9s :<\/h3>\n<p>En tant que personnel de l\u2019Universit\u00e9 Paris Cit\u00e9, vous devez t\u00e9l\u00e9charger un justificatif d\u2019appartenance \u00e0 UPCit\u00e9 (dernier bulletin de salaire ou contrat de travail)<\/p>\n<p>Votre cotisation d\u00e9pendra de votre indice :<\/p>\n<ul>\n<li style=\"list-style-type: none\">\n<ul>\n<li>Indice inf\u00e9rieur \u00e0 465 : <strong>30 \u20ac<\/strong><\/li>\n<li>Indice entre 465 et 608 : <strong>60 \u20ac<\/strong><\/li>\n<li>Indice \u00e9gal ou sup\u00e9rieur \u00e0 608 : <strong>100 \u20ac<\/strong><\/li>\n<\/ul>\n<\/li>\n<\/ul>\n<p>Le paiement pourra s&rsquo;effectuer au moment de votre inscription en ligne par carte bancaire. Si vous souhaitez payer par ch\u00e8que, il faudra venir le d\u00e9poser au secr\u00e9tariat du service des sports. A r\u00e9ception du ch\u00e8que, votre inscription sera valid\u00e9e.<\/p>\n<p><strong>Les cours d\u00e9buteront la semaine du 16 septembre 2024.<\/strong><\/p>\n<\/div>\n<p>[\/et_pb_toggle][et_pb_toggle title=\u00a0\u00bbAlumnis et retrait\u00e9s UPCit\u00e9 \/ Partenaires et conventionn\u00e9s\u00a0\u00bb admin_label=\u00a0\u00bbAlumni et retrait\u00e9s UPCit\u00e9 \/ Partenaires et conventionn\u00e9s\u00a0\u00bb _builder_version=\u00a0\u00bb4.16&Prime; z_index_tablet=\u00a0\u00bb500&Prime; global_colors_info=\u00a0\u00bb{}\u00a0\u00bb]<\/p>\n<p><strong>Avant toute inscription, il vous est recommand\u00e9 de passer une visite m\u00e9dicale et de souscrire \u00e0 une police d\u2019assurance de votre choix vous prot\u00e9geant pendant votre pratique sportive, notamment en cas d\u2019accident.<\/strong><\/p>\n<div class=\"et_pb_toggle_content clearfix\">\n<h3>Pour vous inscrire :<\/h3>\n<ol>\n<li>Consulter <a href=\"https:\/\/sportboxconnect.wordpress-test.app.u-pariscite.fr\/courses\" target=\"_blank\" rel=\"noopener noreferrer\">l&rsquo;offre sportive 2024-2025 sur notre application en ligne<\/a><\/li>\n<li>Choisissez votre sport<\/li>\n<li>Inscrivez-vous via l&rsquo;application<\/li>\n<\/ol>\n<p>\u00a0Vous devez t\u00e9l\u00e9charger tous les documents demand\u00e9s sur la plateforme pour que votre inscription soit valid\u00e9e.<\/p>\n<h3>Justificatifs demand\u00e9s :<\/h3>\n<p>En tant qu\u2019alumnis (dipl\u00f4m\u00e9s) ou personnels retrait\u00e9s d\u2019Universit\u00e9 Paris Cit\u00e9, personnel d\u2019une institution partenaire ou conventionn\u00e9e avec Universit\u00e9 Paris Cit\u00e9, vous devez fournir :<\/p>\n<ul>\n<li>Un justificatif de votre situation\n<ul>\n<li><strong>Pour les alumni Universit\u00e9 Paris Cit\u00e9<\/strong> : pr\u00e9sentation d\u2019un dipl\u00f4me ou d\u2019un certificat de dipl\u00f4mation (Universit\u00e9 Paris Cit\u00e9)<\/li>\n<li><strong>Pour les personnels retrait\u00e9s d\u2019Universit\u00e9 Paris Cit\u00e9<\/strong> : pr\u00e9sentation d\u2019un justificatif de retraite avec mention de votre ancien employeur (Universit\u00e9 Paris Cit\u00e9)<\/li>\n<li><strong>Pour le personnel d\u2019une institution partenaire ou conventionn\u00e9e avec Universit\u00e9 Paris Cit\u00e9<\/strong> : un justificatif d\u2019appartenance \u00e0 la structure<\/li>\n<\/ul>\n<\/li>\n<li>Votre cotisation d\u00e9pendra de votre profil (<a href=\"https:\/\/wordpress-test.app.u-pariscite.fr\/sport\/partenaires-et-conventionnes\/\">type de profil<\/a>)<\/li>\n<\/ul>\n<p>&nbsp;<\/p>\n<p>Le paiement pourra s&rsquo;effectuer au moment de votre inscription en ligne par carte bancaire. Si vous souhaitez payer par ch\u00e8que, il faudra venir le d\u00e9poser au secr\u00e9tariat du service des sports. A r\u00e9ception du ch\u00e8que, votre inscription sera valid\u00e9e.<\/p>\n<p><strong>Les cours d\u00e9buteront la semaine du 16 septembre 2024.<\/strong><\/p>\n<\/div>\n<p>[\/et_pb_toggle][et_pb_divider show_divider=\u00a0\u00bboff\u00a0\u00bb _builder_version=\u00a0\u00bb4.16&Prime; z_index_tablet=\u00a0\u00bb500&Prime; global_colors_info=\u00a0\u00bb{}\u00a0\u00bb][\/et_pb_divider][\/et_pb_column][et_pb_column type=\u00a0\u00bb1_4&Prime; _builder_version=\u00a0\u00bb4.16&Prime; custom_padding=\u00a0\u00bb|||\u00a0\u00bb global_colors_info=\u00a0\u00bb{}\u00a0\u00bb custom_padding__hover=\u00a0\u00bb|||\u00a0\u00bb][\/et_pb_column][\/et_pb_row][\/et_pb_section]<\/p>\n","protected":false},"excerpt":{"rendered":"<p>Le service des sports vous propose une offre de pratique physique et sportive diversifi\u00e9e. Nous vous invitons \u00e0 d\u00e9couvrir toutes les formes de pratique et notre catalogue de cours 2024-2025. Pour les \u00e9tudiants : le sport en pratique \u00e9valu\u00e9 (UE transverse)En fonction de votre fili\u00e8re et de votre ann\u00e9e d\u2019\u00e9tudes, vous avez souvent la possibilit\u00e9&hellip; <a class=\"continue\" href=\"https:\/\/wordpress-test.app.u-pariscite.fr\/sport\/faire-du-sport\/\">Lire la suite<span> Faire du sport<\/span><\/a><\/p>\n","protected":false},"author":35,"featured_media":0,"parent":0,"menu_order":0,"comment_status":"closed","ping_status":"closed","template":"","meta":{"_et_pb_use_builder":"on","_et_pb_old_content":"","_et_gb_content_width":"","footnotes":""},"class_list":["post-63","page","type-page","status-publish","hentry"],"_links":{"self":[{"href":"https:\/\/wordpress-test.app.u-pariscite.fr\/sport\/wp-json\/wp\/v2\/pages\/63","targetHints":{"allow":["GET"]}}],"collection":[{"href":"https:\/\/wordpress-test.app.u-pariscite.fr\/sport\/wp-json\/wp\/v2\/pages"}],"about":[{"href":"https:\/\/wordpress-test.app.u-pariscite.fr\/sport\/wp-json\/wp\/v2\/types\/page"}],"author":[{"embeddable":true,"href":"https:\/\/wordpress-test.app.u-pariscite.fr\/sport\/wp-json\/wp\/v2\/users\/35"}],"replies":[{"embeddable":true,"href":"https:\/\/wordpress-test.app.u-pariscite.fr\/sport\/wp-json\/wp\/v2\/comments?post=63"}],"version-history":[{"count":67,"href":"https:\/\/wordpress-test.app.u-pariscite.fr\/sport\/wp-json\/wp\/v2\/pages\/63\/revisions"}],"predecessor-version":[{"id":26603,"href":"https:\/\/wordpress-test.app.u-pariscite.fr\/sport\/wp-json\/wp\/v2\/pages\/63\/revisions\/26603"}],"wp:attachment":[{"href":"https:\/\/wordpress-test.app.u-pariscite.fr\/sport\/wp-json\/wp\/v2\/media?parent=63"}],"curies":[{"name":"wp","href":"https:\/\/api.w.org\/{rel}","templated":true}]}}