{"id":92,"date":"2020-06-22T18:46:16","date_gmt":"2020-06-22T16:46:16","guid":{"rendered":"https:\/\/wordpress-test.app.u-pariscite.fr\/societes-humanites\/?page_id=92"},"modified":"2024-11-14T11:59:02","modified_gmt":"2024-11-14T10:59:02","slug":"conseil-de-faculte","status":"publish","type":"page","link":"https:\/\/wordpress-test.app.u-pariscite.fr\/societes-humanites\/conseil-de-faculte\/","title":{"rendered":"Conseil de facult\u00e9"},"content":{"rendered":"<p>[et_pb_section bb_built=\u00a0\u00bb1&Prime; _builder_version=\u00a0\u00bb3.22&Prime; next_background_color=\u00a0\u00bb#000000&Prime;][et_pb_row _builder_version=\u00a0\u00bb3.22&Prime; background_size=\u00a0\u00bbinitial\u00a0\u00bb background_position=\u00a0\u00bbtop_left\u00a0\u00bb background_repeat=\u00a0\u00bbrepeat\u00a0\u00bb][et_pb_column type=\u00a0\u00bb4_4&Prime;][et_pb_post_title admin_label=\u00a0\u00bbTitre de la page\u00a0\u00bb meta=\u00a0\u00bboff\u00a0\u00bb featured_image=\u00a0\u00bboff\u00a0\u00bb _builder_version=\u00a0\u00bb3.19.11&Prime;]<\/p>\n<p>[\/et_pb_post_title][\/et_pb_column][\/et_pb_row][et_pb_row _builder_version=\u00a0\u00bb3.22&Prime; background_size=\u00a0\u00bbinitial\u00a0\u00bb background_position=\u00a0\u00bbtop_left\u00a0\u00bb background_repeat=\u00a0\u00bbrepeat\u00a0\u00bb][et_pb_column type=\u00a0\u00bb3_4&Prime;][et_pb_text _builder_version=\u00a0\u00bb3.22.1&Prime; z_index_tablet=\u00a0\u00bb500&Prime; text_text_shadow_horizontal_length=\u00a0\u00bbtext_text_shadow_style,%91object Object%93&Prime; text_text_shadow_vertical_length=\u00a0\u00bbtext_text_shadow_style,%91object Object%93&Prime; text_text_shadow_blur_strength=\u00a0\u00bbtext_text_shadow_style,%91object Object%93&Prime; link_text_shadow_horizontal_length=\u00a0\u00bblink_text_shadow_style,%91object Object%93&Prime; link_text_shadow_vertical_length=\u00a0\u00bblink_text_shadow_style,%91object Object%93&Prime; link_text_shadow_blur_strength=\u00a0\u00bblink_text_shadow_style,%91object Object%93&Prime; ul_text_shadow_horizontal_length=\u00a0\u00bbul_text_shadow_style,%91object Object%93&Prime; ul_text_shadow_vertical_length=\u00a0\u00bbul_text_shadow_style,%91object Object%93&Prime; ul_text_shadow_blur_strength=\u00a0\u00bbul_text_shadow_style,%91object Object%93&Prime; ol_text_shadow_horizontal_length=\u00a0\u00bbol_text_shadow_style,%91object Object%93&Prime; ol_text_shadow_vertical_length=\u00a0\u00bbol_text_shadow_style,%91object Object%93&Prime; ol_text_shadow_blur_strength=\u00a0\u00bbol_text_shadow_style,%91object Object%93&Prime; quote_text_shadow_horizontal_length=\u00a0\u00bbquote_text_shadow_style,%91object Object%93&Prime; quote_text_shadow_vertical_length=\u00a0\u00bbquote_text_shadow_style,%91object Object%93&Prime; quote_text_shadow_blur_strength=\u00a0\u00bbquote_text_shadow_style,%91object Object%93&Prime; header_text_shadow_horizontal_length=\u00a0\u00bbheader_text_shadow_style,%91object Object%93&Prime; header_text_shadow_vertical_length=\u00a0\u00bbheader_text_shadow_style,%91object Object%93&Prime; header_text_shadow_blur_strength=\u00a0\u00bbheader_text_shadow_style,%91object Object%93&Prime; header_2_text_shadow_horizontal_length=\u00a0\u00bbheader_2_text_shadow_style,%91object Object%93&Prime; header_2_text_shadow_vertical_length=\u00a0\u00bbheader_2_text_shadow_style,%91object Object%93&Prime; header_2_text_shadow_blur_strength=\u00a0\u00bbheader_2_text_shadow_style,%91object Object%93&Prime; header_3_text_shadow_horizontal_length=\u00a0\u00bbheader_3_text_shadow_style,%91object Object%93&Prime; header_3_text_shadow_vertical_length=\u00a0\u00bbheader_3_text_shadow_style,%91object Object%93&Prime; header_3_text_shadow_blur_strength=\u00a0\u00bbheader_3_text_shadow_style,%91object Object%93&Prime; header_4_text_shadow_horizontal_length=\u00a0\u00bbheader_4_text_shadow_style,%91object Object%93&Prime; header_4_text_shadow_vertical_length=\u00a0\u00bbheader_4_text_shadow_style,%91object Object%93&Prime; header_4_text_shadow_blur_strength=\u00a0\u00bbheader_4_text_shadow_style,%91object Object%93&Prime; header_5_text_shadow_horizontal_length=\u00a0\u00bbheader_5_text_shadow_style,%91object Object%93&Prime; header_5_text_shadow_vertical_length=\u00a0\u00bbheader_5_text_shadow_style,%91object Object%93&Prime; header_5_text_shadow_blur_strength=\u00a0\u00bbheader_5_text_shadow_style,%91object Object%93&Prime; header_6_text_shadow_horizontal_length=\u00a0\u00bbheader_6_text_shadow_style,%91object Object%93&Prime; header_6_text_shadow_vertical_length=\u00a0\u00bbheader_6_text_shadow_style,%91object Object%93&Prime; header_6_text_shadow_blur_strength=\u00a0\u00bbheader_6_text_shadow_style,%91object Object%93&Prime;]<\/p>\n<div class=\"page\" title=\"Page 1\">\n<div class=\"layoutArea\">\n<div class=\"column\">\n<p>En vertu de l\u2019article 7 des statuts de la Facult\u00e9 Soci\u00e9t\u00e9s et Humanit\u00e9s, le Conseil de facult\u00e9 est pr\u00e9sid\u00e9 par le Doyen de la Facult\u00e9, et constitu\u00e9 en majorit\u00e9 de membres \u00e9lus. Il dispose d\u2019un champ de comp\u00e9tence \u00e9largi, d\u00e9cidant par approbation ou avis concernant les mati\u00e8res budg\u00e9taires (contrat d\u2019objectifs et de moyens, projet de budget de la Facult\u00e9, r\u00e9partition des enveloppes entre formation et recherche\u2026), institutionnelles (statuts et r\u00e8glement int\u00e9rieur de la Facult\u00e9 et de ses composantes internes, ainsi que ses structures de recherche, cr\u00e9ation ou suppression de composantes internes et de structures de recherche, composition des commissions, \u2026), relevant de la formation (offre de formation, actions de formation continue, tarification de formations, projet d\u2019accr\u00e9ditation de formations), ou encore des ressources humaines (qualit\u00e9 et sant\u00e9 au travail, r\u00e9partition de postes\u2026).<\/p>\n<\/div>\n<\/div>\n<\/div>\n<p>[\/et_pb_text][et_pb_toggle admin_label=\u00a0\u00bbAttributions\u00a0\u00bb title=\u00a0\u00bbAttributions\u00a0\u00bb disabled_on=\u00a0\u00bbon|on|on\u00a0\u00bb _builder_version=\u00a0\u00bb3.22.1&Prime; custom_margin=\u00a0\u00bb||4px|||\u00a0\u00bb z_index_tablet=\u00a0\u00bb500&Prime; text_shadow_horizontal_length=\u00a0\u00bbtext_shadow_style,%91object Object%93&Prime; text_shadow_vertical_length=\u00a0\u00bbtext_shadow_style,%91object Object%93&Prime; text_shadow_blur_strength=\u00a0\u00bbtext_shadow_style,%91object Object%93&Prime; title_text_shadow_horizontal_length=\u00a0\u00bbtitle_text_shadow_style,%91object Object%93&Prime; title_text_shadow_vertical_length=\u00a0\u00bbtitle_text_shadow_style,%91object Object%93&Prime; title_text_shadow_blur_strength=\u00a0\u00bbtitle_text_shadow_style,%91object Object%93&Prime; body_text_shadow_horizontal_length=\u00a0\u00bbbody_text_shadow_style,%91object Object%93&Prime; body_text_shadow_vertical_length=\u00a0\u00bbbody_text_shadow_style,%91object Object%93&Prime; body_text_shadow_blur_strength=\u00a0\u00bbbody_text_shadow_style,%91object Object%93&Prime; disabled=\u00a0\u00bbon\u00a0\u00bb]<\/p>\n<div class=\"page\" title=\"Page 1\">\n<div class=\"layoutArea\">\n<div class=\"column\">\n<div class=\"column\">\n<ul>\n<li>Le conseil de facult\u00e9 vote le projet de contrat d&rsquo;objectifs et de moyens soumis \u00e0 l&rsquo;approbation du s\u00e9nat acad\u00e9mique ;<\/li>\n<li>Il examine et approuve, dans le respect du contrat d&rsquo;objectifs et de moyens et dans la limite des ressources allou\u00e9es, le projet de budget de la Facult\u00e9 qui est soumis \u00e0 l&rsquo;avis du s\u00e9nat acad\u00e9mique et au vote du conseil d&rsquo;administration ;<\/li>\n<li>Il r\u00e9partit les enveloppes respectivement allou\u00e9es \u00e0 la formation et \u00e0 la recherche en tenant compte des r\u00e8gles de r\u00e9partition fix\u00e9es par le s\u00e9nat acad\u00e9mique ;<\/li>\n<li>Il vote les statuts de la facult\u00e9 soumis \u00e0 l&rsquo;approbation du conseil d&rsquo;administration;<\/li>\n<li>Il adopte et modifie le r\u00e8glement int\u00e9rieur de la facult\u00e9 apr\u00e8s avis de l&rsquo;ensemble des directeurs de composantes internes \u00e0 la facult\u00e9 ;<\/li>\n<li>Il rend un avis sur les statuts des composantes internes \u00e0 la facult\u00e9, propos\u00e9s par le conseil de composante et approuv\u00e9s par le s\u00e9nat acad\u00e9mique ;<\/li>\n<li>Il approuve le r\u00e8glement int\u00e9rieur des composantes internes \u00e0 la facult\u00e9;<\/li>\n<li>Il approuve le r\u00e8glement int\u00e9rieur des structures de recherche vot\u00e9 par leurs conseils et \u00e9tabli dans le respect du cadre fix\u00e9 par le s\u00e9nat acad\u00e9mique ;<\/li>\n<li>Il rend un avis sur la proposition de cr\u00e9ation ou de suppression d&rsquo;une composante interne \u00e0 la facult\u00e9;<\/li>\n<li>Il rend un avis sur la cr\u00e9ation de structures de recherche ;<\/li>\n<li>Il approuve l&rsquo;offre de formation sur proposition de la commission Formation du conseil acad\u00e9mique ;<\/li>\n<li>Il approuve le bilan des actions de formation continue ;<\/li>\n<li>Il adopte les politiques de tarification des formations autres que celles qui d\u00e9livrent un dipl\u00f4me national, dans le respect du cadre \u00e9tabli par le s\u00e9nat acad\u00e9mique ;<\/li>\n<li>Il adopte la composition des commissions ad hoc propos\u00e9es par le doyen ;<\/li>\n<li>Il pr\u00e9pare le projet d&rsquo;accr\u00e9ditation pour les formations le concernant, accompagn\u00e9 du volet relatif \u00e0 leur soutenabilit\u00e9;<\/li>\n<li>Il adopte les mesures de qualit\u00e9 et de sant\u00e9 au travail de ses personnels ;<\/li>\n<li>Il approuve le profil et la r\u00e9partition des postes d&rsquo;enseignants-chercheurs et personnels assimil\u00e9s et d&rsquo;enseignants ouverts au recrutement au sein de la facult\u00e9;<\/li>\n<li>Il approuve le profil et la r\u00e9partition des postes de personnels des biblioth\u00e8ques, ing\u00e9nieurs, administratifs et techniques ouverts au recrutement au sein de la facult\u00e9.<\/li>\n<li>Il d\u00e9signe ses repr\u00e9sentants au sein des conseils de facult\u00e9 des facut\u00e9s Soci\u00e9t\u00e9s et Humanit\u00e9s et sciences.<\/li>\n<\/ul>\n<\/div>\n<\/div>\n<\/div>\n<\/div>\n<p>[\/et_pb_toggle][et_pb_toggle admin_label=\u00a0\u00bbComposition \u00a0\u00bb title=\u00a0\u00bbComposition \u00a0\u00bb disabled_on=\u00a0\u00bboff|off|off\u00a0\u00bb _builder_version=\u00a0\u00bb3.22.1&Prime; z_index_tablet=\u00a0\u00bb500&Prime; text_shadow_horizontal_length=\u00a0\u00bbtext_shadow_style,%91object Object%93&Prime; text_shadow_vertical_length=\u00a0\u00bbtext_shadow_style,%91object Object%93&Prime; text_shadow_blur_strength=\u00a0\u00bbtext_shadow_style,%91object Object%93&Prime; title_text_shadow_horizontal_length=\u00a0\u00bbtitle_text_shadow_style,%91object Object%93&Prime; title_text_shadow_vertical_length=\u00a0\u00bbtitle_text_shadow_style,%91object Object%93&Prime; title_text_shadow_blur_strength=\u00a0\u00bbtitle_text_shadow_style,%91object Object%93&Prime; body_text_shadow_horizontal_length=\u00a0\u00bbbody_text_shadow_style,%91object Object%93&Prime; body_text_shadow_vertical_length=\u00a0\u00bbbody_text_shadow_style,%91object Object%93&Prime; body_text_shadow_blur_strength=\u00a0\u00bbbody_text_shadow_style,%91object Object%93&Prime;]<\/p>\n<div class=\"page\" title=\"Page 1\">\n<div class=\"layoutArea\">\n<div class=\"column\">\n<div class=\"column\">\n<p><strong>Doyen de la Facult\u00e9<\/strong><\/p>\n<p>Sylvain MOUTIER<\/p>\n<p><strong>Coll\u00e8ge A<\/strong><\/p>\n<p>Bernard ANDRIEU<br \/>Nathalie BLANC<br \/>Jean-Fran\u00e7ois COTTIER<br \/>Marie CUILLERAI<br \/>Patrick FARGES<br \/>Liliane HILAIRE-PEREZ<br \/>Marie-H\u00e9l\u00e8ne JEANNERET-CRETTEZ<br \/>Sylvain MOUTIER<br \/>Ladan NIAYESH<br \/>Val\u00e9rie ROBIN<\/p>\n<p><strong>Coll\u00e8ge B<\/strong><\/p>\n<\/div>\n<div class=\"column\">\n<p>Laurence CROS<br \/>Jean-Baptiste DELZANT<br \/>R\u00e9mi GOASDOUE<br \/>Ga\u00eble HENRI-PANABIERE<br \/>Sabina ISSEHNANE<br \/>Muriel LOUAPRE<br \/>Mohamed MELLOUK<br \/>Aur\u00e9lia MICHEL<br \/>Laure MONTILLET de SAINT-PERN\u00a0<br \/>Val\u00e9rie SACRISTE<\/p>\n<p><strong>Coll\u00e8ge BIATSS<\/strong><\/p>\n<p>Laurent BERTHET<br \/>S\u00e9verine DESSAJAN<br \/>Dimitri GAMBY-MAS<br \/>Emmanuel LAVALY<br \/>Gilles PIDARD<br \/>La\u00ebtitia ROBIN<\/p>\n<div class=\"column\">\n<p><strong>Coll\u00e8ge \u00e9tudiants titulaires<\/strong><\/p>\n<\/div>\n<p>Zazie CZAPLA<br \/>Malo DE SAXCE<br \/>Th\u00e9a ECHE<br \/>Hyacinthe HENRY<br \/>Lucia MEDEN DE CASTRO<br \/>Fran\u00e7ois QUINTIN <br \/>Antoine WOLF FRAGUES<\/p>\n<p><strong>Coll\u00e8ge \u00e9tudiants suppl\u00e9ants<\/strong><\/p>\n<\/div>\n<p>Malo DE SAXCE<br \/>Dimitri PROVENCIO <br \/>Cobalt TOLBERT<br \/>Elina TRICOCHE<br \/>Philom\u00e8ne TROULLIER<strong><br \/><\/strong><\/p>\n<p><strong>Invit\u00e9s permanents<\/strong><\/p>\n<p>Marie COLLOMBEL <br \/>Benoit CRABBE <br \/>Salem DAHECH <br \/>Corinne DAUGAN <br \/>Alain LAQUIEZE <br \/>Jean-Marie FOURNIER <br \/>R\u00e9mi GOASDOUE <br \/>Zo\u00e9 GRUPPO <br \/>Sabina ISSEHNANE <br \/>Isabelle JAMBAQUE-AUBOURG <br \/>Laurie LAUFER <br \/>C\u00e9cile LEFEVRE <br \/>Julia MOTTE-BAUMVOL <br \/>St\u00e9phane PATIN <br \/>Claire SAILLARD <br \/>Marie SALA\u00dcN <br \/>Xavier SENSE <br \/>St\u00e9phanie SMADJA <br \/>Daniel STRUVE <br \/>Jean VIGNES <br \/>Damien VITIELLO<\/p>\n<\/div>\n<div class=\"column\">\n<p><strong>Administration<\/strong><\/p>\n<p>Marie-Charlotte BOURGEOIS <br \/>Adrien DELARUE<\/p>\n<\/div>\n<\/div>\n<\/div>\n<p>[\/et_pb_toggle][et_pb_toggle admin_label=\u00a0\u00bbD\u00e9lib\u00e9rations\u00a0\u00bb title=\u00a0\u00bbD\u00e9lib\u00e9rations et PV\u00a0\u00bb disabled_on=\u00a0\u00bboff|off|off\u00a0\u00bb _builder_version=\u00a0\u00bb3.22.1&Prime; custom_margin=\u00a0\u00bb||100px|\u00a0\u00bb z_index_tablet=\u00a0\u00bb500&Prime; disabled=\u00a0\u00bboff\u00a0\u00bb text_shadow_horizontal_length=\u00a0\u00bbtext_shadow_style,%91object Object%93&Prime; text_shadow_vertical_length=\u00a0\u00bbtext_shadow_style,%91object Object%93&Prime; text_shadow_blur_strength=\u00a0\u00bbtext_shadow_style,%91object Object%93&Prime; title_text_shadow_horizontal_length=\u00a0\u00bbtitle_text_shadow_style,%91object Object%93&Prime; title_text_shadow_vertical_length=\u00a0\u00bbtitle_text_shadow_style,%91object Object%93&Prime; title_text_shadow_blur_strength=\u00a0\u00bbtitle_text_shadow_style,%91object Object%93&Prime; body_text_shadow_horizontal_length=\u00a0\u00bbbody_text_shadow_style,%91object Object%93&Prime; body_text_shadow_vertical_length=\u00a0\u00bbbody_text_shadow_style,%91object Object%93&Prime; body_text_shadow_blur_strength=\u00a0\u00bbbody_text_shadow_style,%91object Object%93&Prime;]<\/p>\n<div class=\"page\" title=\"Page 1\">\n<div class=\"layoutArea\">\n<div class=\"et_pb_toggle_content clearfix\">\n<p>Dans un souci de transparence envers ses usagers, la facult\u00e9 a souhait\u00e9 publier l\u2019int\u00e9gralit\u00e9 des d\u00e9bats qui animent ses conseils et commissions, retrouvez donc les PV et d\u00e9lib\u00e9rations du conseil de facult\u00e9 dans les dossiers cloud d\u00e9di\u00e9s :<\/p>\n<ul>\n<li><a href=\"https:\/\/cloud.parisdescartes.fr\/index.php\/s\/ekr2nTmJEzpDziL\" target=\"_blank\" rel=\"noopener noreferrer\">Proc\u00e8s verbaux<\/a><\/li>\n<li><a href=\"https:\/\/cloud.parisdescartes.fr\/index.php\/s\/fgCncE95HSyk7fB?path=%2F2024\" target=\"_blank\" rel=\"noopener noreferrer\">D\u00e9lib\u00e9rations<\/a><\/li>\n<\/ul>\n<h5>\u00a0<\/h5>\n<\/div>\n<\/div>\n<\/div>\n<p>[\/et_pb_toggle][\/et_pb_column][et_pb_column type=\u00a0\u00bb1_4&Prime;][et_pb_image _builder_version=\u00a0\u00bb3.22.1&Prime; src=\u00a0\u00bbhttps:\/\/wordpress-test.app.u-pariscite.fr\/societes-humanites\/wp-content\/uploads\/sites\/20\/2023\/08\/conseil-fac-ELECTIONS-DATA_FSH1.png\u00a0\u00bb url=\u00a0\u00bbhttps:\/\/wordpress-test.app.u-pariscite.fr\/societes-humanites\/wp-content\/uploads\/sites\/20\/2023\/08\/conseil-fac-ELECTIONS-DATA_FSH1.png\u00a0\u00bb url_new_window=\u00a0\u00bbon\u00a0\u00bb z_index_tablet=\u00a0\u00bb500&Prime; \/][et_pb_button admin_label=\u00a0\u00bbbouton &#8211; ajouter le lien vers la page\u00a0\u00bb button_url=\u00a0\u00bbhttps:\/\/wordpress-test.app.u-pariscite.fr\/societes-humanites\/calendrier-des-instances-de-la-faculte\/\u00a0\u00bb button_text=\u00a0\u00bbCalendrier des sessions\u00a0\u00bb button_alignment=\u00a0\u00bbleft\u00a0\u00bb _builder_version=\u00a0\u00bb3.22.1&Prime; custom_button=\u00a0\u00bbon\u00a0\u00bb button_text_color=\u00a0\u00bb#ffffff\u00a0\u00bb button_bg_color=\u00a0\u00bb#8a1538&Prime; button_border_width=\u00a0\u00bb2&Prime; button_border_radius=\u00a0\u00bb26&Prime; button_icon=\u00a0\u00bb%%20%%\u00a0\u00bb button_icon_color=\u00a0\u00bb#ffffff\u00a0\u00bb button_on_hover=\u00a0\u00bboff\u00a0\u00bb background_layout=\u00a0\u00bbdark\u00a0\u00bb hover_enabled=\u00a0\u00bb0&Prime; custom_css_after=\u00a0\u00bbmargin-left: 0!important;\u00a0\u00bb saved_tabs=\u00a0\u00bball\u00a0\u00bb background_layout__hover_enabled=\u00a0\u00bbon\u00a0\u00bb background_layout__hover=\u00a0\u00bblight\u00a0\u00bb button_bg_color__hover_enabled=\u00a0\u00bbon\u00a0\u00bb button_bg_color__hover=\u00a0\u00bb#ffffff\u00a0\u00bb button_icon_color__hover_enabled=\u00a0\u00bbon\u00a0\u00bb button_icon_color__hover=\u00a0\u00bb#aa004f\u00a0\u00bb button_text_color__hover_enabled=\u00a0\u00bbon\u00a0\u00bb button_text_color__hover=\u00a0\u00bb#aa004f\u00a0\u00bb custom_css_after__hover_enabled=\u00a0\u00bbon\u00a0\u00bb custom_css_after__hover=\u00a0\u00bbmargin-left: 0!important;\u00a0\u00bb button_border_color=\u00a0\u00bb#8a1538&Prime; button_text_shadow_horizontal_length=\u00a0\u00bbbutton_text_shadow_style,%91object Object%93&Prime; button_text_shadow_vertical_length=\u00a0\u00bbbutton_text_shadow_style,%91object Object%93&Prime; button_text_shadow_blur_strength=\u00a0\u00bbbutton_text_shadow_style,%91object Object%93&Prime; z_index_tablet=\u00a0\u00bb500&Prime; custom_margin=\u00a0\u00bb20px|||\u00a0\u00bb \/][\/et_pb_column][\/et_pb_row][\/et_pb_section][et_pb_section bb_built=\u00a0\u00bb1&Prime; disabled_on=\u00a0\u00bboff|off|off\u00a0\u00bb _builder_version=\u00a0\u00bb3.22.1&Prime; custom_padding=\u00a0\u00bb0px||0px|\u00a0\u00bb z_index_tablet=\u00a0\u00bb500&Prime; prev_background_color=\u00a0\u00bb#000000&Prime;][et_pb_row _builder_version=\u00a0\u00bb3.22&Prime;][et_pb_column type=\u00a0\u00bb4_4&Prime;][et_pb_text admin_label=\u00a0\u00bb\u00c0 lire aussi\u00a0\u00bb _builder_version=\u00a0\u00bb3.21&Prime;]<\/p>\n<h2><span class=\"st\">\u00c0<\/span> lire aussi<\/h2>\n<p>[\/et_pb_text][et_pb_blog posts_number=\u00a0\u00bb4&Prime; include_categories=\u00a0\u00bb78,38,1,17,23,34,19,21&Prime; show_author=\u00a0\u00bboff\u00a0\u00bb show_date=\u00a0\u00bboff\u00a0\u00bb show_pagination=\u00a0\u00bboff\u00a0\u00bb module_id=\u00a0\u00bbpage_type_blog\u00a0\u00bb _builder_version=\u00a0\u00bb3.22.1&Prime; header_level=\u00a0\u00bbh4&Prime; border_width_bottom_fullwidth=\u00a0\u00bb1px\u00a0\u00bb border_color_bottom_fullwidth=\u00a0\u00bbrgba(51,51,51,0.18)\u00a0\u00bb custom_padding=\u00a0\u00bb||50px|\u00a0\u00bb z_index_tablet=\u00a0\u00bb500&Prime; text_shadow_horizontal_length=\u00a0\u00bbtext_shadow_style,%91object Object%93&Prime; text_shadow_vertical_length=\u00a0\u00bbtext_shadow_style,%91object Object%93&Prime; text_shadow_blur_strength=\u00a0\u00bbtext_shadow_style,%91object Object%93&Prime; header_text_shadow_horizontal_length=\u00a0\u00bbheader_text_shadow_style,%91object Object%93&Prime; header_text_shadow_vertical_length=\u00a0\u00bbheader_text_shadow_style,%91object Object%93&Prime; header_text_shadow_blur_strength=\u00a0\u00bbheader_text_shadow_style,%91object Object%93&Prime; body_text_shadow_horizontal_length=\u00a0\u00bbbody_text_shadow_style,%91object Object%93&Prime; body_text_shadow_vertical_length=\u00a0\u00bbbody_text_shadow_style,%91object Object%93&Prime; body_text_shadow_blur_strength=\u00a0\u00bbbody_text_shadow_style,%91object Object%93&Prime; meta_text_shadow_horizontal_length=\u00a0\u00bbmeta_text_shadow_style,%91object Object%93&Prime; meta_text_shadow_vertical_length=\u00a0\u00bbmeta_text_shadow_style,%91object Object%93&Prime; meta_text_shadow_blur_strength=\u00a0\u00bbmeta_text_shadow_style,%91object Object%93&Prime; pagination_text_shadow_horizontal_length=\u00a0\u00bbpagination_text_shadow_style,%91object Object%93&Prime; pagination_text_shadow_vertical_length=\u00a0\u00bbpagination_text_shadow_style,%91object Object%93&Prime; pagination_text_shadow_blur_strength=\u00a0\u00bbpagination_text_shadow_style,%91object Object%93&Prime;]<\/p>\n<p>[\/et_pb_blog][\/et_pb_column][\/et_pb_row][\/et_pb_section]<\/p>\n","protected":false},"excerpt":{"rendered":"<p>En vertu de l\u2019article 7 des statuts de la Facult\u00e9 Soci\u00e9t\u00e9s et Humanit\u00e9s, le Conseil de facult\u00e9 est pr\u00e9sid\u00e9 par le Doyen de la Facult\u00e9, et constitu\u00e9 en majorit\u00e9 de membres \u00e9lus. Il dispose d\u2019un champ de comp\u00e9tence \u00e9largi, d\u00e9cidant par approbation ou avis concernant les mati\u00e8res budg\u00e9taires (contrat d\u2019objectifs et de moyens, projet de&hellip; <a class=\"continue\" href=\"https:\/\/wordpress-test.app.u-pariscite.fr\/societes-humanites\/conseil-de-faculte\/\">Lire la suite<span> Conseil de facult\u00e9<\/span><\/a><\/p>\n","protected":false},"author":35,"featured_media":0,"parent":0,"menu_order":0,"comment_status":"closed","ping_status":"closed","template":"","meta":{"_et_pb_use_builder":"on","_et_pb_old_content":"","_et_gb_content_width":"","footnotes":""},"class_list":["post-92","page","type-page","status-publish","hentry"],"_links":{"self":[{"href":"https:\/\/wordpress-test.app.u-pariscite.fr\/societes-humanites\/wp-json\/wp\/v2\/pages\/92","targetHints":{"allow":["GET"]}}],"collection":[{"href":"https:\/\/wordpress-test.app.u-pariscite.fr\/societes-humanites\/wp-json\/wp\/v2\/pages"}],"about":[{"href":"https:\/\/wordpress-test.app.u-pariscite.fr\/societes-humanites\/wp-json\/wp\/v2\/types\/page"}],"author":[{"embeddable":true,"href":"https:\/\/wordpress-test.app.u-pariscite.fr\/societes-humanites\/wp-json\/wp\/v2\/users\/35"}],"replies":[{"embeddable":true,"href":"https:\/\/wordpress-test.app.u-pariscite.fr\/societes-humanites\/wp-json\/wp\/v2\/comments?post=92"}],"version-history":[{"count":37,"href":"https:\/\/wordpress-test.app.u-pariscite.fr\/societes-humanites\/wp-json\/wp\/v2\/pages\/92\/revisions"}],"predecessor-version":[{"id":55111,"href":"https:\/\/wordpress-test.app.u-pariscite.fr\/societes-humanites\/wp-json\/wp\/v2\/pages\/92\/revisions\/55111"}],"wp:attachment":[{"href":"https:\/\/wordpress-test.app.u-pariscite.fr\/societes-humanites\/wp-json\/wp\/v2\/media?parent=92"}],"curies":[{"name":"wp","href":"https:\/\/api.w.org\/{rel}","templated":true}]}}