{"id":85,"date":"2020-06-24T11:44:39","date_gmt":"2020-06-24T09:44:39","guid":{"rendered":"https:\/\/wordpress-test.app.u-pariscite.fr\/siumpps\/?page_id=85"},"modified":"2024-07-22T11:32:54","modified_gmt":"2024-07-22T09:32:54","slug":"aide-psychologique","status":"publish","type":"page","link":"https:\/\/wordpress-test.app.u-pariscite.fr\/service-sante\/aide-psychologique\/","title":{"rendered":"Aide psychologique"},"content":{"rendered":"<p>[et_pb_section bb_built=\u00a0\u00bb1&Prime; _builder_version=\u00a0\u00bb3.22&Prime;][et_pb_row _builder_version=\u00a0\u00bb3.22&Prime; background_size=\u00a0\u00bbinitial\u00a0\u00bb background_position=\u00a0\u00bbtop_left\u00a0\u00bb background_repeat=\u00a0\u00bbrepeat\u00a0\u00bb][et_pb_column type=\u00a0\u00bb4_4&Prime;][et_pb_post_title admin_label=\u00a0\u00bbTitre de la page\u00a0\u00bb meta=\u00a0\u00bboff\u00a0\u00bb featured_image=\u00a0\u00bboff\u00a0\u00bb _builder_version=\u00a0\u00bb3.19.11&Prime;]<\/p>\n<p>[\/et_pb_post_title][\/et_pb_column][\/et_pb_row][et_pb_row module_id=\u00a0\u00bbimage-page-type\u00a0\u00bb _builder_version=\u00a0\u00bb3.22&Prime;][et_pb_column type=\u00a0\u00bb3_4&Prime;][et_pb_image admin_label=\u00a0\u00bbImage 1920 x 1080&Prime; src=\u00a0\u00bbhttps:\/\/wordpress-test.app.u-pariscite.fr\/service-sante\/wp-content\/uploads\/sites\/22\/2020\/06\/psycho.jpeg\u00a0\u00bb module_id=\u00a0\u00bbimage-page\u00a0\u00bb _builder_version=\u00a0\u00bb3.22.1&Prime; z_index_tablet=\u00a0\u00bb500&Prime;]<\/p>\n<p>[\/et_pb_image][\/et_pb_column][et_pb_column type=\u00a0\u00bb1_4&Prime;][et_pb_text admin_label=\u00a0\u00bbTexte image\u00a0\u00bb module_id=\u00a0\u00bbtexte-image\u00a0\u00bb _builder_version=\u00a0\u00bb3.22.1&Prime; custom_margin=\u00a0\u00bb|-15px||\u00a0\u00bb z_index_tablet=\u00a0\u00bb500&Prime;]<\/p>\n<p>Parce que les \u00e9tudes peuvent engendrer stress et inqui\u00e9tudes, parce que vous devez faire face \u00e0 une situation personnelle compliqu\u00e9e, parce que vous avez des questions et\/ou vous avez \u00ab\u00a0juste\u00a0\u00bb envie de parler et d\u2019\u00eatre \u00e9cout\u00e9\u2026<\/p>\n<p>[\/et_pb_text][\/et_pb_column][\/et_pb_row][et_pb_row _builder_version=\u00a0\u00bb3.22&Prime; background_size=\u00a0\u00bbinitial\u00a0\u00bb background_position=\u00a0\u00bbtop_left\u00a0\u00bb background_repeat=\u00a0\u00bbrepeat\u00a0\u00bb][et_pb_column type=\u00a0\u00bb3_4&Prime;][et_pb_text admin_label=\u00a0\u00bbConsultation au SSE\u00a0\u00bb module_id=\u00a0\u00bbcontenu\u00a0\u00bb _builder_version=\u00a0\u00bb3.22.1&Prime; z_index_tablet=\u00a0\u00bb500&Prime; text_text_shadow_horizontal_length=\u00a0\u00bbtext_text_shadow_style,%91object Object%93&Prime; text_text_shadow_vertical_length=\u00a0\u00bbtext_text_shadow_style,%91object Object%93&Prime; text_text_shadow_blur_strength=\u00a0\u00bbtext_text_shadow_style,%91object Object%93&Prime; link_text_shadow_horizontal_length=\u00a0\u00bblink_text_shadow_style,%91object Object%93&Prime; link_text_shadow_vertical_length=\u00a0\u00bblink_text_shadow_style,%91object Object%93&Prime; link_text_shadow_blur_strength=\u00a0\u00bblink_text_shadow_style,%91object Object%93&Prime; ul_text_shadow_horizontal_length=\u00a0\u00bbul_text_shadow_style,%91object Object%93&Prime; ul_text_shadow_vertical_length=\u00a0\u00bbul_text_shadow_style,%91object Object%93&Prime; ul_text_shadow_blur_strength=\u00a0\u00bbul_text_shadow_style,%91object Object%93&Prime; ol_text_shadow_horizontal_length=\u00a0\u00bbol_text_shadow_style,%91object Object%93&Prime; ol_text_shadow_vertical_length=\u00a0\u00bbol_text_shadow_style,%91object Object%93&Prime; ol_text_shadow_blur_strength=\u00a0\u00bbol_text_shadow_style,%91object Object%93&Prime; quote_text_shadow_horizontal_length=\u00a0\u00bbquote_text_shadow_style,%91object Object%93&Prime; quote_text_shadow_vertical_length=\u00a0\u00bbquote_text_shadow_style,%91object Object%93&Prime; quote_text_shadow_blur_strength=\u00a0\u00bbquote_text_shadow_style,%91object Object%93&Prime; header_text_shadow_horizontal_length=\u00a0\u00bbheader_text_shadow_style,%91object Object%93&Prime; header_text_shadow_vertical_length=\u00a0\u00bbheader_text_shadow_style,%91object Object%93&Prime; header_text_shadow_blur_strength=\u00a0\u00bbheader_text_shadow_style,%91object Object%93&Prime; header_2_text_shadow_horizontal_length=\u00a0\u00bbheader_2_text_shadow_style,%91object Object%93&Prime; header_2_text_shadow_vertical_length=\u00a0\u00bbheader_2_text_shadow_style,%91object Object%93&Prime; header_2_text_shadow_blur_strength=\u00a0\u00bbheader_2_text_shadow_style,%91object Object%93&Prime; header_3_text_shadow_horizontal_length=\u00a0\u00bbheader_3_text_shadow_style,%91object Object%93&Prime; header_3_text_shadow_vertical_length=\u00a0\u00bbheader_3_text_shadow_style,%91object Object%93&Prime; header_3_text_shadow_blur_strength=\u00a0\u00bbheader_3_text_shadow_style,%91object Object%93&Prime; header_4_text_shadow_horizontal_length=\u00a0\u00bbheader_4_text_shadow_style,%91object Object%93&Prime; header_4_text_shadow_vertical_length=\u00a0\u00bbheader_4_text_shadow_style,%91object Object%93&Prime; header_4_text_shadow_blur_strength=\u00a0\u00bbheader_4_text_shadow_style,%91object Object%93&Prime; header_5_text_shadow_horizontal_length=\u00a0\u00bbheader_5_text_shadow_style,%91object Object%93&Prime; header_5_text_shadow_vertical_length=\u00a0\u00bbheader_5_text_shadow_style,%91object Object%93&Prime; header_5_text_shadow_blur_strength=\u00a0\u00bbheader_5_text_shadow_style,%91object Object%93&Prime; header_6_text_shadow_horizontal_length=\u00a0\u00bbheader_6_text_shadow_style,%91object Object%93&Prime; header_6_text_shadow_vertical_length=\u00a0\u00bbheader_6_text_shadow_style,%91object Object%93&Prime; header_6_text_shadow_blur_strength=\u00a0\u00bbheader_6_text_shadow_style,%91object Object%93&Prime;]<\/p>\n<div class=\"page\" title=\"Page 1\">\n<div class=\"layoutArea\">\n<h3><strong>Consultation au centre de sant\u00e9 \u00e9tudiante<br \/><\/strong><\/h3>\n<p>Plusieurs psychologues sont \u00e0 votre \u00e9coute dans nos diff\u00e9rents sites pour des consultations d\u2019aide, d\u2019\u00e9coute et de suivi psychologique.<\/p>\n<p><strong>Ces professionnels vous recevront :<\/strong><\/p>\n<ul>\n<li>\u00c0 tout moment de l\u2019ann\u00e9e universitaire ;<\/li>\n<li>Pour une seule consultation, sur une courte p\u00e9riode ou r\u00e9guli\u00e8rement ;<\/li>\n<li>Quelle que soit votre ann\u00e9e d\u2019\u00e9tude ;<\/li>\n<li>En toute confidentialit\u00e9.<\/li>\n<\/ul>\n<p>Des m\u00e9decins psychiatres sont \u00e9galement \u00e0 votre \u00e9coute au sein de notre centre de sant\u00e9. Ils peuvent vous aider et vous proposer un traitement en cas de d\u00e9pression, de troubles obsessionnels compulsifs (TOC), de troubles du comportement alimentaire (boulimie, anorexie), d\u2019anxi\u00e9t\u00e9\u2026<\/p>\n<p><strong>Important : <\/strong>Si vous souhaitez prendre rendez-vous avec un <strong>m\u00e9decin psychiatre<\/strong>, parlez-en \u00e0 nos m\u00e9decins g\u00e9n\u00e9ralistes ou psychologues.<\/p>\n<\/div>\n<\/div>\n<p>[\/et_pb_text][et_pb_text _builder_version=\u00a0\u00bb3.22.1&Prime; z_index_tablet=\u00a0\u00bb500&Prime; saved_tabs=\u00a0\u00bball\u00a0\u00bb text_text_shadow_horizontal_length=\u00a0\u00bbtext_text_shadow_style,%91object Object%93&Prime; text_text_shadow_vertical_length=\u00a0\u00bbtext_text_shadow_style,%91object Object%93&Prime; text_text_shadow_blur_strength=\u00a0\u00bbtext_text_shadow_style,%91object Object%93&Prime; link_text_shadow_horizontal_length=\u00a0\u00bblink_text_shadow_style,%91object Object%93&Prime; link_text_shadow_vertical_length=\u00a0\u00bblink_text_shadow_style,%91object Object%93&Prime; link_text_shadow_blur_strength=\u00a0\u00bblink_text_shadow_style,%91object Object%93&Prime; ul_text_shadow_horizontal_length=\u00a0\u00bbul_text_shadow_style,%91object Object%93&Prime; ul_text_shadow_vertical_length=\u00a0\u00bbul_text_shadow_style,%91object Object%93&Prime; ul_text_shadow_blur_strength=\u00a0\u00bbul_text_shadow_style,%91object Object%93&Prime; ol_text_shadow_horizontal_length=\u00a0\u00bbol_text_shadow_style,%91object Object%93&Prime; ol_text_shadow_vertical_length=\u00a0\u00bbol_text_shadow_style,%91object Object%93&Prime; ol_text_shadow_blur_strength=\u00a0\u00bbol_text_shadow_style,%91object Object%93&Prime; quote_text_shadow_horizontal_length=\u00a0\u00bbquote_text_shadow_style,%91object Object%93&Prime; quote_text_shadow_vertical_length=\u00a0\u00bbquote_text_shadow_style,%91object Object%93&Prime; quote_text_shadow_blur_strength=\u00a0\u00bbquote_text_shadow_style,%91object Object%93&Prime; header_text_shadow_horizontal_length=\u00a0\u00bbheader_text_shadow_style,%91object Object%93&Prime; header_text_shadow_vertical_length=\u00a0\u00bbheader_text_shadow_style,%91object Object%93&Prime; header_text_shadow_blur_strength=\u00a0\u00bbheader_text_shadow_style,%91object Object%93&Prime; header_2_text_shadow_horizontal_length=\u00a0\u00bbheader_2_text_shadow_style,%91object Object%93&Prime; header_2_text_shadow_vertical_length=\u00a0\u00bbheader_2_text_shadow_style,%91object Object%93&Prime; header_2_text_shadow_blur_strength=\u00a0\u00bbheader_2_text_shadow_style,%91object Object%93&Prime; header_3_text_shadow_horizontal_length=\u00a0\u00bbheader_3_text_shadow_style,%91object Object%93&Prime; header_3_text_shadow_vertical_length=\u00a0\u00bbheader_3_text_shadow_style,%91object Object%93&Prime; header_3_text_shadow_blur_strength=\u00a0\u00bbheader_3_text_shadow_style,%91object Object%93&Prime; header_4_text_shadow_horizontal_length=\u00a0\u00bbheader_4_text_shadow_style,%91object Object%93&Prime; header_4_text_shadow_vertical_length=\u00a0\u00bbheader_4_text_shadow_style,%91object Object%93&Prime; header_4_text_shadow_blur_strength=\u00a0\u00bbheader_4_text_shadow_style,%91object Object%93&Prime; header_5_text_shadow_horizontal_length=\u00a0\u00bbheader_5_text_shadow_style,%91object Object%93&Prime; header_5_text_shadow_vertical_length=\u00a0\u00bbheader_5_text_shadow_style,%91object Object%93&Prime; header_5_text_shadow_blur_strength=\u00a0\u00bbheader_5_text_shadow_style,%91object Object%93&Prime; header_6_text_shadow_horizontal_length=\u00a0\u00bbheader_6_text_shadow_style,%91object Object%93&Prime; header_6_text_shadow_vertical_length=\u00a0\u00bbheader_6_text_shadow_style,%91object Object%93&Prime; header_6_text_shadow_blur_strength=\u00a0\u00bbheader_6_text_shadow_style,%91object Object%93&Prime;]<\/p>\n<blockquote>\n<h3>Planifiez votre rendez-vous<\/h3>\n<p>Vous pouvez prendre rendez-vous avec un psychologue sur l&rsquo;une des 4 antennes de votre choix :<\/p>\n<ul>\n<li><a href=\"https:\/\/www.doctolib.fr\/centre-de-sante\/paris\/sse-service-de-sante-etudiante-campus-saint-germain\/booking\/motives?specialityId=14&amp;telehealth=false&amp;placeId=practice-1541&amp;profile_skipped=true&amp;bookingFunnelSource=external_referral\" target=\"_blank\" rel=\"noopener noreferrer\">Prendre RDV \u00e0 l&rsquo;antenne St Germain (Paris 6\u00e8)<\/a><\/li>\n<li><a href=\"https:\/\/www.doctolib.fr\/centre-de-sante\/paris\/ssu-grands-moulins\/booking\/motives?specialityId=14&amp;telehealth=false&amp;placeId=practice-1547&amp;profile_skipped=true&amp;bookingFunnelSource=external_referral\" target=\"_blank\" rel=\"noopener noreferrer\">Prendre RDV \u00e0 l&rsquo;antenne Grands Moulins (Paris 13\u00e8)<\/a><\/li>\n<li><a href=\"https:\/\/www.doctolib.fr\/centre-de-sante\/paris\/ssu-pantheon-sorbonne\/booking\/motives?specialityId=14&amp;telehealth=false&amp;placeId=practice-7863&amp;profile_skipped=true&amp;bookingFunnelSource=external_referral\" target=\"_blank\" rel=\"noopener noreferrer\">Prendre RDV \u00e0 l&rsquo;antenne Tolbiac (Paris 13\u00e8)<\/a><\/li>\n<li><a href=\"https:\/\/www.doctolib.fr\/centre-de-sante\/paris\/ssu-nation\/booking\/motives?specialityId=14&amp;telehealth=false&amp;placeId=practice-286507&amp;profile_skipped=true&amp;bookingFunnelSource=external_referral\" target=\"_blank\" rel=\"noopener noreferrer\">Prendre RDV \u00e0 l&rsquo;antenne Nation (Paris 12\u00e8)<\/a><\/li>\n<li><a href=\"https:\/\/www.doctolib.fr\/centre-de-sante\/paris\/sse-service-de-sante-etudiante-campus-saint-charles\/booking\/motives?specialityId=14&amp;telehealth=false&amp;placeId=practice-4960&amp;profile_skipped=true&amp;bookingFunnelSource=external_referral\" target=\"_blank\" rel=\"noopener noreferrer\">Prendre RDV \u00e0 l&rsquo;antenne St Charles (Paris 15\u00e8)<\/a><\/li>\n<\/ul>\n<\/blockquote>\n<p>[\/et_pb_text][et_pb_text admin_label=\u00a0\u00bbSant\u00e9 Psy Etudiant\u00a0\u00bb module_id=\u00a0\u00bbcontenu\u00a0\u00bb _builder_version=\u00a0\u00bb3.22.1&Prime; z_index_tablet=\u00a0\u00bb500&Prime; text_text_shadow_horizontal_length=\u00a0\u00bbtext_text_shadow_style,%91object Object%93&Prime; text_text_shadow_vertical_length=\u00a0\u00bbtext_text_shadow_style,%91object Object%93&Prime; text_text_shadow_blur_strength=\u00a0\u00bbtext_text_shadow_style,%91object Object%93&Prime; link_text_shadow_horizontal_length=\u00a0\u00bblink_text_shadow_style,%91object Object%93&Prime; link_text_shadow_vertical_length=\u00a0\u00bblink_text_shadow_style,%91object Object%93&Prime; link_text_shadow_blur_strength=\u00a0\u00bblink_text_shadow_style,%91object Object%93&Prime; ul_text_shadow_horizontal_length=\u00a0\u00bbul_text_shadow_style,%91object Object%93&Prime; ul_text_shadow_vertical_length=\u00a0\u00bbul_text_shadow_style,%91object Object%93&Prime; ul_text_shadow_blur_strength=\u00a0\u00bbul_text_shadow_style,%91object Object%93&Prime; ol_text_shadow_horizontal_length=\u00a0\u00bbol_text_shadow_style,%91object Object%93&Prime; ol_text_shadow_vertical_length=\u00a0\u00bbol_text_shadow_style,%91object Object%93&Prime; ol_text_shadow_blur_strength=\u00a0\u00bbol_text_shadow_style,%91object Object%93&Prime; quote_text_shadow_horizontal_length=\u00a0\u00bbquote_text_shadow_style,%91object Object%93&Prime; quote_text_shadow_vertical_length=\u00a0\u00bbquote_text_shadow_style,%91object Object%93&Prime; quote_text_shadow_blur_strength=\u00a0\u00bbquote_text_shadow_style,%91object Object%93&Prime; header_text_shadow_horizontal_length=\u00a0\u00bbheader_text_shadow_style,%91object Object%93&Prime; header_text_shadow_vertical_length=\u00a0\u00bbheader_text_shadow_style,%91object Object%93&Prime; header_text_shadow_blur_strength=\u00a0\u00bbheader_text_shadow_style,%91object Object%93&Prime; header_2_text_shadow_horizontal_length=\u00a0\u00bbheader_2_text_shadow_style,%91object Object%93&Prime; header_2_text_shadow_vertical_length=\u00a0\u00bbheader_2_text_shadow_style,%91object Object%93&Prime; header_2_text_shadow_blur_strength=\u00a0\u00bbheader_2_text_shadow_style,%91object Object%93&Prime; header_3_text_shadow_horizontal_length=\u00a0\u00bbheader_3_text_shadow_style,%91object Object%93&Prime; header_3_text_shadow_vertical_length=\u00a0\u00bbheader_3_text_shadow_style,%91object Object%93&Prime; header_3_text_shadow_blur_strength=\u00a0\u00bbheader_3_text_shadow_style,%91object Object%93&Prime; header_4_text_shadow_horizontal_length=\u00a0\u00bbheader_4_text_shadow_style,%91object Object%93&Prime; header_4_text_shadow_vertical_length=\u00a0\u00bbheader_4_text_shadow_style,%91object Object%93&Prime; header_4_text_shadow_blur_strength=\u00a0\u00bbheader_4_text_shadow_style,%91object Object%93&Prime; header_5_text_shadow_horizontal_length=\u00a0\u00bbheader_5_text_shadow_style,%91object Object%93&Prime; header_5_text_shadow_vertical_length=\u00a0\u00bbheader_5_text_shadow_style,%91object Object%93&Prime; header_5_text_shadow_blur_strength=\u00a0\u00bbheader_5_text_shadow_style,%91object Object%93&Prime; header_6_text_shadow_horizontal_length=\u00a0\u00bbheader_6_text_shadow_style,%91object Object%93&Prime; header_6_text_shadow_vertical_length=\u00a0\u00bbheader_6_text_shadow_style,%91object Object%93&Prime; header_6_text_shadow_blur_strength=\u00a0\u00bbheader_6_text_shadow_style,%91object Object%93&Prime;]<\/p>\n<div class=\"page\" title=\"Page 1\">\n<div class=\"layoutArea\">\n<h3><strong>Dispositif Sant\u00e9 Psy \u00c9tudiant<\/strong><\/h3>\n<p>Les \u00e9tudiants peuvent \u00e9galement b\u00e9n\u00e9ficier de douze s\u00e9ances gratuites avec un psychologue exer\u00e7ant en lib\u00e9ral, sans avance de frais<strong> gr\u00e2ce au\u00a0Dispositif Sant\u00e9 Psy Etudiant<\/strong> ou \u00ab <strong>ch\u00e8que psy<\/strong> \u00e9tudiant \u00bb. Depuis le 1<sup>er<\/sup> juillet 2024, il n\u2019est plus n\u00e9cessaire d\u2019avoir une consultation pr\u00e9alable, mais le m\u00e9decin du SSE peut vous aider \u00e0 vous orienter vers ce dispositif.<\/p>\n<p>Pour y acc\u00e9der\u00a0: <a href=\"https:\/\/santepsy.etudiant.gouv.fr\/\" target=\"_blank\" rel=\"noopener noreferrer\">Sant\u00e9 Psy \u00c9tudiant<\/a><\/p>\n<\/div>\n<\/div>\n<p>[\/et_pb_text][et_pb_code disabled_on=\u00a0\u00bbon|on|on\u00a0\u00bb _builder_version=\u00a0\u00bb3.22.1&Prime; z_index_tablet=\u00a0\u00bb500&Prime; disabled=\u00a0\u00bbon\u00a0\u00bb]iFrameResize()[\/et_pb_code][et_pb_text admin_label=\u00a0\u00bbEn cas d&rsquo;urgence\u00a0\u00bb module_id=\u00a0\u00bbcontenu\u00a0\u00bb _builder_version=\u00a0\u00bb3.22.1&Prime; z_index_tablet=\u00a0\u00bb500&Prime; text_text_shadow_horizontal_length=\u00a0\u00bbtext_text_shadow_style,%91object Object%93&Prime; text_text_shadow_vertical_length=\u00a0\u00bbtext_text_shadow_style,%91object Object%93&Prime; text_text_shadow_blur_strength=\u00a0\u00bbtext_text_shadow_style,%91object Object%93&Prime; link_text_shadow_horizontal_length=\u00a0\u00bblink_text_shadow_style,%91object Object%93&Prime; link_text_shadow_vertical_length=\u00a0\u00bblink_text_shadow_style,%91object Object%93&Prime; link_text_shadow_blur_strength=\u00a0\u00bblink_text_shadow_style,%91object Object%93&Prime; ul_text_shadow_horizontal_length=\u00a0\u00bbul_text_shadow_style,%91object Object%93&Prime; ul_text_shadow_vertical_length=\u00a0\u00bbul_text_shadow_style,%91object Object%93&Prime; ul_text_shadow_blur_strength=\u00a0\u00bbul_text_shadow_style,%91object Object%93&Prime; ol_text_shadow_horizontal_length=\u00a0\u00bbol_text_shadow_style,%91object Object%93&Prime; ol_text_shadow_vertical_length=\u00a0\u00bbol_text_shadow_style,%91object Object%93&Prime; ol_text_shadow_blur_strength=\u00a0\u00bbol_text_shadow_style,%91object Object%93&Prime; quote_text_shadow_horizontal_length=\u00a0\u00bbquote_text_shadow_style,%91object Object%93&Prime; quote_text_shadow_vertical_length=\u00a0\u00bbquote_text_shadow_style,%91object Object%93&Prime; quote_text_shadow_blur_strength=\u00a0\u00bbquote_text_shadow_style,%91object Object%93&Prime; header_text_shadow_horizontal_length=\u00a0\u00bbheader_text_shadow_style,%91object Object%93&Prime; header_text_shadow_vertical_length=\u00a0\u00bbheader_text_shadow_style,%91object Object%93&Prime; header_text_shadow_blur_strength=\u00a0\u00bbheader_text_shadow_style,%91object Object%93&Prime; header_2_text_shadow_horizontal_length=\u00a0\u00bbheader_2_text_shadow_style,%91object Object%93&Prime; header_2_text_shadow_vertical_length=\u00a0\u00bbheader_2_text_shadow_style,%91object Object%93&Prime; header_2_text_shadow_blur_strength=\u00a0\u00bbheader_2_text_shadow_style,%91object Object%93&Prime; header_3_text_shadow_horizontal_length=\u00a0\u00bbheader_3_text_shadow_style,%91object Object%93&Prime; header_3_text_shadow_vertical_length=\u00a0\u00bbheader_3_text_shadow_style,%91object Object%93&Prime; header_3_text_shadow_blur_strength=\u00a0\u00bbheader_3_text_shadow_style,%91object Object%93&Prime; header_4_text_shadow_horizontal_length=\u00a0\u00bbheader_4_text_shadow_style,%91object Object%93&Prime; header_4_text_shadow_vertical_length=\u00a0\u00bbheader_4_text_shadow_style,%91object Object%93&Prime; header_4_text_shadow_blur_strength=\u00a0\u00bbheader_4_text_shadow_style,%91object Object%93&Prime; header_5_text_shadow_horizontal_length=\u00a0\u00bbheader_5_text_shadow_style,%91object Object%93&Prime; header_5_text_shadow_vertical_length=\u00a0\u00bbheader_5_text_shadow_style,%91object Object%93&Prime; header_5_text_shadow_blur_strength=\u00a0\u00bbheader_5_text_shadow_style,%91object Object%93&Prime; header_6_text_shadow_horizontal_length=\u00a0\u00bbheader_6_text_shadow_style,%91object Object%93&Prime; header_6_text_shadow_vertical_length=\u00a0\u00bbheader_6_text_shadow_style,%91object Object%93&Prime; header_6_text_shadow_blur_strength=\u00a0\u00bbheader_6_text_shadow_style,%91object Object%93&Prime;]<\/p>\n<div class=\"page\" title=\"Page 1\">\n<div class=\"layoutArea\">\n<div class=\"column\">\n<h3><strong>En cas d&rsquo;urgence<\/strong><\/h3>\n<p>Vous pouvez appeler les num\u00e9ros suivants :<\/p>\n<ul>\n<li>\u00a0<strong>SAMU PSY : num\u00e9ro 15<br \/><\/strong>Vous serez mis en relation avec l\u2019\u00e9quipe de psychiatrie du SAMU de Paris, qui pourra vous orienter dans votre prise en charge, organiser votre hospitalisation ou simplement vous \u00e9couter.<br \/>Tous les jours de 8h \u00e0 minuit.<\/li>\n<li><strong>Num\u00e9ro national de pr\u00e9vention du suicide \u2013 3114<br \/><\/strong>Le 3114 est un num\u00e9ro de t\u00e9l\u00e9phone gratuit, accessible 24\u00a0heures\u00a0sur 24 et 7\u00a0jours\u00a0sur\u00a07. Il permet aux personnes en d\u00e9tresse psychologique, ou ayant des id\u00e9es suicidaires, d\u2019\u00e9changer et de trouver une r\u00e9ponse adapt\u00e9e aupr\u00e8s de professionnels de la psychiatrie et de la sant\u00e9 mentale (psychiatres, infirmiers sp\u00e9cialis\u00e9s et psychologues). Le num\u00e9ro est \u00e9galement ouvert aux proches, aux professionnels et aux personnes endeuill\u00e9es par suicide (appel confidentiel et gratuit, accessible tous les jours, 24h\/24, par t\u00e9l\u00e9phone ou <a href=\"https:\/\/3114.fr\/\">sur internet<\/a>).<\/li>\n<\/ul>\n<p>&nbsp;<\/p>\n<p>Vous pouvez \u00e9galement vous <strong>diriger en\u00a0urgence<\/strong> vers :<\/p>\n<ul>\n<li><strong>C.P.O.A Centre d&rsquo;accueil et Orientation &#8211; Centre Georges DAUMEZON<br \/><\/strong>Urgences et accueil sans rendez-vous 24h\/24 \u00e0 partir de 16 ans.<br \/>Adresse : 1 rue Cabanis 75014 Paris<br \/>T\u00e9l : 01 45 65 81 09<\/li>\n<\/ul>\n<p>&nbsp;<\/p>\n<p>Enfin, <strong>des lignes d&rsquo;\u00e9coute<\/strong> sont mises en place pour un premier contact.<\/p>\n<ul>\n<li>\u00a0<strong>La CNAE : ligne sp\u00e9cifique pour les \u00e9tudiant.es<br \/><\/strong>La Cna\u00e9 est joignable au 0 800 737 800 et ouvert de 10h \u00e0 21 en semaine et de 10h \u00e0 14h le samedi. L\u2019\u00e9coute est assur\u00e9e par des psychologues. De l\u2019isolement, aux troubles du sommeil, aux troubles anxieux ou aux situations de harc\u00e8lement et de violence, l\u2019\u00e9quipe peut vous proposer une \u00e9coute et une orientation.<\/li>\n<\/ul>\n<ul>\n<li><strong>Nightline<br \/><\/strong>Nightline propose plusieurs dispositifs d\u00e9di\u00e9s exclusivement aux \u00e9tudiants. Un<a href=\"https:\/\/www.nightline.fr\/services-decoute\" target=\"_blank\" rel=\"noopener noreferrer\"> service d\u2019\u00e9coute et de conseils<\/a> est disponible tous les soirs de 21h \u00e0 2h30. Un \u00ab\u00a0<a href=\"https:\/\/www.nightline.fr\/kit-de-vie\" target=\"_blank\" rel=\"noopener noreferrer\">kit de vie<\/a>\u00a0\u00bb r\u00e9f\u00e9ren\u00e7ant des outils et ressources pour prendre soin de sa sant\u00e9 mentale ets disponible en ligne et un <a href=\"https:\/\/www.nightline.fr\/mon-soutien-psy-gratuit\" target=\"_blank\" rel=\"noopener noreferrer\">annuaire des soutiens psy de la r\u00e9gion<\/a> est accessible en ligne.<\/li>\n<\/ul>\n<ul>\n<li><strong>\u00c9coute \u00e9tudiants Ile de France<br \/><\/strong>Ce site est con\u00e7u par des professionnels du soutien psychologique. Les \u00e9tudiants peuvent y trouver des informations, des conseils, des exercices pratiques \u00e0 effectuer chez soi et b\u00e9n\u00e9ficier de t\u00e9l\u00e9consultations (jusqu\u2019\u00e0 3 gratuites) avec des psychologues. <br \/>Site : \u00a0<a href=\"https:\/\/ecouteetudiants-iledefrance.fr\/home\" target=\"_blank\" rel=\"noopener noreferrer\">\u00c9coute \u00c9tudiants \u00cele de France<\/a><\/li>\n<\/ul>\n<ul>\n<li><strong>Fil Sant\u00e9 Jeunes, \u00e0 l\u2019\u00e9coute des jeunes de 12 \u00e0 25 ans<br \/><\/strong>Ce service anonyme et gratuit propose une ligne d\u2019\u00e9coute <strong>0 800 235 236,<\/strong> accessible 7 jours sur 7 de 9h \u00e0 23h, et un site internet mettant \u00e0 disposition de l\u2019information, un forum, un tchat, et une orientation vers des structures d\u2019aide (lieux d\u2019accueil et d\u2019\u00e9coute, maisons des adolescents, structures associatives, professionnels et structures de soins). Ces services sont dispens\u00e9s par des professionnels (psychologues, \u00e9ducateurs, conseillers familiaux, m\u00e9decins).<\/li>\n<\/ul>\n<\/div>\n<\/div>\n<\/div>\n<p>[\/et_pb_text][\/et_pb_column][et_pb_column type=\u00a0\u00bb1_4&Prime;][\/et_pb_column][\/et_pb_row][\/et_pb_section]<\/p>\n","protected":false},"excerpt":{"rendered":"<p>Parce que les \u00e9tudes peuvent engendrer stress et inqui\u00e9tudes, parce que vous devez faire face \u00e0 une situation personnelle compliqu\u00e9e, parce que vous avez des questions et\/ou vous avez \u00ab\u00a0juste\u00a0\u00bb envie de parler et d\u2019\u00eatre \u00e9cout\u00e9\u2026 Consultation au centre de sant\u00e9 \u00e9tudiante Plusieurs psychologues sont \u00e0 votre \u00e9coute dans nos diff\u00e9rents sites pour des consultations&hellip; <a class=\"continue\" href=\"https:\/\/wordpress-test.app.u-pariscite.fr\/service-sante\/aide-psychologique\/\">Lire la suite<span> Aide psychologique<\/span><\/a><\/p>\n","protected":false},"author":35,"featured_media":0,"parent":0,"menu_order":0,"comment_status":"closed","ping_status":"closed","template":"","meta":{"_et_pb_use_builder":"on","_et_pb_old_content":"","_et_gb_content_width":"","footnotes":""},"class_list":["post-85","page","type-page","status-publish","hentry"],"_links":{"self":[{"href":"https:\/\/wordpress-test.app.u-pariscite.fr\/service-sante\/wp-json\/wp\/v2\/pages\/85","targetHints":{"allow":["GET"]}}],"collection":[{"href":"https:\/\/wordpress-test.app.u-pariscite.fr\/service-sante\/wp-json\/wp\/v2\/pages"}],"about":[{"href":"https:\/\/wordpress-test.app.u-pariscite.fr\/service-sante\/wp-json\/wp\/v2\/types\/page"}],"author":[{"embeddable":true,"href":"https:\/\/wordpress-test.app.u-pariscite.fr\/service-sante\/wp-json\/wp\/v2\/users\/35"}],"replies":[{"embeddable":true,"href":"https:\/\/wordpress-test.app.u-pariscite.fr\/service-sante\/wp-json\/wp\/v2\/comments?post=85"}],"version-history":[{"count":33,"href":"https:\/\/wordpress-test.app.u-pariscite.fr\/service-sante\/wp-json\/wp\/v2\/pages\/85\/revisions"}],"predecessor-version":[{"id":23316,"href":"https:\/\/wordpress-test.app.u-pariscite.fr\/service-sante\/wp-json\/wp\/v2\/pages\/85\/revisions\/23316"}],"wp:attachment":[{"href":"https:\/\/wordpress-test.app.u-pariscite.fr\/service-sante\/wp-json\/wp\/v2\/media?parent=85"}],"curies":[{"name":"wp","href":"https:\/\/api.w.org\/{rel}","templated":true}]}}