{"id":79,"date":"2020-06-24T11:39:46","date_gmt":"2020-06-24T09:39:46","guid":{"rendered":"https:\/\/wordpress-test.app.u-pariscite.fr\/siumpps\/?page_id=79"},"modified":"2024-07-22T11:23:58","modified_gmt":"2024-07-22T09:23:58","slug":"medecine-generale","status":"publish","type":"page","link":"https:\/\/wordpress-test.app.u-pariscite.fr\/service-sante\/medecine-generale\/","title":{"rendered":"M\u00e9decine g\u00e9n\u00e9rale"},"content":{"rendered":"<p>[et_pb_section bb_built=\u00a0\u00bb1&Prime; _builder_version=\u00a0\u00bb3.22&Prime;][et_pb_row _builder_version=\u00a0\u00bb3.22&Prime; background_size=\u00a0\u00bbinitial\u00a0\u00bb background_position=\u00a0\u00bbtop_left\u00a0\u00bb background_repeat=\u00a0\u00bbrepeat\u00a0\u00bb][et_pb_column type=\u00a0\u00bb4_4&Prime;][et_pb_post_title admin_label=\u00a0\u00bbTitre de la page\u00a0\u00bb meta=\u00a0\u00bboff\u00a0\u00bb featured_image=\u00a0\u00bboff\u00a0\u00bb _builder_version=\u00a0\u00bb3.19.11&Prime;]<\/p>\n<p>[\/et_pb_post_title][\/et_pb_column][\/et_pb_row][et_pb_row module_id=\u00a0\u00bbimage-page-type\u00a0\u00bb _builder_version=\u00a0\u00bb3.22&Prime;][et_pb_column type=\u00a0\u00bb3_4&Prime;][et_pb_image admin_label=\u00a0\u00bbImage 1920 x 1080&Prime; src=\u00a0\u00bbhttps:\/\/wordpress-test.app.u-pariscite.fr\/service-sante\/wp-content\/uploads\/sites\/22\/2020\/06\/docteur.jpg\u00a0\u00bb module_id=\u00a0\u00bbimage-page\u00a0\u00bb _builder_version=\u00a0\u00bb3.22.1&Prime; z_index_tablet=\u00a0\u00bb500&Prime;]<\/p>\n<p>[\/et_pb_image][\/et_pb_column][et_pb_column type=\u00a0\u00bb1_4&Prime;][et_pb_text admin_label=\u00a0\u00bbTexte image\u00a0\u00bb module_id=\u00a0\u00bbtexte-image\u00a0\u00bb _builder_version=\u00a0\u00bb3.22.1&Prime; custom_margin=\u00a0\u00bb|-15px||\u00a0\u00bb z_index_tablet=\u00a0\u00bb500&Prime;]<\/p>\n<p>[\/et_pb_text][\/et_pb_column][\/et_pb_row][et_pb_row][et_pb_column type=\u00a0\u00bb3_4&Prime;][et_pb_text _builder_version=\u00a0\u00bb3.22.1&Prime; text_text_shadow_horizontal_length=\u00a0\u00bbtext_text_shadow_style,%91object Object%93&Prime; text_text_shadow_vertical_length=\u00a0\u00bbtext_text_shadow_style,%91object Object%93&Prime; text_text_shadow_blur_strength=\u00a0\u00bbtext_text_shadow_style,%91object Object%93&Prime; link_text_shadow_horizontal_length=\u00a0\u00bblink_text_shadow_style,%91object Object%93&Prime; link_text_shadow_vertical_length=\u00a0\u00bblink_text_shadow_style,%91object Object%93&Prime; link_text_shadow_blur_strength=\u00a0\u00bblink_text_shadow_style,%91object Object%93&Prime; ul_text_shadow_horizontal_length=\u00a0\u00bbul_text_shadow_style,%91object Object%93&Prime; ul_text_shadow_vertical_length=\u00a0\u00bbul_text_shadow_style,%91object Object%93&Prime; ul_text_shadow_blur_strength=\u00a0\u00bbul_text_shadow_style,%91object Object%93&Prime; ol_text_shadow_horizontal_length=\u00a0\u00bbol_text_shadow_style,%91object Object%93&Prime; ol_text_shadow_vertical_length=\u00a0\u00bbol_text_shadow_style,%91object Object%93&Prime; ol_text_shadow_blur_strength=\u00a0\u00bbol_text_shadow_style,%91object Object%93&Prime; quote_text_shadow_horizontal_length=\u00a0\u00bbquote_text_shadow_style,%91object Object%93&Prime; quote_text_shadow_vertical_length=\u00a0\u00bbquote_text_shadow_style,%91object Object%93&Prime; quote_text_shadow_blur_strength=\u00a0\u00bbquote_text_shadow_style,%91object Object%93&Prime; header_text_shadow_horizontal_length=\u00a0\u00bbheader_text_shadow_style,%91object Object%93&Prime; header_text_shadow_vertical_length=\u00a0\u00bbheader_text_shadow_style,%91object Object%93&Prime; header_text_shadow_blur_strength=\u00a0\u00bbheader_text_shadow_style,%91object Object%93&Prime; header_2_text_shadow_horizontal_length=\u00a0\u00bbheader_2_text_shadow_style,%91object Object%93&Prime; header_2_text_shadow_vertical_length=\u00a0\u00bbheader_2_text_shadow_style,%91object Object%93&Prime; header_2_text_shadow_blur_strength=\u00a0\u00bbheader_2_text_shadow_style,%91object Object%93&Prime; header_3_text_shadow_horizontal_length=\u00a0\u00bbheader_3_text_shadow_style,%91object Object%93&Prime; header_3_text_shadow_vertical_length=\u00a0\u00bbheader_3_text_shadow_style,%91object Object%93&Prime; header_3_text_shadow_blur_strength=\u00a0\u00bbheader_3_text_shadow_style,%91object Object%93&Prime; header_4_text_shadow_horizontal_length=\u00a0\u00bbheader_4_text_shadow_style,%91object Object%93&Prime; header_4_text_shadow_vertical_length=\u00a0\u00bbheader_4_text_shadow_style,%91object Object%93&Prime; header_4_text_shadow_blur_strength=\u00a0\u00bbheader_4_text_shadow_style,%91object Object%93&Prime; header_5_text_shadow_horizontal_length=\u00a0\u00bbheader_5_text_shadow_style,%91object Object%93&Prime; header_5_text_shadow_vertical_length=\u00a0\u00bbheader_5_text_shadow_style,%91object Object%93&Prime; header_5_text_shadow_blur_strength=\u00a0\u00bbheader_5_text_shadow_style,%91object Object%93&Prime; header_6_text_shadow_horizontal_length=\u00a0\u00bbheader_6_text_shadow_style,%91object Object%93&Prime; header_6_text_shadow_vertical_length=\u00a0\u00bbheader_6_text_shadow_style,%91object Object%93&Prime; header_6_text_shadow_blur_strength=\u00a0\u00bbheader_6_text_shadow_style,%91object Object%93&Prime; z_index_tablet=\u00a0\u00bb500&Prime;]<\/p>\n<div id=\"contenu\" class=\"et_pb_module et_pb_text et_pb_text_1 et_pb_bg_layout_light et_pb_text_align_left\">\n<div class=\"et_pb_text_inner\">\n<p>Notre centre de sant\u00e9 vous propose des consultations m\u00e9decine g\u00e9n\u00e9rale sur RDV.<br \/>Le premier geste du m\u00e9decin g\u00e9n\u00e9raliste est de vous \u00e9couter pour mieux vous examiner, tant sur le plan m\u00e9dical que sur le plan psychologique. <br \/>En professionnel de sant\u00e9, il \u00e9tablira un diagnostic, vous prescrira un traitement, des examens sp\u00e9cifiques. S\u2019il le juge n\u00e9cessaire, il pourra vous adresser \u00e0 des m\u00e9decins sp\u00e9cialistes pour vous soigner dans les meilleures conditions.<\/p>\n<p><strong>Bon \u00e0 savoir<\/strong>\u00a0:<\/p>\n<p>Vos frais de sant\u00e9 sont pris en charge par la S\u00e9curit\u00e9 Sociale et par votre compl\u00e9mentaire sant\u00e9.<\/p>\n<p>Pour des soins sans reste \u00e0 charge, vous devez choisir un professionnel dit en secteur 1 sans d\u00e9passement d\u2019honoraires, et avoir d\u00e9clar\u00e9 un m\u00e9decin traitant. Dentiste, gyn\u00e9cologue, sage-femme sont des professionnels \u00e0 acc\u00e8s direct. Pour les autres sp\u00e9cialistes, vous devez \u00eatre orient\u00e9 par votre m\u00e9decin traitant.<\/p>\n<p>Au centre de sant\u00e9 \u00e9tudiante du SSE, tous les professionnels sont en secteur 1.<br \/>Vous n\u2019aurez pas d\u2019avance de frais, en pr\u00e9sentant votre carte vitale et votre carte mutuelle.<\/p>\n<p>Nos m\u00e9decins g\u00e9n\u00e9ralistes du centre de sant\u00e9 peuvent assurer la coordination de votre prise en charge,\u00a0si vous les d\u00e9signez\u00a0comme <strong>m\u00e9decins traitants<\/strong>. <strong>Pour ce faire,\u00a0parlez-en au m\u00e9decin qui vous re\u00e7oit. La d\u00e9claration est faite en ligne le jour m\u00eame.\u00a0<\/strong><\/p>\n<\/div>\n<\/div>\n<p>[\/et_pb_text][et_pb_text _builder_version=\u00a0\u00bb3.22.1&Prime; z_index_tablet=\u00a0\u00bb500&Prime; text_text_shadow_horizontal_length=\u00a0\u00bbtext_text_shadow_style,%91object Object%93&Prime; text_text_shadow_vertical_length=\u00a0\u00bbtext_text_shadow_style,%91object Object%93&Prime; text_text_shadow_blur_strength=\u00a0\u00bbtext_text_shadow_style,%91object Object%93&Prime; link_text_shadow_horizontal_length=\u00a0\u00bblink_text_shadow_style,%91object Object%93&Prime; link_text_shadow_vertical_length=\u00a0\u00bblink_text_shadow_style,%91object Object%93&Prime; link_text_shadow_blur_strength=\u00a0\u00bblink_text_shadow_style,%91object Object%93&Prime; ul_text_shadow_horizontal_length=\u00a0\u00bbul_text_shadow_style,%91object Object%93&Prime; ul_text_shadow_vertical_length=\u00a0\u00bbul_text_shadow_style,%91object Object%93&Prime; ul_text_shadow_blur_strength=\u00a0\u00bbul_text_shadow_style,%91object Object%93&Prime; ol_text_shadow_horizontal_length=\u00a0\u00bbol_text_shadow_style,%91object Object%93&Prime; ol_text_shadow_vertical_length=\u00a0\u00bbol_text_shadow_style,%91object Object%93&Prime; ol_text_shadow_blur_strength=\u00a0\u00bbol_text_shadow_style,%91object Object%93&Prime; quote_text_shadow_horizontal_length=\u00a0\u00bbquote_text_shadow_style,%91object Object%93&Prime; quote_text_shadow_vertical_length=\u00a0\u00bbquote_text_shadow_style,%91object Object%93&Prime; quote_text_shadow_blur_strength=\u00a0\u00bbquote_text_shadow_style,%91object Object%93&Prime; header_text_shadow_horizontal_length=\u00a0\u00bbheader_text_shadow_style,%91object Object%93&Prime; header_text_shadow_vertical_length=\u00a0\u00bbheader_text_shadow_style,%91object Object%93&Prime; header_text_shadow_blur_strength=\u00a0\u00bbheader_text_shadow_style,%91object Object%93&Prime; header_2_text_shadow_horizontal_length=\u00a0\u00bbheader_2_text_shadow_style,%91object Object%93&Prime; header_2_text_shadow_vertical_length=\u00a0\u00bbheader_2_text_shadow_style,%91object Object%93&Prime; header_2_text_shadow_blur_strength=\u00a0\u00bbheader_2_text_shadow_style,%91object Object%93&Prime; header_3_text_shadow_horizontal_length=\u00a0\u00bbheader_3_text_shadow_style,%91object Object%93&Prime; header_3_text_shadow_vertical_length=\u00a0\u00bbheader_3_text_shadow_style,%91object Object%93&Prime; header_3_text_shadow_blur_strength=\u00a0\u00bbheader_3_text_shadow_style,%91object Object%93&Prime; header_4_text_shadow_horizontal_length=\u00a0\u00bbheader_4_text_shadow_style,%91object Object%93&Prime; header_4_text_shadow_vertical_length=\u00a0\u00bbheader_4_text_shadow_style,%91object Object%93&Prime; header_4_text_shadow_blur_strength=\u00a0\u00bbheader_4_text_shadow_style,%91object Object%93&Prime; header_5_text_shadow_horizontal_length=\u00a0\u00bbheader_5_text_shadow_style,%91object Object%93&Prime; header_5_text_shadow_vertical_length=\u00a0\u00bbheader_5_text_shadow_style,%91object Object%93&Prime; header_5_text_shadow_blur_strength=\u00a0\u00bbheader_5_text_shadow_style,%91object Object%93&Prime; header_6_text_shadow_horizontal_length=\u00a0\u00bbheader_6_text_shadow_style,%91object Object%93&Prime; header_6_text_shadow_vertical_length=\u00a0\u00bbheader_6_text_shadow_style,%91object Object%93&Prime; header_6_text_shadow_blur_strength=\u00a0\u00bbheader_6_text_shadow_style,%91object Object%93&Prime; saved_tabs=\u00a0\u00bball\u00a0\u00bb]<\/p>\n<blockquote>\n<h2>Planifiez votre RDV<\/h2>\n<p>Vous pouvez prendre rendez-vous avec un m\u00e9decin sur l&rsquo;une des antennes du SSE de votre choix :<\/p>\n<ul>\n<li><a href=\"https:\/\/www.doctolib.fr\/centre-de-sante\/paris\/sse-service-de-sante-etudiante-campus-saint-germain\/booking\/motives?specialityId=2&amp;telehealth=false&amp;placeId=practice-1541&amp;profile_skipped=true&amp;bookingFunnelSource=external_referral\" target=\"_blank\" rel=\"noopener noreferrer\">Prendre RDV \u00e0 l&rsquo;antenne St Germain (Paris 6\u00e8)<\/a><\/li>\n<li><a href=\"https:\/\/www.doctolib.fr\/centre-de-sante\/paris\/ssu-nation\/booking\/motives?specialityId=2&amp;telehealth=false&amp;placeId=practice-286507&amp;bookingFunnelSource=profile\" target=\"_blank\" rel=\"noopener noreferrer\">Prendre RDV \u00e0 l&rsquo;antenne Nation (Paris 12\u00e8)<\/a><\/li>\n<li><a href=\"https:\/\/www.doctolib.fr\/centre-de-sante\/paris\/ssu-grands-moulins\/booking\/motives?specialityId=2&amp;telehealth=false&amp;placeId=practice-1547&amp;profile_skipped=true&amp;bookingFunnelSource=external_referral\" target=\"_blank\" rel=\"noopener noreferrer\">Prendre RDV \u00e0 l&rsquo;antenne Grands Moulins (Paris 13\u00e8)<\/a><\/li>\n<li><a href=\"https:\/\/www.doctolib.fr\/centre-de-sante\/paris\/ssu-pantheon-sorbonne\/booking\/motives?specialityId=2&amp;telehealth=false&amp;placeId=practice-7863&amp;bookingFunnelSource=profile\" target=\"_blank\" rel=\"noopener noreferrer\">Prendre RDV \u00e0 l&rsquo;antenne Tolbiac (Paris 13\u00e8)<\/a><\/li>\n<li><a href=\"https:\/\/www.doctolib.fr\/centre-de-sante\/paris\/sse-service-de-sante-etudiante-campus-saint-charles\/booking\/motives?specialityId=2&amp;telehealth=false&amp;placeId=practice-4960&amp;profile_skipped=true&amp;bookingFunnelSource=external_referral\" target=\"_blank\" rel=\"noopener noreferrer\">Prendre RDV \u00e0 l&rsquo;antenne St Charles (Paris 15\u00e8)<\/a><\/li>\n<\/ul>\n<\/blockquote>\n<p>[\/et_pb_text][\/et_pb_column][et_pb_column type=\u00a0\u00bb1_4&Prime;][\/et_pb_column][\/et_pb_row][\/et_pb_section]<\/p>\n","protected":false},"excerpt":{"rendered":"<div class=\"et_pb_row et_pb_row_0 et_pb_row_empty\"><\/div>\n<p> Notre centre de sant\u00e9 vous propose des consultations m\u00e9decine g\u00e9n\u00e9rale sur RDV.Le premier geste du m\u00e9decin g\u00e9n\u00e9raliste est de vous \u00e9couter pour mieux vous examiner, tant sur le plan m\u00e9dical que sur le plan psychologique. En professionnel de sant\u00e9, il \u00e9tablira un diagnostic, vous prescrira un traitement, des examens sp\u00e9cifiques. S\u2019il le juge n\u00e9cessaire,&hellip; <a class=\"continue\" href=\"https:\/\/wordpress-test.app.u-pariscite.fr\/service-sante\/medecine-generale\/\">Lire la suite<span> M\u00e9decine g\u00e9n\u00e9rale<\/span><\/a><\/p>\n","protected":false},"author":35,"featured_media":0,"parent":0,"menu_order":0,"comment_status":"closed","ping_status":"closed","template":"","meta":{"_et_pb_use_builder":"on","_et_pb_old_content":"","_et_gb_content_width":"","footnotes":""},"class_list":["post-79","page","type-page","status-publish","hentry"],"_links":{"self":[{"href":"https:\/\/wordpress-test.app.u-pariscite.fr\/service-sante\/wp-json\/wp\/v2\/pages\/79","targetHints":{"allow":["GET"]}}],"collection":[{"href":"https:\/\/wordpress-test.app.u-pariscite.fr\/service-sante\/wp-json\/wp\/v2\/pages"}],"about":[{"href":"https:\/\/wordpress-test.app.u-pariscite.fr\/service-sante\/wp-json\/wp\/v2\/types\/page"}],"author":[{"embeddable":true,"href":"https:\/\/wordpress-test.app.u-pariscite.fr\/service-sante\/wp-json\/wp\/v2\/users\/35"}],"replies":[{"embeddable":true,"href":"https:\/\/wordpress-test.app.u-pariscite.fr\/service-sante\/wp-json\/wp\/v2\/comments?post=79"}],"version-history":[{"count":17,"href":"https:\/\/wordpress-test.app.u-pariscite.fr\/service-sante\/wp-json\/wp\/v2\/pages\/79\/revisions"}],"predecessor-version":[{"id":23313,"href":"https:\/\/wordpress-test.app.u-pariscite.fr\/service-sante\/wp-json\/wp\/v2\/pages\/79\/revisions\/23313"}],"wp:attachment":[{"href":"https:\/\/wordpress-test.app.u-pariscite.fr\/service-sante\/wp-json\/wp\/v2\/media?parent=79"}],"curies":[{"name":"wp","href":"https:\/\/api.w.org\/{rel}","templated":true}]}}