{"id":3234,"date":"2024-10-01T17:01:31","date_gmt":"2024-10-01T15:01:31","guid":{"rendered":"https:\/\/wordpress-test.app.u-pariscite.fr\/sdv\/?page_id=3234"},"modified":"2024-10-01T17:01:35","modified_gmt":"2024-10-01T15:01:35","slug":"scolarite-doubles-diplomes-du","status":"publish","type":"page","link":"https:\/\/wordpress-test.app.u-pariscite.fr\/sdv\/scolarite-doubles-diplomes-du\/","title":{"rendered":"Scolarit\u00e9 doubles dipl\u00f4mes &#038; DU"},"content":{"rendered":"<p>[et_pb_section fb_built=\u00a0\u00bb1&Prime; _builder_version=\u00a0\u00bb3.22&Prime;][et_pb_row _builder_version=\u00a0\u00bb3.22&Prime;][et_pb_column type=\u00a0\u00bb4_4&Prime; _builder_version=\u00a0\u00bb3.0.47&Prime;][et_pb_post_title meta=\u00a0\u00bboff\u00a0\u00bb featured_image=\u00a0\u00bboff\u00a0\u00bb admin_label=\u00a0\u00bbTitre de la page\u00a0\u00bb _builder_version=\u00a0\u00bb3.19.11&Prime;][\/et_pb_post_title][et_pb_code _builder_version=\u00a0\u00bb3.22.1&Prime;]<a class=\"pod_filtre\" href=\"?fl=65\">Licence 1 &amp; Licence 2 - double dipl\u00f4me - Politique du Vivant et Identit\u00e9s<\/a><!-- [et_pb_line_break_holder] --><a class=\"pod_filtre\" href=\"?fl=53\">Licence 3 - double dipl\u00f4me - Politique du Vivant et Identit\u00e9s<\/a><!-- [et_pb_line_break_holder] --><a class=\"pod_filtre\" href=\"?fl=61\">Licence 2 &amp; Licence 3 - double dipl\u00f4me - Biologie-Informatique<\/a><!-- [et_pb_line_break_holder] --><a class=\"pod_filtre\" href=\"?fl=47\">Master 2 - double dipl\u00f4me - G\u00e9n\u00e9tique<\/a><!-- [et_pb_line_break_holder] --><a class=\"pod_filtre\" href=\"?fl=48\">DU Magist\u00e8re Europ\u00e9en de G\u00e9n\u00e9tique<\/a><!-- [et_pb_line_break_holder] --><!\u2013- [et_pb_br_holder] -\u2013><!-- [et_pb_line_break_holder] --><\/p>\n<hr>\n<p><!-- [et_pb_line_break_holder] -->[\/et_pb_code][\/et_pb_column][\/et_pb_row][\/et_pb_section]<\/p>\n","protected":false},"excerpt":{"rendered":"<p><a class=\"pod_filtre\" href=\"?fl=65\">Licence 1 &amp; Licence 2 - double dipl\u00f4me - Politique du Vivant et Identit\u00e9s<\/a><a class=\"pod_filtre\" href=\"?fl=53\">Licence 3 - double dipl\u00f4me - Politique du Vivant et Identit\u00e9s<\/a><a class=\"pod_filtre\" href=\"?fl=61\">Licence 2 &amp; Licence 3 - double dipl\u00f4me - Biologie-Informatique<\/a><a class=\"pod_filtre\" href=\"?fl=47\">Master 2 - double dipl\u00f4me - G\u00e9n\u00e9tique<\/a><a class=\"pod_filtre\" href=\"?fl=48\">DU Magist\u00e8re Europ\u00e9en de G\u00e9n\u00e9tique<\/a><\/p>\n","protected":false},"author":8,"featured_media":0,"parent":0,"menu_order":0,"comment_status":"closed","ping_status":"closed","template":"","meta":{"_et_pb_use_builder":"on","_et_pb_old_content":"","_et_gb_content_width":"","footnotes":""},"class_list":["post-3234","page","type-page","status-publish","hentry"],"_links":{"self":[{"href":"https:\/\/wordpress-test.app.u-pariscite.fr\/sdv\/wp-json\/wp\/v2\/pages\/3234","targetHints":{"allow":["GET"]}}],"collection":[{"href":"https:\/\/wordpress-test.app.u-pariscite.fr\/sdv\/wp-json\/wp\/v2\/pages"}],"about":[{"href":"https:\/\/wordpress-test.app.u-pariscite.fr\/sdv\/wp-json\/wp\/v2\/types\/page"}],"author":[{"embeddable":true,"href":"https:\/\/wordpress-test.app.u-pariscite.fr\/sdv\/wp-json\/wp\/v2\/users\/8"}],"replies":[{"embeddable":true,"href":"https:\/\/wordpress-test.app.u-pariscite.fr\/sdv\/wp-json\/wp\/v2\/comments?post=3234"}],"version-history":[{"count":2,"href":"https:\/\/wordpress-test.app.u-pariscite.fr\/sdv\/wp-json\/wp\/v2\/pages\/3234\/revisions"}],"predecessor-version":[{"id":3237,"href":"https:\/\/wordpress-test.app.u-pariscite.fr\/sdv\/wp-json\/wp\/v2\/pages\/3234\/revisions\/3237"}],"wp:attachment":[{"href":"https:\/\/wordpress-test.app.u-pariscite.fr\/sdv\/wp-json\/wp\/v2\/media?parent=3234"}],"curies":[{"name":"wp","href":"https:\/\/api.w.org\/{rel}","templated":true}]}}