{"id":3220,"date":"2024-10-01T16:43:22","date_gmt":"2024-10-01T14:43:22","guid":{"rendered":"https:\/\/wordpress-test.app.u-pariscite.fr\/sdv\/?page_id=3220"},"modified":"2024-10-02T11:38:20","modified_gmt":"2024-10-02T09:38:20","slug":"scolarite-licence","status":"publish","type":"page","link":"https:\/\/wordpress-test.app.u-pariscite.fr\/sdv\/scolarite-licence\/","title":{"rendered":"Scolarit\u00e9 licence"},"content":{"rendered":"<p>[et_pb_section fb_built=\u00a0\u00bb1&Prime; _builder_version=\u00a0\u00bb3.22&Prime;][et_pb_row _builder_version=\u00a0\u00bb3.22&Prime;][et_pb_column type=\u00a0\u00bb4_4&Prime; _builder_version=\u00a0\u00bb3.0.47&Prime;][et_pb_post_title meta=\u00a0\u00bboff\u00a0\u00bb featured_image=\u00a0\u00bboff\u00a0\u00bb admin_label=\u00a0\u00bbTitre de la page\u00a0\u00bb _builder_version=\u00a0\u00bb3.19.11&Prime;][\/et_pb_post_title][et_pb_code _builder_version=\u00a0\u00bb3.22.1&Prime;]<a class=\"pod_filtre\" href=\"?fl=59\">Licence 1 &amp; 2 Sciences de la Vie (SV)<\/a><!-- [et_pb_line_break_holder] --><a class=\"pod_filtre\" href=\"?fl=60\">Licence 1 &amp; 2 Sciences de la Vie et de la Terre (SVT)<\/a><!-- [et_pb_line_break_holder] --><a class=\"pod_filtre\" href=\"?fl=62\">Licence 2 - Pr\u00e9pas agro v\u00e9to<\/a><!-- [et_pb_line_break_holder] --><a class=\"pod_filtre\" href=\"?fl=49\">Licence 3 Sciences de la Vie - Parcours : Biochimie, biologie int\u00e9grative et physiologie (B2IP)<\/a><!-- [et_pb_line_break_holder] --><a class=\"pod_filtre\" href=\"?fl=50\">Licence 3 Sciences de la Vie - Parcours : Biologie Informatique (BI)<\/a><!-- [et_pb_line_break_holder] --><a class=\"pod_filtre\" href=\"?fl=45\">Licence 3 Sciences de la Vie - Parcours : G\u00e9n\u00e9tique<\/a><!-- [et_pb_line_break_holder] --><a class=\"pod_filtre\" href=\"?fl=51\">Licence 3 Sciences de la Vie - Parcours : Interdisciplinaire en biologie (PIB)<\/a><!-- [et_pb_line_break_holder] --><a class=\"pod_filtre\" href=\"?fl=55\">Licence 3 Sciences de la vie et de la Terre - Parcours : Biodiversit\u00e9 et \u00e9cosyst\u00e8mes<\/a><!-- [et_pb_line_break_holder] --><a class=\"pod_filtre\" href=\"?fl=54\">Licence 3 Sciences de la vie et de la Terre - Parcours : M\u00e9tiers de l'enseignement<\/a><!-- [et_pb_line_break_holder] --><a class=\"pod_filtre\" href=\"?fl=57\">Licence Professionnelle Microbiologie Industrielle et Biotechnologie<\/a><!-- [et_pb_line_break_holder] --><!\u2013- [et_pb_br_holder] -\u2013><!-- [et_pb_line_break_holder] --><\/p>\n<hr>\n<p><!-- [et_pb_line_break_holder] -->[\/et_pb_code][\/et_pb_column][\/et_pb_row][\/et_pb_section]<\/p>\n","protected":false},"excerpt":{"rendered":"<p><a class=\"pod_filtre\" href=\"?fl=59\">Licence 1 &amp; 2 Sciences de la Vie (SV)<\/a><a class=\"pod_filtre\" href=\"?fl=60\">Licence 1 &amp; 2 Sciences de la Vie et de la Terre (SVT)<\/a><a class=\"pod_filtre\" href=\"?fl=62\">Licence 2 - Pr\u00e9pas agro v\u00e9to<\/a><a class=\"pod_filtre\" href=\"?fl=49\">Licence 3 Sciences de la Vie - Parcours : Biochimie, biologie int\u00e9grative et physiologie (B2IP)<\/a><a class=\"pod_filtre\" href=\"?fl=50\">Licence 3 Sciences de la Vie - Parcours : Biologie Informatique (BI)<\/a><a class=\"pod_filtre\" href=\"?fl=45\">Licence 3 Sciences de la Vie - Parcours : G\u00e9n\u00e9tique<\/a><a class=\"pod_filtre\" href=\"?fl=51\">Licence 3 Sciences de la Vie - Parcours : Interdisciplinaire en biologie (PIB)<\/a><a class=\"pod_filtre\" href=\"?fl=55\">Licence 3 Sciences de la vie et de la Terre - Parcours : Biodiversit\u00e9 et \u00e9cosyst\u00e8mes<\/a><a class=\"pod_filtre\" href=\"?fl=54\">Licence 3 Sciences de la vie et de la Terre - Parcours : M\u00e9tiers de l'enseignement<\/a><a class=\"pod_filtre\" href=\"?fl=57\">Licence Professionnelle Microbiologie Industrielle et Biotechnologie<\/a><\/p>\n","protected":false},"author":8,"featured_media":0,"parent":0,"menu_order":0,"comment_status":"closed","ping_status":"closed","template":"","meta":{"_et_pb_use_builder":"on","_et_pb_old_content":"","_et_gb_content_width":"","footnotes":""},"class_list":["post-3220","page","type-page","status-publish","hentry"],"_links":{"self":[{"href":"https:\/\/wordpress-test.app.u-pariscite.fr\/sdv\/wp-json\/wp\/v2\/pages\/3220","targetHints":{"allow":["GET"]}}],"collection":[{"href":"https:\/\/wordpress-test.app.u-pariscite.fr\/sdv\/wp-json\/wp\/v2\/pages"}],"about":[{"href":"https:\/\/wordpress-test.app.u-pariscite.fr\/sdv\/wp-json\/wp\/v2\/types\/page"}],"author":[{"embeddable":true,"href":"https:\/\/wordpress-test.app.u-pariscite.fr\/sdv\/wp-json\/wp\/v2\/users\/8"}],"replies":[{"embeddable":true,"href":"https:\/\/wordpress-test.app.u-pariscite.fr\/sdv\/wp-json\/wp\/v2\/comments?post=3220"}],"version-history":[{"count":6,"href":"https:\/\/wordpress-test.app.u-pariscite.fr\/sdv\/wp-json\/wp\/v2\/pages\/3220\/revisions"}],"predecessor-version":[{"id":3243,"href":"https:\/\/wordpress-test.app.u-pariscite.fr\/sdv\/wp-json\/wp\/v2\/pages\/3220\/revisions\/3243"}],"wp:attachment":[{"href":"https:\/\/wordpress-test.app.u-pariscite.fr\/sdv\/wp-json\/wp\/v2\/media?parent=3220"}],"curies":[{"name":"wp","href":"https:\/\/api.w.org\/{rel}","templated":true}]}}