{"id":320,"date":"2020-02-14T14:26:20","date_gmt":"2020-02-14T13:26:20","guid":{"rendered":"https:\/\/wordpress-test.app.u-pariscite.fr\/sdv\/?page_id=320"},"modified":"2023-06-23T12:31:04","modified_gmt":"2023-06-23T10:31:04","slug":"politique-de-confidentialite","status":"publish","type":"page","link":"https:\/\/wordpress-test.app.u-pariscite.fr\/sdv\/politique-de-confidentialite\/","title":{"rendered":"Mentions l\u00e9gales"},"content":{"rendered":"<p>[et_pb_section fb_built=\u00a0\u00bb1&Prime; _builder_version=\u00a0\u00bb3.22&Prime;][et_pb_row _builder_version=\u00a0\u00bb3.22&Prime; background_size=\u00a0\u00bbinitial\u00a0\u00bb background_position=\u00a0\u00bbtop_left\u00a0\u00bb background_repeat=\u00a0\u00bbrepeat\u00a0\u00bb][et_pb_column type=\u00a0\u00bb4_4&Prime; _builder_version=\u00a0\u00bb3.0.47&Prime;][et_pb_post_title meta=\u00a0\u00bboff\u00a0\u00bb featured_image=\u00a0\u00bboff\u00a0\u00bb _builder_version=\u00a0\u00bb3.22.1&Prime; z_index_tablet=\u00a0\u00bb500&Prime;][\/et_pb_post_title][et_pb_text _builder_version=\u00a0\u00bb3.22.1&Prime; z_index_tablet=\u00a0\u00bb500&Prime;]<\/p>\n<h3>Informations \u00e9ditoriales<\/h3>\n<p><strong>\u00c9diteurs<\/strong> <br \/>Ce site web est \u00e9dit\u00e9 par Universit\u00e9 Paris Cit\u00e9, \u00c9tablissement public \u00e0 caract\u00e8re scientifique, culturel et professionnel, dont le Si\u00e8ge est situ\u00e9 au : 85 boulevard Saint-Germain 75006 Paris<\/p>\n<p><strong>Directeur de la publication<\/strong> <br \/>\u00c9douard Kaminski, Pr\u00e9sident d\u2019Universit\u00e9 Paris Cit\u00e9.<\/p>\n<h3>Droits de reproduction<\/h3>\n<p>Conform\u00e9ment au droit public de la propri\u00e9t\u00e9 intellectuelle et notamment selon l\u2019article L122-5 du Code de la propri\u00e9t\u00e9 intellectuelle, les\u00a0 \u00ab\u00a0documents officiels\u00a0\u00bb sont librement r\u00e9utilisables :<\/p>\n<ul>\n<li>les d\u00e9clarations, les discours, les dossiers de presse et les communiqu\u00e9s\u00a0;<\/li>\n<li>les circulaires, directives et autres documents r\u00e8glementaires.<\/li>\n<\/ul>\n<p>Cependant, le bon usage veut que la reprise de ces contenus de fa\u00e7on partielle ou int\u00e9grale mentionne clairement la source, et le cas \u00e9ch\u00e9ant avec un lien vers le document original en ligne sur le site<a href=\"https:\/\/wordpress-test.app.u-pariscite.fr\/sdv\/\"> https:\/\/wordpress-test.app.u-pariscite.fr\/sdv\/<\/a><\/p>\n<p>Tous les autres contenus pr\u00e9sents sur le site\u00a0<a href=\"https:\/\/www.wordpress-test.app.u-pariscite.fr\/\">https:\/\/www.wordpress-test.app.u-pariscite.fr<\/a>\u00a0sont couverts par le droit d\u2019auteur. Toute reprise est d\u00e8s lors conditionn\u00e9e \u00e0 l\u2019accord de l\u2019auteur en vertu de l\u2019article L.122-4 du Code de la Propri\u00e9t\u00e9 intellectuelle.<\/p>\n<p>La r\u00e9utilisation non commerciale est autoris\u00e9e \u00e0 la condition de respecter l\u2019int\u00e9grit\u00e9 des informations et de n\u2019en alt\u00e9rer ni le sens, ni la port\u00e9e, ni l\u2019application et d\u2019en pr\u00e9ciser l\u2019origine et la date de publication.<\/p>\n<p>Les informations ne peuvent \u00eatre utilis\u00e9es \u00e0 des fins commerciales ou promotionnelles sans l\u2019autorisation expresse et l\u2019obtention d\u2019une licence de r\u00e9utilisation des informations publiques. Est consid\u00e9r\u00e9e comme r\u00e9utilisation \u00e0 des fins commerciales ou promotionnelles l\u2019\u00e9laboration, \u00e0 partir des informations publiques, d\u2019un produit ou d\u2019un service destin\u00e9 \u00e0 \u00eatre mis \u00e0 disposition de tiers, \u00e0 titre gratuit ou on\u00e9reux.<\/p>\n<p>Les demandes d\u2019autorisation de reproduction d\u2019un contenu doivent \u00eatre adress\u00e9es par courriel aux \u00e9quipes en charge du site <a href=\"https:\/\/wordpress-test.app.u-pariscite.fr\/sdv\/\">https:\/\/wordpress-test.app.u-pariscite.fr\/sdv\/\u00a0<\/a>via le formulaire de contact :\u00a0<a href=\"https:\/\/wordpress-test.app.u-pariscite.fr\/contact\/\">https:\/\/wordpress-test.app.u-pariscite.fr\/contact\/<\/a> <br \/>Les reproductions \u00e0 but commercial ou publicitaires ne seront, sauf exceptions, pas autoris\u00e9es.<\/p>\n<div class=\"et_pb_column et_pb_column_4_4 et_pb_column_1    et_pb_css_mix_blend_mode_passthrough et-last-child\">\n<div class=\"et_pb_module et_pb_text et_pb_text_0 et_pb_bg_layout_light  et_pb_text_align_left\">\n<h3 class=\"et_pb_text_inner\">Acc\u00e8s aux documents administratifs<\/h3>\n<div class=\"et_pb_text_inner\">Pour toute demande de communication de documents administratifs et de r\u00e9utilisation d\u2019informations publiques, vous pouvez contacter la personne responsable de l\u2019acc\u00e8s aux documents administratifs de l\u2019universit\u00e9 :<\/div>\n<div>\u00a0<\/div>\n<div class=\"et_pb_text_inner\"><strong>Par mail \u00e0<\/strong> : <a href=\"mailto:prada@wordpress-test.app.u-pariscite.fr\">prada@wordpress-test.app.u-pariscite.fr<\/a><\/div>\n<div>\u00a0<\/div>\n<div class=\"et_pb_text_inner\"><strong>Ou par courrier postal \u00e0<\/strong> :<\/div>\n<div class=\"et_pb_text_inner\">A l\u2019attention de la PRADA <br \/>Universit\u00e9 Paris Cit\u00e9 <br \/>Direction g\u00e9n\u00e9rale d\u00e9l\u00e9gu\u00e9e aux affaires juridiques <br \/>85 boulevard Saint-Germain <br \/>75006 PARIS<\/div>\n<div>\u00a0<\/div>\n<h3 class=\"et_pb_text_inner\">Clause de responsabilit\u00e9<\/h3>\n<div class=\"et_pb_text_inner\">Les informations propos\u00e9es sur ce portail le sont \u00e0 titre de service rendu au public. <br \/>Malgr\u00e9 tout le soin apport\u00e9 \u00e0 la transcription des textes officiels, \u00e0 la v\u00e9rification des contenus et des informations, les \u00e9l\u00e9ments mis en ligne ne sauraient, de quelque mani\u00e8re que ce soit, pr\u00e9tendre \u00e0 l\u2019exactitude, \u00e0 l\u2019exhaustivit\u00e9 et engager la responsabilit\u00e9 d\u2019Universit\u00e9 Paris Cit\u00e9. <br \/>Les informations et\/ou documents disponibles sur ce site sont susceptibles d\u2019\u00eatre modifi\u00e9s \u00e0 tout moment, et peuvent faire l\u2019objet de mises \u00e0 jour. Universit\u00e9 Paris Cit\u00e9 ne pourra en aucun cas \u00eatre tenu responsables de tout dommage de quelque nature qu\u2019il soit r\u00e9sultant de l\u2019interpr\u00e9tation ou de l\u2019utilisation des informations et\/ou documents disponibles sur ce site.<\/div>\n<div>\u00a0<\/div>\n<h3 class=\"et_pb_text_inner\">Cr\u00e9dits Photos<\/h3>\n<div class=\"et_pb_text_inner\">Les photographies pr\u00e9sent\u00e9es sur ce site ne sont pas libres de droit, et ne sont pas r\u00e9utilisables sans autorisation explicite de leur auteur. Phototh\u00e8ques, et banques d\u2019images :<\/div>\n<div class=\"et_pb_text_inner\">\n<ul>\n<li><a href=\"https:\/\/stock.adobe.com\/fr\/\">https:\/\/stock.adobe.com\/fr\/<\/a><\/li>\n<li><a href=\"https:\/\/unsplash.com\">https:\/\/unsplash.com<\/a><\/li>\n<li><a href=\"https:\/\/www.pexels.com\/\">https:\/\/www.pexels.com\/<\/a><\/li>\n<li><a href=\"https:\/\/pixabay.com\/fr\/\">https:\/\/pixabay.com\/fr\/<\/a><\/li>\n<\/ul>\n<p><strong>H\u00e9bergement<\/strong><\/p>\n<\/div>\n<div class=\"et_pb_text_inner\">Ce site est h\u00e9berg\u00e9 par la Direction du num\u00e9rique de l\u2019universit\u00e9.<\/div>\n<div>\u00a0<\/div>\n<div class=\"et_pb_text_inner\"><strong>Gestion des contenus <\/strong><\/div>\n<div class=\"et_pb_text_inner\">Les textes, images et autres contenus de ce site sont g\u00e9r\u00e9s par la Direction de la communication.<\/div>\n<div>\u00a0<\/div>\n<div class=\"et_pb_text_inner\"><strong>Gestionnaire des statistiques<\/strong><\/div>\n<div class=\"et_pb_text_inner\">Matomo<\/div>\n<\/div>\n<\/div>\n<p>[\/et_pb_text][\/et_pb_column][\/et_pb_row][\/et_pb_section]<\/p>\n","protected":false},"excerpt":{"rendered":"<p>Informations \u00e9ditoriales \u00c9diteurs Ce site web est \u00e9dit\u00e9 par Universit\u00e9 Paris Cit\u00e9, \u00c9tablissement public \u00e0 caract\u00e8re scientifique, culturel et professionnel, dont le Si\u00e8ge est situ\u00e9 au : 85 boulevard Saint-Germain 75006 Paris Directeur de la publication \u00c9douard Kaminski, Pr\u00e9sident d\u2019Universit\u00e9 Paris Cit\u00e9. Droits de reproduction Conform\u00e9ment au droit public de la propri\u00e9t\u00e9 intellectuelle et notamment&hellip; <a class=\"continue\" href=\"https:\/\/wordpress-test.app.u-pariscite.fr\/sdv\/politique-de-confidentialite\/\">Lire la suite<span> Mentions l\u00e9gales<\/span><\/a><\/p>\n","protected":false},"author":35,"featured_media":0,"parent":0,"menu_order":0,"comment_status":"closed","ping_status":"closed","template":"","meta":{"_et_pb_use_builder":"on","_et_pb_old_content":"<p><strong>Informations \u00e9ditoriales<\/strong><\/p><p><strong>\u00c9diteurs<\/strong><\/p><p>Ce site web est \u00e9dit\u00e9 par Universit\u00e9 Paris Cit\u00e9, \u00c9tablissement public \u00e0 caract\u00e8re scientifique, culturel et professionnel, dont le Si\u00e8ge est situ\u00e9 au :<br \/>85 boulevard Saint-Germain 75006 Paris<\/p><p><strong>Directeur de la publication<\/strong><\/p><p>Christine Clerici, Pr\u00e9sidente de Universit\u00e9 Paris Cit\u00e9.<\/p><p><strong>Droits de reproduction<\/strong><\/p><p>Conform\u00e9ment au droit public de la propri\u00e9t\u00e9 intellectuelle et notamment selon l\u2019article L122-5 du Code de la propri\u00e9t\u00e9 intellectuelle, les \u00a0\u00bbdocuments officiels\u00a0\u00bb sont librement r\u00e9utilisables\u00a0:<\/p><ul><li>les d\u00e9clarations, les discours, les dossiers de presse et les communiqu\u00e9s\u00a0;<\/li><li>les circulaires, directives et autres documents r\u00e8glementaires.<\/li><\/ul><p>Cependant, le bon usage veut que la reprise de ces contenus de fa\u00e7on partielle ou int\u00e9grale mentionne clairement la source, et le cas \u00e9ch\u00e9ant avec un lien vers le document original en ligne sur le site<a href=\"https:\/\/wordpress-test.app.u-pariscite.fr\/sdv\/\"> https:\/\/wordpress-test.app.u-pariscite.fr\/sdv\/<\/a><\/p><p>Tous les autres contenus pr\u00e9sents sur le site\u00a0<a href=\"https:\/\/www.wordpress-test.app.u-pariscite.fr\/\">https:\/\/www.wordpress-test.app.u-pariscite.fr<\/a>\u00a0sont couverts par le droit d\u2019auteur. Toute reprise est d\u00e8s lors conditionn\u00e9e \u00e0 l\u2019accord de l\u2019auteur en vertu de l\u2019article L.122-4 du Code de la Propri\u00e9t\u00e9 intellectuelle.<\/p><p>La r\u00e9utilisation non commerciale est autoris\u00e9e \u00e0 la condition de respecter l\u2019int\u00e9grit\u00e9 des informations et de n\u2019en alt\u00e9rer ni le sens, ni la port\u00e9e, ni l\u2019application et d\u2019en pr\u00e9ciser l\u2019origine et la date de publication.<\/p><p>Les informations ne peuvent \u00eatre utilis\u00e9es \u00e0 des fins commerciales ou promotionnelles sans l\u2019autorisation expresse et l\u2019obtention d\u2019une licence de r\u00e9utilisation des informations publiques. Est consid\u00e9r\u00e9e comme r\u00e9utilisation \u00e0 des fins commerciales ou promotionnelles l\u2019\u00e9laboration, \u00e0 partir des informations publiques, d\u2019un produit ou d\u2019un service destin\u00e9 \u00e0 \u00eatre mis \u00e0 disposition de tiers, \u00e0 titre gratuit ou on\u00e9reux.<\/p><p>Les demandes d\u2019autorisation de reproduction d\u2019un contenu doivent \u00eatre adress\u00e9es par courriel aux \u00e9quipes en charge du site <a href=\"https:\/\/wordpress-test.app.u-pariscite.fr\/sdv\/\">https:\/\/wordpress-test.app.u-pariscite.fr\/sdv\/\u00a0<\/a>via le formulaire de contact :\u00a0<a href=\"https:\/\/wordpress-test.app.u-pariscite.fr\/contact\/\">https:\/\/wordpress-test.app.u-pariscite.fr\/contact\/<\/a><strong><br \/><\/strong><\/p><p>Les reproductions \u00e0 but commercial ou publicitaires ne seront, sauf exceptions, pas autoris\u00e9es.<\/p><div class=\"et_pb_column et_pb_column_4_4 et_pb_column_1    et_pb_css_mix_blend_mode_passthrough et-last-child\"><div class=\"et_pb_module et_pb_text et_pb_text_0 et_pb_bg_layout_light  et_pb_text_align_left\"><div class=\"et_pb_text_inner\"><p><strong>Acc\u00e8s aux documents administratifs<\/strong><\/p><p>Pour toute demande de communication de documents administratifs et de r\u00e9utilisation d\u2019informations publiques, vous pouvez contacter la personne responsable de l\u2019acc\u00e8s aux documents administratifs de l\u2019universit\u00e9 :<\/p><p>Par mail \u00e0 : <a href=\"mailto:prada@wordpress-test.app.u-pariscite.fr\">prada@wordpress-test.app.u-pariscite.fr<\/a><\/p><p>Ou par courrier postal \u00e0 :<\/p><p>A l\u2019attention de la PRADA<br \/>Universit\u00e9 Paris Cit\u00e9<br \/>Direction g\u00e9n\u00e9rale d\u00e9l\u00e9gu\u00e9e aux affaires juridiques<br \/>85 boulevard Saint-Germain<br \/>75006 PARIS<\/p><p><strong>Clause de responsabilit\u00e9<\/strong><\/p><p>Les informations propos\u00e9es sur ce portail le sont \u00e0 titre de service rendu au public. Malgr\u00e9 tout le soin apport\u00e9 \u00e0 la transcription des textes officiels, \u00e0 la v\u00e9rification des contenus et des informations, les \u00e9l\u00e9ments mis en ligne ne sauraient, de quelque mani\u00e8re que ce soit, pr\u00e9tendre \u00e0 l\u2019exactitude, \u00e0 l\u2019exhaustivit\u00e9 et engager la responsabilit\u00e9 d\u2019Universit\u00e9 Paris Cit\u00e9.<\/p><p>Les informations et\/ou documents disponibles sur ce site sont susceptibles d\u2019\u00eatre modifi\u00e9s \u00e0 tout moment, et peuvent faire l\u2019objet de mises \u00e0 jour.<\/p><p>Universit\u00e9 Paris Cit\u00e9 ne pourra en aucun cas \u00eatre tenu responsables de tout dommage de quelque nature qu\u2019il soit r\u00e9sultant de l\u2019interpr\u00e9tation ou de l\u2019utilisation des informations et\/ou documents disponibles sur ce site.<\/p><p><strong>Cr\u00e9dits Photos<\/strong><\/p><p>Les photographies pr\u00e9sent\u00e9es sur ce site ne sont pas libres de droit, et ne sont pas r\u00e9utilisables sans autorisation explicite de leur auteur.<br \/>Phototh\u00e8ques, et banques d\u2019images :<\/p><ul><li><a href=\"https:\/\/stock.adobe.com\/fr\/\">https:\/\/stock.adobe.com\/fr\/<\/a><\/li><li><a href=\"https:\/\/unsplash.com\">https:\/\/unsplash.com<\/a><\/li><li><a href=\"https:\/\/www.pexels.com\/\">https:\/\/www.pexels.com\/<\/a><\/li><li><a href=\"https:\/\/pixabay.com\/fr\/\">https:\/\/pixabay.com\/fr\/<\/a><\/li><\/ul><p><strong>H\u00e9bergement<\/strong><\/p><p>Ce site est h\u00e9berg\u00e9 par la Direction du num\u00e9rique de l\u2019universit\u00e9.<\/p><p><strong>Gestion des contenus<br \/><\/strong>Les textes, images et autres contenus de ce site sont g\u00e9r\u00e9s par la Direction de la communication.<\/p><p><strong>Gestionnaire des statistiques<br \/><\/strong>Matomo<\/p><\/div><\/div><\/div>","_et_gb_content_width":"","footnotes":""},"class_list":["post-320","page","type-page","status-publish","hentry"],"_links":{"self":[{"href":"https:\/\/wordpress-test.app.u-pariscite.fr\/sdv\/wp-json\/wp\/v2\/pages\/320","targetHints":{"allow":["GET"]}}],"collection":[{"href":"https:\/\/wordpress-test.app.u-pariscite.fr\/sdv\/wp-json\/wp\/v2\/pages"}],"about":[{"href":"https:\/\/wordpress-test.app.u-pariscite.fr\/sdv\/wp-json\/wp\/v2\/types\/page"}],"author":[{"embeddable":true,"href":"https:\/\/wordpress-test.app.u-pariscite.fr\/sdv\/wp-json\/wp\/v2\/users\/35"}],"replies":[{"embeddable":true,"href":"https:\/\/wordpress-test.app.u-pariscite.fr\/sdv\/wp-json\/wp\/v2\/comments?post=320"}],"version-history":[{"count":7,"href":"https:\/\/wordpress-test.app.u-pariscite.fr\/sdv\/wp-json\/wp\/v2\/pages\/320\/revisions"}],"predecessor-version":[{"id":2588,"href":"https:\/\/wordpress-test.app.u-pariscite.fr\/sdv\/wp-json\/wp\/v2\/pages\/320\/revisions\/2588"}],"wp:attachment":[{"href":"https:\/\/wordpress-test.app.u-pariscite.fr\/sdv\/wp-json\/wp\/v2\/media?parent=320"}],"curies":[{"name":"wp","href":"https:\/\/api.w.org\/{rel}","templated":true}]}}