{"id":242,"date":"2020-01-31T14:21:50","date_gmt":"2020-01-31T13:21:50","guid":{"rendered":"https:\/\/wordpress-test.app.u-pariscite.fr\/sdv\/?page_id=242"},"modified":"2024-01-26T11:07:36","modified_gmt":"2024-01-26T10:07:36","slug":"formations-qualifiantes","status":"publish","type":"page","link":"https:\/\/wordpress-test.app.u-pariscite.fr\/sdv\/formations-qualifiantes\/","title":{"rendered":"Formations qualifiantes"},"content":{"rendered":"<p>[et_pb_section fb_built=\u00a0\u00bb1&Prime; _builder_version=\u00a0\u00bb3.22&Prime;][et_pb_row _builder_version=\u00a0\u00bb3.22&Prime; background_size=\u00a0\u00bbinitial\u00a0\u00bb background_position=\u00a0\u00bbtop_left\u00a0\u00bb background_repeat=\u00a0\u00bbrepeat\u00a0\u00bb][et_pb_column type=\u00a0\u00bb4_4&Prime; _builder_version=\u00a0\u00bb3.0.47&Prime;][et_pb_post_title meta=\u00a0\u00bboff\u00a0\u00bb featured_image=\u00a0\u00bboff\u00a0\u00bb _builder_version=\u00a0\u00bb3.22.1&Prime; z_index_tablet=\u00a0\u00bb500&Prime;][\/et_pb_post_title][et_pb_image src=\u00a0\u00bbhttps:\/\/wordpress-test.app.u-pariscite.fr\/sdv\/wp-content\/uploads\/sites\/4\/2020\/01\/formations-pop-1024&#215;576.jpg\u00a0\u00bb _builder_version=\u00a0\u00bb3.22.1&Prime; z_index_tablet=\u00a0\u00bb500&Prime;][\/et_pb_image][et_pb_text _builder_version=\u00a0\u00bb3.22.1&Prime; z_index_tablet=\u00a0\u00bb500&Prime;]<\/p>\n<h4>\u00a0<\/h4>\n<h4>\u00a0<\/h4>\n<p>\u00a0<\/p>\n<h4>Pour toute information ou inscription, contactez Reine RIGAULT, Assistante formation continue<\/h4>\n<p>Adresse\u00a0: UFR Sciences du Vivant. 4 rue Marie Andr\u00e9e Lagroua Weill Hall\u00e9.<\/p>\n<p>Bureau RH54A &#8211; Case courrier 7048.<\/p>\n<p>75205 Paris Cedex 13<\/p>\n<p>T\u00e9l\u00e9phone\u00a0: 0157278234<\/p>\n<p>Mail : reine.rigault@wordpress-test.app.u-pariscite.fr<\/p>\n<p>\u00a0<\/p>\n<p><strong>Les th\u00e9matiques disponibles sont ci-dessous, les formations apparaissent sous les menus d\u00e9roulants et donnent les liens vers le contenu d\u00e9taill\u00e9 de chaque enseignement<\/strong><\/p>\n<p>\u00a0<\/p>\n<p>[\/et_pb_text][\/et_pb_column][\/et_pb_row][et_pb_row _builder_version=\u00a0\u00bb3.22&Prime; background_size=\u00a0\u00bbinitial\u00a0\u00bb background_position=\u00a0\u00bbtop_left\u00a0\u00bb background_repeat=\u00a0\u00bbrepeat\u00a0\u00bb][et_pb_column type=\u00a0\u00bb4_4&Prime; _builder_version=\u00a0\u00bb3.0.47&Prime;][et_pb_toggle title=\u00a0\u00bbBiochimie des prot\u00e9ines\u00a0\u00bb _builder_version=\u00a0\u00bb3.22.1&Prime; z_index_tablet=\u00a0\u00bb500&Prime;]<\/p>\n<ul>\n<li style=\"font-weight: 400\"><strong><a href=\"https:\/\/odf.wordpress-test.app.u-pariscite.fr\/fr\/offre-de-formation\/formation-qualifiante-SPCFQ\/sciences-technologies-sante-STS\/formation-qualifiante-purification-et-analyse-des-proteines-IQWGEOID.html?search-keywords=purification\" data-saferedirecturl=\"https:\/\/www.google.com\/url?q=https:\/\/odf.wordpress-test.app.u-pariscite.fr\/fr\/offre-de-formation\/formation-qualifiante-SPCFQ\/sciences-technologies-sante-STS\/formation-qualifiante-purification-et-analyse-des-proteines-IQWGEOID.html?search-keywords%3Dpurification&amp;source=gmail&amp;ust=1654838382808000&amp;usg=AOvVaw1bu65l_vRCuHw2S0-kXqlk\">Purification et analyse des prot\u00e9ines<\/a> (Responsables : Dr Th. de Caldas, Dr N. Demont-Caulet, Y. Gohon)<\/strong><\/li>\n<li style=\"font-weight: 400\"><strong><a href=\"https:\/\/odf.wordpress-test.app.u-pariscite.fr\/fr\/offre-de-formation\/formation-qualifiante-SPCFQ\/sciences-technologies-sante-STS\/formation-qualifiante-enzymologie-IZ87C7JY.html?search-keywords=enzymologie\" data-saferedirecturl=\"https:\/\/www.google.com\/url?q=https:\/\/odf.wordpress-test.app.u-pariscite.fr\/fr\/offre-de-formation\/formation-qualifiante-SPCFQ\/sciences-technologies-sante-STS\/formation-qualifiante-enzymologie-IZ87C7JY.html?search-keywords%3Denzymologie&amp;source=gmail&amp;ust=1654838382808000&amp;usg=AOvVaw1X3ESxYo2irc00KVm7AX8s\">Enzymologie<\/a> (Responsable : Dr J. Dairou)<\/strong><\/li>\n<li style=\"font-weight: 400\"><strong><a href=\"https:\/\/odf.wordpress-test.app.u-pariscite.fr\/fr\/offre-de-formation\/formation-qualifiante-SPCFQ\/sciences-technologies-sante-STS\/formation-qualifiante-initiation-a-la-biochimie-des-proteines-structure-fonction-analyse-biochimique-et-outil-bioinformatique-IQWG4F0G.html?search-keywords=biochimie\" data-saferedirecturl=\"https:\/\/www.google.com\/url?q=https:\/\/odf.wordpress-test.app.u-pariscite.fr\/fr\/offre-de-formation\/formation-qualifiante-SPCFQ\/sciences-technologies-sante-STS\/formation-qualifiante-initiation-a-la-biochimie-des-proteines-structure-fonction-analyse-biochimique-et-outil-bioinformatique-IQWG4F0G.html?search-keywords%3Dbiochimie&amp;source=gmail&amp;ust=1654838382808000&amp;usg=AOvVaw1MAWx3J8-tA4kpMzil5bc0\">Initiation \u00e0 la biochimie des prot\u00e9ines : structure, fonction, analyse biochimique et outil bio-informatique<\/a>\u00a0(Responsable : Dr N. Demont-Caulet<\/strong><strong>)<\/strong><\/li>\n<\/ul>\n<p>&nbsp;<\/p>\n<p>[\/et_pb_toggle][\/et_pb_column][\/et_pb_row][et_pb_row _builder_version=\u00a0\u00bb3.22&Prime; background_size=\u00a0\u00bbinitial\u00a0\u00bb background_position=\u00a0\u00bbtop_left\u00a0\u00bb background_repeat=\u00a0\u00bbrepeat\u00a0\u00bb][et_pb_column type=\u00a0\u00bb4_4&Prime; _builder_version=\u00a0\u00bb3.0.47&Prime;][et_pb_toggle title=\u00a0\u00bbBiologie Cellulaire\u00a0\u00bb _builder_version=\u00a0\u00bb3.22.1&Prime; z_index_tablet=\u00a0\u00bb500&Prime;]<\/p>\n<ul>\n<li class=\"paragraphe\"><b><a href=\"https:\/\/odf.wordpress-test.app.u-pariscite.fr\/fr\/offre-de-formation\/formation-qualifiante-SPCFQ\/sciences-technologies-sante-STS\/formation-qualifiante-pcr-quantitative-en-temps-reel-IZ6STFZ4.html?search-keywords=PCR\" target=\"_blank\" rel=\"noopener noreferrer\" data-saferedirecturl=\"https:\/\/www.google.com\/url?q=https:\/\/odf.wordpress-test.app.u-pariscite.fr\/fr\/offre-de-formation\/formation-qualifiante-SPCFQ\/sciences-technologies-sante-STS\/formation-qualifiante-pcr-quantitative-en-temps-reel-IZ6STFZ4.html?search-keywords%3DPCR&amp;source=gmail&amp;ust=1654838382808000&amp;usg=AOvVaw0l-1fnT0yJ_MkgKbGZL0ZF\">PCR quantitative en temps r\u00e9el<\/a> (Responsables : N. Kassis, Pr M. Viguier)<\/b><\/li>\n<li class=\"paragraphe\"><b><a href=\"https:\/\/odf.wordpress-test.app.u-pariscite.fr\/fr\/offre-de-formation\/formation-qualifiante-SPCFQ\/sciences-technologies-sante-STS\/formation-qualifiante-transfert-de-genes-dans-les-cellules-eucaryotes-IZ6SWESR.html?search-keywords=transfert\" target=\"_blank\" rel=\"noopener noreferrer\" data-saferedirecturl=\"https:\/\/www.google.com\/url?q=https:\/\/odf.wordpress-test.app.u-pariscite.fr\/fr\/offre-de-formation\/formation-qualifiante-SPCFQ\/sciences-technologies-sante-STS\/formation-qualifiante-transfert-de-genes-dans-les-cellules-eucaryotes-IZ6SWESR.html?search-keywords%3Dtransfert&amp;source=gmail&amp;ust=1654838382808000&amp;usg=AOvVaw2wBIa-B0KHW5PSzn2KAUam\">Transfert de g\u00e8nes dans les cellules eucaryotes<\/a> (Responsable : Dr S. Pichon)<\/b><\/li>\n<li class=\"paragraphe\"><b><a href=\"https:\/\/odf.wordpress-test.app.u-pariscite.fr\/fr\/offre-de-formation\/formation-qualifiante-SPCFQ\/sciences-technologies-sante-STS\/formation-qualifiante-sequencage-haut-debit-principes-et-exemples-d-applications-IQWGFFZL.html?search-keywords=haut,d%C3%A9bit\" target=\"_blank\" rel=\"noopener noreferrer\" data-saferedirecturl=\"https:\/\/www.google.com\/url?q=https:\/\/odf.wordpress-test.app.u-pariscite.fr\/fr\/offre-de-formation\/formation-qualifiante-SPCFQ\/sciences-technologies-sante-STS\/formation-qualifiante-sequencage-haut-debit-principes-et-exemples-d-applications-IQWGFFZL.html?search-keywords%3Dhaut,d%25C3%25A9bit&amp;source=gmail&amp;ust=1654838382808000&amp;usg=AOvVaw22TuH2IHuM0DbTLS7u2szu\">S\u00e9quen\u00e7age haut d\u00e9bit : principes et exemples d\u2019applications<\/a>\u00a0(Responsable : Dr Guillaume Velasco)<\/b><\/li>\n<\/ul>\n<p>&nbsp;<\/p>\n<p>&nbsp;<\/p>\n<p>[\/et_pb_toggle][\/et_pb_column][\/et_pb_row][et_pb_row _builder_version=\u00a0\u00bb3.22&Prime; background_size=\u00a0\u00bbinitial\u00a0\u00bb background_position=\u00a0\u00bbtop_left\u00a0\u00bb background_repeat=\u00a0\u00bbrepeat\u00a0\u00bb][et_pb_column type=\u00a0\u00bb4_4&Prime; _builder_version=\u00a0\u00bb3.0.47&Prime;][et_pb_toggle title=\u00a0\u00bbBioInformatique\u00a0\u00bb _builder_version=\u00a0\u00bb3.22.1&Prime; z_index_tablet=\u00a0\u00bb500&Prime;]<\/p>\n<ul>\n<li><b><a href=\"https:\/\/odf.wordpress-test.app.u-pariscite.fr\/fr\/offre-de-formation\/formation-qualifiante-SPCFQ\/sciences-technologies-sante-STS\/formation-qualifiante-initiation-au-langage-r-IQWG4PXD.html?search-keywords=langage,R\" target=\"_blank\" rel=\"noopener noreferrer\" data-saferedirecturl=\"https:\/\/www.google.com\/url?q=https:\/\/odf.wordpress-test.app.u-pariscite.fr\/fr\/offre-de-formation\/formation-qualifiante-SPCFQ\/sciences-technologies-sante-STS\/formation-qualifiante-initiation-au-langage-r-IQWG4PXD.html?search-keywords%3Dlangage,R&amp;source=gmail&amp;ust=1654838382808000&amp;usg=AOvVaw1koWHskzFFRXmbARmAI25p\">Initiation au langage R<\/a> (Responsables : Dr L. Regad, Dr A. Badel)<\/b><\/li>\n<li><b><a href=\"https:\/\/odf.wordpress-test.app.u-pariscite.fr\/fr\/offre-de-formation\/formation-qualifiante-SPCFQ\/sciences-technologies-sante-STS\/formation-qualifiante-biostatistiques-avec-r-niveau-1-IQWF4U6Q.html?search-keywords=biostatistiques\" target=\"_blank\" rel=\"noopener noreferrer\" data-saferedirecturl=\"https:\/\/www.google.com\/url?q=https:\/\/odf.wordpress-test.app.u-pariscite.fr\/fr\/offre-de-formation\/formation-qualifiante-SPCFQ\/sciences-technologies-sante-STS\/formation-qualifiante-biostatistiques-avec-r-niveau-1-IQWF4U6Q.html?search-keywords%3Dbiostatistiques&amp;source=gmail&amp;ust=1654838382808000&amp;usg=AOvVaw30hkqYl1n7DZa6XsjuSWth\">Biostatistiques avec R \u2013 Niveau 1<\/a> (Responsables : Dr A. Badel, Pr A. C. Camproux)<\/b><\/li>\n<li><b><a href=\"https:\/\/odf.wordpress-test.app.u-pariscite.fr\/fr\/offre-de-formation\/formation-qualifiante-SPCFQ\/sciences-technologies-sante-STS\/formation-qualifiante-biostatistiques-avec-r-niveau-2-IQWF9NB6.html?search-keywords=biostatistiques\" target=\"_blank\" rel=\"noopener noreferrer\" data-saferedirecturl=\"https:\/\/www.google.com\/url?q=https:\/\/odf.wordpress-test.app.u-pariscite.fr\/fr\/offre-de-formation\/formation-qualifiante-SPCFQ\/sciences-technologies-sante-STS\/formation-qualifiante-biostatistiques-avec-r-niveau-2-IQWF9NB6.html?search-keywords%3Dbiostatistiques&amp;source=gmail&amp;ust=1654838382808000&amp;usg=AOvVaw1Qvxf-GRWSCHWHxAaFTdnd\">Biostatistiques avec R \u2013 Niveau 2<\/a>\u00a0(Responsables : Dr A. Badel, Pr A. C. Camproux)<\/b><\/li>\n<\/ul>\n<p>&nbsp;<\/p>\n<p>[\/et_pb_toggle][\/et_pb_column][\/et_pb_row][et_pb_row _builder_version=\u00a0\u00bb3.22&Prime; background_size=\u00a0\u00bbinitial\u00a0\u00bb background_position=\u00a0\u00bbtop_left\u00a0\u00bb background_repeat=\u00a0\u00bbrepeat\u00a0\u00bb][et_pb_column type=\u00a0\u00bb4_4&Prime; _builder_version=\u00a0\u00bb3.0.47&Prime;][et_pb_toggle title=\u00a0\u00bbToxicologie\u00a0\u00bb _builder_version=\u00a0\u00bb3.22.1&Prime; z_index_tablet=\u00a0\u00bb500&Prime;]<\/p>\n<ul>\n<li class=\"paragraphe\"><span class=\"m_3128769716148896426gmail-m8246713394963013741apple-converted-space\">\u00a0<\/span><b><a href=\"https:\/\/odf.wordpress-test.app.u-pariscite.fr\/fr\/offre-de-formation\/formation-qualifiante-SPCFQ\/sciences-technologies-sante-STS\/formation-qualifiante-base-de-la-toxicologie-etude-des-mecanismes-et-approches-methodologiques-JJZUJ7ZF.html?search-keywords=toxicologie\" target=\"_blank\" rel=\"noopener noreferrer\" data-saferedirecturl=\"https:\/\/www.google.com\/url?q=https:\/\/odf.wordpress-test.app.u-pariscite.fr\/fr\/offre-de-formation\/formation-qualifiante-SPCFQ\/sciences-technologies-sante-STS\/formation-qualifiante-base-de-la-toxicologie-etude-des-mecanismes-et-approches-methodologiques-JJZUJ7ZF.html?search-keywords%3Dtoxicologie&amp;source=gmail&amp;ust=1654838382808000&amp;usg=AOvVaw3SKtHJhmwin-cRbz7tvT1J\">Bases de la toxicologie<\/a> (Responsable : Dr A. Baeza)<\/b><\/li>\n<li class=\"paragraphe\"><b><a href=\"https:\/\/odf.wordpress-test.app.u-pariscite.fr\/fr\/offre-de-formation\/formation-qualifiante-SPCFQ\/sciences-technologies-sante-STS\/formation-qualifiante-specialisation-en-toxicologie-de-la-reproduction-IZ6SVLR7.html?search-keywords=toxicologie\" target=\"_blank\" rel=\"noopener noreferrer\" data-saferedirecturl=\"https:\/\/www.google.com\/url?q=https:\/\/odf.wordpress-test.app.u-pariscite.fr\/fr\/offre-de-formation\/formation-qualifiante-SPCFQ\/sciences-technologies-sante-STS\/formation-qualifiante-specialisation-en-toxicologie-de-la-reproduction-IZ6SVLR7.html?search-keywords%3Dtoxicologie&amp;source=gmail&amp;ust=1654838382808000&amp;usg=AOvVaw2f9rQLHlB5xYzIUvCN5SJ2\">Sp\u00e9cialisation en toxicologie de la reproduction<\/a> (Responsable : Pr V. Rouiller-Fabre)<\/b><\/li>\n<li class=\"paragraphe\"><a href=\"https:\/\/odf.wordpress-test.app.u-pariscite.fr\/fr\/offre-de-formation\/formation-qualifiante-SPCFQ\/sciences-technologies-sante-STS\/formation-qualifiante-la-chromatographie-haute-pression-hplc-uflc-appliquee-aux-sciences-du-vivant-IQWFDCWO.html?search-keywords=HPLC\" target=\"_blank\" rel=\"noopener noreferrer\" data-saferedirecturl=\"https:\/\/www.google.com\/url?q=https:\/\/odf.wordpress-test.app.u-pariscite.fr\/fr\/offre-de-formation\/formation-qualifiante-SPCFQ\/sciences-technologies-sante-STS\/formation-qualifiante-la-chromatographie-haute-pression-hplc-uflc-appliquee-aux-sciences-du-vivant-IQWFDCWO.html?search-keywords%3DHPLC&amp;source=gmail&amp;ust=1654838382808000&amp;usg=AOvVaw38Vq7YJXFOYYBTZjTxCpmr\"><b>Chromatographie Haute Pression en phase liquide (HPLC\/UFLC) coupl\u00e9e \u00e0 la spectrom\u00e9trie de masse appliqu\u00e9e \u00e0 la m\u00e9tabolomique cibl\u00e9e<\/b><\/a><b> (Responsable : Dr J. Dairou)\u00a0<\/b><\/li>\n<\/ul>\n<p>&nbsp;<\/p>\n<p>[\/et_pb_toggle][\/et_pb_column][\/et_pb_row][et_pb_row _builder_version=\u00a0\u00bb3.22&Prime; background_size=\u00a0\u00bbinitial\u00a0\u00bb background_position=\u00a0\u00bbtop_left\u00a0\u00bb background_repeat=\u00a0\u00bbrepeat\u00a0\u00bb][et_pb_column type=\u00a0\u00bb4_4&Prime; _builder_version=\u00a0\u00bb3.0.47&Prime;][et_pb_toggle title=\u00a0\u00bbImmunologie\u00a0\u00bb _builder_version=\u00a0\u00bb3.22.1&Prime; z_index_tablet=\u00a0\u00bb500&Prime;]<\/p>\n<ul>\n<li><b><a href=\"https:\/\/odf.wordpress-test.app.u-pariscite.fr\/fr\/offre-de-formation\/formation-qualifiante-SPCFQ\/sciences-technologies-sante-STS\/formation-qualifiante-de-l-immunologie-a-l-immunotherapie-IQWG44E8.html?search-keywords=immunologie\" target=\"_blank\" rel=\"noopener noreferrer\" data-saferedirecturl=\"https:\/\/www.google.com\/url?q=https:\/\/odf.wordpress-test.app.u-pariscite.fr\/fr\/offre-de-formation\/formation-qualifiante-SPCFQ\/sciences-technologies-sante-STS\/formation-qualifiante-de-l-immunologie-a-l-immunotherapie-IQWG44E8.html?search-keywords%3Dimmunologie&amp;source=gmail&amp;ust=1654838382808000&amp;usg=AOvVaw0DHAnoQcAtlMLbaeFkIQIc\">De l\u2019Immunologie \u00e0 l\u2019Immunoth\u00e9rapi<\/a>e (Responsable : Pr M. Viguier)<\/b><\/li>\n<li><b><a href=\"https:\/\/odf.wordpress-test.app.u-pariscite.fr\/fr\/offre-de-formation\/formation-qualifiante-SPCFQ\/sciences-technologies-sante-STS\/formation-qualifiante-introduction-a-l-immunologie-IZ6SR9OW.html?search-keywords=immunologie\" target=\"_blank\" rel=\"noopener noreferrer\" data-saferedirecturl=\"https:\/\/www.google.com\/url?q=https:\/\/odf.wordpress-test.app.u-pariscite.fr\/fr\/offre-de-formation\/formation-qualifiante-SPCFQ\/sciences-technologies-sante-STS\/formation-qualifiante-introduction-a-l-immunologie-IZ6SR9OW.html?search-keywords%3Dimmunologie&amp;source=gmail&amp;ust=1654838382808000&amp;usg=AOvVaw3e1-SApNLDN2TB_DZA4RGx\">Introduction \u00e0 l\u2019Immunologie<\/a> (Responsable : Pr M. Viguier)<\/b><\/li>\n<li><b><a href=\"https:\/\/odf.wordpress-test.app.u-pariscite.fr\/fr\/offre-de-formation\/formation-qualifiante-SPCFQ\/sciences-technologies-sante-STS\/formation-qualifiante-cytometrie-en-flux-1-debutants-de-l-echantillon-cellulaire-a-l-analyse-des-resultats-IQWFKF9C.html?search-keywords=cytom%C3%A9trie\" target=\"_blank\" rel=\"noopener noreferrer\" data-saferedirecturl=\"https:\/\/www.google.com\/url?q=https:\/\/odf.wordpress-test.app.u-pariscite.fr\/fr\/offre-de-formation\/formation-qualifiante-SPCFQ\/sciences-technologies-sante-STS\/formation-qualifiante-cytometrie-en-flux-1-debutants-de-l-echantillon-cellulaire-a-l-analyse-des-resultats-IQWFKF9C.html?search-keywords%3Dcytom%25C3%25A9trie&amp;source=gmail&amp;ust=1654838382809000&amp;usg=AOvVaw1dF2D0Sg3q6kLB_5cFegBS\">Cytom\u00e9trie en flux 1- d\u00e9butants : de l\u2019\u00e9chantillon cellulaire \u00e0 l\u2019analyse de r\u00e9sultats<\/a> (Responsables : Pr A. Nicoletti, Dr M. Le Borgne)<\/b><\/li>\n<li><b><a href=\"https:\/\/odf.wordpress-test.app.u-pariscite.fr\/fr\/offre-de-formation\/formation-qualifiante-SPCFQ\/sciences-technologies-sante-STS\/formation-qualifiante-cytometrie-en-flux-2-avancee-de-l-analyse-au-tri-IQWFTTK5.html?search-keywords=cytom%C3%A9trie\" target=\"_blank\" rel=\"noopener noreferrer\" data-saferedirecturl=\"https:\/\/www.google.com\/url?q=https:\/\/odf.wordpress-test.app.u-pariscite.fr\/fr\/offre-de-formation\/formation-qualifiante-SPCFQ\/sciences-technologies-sante-STS\/formation-qualifiante-cytometrie-en-flux-2-avancee-de-l-analyse-au-tri-IQWFTTK5.html?search-keywords%3Dcytom%25C3%25A9trie&amp;source=gmail&amp;ust=1654838382809000&amp;usg=AOvVaw1tZKLZy23Wj-668r651kKr\">Cytom\u00e9trie en flux 2 \u2013 \u00a0Avanc\u00e9e : de l\u2019analyse au tri<\/a>\u00a0(Responsables : Pr A. Nicoletti, Dr M. Le Borgne<\/b><b>)<\/b><\/li>\n<\/ul>\n<p>[\/et_pb_toggle][\/et_pb_column][\/et_pb_row][et_pb_row _builder_version=\u00a0\u00bb3.22&Prime; background_size=\u00a0\u00bbinitial\u00a0\u00bb background_position=\u00a0\u00bbtop_left\u00a0\u00bb background_repeat=\u00a0\u00bbrepeat\u00a0\u00bb][et_pb_column type=\u00a0\u00bb4_4&Prime; _builder_version=\u00a0\u00bb3.0.47&Prime;][et_pb_toggle title=\u00a0\u00bbBiologie\u00a0\u00bb _builder_version=\u00a0\u00bb3.22.1&Prime; z_index_tablet=\u00a0\u00bb500&Prime;]<\/p>\n<ul>\n<li><b><a href=\"https:\/\/odf.wordpress-test.app.u-pariscite.fr\/fr\/offre-de-formation\/formation-qualifiante-SPCFQ\/sciences-technologies-sante-STS\/formation-qualifiante-encadrer-et-diriger-en-sciences-experimentales-JHASS2J0.html?search-keywords=encadrer\" target=\"_blank\" rel=\"noopener noreferrer\" data-saferedirecturl=\"https:\/\/www.google.com\/url?q=https:\/\/odf.wordpress-test.app.u-pariscite.fr\/fr\/offre-de-formation\/formation-qualifiante-SPCFQ\/sciences-technologies-sante-STS\/formation-qualifiante-encadrer-et-diriger-en-sciences-experimentales-JHASS2J0.html?search-keywords%3Dencadrer&amp;source=gmail&amp;ust=1654838382809000&amp;usg=AOvVaw2lM-4eON7HQcnZTy3fw0wE\">Encadrer et diriger en sciences exp\u00e9rimentales<\/a> (Responsables : Dr F. Deshayes, Pr M. Viguier<\/b><\/li>\n<li><b><a href=\"https:\/\/odf.wordpress-test.app.u-pariscite.fr\/fr\/offre-de-formation\/formation-qualifiante-SPCFQ\/sciences-technologies-sante-STS\/formation-qualifiante-initiation-aux-sciences-du-vivant-IZ6SQI58.html?search-keywords=initiation,vivant\" target=\"_blank\" rel=\"noopener noreferrer\" data-saferedirecturl=\"https:\/\/www.google.com\/url?q=https:\/\/odf.wordpress-test.app.u-pariscite.fr\/fr\/offre-de-formation\/formation-qualifiante-SPCFQ\/sciences-technologies-sante-STS\/formation-qualifiante-initiation-aux-sciences-du-vivant-IZ6SQI58.html?search-keywords%3Dinitiation,vivant&amp;source=gmail&amp;ust=1654838382809000&amp;usg=AOvVaw2kwWwqKIkbkiUEnAIzv5uy\">Initiation aux Sciences du Vivant<\/a> (Responsable : Pr M. Viguier)<\/b><\/li>\n<li><b><a href=\"https:\/\/odf.wordpress-test.app.u-pariscite.fr\/fr\/offre-de-formation\/formation-qualifiante-SPCFQ\/sciences-technologies-sante-STS\/formation-qualifiante-utiliser-les-outils-numeriques-de-vulgarisation-scientifique-K7BP48CJ.html?search-keywords=vulgarisation\" target=\"_blank\" rel=\"noopener noreferrer\" data-saferedirecturl=\"https:\/\/www.google.com\/url?q=https:\/\/odf.wordpress-test.app.u-pariscite.fr\/fr\/offre-de-formation\/formation-qualifiante-SPCFQ\/sciences-technologies-sante-STS\/formation-qualifiante-utiliser-les-outils-numeriques-de-vulgarisation-scientifique-K7BP48CJ.html?search-keywords%3Dvulgarisation&amp;source=gmail&amp;ust=1654838382809000&amp;usg=AOvVaw367RUwaSz-Otk1LcObIHAB\">Utiliser les outils num\u00e9riques de vulgarisation scientifique<\/a>\u00a0(CBioNum) (Responsables : Dr Patrick Laurenti, Dr Pierre Kerner)<\/b><\/li>\n<\/ul>\n<p>[\/et_pb_toggle][\/et_pb_column][\/et_pb_row][\/et_pb_section]<\/p>\n","protected":false},"excerpt":{"rendered":"<p>\u00a0\u00a0\u00a0Pour toute information ou inscription, contactez Reine RIGAULT, Assistante formation continueAdresse\u00a0: UFR Sciences du Vivant. 4 rue Marie Andr\u00e9e Lagroua Weill Hall\u00e9.Bureau RH54A &#8211; Case courrier 7048.75205 Paris Cedex 13T\u00e9l\u00e9phone\u00a0: 0157278234Mail : reine.rigault@wordpress-test.app.u-pariscite.fr\u00a0Les th\u00e9matiques disponibles sont ci-dessous, les formations apparaissent sous les menus d\u00e9roulants et donnent les liens vers le contenu d\u00e9taill\u00e9 de chaque enseignement\u00a0&hellip; <a class=\"continue\" href=\"https:\/\/wordpress-test.app.u-pariscite.fr\/sdv\/formations-qualifiantes\/\">Lire la suite<span> Formations qualifiantes<\/span><\/a><\/p>\n","protected":false},"author":8,"featured_media":0,"parent":0,"menu_order":0,"comment_status":"closed","ping_status":"closed","template":"","meta":{"_et_pb_use_builder":"on","_et_pb_old_content":"","_et_gb_content_width":"","footnotes":""},"class_list":["post-242","page","type-page","status-publish","hentry"],"_links":{"self":[{"href":"https:\/\/wordpress-test.app.u-pariscite.fr\/sdv\/wp-json\/wp\/v2\/pages\/242","targetHints":{"allow":["GET"]}}],"collection":[{"href":"https:\/\/wordpress-test.app.u-pariscite.fr\/sdv\/wp-json\/wp\/v2\/pages"}],"about":[{"href":"https:\/\/wordpress-test.app.u-pariscite.fr\/sdv\/wp-json\/wp\/v2\/types\/page"}],"author":[{"embeddable":true,"href":"https:\/\/wordpress-test.app.u-pariscite.fr\/sdv\/wp-json\/wp\/v2\/users\/8"}],"replies":[{"embeddable":true,"href":"https:\/\/wordpress-test.app.u-pariscite.fr\/sdv\/wp-json\/wp\/v2\/comments?post=242"}],"version-history":[{"count":22,"href":"https:\/\/wordpress-test.app.u-pariscite.fr\/sdv\/wp-json\/wp\/v2\/pages\/242\/revisions"}],"predecessor-version":[{"id":2866,"href":"https:\/\/wordpress-test.app.u-pariscite.fr\/sdv\/wp-json\/wp\/v2\/pages\/242\/revisions\/2866"}],"wp:attachment":[{"href":"https:\/\/wordpress-test.app.u-pariscite.fr\/sdv\/wp-json\/wp\/v2\/media?parent=242"}],"curies":[{"name":"wp","href":"https:\/\/api.w.org\/{rel}","templated":true}]}}