{"id":240,"date":"2020-01-31T14:20:43","date_gmt":"2020-01-31T13:20:43","guid":{"rendered":"https:\/\/wordpress-test.app.u-pariscite.fr\/sdv\/?page_id=240"},"modified":"2022-05-12T14:19:10","modified_gmt":"2022-05-12T12:19:10","slug":"du-diu","status":"publish","type":"page","link":"https:\/\/wordpress-test.app.u-pariscite.fr\/sdv\/du-diu\/","title":{"rendered":"DU, DIU"},"content":{"rendered":"<p>[et_pb_section bb_built=\u00a0\u00bb1&Prime; _builder_version=\u00a0\u00bb3.22&Prime;][et_pb_row _builder_version=\u00a0\u00bb3.22&Prime; background_size=\u00a0\u00bbinitial\u00a0\u00bb background_position=\u00a0\u00bbtop_left\u00a0\u00bb background_repeat=\u00a0\u00bbrepeat\u00a0\u00bb][et_pb_column type=\u00a0\u00bb4_4&Prime;][et_pb_post_title admin_label=\u00a0\u00bbTitre de la page\u00a0\u00bb meta=\u00a0\u00bboff\u00a0\u00bb featured_image=\u00a0\u00bboff\u00a0\u00bb _builder_version=\u00a0\u00bb3.19.11&Prime;]<\/p>\n<p>[\/et_pb_post_title][\/et_pb_column][\/et_pb_row][et_pb_row _builder_version=\u00a0\u00bb3.22&Prime; background_size=\u00a0\u00bbinitial\u00a0\u00bb background_position=\u00a0\u00bbtop_left\u00a0\u00bb background_repeat=\u00a0\u00bbrepeat\u00a0\u00bb][et_pb_column type=\u00a0\u00bb4_4&Prime;][et_pb_text module_id=\u00a0\u00bbintro\u00a0\u00bb _builder_version=\u00a0\u00bb3.22.1&Prime; z_index_tablet=\u00a0\u00bb500&Prime;]<\/p>\n<p>L&rsquo;UFR SDV propose plusieurs Dipl\u00f4mes Universitaires (DU) et Dipl\u00f4mes Inter-Universitaires (DIU), ces derniers \u00e9tant conjoints avec diff\u00e9rents \u00e9tablissements (Sorbonne Universit\u00e9, Aix-Marseille Universit\u00e9).<\/p>\n<p>DU et DIU sont des formations sp\u00e9cialis\u00e9es accessibles en formation professionnelle et\/ou en formation initiale.\u00a0<\/p>\n<\/p>\n<p>[\/et_pb_text][\/et_pb_column][\/et_pb_row][et_pb_row _builder_version=\u00a0\u00bb3.22&Prime; background_size=\u00a0\u00bbinitial\u00a0\u00bb background_position=\u00a0\u00bbtop_left\u00a0\u00bb background_repeat=\u00a0\u00bbrepeat\u00a0\u00bb][et_pb_column type=\u00a0\u00bb4_4&Prime;][et_pb_toggle _builder_version=\u00a0\u00bb3.22.1&Prime; title=\u00a0\u00bbDU : Bioinformatique int\u00e9grative (Bii)\u00a0\u00bb text_shadow_horizontal_length=\u00a0\u00bbtext_shadow_style,%91object Object%93&Prime; text_shadow_vertical_length=\u00a0\u00bbtext_shadow_style,%91object Object%93&Prime; text_shadow_blur_strength=\u00a0\u00bbtext_shadow_style,%91object Object%93&Prime; title_text_shadow_horizontal_length=\u00a0\u00bbtitle_text_shadow_style,%91object Object%93&Prime; title_text_shadow_vertical_length=\u00a0\u00bbtitle_text_shadow_style,%91object Object%93&Prime; title_text_shadow_blur_strength=\u00a0\u00bbtitle_text_shadow_style,%91object Object%93&Prime; body_text_shadow_horizontal_length=\u00a0\u00bbbody_text_shadow_style,%91object Object%93&Prime; body_text_shadow_vertical_length=\u00a0\u00bbbody_text_shadow_style,%91object Object%93&Prime; body_text_shadow_blur_strength=\u00a0\u00bbbody_text_shadow_style,%91object Object%93&Prime; z_index_tablet=\u00a0\u00bb500&Prime;]<\/p>\n<p>La bioinformatique est devenue une comp\u00e9tence incontournable pour l\u2019analyse de donn\u00e9es de nature extr\u00eamement diverses : g\u00e9nomes, transcriptomes, prot\u00e9omes, m\u00e9tabolomes, structures macromol\u00e9culaires, r\u00e9seaux d\u2019interactions. Ces diff\u00e9rentes approches fournissent chacune une perspective sur des composantes sp\u00e9cifiques des cellules. Cependant, la compr\u00e9hension des processus biologiques n\u00e9cessite de pouvoir extraire les informations pertinentes \u00e0 partir de ces diff\u00e9rents jeux de donn\u00e9es, pour ensuite les int\u00e9grer et les interpr\u00e9ter en utilisant des mod\u00e8les int\u00e9gratifs. L\u2019appropriation par des biologistes des m\u00e9thodes et outils de biostatistique et bioinformatique int\u00e9grative est un enjeu majeur pour la mont\u00e9e en comp\u00e9tence des \u00e9quipes de recherche et des plateformes de service. Le DU en bioinformatique int\u00e9grative s\u2019adresse en priorit\u00e9 \u00e0 des biologistes ou \u00e0 des m\u00e9decins\u00a0 souhaitant \u00e9voluer en comp\u00e9tences ou envisager une reconversion professionnelle.<\/p>\n<p>Ce DU fournira une formation th\u00e9orique et pratique, compl\u00e9t\u00e9e par une p\u00e9riode d\u2019immersion sur une des plateformes r\u00e9gionales de l\u2019Institut Fran\u00e7ais de Bioinformatique (IFB), dans le cadre d\u2019un projet tutor\u00e9. Ce projet de 20 jours consistera \u00e0 mobiliser les m\u00e9thodes et outils appris pendant les enseignements pour r\u00e9aliser un projet personnel de bioinformatique int\u00e9grative, en combinant des donn\u00e9es propres \u00e0 chaque participant produites dans son laboratoire et\/ou collect\u00e9es \u00e0 partir de bases de donn\u00e9es publiques (principe BYOD : \u201cBring Your Own Data\u201d)<\/p>\n<p><a href=\"https:\/\/odf.wordpress-test.app.u-pariscite.fr\/fr\/offre-de-formation\/diplome-d-universite-du-diu-1\/sciences-technologies-sante-STS\/du-bioinformatique-integrative-dubii-DUSBIIN_118.html?search-keywords=bioinformatique\">Retrouvez ici tous les d\u00e9tails de la formation<\/a><\/p>\n<p><a href=\"https:\/\/wordpress-test.app.u-pariscite.fr\/sdv\/du-en-analyse-de-donnees-omiques-lequel-choisir\/\">Deux DU en OMique sont propos\u00e9s par l&rsquo;UFR SDV, les diff\u00e9rences entre eux sont expos\u00e9s sur ce lien<\/a><\/p>\n<p>&nbsp;<\/p>\n<p>&nbsp;<\/p>\n<p>[\/et_pb_toggle][\/et_pb_column][\/et_pb_row][et_pb_row _builder_version=\u00a0\u00bb3.22&Prime; background_size=\u00a0\u00bbinitial\u00a0\u00bb background_position=\u00a0\u00bbtop_left\u00a0\u00bb background_repeat=\u00a0\u00bbrepeat\u00a0\u00bb][et_pb_column type=\u00a0\u00bb4_4&Prime;][et_pb_toggle _builder_version=\u00a0\u00bb3.22.1&Prime; title=\u00a0\u00bbDU : Cr\u00e9ation, analyse et valorisation de donn\u00e9es biologiques omiques (DUO)\u00a0\u00bb text_shadow_horizontal_length=\u00a0\u00bbtext_shadow_style,%91object Object%93&Prime; text_shadow_vertical_length=\u00a0\u00bbtext_shadow_style,%91object Object%93&Prime; text_shadow_blur_strength=\u00a0\u00bbtext_shadow_style,%91object Object%93&Prime; title_text_shadow_horizontal_length=\u00a0\u00bbtitle_text_shadow_style,%91object Object%93&Prime; title_text_shadow_vertical_length=\u00a0\u00bbtitle_text_shadow_style,%91object Object%93&Prime; title_text_shadow_blur_strength=\u00a0\u00bbtitle_text_shadow_style,%91object Object%93&Prime; body_text_shadow_horizontal_length=\u00a0\u00bbbody_text_shadow_style,%91object Object%93&Prime; body_text_shadow_vertical_length=\u00a0\u00bbbody_text_shadow_style,%91object Object%93&Prime; body_text_shadow_blur_strength=\u00a0\u00bbbody_text_shadow_style,%91object Object%93&Prime; z_index_tablet=\u00a0\u00bb500&Prime;]<\/p>\n<p>L&rsquo;analyse des donn\u00e9es omiques est un enjeu essentiel dans les travaux de recherche des biologistes.<\/p>\n<p>L&rsquo;UFR SDV propose un dipl\u00f4me universitaire innovant en\u00a0 \u00ab\u00a0Cr\u00e9ation, analyse et valorisation des donn\u00e9es biologiques omiques \u00a0\u00bb qui offre la possibilit\u00e9 d&rsquo;acqu\u00e9rir le savoir-faire n\u00e9cessaire \u00e0 l&rsquo;analyse des donn\u00e9es haut d\u00e9bit depuis le plan d&rsquo;exp\u00e9rience jusqu&rsquo;\u00e0 la publication des r\u00e9sultats.<br \/>Tr\u00e8s op\u00e9rationnelle, cette formation permet aux stagiaires de travailler avec leurs propres donn\u00e9es pour d\u00e9velopper et renforcer des comp\u00e9tences en cr\u00e9ation, analyse et valorisation de donn\u00e9es omiques\u00a0 (g\u00e9nomique, transcriptomique, prot\u00e9omique).<\/p>\n<p><a href=\"https:\/\/odf.wordpress-test.app.u-pariscite.fr\/fr\/offre-de-formation\/diplome-d-universite-du-diu-1\/sciences-technologies-sante-STS\/du-creation-analyse-et-valorisation-de-donnees-biologiques-omiques-DUSCAVD_117.html?search-keywords=omique\">Retrouvez ici tous les d\u00e9tails de la formation<\/a><\/p>\n<p><a href=\"https:\/\/wordpress-test.app.u-pariscite.fr\/sdv\/du-en-analyse-de-donnees-omiques-lequel-choisir\/\">Deux DU en OMique sont propos\u00e9s par l&rsquo;UFR SDV, les diff\u00e9rences entre eux sont expos\u00e9s sur ce lien<\/a><\/p>\n<p>&nbsp;<\/p>\n<p>&nbsp;<\/p>\n<p>[\/et_pb_toggle][\/et_pb_column][\/et_pb_row][et_pb_row _builder_version=\u00a0\u00bb3.22&Prime; background_size=\u00a0\u00bbinitial\u00a0\u00bb background_position=\u00a0\u00bbtop_left\u00a0\u00bb background_repeat=\u00a0\u00bbrepeat\u00a0\u00bb][et_pb_column type=\u00a0\u00bb4_4&Prime;][et_pb_toggle _builder_version=\u00a0\u00bb3.22.1&Prime; title=\u00a0\u00bbDU : European Core Facility Management (ECFM)\u00a0\u00bb text_shadow_horizontal_length=\u00a0\u00bbtext_shadow_style,%91object Object%93&Prime; text_shadow_vertical_length=\u00a0\u00bbtext_shadow_style,%91object Object%93&Prime; text_shadow_blur_strength=\u00a0\u00bbtext_shadow_style,%91object Object%93&Prime; title_text_shadow_horizontal_length=\u00a0\u00bbtitle_text_shadow_style,%91object Object%93&Prime; title_text_shadow_vertical_length=\u00a0\u00bbtitle_text_shadow_style,%91object Object%93&Prime; title_text_shadow_blur_strength=\u00a0\u00bbtitle_text_shadow_style,%91object Object%93&Prime; body_text_shadow_horizontal_length=\u00a0\u00bbbody_text_shadow_style,%91object Object%93&Prime; body_text_shadow_vertical_length=\u00a0\u00bbbody_text_shadow_style,%91object Object%93&Prime; body_text_shadow_blur_strength=\u00a0\u00bbbody_text_shadow_style,%91object Object%93&Prime; z_index_tablet=\u00a0\u00bb500&Prime;]<\/p>\n<p>The goal of the training (in english) is to provide a comprehensive European training (in English) to run a core facility in biological research. Through the delivery of a University diploma, the ultimate goal is to set a European standard for core-facility management and to facilitate exchanges and networking between core facilities.<\/p>\n<p><a href=\"https:\/\/odf.wordpress-test.app.u-pariscite.fr\/fr\/offre-de-formation\/diplome-d-universite-du-diu-1\/sciences-technologies-sante-STS\/du-european-core-facility-management-DUSECFM_118.html?search-keywords=core,facility\">Retrouvez ici tous les d\u00e9tails de la formation<\/a><\/p>\n<p>&nbsp;<\/p>\n<p>&nbsp;<\/p>\n<p>[\/et_pb_toggle][\/et_pb_column][\/et_pb_row][et_pb_row _builder_version=\u00a0\u00bb3.22&Prime; background_size=\u00a0\u00bbinitial\u00a0\u00bb background_position=\u00a0\u00bbtop_left\u00a0\u00bb background_repeat=\u00a0\u00bbrepeat\u00a0\u00bb][et_pb_column type=\u00a0\u00bb4_4&Prime;][et_pb_toggle _builder_version=\u00a0\u00bb3.22.1&Prime; title=\u00a0\u00bbDU : M\u00e9diation Scientifique Innovante (MSI)\u00a0\u00bb text_shadow_horizontal_length=\u00a0\u00bbtext_shadow_style,%91object Object%93&Prime; text_shadow_vertical_length=\u00a0\u00bbtext_shadow_style,%91object Object%93&Prime; text_shadow_blur_strength=\u00a0\u00bbtext_shadow_style,%91object Object%93&Prime; title_text_shadow_horizontal_length=\u00a0\u00bbtitle_text_shadow_style,%91object Object%93&Prime; title_text_shadow_vertical_length=\u00a0\u00bbtitle_text_shadow_style,%91object Object%93&Prime; title_text_shadow_blur_strength=\u00a0\u00bbtitle_text_shadow_style,%91object Object%93&Prime; body_text_shadow_horizontal_length=\u00a0\u00bbbody_text_shadow_style,%91object Object%93&Prime; body_text_shadow_vertical_length=\u00a0\u00bbbody_text_shadow_style,%91object Object%93&Prime; body_text_shadow_blur_strength=\u00a0\u00bbbody_text_shadow_style,%91object Object%93&Prime; z_index_tablet=\u00a0\u00bb500&Prime;]<\/p>\n<p>Le DU MSI\u00a0 permet d&rsquo;exp\u00e9rimenter les dispositifs \u00e9mergents de diffusion de la communication des sciences et des techniques, de d\u00e9velopper votre r\u00e9seau professionnel et de vous approprier une bo\u00eete \u00e0 outils d\u00e9di\u00e9e.<\/p>\n<p><a href=\"https:\/\/odf.wordpress-test.app.u-pariscite.fr\/fr\/offre-de-formation\/diplome-d-universite-du-diu-1\/sciences-technologies-sante-STS\/du-mediation-scientifique-innovante-IGXS3YFQ.html?search-keywords=m%C3%A9diation,scientifique\">Retrouvez ici tous les d\u00e9tails de la formation<\/a><\/p>\n<p>&nbsp;<\/p>\n<p>&nbsp;<\/p>\n<p>[\/et_pb_toggle][\/et_pb_column][\/et_pb_row][et_pb_row _builder_version=\u00a0\u00bb3.22&Prime; background_size=\u00a0\u00bbinitial\u00a0\u00bb background_position=\u00a0\u00bbtop_left\u00a0\u00bb background_repeat=\u00a0\u00bbrepeat\u00a0\u00bb][et_pb_column type=\u00a0\u00bb4_4&Prime;][et_pb_toggle _builder_version=\u00a0\u00bb3.22.1&Prime; title=\u00a0\u00bbDU : Virologie mol\u00e9culaire et m\u00e9dicale (V2M)\u00a0\u00bb text_shadow_horizontal_length=\u00a0\u00bbtext_shadow_style,%91object Object%93&Prime; text_shadow_vertical_length=\u00a0\u00bbtext_shadow_style,%91object Object%93&Prime; text_shadow_blur_strength=\u00a0\u00bbtext_shadow_style,%91object Object%93&Prime; title_text_shadow_horizontal_length=\u00a0\u00bbtitle_text_shadow_style,%91object Object%93&Prime; title_text_shadow_vertical_length=\u00a0\u00bbtitle_text_shadow_style,%91object Object%93&Prime; title_text_shadow_blur_strength=\u00a0\u00bbtitle_text_shadow_style,%91object Object%93&Prime; body_text_shadow_horizontal_length=\u00a0\u00bbbody_text_shadow_style,%91object Object%93&Prime; body_text_shadow_vertical_length=\u00a0\u00bbbody_text_shadow_style,%91object Object%93&Prime; body_text_shadow_blur_strength=\u00a0\u00bbbody_text_shadow_style,%91object Object%93&Prime; z_index_tablet=\u00a0\u00bb500&Prime;]<\/p>\n<p>Physiopathologie des infections virales : Implications pour le diagnostic virologique<\/p>\n<p><a href=\"https:\/\/odf.wordpress-test.app.u-pariscite.fr\/fr\/offre-de-formation\/diplome-d-universite-du-diu-1\/sciences-technologies-sante-STS\/du-virologie-moleculaire-et-medicale-IGXS3LXR.html?search-keywords=virologie\">Retrouvez ici tous les d\u00e9tails de la formation<\/a><\/p>\n<p>&nbsp;<\/p>\n<p>&nbsp;<\/p>\n<p>[\/et_pb_toggle][\/et_pb_column][\/et_pb_row][et_pb_row _builder_version=\u00a0\u00bb3.22&Prime; background_size=\u00a0\u00bbinitial\u00a0\u00bb background_position=\u00a0\u00bbtop_left\u00a0\u00bb background_repeat=\u00a0\u00bbrepeat\u00a0\u00bb][et_pb_column type=\u00a0\u00bb4_4&Prime;][et_pb_toggle _builder_version=\u00a0\u00bb3.22.1&Prime; title=\u00a0\u00bbDIU : Centre d\u2019Enseignement de la Statistique Appliqu\u00e9e \u00e0 la M\u00e9decine et \u00e0 la Biologie M\u00e9dicale (CESAM)\u00a0\u00bb text_shadow_horizontal_length=\u00a0\u00bbtext_shadow_style,%91object Object%93&Prime; text_shadow_vertical_length=\u00a0\u00bbtext_shadow_style,%91object Object%93&Prime; text_shadow_blur_strength=\u00a0\u00bbtext_shadow_style,%91object Object%93&Prime; title_text_shadow_horizontal_length=\u00a0\u00bbtitle_text_shadow_style,%91object Object%93&Prime; title_text_shadow_vertical_length=\u00a0\u00bbtitle_text_shadow_style,%91object Object%93&Prime; title_text_shadow_blur_strength=\u00a0\u00bbtitle_text_shadow_style,%91object Object%93&Prime; body_text_shadow_horizontal_length=\u00a0\u00bbbody_text_shadow_style,%91object Object%93&Prime; body_text_shadow_vertical_length=\u00a0\u00bbbody_text_shadow_style,%91object Object%93&Prime; body_text_shadow_blur_strength=\u00a0\u00bbbody_text_shadow_style,%91object Object%93&Prime; z_index_tablet=\u00a0\u00bb500&Prime;]<\/p>\n<p>Le Centre d\u2019Enseignement de la Statistique \u00e0 la Sant\u00e9 Publique, \u00e0 la M\u00e9decine et \u00e0 la Biologie (CESAM) propose une s\u00e9rie de cours de formation pratique \u00e0 l\u2019utilisation de la m\u00e9thode statistique dans le domaine biom\u00e9dical ainsi qu\u2019aux m\u00e9thodes de l\u2019\u00e9pid\u00e9miologie et de la recherche clinique.<br \/>Ces cours sont organis\u00e9s dans le cadre d\u2019un Dipl\u00f4me Inter-Universitaire (DIU) d\u00e9livr\u00e9 par les Universit\u00e9s Pierre et Marie Curie (UPMC), Paris VII (Denis Diderot) et Aix-Marseille Universit\u00e9 et dans le cadre de la Formation Continue de l\u2019UPMC.<\/p>\n<p><a href=\"https:\/\/odf.wordpress-test.app.u-pariscite.fr\/fr\/offre-de-formation\/diplome-d-universite-du-diu-1\/sciences-technologies-sante-STS\/diu-cesam-applications-de-la-statistique-a-la-medecine-et-a-la-biologie-DISCESA_106.html?search-keywords=CESAM\">Retrouvez ici tous les d\u00e9tails de la formation<\/a><\/p>\n<p>&nbsp;<\/p>\n<p>&nbsp;<\/p>\n<p>[\/et_pb_toggle][\/et_pb_column][\/et_pb_row][\/et_pb_section]<\/p>\n","protected":false},"excerpt":{"rendered":"<p>L&rsquo;UFR SDV propose plusieurs Dipl\u00f4mes Universitaires (DU) et Dipl\u00f4mes Inter-Universitaires (DIU), ces derniers \u00e9tant conjoints avec diff\u00e9rents \u00e9tablissements (Sorbonne Universit\u00e9, Aix-Marseille Universit\u00e9). DU et DIU sont des formations sp\u00e9cialis\u00e9es accessibles en formation professionnelle et\/ou en formation initiale.\u00a0 La bioinformatique est devenue une comp\u00e9tence incontournable pour l\u2019analyse de donn\u00e9es de nature extr\u00eamement diverses : g\u00e9nomes, transcriptomes,&hellip; <a class=\"continue\" href=\"https:\/\/wordpress-test.app.u-pariscite.fr\/sdv\/du-diu\/\">Lire la suite<span> DU, DIU<\/span><\/a><\/p>\n","protected":false},"author":8,"featured_media":0,"parent":0,"menu_order":0,"comment_status":"closed","ping_status":"closed","template":"","meta":{"_et_pb_use_builder":"on","_et_pb_old_content":"","_et_gb_content_width":"","footnotes":""},"class_list":["post-240","page","type-page","status-publish","hentry"],"_links":{"self":[{"href":"https:\/\/wordpress-test.app.u-pariscite.fr\/sdv\/wp-json\/wp\/v2\/pages\/240","targetHints":{"allow":["GET"]}}],"collection":[{"href":"https:\/\/wordpress-test.app.u-pariscite.fr\/sdv\/wp-json\/wp\/v2\/pages"}],"about":[{"href":"https:\/\/wordpress-test.app.u-pariscite.fr\/sdv\/wp-json\/wp\/v2\/types\/page"}],"author":[{"embeddable":true,"href":"https:\/\/wordpress-test.app.u-pariscite.fr\/sdv\/wp-json\/wp\/v2\/users\/8"}],"replies":[{"embeddable":true,"href":"https:\/\/wordpress-test.app.u-pariscite.fr\/sdv\/wp-json\/wp\/v2\/comments?post=240"}],"version-history":[{"count":24,"href":"https:\/\/wordpress-test.app.u-pariscite.fr\/sdv\/wp-json\/wp\/v2\/pages\/240\/revisions"}],"predecessor-version":[{"id":2218,"href":"https:\/\/wordpress-test.app.u-pariscite.fr\/sdv\/wp-json\/wp\/v2\/pages\/240\/revisions\/2218"}],"wp:attachment":[{"href":"https:\/\/wordpress-test.app.u-pariscite.fr\/sdv\/wp-json\/wp\/v2\/media?parent=240"}],"curies":[{"name":"wp","href":"https:\/\/api.w.org\/{rel}","templated":true}]}}