{"id":224,"date":"2020-01-31T14:09:57","date_gmt":"2020-01-31T13:09:57","guid":{"rendered":"https:\/\/wordpress-test.app.u-pariscite.fr\/sdv\/?page_id=224"},"modified":"2023-12-21T14:52:25","modified_gmt":"2023-12-21T13:52:25","slug":"labex","status":"publish","type":"page","link":"https:\/\/wordpress-test.app.u-pariscite.fr\/sdv\/labex\/","title":{"rendered":"Labex"},"content":{"rendered":"<p>[et_pb_section fb_built=\u00a0\u00bb1&Prime; _builder_version=\u00a0\u00bb3.22.1&Prime;][et_pb_row _builder_version=\u00a0\u00bb3.22&Prime; background_size=\u00a0\u00bbinitial\u00a0\u00bb background_position=\u00a0\u00bbtop_left\u00a0\u00bb background_repeat=\u00a0\u00bbrepeat\u00a0\u00bb][et_pb_column type=\u00a0\u00bb4_4&Prime; _builder_version=\u00a0\u00bb3.0.47&Prime;][et_pb_post_title meta=\u00a0\u00bboff\u00a0\u00bb featured_image=\u00a0\u00bboff\u00a0\u00bb admin_label=\u00a0\u00bbTitre de la page\u00a0\u00bb _builder_version=\u00a0\u00bb3.19.11&Prime;][\/et_pb_post_title][\/et_pb_column][\/et_pb_row][et_pb_row _builder_version=\u00a0\u00bb3.22&Prime; background_size=\u00a0\u00bbinitial\u00a0\u00bb background_position=\u00a0\u00bbtop_left\u00a0\u00bb background_repeat=\u00a0\u00bbrepeat\u00a0\u00bb][et_pb_column type=\u00a0\u00bb4_4&Prime; _builder_version=\u00a0\u00bb3.0.47&Prime;][et_pb_text module_id=\u00a0\u00bbcontenu\u00a0\u00bb _builder_version=\u00a0\u00bb3.22.1&Prime; z_index_tablet=\u00a0\u00bb500&Prime;]<\/p>\n<div class=\"pond-top row\">\n<div class=\"pond-header bpl-content-header col-md-24 bpl-spacer\">\n<div class=\"panel-pane pane-entity-field pane-node-body\">\n<div class=\"pane-content\">\n<div class=\"field field-name-body field-type-text-with-summary field-label-hidden\">\n<div class=\"field-items\">\n<div class=\"field-item even\">\n<p>Une vingtaine d\u2019\u00e9quipes de recherche rattach\u00e9es \u00e0 l\u2019UFR SdV appartiennent \u00e0 trois des LabEx (Laboratoire d\u2019excellence) associ\u00e9es \u00e0 l\u2019universit\u00e9 Paris Cit\u00e9 :<\/p>\n<p>&nbsp;<\/p>\n<p><strong>Labex Who Am I\u00a0: <a href=\"https:\/\/wordpress-test.app.u-pariscite.fr\/who-am-i\/\">https:\/\/wordpress-test.app.u-pariscite.fr\/who-am-i\/<\/a><\/strong><\/p>\n<p><strong>Labex GrEx\u00a0:\u00a0<a class=\"ext extlink\" href=\"http:\/\/www.labex-grex.com\/\" target=\"_blank\" rel=\"noopener noreferrer\">http:\/\/www.labex-grex.com<\/a><\/strong><\/p>\n<p><strong>Labex Dynamo\u00a0:\u00a0<a class=\"ext extlink\" href=\"http:\/\/www.labexdynamo.ibpc.fr\/\" target=\"_blank\" rel=\"noopener noreferrer\">http:\/\/www.labexdynamo.ibpc.fr<\/a><\/strong><\/p>\n<\/div>\n<\/div>\n<\/div>\n<\/div>\n<\/div>\n<\/div>\n<\/div>\n<div class=\"pond-content-row-1 pond-content-row row\">\n<div class=\"pond-col-1 pond-col bpl-content col-md-8 bpl-spacer\">\u00a0<\/div>\n<div class=\"pond-col-2 pond-col bpl-content col-md-8 bpl-spacer\">\u00a0<\/div>\n<div class=\"pond-col-3 pond-col bpl-content col-md-8 bpl-spacer\">\u00a0<\/div>\n<\/div>\n<div class=\"pond-content-row-2 pond-content-row row\">\n<div class=\"pond-col-1 pond-col bpl-content col-md-8 bpl-spacer\">\u00a0<\/div>\n<div class=\"pond-col-2 pond-col bpl-content col-md-8 bpl-spacer\">\u00a0<\/div>\n<div class=\"pond-col-3 pond-col bpl-content col-md-8 bpl-spacer\">\u00a0<\/div>\n<\/div>\n<div class=\"pond-bottom row\">\u00a0<\/div>\n<p>[\/et_pb_text][\/et_pb_column][\/et_pb_row][et_pb_row _builder_version=\u00a0\u00bb3.22&Prime; background_size=\u00a0\u00bbinitial\u00a0\u00bb background_position=\u00a0\u00bbtop_left\u00a0\u00bb background_repeat=\u00a0\u00bbrepeat\u00a0\u00bb][et_pb_column type=\u00a0\u00bb1_2&Prime; _builder_version=\u00a0\u00bb3.0.47&Prime;][\/et_pb_column][et_pb_column type=\u00a0\u00bb1_2&Prime; _builder_version=\u00a0\u00bb3.0.47&Prime;][\/et_pb_column][\/et_pb_row][\/et_pb_section]<\/p>\n","protected":false},"excerpt":{"rendered":"<p>Une vingtaine d\u2019\u00e9quipes de recherche rattach\u00e9es \u00e0 l\u2019UFR SdV appartiennent \u00e0 trois des LabEx (Laboratoire d\u2019excellence) associ\u00e9es \u00e0 l\u2019universit\u00e9 Paris Cit\u00e9 : &nbsp; Labex Who Am I\u00a0: https:\/\/wordpress-test.app.u-pariscite.fr\/who-am-i\/ Labex GrEx\u00a0:\u00a0http:\/\/www.labex-grex.com Labex Dynamo\u00a0:\u00a0http:\/\/www.labexdynamo.ibpc.fr \u00a0 \u00a0 \u00a0 \u00a0 \u00a0 \u00a0 \u00a0<\/p>\n","protected":false},"author":8,"featured_media":0,"parent":0,"menu_order":0,"comment_status":"closed","ping_status":"closed","template":"","meta":{"_et_pb_use_builder":"on","_et_pb_old_content":"","_et_gb_content_width":"","footnotes":""},"class_list":["post-224","page","type-page","status-publish","hentry"],"_links":{"self":[{"href":"https:\/\/wordpress-test.app.u-pariscite.fr\/sdv\/wp-json\/wp\/v2\/pages\/224","targetHints":{"allow":["GET"]}}],"collection":[{"href":"https:\/\/wordpress-test.app.u-pariscite.fr\/sdv\/wp-json\/wp\/v2\/pages"}],"about":[{"href":"https:\/\/wordpress-test.app.u-pariscite.fr\/sdv\/wp-json\/wp\/v2\/types\/page"}],"author":[{"embeddable":true,"href":"https:\/\/wordpress-test.app.u-pariscite.fr\/sdv\/wp-json\/wp\/v2\/users\/8"}],"replies":[{"embeddable":true,"href":"https:\/\/wordpress-test.app.u-pariscite.fr\/sdv\/wp-json\/wp\/v2\/comments?post=224"}],"version-history":[{"count":6,"href":"https:\/\/wordpress-test.app.u-pariscite.fr\/sdv\/wp-json\/wp\/v2\/pages\/224\/revisions"}],"predecessor-version":[{"id":2827,"href":"https:\/\/wordpress-test.app.u-pariscite.fr\/sdv\/wp-json\/wp\/v2\/pages\/224\/revisions\/2827"}],"wp:attachment":[{"href":"https:\/\/wordpress-test.app.u-pariscite.fr\/sdv\/wp-json\/wp\/v2\/media?parent=224"}],"curies":[{"name":"wp","href":"https:\/\/api.w.org\/{rel}","templated":true}]}}