{"id":220,"date":"2020-01-31T14:08:34","date_gmt":"2020-01-31T13:08:34","guid":{"rendered":"https:\/\/wordpress-test.app.u-pariscite.fr\/sdv\/?page_id=220"},"modified":"2021-01-09T15:32:12","modified_gmt":"2021-01-09T14:32:12","slug":"unites-de-recherche","status":"publish","type":"page","link":"https:\/\/wordpress-test.app.u-pariscite.fr\/sdv\/unites-de-recherche\/","title":{"rendered":"Unit\u00e9s de recherche"},"content":{"rendered":"<p>[et_pb_section bb_built=\u00a0\u00bb1&Prime; _builder_version=\u00a0\u00bb3.22&Prime;][et_pb_row _builder_version=\u00a0\u00bb3.22&Prime; background_size=\u00a0\u00bbinitial\u00a0\u00bb background_position=\u00a0\u00bbtop_left\u00a0\u00bb background_repeat=\u00a0\u00bbrepeat\u00a0\u00bb][et_pb_column type=\u00a0\u00bb4_4&Prime;][et_pb_post_title admin_label=\u00a0\u00bbTitre de la page\u00a0\u00bb meta=\u00a0\u00bboff\u00a0\u00bb featured_image=\u00a0\u00bboff\u00a0\u00bb _builder_version=\u00a0\u00bb3.19.11&Prime;]<\/p>\n<p>[\/et_pb_post_title][et_pb_image _builder_version=\u00a0\u00bb3.22.1&Prime; src=\u00a0\u00bbhttps:\/\/wordpress-test.app.u-pariscite.fr\/sdv\/wp-content\/uploads\/sites\/4\/2020\/02\/buffon_03.jpg\u00a0\u00bb z_index_tablet=\u00a0\u00bb500&Prime; \/][\/et_pb_column][\/et_pb_row][et_pb_row _builder_version=\u00a0\u00bb3.22&Prime; background_size=\u00a0\u00bbinitial\u00a0\u00bb background_position=\u00a0\u00bbtop_left\u00a0\u00bb background_repeat=\u00a0\u00bbrepeat\u00a0\u00bb][et_pb_column type=\u00a0\u00bb4_4&Prime;][et_pb_text module_id=\u00a0\u00bbcontenu\u00a0\u00bb _builder_version=\u00a0\u00bb3.22.1&Prime; z_index_tablet=\u00a0\u00bb500&Prime; text_text_shadow_horizontal_length=\u00a0\u00bbtext_text_shadow_style,%91object Object%93&Prime; text_text_shadow_vertical_length=\u00a0\u00bbtext_text_shadow_style,%91object Object%93&Prime; text_text_shadow_blur_strength=\u00a0\u00bbtext_text_shadow_style,%91object Object%93&Prime; link_text_shadow_horizontal_length=\u00a0\u00bblink_text_shadow_style,%91object Object%93&Prime; link_text_shadow_vertical_length=\u00a0\u00bblink_text_shadow_style,%91object Object%93&Prime; link_text_shadow_blur_strength=\u00a0\u00bblink_text_shadow_style,%91object Object%93&Prime; ul_text_shadow_horizontal_length=\u00a0\u00bbul_text_shadow_style,%91object Object%93&Prime; ul_text_shadow_vertical_length=\u00a0\u00bbul_text_shadow_style,%91object Object%93&Prime; ul_text_shadow_blur_strength=\u00a0\u00bbul_text_shadow_style,%91object Object%93&Prime; ol_text_shadow_horizontal_length=\u00a0\u00bbol_text_shadow_style,%91object Object%93&Prime; ol_text_shadow_vertical_length=\u00a0\u00bbol_text_shadow_style,%91object Object%93&Prime; ol_text_shadow_blur_strength=\u00a0\u00bbol_text_shadow_style,%91object Object%93&Prime; quote_text_shadow_horizontal_length=\u00a0\u00bbquote_text_shadow_style,%91object Object%93&Prime; quote_text_shadow_vertical_length=\u00a0\u00bbquote_text_shadow_style,%91object Object%93&Prime; quote_text_shadow_blur_strength=\u00a0\u00bbquote_text_shadow_style,%91object Object%93&Prime; header_text_shadow_horizontal_length=\u00a0\u00bbheader_text_shadow_style,%91object Object%93&Prime; header_text_shadow_vertical_length=\u00a0\u00bbheader_text_shadow_style,%91object Object%93&Prime; header_text_shadow_blur_strength=\u00a0\u00bbheader_text_shadow_style,%91object Object%93&Prime; header_2_text_shadow_horizontal_length=\u00a0\u00bbheader_2_text_shadow_style,%91object Object%93&Prime; header_2_text_shadow_vertical_length=\u00a0\u00bbheader_2_text_shadow_style,%91object Object%93&Prime; header_2_text_shadow_blur_strength=\u00a0\u00bbheader_2_text_shadow_style,%91object Object%93&Prime; header_3_text_shadow_horizontal_length=\u00a0\u00bbheader_3_text_shadow_style,%91object Object%93&Prime; header_3_text_shadow_vertical_length=\u00a0\u00bbheader_3_text_shadow_style,%91object Object%93&Prime; header_3_text_shadow_blur_strength=\u00a0\u00bbheader_3_text_shadow_style,%91object Object%93&Prime; header_4_text_shadow_horizontal_length=\u00a0\u00bbheader_4_text_shadow_style,%91object Object%93&Prime; header_4_text_shadow_vertical_length=\u00a0\u00bbheader_4_text_shadow_style,%91object Object%93&Prime; header_4_text_shadow_blur_strength=\u00a0\u00bbheader_4_text_shadow_style,%91object Object%93&Prime; header_5_text_shadow_horizontal_length=\u00a0\u00bbheader_5_text_shadow_style,%91object Object%93&Prime; header_5_text_shadow_vertical_length=\u00a0\u00bbheader_5_text_shadow_style,%91object Object%93&Prime; header_5_text_shadow_blur_strength=\u00a0\u00bbheader_5_text_shadow_style,%91object Object%93&Prime; header_6_text_shadow_horizontal_length=\u00a0\u00bbheader_6_text_shadow_style,%91object Object%93&Prime; header_6_text_shadow_vertical_length=\u00a0\u00bbheader_6_text_shadow_style,%91object Object%93&Prime; header_6_text_shadow_blur_strength=\u00a0\u00bbheader_6_text_shadow_style,%91object Object%93&Prime;]<\/p>\n<h3>Les recherches men\u00e9es \u00e0 l\u2019UFR SDV s&rsquo;effectuent\u00a0au sein des unit\u00e9s ou \u00e9quipes d\u00e9clin\u00e9es ci-dessous :\u00a0<\/h3>\n<p>\u00a0<\/p>\n<ul>\n<li><a href=\"https:\/\/wordpress-test.app.u-pariscite.fr\/sdv\/biologie-fonctionnelle-et-adaptative\/\">Biologie Fonctionnelle et Adaptative (BFA)<\/a><\/li>\n<li><a href=\"https:\/\/wordpress-test.app.u-pariscite.fr\/sdv\/epigenetique-et-destin-cellulaire\/\">Epig\u00e9n\u00e9tique et Destin Cellulaire (EDC)<\/a><\/li>\n<li><a href=\"https:\/\/wordpress-test.app.u-pariscite.fr\/sdv\/institut-jacques-monod\/\">Institut Jacques Monod (IJM)<\/a><\/li>\n<li><a href=\"https:\/\/wordpress-test.app.u-pariscite.fr\/sdv\/expression-genetique-microbienne\/\">Expression G\u00e9n\u00e9tique Microbienne<\/a><\/li>\n<li><a href=\"https:\/\/wordpress-test.app.u-pariscite.fr\/sdv\/biologie-integree-du-globule-rouge\/\">Biologie int\u00e9gr\u00e9e du globule rouge<\/a><\/li>\n<li><a href=\"https:\/\/wordpress-test.app.u-pariscite.fr\/sdv\/institut-des-sciences-des-plantes-de-paris-saclay\/\">Institut des Sciences des Plantes de Paris-Saclay<\/a><\/li>\n<li><a href=\"https:\/\/wordpress-test.app.u-pariscite.fr\/sdv\/physiologie-cerebrale\/\">Physiologie C\u00e9r\u00e9brale<\/a><\/li>\n<li><a href=\"https:\/\/wordpress-test.app.u-pariscite.fr\/sdv\/stabilite-genetique-cellules-souches-et-radiations-2\/\">Stabilit\u00e9 g\u00e9n\u00e9tique, cellules souches et radiations<\/a><\/li>\n<li><a href=\"https:\/\/wordpress-test.app.u-pariscite.fr\/sdv\/laboratoire-de-biologie-physico-chimique-des-proteines-membranaires-2\/\">Laboratoire de Biologie Physico-Chimique des Prot\u00e9ines Membranaires<\/a><\/li>\n<li><a href=\"https:\/\/wordpress-test.app.u-pariscite.fr\/sdv\/eco-anthropologie-et-ethnobiologie-3\/\">\u00c9co-anthropologie et ethnobiologie<\/a><\/li>\n<li><a href=\"https:\/\/wordpress-test.app.u-pariscite.fr\/sdv\/laboratoire-de-biochimie-theorique-2\/\">Laboratoire de Biochimie Th\u00e9orique<\/a><\/li>\n<li><a href=\"https:\/\/wordpress-test.app.u-pariscite.fr\/sdv\/laboratoire-interdisciplinaire-des-energies-de-demain\/\">Laboratoire Interdisciplinaire des Energies de Demain<\/a><\/li>\n<li><a href=\"https:\/\/wordpress-test.app.u-pariscite.fr\/sdv\/institut-decologie-et-des-sciences-de-lenvironnement-de-paris-2\/\">Institut d\u2019Ecologie et des Sciences de l\u2019Environnement de Paris<\/a><\/li>\n<li><a href=\"https:\/\/wordpress-test.app.u-pariscite.fr\/sdv\/unites-pasteur-sdv\/\">Unit\u00e9s Pasteur SDV<\/a><\/li>\n<li><a href=\"https:\/\/wordpress-test.app.u-pariscite.fr\/sdv\/unites-bichat-sdv\/\">Unit\u00e9s BICHAT SDV<\/a><\/li>\n<\/ul>\n<h5>\u00a0<\/h5>\n<p>[\/et_pb_text][\/et_pb_column][\/et_pb_row][\/et_pb_section]<\/p>\n","protected":false},"excerpt":{"rendered":"<p>Les recherches men\u00e9es \u00e0 l\u2019UFR SDV s&rsquo;effectuent\u00a0au sein des unit\u00e9s ou \u00e9quipes d\u00e9clin\u00e9es ci-dessous :\u00a0\u00a0Biologie Fonctionnelle et Adaptative (BFA)Epig\u00e9n\u00e9tique et Destin Cellulaire (EDC)Institut Jacques Monod (IJM)Expression G\u00e9n\u00e9tique MicrobienneBiologie int\u00e9gr\u00e9e du globule rougeInstitut des Sciences des Plantes de Paris-SaclayPhysiologie C\u00e9r\u00e9braleStabilit\u00e9 g\u00e9n\u00e9tique, cellules souches et radiationsLaboratoire de Biologie Physico-Chimique des Prot\u00e9ines Membranaires\u00c9co-anthropologie et ethnobiologieLaboratoire de Biochimie Th\u00e9oriqueLaboratoire&hellip; <a class=\"continue\" href=\"https:\/\/wordpress-test.app.u-pariscite.fr\/sdv\/unites-de-recherche\/\">Lire la suite<span> Unit\u00e9s de recherche<\/span><\/a><\/p>\n","protected":false},"author":8,"featured_media":0,"parent":0,"menu_order":0,"comment_status":"closed","ping_status":"closed","template":"","meta":{"_et_pb_use_builder":"on","_et_pb_old_content":"","_et_gb_content_width":"","footnotes":""},"class_list":["post-220","page","type-page","status-publish","hentry"],"_links":{"self":[{"href":"https:\/\/wordpress-test.app.u-pariscite.fr\/sdv\/wp-json\/wp\/v2\/pages\/220","targetHints":{"allow":["GET"]}}],"collection":[{"href":"https:\/\/wordpress-test.app.u-pariscite.fr\/sdv\/wp-json\/wp\/v2\/pages"}],"about":[{"href":"https:\/\/wordpress-test.app.u-pariscite.fr\/sdv\/wp-json\/wp\/v2\/types\/page"}],"author":[{"embeddable":true,"href":"https:\/\/wordpress-test.app.u-pariscite.fr\/sdv\/wp-json\/wp\/v2\/users\/8"}],"replies":[{"embeddable":true,"href":"https:\/\/wordpress-test.app.u-pariscite.fr\/sdv\/wp-json\/wp\/v2\/comments?post=220"}],"version-history":[{"count":26,"href":"https:\/\/wordpress-test.app.u-pariscite.fr\/sdv\/wp-json\/wp\/v2\/pages\/220\/revisions"}],"predecessor-version":[{"id":1644,"href":"https:\/\/wordpress-test.app.u-pariscite.fr\/sdv\/wp-json\/wp\/v2\/pages\/220\/revisions\/1644"}],"wp:attachment":[{"href":"https:\/\/wordpress-test.app.u-pariscite.fr\/sdv\/wp-json\/wp\/v2\/media?parent=220"}],"curies":[{"name":"wp","href":"https:\/\/api.w.org\/{rel}","templated":true}]}}