{"id":2180,"date":"2022-01-27T15:06:08","date_gmt":"2022-01-27T14:06:08","guid":{"rendered":"https:\/\/wordpress-test.app.u-pariscite.fr\/sdv\/?page_id=2180"},"modified":"2024-01-26T08:21:11","modified_gmt":"2024-01-26T07:21:11","slug":"autres-responsabilites-au-sein-de-lufr-sdv","status":"publish","type":"page","link":"https:\/\/wordpress-test.app.u-pariscite.fr\/sdv\/autres-responsabilites-au-sein-de-lufr-sdv\/","title":{"rendered":"Autres responsabilit\u00e9s au sein de l&rsquo;UFR SDV"},"content":{"rendered":"<p>[et_pb_section fb_built=\u00a0\u00bb1&Prime; _builder_version=\u00a0\u00bb3.22&Prime;][et_pb_row _builder_version=\u00a0\u00bb3.22.1&Prime;][et_pb_column type=\u00a0\u00bb4_4&Prime; _builder_version=\u00a0\u00bb3.0.47&Prime;][et_pb_post_title meta=\u00a0\u00bboff\u00a0\u00bb featured_image=\u00a0\u00bboff\u00a0\u00bb _builder_version=\u00a0\u00bb3.22.1&Prime; z_index_tablet=\u00a0\u00bb500&Prime;][\/et_pb_post_title][\/et_pb_column][\/et_pb_row][et_pb_row _builder_version=\u00a0\u00bb3.22&Prime; background_size=\u00a0\u00bbinitial\u00a0\u00bb background_position=\u00a0\u00bbtop_left\u00a0\u00bb background_repeat=\u00a0\u00bbrepeat\u00a0\u00bb][et_pb_column type=\u00a0\u00bb4_4&Prime; _builder_version=\u00a0\u00bb3.0.47&Prime;][et_pb_text _builder_version=\u00a0\u00bb3.22.1&Prime; z_index_tablet=\u00a0\u00bb500&Prime;]<\/p>\n<div class=\"gmail-column\">\n<ul>\n<li class=\"entry-title\">\n<h5><strong>Directoire de la Formation professionnelle pour l&rsquo;UFR SDV<\/strong> : Julien Dairou (formation continue) et Th\u00e9r\u00e8se de Caldas (Alternance)\u00a0<\/h5>\n<\/li>\n<\/ul>\n<\/div>\n<h5>\u00a0<\/h5>\n<ul>\n<li>\n<h5><strong>R\u00e9f\u00e9rente aupr\u00e8s du relais handicap de l&rsquo;universit\u00e9<\/strong> : Elodie Martin<\/h5>\n<\/li>\n<\/ul>\n<ul>\n<li>\n<h5><strong>Responsables des domaines d&rsquo;enseignement :\u00a0<\/strong><\/h5>\n<ul>\n<li>\n<h5>Bioinformatique-biostatistiques (BIBS) : BADEL Anne &amp; TOUPANCE Bruno<\/h5>\n<\/li>\n<li>\n<h5>Biologie Evolutive et Ecologie (BEE) : MARTIN Elodie &amp; KERNER Pierre<\/h5>\n<\/li>\n<li>\n<h5>Biologie Cellulaire (BC) : MATON\u00a0Gilliane &amp; MAOUCHE Kamel<\/h5>\n<\/li>\n<li>\n<h5>Biologie Mol\u00e9culaire (BM) : BRAUN Fr\u00e9d\u00e9rique &amp; SABERAN-DJONEIDI Delara<\/h5>\n<\/li>\n<li>\n<h5>Sciences du V\u00e9g\u00e9tal (SV) : GRUBER V\u00e9ronique &amp; BRAULT Mathias<\/h5>\n<\/li>\n<li>\n<h5>G\u00e9n\u00e9tique (Gen) : LALUCQUE Herv\u00e9 &amp; ZIDER Alain<\/h5>\n<\/li>\n<li>\n<h5>Immuno-Microbio-Viro-Infectio (IMVI) : COUTY Jean-Pierre, MUNIER Sandie &amp; DUSSURGET Olivier<\/h5>\n<\/li>\n<li>\n<h5>Physiologie Animale (PA) : CRUCIANI C\u00e9line\u00a0<\/h5>\n<\/li>\n<li>\n<h5>Structure-Enzymo-M\u00e9tabo (SEM) : DEMONT-CAULET Nathalie &amp; MONCOQ Karine<\/h5>\n<\/li>\n<\/ul>\n<\/li>\n<\/ul>\n<p>[\/et_pb_text][\/et_pb_column][\/et_pb_row][\/et_pb_section]<\/p>\n","protected":false},"excerpt":{"rendered":"<p>Directoire de la Formation professionnelle pour l&rsquo;UFR SDV : Julien Dairou (formation continue) et Th\u00e9r\u00e8se de Caldas (Alternance)\u00a0 \u00a0 R\u00e9f\u00e9rente aupr\u00e8s du relais handicap de l&rsquo;universit\u00e9 : Elodie Martin Responsables des domaines d&rsquo;enseignement :\u00a0 Bioinformatique-biostatistiques (BIBS) : BADEL Anne &amp; TOUPANCE Bruno Biologie Evolutive et Ecologie (BEE) : MARTIN Elodie &amp; KERNER Pierre Biologie Cellulaire&hellip; <a class=\"continue\" href=\"https:\/\/wordpress-test.app.u-pariscite.fr\/sdv\/autres-responsabilites-au-sein-de-lufr-sdv\/\">Lire la suite<span> Autres responsabilit\u00e9s au sein de l&rsquo;UFR SDV<\/span><\/a><\/p>\n","protected":false},"author":69,"featured_media":0,"parent":0,"menu_order":0,"comment_status":"closed","ping_status":"closed","template":"","meta":{"_et_pb_use_builder":"on","_et_pb_old_content":"","_et_gb_content_width":"","footnotes":""},"class_list":["post-2180","page","type-page","status-publish","hentry"],"_links":{"self":[{"href":"https:\/\/wordpress-test.app.u-pariscite.fr\/sdv\/wp-json\/wp\/v2\/pages\/2180","targetHints":{"allow":["GET"]}}],"collection":[{"href":"https:\/\/wordpress-test.app.u-pariscite.fr\/sdv\/wp-json\/wp\/v2\/pages"}],"about":[{"href":"https:\/\/wordpress-test.app.u-pariscite.fr\/sdv\/wp-json\/wp\/v2\/types\/page"}],"author":[{"embeddable":true,"href":"https:\/\/wordpress-test.app.u-pariscite.fr\/sdv\/wp-json\/wp\/v2\/users\/69"}],"replies":[{"embeddable":true,"href":"https:\/\/wordpress-test.app.u-pariscite.fr\/sdv\/wp-json\/wp\/v2\/comments?post=2180"}],"version-history":[{"count":7,"href":"https:\/\/wordpress-test.app.u-pariscite.fr\/sdv\/wp-json\/wp\/v2\/pages\/2180\/revisions"}],"predecessor-version":[{"id":2863,"href":"https:\/\/wordpress-test.app.u-pariscite.fr\/sdv\/wp-json\/wp\/v2\/pages\/2180\/revisions\/2863"}],"wp:attachment":[{"href":"https:\/\/wordpress-test.app.u-pariscite.fr\/sdv\/wp-json\/wp\/v2\/media?parent=2180"}],"curies":[{"name":"wp","href":"https:\/\/api.w.org\/{rel}","templated":true}]}}