{"id":207,"date":"2020-01-28T15:10:18","date_gmt":"2020-01-28T14:10:18","guid":{"rendered":"https:\/\/wordpress-test.app.u-pariscite.fr\/sdv\/?page_id=207"},"modified":"2021-01-08T11:00:11","modified_gmt":"2021-01-08T10:00:11","slug":"recherche","status":"publish","type":"page","link":"https:\/\/wordpress-test.app.u-pariscite.fr\/sdv\/recherche\/","title":{"rendered":"Recherche"},"content":{"rendered":"<p>[et_pb_section bb_built=\u00a0\u00bb1&Prime; inner_width=\u00a0\u00bbauto\u00a0\u00bb inner_max_width=\u00a0\u00bbnone\u00a0\u00bb][et_pb_row][et_pb_column type=\u00a0\u00bb4_4&Prime;][et_pb_post_title admin_label=\u00a0\u00bbTitre de la page\u00a0\u00bb _builder_version=\u00a0\u00bb3.19.11&Prime; meta=\u00a0\u00bboff\u00a0\u00bb featured_image=\u00a0\u00bboff\u00a0\u00bb \/][\/et_pb_column][\/et_pb_row][et_pb_row][et_pb_column type=\u00a0\u00bb4_4&Prime;][et_pb_text _builder_version=\u00a0\u00bb3.22.1&Prime; module_id=\u00a0\u00bbcontenu\u00a0\u00bb text_text_shadow_horizontal_length=\u00a0\u00bbtext_text_shadow_style,%91object Object%93&Prime; text_text_shadow_vertical_length=\u00a0\u00bbtext_text_shadow_style,%91object Object%93&Prime; text_text_shadow_blur_strength=\u00a0\u00bbtext_text_shadow_style,%91object Object%93&Prime; link_text_shadow_horizontal_length=\u00a0\u00bblink_text_shadow_style,%91object Object%93&Prime; link_text_shadow_vertical_length=\u00a0\u00bblink_text_shadow_style,%91object Object%93&Prime; link_text_shadow_blur_strength=\u00a0\u00bblink_text_shadow_style,%91object Object%93&Prime; ul_text_shadow_horizontal_length=\u00a0\u00bbul_text_shadow_style,%91object Object%93&Prime; ul_text_shadow_vertical_length=\u00a0\u00bbul_text_shadow_style,%91object Object%93&Prime; ul_text_shadow_blur_strength=\u00a0\u00bbul_text_shadow_style,%91object Object%93&Prime; ol_text_shadow_horizontal_length=\u00a0\u00bbol_text_shadow_style,%91object Object%93&Prime; ol_text_shadow_vertical_length=\u00a0\u00bbol_text_shadow_style,%91object Object%93&Prime; ol_text_shadow_blur_strength=\u00a0\u00bbol_text_shadow_style,%91object Object%93&Prime; quote_text_shadow_horizontal_length=\u00a0\u00bbquote_text_shadow_style,%91object Object%93&Prime; quote_text_shadow_vertical_length=\u00a0\u00bbquote_text_shadow_style,%91object Object%93&Prime; quote_text_shadow_blur_strength=\u00a0\u00bbquote_text_shadow_style,%91object Object%93&Prime; header_text_shadow_horizontal_length=\u00a0\u00bbheader_text_shadow_style,%91object Object%93&Prime; header_text_shadow_vertical_length=\u00a0\u00bbheader_text_shadow_style,%91object Object%93&Prime; header_text_shadow_blur_strength=\u00a0\u00bbheader_text_shadow_style,%91object Object%93&Prime; header_2_text_shadow_horizontal_length=\u00a0\u00bbheader_2_text_shadow_style,%91object Object%93&Prime; header_2_text_shadow_vertical_length=\u00a0\u00bbheader_2_text_shadow_style,%91object Object%93&Prime; header_2_text_shadow_blur_strength=\u00a0\u00bbheader_2_text_shadow_style,%91object Object%93&Prime; header_3_text_shadow_horizontal_length=\u00a0\u00bbheader_3_text_shadow_style,%91object Object%93&Prime; header_3_text_shadow_vertical_length=\u00a0\u00bbheader_3_text_shadow_style,%91object Object%93&Prime; header_3_text_shadow_blur_strength=\u00a0\u00bbheader_3_text_shadow_style,%91object Object%93&Prime; header_4_text_shadow_horizontal_length=\u00a0\u00bbheader_4_text_shadow_style,%91object Object%93&Prime; header_4_text_shadow_vertical_length=\u00a0\u00bbheader_4_text_shadow_style,%91object Object%93&Prime; header_4_text_shadow_blur_strength=\u00a0\u00bbheader_4_text_shadow_style,%91object Object%93&Prime; header_5_text_shadow_horizontal_length=\u00a0\u00bbheader_5_text_shadow_style,%91object Object%93&Prime; header_5_text_shadow_vertical_length=\u00a0\u00bbheader_5_text_shadow_style,%91object Object%93&Prime; header_5_text_shadow_blur_strength=\u00a0\u00bbheader_5_text_shadow_style,%91object Object%93&Prime; header_6_text_shadow_horizontal_length=\u00a0\u00bbheader_6_text_shadow_style,%91object Object%93&Prime; header_6_text_shadow_vertical_length=\u00a0\u00bbheader_6_text_shadow_style,%91object Object%93&Prime; header_6_text_shadow_blur_strength=\u00a0\u00bbheader_6_text_shadow_style,%91object Object%93&Prime; z_index_tablet=\u00a0\u00bb500&Prime;]<\/p>\n<p>Les recherches men\u00e9es \u00e0 l\u2019UFR SDV, r\u00e9solument multidisciplinaires, appr\u00e9hendent la description et la compr\u00e9hension du Vivant \u00e0 de multiples niveaux d\u2019organisation biologique, de la mol\u00e9cule \u00e0 l\u2019\u00e9cosyst\u00e8me.\u00a0<\/p>\n<p>Ces recherches, effectu\u00e9es au sein des\u00a0<strong>18 unit\u00e9s ou \u00e9quipes rattach\u00e9es \u00e0 l\u2019UFR<\/strong>, peuvent se d\u00e9cliner en quatre grands th\u00e8mes :<\/p>\n<ul>\n<li>Architectures mol\u00e9culaires et supramol\u00e9culaires<\/li>\n<li>Survie et d\u00e9fense des organismes<\/li>\n<li>Cellules et d\u00e9veloppement<\/li>\n<li>Interfaces et ing\u00e9nierie du Vivant<\/li>\n<\/ul>\n<p>&nbsp;<\/p>\n<p><em><strong>Unit\u00e9s de recherche rattach\u00e9es \u00e0 l\u2019UFR SDV localis\u00e9es sur le Campus des Grands Moulins :<\/strong><\/em><\/p>\n<p>Les structures de recherche adoss\u00e9es \u00e0 l\u2019UFR SdV sont pour une part importante localis\u00e9es sur le campus des Grands Moulins, \u00e0 savoir :<\/p>\n<ul>\n<li>UMR Biologie Fonctionnelle et Adaptative (<a href=\"http:\/\/bfa.univ-paris-diderot.fr\/\">BFA<\/a>)<\/li>\n<li>Epig\u00e9n\u00e9tique et Destin Cellulaire (<a href=\"http:\/\/parisepigenetics.com\/fr\/\">EDC<\/a>)<\/li>\n<li>Institut Jacques Monod (<a href=\"https:\/\/www.ijm.fr\/\">IJM<\/a>)<\/li>\n<li>Laboratoire Interdisciplinaire des Energies de Demain (<a href=\"http:\/\/www.lied-pieri.univ-paris-diderot.fr\/\">LIED-PIERI<\/a>).<\/li>\n<\/ul>\n<p>Les grandes th\u00e9matiques abord\u00e9es au sein des Laboratoires du campus des Grands Moulins couvrent les champs suivants : Biologie cellulaire, D\u00e9veloppement,\u00a0 G\u00e9n\u00e9tique et Evolution, Physiologie et Physiopathologie, Epig\u00e9n\u00e9tique, Bioinformatique structurale et Ch\u00e9moinformatique, D\u00e9veloppement des biomat\u00e9riaux innovants.<\/p>\n<p>&nbsp;<\/p>\n<p><em><strong>Unit\u00e9s de recherche rattach\u00e9es \u00e0 l\u2019UFR SDV hors Campus des Grands Moulins :<\/strong><\/em><\/p>\n<p>Compte tenu des th\u00e9matiques de recherche d\u00e9velopp\u00e9es dans les UMR (CNRS, INSERM) du campus des Grands Moulins, des domaines scientifiques que nous souhaitons couvrir en mati\u00e8re de formation, et des infrastructures disponibles, d\u2019autres structures de recherche, \u00e0 Paris et en Ile de France, ont \u00e9t\u00e9 rattach\u00e9es \u00e0 l\u2019UFR SdV :<\/p>\n<ul>\n<li>6 unit\u00e9s de l\u2019<a href=\"https:\/\/www.pasteur.fr\/fr\">Institut Pasteur<\/a> permettent de couvrir plusieurs domaines en Infectiologie virale et bact\u00e9rienne ainsi qu\u2019en G\u00e9n\u00e9tique humaine<\/li>\n<li>Notre partenariat avec l\u2019Institut de Biologie Physico-Chimique \u2013 <a href=\"http:\/\/www.ibpc.fr\/fr\/\">IBPC<\/a> (3 unit\u00e9s de recherche) permet de renforcer nos approches en Biologie structurale et Microbiologie<\/li>\n<li>Notre partenariat avec l\u2019Institut National de la Transfusion Sanguine (UMR Biologie Int\u00e9gr\u00e9e du Globule Rouge \u2013 <a href=\"http:\/\/www.idf.inserm.fr\/rubriques\/les-laboratoires\/structures-de-recherche-paris-7\/unites-de-recherche-de-paris-7\/site-ints-antilles-guyane\/biologie-integree-du-globule-rouge\">BIGR<\/a>) permet d\u2019associer des approches fondamentales \u00e0 des probl\u00e9matiques de Sant\u00e9 publique.<\/li>\n<li>Deux partenariats en Ile de France permettent d\u2019appr\u00e9hender le domaine des Sciences du V\u00e9g\u00e9tal (l\u2019Institut des Sciences des Plantes de Paris-Saclay \u2013 <a href=\"http:\/\/ips2.u-psud.fr\/fr\/index.html\">IPS2<\/a>) et celui de la Radiobiologie et des Cellules souches (UMR Stabilit\u00e9 G\u00e9n\u00e9tique, Cellules Souches et Radiations \u2013 <a href=\"http:\/\/www.idf.inserm.fr\/rubriques\/les-laboratoires\/structures-de-recherche-paris-11\/unites-de-recherche-de-paris-11\/hauts-de-seine-boulogne-clamart-chatenay-fontenay\/stabilite-genetique-cellules-souches-et-radiations\">SGCSR<\/a>)<\/li>\n<li>L\u2019UMR Eco-Anthropologie et Ethnobiologie (<a href=\"https:\/\/www.ecoanthropologie.fr\/fr\">EAE<\/a>) localis\u00e9e au Mus\u00e9um National d\u2019Histoire naturelle permet de d\u00e9velopper les aspects d\u2019\u00e9volution humaine et d\u2019\u00e9co-anthropologie<\/li>\n<li>Enfin la contractualisation avec l\u2019Institut d\u2019Ecologie et des Sciences de l\u2019Environnement de Paris (<a href=\"https:\/\/ieesparis.ufr918.upmc.fr\/\">IEES<\/a>), contribue \u00e0 notre positionnement dans le domaine de l\u2019Ecologie et de ses enjeux soci\u00e9taux.<\/li>\n<\/ul>\n<p>&nbsp;<\/p>\n<p>[\/et_pb_text][\/et_pb_column][\/et_pb_row][et_pb_row][et_pb_column type=\u00a0\u00bb1_2&Prime;][et_pb_text _builder_version=\u00a0\u00bb3.22.1&Prime; module_id=\u00a0\u00bbcontenu\u00a0\u00bb text_text_shadow_horizontal_length=\u00a0\u00bbtext_text_shadow_style,%91object Object%93&Prime; text_text_shadow_vertical_length=\u00a0\u00bbtext_text_shadow_style,%91object Object%93&Prime; text_text_shadow_blur_strength=\u00a0\u00bbtext_text_shadow_style,%91object Object%93&Prime; link_text_shadow_horizontal_length=\u00a0\u00bblink_text_shadow_style,%91object Object%93&Prime; link_text_shadow_vertical_length=\u00a0\u00bblink_text_shadow_style,%91object Object%93&Prime; link_text_shadow_blur_strength=\u00a0\u00bblink_text_shadow_style,%91object Object%93&Prime; ul_text_shadow_horizontal_length=\u00a0\u00bbul_text_shadow_style,%91object Object%93&Prime; ul_text_shadow_vertical_length=\u00a0\u00bbul_text_shadow_style,%91object Object%93&Prime; ul_text_shadow_blur_strength=\u00a0\u00bbul_text_shadow_style,%91object Object%93&Prime; ol_text_shadow_horizontal_length=\u00a0\u00bbol_text_shadow_style,%91object Object%93&Prime; ol_text_shadow_vertical_length=\u00a0\u00bbol_text_shadow_style,%91object Object%93&Prime; ol_text_shadow_blur_strength=\u00a0\u00bbol_text_shadow_style,%91object Object%93&Prime; quote_text_shadow_horizontal_length=\u00a0\u00bbquote_text_shadow_style,%91object Object%93&Prime; quote_text_shadow_vertical_length=\u00a0\u00bbquote_text_shadow_style,%91object Object%93&Prime; quote_text_shadow_blur_strength=\u00a0\u00bbquote_text_shadow_style,%91object Object%93&Prime; header_text_shadow_horizontal_length=\u00a0\u00bbheader_text_shadow_style,%91object Object%93&Prime; header_text_shadow_vertical_length=\u00a0\u00bbheader_text_shadow_style,%91object Object%93&Prime; header_text_shadow_blur_strength=\u00a0\u00bbheader_text_shadow_style,%91object Object%93&Prime; header_2_text_shadow_horizontal_length=\u00a0\u00bbheader_2_text_shadow_style,%91object Object%93&Prime; header_2_text_shadow_vertical_length=\u00a0\u00bbheader_2_text_shadow_style,%91object Object%93&Prime; header_2_text_shadow_blur_strength=\u00a0\u00bbheader_2_text_shadow_style,%91object Object%93&Prime; header_3_text_shadow_horizontal_length=\u00a0\u00bbheader_3_text_shadow_style,%91object Object%93&Prime; header_3_text_shadow_vertical_length=\u00a0\u00bbheader_3_text_shadow_style,%91object Object%93&Prime; header_3_text_shadow_blur_strength=\u00a0\u00bbheader_3_text_shadow_style,%91object Object%93&Prime; header_4_text_shadow_horizontal_length=\u00a0\u00bbheader_4_text_shadow_style,%91object Object%93&Prime; header_4_text_shadow_vertical_length=\u00a0\u00bbheader_4_text_shadow_style,%91object Object%93&Prime; header_4_text_shadow_blur_strength=\u00a0\u00bbheader_4_text_shadow_style,%91object Object%93&Prime; header_5_text_shadow_horizontal_length=\u00a0\u00bbheader_5_text_shadow_style,%91object Object%93&Prime; header_5_text_shadow_vertical_length=\u00a0\u00bbheader_5_text_shadow_style,%91object Object%93&Prime; header_5_text_shadow_blur_strength=\u00a0\u00bbheader_5_text_shadow_style,%91object Object%93&Prime; header_6_text_shadow_horizontal_length=\u00a0\u00bbheader_6_text_shadow_style,%91object Object%93&Prime; header_6_text_shadow_vertical_length=\u00a0\u00bbheader_6_text_shadow_style,%91object Object%93&Prime; header_6_text_shadow_blur_strength=\u00a0\u00bbheader_6_text_shadow_style,%91object Object%93&Prime; z_index_tablet=\u00a0\u00bb500&Prime;]<\/p>\n<div class=\"page\" title=\"Page 1\">\n<div class=\"layoutArea\">\n<div class=\"column\">\n<h3>Les unit\u00e9s et \u00e9quipes de recherche de l&rsquo;UFR SDV<\/h3>\n<\/div>\n<\/div>\n<\/div>\n<p>[\/et_pb_text][et_pb_button admin_label=\u00a0\u00bbbouton &#8211; ajouter le lien vers la page\u00a0\u00bb button_url=\u00a0\u00bbhttps:\/\/wordpress-test.app.u-pariscite.fr\/sdv\/unites-de-recherche\/\u00a0\u00bb button_text=\u00a0\u00bbLire la suite\u00a0\u00bb button_alignment=\u00a0\u00bbleft\u00a0\u00bb _builder_version=\u00a0\u00bb3.22.1&Prime; custom_button=\u00a0\u00bbon\u00a0\u00bb button_text_color=\u00a0\u00bb#ffffff\u00a0\u00bb button_bg_color=\u00a0\u00bb#8a1538&Prime; button_border_width=\u00a0\u00bb2&Prime; button_border_radius=\u00a0\u00bb26&Prime; button_icon=\u00a0\u00bb%%20%%\u00a0\u00bb button_icon_color=\u00a0\u00bb#ffffff\u00a0\u00bb button_on_hover=\u00a0\u00bboff\u00a0\u00bb background_layout=\u00a0\u00bbdark\u00a0\u00bb hover_enabled=\u00a0\u00bb0&Prime; custom_css_after=\u00a0\u00bbmargin-left: 0!important;\u00a0\u00bb saved_tabs=\u00a0\u00bball\u00a0\u00bb background_layout__hover_enabled=\u00a0\u00bbon\u00a0\u00bb background_layout__hover=\u00a0\u00bblight\u00a0\u00bb button_bg_color__hover_enabled=\u00a0\u00bbon\u00a0\u00bb button_bg_color__hover=\u00a0\u00bb#ffffff\u00a0\u00bb button_icon_color__hover_enabled=\u00a0\u00bbon\u00a0\u00bb button_icon_color__hover=\u00a0\u00bb#aa004f\u00a0\u00bb button_text_color__hover_enabled=\u00a0\u00bbon\u00a0\u00bb button_text_color__hover=\u00a0\u00bb#aa004f\u00a0\u00bb custom_css_after__hover_enabled=\u00a0\u00bbon\u00a0\u00bb custom_css_after__hover=\u00a0\u00bbmargin-left: 0!important;\u00a0\u00bb button_border_color=\u00a0\u00bb#8a1538&Prime; button_text_shadow_horizontal_length=\u00a0\u00bbbutton_text_shadow_style,%91object Object%93&Prime; button_text_shadow_vertical_length=\u00a0\u00bbbutton_text_shadow_style,%91object Object%93&Prime; button_text_shadow_blur_strength=\u00a0\u00bbbutton_text_shadow_style,%91object Object%93&Prime; z_index_tablet=\u00a0\u00bb500&Prime; \/][et_pb_divider _builder_version=\u00a0\u00bb3.19.11&Prime; color=\u00a0\u00bb#000000&Prime; custom_margin=\u00a0\u00bb80px||110px|\u00a0\u00bb \/][\/et_pb_column][et_pb_column type=\u00a0\u00bb1_2&Prime;][\/et_pb_column][\/et_pb_row][et_pb_row][et_pb_column type=\u00a0\u00bb1_2&Prime;][\/et_pb_column][et_pb_column type=\u00a0\u00bb1_2&Prime;][\/et_pb_column][\/et_pb_row][\/et_pb_section]<\/p>\n","protected":false},"excerpt":{"rendered":"<div class=\"et_pb_row et_pb_row_0 et_pb_row_empty\"><\/div>\n<div class=\"et_pb_row et_pb_row_1 et_pb_row_empty\"><\/div>\n<p> Les recherches men\u00e9es \u00e0 l\u2019UFR SDV, r\u00e9solument multidisciplinaires, appr\u00e9hendent la description et la compr\u00e9hension du Vivant \u00e0 de multiples niveaux d\u2019organisation biologique, de la mol\u00e9cule \u00e0 l\u2019\u00e9cosyst\u00e8me.\u00a0 Ces recherches, effectu\u00e9es au sein des\u00a018 unit\u00e9s ou \u00e9quipes rattach\u00e9es \u00e0 l\u2019UFR, peuvent se d\u00e9cliner en quatre grands th\u00e8mes : Architectures mol\u00e9culaires et supramol\u00e9culaires Survie et d\u00e9fense&hellip; <a class=\"continue\" href=\"https:\/\/wordpress-test.app.u-pariscite.fr\/sdv\/recherche\/\">Lire la suite<span> Recherche<\/span><\/a><\/p>\n","protected":false},"author":8,"featured_media":0,"parent":0,"menu_order":0,"comment_status":"closed","ping_status":"closed","template":"","meta":{"_et_pb_use_builder":"on","_et_pb_old_content":"","_et_gb_content_width":"","footnotes":""},"class_list":["post-207","page","type-page","status-publish","hentry"],"_links":{"self":[{"href":"https:\/\/wordpress-test.app.u-pariscite.fr\/sdv\/wp-json\/wp\/v2\/pages\/207","targetHints":{"allow":["GET"]}}],"collection":[{"href":"https:\/\/wordpress-test.app.u-pariscite.fr\/sdv\/wp-json\/wp\/v2\/pages"}],"about":[{"href":"https:\/\/wordpress-test.app.u-pariscite.fr\/sdv\/wp-json\/wp\/v2\/types\/page"}],"author":[{"embeddable":true,"href":"https:\/\/wordpress-test.app.u-pariscite.fr\/sdv\/wp-json\/wp\/v2\/users\/8"}],"replies":[{"embeddable":true,"href":"https:\/\/wordpress-test.app.u-pariscite.fr\/sdv\/wp-json\/wp\/v2\/comments?post=207"}],"version-history":[{"count":11,"href":"https:\/\/wordpress-test.app.u-pariscite.fr\/sdv\/wp-json\/wp\/v2\/pages\/207\/revisions"}],"predecessor-version":[{"id":1448,"href":"https:\/\/wordpress-test.app.u-pariscite.fr\/sdv\/wp-json\/wp\/v2\/pages\/207\/revisions\/1448"}],"wp:attachment":[{"href":"https:\/\/wordpress-test.app.u-pariscite.fr\/sdv\/wp-json\/wp\/v2\/media?parent=207"}],"curies":[{"name":"wp","href":"https:\/\/api.w.org\/{rel}","templated":true}]}}