{"id":2021,"date":"2021-03-15T14:22:27","date_gmt":"2021-03-15T13:22:27","guid":{"rendered":"https:\/\/wordpress-test.app.u-pariscite.fr\/sdv\/?page_id=2021"},"modified":"2021-03-15T14:23:33","modified_gmt":"2021-03-15T13:23:33","slug":"prepas-agro-veto","status":"publish","type":"page","link":"https:\/\/wordpress-test.app.u-pariscite.fr\/sdv\/prepas-agro-veto\/","title":{"rendered":"Pr\u00e9pas agro v\u00e9to"},"content":{"rendered":"<p>[et_pb_section bb_built=\u00a0\u00bb1&Prime; inner_width=\u00a0\u00bbauto\u00a0\u00bb inner_max_width=\u00a0\u00bbnone\u00a0\u00bb][et_pb_row][et_pb_column type=\u00a0\u00bb4_4&Prime;][et_pb_post_title _builder_version=\u00a0\u00bb3.22.1&Prime; meta=\u00a0\u00bboff\u00a0\u00bb featured_image=\u00a0\u00bboff\u00a0\u00bb text_shadow_horizontal_length=\u00a0\u00bbtext_shadow_style,%91object Object%93&Prime; text_shadow_vertical_length=\u00a0\u00bbtext_shadow_style,%91object Object%93&Prime; text_shadow_blur_strength=\u00a0\u00bbtext_shadow_style,%91object Object%93&Prime; title_text_shadow_horizontal_length=\u00a0\u00bbtitle_text_shadow_style,%91object Object%93&Prime; title_text_shadow_vertical_length=\u00a0\u00bbtitle_text_shadow_style,%91object Object%93&Prime; title_text_shadow_blur_strength=\u00a0\u00bbtitle_text_shadow_style,%91object Object%93&Prime; meta_text_shadow_horizontal_length=\u00a0\u00bbmeta_text_shadow_style,%91object Object%93&Prime; meta_text_shadow_vertical_length=\u00a0\u00bbmeta_text_shadow_style,%91object Object%93&Prime; meta_text_shadow_blur_strength=\u00a0\u00bbmeta_text_shadow_style,%91object Object%93&Prime; z_index_tablet=\u00a0\u00bb500&Prime; \/][et_pb_text _builder_version=\u00a0\u00bb3.22.1&Prime; text_text_shadow_horizontal_length=\u00a0\u00bbtext_text_shadow_style,%91object Object%93&Prime; text_text_shadow_vertical_length=\u00a0\u00bbtext_text_shadow_style,%91object Object%93&Prime; text_text_shadow_blur_strength=\u00a0\u00bbtext_text_shadow_style,%91object Object%93&Prime; link_text_shadow_horizontal_length=\u00a0\u00bblink_text_shadow_style,%91object Object%93&Prime; link_text_shadow_vertical_length=\u00a0\u00bblink_text_shadow_style,%91object Object%93&Prime; link_text_shadow_blur_strength=\u00a0\u00bblink_text_shadow_style,%91object Object%93&Prime; ul_text_shadow_horizontal_length=\u00a0\u00bbul_text_shadow_style,%91object Object%93&Prime; ul_text_shadow_vertical_length=\u00a0\u00bbul_text_shadow_style,%91object Object%93&Prime; ul_text_shadow_blur_strength=\u00a0\u00bbul_text_shadow_style,%91object Object%93&Prime; ol_text_shadow_horizontal_length=\u00a0\u00bbol_text_shadow_style,%91object Object%93&Prime; ol_text_shadow_vertical_length=\u00a0\u00bbol_text_shadow_style,%91object Object%93&Prime; ol_text_shadow_blur_strength=\u00a0\u00bbol_text_shadow_style,%91object Object%93&Prime; quote_text_shadow_horizontal_length=\u00a0\u00bbquote_text_shadow_style,%91object Object%93&Prime; quote_text_shadow_vertical_length=\u00a0\u00bbquote_text_shadow_style,%91object Object%93&Prime; quote_text_shadow_blur_strength=\u00a0\u00bbquote_text_shadow_style,%91object Object%93&Prime; header_text_shadow_horizontal_length=\u00a0\u00bbheader_text_shadow_style,%91object Object%93&Prime; header_text_shadow_vertical_length=\u00a0\u00bbheader_text_shadow_style,%91object Object%93&Prime; header_text_shadow_blur_strength=\u00a0\u00bbheader_text_shadow_style,%91object Object%93&Prime; header_2_text_shadow_horizontal_length=\u00a0\u00bbheader_2_text_shadow_style,%91object Object%93&Prime; header_2_text_shadow_vertical_length=\u00a0\u00bbheader_2_text_shadow_style,%91object Object%93&Prime; header_2_text_shadow_blur_strength=\u00a0\u00bbheader_2_text_shadow_style,%91object Object%93&Prime; header_3_text_shadow_horizontal_length=\u00a0\u00bbheader_3_text_shadow_style,%91object Object%93&Prime; header_3_text_shadow_vertical_length=\u00a0\u00bbheader_3_text_shadow_style,%91object Object%93&Prime; header_3_text_shadow_blur_strength=\u00a0\u00bbheader_3_text_shadow_style,%91object Object%93&Prime; header_4_text_shadow_horizontal_length=\u00a0\u00bbheader_4_text_shadow_style,%91object Object%93&Prime; header_4_text_shadow_vertical_length=\u00a0\u00bbheader_4_text_shadow_style,%91object Object%93&Prime; header_4_text_shadow_blur_strength=\u00a0\u00bbheader_4_text_shadow_style,%91object Object%93&Prime; header_5_text_shadow_horizontal_length=\u00a0\u00bbheader_5_text_shadow_style,%91object Object%93&Prime; header_5_text_shadow_vertical_length=\u00a0\u00bbheader_5_text_shadow_style,%91object Object%93&Prime; header_5_text_shadow_blur_strength=\u00a0\u00bbheader_5_text_shadow_style,%91object Object%93&Prime; header_6_text_shadow_horizontal_length=\u00a0\u00bbheader_6_text_shadow_style,%91object Object%93&Prime; header_6_text_shadow_vertical_length=\u00a0\u00bbheader_6_text_shadow_style,%91object Object%93&Prime; header_6_text_shadow_blur_strength=\u00a0\u00bbheader_6_text_shadow_style,%91object Object%93&Prime; z_index_tablet=\u00a0\u00bb500&Prime;]<\/p>\n<h3>Pr\u00e9paration aux concours B Bio et B ENV<\/h3>\n<p>\u00a0\u00a0\u00a0 Le concours B permet aux <b>\u00e9tudiants en licence <\/b>de <b>concourir <\/b>pour l&rsquo;entr\u00e9e aux \u00e9coles de l\u2019enseignement sup\u00e9rieur agricole relevant du minist\u00e8re de l\u2019agriculture reparties en fili\u00e8re \u00ab\u00a0<b>Agronomie-ENSA<\/b>\u00a0\u00bb pour le concours B-Bio (Agro Paris Tech-Grignon, Montpellier Sup Agro, Agro Campus Ouest (Rennes\/Angers), Toulouse INP ENSAT, ENSAIA Nancy, AgroSup Dijon, ONIRIS Nantes, VetAgro Sup (Clermont-Ferrand), Bordeaux Sciences Agro, ENGEES Strasbourg) et en fili\u00e8re \u00ab\u00a0<b>V\u00e9t\u00e9rinaire-ENV<\/b>\u00a0\u00bb pour le concours B ENV (Vet Agro Sup Lyon, ONIRIS Nantes, ENV Alfort, ENV Toulouse).\u00a0 L\u2019entr\u00e9e en \u00e9cole est conditionn\u00e9e \u00e0 la validation de 120 ECTS.<\/p>\n<p>\u00a0\u00a0\u00a0\u00a0 L\u2019Universit\u00e9 Paris Cit\u00e9 propose des pr\u00e9parations \u00e0 ces deux concours en <b>seconde ann\u00e9e de licence Sciences de la <\/b><b>Vie<\/b>. Ces deux formations pr\u00e9parent aux <b>trois \u00e9preuves orales <\/b>(Sciences et Soci\u00e9t\u00e9, Anglais et Entretien avec le jury) qui sont communes aux deux concours ainsi qu\u2019\u00e0 l\u2019<b>\u00e9preuve \u00e9crite de chimie <\/b>dite \u00ab\u00a0scientifique compl\u00e9mentaire\u00a0\u00bb qui ne concerne que le concours B-ENV.<\/p>\n<p>&nbsp;<\/p>\n<h3>Modalit\u00e9s de candidature<\/h3>\n<p>\u00a0\u00a0\u00a0\u00a0 L\u2019entr\u00e9e dans la pr\u00e9paration se fait en d\u00e9but de L2 sur analyse du <b>dossier constitu\u00e9 des r\u00e9sultats au Baccalaur\u00e9at et de ceux post-bac<\/b><b>, d\u2019une lettre de motivation et d\u2019un <\/b><b>CV<\/b>. Le parcours \u00e9tant \u00e0 effectif tr\u00e8s limit\u00e9, la qualit\u00e9 du dossier est pr\u00e9pond\u00e9rante.<\/p>\n<ul>\n<li><b>Pour <\/b><b>les \u00e9tudiants en L1 Sciences de la <\/b><b>Vie <\/b><b>de l\u2019Universit\u00e9 Paris Cit\u00e9, <\/b>le dossier est \u00e0 constituer et \u00e0 envoyer \u00e0 la scolarit\u00e9 de la licence d\u00e9but juin.<\/li>\n<li><b>Pour les candidatures externes <\/b>(L1 sciences du vivant dans une autre universit\u00e9, classe pr\u00e9paratoire BCPST1\u2026), la candidature est \u00e0 d\u00e9poser sur la plateforme e-candidat de l\u2019UP (<a href=\"https:\/\/wordpress-test.app.u-pariscite.fr\/candidature-ecandidat\/\">https<\/a><a href=\"https:\/\/wordpress-test.app.u-pariscite.fr\/candidature-ecandidat\/\">:\/\/wordpress-test.app.u-pariscite.fr\/candidature-ecandidat<\/a><a href=\"https:\/\/wordpress-test.app.u-pariscite.fr\/candidature-ecandidat\/\">\/<\/a>) d\u00e9but juin en Licence 2 Sciences de la vie &#8211; FI.<\/li>\n<\/ul>\n<p><i>Pour <\/i><i>les futurs <\/i><i>bacheliers souhaitant <\/i><i>int\u00e9grer cette pr\u00e9paration, nous recommandons pour <\/i><i>leur choix <\/i><i>de <\/i><i>sp\u00e9cialit\u00e9s de <\/i><i>se conformer aux recommandations \u00e9mises par les \u00e9coles agronomiques et <\/i><i>v\u00e9t\u00e9rinaires. Les sp\u00e9cialit\u00e9s Physique-Chimie et SVT compl\u00e9t\u00e9es par l\u2019option Maths compl\u00e9mentaires en Terminale constituent un choix particuli\u00e8rement pertinent pour les \u00e9tudiants souhaitant se pr\u00e9senter au concours B ENV.<\/i><\/p>\n<p>&nbsp;<\/p>\n<h3><b>Organisation de la pr\u00e9paration<\/b><\/h3>\n<p>En compl\u00e9ment des enseignements suivis par l\u2019ensemble des \u00e9tudiants de la seconde ann\u00e9e de licence, les \u00e9tudiants pr\u00e9pas suivent les enseignements suivants, r\u00e9partis sur les deux semestres du L2:<\/p>\n<ul>\n<li><b>Anglais <\/b>(40h)<\/li>\n<li><b>Sciences et Soci\u00e9t\u00e9 <\/b>(20h)<\/li>\n<\/ul>\n<p>\u00a0Sp\u00e9cifiquement pour les \u00e9tudiants pr\u00e9parant le concours B ENV:\u00a0<\/p>\n<ul>\n<li><b>Chimie g\u00e9n\u00e9rale <\/b>(60h)<\/li>\n<li><b>Chimie organique <\/b>(42h).<\/li>\n<\/ul>\n<p>\u00a0Les \u00e9tudiants admissibles suivent \u00e9galement, au mois de juin, une pr\u00e9paration intensive aux trois \u00e9preuves orales.<\/p>\n<p>&nbsp;<\/p>\n<h3><b>Taux de r\u00e9ussite<\/b><\/h3>\n<p>Le taux de r\u00e9ussite de nos \u00e9tudiants est parmi les meilleurs de France.<\/p>\n<p>Pourcentage moyen d\u2019int\u00e9gration sur les 8 derni\u00e8res ann\u00e9es: <b>28,3% ENV <\/b>et<b> 82% <\/b><b>ENSA.<\/b><\/p>\n<p>&nbsp;<\/p>\n<h3><b>Capacit\u00e9 d\u2019accueil <\/b><\/h3>\n<ul>\n<li>16 places pour la pr\u00e9pa B-Bio<\/li>\n<li>16 places pour la pr\u00e9pa B-ENV<\/li>\n<\/ul>\n<p>&nbsp;<\/p>\n<h3>Contacts<\/h3>\n<p><b>Responsables <\/b><b>p\u00e9dagogiques <\/b><\/p>\n<p>Pr\u00e9pa B-Bio: \u00a0Philippe Verbeke:\u00a0 philippe.verbeke@inserm.fr<\/p>\n<p>Pr\u00e9pa B-ENV: V\u00e9ronique Monnier: veronique.monnier@wordpress-test.app.u-pariscite.fr<\/p>\n<p><b>Scolarit\u00e9 <\/b><\/p>\n<p>Diane Lavigne:\u00a0 diagne.lavigne@wordpress-test.app.u-pariscite.fr<\/p>\n<p><i>Site internet du Service des Concours Agronomiques et V\u00e9t\u00e9rinaires (SCAV<\/i><i>): https<\/i><i>:\/\/www.concours-agro-veto.net\/<\/i><\/p>\n<p>&nbsp;<\/p>\n<p>&nbsp;<\/p>\n<p>[\/et_pb_text][\/et_pb_column][\/et_pb_row][\/et_pb_section]<\/p>\n","protected":false},"excerpt":{"rendered":"<div class=\"et_pb_row et_pb_row_0 et_pb_row_empty\"><\/div>\n<p> Pr\u00e9paration aux concours B Bio et B ENV \u00a0\u00a0\u00a0 Le concours B permet aux \u00e9tudiants en licence de concourir pour l&rsquo;entr\u00e9e aux \u00e9coles de l\u2019enseignement sup\u00e9rieur agricole relevant du minist\u00e8re de l\u2019agriculture reparties en fili\u00e8re \u00ab\u00a0Agronomie-ENSA\u00a0\u00bb pour le concours B-Bio (Agro Paris Tech-Grignon, Montpellier Sup Agro, Agro Campus Ouest (Rennes\/Angers), Toulouse INP ENSAT, ENSAIA&hellip; <a class=\"continue\" href=\"https:\/\/wordpress-test.app.u-pariscite.fr\/sdv\/prepas-agro-veto\/\">Lire la suite<span> Pr\u00e9pas agro v\u00e9to<\/span><\/a><\/p>\n","protected":false},"author":69,"featured_media":0,"parent":0,"menu_order":0,"comment_status":"closed","ping_status":"closed","template":"","meta":{"_et_pb_use_builder":"on","_et_pb_old_content":"","_et_gb_content_width":"","footnotes":""},"class_list":["post-2021","page","type-page","status-publish","hentry"],"_links":{"self":[{"href":"https:\/\/wordpress-test.app.u-pariscite.fr\/sdv\/wp-json\/wp\/v2\/pages\/2021","targetHints":{"allow":["GET"]}}],"collection":[{"href":"https:\/\/wordpress-test.app.u-pariscite.fr\/sdv\/wp-json\/wp\/v2\/pages"}],"about":[{"href":"https:\/\/wordpress-test.app.u-pariscite.fr\/sdv\/wp-json\/wp\/v2\/types\/page"}],"author":[{"embeddable":true,"href":"https:\/\/wordpress-test.app.u-pariscite.fr\/sdv\/wp-json\/wp\/v2\/users\/69"}],"replies":[{"embeddable":true,"href":"https:\/\/wordpress-test.app.u-pariscite.fr\/sdv\/wp-json\/wp\/v2\/comments?post=2021"}],"version-history":[{"count":3,"href":"https:\/\/wordpress-test.app.u-pariscite.fr\/sdv\/wp-json\/wp\/v2\/pages\/2021\/revisions"}],"predecessor-version":[{"id":2024,"href":"https:\/\/wordpress-test.app.u-pariscite.fr\/sdv\/wp-json\/wp\/v2\/pages\/2021\/revisions\/2024"}],"wp:attachment":[{"href":"https:\/\/wordpress-test.app.u-pariscite.fr\/sdv\/wp-json\/wp\/v2\/media?parent=2021"}],"curies":[{"name":"wp","href":"https:\/\/api.w.org\/{rel}","templated":true}]}}