{"id":180,"date":"2020-01-28T14:05:08","date_gmt":"2020-01-28T13:05:08","guid":{"rendered":"https:\/\/wordpress-test.app.u-pariscite.fr\/sdv\/?page_id=180"},"modified":"2024-10-02T11:57:35","modified_gmt":"2024-10-02T09:57:35","slug":"contacts","status":"publish","type":"page","link":"https:\/\/wordpress-test.app.u-pariscite.fr\/sdv\/contacts\/","title":{"rendered":"contacts"},"content":{"rendered":"<p>[et_pb_section fb_built=\u00a0\u00bb1&Prime; _builder_version=\u00a0\u00bb3.22&Prime;][et_pb_row _builder_version=\u00a0\u00bb3.22&Prime;][et_pb_column type=\u00a0\u00bb4_4&Prime; _builder_version=\u00a0\u00bb3.0.47&Prime;][et_pb_post_title meta=\u00a0\u00bboff\u00a0\u00bb featured_image=\u00a0\u00bboff\u00a0\u00bb admin_label=\u00a0\u00bbTitre de la page\u00a0\u00bb _builder_version=\u00a0\u00bb3.22.1&Prime; z_index_tablet=\u00a0\u00bb500&Prime;][\/et_pb_post_title][\/et_pb_column][\/et_pb_row][et_pb_row _builder_version=\u00a0\u00bb3.22&Prime; background_size=\u00a0\u00bbinitial\u00a0\u00bb background_position=\u00a0\u00bbtop_left\u00a0\u00bb background_repeat=\u00a0\u00bbrepeat\u00a0\u00bb][et_pb_column type=\u00a0\u00bb2_3&Prime; _builder_version=\u00a0\u00bb3.0.47&Prime;][et_pb_code _builder_version=\u00a0\u00bb3.22.1&Prime; z_index_tablet=\u00a0\u00bb500&Prime;]<a class=\"pod_filtre\" href=\"..\/?p=180\">Tous<\/a><!-- [et_pb_line_break_holder] --><!\u2013- [et_pb_br_holder] -\u2013><!-- [et_pb_line_break_holder] --><b>D\u00e9partements<\/b><!-- [et_pb_line_break_holder] --><!\u2013- [et_pb_br_holder] -\u2013><!-- [et_pb_line_break_holder] --><a class=\"pod_filtre\" href=\"?fl=41\">Direction de l'UFR<\/a><!-- [et_pb_line_break_holder] --><a class=\"pod_filtre\" href=\"?fl=39\">Administration<\/a><!-- [et_pb_line_break_holder] --><a class=\"pod_filtre\" href=\"?fl=40\">Centre de ressources<\/a><!-- [et_pb_line_break_holder] --><a class=\"pod_filtre\" href=\"?fl=43\">Formation professionnelle<\/a><!-- [et_pb_line_break_holder] --><a class=\"pod_filtre\" href=\"?fl=38\">TP<\/a><!-- [et_pb_line_break_holder] --><a class=\"pod_filtre\" href=\"?fl=44\">Informatique<\/a><!-- [et_pb_line_break_holder] --><a class=\"pod_filtre\" href=\"?fl=42\">Unit\u00e9 de recherche<\/a><!-- [et_pb_line_break_holder] --><!\u2013- [et_pb_br_holder] -\u2013><!-- [et_pb_line_break_holder] --><b>Scolarit\u00e9<b\/><!-- [et_pb_line_break_holder] -->  <!\u2013- [et_pb_br_holder] -\u2013><!-- [et_pb_line_break_holder] --><a class=\"pod_filtre\" href=\"..\/?p=3220\">Scolarit\u00e9 Licence<\/a> <a class=\"pod_filtre\" href=\"..\/?p=3229\">Scolarit\u00e9 Master<\/a><a class=\"pod_filtre\" href=\"..\/?p=3234\">Scolarit\u00e9 doubles dipl\u00f4mes et DU <\/a><!-- [et_pb_line_break_holder] --><!\u2013- [et_pb_br_holder] -\u2013><!-- [et_pb_line_break_holder] -->  <\/p>\n<hr>\n<p><!-- [et_pb_line_break_holder] -->[\/et_pb_code][\/et_pb_column][et_pb_column type=\u00a0\u00bb1_3&Prime; _builder_version=\u00a0\u00bb3.0.47&Prime;][et_pb_text admin_label=\u00a0\u00bbTexte\u00a0\u00bb _builder_version=\u00a0\u00bb3.22.1&Prime; z_index_tablet=\u00a0\u00bb500&Prime;]<\/p>\n<h4>DIRECTION<\/h4>\n<p><strong>India Leclercq<\/strong><br \/>Directrice <br \/><a href=\"mailto:india.leclercq@wordpress-test.app.u-pariscite.fr\">india.leclercq@wordpress-test.app.u-pariscite.fr<\/a><\/p>\n<p><strong>Chryst\u00e8le Racine<\/strong><br \/>Directrice adjointe<br \/><a href=\"mailto:chrystele.racine@wordpress-test.app.u-pariscite.fr\">chrystele.racine@wordpress-test.app.u-pariscite.fr<\/a><\/p>\n<p>\u00a0<\/p>\n<p>\u00a0<\/p>\n<h4>ADMINISTRATION<\/h4>\n<p><strong>Sylvie Lef\u00e8bvre<\/strong><br \/>Directrice administrative<br \/>sylvie.lefebvre@wordpress-test.app.u-pariscite.fr<br \/>01.57.27.82.31<\/p>\n<p><strong>C\u00e9dric de Cassan<\/strong><br \/>Responsable de scolarit\u00e9<br \/>cedric.de-cassan@wordpress-test.app.u-pariscite.fr<br \/>01.57.27.82.46<\/p>\n<p>\u00a0<\/p>\n<p>[\/et_pb_text][\/et_pb_column][\/et_pb_row][et_pb_row _builder_version=\u00a0\u00bb3.22&Prime; background_size=\u00a0\u00bbinitial\u00a0\u00bb background_position=\u00a0\u00bbtop_left\u00a0\u00bb background_repeat=\u00a0\u00bbrepeat\u00a0\u00bb][et_pb_column type=\u00a0\u00bb3_4&Prime; _builder_version=\u00a0\u00bb3.0.47&Prime;][\/et_pb_column][et_pb_column type=\u00a0\u00bb1_4&Prime; _builder_version=\u00a0\u00bb3.0.47&Prime;][\/et_pb_column][\/et_pb_row][\/et_pb_section]<\/p>\n","protected":false},"excerpt":{"rendered":"<p>TousD\u00e9partements<a class=\"pod_filtre\" href=\"?fl=41\">Direction de l'UFR<\/a><a class=\"pod_filtre\" href=\"?fl=39\">Administration<\/a><a class=\"pod_filtre\" href=\"?fl=40\">Centre de ressources<\/a><a class=\"pod_filtre\" href=\"?fl=43\">Formation professionnelle<\/a><a class=\"pod_filtre\" href=\"?fl=38\">TP<\/a><a class=\"pod_filtre\" href=\"?fl=44\">Informatique<\/a><a class=\"pod_filtre\" href=\"?fl=42\">Unit\u00e9 de recherche<\/a>Scolarit\u00e9 Scolarit\u00e9 Licence Scolarit\u00e9 MasterScolarit\u00e9 doubles dipl\u00f4mes et DU DIRECTIONIndia LeclercqDirectrice india.leclercq@wordpress-test.app.u-pariscite.frChryst\u00e8le RacineDirectrice adjointechrystele.racine@wordpress-test.app.u-pariscite.fr\u00a0\u00a0ADMINISTRATIONSylvie Lef\u00e8bvreDirectrice administrativesylvie.lefebvre@wordpress-test.app.u-pariscite.fr01.57.27.82.31C\u00e9dric de CassanResponsable de scolarit\u00e9cedric.de-cassan@wordpress-test.app.u-pariscite.fr01.57.27.82.46\u00a0<\/p>\n","protected":false},"author":8,"featured_media":0,"parent":0,"menu_order":0,"comment_status":"closed","ping_status":"closed","template":"","meta":{"_et_pb_use_builder":"on","_et_pb_old_content":"","_et_gb_content_width":"","footnotes":""},"class_list":["post-180","page","type-page","status-publish","hentry"],"_links":{"self":[{"href":"https:\/\/wordpress-test.app.u-pariscite.fr\/sdv\/wp-json\/wp\/v2\/pages\/180","targetHints":{"allow":["GET"]}}],"collection":[{"href":"https:\/\/wordpress-test.app.u-pariscite.fr\/sdv\/wp-json\/wp\/v2\/pages"}],"about":[{"href":"https:\/\/wordpress-test.app.u-pariscite.fr\/sdv\/wp-json\/wp\/v2\/types\/page"}],"author":[{"embeddable":true,"href":"https:\/\/wordpress-test.app.u-pariscite.fr\/sdv\/wp-json\/wp\/v2\/users\/8"}],"replies":[{"embeddable":true,"href":"https:\/\/wordpress-test.app.u-pariscite.fr\/sdv\/wp-json\/wp\/v2\/comments?post=180"}],"version-history":[{"count":23,"href":"https:\/\/wordpress-test.app.u-pariscite.fr\/sdv\/wp-json\/wp\/v2\/pages\/180\/revisions"}],"predecessor-version":[{"id":3256,"href":"https:\/\/wordpress-test.app.u-pariscite.fr\/sdv\/wp-json\/wp\/v2\/pages\/180\/revisions\/3256"}],"wp:attachment":[{"href":"https:\/\/wordpress-test.app.u-pariscite.fr\/sdv\/wp-json\/wp\/v2\/media?parent=180"}],"curies":[{"name":"wp","href":"https:\/\/api.w.org\/{rel}","templated":true}]}}