{"id":1771,"date":"2021-01-14T08:57:20","date_gmt":"2021-01-14T07:57:20","guid":{"rendered":"https:\/\/wordpress-test.app.u-pariscite.fr\/sdv\/?page_id=1771"},"modified":"2022-07-18T16:08:00","modified_gmt":"2022-07-18T14:08:00","slug":"sanctions-disciplinaires","status":"publish","type":"page","link":"https:\/\/wordpress-test.app.u-pariscite.fr\/sdv\/sanctions-disciplinaires\/","title":{"rendered":"Sanctions disciplinaires"},"content":{"rendered":"<p>[et_pb_section bb_built=\u00a0\u00bb1&Prime; _builder_version=\u00a0\u00bb3.22&Prime;][et_pb_row _builder_version=\u00a0\u00bb3.22&Prime; background_size=\u00a0\u00bbinitial\u00a0\u00bb background_position=\u00a0\u00bbtop_left\u00a0\u00bb background_repeat=\u00a0\u00bbrepeat\u00a0\u00bb][et_pb_column type=\u00a0\u00bb4_4&Prime;][et_pb_post_title meta=\u00a0\u00bboff\u00a0\u00bb featured_image=\u00a0\u00bboff\u00a0\u00bb _builder_version=\u00a0\u00bb3.22.1&Prime; z_index_tablet=\u00a0\u00bb500&Prime;]<\/p>\n<p>[\/et_pb_post_title][\/et_pb_column][\/et_pb_row][et_pb_row _builder_version=\u00a0\u00bb3.22&Prime; background_size=\u00a0\u00bbinitial\u00a0\u00bb background_position=\u00a0\u00bbtop_left\u00a0\u00bb background_repeat=\u00a0\u00bbrepeat\u00a0\u00bb][et_pb_column type=\u00a0\u00bb4_4&Prime;][et_pb_image src=\u00a0\u00bbhttps:\/\/wordpress-test.app.u-pariscite.fr\/sdv\/wp-content\/uploads\/sites\/4\/2021\/01\/stock-photo-large-and-diverse-group-of-people-gathered-together-in-the-shape-of-a-scales-icon-352105430-e1610609941508.jpg\u00a0\u00bb _builder_version=\u00a0\u00bb3.22.1&Prime; z_index_tablet=\u00a0\u00bb500&Prime; width=\u00a0\u00bb54.4%\u00a0\u00bb]<\/p>\n<p>[\/et_pb_image][\/et_pb_column][\/et_pb_row][et_pb_row _builder_version=\u00a0\u00bb3.22&Prime; background_size=\u00a0\u00bbinitial\u00a0\u00bb background_position=\u00a0\u00bbtop_left\u00a0\u00bb background_repeat=\u00a0\u00bbrepeat\u00a0\u00bb][et_pb_column type=\u00a0\u00bb4_4&Prime;][et_pb_text _builder_version=\u00a0\u00bb3.22.1&Prime; z_index_tablet=\u00a0\u00bb500&Prime; text_text_shadow_horizontal_length=\u00a0\u00bbtext_text_shadow_style,%91object Object%93&Prime; text_text_shadow_vertical_length=\u00a0\u00bbtext_text_shadow_style,%91object Object%93&Prime; text_text_shadow_blur_strength=\u00a0\u00bbtext_text_shadow_style,%91object Object%93&Prime; link_text_shadow_horizontal_length=\u00a0\u00bblink_text_shadow_style,%91object Object%93&Prime; link_text_shadow_vertical_length=\u00a0\u00bblink_text_shadow_style,%91object Object%93&Prime; link_text_shadow_blur_strength=\u00a0\u00bblink_text_shadow_style,%91object Object%93&Prime; ul_text_shadow_horizontal_length=\u00a0\u00bbul_text_shadow_style,%91object Object%93&Prime; ul_text_shadow_vertical_length=\u00a0\u00bbul_text_shadow_style,%91object Object%93&Prime; ul_text_shadow_blur_strength=\u00a0\u00bbul_text_shadow_style,%91object Object%93&Prime; ol_text_shadow_horizontal_length=\u00a0\u00bbol_text_shadow_style,%91object Object%93&Prime; ol_text_shadow_vertical_length=\u00a0\u00bbol_text_shadow_style,%91object Object%93&Prime; ol_text_shadow_blur_strength=\u00a0\u00bbol_text_shadow_style,%91object Object%93&Prime; quote_text_shadow_horizontal_length=\u00a0\u00bbquote_text_shadow_style,%91object Object%93&Prime; quote_text_shadow_vertical_length=\u00a0\u00bbquote_text_shadow_style,%91object Object%93&Prime; quote_text_shadow_blur_strength=\u00a0\u00bbquote_text_shadow_style,%91object Object%93&Prime; header_text_shadow_horizontal_length=\u00a0\u00bbheader_text_shadow_style,%91object Object%93&Prime; header_text_shadow_vertical_length=\u00a0\u00bbheader_text_shadow_style,%91object Object%93&Prime; header_text_shadow_blur_strength=\u00a0\u00bbheader_text_shadow_style,%91object Object%93&Prime; header_2_text_shadow_horizontal_length=\u00a0\u00bbheader_2_text_shadow_style,%91object Object%93&Prime; header_2_text_shadow_vertical_length=\u00a0\u00bbheader_2_text_shadow_style,%91object Object%93&Prime; header_2_text_shadow_blur_strength=\u00a0\u00bbheader_2_text_shadow_style,%91object Object%93&Prime; header_3_text_shadow_horizontal_length=\u00a0\u00bbheader_3_text_shadow_style,%91object Object%93&Prime; header_3_text_shadow_vertical_length=\u00a0\u00bbheader_3_text_shadow_style,%91object Object%93&Prime; header_3_text_shadow_blur_strength=\u00a0\u00bbheader_3_text_shadow_style,%91object Object%93&Prime; header_4_text_shadow_horizontal_length=\u00a0\u00bbheader_4_text_shadow_style,%91object Object%93&Prime; header_4_text_shadow_vertical_length=\u00a0\u00bbheader_4_text_shadow_style,%91object Object%93&Prime; header_4_text_shadow_blur_strength=\u00a0\u00bbheader_4_text_shadow_style,%91object Object%93&Prime; header_5_text_shadow_horizontal_length=\u00a0\u00bbheader_5_text_shadow_style,%91object Object%93&Prime; header_5_text_shadow_vertical_length=\u00a0\u00bbheader_5_text_shadow_style,%91object Object%93&Prime; header_5_text_shadow_blur_strength=\u00a0\u00bbheader_5_text_shadow_style,%91object Object%93&Prime; header_6_text_shadow_horizontal_length=\u00a0\u00bbheader_6_text_shadow_style,%91object Object%93&Prime; header_6_text_shadow_vertical_length=\u00a0\u00bbheader_6_text_shadow_style,%91object Object%93&Prime; header_6_text_shadow_blur_strength=\u00a0\u00bbheader_6_text_shadow_style,%91object Object%93&Prime;]<\/p>\n<p>\u00a0<\/p>\n<p>\u00a0<\/p>\n<p>\u00a0<\/p>\n<p>L&rsquo;UFR SDV est tr\u00e8s attentif \u00e0 la formation et au bien-\u00eatre de ses \u00e9tudiants, mais exige d&rsquo;eux un comportement exemplaire.\u00a0<\/p>\n<p>Depuis 2015, 10 \u00e9tudiants issus des formations de l&rsquo;UFR ont \u00e9t\u00e9 jug\u00e9s et condamn\u00e9s par la Section Disciplinaire Usagers de l&rsquo;Universit\u00e9, pour des faits de fraude en examen, de plagiat, usage de faux ou de harc\u00e8lement. Plusieurs autres faits ont \u00e9t\u00e9 signal\u00e9s aux services juridiques de Universit\u00e9 Paris Cit\u00e9 et sont en cours d&rsquo;instruction.<\/p>\n<p>Les proc\u00e8s verbaux communiqu\u00e9s par la Section Disciplinaire concernant les \u00e9tudiants condamn\u00e9s sont ci-dessous :<\/p>\n<p><a href=\"https:\/\/wordpress-test.app.u-pariscite.fr\/sdv\/wp-content\/uploads\/sites\/4\/2022\/07\/2015-HS-vs-2.pdf\">2015-HS vs 2<\/a><\/p>\n<p><a href=\"https:\/\/wordpress-test.app.u-pariscite.fr\/sdv\/wp-content\/uploads\/sites\/4\/2022\/07\/2015-MC.pdf\">2015-MC<\/a><\/p>\n<p><a href=\"https:\/\/wordpress-test.app.u-pariscite.fr\/sdv\/wp-content\/uploads\/sites\/4\/2022\/07\/2016-MC.pdf\">2016-MC<\/a><\/p>\n<p><a href=\"https:\/\/wordpress-test.app.u-pariscite.fr\/sdv\/wp-content\/uploads\/sites\/4\/2022\/07\/2016-EBY.pdf\">2016-EBY<\/a><\/p>\n<p><a href=\"https:\/\/wordpress-test.app.u-pariscite.fr\/sdv\/wp-content\/uploads\/sites\/4\/2022\/07\/2016-MB.pdf\">2016-MB<\/a><\/p>\n<p><a href=\"https:\/\/wordpress-test.app.u-pariscite.fr\/sdv\/wp-content\/uploads\/sites\/4\/2022\/07\/2018-SB.pdf\">2018-SB<\/a><\/p>\n<p><a href=\"https:\/\/wordpress-test.app.u-pariscite.fr\/sdv\/wp-content\/uploads\/sites\/4\/2022\/07\/2019-ID.pdf\">2019-ID<\/a><\/p>\n<p><a href=\"https:\/\/wordpress-test.app.u-pariscite.fr\/sdv\/wp-content\/uploads\/sites\/4\/2022\/07\/2019-SAZ.pdf\">2019-SAZ<\/a><\/p>\n<p><a href=\"https:\/\/wordpress-test.app.u-pariscite.fr\/sdv\/wp-content\/uploads\/sites\/4\/2022\/07\/2022-CPL.pdf\">2022-CPL<\/a><\/p>\n<p><a href=\"https:\/\/wordpress-test.app.u-pariscite.fr\/sdv\/wp-content\/uploads\/sites\/4\/2022\/07\/2022-VSV.pdf\">2022-VSV<\/a><\/p>\n<p>\u00a0<\/p>\n<p>\u00a0<\/p>\n<h3><strong>Section disciplinaire comp\u00e9tente \u00e0 l&rsquo;\u00e9gard des usagers (SDU)<\/strong><\/h3>\n<p>La section disciplinaire usagers est une juridiction compos\u00e9e d\u2019\u00e9lus (enseignants et \u00e9tudiants) des conseils de l\u2019universit\u00e9. Elle a pour fonction d\u2019examiner les griefs de poursuite envers un usager d\u00e9f\u00e9r\u00e9, et, apr\u00e8s instruction, d\u2019\u00e9noncer une sanction disciplinaire ou la relaxe de cet usager.<\/p>\n<p><em>Les r\u00e8gles de composition et de fonctionnement des sections disciplinaires dans les \u00e9tablissements publics d\u2019enseignement sup\u00e9rieur sont pr\u00e9vues dans les articles L.\u00a0 712-6-2, L.\u00a0 811-5, L. 811-6, L. 952-7 \u00e0 L.\u00a0 952-9, R.\u00a0 712-9 \u00e0\u00a0 R. 712-46 et\u00a0 R. 811-10 \u00e0 R. 811-15 du code de l\u2019\u00e9ducation.<\/em>\u00a0<\/p>\n<p><strong>Composition et fonctionnement de la SDU<\/strong><\/p>\n<p>La section disciplinaire usagers est compos\u00e9e de 12 membres :<\/p>\n<ul>\n<li>2 professeurs des universit\u00e9s ou assimil\u00e9s<\/li>\n<li>2 maitres de conf\u00e9rences ou assimil\u00e9s<\/li>\n<li>2 autres personnels enseignants<\/li>\n<li>6 usagers-\u00e9tudiants titulaires (avec autant de suppl\u00e9ants)<\/li>\n<\/ul>\n<p>Elle est pr\u00e9sid\u00e9e par un professeur des universit\u00e9s.<\/p>\n<p>Pour chaque cas \u00e0 trancher, la SDU se r\u00e9unit selon deux phases :<\/p>\n<ul>\n<li>1\u00e8re phase : l&rsquo;instruction :<br \/>Examen des faits et des griefs reproch\u00e9s avec audition de la personne poursuivie (d\u00e9f\u00e9r\u00e9) par une commission d\u2019instruction, aboutissant \u00e0 un rapport d\u2019instruction ;<\/li>\n<li>2nde phase : le jugement<br \/>Aboutissant au prononc\u00e9 d&rsquo;une sanction disciplinaire ou relaxe.<\/li>\n<\/ul>\n<p>La SDU rend ses d\u00e9cisions en premier ressort, en toute impartialit\u00e9 et dans le respect du principe du contradictoire. Un appel peut \u00eatre port\u00e9 devant le Conseil national de l&rsquo;enseignement sup\u00e9rieur et de la recherche statuant en mati\u00e8re disciplinaire (CNESER). \u00a0<\/p>\n<p>\u00a0<\/p>\n<p><strong>Les diff\u00e9rentes \u00e9tapes de la proc\u00e9dure disciplinaire<\/strong><\/p>\n<p>La section disciplinaire est assist\u00e9e d&rsquo;un secr\u00e9taire relevant de la direction des affaires g\u00e9n\u00e9rales et juridiques de l&rsquo;universit\u00e9 (DAGJ).\u00a0<\/p>\n<ul>\n<li>Saisine de la SDU\u00a0: La SDU est saisie par \u00e9crit par le pr\u00e9sident de l\u2019universit\u00e9, voire par le recteur de l&rsquo;acad\u00e9mie de Paris.<br \/>Information de la personne poursuivie (d\u00e9f\u00e9r\u00e9)\u00a0: le pr\u00e9sident de la SDU informe le d\u00e9f\u00e9r\u00e9 par lettre recommand\u00e9e avec avis de r\u00e9ception (LRAR) des faits qui lui sont reproch\u00e9s, et lui transmet les pi\u00e8ces justifiant l&rsquo;engagement d&rsquo;une poursuite disciplinaire \u00e0 son encontre. Le d\u00e9f\u00e9r\u00e9 est \u00e9galement inform\u00e9 qu&rsquo;il peut se faire assister d&rsquo;un conseil de son choix (exemple de d\u00e9fenseur : avocat, membre de sa famille, autre \u00e9tudiant) ;<\/li>\n<li>Commission d\u2019instruction de la SDU\u00a0: Elle instruit l&rsquo;affaire par tous les moyens qu&rsquo;elle juge propres \u00e0 l&rsquo;\u00e9clairer, et convoque le d\u00e9f\u00e9r\u00e9 afin d&rsquo;entendre ses observations. Le d\u00e9f\u00e9r\u00e9 peut \u00eatre accompagn\u00e9 de son d\u00e9fenseur.\u00a0<br \/>La commission d&rsquo;instruction comprend un \u00e9tudiant et deux enseignants dont l&rsquo;un est d\u00e9sign\u00e9 comme rapporteur. Ce dernier r\u00e9dige un rapport d&rsquo;instruction exposant les faits et les diverses observations recueillies, puis le transmet au pr\u00e9sident de la SDU. Le rapport et les pi\u00e8ces du dossier sont tenus \u00e0 la disposition du d\u00e9f\u00e9r\u00e9 ou de son conseil, pour consultation, 10 jours avant la formation de jugement (prendre rendez-vous avec le contact DAGJ pour l\u2019organisation de cette consultation).\u00a0<\/li>\n<li>Formation de jugement de la SDU\u00a0: le pr\u00e9sident de la SDU convoque devant la formation de jugement le d\u00e9f\u00e9r\u00e9 par LRAR sous 15\u00a0 jours minimum. Il est donn\u00e9 lecture du rapport d&rsquo;instruction en s\u00e9ance. Le d\u00e9f\u00e9r\u00e9 a le droit de pr\u00e9senter sa d\u00e9fense (orale ou \u00e9crite) et ses observations, y compris par le conseil de son choix. Le d\u00e9f\u00e9r\u00e9 a la parole en dernier et, apr\u00e8s le retrait de ce dernier et de son conseil le cas \u00e9ch\u00e9ant, l&rsquo;affaire est mise en d\u00e9lib\u00e9r\u00e9.<\/li>\n<li>D\u00e9cision de la SDU\u00a0: \u00e0 l\u2019issue de la proc\u00e9dure, la d\u00e9cision (sanction avec ou sans sursis, relaxe) est adopt\u00e9e \u00e0 la majorit\u00e9 des pr\u00e9sents \u00e0 bulletin secret. Elle\u00a0 indique les consid\u00e9rations de fait et de droit qui la fonde, ainsi que les voies et d\u00e9lais de recours. Une sanction disciplinaire ne prend effet qu\u2019\u00e0 compter de sa notification en LRAR au d\u00e9f\u00e9r\u00e9. Elle fait l&rsquo;objet d&rsquo;un affichage au sein de l&rsquo;universit\u00e9 et est inscrite au dossier de l&rsquo;usager.<\/li>\n<li>Appel contre la d\u00e9cision de la SDU\u00a0: Un appel (suspensif ou pas, selon le cas) est possible devant le CNESER dans un d\u00e9lai de 2 mois ; il est adress\u00e9 au pr\u00e9sident de la SDU lequel se charge de sa transmission au CNESER.\u00a0<\/li>\n<\/ul>\n<p>ATTENTION !\u00a0<\/p>\n<p>Le d\u00e9f\u00e9r\u00e9 qui s&rsquo;abstient de rechercher les LRAR qui lui sont adress\u00e9es (convocation aux s\u00e9ances de la SDU, notification de la sanction\u2026) est consid\u00e9r\u00e9 comme fautif.\u00a0<br \/>Les phases d&rsquo;instruction et de jugement ne sont pas publiques, et leurs s\u00e9ances peuvent se tenir m\u00eame si le d\u00e9f\u00e9r\u00e9 s&rsquo;abstient de s&rsquo;y pr\u00e9senter.\u00a0<br \/>En cas de fraude ou tentative de fraude \u00e0 une \u00e9preuve, examen ou concours, aucun certificat de r\u00e9ussite, ni de relev\u00e9 de notes ne peuvent \u00eatre d\u00e9livr\u00e9s avant que la formation de jugement ait statu\u00e9.<\/p>\n<p>\u00a0<\/p>\n<h3><strong>Les sanctions disciplinaires<\/strong><\/h3>\n<p>Les sanctions disciplinaires applicables aux usagers sont :<\/p>\n<ul>\n<li>l&rsquo;avertissement et le bl\u00e2me ;<\/li>\n<li>l&rsquo;exclusion de l&rsquo;universit\u00e9 pour une dur\u00e9e maximum de 5 ans (avec possibilit\u00e9 de sursis si l&rsquo;exclusion n&rsquo;exc\u00e8de pas 2 ans) ou d\u00e9finitive ;<\/li>\n<li>l&rsquo;exclusion de tout \u00e9tablissement public d&rsquo;enseignement sup\u00e9rieur pour une dur\u00e9e maximum de 5 ans ou d\u00e9finitive.<\/li>\n<\/ul>\n<p>Toute sanction prononc\u00e9e dans le cas d&rsquo;une fraude ou d&rsquo;une tentative de fraude \u00e0 l&rsquo;inscription entra\u00eene la nullit\u00e9 de cette inscription.<\/p>\n<p>Toute sanction prononc\u00e9e dans le cas d&rsquo;une fraude ou d&rsquo;une tentative de fraude commise \u00e0 l&rsquo;occasion d&rsquo;une \u00e9preuve, d&rsquo;un examen ou d&rsquo;un concours entra\u00eene, pour l&rsquo;int\u00e9ress\u00e9, la nullit\u00e9 de l&rsquo;\u00e9preuve correspondante. La juridiction disciplinaire d\u00e9cide s&rsquo;il y a lieu de prononcer, en outre, \u00e0 l&rsquo;\u00e9gard de l&rsquo;usager sanctionn\u00e9, la nullit\u00e9 du groupe d&rsquo;\u00e9preuves ou de la session d&rsquo;examen ou du concours.\u00a0<\/p>\n<p>Les sanctions d&rsquo;exclusion (sans sursis) entra\u00eenent l&rsquo;incapacit\u00e9 de prendre des inscriptions ou de subir des examens dans les \u00e9tablissements publics concern\u00e9s par l&rsquo;exclusion. L\u2019avertissement et le bl\u00e2me sont effac\u00e9s automatiquement du dossier de l&rsquo;usager au bout de 3 ans si aucune sanction n\u2019est intervenue pendant cette p\u00e9riode.\u00a0<\/p>\n<p>\u00a0<\/p>\n<h3><strong>Les faits susceptibles d&rsquo;\u00eatre poursuivis<\/strong><\/h3>\n<p>Rel\u00e8ve notamment du r\u00e9gime disciplinaire, tout usager auteur ou complice :<\/p>\n<ul>\n<li>d&rsquo;une\u00a0fraude ou tentative de fraude\u00a0lors d&rsquo;une inscription \u00e0 l&rsquo;universit\u00e9, ou lors d&rsquo;une \u00e9preuve de contr\u00f4le continu, d&rsquo;un examen ou d&rsquo;un concours ;<br \/>NB : toute fraude commise dans les examens et concours publics est un d\u00e9lit passible de 3 ans d\u2019emprisonnement et\/ou\u00a0 9 000 euros d\u2019amende.<\/li>\n<li>de\u00a0faits de nature \u00e0 porter atteinte \u00e0 l&rsquo;ordre et\/ou au bon fonctionnement de l&rsquo;universit\u00e9.<br \/>Ceci peut inclure par exemple :<br \/>&#8211; la possession de documents (ex. antis\u00e8ches, cours, fiches de r\u00e9vision) ou de mat\u00e9riels (ex. t\u00e9l\u00e9phone portable, tablette \u2026 m\u00eame \u00e9teints) non autoris\u00e9s, et a fortiori leur utilisation lors d&rsquo;une \u00e9preuve, d&rsquo;un examen ou d&rsquo;un concours ;<br \/>&#8211; le plagiat et\/ou l&rsquo;absence de production d&rsquo;un travail personnel (ex. violation du droit d&rsquo;auteur, reprise de documents \u00e9tablis par une autre personne m\u00eame de fa\u00e7on partielle ex. rapport de stage) ;<br \/>&#8211; la falsification de documents divers, avec ou sans imitation de signature (ex. pr\u00e9sentation de faux dipl\u00f4mes, de fausses attestations\/lettres de recommandation, de faux certificats m\u00e9dicaux, de faux relev\u00e9s de notes) ;<br \/>&#8211; les atteintes \u00e0 l\u2019int\u00e9grit\u00e9 des personnels et des usagers-\u00e9tudiants (ex. menace et\/ou agression verbale, \u00e9crite ou physique, harc\u00e8lement), les atteintes aux biens (ex. d\u00e9gradation de locaux, vol de mat\u00e9riels), le non-respect des r\u00e8gles relatives \u00e0 la s\u00e9curit\u00e9 (ex. dissimulation du visage dans l\u2019espace public).<\/li>\n<\/ul>\n<p>\u00a0<\/p>\n<p>\u00a0<\/p>\n<p>[\/et_pb_text][\/et_pb_column][\/et_pb_row][\/et_pb_section]<\/p>\n","protected":false},"excerpt":{"rendered":"<p>\u00a0\u00a0\u00a0L&rsquo;UFR SDV est tr\u00e8s attentif \u00e0 la formation et au bien-\u00eatre de ses \u00e9tudiants, mais exige d&rsquo;eux un comportement exemplaire.\u00a0Depuis 2015, 10 \u00e9tudiants issus des formations de l&rsquo;UFR ont \u00e9t\u00e9 jug\u00e9s et condamn\u00e9s par la Section Disciplinaire Usagers de l&rsquo;Universit\u00e9, pour des faits de fraude en examen, de plagiat, usage de faux ou de harc\u00e8lement.&hellip; <a class=\"continue\" href=\"https:\/\/wordpress-test.app.u-pariscite.fr\/sdv\/sanctions-disciplinaires\/\">Lire la suite<span> Sanctions disciplinaires<\/span><\/a><\/p>\n","protected":false},"author":69,"featured_media":0,"parent":0,"menu_order":0,"comment_status":"closed","ping_status":"closed","template":"","meta":{"_et_pb_use_builder":"on","_et_pb_old_content":"","_et_gb_content_width":"","footnotes":""},"class_list":["post-1771","page","type-page","status-publish","hentry"],"_links":{"self":[{"href":"https:\/\/wordpress-test.app.u-pariscite.fr\/sdv\/wp-json\/wp\/v2\/pages\/1771","targetHints":{"allow":["GET"]}}],"collection":[{"href":"https:\/\/wordpress-test.app.u-pariscite.fr\/sdv\/wp-json\/wp\/v2\/pages"}],"about":[{"href":"https:\/\/wordpress-test.app.u-pariscite.fr\/sdv\/wp-json\/wp\/v2\/types\/page"}],"author":[{"embeddable":true,"href":"https:\/\/wordpress-test.app.u-pariscite.fr\/sdv\/wp-json\/wp\/v2\/users\/69"}],"replies":[{"embeddable":true,"href":"https:\/\/wordpress-test.app.u-pariscite.fr\/sdv\/wp-json\/wp\/v2\/comments?post=1771"}],"version-history":[{"count":7,"href":"https:\/\/wordpress-test.app.u-pariscite.fr\/sdv\/wp-json\/wp\/v2\/pages\/1771\/revisions"}],"predecessor-version":[{"id":2337,"href":"https:\/\/wordpress-test.app.u-pariscite.fr\/sdv\/wp-json\/wp\/v2\/pages\/1771\/revisions\/2337"}],"wp:attachment":[{"href":"https:\/\/wordpress-test.app.u-pariscite.fr\/sdv\/wp-json\/wp\/v2\/media?parent=1771"}],"curies":[{"name":"wp","href":"https:\/\/api.w.org\/{rel}","templated":true}]}}