{"id":1634,"date":"2021-01-09T09:37:28","date_gmt":"2021-01-09T08:37:28","guid":{"rendered":"https:\/\/wordpress-test.app.u-pariscite.fr\/sdv\/?page_id=1634"},"modified":"2021-01-09T09:38:08","modified_gmt":"2021-01-09T08:38:08","slug":"pathogenese-des-bacteries-anaerobies-2","status":"publish","type":"page","link":"https:\/\/wordpress-test.app.u-pariscite.fr\/sdv\/pathogenese-des-bacteries-anaerobies-2\/","title":{"rendered":"Pathog\u00e9n\u00e8se des bact\u00e9ries ana\u00e9robies"},"content":{"rendered":"<p>[et_pb_section bb_built=\u00a0\u00bb1&Prime; next_background_color=\u00a0\u00bb#000000&Prime;][et_pb_row][et_pb_column type=\u00a0\u00bb4_4&Prime;][et_pb_post_title _builder_version=\u00a0\u00bb3.22.1&Prime; meta=\u00a0\u00bboff\u00a0\u00bb featured_image=\u00a0\u00bboff\u00a0\u00bb text_shadow_horizontal_length=\u00a0\u00bbtext_shadow_style,%91object Object%93&Prime; text_shadow_vertical_length=\u00a0\u00bbtext_shadow_style,%91object Object%93&Prime; text_shadow_blur_strength=\u00a0\u00bbtext_shadow_style,%91object Object%93&Prime; title_text_shadow_horizontal_length=\u00a0\u00bbtitle_text_shadow_style,%91object Object%93&Prime; title_text_shadow_vertical_length=\u00a0\u00bbtitle_text_shadow_style,%91object Object%93&Prime; title_text_shadow_blur_strength=\u00a0\u00bbtitle_text_shadow_style,%91object Object%93&Prime; meta_text_shadow_horizontal_length=\u00a0\u00bbmeta_text_shadow_style,%91object Object%93&Prime; meta_text_shadow_vertical_length=\u00a0\u00bbmeta_text_shadow_style,%91object Object%93&Prime; meta_text_shadow_blur_strength=\u00a0\u00bbmeta_text_shadow_style,%91object Object%93&Prime; z_index_tablet=\u00a0\u00bb500&Prime; \/][\/et_pb_column][\/et_pb_row][\/et_pb_section][et_pb_section bb_built=\u00a0\u00bb1&Prime; inner_width=\u00a0\u00bbauto\u00a0\u00bb inner_max_width=\u00a0\u00bbnone\u00a0\u00bb prev_background_color=\u00a0\u00bb#000000&Prime;][et_pb_row][et_pb_column type=\u00a0\u00bb4_4&Prime;][et_pb_image _builder_version=\u00a0\u00bb3.22.1&Prime; src=\u00a0\u00bbhttps:\/\/wordpress-test.app.u-pariscite.fr\/sdv\/wp-content\/uploads\/sites\/4\/2020\/02\/Pathog\u00e9n\u00e8se-des-bact\u00e9ries-ana\u00e9robies.png\u00a0\u00bb z_index_tablet=\u00a0\u00bb500&Prime; \/][\/et_pb_column][\/et_pb_row][et_pb_row][et_pb_column type=\u00a0\u00bb1_3&Prime;][\/et_pb_column][et_pb_column type=\u00a0\u00bb1_3&Prime;][\/et_pb_column][et_pb_column type=\u00a0\u00bb1_3&Prime;][\/et_pb_column][\/et_pb_row][et_pb_row][et_pb_column type=\u00a0\u00bb4_4&Prime;][et_pb_text _builder_version=\u00a0\u00bb3.22.1&Prime; module_id=\u00a0\u00bbcontenu\u00a0\u00bb text_text_shadow_horizontal_length=\u00a0\u00bbtext_text_shadow_style,%91object Object%93&Prime; text_text_shadow_vertical_length=\u00a0\u00bbtext_text_shadow_style,%91object Object%93&Prime; text_text_shadow_blur_strength=\u00a0\u00bbtext_text_shadow_style,%91object Object%93&Prime; link_text_shadow_horizontal_length=\u00a0\u00bblink_text_shadow_style,%91object Object%93&Prime; link_text_shadow_vertical_length=\u00a0\u00bblink_text_shadow_style,%91object Object%93&Prime; link_text_shadow_blur_strength=\u00a0\u00bblink_text_shadow_style,%91object Object%93&Prime; ul_text_shadow_horizontal_length=\u00a0\u00bbul_text_shadow_style,%91object Object%93&Prime; ul_text_shadow_vertical_length=\u00a0\u00bbul_text_shadow_style,%91object Object%93&Prime; ul_text_shadow_blur_strength=\u00a0\u00bbul_text_shadow_style,%91object Object%93&Prime; ol_text_shadow_horizontal_length=\u00a0\u00bbol_text_shadow_style,%91object Object%93&Prime; ol_text_shadow_vertical_length=\u00a0\u00bbol_text_shadow_style,%91object Object%93&Prime; ol_text_shadow_blur_strength=\u00a0\u00bbol_text_shadow_style,%91object Object%93&Prime; quote_text_shadow_horizontal_length=\u00a0\u00bbquote_text_shadow_style,%91object Object%93&Prime; quote_text_shadow_vertical_length=\u00a0\u00bbquote_text_shadow_style,%91object Object%93&Prime; quote_text_shadow_blur_strength=\u00a0\u00bbquote_text_shadow_style,%91object Object%93&Prime; header_text_shadow_horizontal_length=\u00a0\u00bbheader_text_shadow_style,%91object Object%93&Prime; header_text_shadow_vertical_length=\u00a0\u00bbheader_text_shadow_style,%91object Object%93&Prime; header_text_shadow_blur_strength=\u00a0\u00bbheader_text_shadow_style,%91object Object%93&Prime; header_2_text_shadow_horizontal_length=\u00a0\u00bbheader_2_text_shadow_style,%91object Object%93&Prime; header_2_text_shadow_vertical_length=\u00a0\u00bbheader_2_text_shadow_style,%91object Object%93&Prime; header_2_text_shadow_blur_strength=\u00a0\u00bbheader_2_text_shadow_style,%91object Object%93&Prime; header_3_text_shadow_horizontal_length=\u00a0\u00bbheader_3_text_shadow_style,%91object Object%93&Prime; header_3_text_shadow_vertical_length=\u00a0\u00bbheader_3_text_shadow_style,%91object Object%93&Prime; header_3_text_shadow_blur_strength=\u00a0\u00bbheader_3_text_shadow_style,%91object Object%93&Prime; header_4_text_shadow_horizontal_length=\u00a0\u00bbheader_4_text_shadow_style,%91object Object%93&Prime; header_4_text_shadow_vertical_length=\u00a0\u00bbheader_4_text_shadow_style,%91object Object%93&Prime; header_4_text_shadow_blur_strength=\u00a0\u00bbheader_4_text_shadow_style,%91object Object%93&Prime; header_5_text_shadow_horizontal_length=\u00a0\u00bbheader_5_text_shadow_style,%91object Object%93&Prime; header_5_text_shadow_vertical_length=\u00a0\u00bbheader_5_text_shadow_style,%91object Object%93&Prime; header_5_text_shadow_blur_strength=\u00a0\u00bbheader_5_text_shadow_style,%91object Object%93&Prime; header_6_text_shadow_horizontal_length=\u00a0\u00bbheader_6_text_shadow_style,%91object Object%93&Prime; header_6_text_shadow_vertical_length=\u00a0\u00bbheader_6_text_shadow_style,%91object Object%93&Prime; header_6_text_shadow_blur_strength=\u00a0\u00bbheader_6_text_shadow_style,%91object Object%93&Prime; z_index_tablet=\u00a0\u00bb500&Prime;]<\/p>\n<div class=\"panel-pane pane-entity-field pane-node-field-labo-acronyme h4\">\n<div class=\"pane-content\">\n<div class=\"field field-name-field-labo-acronyme field-type-text field-label-hidden\">\n<div class=\"field-items\">\n<div class=\"field-item even\">LPBA<\/div>\n<\/div>\n<\/div>\n<\/div>\n<\/div>\n<div class=\"panel-separator\">\u00a0<\/div>\n<div class=\"panel-pane pane-entity-field pane-node-field-labo-tutelle-principale\">\n<div class=\"pane-content\">\n<div class=\"field field-name-field-labo-tutelle-principale field-type-text field-label-inline inline\">\n<div class=\"field-label\">Tutelles\u00a0&gt;<\/div>\n<div class=\"field-items\">\n<div class=\"field-item even\">Universit\u00e9 Paris Diderot<\/div>\n<\/div>\n<\/div>\n<\/div>\n<\/div>\n<div class=\"panel-separator\">\u00a0<\/div>\n<div class=\"panel-pane pane-entity-field pane-node-field-labo-ufr-rattachement\">\n<div class=\"pane-content\">\n<div class=\"field field-name-field-labo-ufr-rattachement field-type-text field-label-inline inline\">\n<div class=\"field-label\">UFR de rattachement\u00a0&gt;<\/div>\n<div class=\"field-items\">\n<div class=\"field-item even\">Sciences du Vivant<\/div>\n<\/div>\n<\/div>\n<\/div>\n<\/div>\n<div class=\"panel-separator\">\u00a0<\/div>\n<div class=\"panel-pane pane-entity-field pane-node-field-labo-rattachement-ppl\">\n<div class=\"pane-content\">\u00a0<\/div>\n<\/div>\n<div class=\"panel-pane pane-entity-field pane-node-field-labo-label-unite node-categories\">\n<div class=\"pane-content\">\n<div class=\"field field-name-field-labo-label-unite field-type-text field-label-inline inline\">\n<div class=\"field-label\">Label unit\u00e9\u00a0&gt;<\/div>\n<div class=\"field-items\">\n<div class=\"field-item even\">PASTEUR 6<\/div>\n<\/div>\n<\/div>\n<\/div>\n<\/div>\n<div class=\"panel-separator\">\u00a0<\/div>\n<h3>Pr\u00e9sentation<\/h3>\n<div class=\"field field-name-body field-type-text-with-summary field-label-hidden\">\n<div class=\"field-items\">\n<div class=\"field-item even\">\n<p><em><strong>Clostridium difficile<\/strong>,<\/em>\u00a0une bact\u00e9rie Gram positive, sporulante et ana\u00e9robie, est la cause majeure des diarrh\u00e9es post-antibiotiques et est responsable de la majorit\u00e9 des colites pseudomembraneuses.<\/p>\n<p>C\u2019est aujourd\u2019hui le principal ent\u00e9ropathog\u00e8ne bact\u00e9rien isol\u00e9 des diarrh\u00e9es nosocomiales chez l\u2019adulte. Les infections \u00e0 C. difficile sont dues g\u00e9n\u00e9ralement \u00e0 l\u2019ingestion de spores pr\u00e9sentes dans l\u2019environnement. La production de deux toxines (TcdA et TcdB) et leur r\u00e9gulation est un \u00e9l\u00e9ment d\u00e9terminant du pouvoir pathog\u00e8ne de cette bact\u00e9rie. Cependant d\u2019autres facteurs de virulence semblent intervenir au cours du cycle infectieux.<\/p>\n<\/div>\n<\/div>\n<\/div>\n<div class=\"panel-separator\">\u00a0<\/div>\n<h3>Th\u00e8mes de recherche<\/h3>\n<div class=\"field field-name-field-labo-themes-recherche field-type-text-long field-label-hidden\">\n<div class=\"field-items\">\n<div class=\"field-item even\">\n<h3 class=\"niveau3\">LES PRINCIPAUX OBJECTIFS DE NOS RECHERCHES SONT\u00a0:<\/h3>\n<p>&#8211; De d\u00e9finir les m\u00e9canismes r\u00e9gulant l\u2019expression des g\u00e8nes des toxines de C. difficile au cours du temps (phase de transition cellulaire) et en r\u00e9ponse \u00e0 certains signaux de l\u2019environnement (sources carbon\u00e9es, acides amin\u00e9s soufr\u00e9s), ainsi que leur transport \u00e0 travers la membrane bact\u00e9rienne<\/p>\n<p>&#8211; D\u2019identifier les autres propri\u00e9t\u00e9s bact\u00e9riennes intervenant dans le processus de pathog\u00e9n\u00e8se de C. difficile incluant les facteurs de la colonisation du tube digestif de l\u2019h\u00f4te, les biofilms et la sporulation<\/p>\n<p>&#8211; D\u2019identifier les facteurs responsables du caract\u00e8re \u00e9mergent et hypervirulent des souches \u00e9pid\u00e9miques r\u00e9centes isol\u00e9es tant aux Etats-Unis qu\u2019en Europe<\/p>\n<\/div>\n<\/div>\n<\/div>\n<div class=\"panel-separator\">\u00a0<\/div>\n<h3>Equipes de recherche<\/h3>\n<div class=\"field field-name-field-labo-equipe-recherche field-type-text-long field-label-hidden\">\n<div class=\"field-items\">\n<div class=\"field-item even\">\n<p>Responsable de l&rsquo;unit\u00e9 :<br \/>Bruno Dupuy : Chercheur Permanent<br \/>Marc Monot : Ing\u00e9nieur de Recherche<br \/>Johann Peltier : Post-doctorant<br \/>Nicolas Kint : Etudiant en th\u00e8se<br \/>Audrey Hamiot : Ing\u00e9nieure de Recherche<br \/>Isabelle Martin-Verstraete : Cheffe de Groupe<br \/>Olga Soutourina : Cheffe de Groupe<br \/>Carolina Alves Feliciano : Etudiante en th\u00e8se<br \/>Elodie Cuenot : Etudiante en th\u00e8se<br \/>Anna Maikova : Etudiante en th\u00e8se<br \/>Julian Garneau : Etudiant en th\u00e8se<br \/>Nadine Delarue : Personnel Administratif<br \/>Yannick Tremblay : Post-doctorant<\/p>\n<\/div>\n<\/div>\n<\/div>\n<div class=\"panel-separator\">\u00a0<\/div>\n<h3 class=\"niveau3\">AUTRES CONTACTS<\/h3>\n<div class=\"field field-name-field-labo-autres-contacts field-type-text-long field-label-hidden\">\n<div class=\"field-items\">\n<div class=\"field-item even\">\n<p>Institut Pasteur<br \/>25-28 Rue du Dr Roux<\/p>\n<p>75015 Paris\u00a0<\/p>\n<\/div>\n<\/div>\n<\/div>\n<div class=\"panel-separator\">\u00a0<\/div>\n<div class=\"panel-pane pane-entity-field pane-node-field-liens-web\">\n<div class=\"pane-content\">\n<div class=\"field field-name-field-liens-web field-type-link-field field-label-inline inline\">\n<div class=\"field-label\">Lien(s) web\u00a0&gt;<\/div>\n<div class=\"field-items\">\n<div class=\"field-item even\"><a class=\"ext extlink\" href=\"https:\/\/research.pasteur.fr\/fr\/team\/pathogenesis-of-bacterial-anaerobes\/\" target=\"_blank\" rel=\"noopener noreferrer\">https:\/\/research.pasteur.fr\/fr\/team\/pathogenesis-of-bacterial-anaerobes\/<\/a><\/div>\n<\/div>\n<\/div>\n<\/div>\n<\/div>\n<div class=\"panel-separator\">\u00a0<\/div>\n<h3>Localisation<\/h3>\n<div class=\"field field-name-field-labo-localisation field-type-location field-label-hidden\">\n<div class=\"field-items\">\n<div class=\"field-item even\">\n<div class=\"location vcard\">\n<div class=\"adr\">\n<div class=\"street-address\">25-28 Rue du Dr Roux<\/div>\n<p><span class=\"postal-code\">75015<\/span>\u00a0<span class=\"locality\">PARIS<\/span><\/div>\n<\/div>\n<div class=\"location-hidden\">France<\/div>\n<\/div>\n<\/div>\n<\/div>\n<p>[\/et_pb_text][\/et_pb_column][\/et_pb_row][et_pb_row][et_pb_column type=\u00a0\u00bb1_2&Prime;][\/et_pb_column][et_pb_column type=\u00a0\u00bb1_2&Prime;][\/et_pb_column][\/et_pb_row][\/et_pb_section]<\/p>\n","protected":false},"excerpt":{"rendered":"<div class=\"et_pb_row et_pb_row_0 et_pb_row_empty\"><\/div>\n<div class=\"et_pb_row et_pb_row_1 et_pb_row_empty\"><\/div>\n<div class=\"et_pb_row et_pb_row_2 et_pb_row_empty\"><\/div>\n<div class=\"et_pb_row et_pb_row_3 et_pb_row_empty\"><\/div>\n<p> LPBA \u00a0 Tutelles\u00a0&gt; Universit\u00e9 Paris Diderot \u00a0 UFR de rattachement\u00a0&gt; Sciences du Vivant \u00a0 \u00a0 Label unit\u00e9\u00a0&gt; PASTEUR 6 \u00a0 Pr\u00e9sentation Clostridium difficile,\u00a0une bact\u00e9rie Gram positive, sporulante et ana\u00e9robie, est la cause majeure des diarrh\u00e9es post-antibiotiques et est responsable de la majorit\u00e9 des colites pseudomembraneuses. C\u2019est aujourd\u2019hui le principal ent\u00e9ropathog\u00e8ne bact\u00e9rien isol\u00e9 des diarrh\u00e9es&hellip; <a class=\"continue\" href=\"https:\/\/wordpress-test.app.u-pariscite.fr\/sdv\/pathogenese-des-bacteries-anaerobies-2\/\">Lire la suite<span> Pathog\u00e9n\u00e8se des bact\u00e9ries ana\u00e9robies<\/span><\/a><\/p>\n","protected":false},"author":69,"featured_media":0,"parent":0,"menu_order":0,"comment_status":"closed","ping_status":"closed","template":"","meta":{"_et_pb_use_builder":"on","_et_pb_old_content":"","_et_gb_content_width":"","footnotes":""},"class_list":["post-1634","page","type-page","status-publish","hentry"],"_links":{"self":[{"href":"https:\/\/wordpress-test.app.u-pariscite.fr\/sdv\/wp-json\/wp\/v2\/pages\/1634","targetHints":{"allow":["GET"]}}],"collection":[{"href":"https:\/\/wordpress-test.app.u-pariscite.fr\/sdv\/wp-json\/wp\/v2\/pages"}],"about":[{"href":"https:\/\/wordpress-test.app.u-pariscite.fr\/sdv\/wp-json\/wp\/v2\/types\/page"}],"author":[{"embeddable":true,"href":"https:\/\/wordpress-test.app.u-pariscite.fr\/sdv\/wp-json\/wp\/v2\/users\/69"}],"replies":[{"embeddable":true,"href":"https:\/\/wordpress-test.app.u-pariscite.fr\/sdv\/wp-json\/wp\/v2\/comments?post=1634"}],"version-history":[{"count":2,"href":"https:\/\/wordpress-test.app.u-pariscite.fr\/sdv\/wp-json\/wp\/v2\/pages\/1634\/revisions"}],"predecessor-version":[{"id":1636,"href":"https:\/\/wordpress-test.app.u-pariscite.fr\/sdv\/wp-json\/wp\/v2\/pages\/1634\/revisions\/1636"}],"wp:attachment":[{"href":"https:\/\/wordpress-test.app.u-pariscite.fr\/sdv\/wp-json\/wp\/v2\/media?parent=1634"}],"curies":[{"name":"wp","href":"https:\/\/api.w.org\/{rel}","templated":true}]}}