{"id":1603,"date":"2021-01-09T09:00:54","date_gmt":"2021-01-09T08:00:54","guid":{"rendered":"https:\/\/wordpress-test.app.u-pariscite.fr\/sdv\/?page_id=1603"},"modified":"2021-01-09T09:00:54","modified_gmt":"2021-01-09T08:00:54","slug":"institut-decologie-et-des-sciences-de-lenvironnement-de-paris-2","status":"publish","type":"page","link":"https:\/\/wordpress-test.app.u-pariscite.fr\/sdv\/institut-decologie-et-des-sciences-de-lenvironnement-de-paris-2\/","title":{"rendered":"Institut d&rsquo;Ecologie et des Sciences de l&rsquo;Environnement de Paris"},"content":{"rendered":"<p>[et_pb_section bb_built=\u00a0\u00bb1&Prime; next_background_color=\u00a0\u00bb#000000&Prime;][et_pb_row][et_pb_column type=\u00a0\u00bb4_4&Prime;][et_pb_post_title _builder_version=\u00a0\u00bb3.22.1&Prime; meta=\u00a0\u00bboff\u00a0\u00bb featured_image=\u00a0\u00bboff\u00a0\u00bb text_shadow_horizontal_length=\u00a0\u00bbtext_shadow_style,%91object Object%93&Prime; text_shadow_vertical_length=\u00a0\u00bbtext_shadow_style,%91object Object%93&Prime; text_shadow_blur_strength=\u00a0\u00bbtext_shadow_style,%91object Object%93&Prime; title_text_shadow_horizontal_length=\u00a0\u00bbtitle_text_shadow_style,%91object Object%93&Prime; title_text_shadow_vertical_length=\u00a0\u00bbtitle_text_shadow_style,%91object Object%93&Prime; title_text_shadow_blur_strength=\u00a0\u00bbtitle_text_shadow_style,%91object Object%93&Prime; meta_text_shadow_horizontal_length=\u00a0\u00bbmeta_text_shadow_style,%91object Object%93&Prime; meta_text_shadow_vertical_length=\u00a0\u00bbmeta_text_shadow_style,%91object Object%93&Prime; meta_text_shadow_blur_strength=\u00a0\u00bbmeta_text_shadow_style,%91object Object%93&Prime; z_index_tablet=\u00a0\u00bb500&Prime; \/][\/et_pb_column][\/et_pb_row][\/et_pb_section][et_pb_section bb_built=\u00a0\u00bb1&Prime; inner_width=\u00a0\u00bbauto\u00a0\u00bb inner_max_width=\u00a0\u00bbnone\u00a0\u00bb prev_background_color=\u00a0\u00bb#000000&Prime;][et_pb_row][et_pb_column type=\u00a0\u00bb4_4&Prime;][et_pb_image _builder_version=\u00a0\u00bb3.22.1&Prime; src=\u00a0\u00bbhttps:\/\/wordpress-test.app.u-pariscite.fr\/sdv\/wp-content\/uploads\/sites\/4\/2020\/02\/Institut-dEcologie-et-des-Sciences-de-lEnvironnement-de-Paris.jpg\u00a0\u00bb z_index_tablet=\u00a0\u00bb500&Prime; \/][\/et_pb_column][\/et_pb_row][et_pb_row][et_pb_column type=\u00a0\u00bb1_3&Prime;][\/et_pb_column][et_pb_column type=\u00a0\u00bb1_3&Prime;][\/et_pb_column][et_pb_column type=\u00a0\u00bb1_3&Prime;][\/et_pb_column][\/et_pb_row][et_pb_row][et_pb_column type=\u00a0\u00bb4_4&Prime;][et_pb_text _builder_version=\u00a0\u00bb3.22.1&Prime; module_id=\u00a0\u00bbcontenu\u00a0\u00bb text_text_shadow_horizontal_length=\u00a0\u00bbtext_text_shadow_style,%91object Object%93&Prime; text_text_shadow_vertical_length=\u00a0\u00bbtext_text_shadow_style,%91object Object%93&Prime; text_text_shadow_blur_strength=\u00a0\u00bbtext_text_shadow_style,%91object Object%93&Prime; link_text_shadow_horizontal_length=\u00a0\u00bblink_text_shadow_style,%91object Object%93&Prime; link_text_shadow_vertical_length=\u00a0\u00bblink_text_shadow_style,%91object Object%93&Prime; link_text_shadow_blur_strength=\u00a0\u00bblink_text_shadow_style,%91object Object%93&Prime; ul_text_shadow_horizontal_length=\u00a0\u00bbul_text_shadow_style,%91object Object%93&Prime; ul_text_shadow_vertical_length=\u00a0\u00bbul_text_shadow_style,%91object Object%93&Prime; ul_text_shadow_blur_strength=\u00a0\u00bbul_text_shadow_style,%91object Object%93&Prime; ol_text_shadow_horizontal_length=\u00a0\u00bbol_text_shadow_style,%91object Object%93&Prime; ol_text_shadow_vertical_length=\u00a0\u00bbol_text_shadow_style,%91object Object%93&Prime; ol_text_shadow_blur_strength=\u00a0\u00bbol_text_shadow_style,%91object Object%93&Prime; quote_text_shadow_horizontal_length=\u00a0\u00bbquote_text_shadow_style,%91object Object%93&Prime; quote_text_shadow_vertical_length=\u00a0\u00bbquote_text_shadow_style,%91object Object%93&Prime; quote_text_shadow_blur_strength=\u00a0\u00bbquote_text_shadow_style,%91object Object%93&Prime; header_text_shadow_horizontal_length=\u00a0\u00bbheader_text_shadow_style,%91object Object%93&Prime; header_text_shadow_vertical_length=\u00a0\u00bbheader_text_shadow_style,%91object Object%93&Prime; header_text_shadow_blur_strength=\u00a0\u00bbheader_text_shadow_style,%91object Object%93&Prime; header_2_text_shadow_horizontal_length=\u00a0\u00bbheader_2_text_shadow_style,%91object Object%93&Prime; header_2_text_shadow_vertical_length=\u00a0\u00bbheader_2_text_shadow_style,%91object Object%93&Prime; header_2_text_shadow_blur_strength=\u00a0\u00bbheader_2_text_shadow_style,%91object Object%93&Prime; header_3_text_shadow_horizontal_length=\u00a0\u00bbheader_3_text_shadow_style,%91object Object%93&Prime; header_3_text_shadow_vertical_length=\u00a0\u00bbheader_3_text_shadow_style,%91object Object%93&Prime; header_3_text_shadow_blur_strength=\u00a0\u00bbheader_3_text_shadow_style,%91object Object%93&Prime; header_4_text_shadow_horizontal_length=\u00a0\u00bbheader_4_text_shadow_style,%91object Object%93&Prime; header_4_text_shadow_vertical_length=\u00a0\u00bbheader_4_text_shadow_style,%91object Object%93&Prime; header_4_text_shadow_blur_strength=\u00a0\u00bbheader_4_text_shadow_style,%91object Object%93&Prime; header_5_text_shadow_horizontal_length=\u00a0\u00bbheader_5_text_shadow_style,%91object Object%93&Prime; header_5_text_shadow_vertical_length=\u00a0\u00bbheader_5_text_shadow_style,%91object Object%93&Prime; header_5_text_shadow_blur_strength=\u00a0\u00bbheader_5_text_shadow_style,%91object Object%93&Prime; header_6_text_shadow_horizontal_length=\u00a0\u00bbheader_6_text_shadow_style,%91object Object%93&Prime; header_6_text_shadow_vertical_length=\u00a0\u00bbheader_6_text_shadow_style,%91object Object%93&Prime; header_6_text_shadow_blur_strength=\u00a0\u00bbheader_6_text_shadow_style,%91object Object%93&Prime; z_index_tablet=\u00a0\u00bb500&Prime;]<\/p>\n<div class=\"panel-pane pane-entity-field pane-node-field-labo-acronyme h4\">\n<div class=\"pane-content\">\n<div class=\"field field-name-field-labo-acronyme field-type-text field-label-hidden\">\n<div class=\"field-items\">\n<div class=\"field-item even\">IEES<\/div>\n<\/div>\n<\/div>\n<\/div>\n<\/div>\n<div class=\"panel-separator\">\u00a0<\/div>\n<div class=\"panel-pane pane-entity-field pane-node-field-labo-tutelle-principale\">\n<div class=\"pane-content\">\n<div class=\"field field-name-field-labo-tutelle-principale field-type-text field-label-inline inline\">\n<div class=\"field-label\">Tutelles\u00a0&gt;<\/div>\n<div class=\"field-items\">\n<div class=\"field-item even\">Universit\u00e9 Pierre et Marie Curie<\/div>\n<\/div>\n<\/div>\n<\/div>\n<\/div>\n<div class=\"panel-separator\">\u00a0<\/div>\n<div class=\"panel-pane pane-entity-field pane-node-field-labo-ufr-rattachement\">\n<div class=\"pane-content\">\n<div class=\"field field-name-field-labo-ufr-rattachement field-type-text field-label-inline inline\">\n<div class=\"field-label\">UFR de rattachement\u00a0&gt;<\/div>\n<div class=\"field-items\">\n<div class=\"field-item even\">Sciences du Vivant<\/div>\n<\/div>\n<\/div>\n<\/div>\n<\/div>\n<div class=\"panel-separator\">\u00a0<\/div>\n<div class=\"panel-pane pane-entity-field pane-node-field-labo-rattachement-ppl\">\n<div class=\"pane-content\">\u00a0<\/div>\n<\/div>\n<div class=\"panel-pane pane-entity-field pane-node-field-labo-label-unite node-categories\">\n<div class=\"pane-content\">\n<div class=\"field field-name-field-labo-label-unite field-type-text field-label-inline inline\">\n<div class=\"field-label\">Label unit\u00e9\u00a0&gt;<\/div>\n<div class=\"field-items\">\n<div class=\"field-item even\">UM 113<\/div>\n<\/div>\n<\/div>\n<\/div>\n<\/div>\n<div class=\"panel-separator\">\u00a0<\/div>\n<div class=\"panel-pane pane-entity-field pane-node-field-labo-autres-rattachement\">\n<div class=\"pane-content\">\n<div class=\"field field-name-field-labo-autres-rattachement field-type-text field-label-inline inline\">\n<div class=\"field-label\">Partenaires\u00a0&gt;<\/div>\n<div class=\"field-items\">\n<div class=\"field-item even\">CNRS<\/div>\n<\/div>\n<\/div>\n<\/div>\n<\/div>\n<div class=\"panel-separator\">\u00a0<\/div>\n<h3>Pr\u00e9sentation<\/h3>\n<div class=\"field field-name-body field-type-text-with-summary field-label-hidden\">\n<div class=\"field-items\">\n<div class=\"field-item even\">\n<h3 class=\"niveau3\">OBJECTIFS G\u00c9N\u00c9RAUX\u00a0:<\/h3>\n<p><strong>Analyser et mod\u00e9liser<\/strong>\u00a0l\u2019organisation, le fonctionnement et l\u2019\u00e9volution des syst\u00e8mes \u00e9cologiques pour une \u00e9cologie et des sciences de l\u2019environnement pr\u00e9dictives.<br \/><strong>Contribuer<\/strong>\u00a0\u00e0 l\u2019innovation en gestion durable de la biodiversit\u00e9, des \u00e9cosyst\u00e8mes et des ressources biologiques et \u00e0 l\u2019\u00e9laboration des strat\u00e9gies d\u2019adaptation aux changements plan\u00e9taires.<br \/><strong>Former<\/strong>\u00a0aux avanc\u00e9es r\u00e9centes de l\u2019\u00e9cologie, des sciences de l\u2019environnement et de l\u2019ing\u00e9nierie \u00e9cologique.<\/p>\n<ul>\n<li><strong>Comprendre pour pr\u00e9voir<\/strong>\u00a0:<\/li>\n<\/ul>\n<p><em>iEES Paris<\/em>\u00a0offre une vaste gamme de comp\u00e9tences dans pratiquement tous les domaines de l\u2019\u00e9cologie, depuis la dynamique des populations jusqu\u2019\u00e0 l\u2019\u00e9cologie des \u00e9cosyst\u00e8mes en passant par les processus d\u2019adaptation \u00e0 l\u2019environnement, l\u2019\u00e9cologie microbienne et l\u2019\u00e9cologie des organismes sociaux. Il est aussi l\u2019un des tout premiers p\u00f4les fran\u00e7ais en sciences du sol et de l\u2019eau, particuli\u00e8rement reconnu pour son expertise sur les cycles biog\u00e9ochimiques, sur la physique et la biologie du sol, sur la dynamique des bassins versants. Il d\u00e9veloppe enfin des travaux tr\u00e8s originaux en \u00e9cologie sensorielle, focalis\u00e9s sur l\u2019\u00e9cophysiologie, la neurophysiologie et la g\u00e9nomique de l\u2019olfaction des insectes dans le contexte des changements globaux.<\/p>\n<p><em>iEES Paris\u00a0<\/em>recourt \u00e0 des m\u00e9thodologies vari\u00e9es\u00a0: math\u00e9matiques, statistiques, observations \u00e0 long terme, exp\u00e9rimentations de terrain, exp\u00e9riences en conditions contr\u00f4l\u00e9es, chimie isotopique, biologie mol\u00e9culaire. La mod\u00e9lisation des syst\u00e8mes \u00e9cologiques \u00e0 diverses \u00e9chelles de temps et d\u2019espace est pratiqu\u00e9e dans toutes les \u00e9quipes en tant qu\u2019outil de synth\u00e8se et de conceptualisation et en tant qu\u2019outil de sc\u00e9narisation de l\u2019\u00e9volution de l\u2019environnement.<\/p>\n<ul>\n<li><strong>Comprendre pour agir\u00a0:<\/strong><\/li>\n<\/ul>\n<p><em>iEES Paris<\/em>\u00a0contribue \u00e0 la mise au point de strat\u00e9gies et d\u2019outils innovants pour la r\u00e9habilitation des milieux d\u00e9grad\u00e9s, la gestion \u00e9cologiquement durable des ressources biologiques et des services \u00e9cosyst\u00e9miques, l\u2019adaptation aux changements plan\u00e9taires. Il \u00e9tablit des partenariats \u00e0 courts et moyens termes avec des collectivit\u00e9s publiques, des entreprises priv\u00e9es et des organisations non-gouvernementales. Il conduit des projets de recherche interdisciplinaires au sein d\u2019actions transversales permanentes.<\/p>\n<p><u>Ing\u00e9nierie \u00e9cologique<\/u><br \/>A partir de la th\u00e9orie \u00e9cologique et des r\u00e9sultats les plus r\u00e9cents de la recherche, iEES Paris \u00e9tudie les moyens d\u2019orienter le fonctionnement de syst\u00e8mes \u00e9cologiques naturels et artificiels dans le but d\u2019en am\u00e9liorer les performances et la durabilit\u00e9. Il \u00e9labore des indicateurs de qualit\u00e9 de ces syst\u00e8mes dans une perspective d\u2019aide \u00e0 la d\u00e9cision et d\u2019\u00e9valuation de la pertinence de leurs modes de gestion. Les recherches portent essentiellement sur le vivant et la biodiversit\u00e9 en tant que d\u00e9terminants majeurs des caract\u00e9ristiques de l\u2019environnement.<\/p>\n<p><u>Ecologie urbaine<\/u><br \/>Le mode de vie urbain est d\u00e9sormais le mode de vie dominant des \u00eatres humains. iEES Paris \u00e9tudie les villes, les espaces p\u00e9riurbains et les zones rurales fortement impact\u00e9es par les villes en y appliquant les concepts et les m\u00e9thodes qui ont fait leurs preuves en \u00e9cologie. Les objectifs sont de contribuer \u00e0 la compr\u00e9hension du fonctionnement et de la dynamique du milieu urbain, de proposer une gestion plus durable et \u00e9conome des organismes vivants qui s\u2019y trouvent et des processus qui s\u2019y d\u00e9roulent, de favoriser la prise en compte en amont des contraintes \u00e9cologiques au m\u00eame titre que les contraintes \u00e9nerg\u00e9tiques, \u00e9conomiques, sociales et culturelles dans la conception de la ville de demain.<\/p>\n<p><u>Risques environnementaux et \u00e9cologiques au Sud<\/u><br \/>Les personnels de iEES Paris ont une longue tradition de recherche en partenariat dans des pays de l\u2019h\u00e9misph\u00e8re Sud, en particulier en Afrique et en Asie. Ils m\u00e8nent des travaux de quantification de l\u2019impact des activit\u00e9s humaines sur l\u2019environnement, les ressources naturelles et la sant\u00e9 humaine, et participent \u00e0 des programmes de gestion alternative des syst\u00e8mes \u00e9cologiques et de r\u00e9habilitation des milieux d\u00e9grad\u00e9s. Ils \u00e9tudient \u00e9galement les impacts pr\u00e9visibles du changement climatique, de l\u2019appauvrissement de la biodiversit\u00e9 et de la pollution sur la qualit\u00e9 de l\u2019environnement et des services \u00e9cosyst\u00e9miques et contribuent \u00e0 l\u2019\u00e9laboration de strat\u00e9gies d\u2019adaptation.<\/p>\n<p><u>Changements globaux, \u00e9cologies fonctionnelle et \u00e9volutive<\/u><br \/>L\u2019un des grands enjeux de l\u2019\u00e9cologie contemporaine est d\u2019\u00e9valuer la part relative et les interactions entres les processus \u00e9cologiques agissant \u00e0 relativement court terme et les processus \u00e9volutifs agissant \u00e0 moyen et long termes dans la r\u00e9ponse des syst\u00e8mes \u00e9cologiques aux changements locaux et globaux. iEES Paris dispose de l\u2019essentiel des comp\u00e9tences pour aborder cette probl\u00e9matique et les mobilisera au sein de projets de recherches collectifs, principalement \u00e0 travers des approches de mod\u00e9lisation et d\u2019exp\u00e9rimentation en conditions contr\u00f4l\u00e9es.<\/p>\n<\/div>\n<\/div>\n<\/div>\n<div class=\"panel-separator\">\u00a0<\/div>\n<h3>Th\u00e8mes de recherche<\/h3>\n<div class=\"field field-name-field-labo-themes-recherche field-type-text-long field-label-hidden\">\n<div class=\"field-items\">\n<div class=\"field-item even\">\n<p>Cinq d\u00e9partements couvrent les th\u00e9matiques\u00a0:<\/p>\n<ol>\n<li>\u00e9cologie fonctionnelle<\/li>\n<li>\u00e9cologie \u00e9volutive<\/li>\n<li>\u00e9cologie sensorielle<\/li>\n<li>sciences du sol et de l\u2019eau<\/li>\n<li>transferts dans la zone critique<\/li>\n<\/ol>\n<\/div>\n<\/div>\n<\/div>\n<div class=\"panel-separator\">\u00a0<\/div>\n<h3>Equipes de recherche<\/h3>\n<div class=\"field field-name-field-labo-equipe-recherche field-type-text-long field-label-hidden\">\n<div class=\"field-items\">\n<div class=\"field-item even\">\n<p>Directeur de l&rsquo;IEES : Luc Abbadie<\/p>\n<p>\u261b D\u00e9partement Diversit\u00e9 des communaut\u00e9s et fonctionnement des \u00e9cosyst\u00e8mes (DCFE) &#8211; 4 \u00e9quipes<\/p>\n<p>\u261b D\u00e9partement Ecologie \u00e9volutive (ECOEVO) &#8211; 4 \u00e9quipes<\/p>\n<p>\u261b D\u00e9partement Ecologie sensorielle (ECOSENS) &#8211; 2 \u00e9quipes<\/p>\n<p>\u261b D\u00e9partement Interactions plantes-environnement (IPE) &#8211; 2 \u00e9quipes<\/p>\n<p>\u261b D\u00e9partement Transferts dans la Zone critique (TZC) &#8211; 2 \u00e9quipes<\/p>\n<\/div>\n<\/div>\n<\/div>\n<div class=\"panel-separator\">\u00a0<\/div>\n<div class=\"panel-pane pane-entity-field pane-node-field-liens-web\">\n<div class=\"pane-content\">\n<div class=\"field field-name-field-liens-web field-type-link-field field-label-inline inline\">\n<div class=\"field-label\">Lien(s) web\u00a0&gt;<\/div>\n<div class=\"field-items\">\n<div class=\"field-item even\"><a class=\"ext extlink\" href=\"http:\/\/ieesparis.ufr918.upmc.fr\/\" target=\"_blank\" rel=\"noopener noreferrer\">http:\/\/ieesparis.ufr918.upmc.fr<\/a><\/div>\n<\/div>\n<\/div>\n<\/div>\n<\/div>\n<div class=\"panel-separator\">\u00a0<\/div>\n<h3>Localisation<\/h3>\n<div class=\"field field-name-field-labo-localisation field-type-location field-label-hidden\">\n<div class=\"field-items\">\n<div class=\"field-item even\">\n<div class=\"location vcard\">\n<div class=\"adr\">\n<div class=\"street-address\">4 place Jussieu<\/div>\n<div class=\"street-address\"><span class=\"additional\">CAMPUS JUSSIEU<\/span><\/div>\n<div class=\"street-address\"><span class=\"postal-code\">75005<\/span>\u00a0<span class=\"locality\">PARIS<\/span><\/div>\n<div class=\"street-address\">France<\/div>\n<\/div>\n<\/div>\n<\/div>\n<\/div>\n<\/div>\n<p>[\/et_pb_text][\/et_pb_column][\/et_pb_row][et_pb_row][et_pb_column type=\u00a0\u00bb1_2&Prime;][\/et_pb_column][et_pb_column type=\u00a0\u00bb1_2&Prime;][\/et_pb_column][\/et_pb_row][\/et_pb_section]<\/p>\n","protected":false},"excerpt":{"rendered":"<div class=\"et_pb_row et_pb_row_0 et_pb_row_empty\"><\/div>\n<div class=\"et_pb_row et_pb_row_1 et_pb_row_empty\"><\/div>\n<div class=\"et_pb_row et_pb_row_2 et_pb_row_empty\"><\/div>\n<div class=\"et_pb_row et_pb_row_3 et_pb_row_empty\"><\/div>\n<p> IEES \u00a0 Tutelles\u00a0&gt; Universit\u00e9 Pierre et Marie Curie \u00a0 UFR de rattachement\u00a0&gt; Sciences du Vivant \u00a0 \u00a0 Label unit\u00e9\u00a0&gt; UM 113 \u00a0 Partenaires\u00a0&gt; CNRS \u00a0 Pr\u00e9sentation OBJECTIFS G\u00c9N\u00c9RAUX\u00a0: Analyser et mod\u00e9liser\u00a0l\u2019organisation, le fonctionnement et l\u2019\u00e9volution des syst\u00e8mes \u00e9cologiques pour une \u00e9cologie et des sciences de l\u2019environnement pr\u00e9dictives.Contribuer\u00a0\u00e0 l\u2019innovation en gestion durable de la biodiversit\u00e9,&hellip; <a class=\"continue\" href=\"https:\/\/wordpress-test.app.u-pariscite.fr\/sdv\/institut-decologie-et-des-sciences-de-lenvironnement-de-paris-2\/\">Lire la suite<span> Institut d&rsquo;Ecologie et des Sciences de l&rsquo;Environnement de Paris<\/span><\/a><\/p>\n","protected":false},"author":69,"featured_media":0,"parent":0,"menu_order":0,"comment_status":"closed","ping_status":"closed","template":"","meta":{"_et_pb_use_builder":"on","_et_pb_old_content":"","_et_gb_content_width":"","footnotes":""},"class_list":["post-1603","page","type-page","status-publish","hentry"],"_links":{"self":[{"href":"https:\/\/wordpress-test.app.u-pariscite.fr\/sdv\/wp-json\/wp\/v2\/pages\/1603","targetHints":{"allow":["GET"]}}],"collection":[{"href":"https:\/\/wordpress-test.app.u-pariscite.fr\/sdv\/wp-json\/wp\/v2\/pages"}],"about":[{"href":"https:\/\/wordpress-test.app.u-pariscite.fr\/sdv\/wp-json\/wp\/v2\/types\/page"}],"author":[{"embeddable":true,"href":"https:\/\/wordpress-test.app.u-pariscite.fr\/sdv\/wp-json\/wp\/v2\/users\/69"}],"replies":[{"embeddable":true,"href":"https:\/\/wordpress-test.app.u-pariscite.fr\/sdv\/wp-json\/wp\/v2\/comments?post=1603"}],"version-history":[{"count":2,"href":"https:\/\/wordpress-test.app.u-pariscite.fr\/sdv\/wp-json\/wp\/v2\/pages\/1603\/revisions"}],"predecessor-version":[{"id":1605,"href":"https:\/\/wordpress-test.app.u-pariscite.fr\/sdv\/wp-json\/wp\/v2\/pages\/1603\/revisions\/1605"}],"wp:attachment":[{"href":"https:\/\/wordpress-test.app.u-pariscite.fr\/sdv\/wp-json\/wp\/v2\/media?parent=1603"}],"curies":[{"name":"wp","href":"https:\/\/api.w.org\/{rel}","templated":true}]}}