{"id":1600,"date":"2021-01-09T08:58:15","date_gmt":"2021-01-09T07:58:15","guid":{"rendered":"https:\/\/wordpress-test.app.u-pariscite.fr\/sdv\/?page_id=1600"},"modified":"2021-01-10T17:21:21","modified_gmt":"2021-01-10T16:21:21","slug":"paris-interdisciplinary-energy-research-institute-lied","status":"publish","type":"page","link":"https:\/\/wordpress-test.app.u-pariscite.fr\/sdv\/paris-interdisciplinary-energy-research-institute-lied\/","title":{"rendered":"Paris Interdisciplinary Energy Research Institute &#8211; LIED"},"content":{"rendered":"<p>[et_pb_section bb_built=\u00a0\u00bb1&Prime; next_background_color=\u00a0\u00bb#000000&Prime; inner_width=\u00a0\u00bbauto\u00a0\u00bb inner_max_width=\u00a0\u00bbnone\u00a0\u00bb][et_pb_row][et_pb_column type=\u00a0\u00bb4_4&Prime;][et_pb_post_title _builder_version=\u00a0\u00bb3.22.1&Prime; meta=\u00a0\u00bboff\u00a0\u00bb featured_image=\u00a0\u00bboff\u00a0\u00bb text_shadow_horizontal_length=\u00a0\u00bbtext_shadow_style,%91object Object%93&Prime; text_shadow_vertical_length=\u00a0\u00bbtext_shadow_style,%91object Object%93&Prime; text_shadow_blur_strength=\u00a0\u00bbtext_shadow_style,%91object Object%93&Prime; title_text_shadow_horizontal_length=\u00a0\u00bbtitle_text_shadow_style,%91object Object%93&Prime; title_text_shadow_vertical_length=\u00a0\u00bbtitle_text_shadow_style,%91object Object%93&Prime; title_text_shadow_blur_strength=\u00a0\u00bbtitle_text_shadow_style,%91object Object%93&Prime; meta_text_shadow_horizontal_length=\u00a0\u00bbmeta_text_shadow_style,%91object Object%93&Prime; meta_text_shadow_vertical_length=\u00a0\u00bbmeta_text_shadow_style,%91object Object%93&Prime; meta_text_shadow_blur_strength=\u00a0\u00bbmeta_text_shadow_style,%91object Object%93&Prime; z_index_tablet=\u00a0\u00bb500&Prime; \/][\/et_pb_column][\/et_pb_row][\/et_pb_section][et_pb_section bb_built=\u00a0\u00bb1&Prime; inner_width=\u00a0\u00bbauto\u00a0\u00bb inner_max_width=\u00a0\u00bbnone\u00a0\u00bb prev_background_color=\u00a0\u00bb#000000&Prime;][et_pb_row][et_pb_column type=\u00a0\u00bb4_4&Prime;][et_pb_image _builder_version=\u00a0\u00bb3.22.1&Prime; src=\u00a0\u00bbhttps:\/\/wordpress-test.app.u-pariscite.fr\/sdv\/wp-content\/uploads\/sites\/4\/2020\/02\/Lied.jpg\u00a0\u00bb z_index_tablet=\u00a0\u00bb500&Prime; \/][\/et_pb_column][\/et_pb_row][et_pb_row][et_pb_column type=\u00a0\u00bb1_3&Prime;][et_pb_divider _builder_version=\u00a0\u00bb3.22.1&Prime; z_index_tablet=\u00a0\u00bb500&Prime; \/][et_pb_button admin_label=\u00a0\u00bbbouton &#8211; ajouter le lien vers la page\u00a0\u00bb button_url=\u00a0\u00bbhttps:\/\/wordpress-test.app.u-pariscite.fr\/sdv\/laboratoire-interdisciplinaire-des-energies-de-demain\/\u00a0\u00bb button_text=\u00a0\u00bbVersion fran\u00e7aise\u00a0\u00bb button_alignment=\u00a0\u00bbleft\u00a0\u00bb _builder_version=\u00a0\u00bb3.22.1&Prime; custom_button=\u00a0\u00bbon\u00a0\u00bb button_text_color=\u00a0\u00bb#ffffff\u00a0\u00bb button_bg_color=\u00a0\u00bb#8a1538&Prime; button_border_width=\u00a0\u00bb2&Prime; button_border_radius=\u00a0\u00bb26&Prime; button_icon=\u00a0\u00bb%%20%%\u00a0\u00bb button_icon_color=\u00a0\u00bb#ffffff\u00a0\u00bb button_on_hover=\u00a0\u00bboff\u00a0\u00bb background_layout=\u00a0\u00bbdark\u00a0\u00bb hover_enabled=\u00a0\u00bb0&Prime; custom_css_after=\u00a0\u00bbmargin-left: 0!important;\u00a0\u00bb saved_tabs=\u00a0\u00bball\u00a0\u00bb background_layout__hover_enabled=\u00a0\u00bbon\u00a0\u00bb background_layout__hover=\u00a0\u00bblight\u00a0\u00bb button_bg_color__hover_enabled=\u00a0\u00bbon\u00a0\u00bb button_bg_color__hover=\u00a0\u00bb#ffffff\u00a0\u00bb button_icon_color__hover_enabled=\u00a0\u00bbon\u00a0\u00bb button_icon_color__hover=\u00a0\u00bb#aa004f\u00a0\u00bb button_text_color__hover_enabled=\u00a0\u00bbon\u00a0\u00bb button_text_color__hover=\u00a0\u00bb#aa004f\u00a0\u00bb custom_css_after__hover_enabled=\u00a0\u00bbon\u00a0\u00bb custom_css_after__hover=\u00a0\u00bbmargin-left: 0!important;\u00a0\u00bb button_border_color=\u00a0\u00bb#8a1538&Prime; button_text_shadow_horizontal_length=\u00a0\u00bbbutton_text_shadow_style,%91object Object%93&Prime; button_text_shadow_vertical_length=\u00a0\u00bbbutton_text_shadow_style,%91object Object%93&Prime; button_text_shadow_blur_strength=\u00a0\u00bbbutton_text_shadow_style,%91object Object%93&Prime; z_index_tablet=\u00a0\u00bb500&Prime; \/][\/et_pb_column][et_pb_column type=\u00a0\u00bb1_3&Prime;][\/et_pb_column][et_pb_column type=\u00a0\u00bb1_3&Prime;][\/et_pb_column][\/et_pb_row][et_pb_row][et_pb_column type=\u00a0\u00bb4_4&Prime;][et_pb_text _builder_version=\u00a0\u00bb3.22.1&Prime; module_id=\u00a0\u00bbcontenu\u00a0\u00bb text_text_shadow_horizontal_length=\u00a0\u00bbtext_text_shadow_style,%91object Object%93&Prime; text_text_shadow_vertical_length=\u00a0\u00bbtext_text_shadow_style,%91object Object%93&Prime; text_text_shadow_blur_strength=\u00a0\u00bbtext_text_shadow_style,%91object Object%93&Prime; link_text_shadow_horizontal_length=\u00a0\u00bblink_text_shadow_style,%91object Object%93&Prime; link_text_shadow_vertical_length=\u00a0\u00bblink_text_shadow_style,%91object Object%93&Prime; link_text_shadow_blur_strength=\u00a0\u00bblink_text_shadow_style,%91object Object%93&Prime; ul_text_shadow_horizontal_length=\u00a0\u00bbul_text_shadow_style,%91object Object%93&Prime; ul_text_shadow_vertical_length=\u00a0\u00bbul_text_shadow_style,%91object Object%93&Prime; ul_text_shadow_blur_strength=\u00a0\u00bbul_text_shadow_style,%91object Object%93&Prime; ol_text_shadow_horizontal_length=\u00a0\u00bbol_text_shadow_style,%91object Object%93&Prime; ol_text_shadow_vertical_length=\u00a0\u00bbol_text_shadow_style,%91object Object%93&Prime; ol_text_shadow_blur_strength=\u00a0\u00bbol_text_shadow_style,%91object Object%93&Prime; quote_text_shadow_horizontal_length=\u00a0\u00bbquote_text_shadow_style,%91object Object%93&Prime; quote_text_shadow_vertical_length=\u00a0\u00bbquote_text_shadow_style,%91object Object%93&Prime; quote_text_shadow_blur_strength=\u00a0\u00bbquote_text_shadow_style,%91object Object%93&Prime; header_text_shadow_horizontal_length=\u00a0\u00bbheader_text_shadow_style,%91object Object%93&Prime; header_text_shadow_vertical_length=\u00a0\u00bbheader_text_shadow_style,%91object Object%93&Prime; header_text_shadow_blur_strength=\u00a0\u00bbheader_text_shadow_style,%91object Object%93&Prime; header_2_text_shadow_horizontal_length=\u00a0\u00bbheader_2_text_shadow_style,%91object Object%93&Prime; header_2_text_shadow_vertical_length=\u00a0\u00bbheader_2_text_shadow_style,%91object Object%93&Prime; header_2_text_shadow_blur_strength=\u00a0\u00bbheader_2_text_shadow_style,%91object Object%93&Prime; header_3_text_shadow_horizontal_length=\u00a0\u00bbheader_3_text_shadow_style,%91object Object%93&Prime; header_3_text_shadow_vertical_length=\u00a0\u00bbheader_3_text_shadow_style,%91object Object%93&Prime; header_3_text_shadow_blur_strength=\u00a0\u00bbheader_3_text_shadow_style,%91object Object%93&Prime; header_4_text_shadow_horizontal_length=\u00a0\u00bbheader_4_text_shadow_style,%91object Object%93&Prime; header_4_text_shadow_vertical_length=\u00a0\u00bbheader_4_text_shadow_style,%91object Object%93&Prime; header_4_text_shadow_blur_strength=\u00a0\u00bbheader_4_text_shadow_style,%91object Object%93&Prime; header_5_text_shadow_horizontal_length=\u00a0\u00bbheader_5_text_shadow_style,%91object Object%93&Prime; header_5_text_shadow_vertical_length=\u00a0\u00bbheader_5_text_shadow_style,%91object Object%93&Prime; header_5_text_shadow_blur_strength=\u00a0\u00bbheader_5_text_shadow_style,%91object Object%93&Prime; header_6_text_shadow_horizontal_length=\u00a0\u00bbheader_6_text_shadow_style,%91object Object%93&Prime; header_6_text_shadow_vertical_length=\u00a0\u00bbheader_6_text_shadow_style,%91object Object%93&Prime; header_6_text_shadow_blur_strength=\u00a0\u00bbheader_6_text_shadow_style,%91object Object%93&Prime; z_index_tablet=\u00a0\u00bb500&Prime;]<\/p>\n<div class=\"panel-pane pane-entity-field pane-node-field-labo-acronyme h4\">\n<div class=\"pane-content\">\n<div class=\"field field-name-field-labo-acronyme field-type-text field-label-hidden\">\n<div class=\"field-items\">\n<div class=\"field-item even\">LIED-PIERI<\/div>\n<\/div>\n<\/div>\n<\/div>\n<\/div>\n<div class=\"panel-separator\">\u00a0<\/div>\n<div class=\"panel-pane pane-entity-field pane-node-field-labo-tutelle-principale\">\n<div class=\"pane-content\">\n<div class=\"field field-name-field-labo-tutelle-principale field-type-text field-label-inline inline\">\n<div class=\"field-label\">Tutelles\u00a0&gt;<\/div>\n<div class=\"field-items\">\n<div class=\"field-item even\">Universit\u00e9 Paris Diderot<\/div>\n<\/div>\n<\/div>\n<\/div>\n<\/div>\n<div class=\"panel-separator\">\u00a0<\/div>\n<div class=\"panel-pane pane-entity-field pane-node-field-labo-ufr-rattachement\">\n<div class=\"pane-content\">\n<div class=\"field field-name-field-labo-ufr-rattachement field-type-text field-label-inline inline\">\n<div class=\"field-label\">UFR de rattachement\u00a0&gt;<\/div>\n<div class=\"field-items\">\n<div class=\"field-item even\">UFR Physique, SDV, CHIMIE, GHES<\/div>\n<\/div>\n<\/div>\n<\/div>\n<\/div>\n<div class=\"panel-separator\">\u00a0<\/div>\n<div class=\"panel-pane pane-entity-field pane-node-field-labo-rattachement-ppl\">\n<div class=\"pane-content\">\u00a0<\/div>\n<\/div>\n<div class=\"panel-pane pane-entity-field pane-node-field-labo-label-unite node-categories\">\n<div class=\"pane-content\">\n<div class=\"field field-name-field-labo-label-unite field-type-text field-label-inline inline\">\n<div class=\"field-label\">Label unit\u00e9\u00a0&gt;<\/div>\n<div class=\"field-items\">\n<div class=\"field-item even\">UMR<\/div>\n<\/div>\n<\/div>\n<\/div>\n<\/div>\n<div class=\"panel-separator\">\u00a0<\/div>\n<h3>Pr\u00e9sentation<\/h3>\n<div class=\"field field-name-body field-type-text-with-summary field-label-hidden\">\n<div class=\"field-items\">\n<div class=\"field-item even\">\n<p>Paris Interdisciplinary Energy Research Institute debates over energy sourcing and climate protection have led to widespread interest in a coming energy transition. The PIERI has been conceived in this context of continuous growth in world energy demand and pressing environmental concerns, notably climate change.<\/p>\n<p>Although the need for concerted action is widely acknowledged, research in these fields is mostly conducted on a fragmented, mono-disciplinary basis. The aim of the PIERI is to bring together researchers from sciences, technologies and the social sciences \u2013 drawn from both the public and private sectors \u2013 into a single, federative structure. Its objectives are to develop interdisciplinary perspectives on energy issues, to nurture fundamental discoveries on energy sourcing, to develop empirical applications, to promote knowledge transfer to companies, to understand societal impacts and to inform policy-making processes.<\/p>\n<h2>Inscription \u00e0 l&rsquo;IED<\/h2>\n<p>Researchers wishing to discuss collaborative projects are encouraged to get in touch using the following email address:\u00a0<a class=\"mailto\" href=\"mailto:lied-pieri@univ-paris-diderot.fr\">lied-pieri@univ-paris-diderot.fr<\/a><\/p>\n<\/div>\n<\/div>\n<\/div>\n<div class=\"panel-separator\">\u00a0<\/div>\n<h3>Th\u00e8mes de recherche<\/h3>\n<div class=\"field field-name-field-labo-themes-recherche field-type-text-long field-label-hidden\">\n<div class=\"field-items\">\n<div class=\"field-item even\">\n<p>The LIED and its international network PIERI (Paris Interdisciplinary Energy Research Institute) have been launched in the context of increased worldwide demands in energy in the face of environmental concerns, i.e. sustainable resources and impact on the climate.\u00a0<br \/>The LIED favours a global approach and aims at resolving questions at the national and international level by a unique multi-disciplinary approach encompassing basic science (Biology, Chemistry, Physics, Informatics, Mathematics, Earth sciences and Engineering) as well as social sciences (Anthropology, Economics, Geography, History, Philosophy, Political sciences), whether in the academic or industrial domain.\u00a0\u00a0\u00a0\u00a0\u00a0\u00a0\u00a0\u00a0\u00a0<\/p>\n<p>\u00b7\u00a0<u><strong>Objectives<\/strong><\/u>\u00a0: Develop basic and applied science in response to the challenges of the \u201cenergy transition\u201d with a focus on the interaction between energy, environment and climate. In the domain of biology, the LIED aims at understanding the basic mechanisms underlying energetic processes in microorganisms and in plants. It fosters applied science for the development of production and transformation of biomass.\u00a0 \u00a0\u00a0\u00a0\u00a0\u00a0\u00a0\u00a0\u00a0\u00a0\u00a0<\/p>\n<p>\u00b7\u00a0<u><strong>Methods<\/strong><\/u>\u00a0: Biochemistry, Genetics, Genomics, Molecular and cellular biology, Bioinformatics.\u00a0\u00a0\u00a0\u00a0\u00a0<\/p>\n<p>.\u00a0<u><strong>Research orientations<\/strong><\/u>\u00a0: balancing fundamental and applied research.<\/p>\n<p>The work of the PIERI is organised around four axes\u00a0:<\/p>\n<p>\u2666\u00a0Fundamental science and low-carbon energy sources\u00a0;<br \/>\u2666\u00a0The science and technology of energy efficiency\u00a0;<br \/>\u2666\u00a0Forecasting, social and economic analysis, and public policy studies\u00a0;<br \/>\u2666\u00a0Interdisciplinary epistemology.<\/p>\n<p>The titles of first two axes already illustrate the aspiration to combine fundamental and applied research. Two complementary research groups have been established, entitled\u00a0: \u2018Innovative energy sources and biomaterials\u2019 and \u2018Energy transport, instabilities and fluctuations\u2019, composed mainly of researchers from sciences and technologies, but with input from social scientists. The third axis is subdivided into six themes, which all bring together the physical and the social sciences, namely\u00a0:<\/p>\n<p>The geography of energy sourcing\u00a0;<br \/>The multilevel governance of energy\u00a0;<br \/>Social representation and innovation\u00a0: hydrogen and other energy pathways\u00a0;<br \/>Energy efficiency and modes of consumption\u00a0;<br \/>Forecasting models and interdisciplinary convergence\u00a0;<br \/>Smart grids.<\/p>\n<\/p>\n<\/div>\n<\/div>\n<\/div>\n<div class=\"panel-separator\">\u00a0<\/div>\n<h3>Equipes de recherche<\/h3>\n<div class=\"field field-name-field-labo-equipe-recherche field-type-text-long field-label-hidden\">\n<div class=\"field-items\">\n<div class=\"field-item even\">\n<p>Director : Mathieu Arnoux<\/p>\n<p>Teams of the LIED (are listed those in biology pertaining to the Group Mat\u00e9riaux et Biomat\u00e9riaux Innovants &#8211; M2BI):<\/p>\n<p>Team 1 : A. Atteia (Explorer la richesse m\u00e9tabolique des microalgues vertes photosynth\u00e9tiques)<br \/>Team 2 : A. M\u00e9jean (Exploiter la richesse et la diversit\u00e9 m\u00e9tabolique des cyanobact\u00e9ries)<br \/>Team 3 : F. Bouteau (Etudier des r\u00e9ponses aux stress afin d\u2019optimiser la production de biomasse)<br \/>Team 4 : P. Silar (Valorisation de la biomasse par les champignons filamenteux)<\/p>\n<\/div>\n<\/div>\n<\/div>\n<div class=\"panel-separator\">\u00a0<\/div>\n<h3 class=\"niveau3\">AUTRES CONTACTS<\/h3>\n<div class=\"field field-name-field-labo-autres-contacts field-type-text-long field-label-hidden\">\n<div class=\"field-items\">\n<div class=\"field-item even\">\n<p>Universit\u00e9 Paris 7 &#8211; Paris Diderot<\/p>\n<p><u>The members of LIED are located on 4 sites<\/u>\u00a0:<\/p>\n<p>B\u00e2timent Condorcet &#8211; 10, rue Alice Domon &amp; L\u00e9onie Duquet &#8211; 75013 Paris<br \/>B\u00e2timent Lamarck A &#8211; 39, rue H\u00e9l\u00e8ne Brion &#8211; 75013 Paris<br \/>B\u00e2timent Lamarck B &#8211; 35, rue H\u00e9l\u00e8ne Brion &#8211; 75013 Paris<br \/>B\u00e2timent Olype de Gouges &#8211; 8 place Paul-Ricoeur &#8211; 75013 Paris<\/p>\n<\/div>\n<\/div>\n<\/div>\n<div class=\"panel-separator\">\u00a0<\/div>\n<div class=\"panel-pane pane-entity-field pane-node-field-liens-web\">\n<div class=\"pane-content\">\n<div class=\"field field-name-field-liens-web field-type-link-field field-label-inline inline\">\n<div class=\"field-label\">Lien(s) web\u00a0&gt;<\/div>\n<div class=\"field-items\">\n<div class=\"field-item even\"><a class=\"ext extlink\" href=\"http:\/\/www.lied-pieri.univ-paris-diderot.fr\/\" target=\"_blank\" rel=\"noopener noreferrer\">http:\/\/www.lied-pieri.univ-paris-diderot.fr\/<\/a><\/div>\n<\/div>\n<\/div>\n<\/div>\n<\/div>\n<div class=\"panel-separator\">\u00a0<\/div>\n<h3>Localisation<\/h3>\n<div class=\"field field-name-field-labo-localisation field-type-location field-label-hidden\">\n<div class=\"field-items\">\n<div class=\"field-item even\">\n<div class=\"location vcard\">\n<div class=\"adr\">\n<div class=\"street-address\">10, rue Alice Domon &amp; L\u00e9onie Duquet<\/div>\n<p><span class=\"postal-code\">75013<\/span>\u00a0<span class=\"locality\">PARIS<\/span><\/div>\n<\/div>\n<div class=\"location-hidden\">France<\/div>\n<\/div>\n<\/div>\n<\/div>\n<p>[\/et_pb_text][\/et_pb_column][\/et_pb_row][et_pb_row][et_pb_column type=\u00a0\u00bb1_2&Prime;][\/et_pb_column][et_pb_column type=\u00a0\u00bb1_2&Prime;][\/et_pb_column][\/et_pb_row][\/et_pb_section]<\/p>\n","protected":false},"excerpt":{"rendered":"<div class=\"et_pb_row et_pb_row_0 et_pb_row_empty\"><\/div>\n<div class=\"et_pb_row et_pb_row_1 et_pb_row_empty\"><\/div>\n<div class=\"et_pb_row et_pb_row_2 et_pb_row_empty\"><\/div>\n<div class=\"et_pb_row et_pb_row_3 et_pb_row_empty\"><\/div>\n<p> LIED-PIERI \u00a0 Tutelles\u00a0&gt; Universit\u00e9 Paris Diderot \u00a0 UFR de rattachement\u00a0&gt; UFR Physique, SDV, CHIMIE, GHES \u00a0 \u00a0 Label unit\u00e9\u00a0&gt; UMR \u00a0 Pr\u00e9sentation Paris Interdisciplinary Energy Research Institute debates over energy sourcing and climate protection have led to widespread interest in a coming energy transition. The PIERI has been conceived in this context of continuous&hellip; <a class=\"continue\" href=\"https:\/\/wordpress-test.app.u-pariscite.fr\/sdv\/paris-interdisciplinary-energy-research-institute-lied\/\">Lire la suite<span> Paris Interdisciplinary Energy Research Institute &#8211; LIED<\/span><\/a><\/p>\n","protected":false},"author":69,"featured_media":0,"parent":0,"menu_order":0,"comment_status":"closed","ping_status":"closed","template":"","meta":{"_et_pb_use_builder":"on","_et_pb_old_content":"","_et_gb_content_width":"","footnotes":""},"class_list":["post-1600","page","type-page","status-publish","hentry"],"_links":{"self":[{"href":"https:\/\/wordpress-test.app.u-pariscite.fr\/sdv\/wp-json\/wp\/v2\/pages\/1600","targetHints":{"allow":["GET"]}}],"collection":[{"href":"https:\/\/wordpress-test.app.u-pariscite.fr\/sdv\/wp-json\/wp\/v2\/pages"}],"about":[{"href":"https:\/\/wordpress-test.app.u-pariscite.fr\/sdv\/wp-json\/wp\/v2\/types\/page"}],"author":[{"embeddable":true,"href":"https:\/\/wordpress-test.app.u-pariscite.fr\/sdv\/wp-json\/wp\/v2\/users\/69"}],"replies":[{"embeddable":true,"href":"https:\/\/wordpress-test.app.u-pariscite.fr\/sdv\/wp-json\/wp\/v2\/comments?post=1600"}],"version-history":[{"count":3,"href":"https:\/\/wordpress-test.app.u-pariscite.fr\/sdv\/wp-json\/wp\/v2\/pages\/1600\/revisions"}],"predecessor-version":[{"id":1664,"href":"https:\/\/wordpress-test.app.u-pariscite.fr\/sdv\/wp-json\/wp\/v2\/pages\/1600\/revisions\/1664"}],"wp:attachment":[{"href":"https:\/\/wordpress-test.app.u-pariscite.fr\/sdv\/wp-json\/wp\/v2\/media?parent=1600"}],"curies":[{"name":"wp","href":"https:\/\/api.w.org\/{rel}","templated":true}]}}