{"id":1597,"date":"2021-01-09T08:55:29","date_gmt":"2021-01-09T07:55:29","guid":{"rendered":"https:\/\/wordpress-test.app.u-pariscite.fr\/sdv\/?page_id=1597"},"modified":"2021-01-10T17:23:16","modified_gmt":"2021-01-10T16:23:16","slug":"laboratoire-interdisciplinaire-des-energies-de-demain","status":"publish","type":"page","link":"https:\/\/wordpress-test.app.u-pariscite.fr\/sdv\/laboratoire-interdisciplinaire-des-energies-de-demain\/","title":{"rendered":"Laboratoire Interdisciplinaire des Energies de Demain"},"content":{"rendered":"<p>[et_pb_section bb_built=\u00a0\u00bb1&Prime; next_background_color=\u00a0\u00bb#000000&Prime; inner_width=\u00a0\u00bbauto\u00a0\u00bb inner_max_width=\u00a0\u00bbnone\u00a0\u00bb][et_pb_row][et_pb_column type=\u00a0\u00bb4_4&Prime;][et_pb_post_title _builder_version=\u00a0\u00bb3.22.1&Prime; meta=\u00a0\u00bboff\u00a0\u00bb featured_image=\u00a0\u00bboff\u00a0\u00bb text_shadow_horizontal_length=\u00a0\u00bbtext_shadow_style,%91object Object%93&Prime; text_shadow_vertical_length=\u00a0\u00bbtext_shadow_style,%91object Object%93&Prime; text_shadow_blur_strength=\u00a0\u00bbtext_shadow_style,%91object Object%93&Prime; title_text_shadow_horizontal_length=\u00a0\u00bbtitle_text_shadow_style,%91object Object%93&Prime; title_text_shadow_vertical_length=\u00a0\u00bbtitle_text_shadow_style,%91object Object%93&Prime; title_text_shadow_blur_strength=\u00a0\u00bbtitle_text_shadow_style,%91object Object%93&Prime; meta_text_shadow_horizontal_length=\u00a0\u00bbmeta_text_shadow_style,%91object Object%93&Prime; meta_text_shadow_vertical_length=\u00a0\u00bbmeta_text_shadow_style,%91object Object%93&Prime; meta_text_shadow_blur_strength=\u00a0\u00bbmeta_text_shadow_style,%91object Object%93&Prime; z_index_tablet=\u00a0\u00bb500&Prime; \/][\/et_pb_column][\/et_pb_row][\/et_pb_section][et_pb_section bb_built=\u00a0\u00bb1&Prime; inner_width=\u00a0\u00bbauto\u00a0\u00bb inner_max_width=\u00a0\u00bbnone\u00a0\u00bb prev_background_color=\u00a0\u00bb#000000&Prime;][et_pb_row][et_pb_column type=\u00a0\u00bb4_4&Prime;][et_pb_image _builder_version=\u00a0\u00bb3.22.1&Prime; src=\u00a0\u00bbhttps:\/\/wordpress-test.app.u-pariscite.fr\/sdv\/wp-content\/uploads\/sites\/4\/2020\/02\/Lied.jpg\u00a0\u00bb z_index_tablet=\u00a0\u00bb500&Prime; \/][\/et_pb_column][\/et_pb_row][et_pb_row][et_pb_column type=\u00a0\u00bb1_3&Prime;][et_pb_divider _builder_version=\u00a0\u00bb3.22.1&Prime; z_index_tablet=\u00a0\u00bb500&Prime; \/][et_pb_button admin_label=\u00a0\u00bbbouton &#8211; ajouter le lien vers la page\u00a0\u00bb button_url=\u00a0\u00bbhttps:\/\/wordpress-test.app.u-pariscite.fr\/sdv\/paris-interdisciplinary-energy-research-institute-lied\/\u00a0\u00bb button_text=\u00a0\u00bbEnglish version\u00a0\u00bb button_alignment=\u00a0\u00bbleft\u00a0\u00bb _builder_version=\u00a0\u00bb3.22.1&Prime; custom_button=\u00a0\u00bbon\u00a0\u00bb button_text_color=\u00a0\u00bb#ffffff\u00a0\u00bb button_bg_color=\u00a0\u00bb#8a1538&Prime; button_border_width=\u00a0\u00bb2&Prime; button_border_radius=\u00a0\u00bb26&Prime; button_icon=\u00a0\u00bb%%20%%\u00a0\u00bb button_icon_color=\u00a0\u00bb#ffffff\u00a0\u00bb button_on_hover=\u00a0\u00bboff\u00a0\u00bb background_layout=\u00a0\u00bbdark\u00a0\u00bb hover_enabled=\u00a0\u00bb0&Prime; custom_css_after=\u00a0\u00bbmargin-left: 0!important;\u00a0\u00bb saved_tabs=\u00a0\u00bball\u00a0\u00bb background_layout__hover_enabled=\u00a0\u00bbon\u00a0\u00bb background_layout__hover=\u00a0\u00bblight\u00a0\u00bb button_bg_color__hover_enabled=\u00a0\u00bbon\u00a0\u00bb button_bg_color__hover=\u00a0\u00bb#ffffff\u00a0\u00bb button_icon_color__hover_enabled=\u00a0\u00bbon\u00a0\u00bb button_icon_color__hover=\u00a0\u00bb#aa004f\u00a0\u00bb button_text_color__hover_enabled=\u00a0\u00bbon\u00a0\u00bb button_text_color__hover=\u00a0\u00bb#aa004f\u00a0\u00bb custom_css_after__hover_enabled=\u00a0\u00bbon\u00a0\u00bb custom_css_after__hover=\u00a0\u00bbmargin-left: 0!important;\u00a0\u00bb button_border_color=\u00a0\u00bb#8a1538&Prime; button_text_shadow_horizontal_length=\u00a0\u00bbbutton_text_shadow_style,%91object Object%93&Prime; button_text_shadow_vertical_length=\u00a0\u00bbbutton_text_shadow_style,%91object Object%93&Prime; button_text_shadow_blur_strength=\u00a0\u00bbbutton_text_shadow_style,%91object Object%93&Prime; z_index_tablet=\u00a0\u00bb500&Prime; \/][\/et_pb_column][et_pb_column type=\u00a0\u00bb1_3&Prime;][\/et_pb_column][et_pb_column type=\u00a0\u00bb1_3&Prime;][\/et_pb_column][\/et_pb_row][et_pb_row][et_pb_column type=\u00a0\u00bb4_4&Prime;][et_pb_text _builder_version=\u00a0\u00bb3.22.1&Prime; module_id=\u00a0\u00bbcontenu\u00a0\u00bb text_text_shadow_horizontal_length=\u00a0\u00bbtext_text_shadow_style,%91object Object%93&Prime; text_text_shadow_vertical_length=\u00a0\u00bbtext_text_shadow_style,%91object Object%93&Prime; text_text_shadow_blur_strength=\u00a0\u00bbtext_text_shadow_style,%91object Object%93&Prime; link_text_shadow_horizontal_length=\u00a0\u00bblink_text_shadow_style,%91object Object%93&Prime; link_text_shadow_vertical_length=\u00a0\u00bblink_text_shadow_style,%91object Object%93&Prime; link_text_shadow_blur_strength=\u00a0\u00bblink_text_shadow_style,%91object Object%93&Prime; ul_text_shadow_horizontal_length=\u00a0\u00bbul_text_shadow_style,%91object Object%93&Prime; ul_text_shadow_vertical_length=\u00a0\u00bbul_text_shadow_style,%91object Object%93&Prime; ul_text_shadow_blur_strength=\u00a0\u00bbul_text_shadow_style,%91object Object%93&Prime; ol_text_shadow_horizontal_length=\u00a0\u00bbol_text_shadow_style,%91object Object%93&Prime; ol_text_shadow_vertical_length=\u00a0\u00bbol_text_shadow_style,%91object Object%93&Prime; ol_text_shadow_blur_strength=\u00a0\u00bbol_text_shadow_style,%91object Object%93&Prime; quote_text_shadow_horizontal_length=\u00a0\u00bbquote_text_shadow_style,%91object Object%93&Prime; quote_text_shadow_vertical_length=\u00a0\u00bbquote_text_shadow_style,%91object Object%93&Prime; quote_text_shadow_blur_strength=\u00a0\u00bbquote_text_shadow_style,%91object Object%93&Prime; header_text_shadow_horizontal_length=\u00a0\u00bbheader_text_shadow_style,%91object Object%93&Prime; header_text_shadow_vertical_length=\u00a0\u00bbheader_text_shadow_style,%91object Object%93&Prime; header_text_shadow_blur_strength=\u00a0\u00bbheader_text_shadow_style,%91object Object%93&Prime; header_2_text_shadow_horizontal_length=\u00a0\u00bbheader_2_text_shadow_style,%91object Object%93&Prime; header_2_text_shadow_vertical_length=\u00a0\u00bbheader_2_text_shadow_style,%91object Object%93&Prime; header_2_text_shadow_blur_strength=\u00a0\u00bbheader_2_text_shadow_style,%91object Object%93&Prime; header_3_text_shadow_horizontal_length=\u00a0\u00bbheader_3_text_shadow_style,%91object Object%93&Prime; header_3_text_shadow_vertical_length=\u00a0\u00bbheader_3_text_shadow_style,%91object Object%93&Prime; header_3_text_shadow_blur_strength=\u00a0\u00bbheader_3_text_shadow_style,%91object Object%93&Prime; header_4_text_shadow_horizontal_length=\u00a0\u00bbheader_4_text_shadow_style,%91object Object%93&Prime; header_4_text_shadow_vertical_length=\u00a0\u00bbheader_4_text_shadow_style,%91object Object%93&Prime; header_4_text_shadow_blur_strength=\u00a0\u00bbheader_4_text_shadow_style,%91object Object%93&Prime; header_5_text_shadow_horizontal_length=\u00a0\u00bbheader_5_text_shadow_style,%91object Object%93&Prime; header_5_text_shadow_vertical_length=\u00a0\u00bbheader_5_text_shadow_style,%91object Object%93&Prime; header_5_text_shadow_blur_strength=\u00a0\u00bbheader_5_text_shadow_style,%91object Object%93&Prime; header_6_text_shadow_horizontal_length=\u00a0\u00bbheader_6_text_shadow_style,%91object Object%93&Prime; header_6_text_shadow_vertical_length=\u00a0\u00bbheader_6_text_shadow_style,%91object Object%93&Prime; header_6_text_shadow_blur_strength=\u00a0\u00bbheader_6_text_shadow_style,%91object Object%93&Prime; z_index_tablet=\u00a0\u00bb500&Prime;]<\/p>\n<div class=\"panel-pane pane-entity-field pane-node-field-labo-acronyme h4\">\n<div class=\"pane-content\">\n<div class=\"field field-name-field-labo-acronyme field-type-text field-label-hidden\">\n<div class=\"field-items\">\n<div class=\"field-item even\">LIED-PIERI<\/div>\n<\/div>\n<\/div>\n<\/div>\n<\/div>\n<div class=\"panel-separator\">\u00a0<\/div>\n<div class=\"panel-pane pane-entity-field pane-node-field-labo-tutelle-principale\">\n<div class=\"pane-content\">\n<div class=\"field field-name-field-labo-tutelle-principale field-type-text field-label-inline inline\">\n<div class=\"field-label\">Tutelles\u00a0&gt;<\/div>\n<div class=\"field-items\">\n<div class=\"field-item even\">Universit\u00e9 Paris Diderot<\/div>\n<\/div>\n<\/div>\n<\/div>\n<\/div>\n<div class=\"panel-separator\">\u00a0<\/div>\n<div class=\"panel-pane pane-entity-field pane-node-field-labo-ufr-rattachement\">\n<div class=\"pane-content\">\n<div class=\"field field-name-field-labo-ufr-rattachement field-type-text field-label-inline inline\">\n<div class=\"field-label\">UFR de rattachement\u00a0&gt;<\/div>\n<div class=\"field-items\">\n<div class=\"field-item even\">UFR Physique, SDV, CHIMIE, GHES<\/div>\n<\/div>\n<\/div>\n<\/div>\n<\/div>\n<div class=\"panel-separator\">\u00a0<\/div>\n<div class=\"panel-pane pane-entity-field pane-node-field-labo-rattachement-ppl\">\n<div class=\"pane-content\">\u00a0<\/div>\n<\/div>\n<div class=\"panel-pane pane-entity-field pane-node-field-labo-label-unite node-categories\">\n<div class=\"pane-content\">\n<div class=\"field field-name-field-labo-label-unite field-type-text field-label-inline inline\">\n<div class=\"field-label\">Label unit\u00e9\u00a0&gt;<\/div>\n<div class=\"field-items\">\n<div class=\"field-item even\">UMR<\/div>\n<\/div>\n<\/div>\n<\/div>\n<\/div>\n<div class=\"panel-separator\">\u00a0<\/div>\n<h3>Pr\u00e9sentation<\/h3>\n<div class=\"field field-name-body field-type-text-with-summary field-label-hidden\">\n<div class=\"field-items\">\n<div class=\"field-item even\">\n<h2>Le laboratoire en quelques mots<\/h2>\n<p>Le Laboratoire Interdisciplinaire des Energies de Demain (LIED) a pour objectif fondateur de d\u00e9velopper \u00ab l\u2019\u00e9cologie des \u00e9nergies \u00bb, en menant \u00e0 la fois recherches scientifiques et techniques guid\u00e9es par les probl\u00e8mes \u00e0 r\u00e9soudre dans le cadre de la transition \u00e9nerg\u00e9tique et de l\u2019accroissement des besoins mondiaux en \u00e9nergie.<br \/>Il r\u00e9pond \u00e0 la n\u00e9cessit\u00e9 d\u2019une approche interdisciplinaire des probl\u00e8mes pos\u00e9s, en f\u00e9d\u00e9rant les membres \u2013 universitaires ou venant d\u2019entreprises \u2013 des secteurs Sciences (Biologie, Chimie, Informatique, Math\u00e9matiques, Physique, Sciences de l\u2019Ing\u00e9nieur, Sciences de la Terre) et Sciences Humaines et Sociales (Anthropologie, Economie, G\u00e9ographie, Histoire, Philosophie, Ecologie, Sciences politiques, Sociologie).<\/p>\n<p>Les membres de l\u2019UMR LIED (17 du secteur sciences et 9 du secteur SHS) se composent de 8 PR, 11 MCU, 3 personnels CNRS (1CR, 1IR, 1assimil\u00e9e) et de 4 consultants. Le LIED constitue \u00e9galement la pierre angulaire de l\u2019Institut des Energies de Demain (IED), appel\u00e9 \u00e0 devenir l\u2019un des quatre instituts transversaux de l\u2019IDEX SCP. Celui-ci comprend l\u2019UMR LIED, la f\u00e9d\u00e9ration IED et le r\u00e9seau international PIERI (Paris Interdisciplinary Energy Research Institute).<br \/>L\u2019ensemble forme un \u00ab dispositif \u00bb en cinq modes d\u2019appartenance dont le premier est l&rsquo;UMR LIED proprement dite. Le deuxi\u00e8me mode d\u2019appartenance \u00e0 LIED rassemble des membres de la plupart des laboratoires du campus Paris Diderot, irriguant le LIED par ses racines pluridisciplinaires. Deux autres modes l\u2019ouvrent \u00e0 des laboratoires d&rsquo;autres PRES et aux entreprises, dont bon nombre le soutiennent tr\u00e8s concr\u00e8tement, en particulier celles qui font partie du conseil scientifique du LIED : AREVA, Bouygues, EDF, Saint-Gobain. Son ouverture internationale est le r\u00e9seau PIERI.<\/p>\n<p>La figure, g\u00e9n\u00e9ralisable \u00e0 plusieurs f\u00e9d\u00e9rations de recherche, correspond au cas de deux : celle de l&rsquo;institut des \u00e9nergies de demain (avec l\u2019UMR LIED repr\u00e9sent\u00e9e par un cercle blanc not\u00e9 1) et d\u2019une autre centr\u00e9e sur le laboratoire X (repr\u00e9sent\u00e9 par un cercle blanc not\u00e9 X). Les laboratoires du campus Paris Diderot mutualis\u00e9s avec le LIED sont les cercles color\u00e9s not\u00e9s 2. Ceux satellis\u00e9s par le X sont des cercles not\u00e9s ? \u00e0 colorer selon leurs disciplines. Les laboratoires interagissant avec le LIED et X sont les cercles color\u00e9s not\u00e9s 3 ou 4 selon leurs degr\u00e9s d\u2019interaction avec ces laboratoires (sph\u00e8res 3 ou 4 respectivement). Le caract\u00e8re international du PIERI est symbolis\u00e9 par un rectangle d\u2019o\u00f9 proviennent des interactions multiformes.<\/p>\n<p>&nbsp;<\/p>\n<h2>Inscription au\u00a0LIED<\/h2>\n<p>Researchers wishing to discuss collaborative projects are encouraged to get in touch using the following email address:\u00a0<a class=\"mailto\" href=\"mailto:lied-pieri@univ-paris-diderot.fr\">lied-pieri@univ-paris-diderot.fr<\/a><\/p>\n<\/div>\n<\/div>\n<\/div>\n<div class=\"panel-separator\">\u00a0<\/div>\n<h3>Th\u00e8mes de recherche<\/h3>\n<div class=\"field field-name-field-labo-themes-recherche field-type-text-long field-label-hidden\">\n<div class=\"field-items\">\n<div class=\"field-item even\">\n<p>The LIED and its international network PIERI (Paris Interdisciplinary Energy Research Institute) have been launched in the context of increased worldwide demands in energy in the face of environmental concerns, i.e. sustainable resources and impact on the climate.\u00a0<br \/>The LIED favours a global approach and aims at resolving questions at the national and international level by a unique multi-disciplinary approach encompassing basic science (Biology, Chemistry, Physics, Informatics, Mathematics, Earth sciences and Engineering) as well as social sciences (Anthropology, Economics, Geography, History, Philosophy, Political sciences), whether in the academic or industrial domain.\u00a0\u00a0\u00a0\u00a0\u00a0\u00a0\u00a0\u00a0\u00a0<\/p>\n<p>\u00b7\u00a0<u><strong>Objectives<\/strong><\/u>\u00a0: Develop basic and applied science in response to the challenges of the \u201cenergy transition\u201d with a focus on the interaction between energy, environment and climate. In the domain of biology, the LIED aims at understanding the basic mechanisms underlying energetic processes in microorganisms and in plants. It fosters applied science for the development of production and transformation of biomass.\u00a0 \u00a0\u00a0\u00a0\u00a0\u00a0\u00a0\u00a0\u00a0\u00a0\u00a0<\/p>\n<p>\u00b7\u00a0<u><strong>Methods<\/strong><\/u>\u00a0: Biochemistry, Genetics, Genomics, Molecular and cellular biology, Bioinformatics.\u00a0\u00a0\u00a0\u00a0\u00a0<\/p>\n<p>.\u00a0<u><strong>Research orientations<\/strong><\/u>\u00a0: balancing fundamental and applied research.<\/p>\n<p>The work of the PIERI is organised around four axes\u00a0:<\/p>\n<p>\u2666\u00a0Fundamental science and low-carbon energy sources\u00a0;<br \/>\u2666\u00a0The science and technology of energy efficiency\u00a0;<br \/>\u2666\u00a0Forecasting, social and economic analysis, and public policy studies\u00a0;<br \/>\u2666\u00a0Interdisciplinary epistemology.<\/p>\n<p>The titles of first two axes already illustrate the aspiration to combine fundamental and applied research. Two complementary research groups have been established, entitled\u00a0: \u2018Innovative energy sources and biomaterials\u2019 and \u2018Energy transport, instabilities and fluctuations\u2019, composed mainly of researchers from sciences and technologies, but with input from social scientists. The third axis is subdivided into six themes, which all bring together the physical and the social sciences, namely\u00a0:<\/p>\n<p>The geography of energy sourcing\u00a0;<br \/>The multilevel governance of energy\u00a0;<br \/>Social representation and innovation\u00a0: hydrogen and other energy pathways\u00a0;<br \/>Energy efficiency and modes of consumption\u00a0;<br \/>Forecasting models and interdisciplinary convergence\u00a0;<br \/>Smart grids.<\/p>\n<\/p>\n<\/div>\n<\/div>\n<\/div>\n<div class=\"panel-separator\">\u00a0<\/div>\n<h3>Equipes de recherche<\/h3>\n<div class=\"field field-name-field-labo-equipe-recherche field-type-text-long field-label-hidden\">\n<div class=\"field-items\">\n<div class=\"field-item even\">\n<p>Directeur : Mathieu Arnoux<\/p>\n<p><strong>Proc\u00e9d\u00e9s des syst\u00e8mes vivants<\/strong><\/p>\n<ul>\n<li>Stress environnementaux et plantes :\u00a0F. Bouteau ( MCF HDR, Coordinateur)<\/li>\n<li>M\u00e9tabolisme secondaire des cyanobact\u00e9ries : A. Mejean (PR, Coordinateur)<\/li>\n<li>G\u00e9n\u00e9tique et \u00e9pig\u00e9n\u00e9tique des champignons : P. Silar (PR, Coordinateur)<\/li>\n<li>\u200bBiologie et Biotechnologie des champignons : F. Chapeland-Leclerc ( MCF HDR, Coordinateur)<\/li>\n<\/ul>\n<p><strong>Territoires et soci\u00e9t\u00e9s dans la longue dur\u00e9e<\/strong><\/p>\n<ul>\n<li>Dynamiques des territoires et des soci\u00e9t\u00e9s :\u00a0C. Mering (PR, Coordinateur),\u00a0P. Chatzimpiros (MCF, Coordinateur)<\/li>\n<li>Dynamiques du long terme et transitions \u00e9nerg\u00e9tiques :\u00a0M.\u00a0 Arnoux (PR, Coordinateur)<\/li>\n<li>Sociologie et Sciences politiques :\u00a0G. Bronner (PR, Coordinateur)<\/li>\n<li>Economie des in\u00e9galit\u00e9s :\u00a0A.Berthe (MCF, coordinateur)<\/li>\n<\/ul>\n<p><strong>Efficience \u00e9nerg\u00e9tique<\/strong><\/p>\n<ul>\n<li>Dynamiques coupl\u00e9es et optimisation \u00e9nerg\u00e9tique :\u00a0C. Goupil (PR, Coordinateur)<\/li>\n<li>Dynamiques collectives des syst\u00e8mes vivants et artificiels :\u00a0J. Halloy (PR, Coordinateur)<\/li>\n<li>Climat Energie M\u00e9tabolisme urbain :\u00a0L. Royon (PR, Coordinateur)<\/li>\n<\/ul>\n<\/div>\n<\/div>\n<\/div>\n<div class=\"panel-separator\">\u00a0<\/div>\n<h3 class=\"niveau3\">AUTRES CONTACTS<\/h3>\n<div class=\"field field-name-field-labo-autres-contacts field-type-text-long field-label-hidden\">\n<div class=\"field-items\">\n<div class=\"field-item even\">\n<p>Universit\u00e9 Paris 7 &#8211; Paris Diderot<\/p>\n<p><u>The members of LIED are located on 4 sites<\/u>\u00a0:<\/p>\n<p>B\u00e2timent Condorcet &#8211; 10, rue Alice Domon &amp; L\u00e9onie Duquet &#8211; 75013 Paris<br \/>B\u00e2timent Lamarck A &#8211; 39, rue H\u00e9l\u00e8ne Brion &#8211; 75013 Paris<br \/>B\u00e2timent Lamarck B &#8211; 35, rue H\u00e9l\u00e8ne Brion &#8211; 75013 Paris<br \/>B\u00e2timent Olympe de Gouges &#8211; 8 place Paul-Ricoeur &#8211; 75013 Paris<\/p>\n<\/div>\n<\/div>\n<\/div>\n<div class=\"panel-separator\">\u00a0<\/div>\n<div class=\"panel-pane pane-entity-field pane-node-field-liens-web\">\n<div class=\"pane-content\">\n<div class=\"field field-name-field-liens-web field-type-link-field field-label-inline inline\">\n<div class=\"field-label\">Lien(s) web\u00a0&gt;<\/div>\n<div class=\"field-items\">\n<div class=\"field-item even\"><a class=\"ext extlink\" href=\"http:\/\/www.lied-pieri.univ-paris-diderot.fr\/\" target=\"_blank\" rel=\"noopener noreferrer\">http:\/\/www.lied-pieri.univ-paris-diderot.fr\/<\/a><\/div>\n<\/div>\n<\/div>\n<\/div>\n<\/div>\n<div class=\"panel-separator\">\u00a0<\/div>\n<h3>Localisation<\/h3>\n<div class=\"field field-name-field-labo-localisation field-type-location field-label-hidden\">\n<div class=\"field-items\">\n<div class=\"field-item even\">\n<div class=\"location vcard\">\n<div class=\"adr\">\n<div class=\"street-address\">10, rue Alice Domon &amp; L\u00e9onie Duquet<\/div>\n<p><span class=\"postal-code\">75013<\/span>\u00a0<span class=\"locality\">PARIS<\/span><\/div>\n<\/div>\n<div class=\"location-hidden\">France<\/div>\n<\/div>\n<\/div>\n<\/div>\n<p>[\/et_pb_text][\/et_pb_column][\/et_pb_row][et_pb_row][et_pb_column type=\u00a0\u00bb1_2&Prime;][\/et_pb_column][et_pb_column type=\u00a0\u00bb1_2&Prime;][\/et_pb_column][\/et_pb_row][\/et_pb_section]<\/p>\n","protected":false},"excerpt":{"rendered":"<div class=\"et_pb_row et_pb_row_0 et_pb_row_empty\"><\/div>\n<div class=\"et_pb_row et_pb_row_1 et_pb_row_empty\"><\/div>\n<div class=\"et_pb_row et_pb_row_2 et_pb_row_empty\"><\/div>\n<div class=\"et_pb_row et_pb_row_3 et_pb_row_empty\"><\/div>\n<p> LIED-PIERI \u00a0 Tutelles\u00a0&gt; Universit\u00e9 Paris Diderot \u00a0 UFR de rattachement\u00a0&gt; UFR Physique, SDV, CHIMIE, GHES \u00a0 \u00a0 Label unit\u00e9\u00a0&gt; UMR \u00a0 Pr\u00e9sentation Le laboratoire en quelques mots Le Laboratoire Interdisciplinaire des Energies de Demain (LIED) a pour objectif fondateur de d\u00e9velopper \u00ab l\u2019\u00e9cologie des \u00e9nergies \u00bb, en menant \u00e0 la fois recherches scientifiques et&hellip; <a class=\"continue\" href=\"https:\/\/wordpress-test.app.u-pariscite.fr\/sdv\/laboratoire-interdisciplinaire-des-energies-de-demain\/\">Lire la suite<span> Laboratoire Interdisciplinaire des Energies de Demain<\/span><\/a><\/p>\n","protected":false},"author":69,"featured_media":0,"parent":0,"menu_order":0,"comment_status":"closed","ping_status":"closed","template":"","meta":{"_et_pb_use_builder":"on","_et_pb_old_content":"","_et_gb_content_width":"","footnotes":""},"class_list":["post-1597","page","type-page","status-publish","hentry"],"_links":{"self":[{"href":"https:\/\/wordpress-test.app.u-pariscite.fr\/sdv\/wp-json\/wp\/v2\/pages\/1597","targetHints":{"allow":["GET"]}}],"collection":[{"href":"https:\/\/wordpress-test.app.u-pariscite.fr\/sdv\/wp-json\/wp\/v2\/pages"}],"about":[{"href":"https:\/\/wordpress-test.app.u-pariscite.fr\/sdv\/wp-json\/wp\/v2\/types\/page"}],"author":[{"embeddable":true,"href":"https:\/\/wordpress-test.app.u-pariscite.fr\/sdv\/wp-json\/wp\/v2\/users\/69"}],"replies":[{"embeddable":true,"href":"https:\/\/wordpress-test.app.u-pariscite.fr\/sdv\/wp-json\/wp\/v2\/comments?post=1597"}],"version-history":[{"count":3,"href":"https:\/\/wordpress-test.app.u-pariscite.fr\/sdv\/wp-json\/wp\/v2\/pages\/1597\/revisions"}],"predecessor-version":[{"id":1666,"href":"https:\/\/wordpress-test.app.u-pariscite.fr\/sdv\/wp-json\/wp\/v2\/pages\/1597\/revisions\/1666"}],"wp:attachment":[{"href":"https:\/\/wordpress-test.app.u-pariscite.fr\/sdv\/wp-json\/wp\/v2\/media?parent=1597"}],"curies":[{"name":"wp","href":"https:\/\/api.w.org\/{rel}","templated":true}]}}