{"id":1591,"date":"2021-01-09T08:50:27","date_gmt":"2021-01-09T07:50:27","guid":{"rendered":"https:\/\/wordpress-test.app.u-pariscite.fr\/sdv\/?page_id=1591"},"modified":"2021-01-09T08:50:53","modified_gmt":"2021-01-09T07:50:53","slug":"eco-anthropologie-et-ethnobiologie-3","status":"publish","type":"page","link":"https:\/\/wordpress-test.app.u-pariscite.fr\/sdv\/eco-anthropologie-et-ethnobiologie-3\/","title":{"rendered":"\u00c9co-anthropologie et ethnobiologie"},"content":{"rendered":"<p>[et_pb_section bb_built=\u00a0\u00bb1&Prime; next_background_color=\u00a0\u00bb#000000&Prime;][et_pb_row][et_pb_column type=\u00a0\u00bb4_4&Prime;][et_pb_post_title _builder_version=\u00a0\u00bb3.22.1&Prime; meta=\u00a0\u00bboff\u00a0\u00bb featured_image=\u00a0\u00bboff\u00a0\u00bb text_shadow_horizontal_length=\u00a0\u00bbtext_shadow_style,%91object Object%93&Prime; text_shadow_vertical_length=\u00a0\u00bbtext_shadow_style,%91object Object%93&Prime; text_shadow_blur_strength=\u00a0\u00bbtext_shadow_style,%91object Object%93&Prime; title_text_shadow_horizontal_length=\u00a0\u00bbtitle_text_shadow_style,%91object Object%93&Prime; title_text_shadow_vertical_length=\u00a0\u00bbtitle_text_shadow_style,%91object Object%93&Prime; title_text_shadow_blur_strength=\u00a0\u00bbtitle_text_shadow_style,%91object Object%93&Prime; meta_text_shadow_horizontal_length=\u00a0\u00bbmeta_text_shadow_style,%91object Object%93&Prime; meta_text_shadow_vertical_length=\u00a0\u00bbmeta_text_shadow_style,%91object Object%93&Prime; meta_text_shadow_blur_strength=\u00a0\u00bbmeta_text_shadow_style,%91object Object%93&Prime; z_index_tablet=\u00a0\u00bb500&Prime; \/][\/et_pb_column][\/et_pb_row][\/et_pb_section][et_pb_section bb_built=\u00a0\u00bb1&Prime; inner_width=\u00a0\u00bbauto\u00a0\u00bb inner_max_width=\u00a0\u00bbnone\u00a0\u00bb prev_background_color=\u00a0\u00bb#000000&Prime;][et_pb_row][et_pb_column type=\u00a0\u00bb4_4&Prime;][et_pb_image _builder_version=\u00a0\u00bb3.22.1&Prime; src=\u00a0\u00bbhttps:\/\/wordpress-test.app.u-pariscite.fr\/sdv\/wp-content\/uploads\/sites\/4\/2020\/02\/\u00c9co-anthropologie-et-ethnobiologie-1.jpg\u00a0\u00bb z_index_tablet=\u00a0\u00bb500&Prime; \/][\/et_pb_column][\/et_pb_row][et_pb_row][et_pb_column type=\u00a0\u00bb1_3&Prime;][\/et_pb_column][et_pb_column type=\u00a0\u00bb1_3&Prime;][\/et_pb_column][et_pb_column type=\u00a0\u00bb1_3&Prime;][\/et_pb_column][\/et_pb_row][et_pb_row][et_pb_column type=\u00a0\u00bb4_4&Prime;][et_pb_text _builder_version=\u00a0\u00bb3.22.1&Prime; module_id=\u00a0\u00bbcontenu\u00a0\u00bb text_text_shadow_horizontal_length=\u00a0\u00bbtext_text_shadow_style,%91object Object%93&Prime; text_text_shadow_vertical_length=\u00a0\u00bbtext_text_shadow_style,%91object Object%93&Prime; text_text_shadow_blur_strength=\u00a0\u00bbtext_text_shadow_style,%91object Object%93&Prime; link_text_shadow_horizontal_length=\u00a0\u00bblink_text_shadow_style,%91object Object%93&Prime; link_text_shadow_vertical_length=\u00a0\u00bblink_text_shadow_style,%91object Object%93&Prime; link_text_shadow_blur_strength=\u00a0\u00bblink_text_shadow_style,%91object Object%93&Prime; ul_text_shadow_horizontal_length=\u00a0\u00bbul_text_shadow_style,%91object Object%93&Prime; ul_text_shadow_vertical_length=\u00a0\u00bbul_text_shadow_style,%91object Object%93&Prime; ul_text_shadow_blur_strength=\u00a0\u00bbul_text_shadow_style,%91object Object%93&Prime; ol_text_shadow_horizontal_length=\u00a0\u00bbol_text_shadow_style,%91object Object%93&Prime; ol_text_shadow_vertical_length=\u00a0\u00bbol_text_shadow_style,%91object Object%93&Prime; ol_text_shadow_blur_strength=\u00a0\u00bbol_text_shadow_style,%91object Object%93&Prime; quote_text_shadow_horizontal_length=\u00a0\u00bbquote_text_shadow_style,%91object Object%93&Prime; quote_text_shadow_vertical_length=\u00a0\u00bbquote_text_shadow_style,%91object Object%93&Prime; quote_text_shadow_blur_strength=\u00a0\u00bbquote_text_shadow_style,%91object Object%93&Prime; header_text_shadow_horizontal_length=\u00a0\u00bbheader_text_shadow_style,%91object Object%93&Prime; header_text_shadow_vertical_length=\u00a0\u00bbheader_text_shadow_style,%91object Object%93&Prime; header_text_shadow_blur_strength=\u00a0\u00bbheader_text_shadow_style,%91object Object%93&Prime; header_2_text_shadow_horizontal_length=\u00a0\u00bbheader_2_text_shadow_style,%91object Object%93&Prime; header_2_text_shadow_vertical_length=\u00a0\u00bbheader_2_text_shadow_style,%91object Object%93&Prime; header_2_text_shadow_blur_strength=\u00a0\u00bbheader_2_text_shadow_style,%91object Object%93&Prime; header_3_text_shadow_horizontal_length=\u00a0\u00bbheader_3_text_shadow_style,%91object Object%93&Prime; header_3_text_shadow_vertical_length=\u00a0\u00bbheader_3_text_shadow_style,%91object Object%93&Prime; header_3_text_shadow_blur_strength=\u00a0\u00bbheader_3_text_shadow_style,%91object Object%93&Prime; header_4_text_shadow_horizontal_length=\u00a0\u00bbheader_4_text_shadow_style,%91object Object%93&Prime; header_4_text_shadow_vertical_length=\u00a0\u00bbheader_4_text_shadow_style,%91object Object%93&Prime; header_4_text_shadow_blur_strength=\u00a0\u00bbheader_4_text_shadow_style,%91object Object%93&Prime; header_5_text_shadow_horizontal_length=\u00a0\u00bbheader_5_text_shadow_style,%91object Object%93&Prime; header_5_text_shadow_vertical_length=\u00a0\u00bbheader_5_text_shadow_style,%91object Object%93&Prime; header_5_text_shadow_blur_strength=\u00a0\u00bbheader_5_text_shadow_style,%91object Object%93&Prime; header_6_text_shadow_horizontal_length=\u00a0\u00bbheader_6_text_shadow_style,%91object Object%93&Prime; header_6_text_shadow_vertical_length=\u00a0\u00bbheader_6_text_shadow_style,%91object Object%93&Prime; header_6_text_shadow_blur_strength=\u00a0\u00bbheader_6_text_shadow_style,%91object Object%93&Prime; z_index_tablet=\u00a0\u00bb500&Prime;]<\/p>\n<div class=\"panel-pane pane-entity-field pane-node-field-labo-acronyme h4\">\n<div class=\"pane-content\">\n<div class=\"field field-name-field-labo-acronyme field-type-text field-label-hidden\">\n<div class=\"field-items\">\n<div class=\"field-item even\">EAE<\/div>\n<\/div>\n<\/div>\n<\/div>\n<\/div>\n<div class=\"panel-separator\">\u00a0<\/div>\n<div class=\"panel-pane pane-entity-field pane-node-field-labo-tutelle-principale\">\n<div class=\"pane-content\">\n<div class=\"field field-name-field-labo-tutelle-principale field-type-text field-label-inline inline\">\n<div class=\"field-label\">Tutelles\u00a0&gt;<\/div>\n<div class=\"field-items\">\n<div class=\"field-item even\">MHNH<\/div>\n<\/div>\n<\/div>\n<\/div>\n<\/div>\n<div class=\"panel-separator\">\u00a0<\/div>\n<div class=\"panel-pane pane-entity-field pane-node-field-labo-ufr-rattachement\">\n<div class=\"pane-content\">\n<div class=\"field field-name-field-labo-ufr-rattachement field-type-text field-label-inline inline\">\n<div class=\"field-label\">UFR de rattachement\u00a0&gt;<\/div>\n<div class=\"field-items\">\n<div class=\"field-item even\">Sciences du Vivant<\/div>\n<\/div>\n<\/div>\n<\/div>\n<\/div>\n<div class=\"panel-separator\">\u00a0<\/div>\n<div class=\"panel-pane pane-entity-field pane-node-field-labo-rattachement-ppl\">\n<div class=\"pane-content\">\u00a0<\/div>\n<\/div>\n<div class=\"panel-pane pane-entity-field pane-node-field-labo-label-unite node-categories\">\n<div class=\"pane-content\">\n<div class=\"field field-name-field-labo-label-unite field-type-text field-label-inline inline\">\n<div class=\"field-label\">Label unit\u00e9\u00a0&gt;<\/div>\n<div class=\"field-items\">\n<div class=\"field-item even\">USM 104 (MNHN) et UMR 7206 (CNRS)<\/div>\n<\/div>\n<\/div>\n<\/div>\n<\/div>\n<div class=\"panel-separator\">\u00a0<\/div>\n<div class=\"panel-pane pane-entity-field pane-node-field-labo-autres-rattachement\">\n<div class=\"pane-content\">\n<div class=\"field field-name-field-labo-autres-rattachement field-type-text field-label-inline inline\">\n<div class=\"field-label\">Partenaires\u00a0&gt;<\/div>\n<div class=\"field-items\">\n<div class=\"field-item even\">Universit\u00e9 Paris Diderot\/CNRS<\/div>\n<\/div>\n<\/div>\n<\/div>\n<\/div>\n<div class=\"panel-separator\">\u00a0<\/div>\n<h3>Pr\u00e9sentation<\/h3>\n<div class=\"field field-name-body field-type-text-with-summary field-label-hidden\">\n<div class=\"field-items\">\n<div class=\"field-item even\">\n<p>L\u2019\u00e9co-anthropologie est un domaine de recherche qui se place \u00e0 l\u2019intersection de l\u2019\u00e9tude des syst\u00e8mes naturels (\u00e9cosyst\u00e8mes) et de celle de l\u2019esp\u00e8ce humaine et des syst\u00e8mes sociaux.<br \/>Sous ce terme, l\u2019\u00e9tude des interactions entre l\u2019homme et le milieu naturel s\u2019organise selon deux axes compl\u00e9mentaires\u00a0:<\/p>\n<p>\u2666\u00a0l\u2019influence de l\u2019environnement sur l\u2019homme au niveau biologique et social, ou \u00ab\u00a0\u00e9cologie humaine\u00a0\u00bb<br \/>\u2666\u00a0les modes de connaissances et d\u2019usage des \u00e9cosyst\u00e8mes par l\u2019homme, ou \u00ab\u00a0ethnobiologie\u00a0\u00bb<\/p>\n<p>La d\u00e9marche du laboratoire est donc interdisciplinaire, et associe des chercheurs des sciences de l\u2019homme et des sciences de la vie, dans les disciplines suivantes\u00a0:<\/p>\n<p>&#8211; \u00e9thologie, physiologie, \u00e9cologie et g\u00e9n\u00e9tique des populations humaines<br \/>&#8211; anthropobiologie, ethnologie, ethnobiologie, anthropologie culturelle<\/p>\n<p>En pratique, les chercheurs travaillent sur des terrains en zone rurale comme en milieu urbain, au sein de populations r\u00e9sidentes ou migrantes, principalement dans les r\u00e9gions suivantes\u00a0:<\/p>\n<ul>\n<li>en Europe (France, r\u00e9gion m\u00e9diterran\u00e9enne),<\/li>\n<li>en Asie centrale (Ouzb\u00e9kistan, Kirghizistan et Tadjikistan),<\/li>\n<li>en Afrique (Maghreb, Afrique sah\u00e9lienne et Afrique foresti\u00e8re),<\/li>\n<li>au Moyen-Orient (\u00c9gypte, Y\u00e9men, Qatar),<\/li>\n<li>\u00e0 Madagascar, \u00e0 Mayotte et \u00e0 la R\u00e9union,<\/li>\n<li>en Guyane fran\u00e7aise.<\/li>\n<\/ul>\n<p>En parall\u00e8le \u00e0 ces \u00e9tudes sur les populations humaines, certaines de nos recherches concernent le comportement alimentaire des primates (l\u00e9muriens et grands singes anthropo\u00efdes), ce qui permet de placer nos analyses dans une perspective phylog\u00e9n\u00e9tique.<\/p>\n<p>Un travail plus th\u00e9orique en aval permet de synth\u00e9tiser les informations des diff\u00e9rentes disciplines pour mieux comprendre les interactions entre les populations humaines et leur environnement.<\/p>\n<\/div>\n<\/div>\n<\/div>\n<div class=\"panel-separator\">\u00a0<\/div>\n<h3>Th\u00e8mes de recherche<\/h3>\n<div class=\"field field-name-field-labo-themes-recherche field-type-text-long field-label-hidden\">\n<div class=\"field-items\">\n<div class=\"field-item even\">\n<p>&nbsp;<\/p>\n<ol>\n<li>Alimentation, sant\u00e9, bien-\u00eatre, maladie : adaptabilit\u00e9 et perceptions<\/li>\n<li>Biodiversit\u00e9, syst\u00e8mes \u00e9cologiques et activit\u00e9s humaines<\/li>\n<li>G\u00e9n\u00e9tique des populations humaines<\/li>\n<li>Les hommes et les animaux<\/li>\n<li>Perception des aliments et comportement alimentaire\u00a0<\/li>\n<\/ol>\n<\/div>\n<\/div>\n<\/div>\n<div class=\"panel-separator\">\u00a0<\/div>\n<h3>Equipes de recherche<\/h3>\n<div class=\"field field-name-field-labo-equipe-recherche field-type-text-long field-label-hidden\">\n<div class=\"field-items\">\n<div class=\"field-item even\">\n<p>l\u2019Unit\u00e9 scientifique du Mus\u00e9um 104 (USM 104) se situe au sein du D\u00e9partement \u00ab\u00a0Hommes, Natures, Soci\u00e9t\u00e9s\u00a0\u00bb, d\u00e9partement renomm\u00e9 et r\u00e9organis\u00e9 depuis le 1er janvier 2017 en D\u00e9partement \u00ab\u00a0Homme et Environnement\u00a0\u00bb.<\/p>\n<p>Responsable : Serge Bahuchet<\/p>\n<p>*\u00a0 Anthropologie \u00e9volutive (resp. Evelyne Heyer et Fr\u00e9d\u00e9ric Austerlitz)<\/p>\n<p>*\u00a0 Primates non humains et environnement (resp. Bruno Simmen et Sabrina Krief)<\/p>\n<p>*\u00a0 Ethno\u00e9cologie et savoirs locaux (resp. Serge Bahuchet et Richard Dumez)<\/p>\n<p>*\u00a0 Syst\u00e9matique et cat\u00e9gorisation culturelles (resp. Susanne F\u00fcrniss)<\/p>\n<p>*\u00a0 Anthropologie et politiques de la nature (resp. Laurence B\u00e9rard et Elise Demeulenaere)<\/p>\n<p>Th\u00e8mes transversaux :<\/p>\n<p>* Villes vivri\u00e8res (resp. Julien Blanc)<\/p>\n<\/div>\n<\/div>\n<\/div>\n<div class=\"panel-separator\">\u00a0<\/div>\n<h3 class=\"niveau3\">AUTRES CONTACTS<\/h3>\n<div class=\"field field-name-field-labo-autres-contacts field-type-text-long field-label-hidden\">\n<div class=\"field-items\">\n<div class=\"field-item even\">\n<p>D\u00e9partement Homme et Environnement<\/p>\n<p>Mus\u00e9um National d\u2019Histoire naturelle<\/p>\n<p>Site du Mus\u00e9e de l\u2019Homme<\/p>\n<p>17 place du Trocad\u00e9ro<\/p>\n<p>75116 PARIS<\/p>\n<p>&nbsp;<\/p>\n<\/div>\n<\/div>\n<\/div>\n<div class=\"panel-separator\">\u00a0<\/div>\n<div class=\"panel-pane pane-entity-field pane-node-field-liens-web\">\n<div class=\"pane-content\">\n<div class=\"field field-name-field-liens-web field-type-link-field field-label-inline inline\">\n<div class=\"field-label\">Lien(s) web\u00a0&gt;<\/div>\n<div class=\"field-items\">\n<div class=\"field-item even\"><a class=\"ext extlink\" href=\"http:\/\/ecoanthropologie.cnrs.fr\/article1.html\" target=\"_blank\" rel=\"noopener noreferrer\">http:\/\/ecoanthropologie.cnrs.fr\/article1.html<\/a><\/div>\n<\/div>\n<\/div>\n<\/div>\n<\/div>\n<div class=\"panel-separator\">\u00a0<\/div>\n<h3>Localisation<\/h3>\n<div class=\"field field-name-field-labo-localisation field-type-location field-label-hidden\">\n<div class=\"field-items\">\n<div class=\"field-item even\">\n<div class=\"location vcard\">\n<div class=\"adr\">\n<div class=\"street-address\">17 place du Trocad\u00e9ro<\/div>\n<p><span class=\"postal-code\">75016<\/span>\u00a0<span class=\"locality\">PARIS<\/span><\/div>\n<\/div>\n<div class=\"location-hidden\">France<\/div>\n<\/div>\n<\/div>\n<\/div>\n<p>[\/et_pb_text][\/et_pb_column][\/et_pb_row][et_pb_row][et_pb_column type=\u00a0\u00bb1_2&Prime;][\/et_pb_column][et_pb_column type=\u00a0\u00bb1_2&Prime;][\/et_pb_column][\/et_pb_row][\/et_pb_section]<\/p>\n","protected":false},"excerpt":{"rendered":"<div class=\"et_pb_row et_pb_row_0 et_pb_row_empty\"><\/div>\n<div class=\"et_pb_row et_pb_row_1 et_pb_row_empty\"><\/div>\n<div class=\"et_pb_row et_pb_row_2 et_pb_row_empty\"><\/div>\n<div class=\"et_pb_row et_pb_row_3 et_pb_row_empty\"><\/div>\n<p> EAE \u00a0 Tutelles\u00a0&gt; MHNH \u00a0 UFR de rattachement\u00a0&gt; Sciences du Vivant \u00a0 \u00a0 Label unit\u00e9\u00a0&gt; USM 104 (MNHN) et UMR 7206 (CNRS) \u00a0 Partenaires\u00a0&gt; Universit\u00e9 Paris Diderot\/CNRS \u00a0 Pr\u00e9sentation L\u2019\u00e9co-anthropologie est un domaine de recherche qui se place \u00e0 l\u2019intersection de l\u2019\u00e9tude des syst\u00e8mes naturels (\u00e9cosyst\u00e8mes) et de celle de l\u2019esp\u00e8ce humaine et des&hellip; <a class=\"continue\" href=\"https:\/\/wordpress-test.app.u-pariscite.fr\/sdv\/eco-anthropologie-et-ethnobiologie-3\/\">Lire la suite<span> \u00c9co-anthropologie et ethnobiologie<\/span><\/a><\/p>\n","protected":false},"author":69,"featured_media":0,"parent":0,"menu_order":0,"comment_status":"closed","ping_status":"closed","template":"","meta":{"_et_pb_use_builder":"on","_et_pb_old_content":"","_et_gb_content_width":"","footnotes":""},"class_list":["post-1591","page","type-page","status-publish","hentry"],"_links":{"self":[{"href":"https:\/\/wordpress-test.app.u-pariscite.fr\/sdv\/wp-json\/wp\/v2\/pages\/1591","targetHints":{"allow":["GET"]}}],"collection":[{"href":"https:\/\/wordpress-test.app.u-pariscite.fr\/sdv\/wp-json\/wp\/v2\/pages"}],"about":[{"href":"https:\/\/wordpress-test.app.u-pariscite.fr\/sdv\/wp-json\/wp\/v2\/types\/page"}],"author":[{"embeddable":true,"href":"https:\/\/wordpress-test.app.u-pariscite.fr\/sdv\/wp-json\/wp\/v2\/users\/69"}],"replies":[{"embeddable":true,"href":"https:\/\/wordpress-test.app.u-pariscite.fr\/sdv\/wp-json\/wp\/v2\/comments?post=1591"}],"version-history":[{"count":2,"href":"https:\/\/wordpress-test.app.u-pariscite.fr\/sdv\/wp-json\/wp\/v2\/pages\/1591\/revisions"}],"predecessor-version":[{"id":1593,"href":"https:\/\/wordpress-test.app.u-pariscite.fr\/sdv\/wp-json\/wp\/v2\/pages\/1591\/revisions\/1593"}],"wp:attachment":[{"href":"https:\/\/wordpress-test.app.u-pariscite.fr\/sdv\/wp-json\/wp\/v2\/media?parent=1591"}],"curies":[{"name":"wp","href":"https:\/\/api.w.org\/{rel}","templated":true}]}}