{"id":1582,"date":"2021-01-09T08:42:42","date_gmt":"2021-01-09T07:42:42","guid":{"rendered":"https:\/\/wordpress-test.app.u-pariscite.fr\/sdv\/?page_id=1582"},"modified":"2021-01-21T10:07:42","modified_gmt":"2021-01-21T09:07:42","slug":"stem-cells-and-radiations","status":"publish","type":"page","link":"https:\/\/wordpress-test.app.u-pariscite.fr\/sdv\/stem-cells-and-radiations\/","title":{"rendered":"Stem Cells and Radiations"},"content":{"rendered":"<p>[et_pb_section bb_built=\u00a0\u00bb1&Prime; next_background_color=\u00a0\u00bb#000000&Prime; inner_width=\u00a0\u00bbauto\u00a0\u00bb inner_max_width=\u00a0\u00bbnone\u00a0\u00bb][et_pb_row][et_pb_column type=\u00a0\u00bb4_4&Prime;][et_pb_post_title _builder_version=\u00a0\u00bb3.22.1&Prime; meta=\u00a0\u00bboff\u00a0\u00bb featured_image=\u00a0\u00bboff\u00a0\u00bb text_shadow_horizontal_length=\u00a0\u00bbtext_shadow_style,%91object Object%93&Prime; text_shadow_vertical_length=\u00a0\u00bbtext_shadow_style,%91object Object%93&Prime; text_shadow_blur_strength=\u00a0\u00bbtext_shadow_style,%91object Object%93&Prime; title_text_shadow_horizontal_length=\u00a0\u00bbtitle_text_shadow_style,%91object Object%93&Prime; title_text_shadow_vertical_length=\u00a0\u00bbtitle_text_shadow_style,%91object Object%93&Prime; title_text_shadow_blur_strength=\u00a0\u00bbtitle_text_shadow_style,%91object Object%93&Prime; meta_text_shadow_horizontal_length=\u00a0\u00bbmeta_text_shadow_style,%91object Object%93&Prime; meta_text_shadow_vertical_length=\u00a0\u00bbmeta_text_shadow_style,%91object Object%93&Prime; meta_text_shadow_blur_strength=\u00a0\u00bbmeta_text_shadow_style,%91object Object%93&Prime; z_index_tablet=\u00a0\u00bb500&Prime; \/][\/et_pb_column][\/et_pb_row][\/et_pb_section][et_pb_section bb_built=\u00a0\u00bb1&Prime; inner_width=\u00a0\u00bbauto\u00a0\u00bb inner_max_width=\u00a0\u00bbnone\u00a0\u00bb prev_background_color=\u00a0\u00bb#000000&Prime;][et_pb_row][et_pb_column type=\u00a0\u00bb4_4&Prime;][et_pb_image _builder_version=\u00a0\u00bb3.22.1&Prime; src=\u00a0\u00bbhttps:\/\/wordpress-test.app.u-pariscite.fr\/sdv\/wp-content\/uploads\/sites\/4\/2020\/02\/Stabilit\u00e9-g\u00e9n\u00e9tique-cellules-souches-et-radiations.jpg\u00a0\u00bb z_index_tablet=\u00a0\u00bb500&Prime; \/][\/et_pb_column][\/et_pb_row][et_pb_row][et_pb_column type=\u00a0\u00bb1_3&Prime;][et_pb_divider _builder_version=\u00a0\u00bb3.22.1&Prime; z_index_tablet=\u00a0\u00bb500&Prime; \/][et_pb_button admin_label=\u00a0\u00bbbouton &#8211; ajouter le lien vers la page\u00a0\u00bb button_url=\u00a0\u00bbhttps:\/\/wordpress-test.app.u-pariscite.fr\/sdv\/stabilite-genetique-cellules-souches-et-radiations-2\/\u00a0\u00bb button_text=\u00a0\u00bbVersion fran\u00e7aise\u00a0\u00bb button_alignment=\u00a0\u00bbleft\u00a0\u00bb _builder_version=\u00a0\u00bb3.22.1&Prime; custom_button=\u00a0\u00bbon\u00a0\u00bb button_text_color=\u00a0\u00bb#ffffff\u00a0\u00bb button_bg_color=\u00a0\u00bb#8a1538&Prime; button_border_width=\u00a0\u00bb2&Prime; button_border_radius=\u00a0\u00bb26&Prime; button_icon=\u00a0\u00bb%%20%%\u00a0\u00bb button_icon_color=\u00a0\u00bb#ffffff\u00a0\u00bb button_on_hover=\u00a0\u00bboff\u00a0\u00bb background_layout=\u00a0\u00bbdark\u00a0\u00bb hover_enabled=\u00a0\u00bb0&Prime; custom_css_after=\u00a0\u00bbmargin-left: 0!important;\u00a0\u00bb saved_tabs=\u00a0\u00bball\u00a0\u00bb background_layout__hover_enabled=\u00a0\u00bbon\u00a0\u00bb background_layout__hover=\u00a0\u00bblight\u00a0\u00bb button_bg_color__hover_enabled=\u00a0\u00bbon\u00a0\u00bb button_bg_color__hover=\u00a0\u00bb#ffffff\u00a0\u00bb button_icon_color__hover_enabled=\u00a0\u00bbon\u00a0\u00bb button_icon_color__hover=\u00a0\u00bb#aa004f\u00a0\u00bb button_text_color__hover_enabled=\u00a0\u00bbon\u00a0\u00bb button_text_color__hover=\u00a0\u00bb#aa004f\u00a0\u00bb custom_css_after__hover_enabled=\u00a0\u00bbon\u00a0\u00bb custom_css_after__hover=\u00a0\u00bbmargin-left: 0!important;\u00a0\u00bb button_border_color=\u00a0\u00bb#8a1538&Prime; button_text_shadow_horizontal_length=\u00a0\u00bbbutton_text_shadow_style,%91object Object%93&Prime; button_text_shadow_vertical_length=\u00a0\u00bbbutton_text_shadow_style,%91object Object%93&Prime; button_text_shadow_blur_strength=\u00a0\u00bbbutton_text_shadow_style,%91object Object%93&Prime; z_index_tablet=\u00a0\u00bb500&Prime; \/][\/et_pb_column][et_pb_column type=\u00a0\u00bb1_3&Prime;][\/et_pb_column][et_pb_column type=\u00a0\u00bb1_3&Prime;][\/et_pb_column][\/et_pb_row][et_pb_row][et_pb_column type=\u00a0\u00bb4_4&Prime;][et_pb_text _builder_version=\u00a0\u00bb3.22.1&Prime; module_id=\u00a0\u00bbcontenu\u00a0\u00bb text_text_shadow_horizontal_length=\u00a0\u00bbtext_text_shadow_style,%91object Object%93&Prime; text_text_shadow_vertical_length=\u00a0\u00bbtext_text_shadow_style,%91object Object%93&Prime; text_text_shadow_blur_strength=\u00a0\u00bbtext_text_shadow_style,%91object Object%93&Prime; link_text_shadow_horizontal_length=\u00a0\u00bblink_text_shadow_style,%91object Object%93&Prime; link_text_shadow_vertical_length=\u00a0\u00bblink_text_shadow_style,%91object Object%93&Prime; link_text_shadow_blur_strength=\u00a0\u00bblink_text_shadow_style,%91object Object%93&Prime; ul_text_shadow_horizontal_length=\u00a0\u00bbul_text_shadow_style,%91object Object%93&Prime; ul_text_shadow_vertical_length=\u00a0\u00bbul_text_shadow_style,%91object Object%93&Prime; ul_text_shadow_blur_strength=\u00a0\u00bbul_text_shadow_style,%91object Object%93&Prime; ol_text_shadow_horizontal_length=\u00a0\u00bbol_text_shadow_style,%91object Object%93&Prime; ol_text_shadow_vertical_length=\u00a0\u00bbol_text_shadow_style,%91object Object%93&Prime; ol_text_shadow_blur_strength=\u00a0\u00bbol_text_shadow_style,%91object Object%93&Prime; quote_text_shadow_horizontal_length=\u00a0\u00bbquote_text_shadow_style,%91object Object%93&Prime; quote_text_shadow_vertical_length=\u00a0\u00bbquote_text_shadow_style,%91object Object%93&Prime; quote_text_shadow_blur_strength=\u00a0\u00bbquote_text_shadow_style,%91object Object%93&Prime; header_text_shadow_horizontal_length=\u00a0\u00bbheader_text_shadow_style,%91object Object%93&Prime; header_text_shadow_vertical_length=\u00a0\u00bbheader_text_shadow_style,%91object Object%93&Prime; header_text_shadow_blur_strength=\u00a0\u00bbheader_text_shadow_style,%91object Object%93&Prime; header_2_text_shadow_horizontal_length=\u00a0\u00bbheader_2_text_shadow_style,%91object Object%93&Prime; header_2_text_shadow_vertical_length=\u00a0\u00bbheader_2_text_shadow_style,%91object Object%93&Prime; header_2_text_shadow_blur_strength=\u00a0\u00bbheader_2_text_shadow_style,%91object Object%93&Prime; header_3_text_shadow_horizontal_length=\u00a0\u00bbheader_3_text_shadow_style,%91object Object%93&Prime; header_3_text_shadow_vertical_length=\u00a0\u00bbheader_3_text_shadow_style,%91object Object%93&Prime; header_3_text_shadow_blur_strength=\u00a0\u00bbheader_3_text_shadow_style,%91object Object%93&Prime; header_4_text_shadow_horizontal_length=\u00a0\u00bbheader_4_text_shadow_style,%91object Object%93&Prime; header_4_text_shadow_vertical_length=\u00a0\u00bbheader_4_text_shadow_style,%91object Object%93&Prime; header_4_text_shadow_blur_strength=\u00a0\u00bbheader_4_text_shadow_style,%91object Object%93&Prime; header_5_text_shadow_horizontal_length=\u00a0\u00bbheader_5_text_shadow_style,%91object Object%93&Prime; header_5_text_shadow_vertical_length=\u00a0\u00bbheader_5_text_shadow_style,%91object Object%93&Prime; header_5_text_shadow_blur_strength=\u00a0\u00bbheader_5_text_shadow_style,%91object Object%93&Prime; header_6_text_shadow_horizontal_length=\u00a0\u00bbheader_6_text_shadow_style,%91object Object%93&Prime; header_6_text_shadow_vertical_length=\u00a0\u00bbheader_6_text_shadow_style,%91object Object%93&Prime; header_6_text_shadow_blur_strength=\u00a0\u00bbheader_6_text_shadow_style,%91object Object%93&Prime; z_index_tablet=\u00a0\u00bb500&Prime;]<\/p>\n<div class=\"panel-pane pane-entity-field pane-node-field-labo-acronyme h4\">\n<div class=\"pane-content\">\n<div class=\"field field-name-field-labo-acronyme field-type-text field-label-hidden\">\n<div class=\"field-items\">\n<div class=\"field-item even\">\n<p><strong>Sigle<\/strong>\u00a0: SGCSR<\/p>\n<p><strong>Tutelles<\/strong>\u00a0: \u00a0Universit\u00e9 Paris Cit\u00e9, Universit\u00e9 Paris-Saclay, Inserm, CEA<\/p>\n<p><strong>UFR de rattachement<\/strong>\u00a0: Sciences du Vivant<\/p>\n<p><strong>Label unit\u00e9<\/strong>\u00a0: UMRE008-U1274<\/p>\n<p>\u00a0<\/p>\n<p><strong>Directeur :<\/strong> Fran\u00e7ois Boussin (<a href=\"mailto:francois.boussin@cea.fr\">francois.boussin@cea.fr<\/a>)\u00a0\u00a0<\/p>\n<p><strong>Directrice adjointe\u00a0:\u00a0 <\/strong>Fran\u00e7oise Pflumio<strong> (<\/strong><a href=\"mailto:francoise.pflumio@cea.fr)\">francoise.pflumio@cea.fr)<\/a><\/p>\n<h4>\u00a0<\/h4>\n<h4><strong>Pr\u00e9sentation<\/strong>\u00a0:<\/h4>\n<p>UMR Genetic Stability, Stem Cells and Radiation (SGCSR) studies the molecular mechanisms ensuring DNA repair and genome stability and normal and cancer stem cell biology (germinal, hematopoietic and neural stem cells). Combination of these research themes gives to the UMR\u2019s teams unique opportunities to develop original research topics aiming to characterize the cellular and tissue responses to genotoxic stress such as ionizing radiation. To this end, they develop several model systems (<em>Saccharomyces cerevisiae, Helicobacter pilori<\/em>) and preclinical models (mice). The goal is to provide a better understanding of the development of various cancer and non-cancer pathologies in order to propose new specific preventive and\/or therapeutic strategies.<\/p>\n<p>\u00a0<\/p>\n<h4><strong>Publications\u00a0:<\/strong><\/h4>\n<p>\u00a0<a href=\"https:\/\/www-cea-fr.admsite.extra.cea.fr\/drf\/ifrancoisjacob\/Pages\/Departements\/IRCM\/Productions-scientifiques\/Publications-IRCM.aspx\">https:\/\/www-cea-fr.admsite.extra.cea.fr\/drf\/ifrancoisjacob\/Pages\/Departements\/IRCM\/Productions-scientifiques\/Publications-IRCM.aspx<\/a><\/p>\n<p>\u00a0<\/p>\n<h4><strong>Research teams:<\/strong><\/h4>\n<ul>\n<li>R\u00e9paration de l\u2019ADN et Stabilit\u00e9 des Chromosomes &#8211; Responsable : St\u00e9phane Marcand (<a href=\"mailto:stephane.marcand@cea.fr\">marcand@cea.fr<\/a>)<\/li>\n<li>Niche et Cancer dans l\u2019H\u00e9matopo\u00ef\u00e8se &#8211; Responsable : Fran\u00e7oise Pflumio (<a href=\"mailto:francoise.pflumio@cea.fr\">pflumio@cea.fr<\/a>)<\/li>\n<li>Neurogen\u00e8se, R\u00e9paration et Cancer \u2013 Responsable : Fran\u00e7ois Boussin (<a href=\"mailto:francois.boussin@cea.fr\">boussin@cea.fr<\/a>)<\/li>\n<li>Cancer et microenvironnement \u2013 Responsable : Claire Magnon (<a href=\"mailto:claire.magnon@cea.fr\">magnon@cea.fr<\/a>)<\/li>\n<li>Diff\u00e9renciation des Cellules Germinales \u2013 Responsable : Gabriel Livera (<a href=\"mailto:gabriel.livera@cea.fr\">livera@cea.fr<\/a>)<\/li>\n<li>Recherche sur l\u2019Instabilit\u00e9 G\u00e9n\u00e9tique \u2013 Responsable : Juan-Pablo Radicella (<a href=\"mailto:pablo.Radicella@cea.fr\">Radicella@cea.fr<\/a>)<\/li>\n<\/ul>\n<h4><strong>Platforms:<\/strong><\/h4>\n<ul>\n<li>Irradiation\u00a0:<\/li>\n<\/ul>\n<p><a href=\"https:\/\/www-cea-fr.admsite.extra.cea.fr\/drf\/ifrancoisjacob\/Pages\/Departements\/IRCM\/Equipes\/PF-Irradiation.aspx\">https:\/\/www-cea-fr.admsite.extra.cea.fr\/drf\/ifrancoisjacob\/Pages\/Departements\/IRCM\/Equipes\/PF-Irradiation.aspx<\/a> (contact: <a href=\"mailto:veronique.menard@cea.fr)\">veronique.menard@cea.fr)<\/a><\/p>\n<ul>\n<li>Microscopy\u00a0:<\/li>\n<\/ul>\n<p><a href=\"https:\/\/www-cea-fr.admsite.extra.cea.fr\/drf\/ifrancoisjacob\/Pages\/Departements\/IRCM\/Equipes\/PF-Irradiation.aspx\">https:\/\/www-cea-fr.admsite.extra.cea.fr\/drf\/ifrancoisjacob\/Pages\/Departements\/IRCM\/Equipes\/PF-Irradiation.aspx<\/a> (contact: <a href=\"mailto:lamya.irbah@cea.fr)\">lamya.irbah@cea.fr)<\/a><\/p>\n<ul>\n<li>Cytometry\u00a0:<\/li>\n<\/ul>\n<p><a href=\"https:\/\/www-cea-fr.admsite.extra.cea.fr\/drf\/ifrancoisjacob\/Pages\/Departements\/IRCM\/Equipes\/PF-Cytometrie.aspx\">https:\/\/www-cea-fr.admsite.extra.cea.fr\/drf\/ifrancoisjacob\/Pages\/Departements\/IRCM\/Equipes\/PF-Cytometrie.aspx<\/a> (contact :<a href=\"mailto:jan.baijer@cea.fr\">jan.baijer@cea.fr<\/a>)<\/p>\n<ul>\n<li>Genetic engineering (CIGEx)\u00a0: <a href=\"mailto:didier.busso@cea.fr\">busso@cea.fr<\/a><\/li>\n<\/ul>\n<p><a href=\"https:\/\/www-cea\">https:\/\/www-cea<\/a>.fr.admsite.extra.cea.fr\/drf\/ifrancoisjacob\/Pages\/Departements\/IRCM\/Equipes\/CiGex.aspx<\/p>\n<ul>\n<li>Animal experimentation (contact\u00a0: <a href=\"mailto:vilma.barroca@cea.fr)\">barroca@cea.fr)<\/a><\/li>\n<li>Animal facilities: (contact\u00a0: <a href=\"mailto:sylvia.vincent-naulleau@cea.fr\">vincent-naulleau@cea.fr<\/a>)<\/li>\n<\/ul>\n<p>\u00a0<\/p>\n<h4><strong>Other contacts: <\/strong><\/h4>\n<p><u>Secr\u00e9tariat<\/u>\u00a0: Aur\u00e9lie Gouret &amp; Arielle Leliard (<a href=\"mailto:secretariat-u1274@cea.fr\">secretariat-u1274@cea.fr<\/a>)<\/p>\n<p>Address:<\/p>\n<p>UMR SGCSR, iRCM\/IBFJ<\/p>\n<p>CEA<\/p>\n<p>B\u00e2timent 05<\/p>\n<p>18 route du Panorama<\/p>\n<p>92260 Fontenay-aux-Roses<\/p>\n<p>\u00a0<\/p>\n<h4><strong>Localisation:<\/strong><\/h4>\n<p>CEA<\/p>\n<p>18 route du Panorama<\/p>\n<p>92260 Fontenay-aux-Roses<\/p>\n<p>\u00a0<\/p>\n<\/div>\n<\/div>\n<p><a href=\"https:\/\/www.cea.fr\/drf\/ifrancoisjacob\/Pages\/Departements\/IRCM\/UMR-SGCSR.aspx\"><strong>Link to the UMR website<\/strong><\/a><\/p>\n<p>\u00a0<\/p>\n<p>\u00a0<\/p>\n<\/div>\n<\/div>\n<\/div>\n<p>[\/et_pb_text][\/et_pb_column][\/et_pb_row][et_pb_row][et_pb_column type=\u00a0\u00bb1_2&Prime;][\/et_pb_column][et_pb_column type=\u00a0\u00bb1_2&Prime;][\/et_pb_column][\/et_pb_row][\/et_pb_section]<\/p>\n","protected":false},"excerpt":{"rendered":"<div class=\"et_pb_row et_pb_row_0 et_pb_row_empty\"><\/div>\n<div class=\"et_pb_row et_pb_row_1 et_pb_row_empty\"><\/div>\n<div class=\"et_pb_row et_pb_row_2 et_pb_row_empty\"><\/div>\n<div class=\"et_pb_row et_pb_row_3 et_pb_row_empty\"><\/div>\n<p> Sigle\u00a0: SGCSRTutelles\u00a0: \u00a0Universit\u00e9 Paris Cit\u00e9, Universit\u00e9 Paris-Saclay, Inserm, CEAUFR de rattachement\u00a0: Sciences du VivantLabel unit\u00e9\u00a0: UMRE008-U1274\u00a0Directeur : Fran\u00e7ois Boussin (francois.boussin@cea.fr)\u00a0\u00a0Directrice adjointe\u00a0:\u00a0 Fran\u00e7oise Pflumio (francoise.pflumio@cea.fr)\u00a0Pr\u00e9sentation\u00a0:UMR Genetic Stability, Stem Cells and Radiation (SGCSR) studies the molecular mechanisms ensuring DNA repair and genome stability and normal and cancer stem cell biology (germinal, hematopoietic and neural stem cells).&hellip; <a class=\"continue\" href=\"https:\/\/wordpress-test.app.u-pariscite.fr\/sdv\/stem-cells-and-radiations\/\">Lire la suite<span> Stem Cells and Radiations<\/span><\/a><\/p>\n","protected":false},"author":69,"featured_media":0,"parent":0,"menu_order":0,"comment_status":"closed","ping_status":"closed","template":"","meta":{"_et_pb_use_builder":"on","_et_pb_old_content":"","_et_gb_content_width":"","footnotes":""},"class_list":["post-1582","page","type-page","status-publish","hentry"],"_links":{"self":[{"href":"https:\/\/wordpress-test.app.u-pariscite.fr\/sdv\/wp-json\/wp\/v2\/pages\/1582","targetHints":{"allow":["GET"]}}],"collection":[{"href":"https:\/\/wordpress-test.app.u-pariscite.fr\/sdv\/wp-json\/wp\/v2\/pages"}],"about":[{"href":"https:\/\/wordpress-test.app.u-pariscite.fr\/sdv\/wp-json\/wp\/v2\/types\/page"}],"author":[{"embeddable":true,"href":"https:\/\/wordpress-test.app.u-pariscite.fr\/sdv\/wp-json\/wp\/v2\/users\/69"}],"replies":[{"embeddable":true,"href":"https:\/\/wordpress-test.app.u-pariscite.fr\/sdv\/wp-json\/wp\/v2\/comments?post=1582"}],"version-history":[{"count":5,"href":"https:\/\/wordpress-test.app.u-pariscite.fr\/sdv\/wp-json\/wp\/v2\/pages\/1582\/revisions"}],"predecessor-version":[{"id":1584,"href":"https:\/\/wordpress-test.app.u-pariscite.fr\/sdv\/wp-json\/wp\/v2\/pages\/1582\/revisions\/1584"}],"wp:attachment":[{"href":"https:\/\/wordpress-test.app.u-pariscite.fr\/sdv\/wp-json\/wp\/v2\/media?parent=1582"}],"curies":[{"name":"wp","href":"https:\/\/api.w.org\/{rel}","templated":true}]}}