{"id":1560,"date":"2021-01-09T08:11:07","date_gmt":"2021-01-09T07:11:07","guid":{"rendered":"https:\/\/wordpress-test.app.u-pariscite.fr\/sdv\/?page_id=1560"},"modified":"2021-01-20T09:13:44","modified_gmt":"2021-01-20T08:13:44","slug":"biologie-fonctionnelle-et-adaptative","status":"publish","type":"page","link":"https:\/\/wordpress-test.app.u-pariscite.fr\/sdv\/biologie-fonctionnelle-et-adaptative\/","title":{"rendered":"Biologie Fonctionnelle et Adaptative"},"content":{"rendered":"<p>[et_pb_section bb_built=\u00a0\u00bb1&Prime; inner_width=\u00a0\u00bbauto\u00a0\u00bb inner_max_width=\u00a0\u00bbnone\u00a0\u00bb next_background_color=\u00a0\u00bb#000000&Prime;][et_pb_row][et_pb_column type=\u00a0\u00bb4_4&Prime;][et_pb_post_title _builder_version=\u00a0\u00bb3.22.1&Prime; meta=\u00a0\u00bboff\u00a0\u00bb featured_image=\u00a0\u00bboff\u00a0\u00bb text_shadow_horizontal_length=\u00a0\u00bbtext_shadow_style,%91object Object%93&Prime; text_shadow_vertical_length=\u00a0\u00bbtext_shadow_style,%91object Object%93&Prime; text_shadow_blur_strength=\u00a0\u00bbtext_shadow_style,%91object Object%93&Prime; title_text_shadow_horizontal_length=\u00a0\u00bbtitle_text_shadow_style,%91object Object%93&Prime; title_text_shadow_vertical_length=\u00a0\u00bbtitle_text_shadow_style,%91object Object%93&Prime; title_text_shadow_blur_strength=\u00a0\u00bbtitle_text_shadow_style,%91object Object%93&Prime; meta_text_shadow_horizontal_length=\u00a0\u00bbmeta_text_shadow_style,%91object Object%93&Prime; meta_text_shadow_vertical_length=\u00a0\u00bbmeta_text_shadow_style,%91object Object%93&Prime; meta_text_shadow_blur_strength=\u00a0\u00bbmeta_text_shadow_style,%91object Object%93&Prime; z_index_tablet=\u00a0\u00bb500&Prime; \/][\/et_pb_column][\/et_pb_row][\/et_pb_section][et_pb_section bb_built=\u00a0\u00bb1&Prime; inner_width=\u00a0\u00bbauto\u00a0\u00bb inner_max_width=\u00a0\u00bbnone\u00a0\u00bb prev_background_color=\u00a0\u00bb#000000&Prime;][et_pb_row][et_pb_column type=\u00a0\u00bb4_4&Prime;][et_pb_image _builder_version=\u00a0\u00bb3.22.1&Prime; src=\u00a0\u00bbhttps:\/\/wordpress-test.app.u-pariscite.fr\/sdv\/wp-content\/uploads\/sites\/4\/2020\/02\/bfa.jpg\u00a0\u00bb z_index_tablet=\u00a0\u00bb500&Prime; \/][\/et_pb_column][\/et_pb_row][et_pb_row][et_pb_column type=\u00a0\u00bb1_3&Prime;][et_pb_divider _builder_version=\u00a0\u00bb3.22.1&Prime; z_index_tablet=\u00a0\u00bb500&Prime; \/][et_pb_button admin_label=\u00a0\u00bbbouton &#8211; ajouter le lien vers la page\u00a0\u00bb button_url=\u00a0\u00bbhttps:\/\/wordpress-test.app.u-pariscite.fr\/sdv\/unit-of-functional-and-adaptive-biology\/\u00a0\u00bb button_text=\u00a0\u00bbEnglish version\u00a0\u00bb button_alignment=\u00a0\u00bbleft\u00a0\u00bb _builder_version=\u00a0\u00bb3.22.1&Prime; custom_button=\u00a0\u00bbon\u00a0\u00bb button_text_color=\u00a0\u00bb#ffffff\u00a0\u00bb button_bg_color=\u00a0\u00bb#8a1538&Prime; button_border_width=\u00a0\u00bb2&Prime; button_border_radius=\u00a0\u00bb26&Prime; button_icon=\u00a0\u00bb%%20%%\u00a0\u00bb button_icon_color=\u00a0\u00bb#ffffff\u00a0\u00bb button_on_hover=\u00a0\u00bboff\u00a0\u00bb background_layout=\u00a0\u00bbdark\u00a0\u00bb hover_enabled=\u00a0\u00bb0&Prime; custom_css_after=\u00a0\u00bbmargin-left: 0!important;\u00a0\u00bb saved_tabs=\u00a0\u00bball\u00a0\u00bb background_layout__hover_enabled=\u00a0\u00bbon\u00a0\u00bb background_layout__hover=\u00a0\u00bblight\u00a0\u00bb button_bg_color__hover_enabled=\u00a0\u00bbon\u00a0\u00bb button_bg_color__hover=\u00a0\u00bb#ffffff\u00a0\u00bb button_icon_color__hover_enabled=\u00a0\u00bbon\u00a0\u00bb button_icon_color__hover=\u00a0\u00bb#aa004f\u00a0\u00bb button_text_color__hover_enabled=\u00a0\u00bbon\u00a0\u00bb button_text_color__hover=\u00a0\u00bb#aa004f\u00a0\u00bb custom_css_after__hover_enabled=\u00a0\u00bbon\u00a0\u00bb custom_css_after__hover=\u00a0\u00bbmargin-left: 0!important;\u00a0\u00bb button_border_color=\u00a0\u00bb#8a1538&Prime; button_text_shadow_horizontal_length=\u00a0\u00bbbutton_text_shadow_style,%91object Object%93&Prime; button_text_shadow_vertical_length=\u00a0\u00bbbutton_text_shadow_style,%91object Object%93&Prime; button_text_shadow_blur_strength=\u00a0\u00bbbutton_text_shadow_style,%91object Object%93&Prime; z_index_tablet=\u00a0\u00bb500&Prime; \/][\/et_pb_column][et_pb_column type=\u00a0\u00bb1_3&Prime;][\/et_pb_column][et_pb_column type=\u00a0\u00bb1_3&Prime;][\/et_pb_column][\/et_pb_row][et_pb_row][et_pb_column type=\u00a0\u00bb4_4&Prime;][et_pb_text _builder_version=\u00a0\u00bb3.22.1&Prime; module_id=\u00a0\u00bbcontenu\u00a0\u00bb text_text_shadow_horizontal_length=\u00a0\u00bbtext_text_shadow_style,%91object Object%93&Prime; text_text_shadow_vertical_length=\u00a0\u00bbtext_text_shadow_style,%91object Object%93&Prime; text_text_shadow_blur_strength=\u00a0\u00bbtext_text_shadow_style,%91object Object%93&Prime; link_text_shadow_horizontal_length=\u00a0\u00bblink_text_shadow_style,%91object Object%93&Prime; link_text_shadow_vertical_length=\u00a0\u00bblink_text_shadow_style,%91object Object%93&Prime; link_text_shadow_blur_strength=\u00a0\u00bblink_text_shadow_style,%91object Object%93&Prime; ul_text_shadow_horizontal_length=\u00a0\u00bbul_text_shadow_style,%91object Object%93&Prime; ul_text_shadow_vertical_length=\u00a0\u00bbul_text_shadow_style,%91object Object%93&Prime; ul_text_shadow_blur_strength=\u00a0\u00bbul_text_shadow_style,%91object Object%93&Prime; ol_text_shadow_horizontal_length=\u00a0\u00bbol_text_shadow_style,%91object Object%93&Prime; ol_text_shadow_vertical_length=\u00a0\u00bbol_text_shadow_style,%91object Object%93&Prime; ol_text_shadow_blur_strength=\u00a0\u00bbol_text_shadow_style,%91object Object%93&Prime; quote_text_shadow_horizontal_length=\u00a0\u00bbquote_text_shadow_style,%91object Object%93&Prime; quote_text_shadow_vertical_length=\u00a0\u00bbquote_text_shadow_style,%91object Object%93&Prime; quote_text_shadow_blur_strength=\u00a0\u00bbquote_text_shadow_style,%91object Object%93&Prime; header_text_shadow_horizontal_length=\u00a0\u00bbheader_text_shadow_style,%91object Object%93&Prime; header_text_shadow_vertical_length=\u00a0\u00bbheader_text_shadow_style,%91object Object%93&Prime; header_text_shadow_blur_strength=\u00a0\u00bbheader_text_shadow_style,%91object Object%93&Prime; header_2_text_shadow_horizontal_length=\u00a0\u00bbheader_2_text_shadow_style,%91object Object%93&Prime; header_2_text_shadow_vertical_length=\u00a0\u00bbheader_2_text_shadow_style,%91object Object%93&Prime; header_2_text_shadow_blur_strength=\u00a0\u00bbheader_2_text_shadow_style,%91object Object%93&Prime; header_3_text_shadow_horizontal_length=\u00a0\u00bbheader_3_text_shadow_style,%91object Object%93&Prime; header_3_text_shadow_vertical_length=\u00a0\u00bbheader_3_text_shadow_style,%91object Object%93&Prime; header_3_text_shadow_blur_strength=\u00a0\u00bbheader_3_text_shadow_style,%91object Object%93&Prime; header_4_text_shadow_horizontal_length=\u00a0\u00bbheader_4_text_shadow_style,%91object Object%93&Prime; header_4_text_shadow_vertical_length=\u00a0\u00bbheader_4_text_shadow_style,%91object Object%93&Prime; header_4_text_shadow_blur_strength=\u00a0\u00bbheader_4_text_shadow_style,%91object Object%93&Prime; header_5_text_shadow_horizontal_length=\u00a0\u00bbheader_5_text_shadow_style,%91object Object%93&Prime; header_5_text_shadow_vertical_length=\u00a0\u00bbheader_5_text_shadow_style,%91object Object%93&Prime; header_5_text_shadow_blur_strength=\u00a0\u00bbheader_5_text_shadow_style,%91object Object%93&Prime; header_6_text_shadow_horizontal_length=\u00a0\u00bbheader_6_text_shadow_style,%91object Object%93&Prime; header_6_text_shadow_vertical_length=\u00a0\u00bbheader_6_text_shadow_style,%91object Object%93&Prime; header_6_text_shadow_blur_strength=\u00a0\u00bbheader_6_text_shadow_style,%91object Object%93&Prime; z_index_tablet=\u00a0\u00bb500&Prime;]<\/p>\n<div class=\"panel-pane pane-entity-field pane-node-field-labo-acronyme h4\">\n<div class=\"pane-content\">\n<div class=\"field field-name-field-labo-acronyme field-type-text field-label-hidden\">\n<div class=\"field-items\">\n<div class=\"field-item even\">\n<div class=\"panel-pane pane-entity-field pane-node-field-labo-tutelle-principale\">\n<div class=\"pane-content\">\n<div class=\"field field-name-field-labo-tutelle-principale field-type-text field-label-inline inline\">\u00a0<\/div>\n<\/div>\n<\/div>\n<div class=\"field field-name-field-labo-localisation field-type-location field-label-hidden\">\n<div class=\"field-items\">\n<div class=\"field-item even\">\n<div id=\"gmap-auto1map-gmap0\" class=\"gmap-control gmap-gmap gmap gmap-map gmap-auto1map-gmap gmap-processed\">\n<div class=\"gm-style\">\n<div>\n<div>\n<div>\n<div>\n<div>\n<div>\n<div>\n<p>Tutelles : Universit\u00e9 Paris Cit\u00e9, CNRS<\/p>\n<p>Label unit\u00e9 : UMR 8251<\/p>\n<p>Partenaires : INSERM<\/p>\n<p>\u00a0<\/p>\n<h4>Pr\u00e9sentation<\/h4>\n<p>L\u2019unit\u00e9 de Biologie Fonctionnelle et Adaptative (BFA) est l\u2019une des unit\u00e9s de\u00a0recherche du P\u00f4le des Sciences du Vivant de l\u2019universit\u00e9 Paris Cit\u00e9, localis\u00e9 sur le campus des Grands Moulins. L\u2019unit\u00e9 BFA d\u00e9veloppe des recherches en Biologie\u00a0int\u00e9grative. L\u2019unit\u00e9 BFA, UMR 8251 CNRS \u2013 Universit\u00e9 Paris Cit\u00e9, est organis\u00e9e en 8\u00a0\u00e9quipes dont deux constituent l\u2019ERL INSERM U1133. L\u2019UMR comprend 48\u00a0chercheurs (16) et enseignants-chercheurs (32), 4 cliniciens et 31 personnels techniques, ing\u00e9nieurs et administratifs. L\u2019unit\u00e9 accueille de 30 \u00e0 40 personnels non\u00a0permanents (doctorants, post-doctorants, contractuels) et une cinquantaine de stagiaires. Le directeur est Jean-Marie Dupret et la directrice-adjointe Jo\u00eblle Cohen-Tannoudji, tous deux professeurs \u00e0 l\u2019universit\u00e9 Paris Cit\u00e9.<\/p>\n<p>Le projet scientifique de l\u2019unit\u00e9 BFA vise \u00e0 mieux comprendre les m\u00e9canismes biologiques permettant l\u2019adaptation de l\u2019organisme \u00e0 des perturbations d\u2019origine environnementale et\/ou interne (endocrines, m\u00e9taboliques, g\u00e9niques) en contextes physiologique ou physiopathologique. Les recherches de l\u2019unit\u00e9 concernent cinq\u00a0th\u00e9matiques principales : nutrition, pathologies d\u00e9g\u00e9n\u00e9ratives et vieillissement,\u00a0reproduction, toxicologie, mod\u00e9lisation computationnelle. Les m\u00e9thodes\u00a0exp\u00e9rimentales mises en \u0153uvre incluent l\u2019analyse non-invasive de param\u00e8tres\u00a0physiologiques ainsi que des approches cellulaires, biochimiques, mol\u00e9culaires ou\u00a0informatiques.<\/p>\n<p>\u00a0<\/p>\n<h4>Th\u00e8mes de recherche<\/h4>\n<ul>\n<li>Nutrition<\/li>\n<li>Pathologies d\u00e9g\u00e9n\u00e9ratives et vieillissement<\/li>\n<li>Reproduction<\/li>\n<li>Toxicologie.<\/li>\n<li>Mod\u00e9lisation computationnelle<\/li>\n<\/ul>\n<p>\u00a0<\/p>\n<h4>Equipes de recherche<\/h4>\n<ul>\n<li>Nutrition :<\/li>\n<\/ul>\n<p>\u00c9quipe 1 : Jamileh Movassat (Biologie et Pathologie du Pancr\u00e9as Endocrine)<\/p>\n<p>\u00c9quipe 2 : Christophe Magnan (R\u00e9gulation de la Glyc\u00e9mie par le Syst\u00e8me Nerveux\u00a0Central)<\/p>\n<p>\u00c9quipe 5 : Serge Luquet (Contr\u00f4le Central du Comportement Alimentaire et de la D\u00e9pense \u00c9nerg\u00e9tique)<\/p>\n<p>\u00a0<\/p>\n<ul>\n<li>Reproduction :<\/li>\n<\/ul>\n<p>\u00c9quipe 3 : Jo\u00eblle Cohen-Tannoudji (Physiologie de l\u2019Axe Gonadotrope)<\/p>\n<p>\u00a0<\/p>\n<ul>\n<li>Processus D\u00e9g\u00e9n\u00e9ratifs, Stress et Vieillissement :<\/li>\n<\/ul>\n<p>\u00c9quipe 4 : Ana Ferreiro (Myologie fondamentale et Translationnelle)<\/p>\n<p>\u00c9quipe 7 : Herv\u00e9 Tricoire (Processus D\u00e9g\u00e9n\u00e9ratifs, Stress et Vieillissement)<\/p>\n<p>\u00a0<\/p>\n<ul>\n<li>Toxicologie :<\/li>\n<\/ul>\n<p>\u00c9quipe 6 : Jean-Marie Dupret (R\u00e9ponses Mol\u00e9culaires et Cellulaires aux\u00a0X\u00e9nobiotiques)<\/p>\n<p>\u00a0<\/p>\n<ul>\n<li>Mod\u00e9lisation computationnelle :<\/li>\n<\/ul>\n<p>\u00c9quipe 8 : Pierre Tuff\u00e9ry (Mode\u0301lisation Computationnelle des Interactions Prote\u0301ine-Ligand)<\/p>\n<p>\u00a0<\/p>\n<h4>Publications<\/h4>\n<p>\u00ab Unit\u00e9 BFA : du projet \u00e0 l\u2019UMR, une adaptation r\u00e9ussie \u00bb, publi\u00e9 le 19 mars 2015<\/p>\n<p>\u00a0<\/p>\n<h4>CONTACTS<\/h4>\n<p>Directeur : Jean-Marie DUPRET<\/p>\n<p>Directrice-adjointe : Jo\u00eblle COHEN-TANOOUDJI<\/p>\n<p>Responsable administrative : Fran\u00e7oise CONTAMINA<\/p>\n<p>\u00a0<\/p>\n<h4>Localisation<\/h4>\n<p>4, rue Marie-Andr\u00e9e Lagroua Weill-Hall\u00e9<\/p>\n<p>B\u00e2timent Buffon<\/p>\n<p>75013 PARIS<\/p>\n<p>France<\/p>\n<\/div>\n<\/div>\n<div>\u00a0<\/div>\n<\/div>\n<\/div>\n<\/div>\n<\/div>\n<\/div>\n<\/div>\n<\/div>\n<\/div>\n<\/div>\n<\/div>\n<\/div>\n<\/div>\n<\/div>\n<\/div>\n<\/div>\n<div class=\"pane-content\">\n<div class=\"field field-name-field-liens-web field-type-link-field field-label-inline inline\">\n<div class=\"field-label\"><a href=\"http:\/\/bfa.univ-paris-diderot.fr\/\">Lien vers le site web de BFA<\/a><\/div>\n<div class=\"field-items\">\n<div class=\"field-item even\">\u00a0<\/div>\n<\/div>\n<\/div>\n<\/div>\n<div class=\"field field-name-field-labo-localisation field-type-location field-label-hidden\">\n<div class=\"field-items\">\n<div class=\"field-item even\">\n<div class=\"location vcard\">\n<div class=\"adr\">\n<p class=\"street-address\">\u00a0<\/p>\n<\/div>\n<\/div>\n<\/div>\n<\/div>\n<\/div>\n<p>[\/et_pb_text][\/et_pb_column][\/et_pb_row][et_pb_row][et_pb_column type=\u00a0\u00bb1_2&Prime;][\/et_pb_column][et_pb_column type=\u00a0\u00bb1_2&Prime;][\/et_pb_column][\/et_pb_row][\/et_pb_section]<\/p>\n","protected":false},"excerpt":{"rendered":"<div class=\"et_pb_row et_pb_row_0 et_pb_row_empty\"><\/div>\n<div class=\"et_pb_row et_pb_row_1 et_pb_row_empty\"><\/div>\n<div class=\"et_pb_row et_pb_row_2 et_pb_row_empty\"><\/div>\n<div class=\"et_pb_row et_pb_row_3 et_pb_row_empty\"><\/div>\n<p> \u00a0Tutelles : Universit\u00e9 Paris Cit\u00e9, CNRSLabel unit\u00e9 : UMR 8251Partenaires : INSERM\u00a0Pr\u00e9sentationL\u2019unit\u00e9 de Biologie Fonctionnelle et Adaptative (BFA) est l\u2019une des unit\u00e9s de\u00a0recherche du P\u00f4le des Sciences du Vivant de l\u2019universit\u00e9 Paris Cit\u00e9, localis\u00e9 sur le campus des Grands Moulins. L\u2019unit\u00e9 BFA d\u00e9veloppe des recherches en Biologie\u00a0int\u00e9grative. L\u2019unit\u00e9 BFA, UMR 8251 CNRS \u2013 Universit\u00e9&hellip; <a class=\"continue\" href=\"https:\/\/wordpress-test.app.u-pariscite.fr\/sdv\/biologie-fonctionnelle-et-adaptative\/\">Lire la suite<span> Biologie Fonctionnelle et Adaptative<\/span><\/a><\/p>\n","protected":false},"author":69,"featured_media":0,"parent":0,"menu_order":0,"comment_status":"closed","ping_status":"closed","template":"","meta":{"_et_pb_use_builder":"on","_et_pb_old_content":"","_et_gb_content_width":"","footnotes":""},"class_list":["post-1560","page","type-page","status-publish","hentry"],"_links":{"self":[{"href":"https:\/\/wordpress-test.app.u-pariscite.fr\/sdv\/wp-json\/wp\/v2\/pages\/1560","targetHints":{"allow":["GET"]}}],"collection":[{"href":"https:\/\/wordpress-test.app.u-pariscite.fr\/sdv\/wp-json\/wp\/v2\/pages"}],"about":[{"href":"https:\/\/wordpress-test.app.u-pariscite.fr\/sdv\/wp-json\/wp\/v2\/types\/page"}],"author":[{"embeddable":true,"href":"https:\/\/wordpress-test.app.u-pariscite.fr\/sdv\/wp-json\/wp\/v2\/users\/69"}],"replies":[{"embeddable":true,"href":"https:\/\/wordpress-test.app.u-pariscite.fr\/sdv\/wp-json\/wp\/v2\/comments?post=1560"}],"version-history":[{"count":9,"href":"https:\/\/wordpress-test.app.u-pariscite.fr\/sdv\/wp-json\/wp\/v2\/pages\/1560\/revisions"}],"predecessor-version":[{"id":1872,"href":"https:\/\/wordpress-test.app.u-pariscite.fr\/sdv\/wp-json\/wp\/v2\/pages\/1560\/revisions\/1872"}],"wp:attachment":[{"href":"https:\/\/wordpress-test.app.u-pariscite.fr\/sdv\/wp-json\/wp\/v2\/media?parent=1560"}],"curies":[{"name":"wp","href":"https:\/\/api.w.org\/{rel}","templated":true}]}}