{"id":1557,"date":"2021-01-08T17:29:33","date_gmt":"2021-01-08T16:29:33","guid":{"rendered":"https:\/\/wordpress-test.app.u-pariscite.fr\/sdv\/?page_id=1557"},"modified":"2021-01-20T09:14:01","modified_gmt":"2021-01-20T08:14:01","slug":"unit-of-functional-and-adaptive-biology","status":"publish","type":"page","link":"https:\/\/wordpress-test.app.u-pariscite.fr\/sdv\/unit-of-functional-and-adaptive-biology\/","title":{"rendered":"Unit of Functional and Adaptive Biology"},"content":{"rendered":"<p>[et_pb_section bb_built=\u00a0\u00bb1&Prime; next_background_color=\u00a0\u00bb#000000&Prime; inner_width=\u00a0\u00bbauto\u00a0\u00bb inner_max_width=\u00a0\u00bbnone\u00a0\u00bb][et_pb_row][et_pb_column type=\u00a0\u00bb4_4&Prime;][et_pb_post_title _builder_version=\u00a0\u00bb3.22.1&Prime; meta=\u00a0\u00bboff\u00a0\u00bb featured_image=\u00a0\u00bboff\u00a0\u00bb text_shadow_horizontal_length=\u00a0\u00bbtext_shadow_style,%91object Object%93&Prime; text_shadow_vertical_length=\u00a0\u00bbtext_shadow_style,%91object Object%93&Prime; text_shadow_blur_strength=\u00a0\u00bbtext_shadow_style,%91object Object%93&Prime; title_text_shadow_horizontal_length=\u00a0\u00bbtitle_text_shadow_style,%91object Object%93&Prime; title_text_shadow_vertical_length=\u00a0\u00bbtitle_text_shadow_style,%91object Object%93&Prime; title_text_shadow_blur_strength=\u00a0\u00bbtitle_text_shadow_style,%91object Object%93&Prime; meta_text_shadow_horizontal_length=\u00a0\u00bbmeta_text_shadow_style,%91object Object%93&Prime; meta_text_shadow_vertical_length=\u00a0\u00bbmeta_text_shadow_style,%91object Object%93&Prime; meta_text_shadow_blur_strength=\u00a0\u00bbmeta_text_shadow_style,%91object Object%93&Prime; z_index_tablet=\u00a0\u00bb500&Prime; \/][\/et_pb_column][\/et_pb_row][\/et_pb_section][et_pb_section bb_built=\u00a0\u00bb1&Prime; inner_width=\u00a0\u00bbauto\u00a0\u00bb inner_max_width=\u00a0\u00bbnone\u00a0\u00bb prev_background_color=\u00a0\u00bb#000000&Prime;][et_pb_row][et_pb_column type=\u00a0\u00bb4_4&Prime;][et_pb_image _builder_version=\u00a0\u00bb3.22.1&Prime; src=\u00a0\u00bbhttps:\/\/wordpress-test.app.u-pariscite.fr\/sdv\/wp-content\/uploads\/sites\/4\/2020\/02\/bfa.jpg\u00a0\u00bb z_index_tablet=\u00a0\u00bb500&Prime; \/][\/et_pb_column][\/et_pb_row][et_pb_row][et_pb_column type=\u00a0\u00bb1_3&Prime;][et_pb_divider _builder_version=\u00a0\u00bb3.22.1&Prime; z_index_tablet=\u00a0\u00bb500&Prime; \/][et_pb_button admin_label=\u00a0\u00bbbouton &#8211; ajouter le lien vers la page\u00a0\u00bb button_url=\u00a0\u00bbhttps:\/\/wordpress-test.app.u-pariscite.fr\/sdv\/biologie-fonctionnelle-et-adaptative\/\u00a0\u00bb button_text=\u00a0\u00bbVersion fran\u00e7aise\u00a0\u00bb button_alignment=\u00a0\u00bbleft\u00a0\u00bb _builder_version=\u00a0\u00bb3.22.1&Prime; custom_button=\u00a0\u00bbon\u00a0\u00bb button_text_color=\u00a0\u00bb#ffffff\u00a0\u00bb button_bg_color=\u00a0\u00bb#8a1538&Prime; button_border_width=\u00a0\u00bb2&Prime; button_border_radius=\u00a0\u00bb26&Prime; button_icon=\u00a0\u00bb%%20%%\u00a0\u00bb button_icon_color=\u00a0\u00bb#ffffff\u00a0\u00bb button_on_hover=\u00a0\u00bboff\u00a0\u00bb background_layout=\u00a0\u00bbdark\u00a0\u00bb hover_enabled=\u00a0\u00bb0&Prime; custom_css_after=\u00a0\u00bbmargin-left: 0!important;\u00a0\u00bb saved_tabs=\u00a0\u00bball\u00a0\u00bb background_layout__hover_enabled=\u00a0\u00bbon\u00a0\u00bb background_layout__hover=\u00a0\u00bblight\u00a0\u00bb button_bg_color__hover_enabled=\u00a0\u00bbon\u00a0\u00bb button_bg_color__hover=\u00a0\u00bb#ffffff\u00a0\u00bb button_icon_color__hover_enabled=\u00a0\u00bbon\u00a0\u00bb button_icon_color__hover=\u00a0\u00bb#aa004f\u00a0\u00bb button_text_color__hover_enabled=\u00a0\u00bbon\u00a0\u00bb button_text_color__hover=\u00a0\u00bb#aa004f\u00a0\u00bb custom_css_after__hover_enabled=\u00a0\u00bbon\u00a0\u00bb custom_css_after__hover=\u00a0\u00bbmargin-left: 0!important;\u00a0\u00bb button_border_color=\u00a0\u00bb#8a1538&Prime; button_text_shadow_horizontal_length=\u00a0\u00bbbutton_text_shadow_style,%91object Object%93&Prime; button_text_shadow_vertical_length=\u00a0\u00bbbutton_text_shadow_style,%91object Object%93&Prime; button_text_shadow_blur_strength=\u00a0\u00bbbutton_text_shadow_style,%91object Object%93&Prime; z_index_tablet=\u00a0\u00bb500&Prime; \/][\/et_pb_column][et_pb_column type=\u00a0\u00bb1_3&Prime;][\/et_pb_column][et_pb_column type=\u00a0\u00bb1_3&Prime;][\/et_pb_column][\/et_pb_row][et_pb_row][et_pb_column type=\u00a0\u00bb4_4&Prime;][et_pb_text _builder_version=\u00a0\u00bb3.22.1&Prime; module_id=\u00a0\u00bbcontenu\u00a0\u00bb text_text_shadow_horizontal_length=\u00a0\u00bbtext_text_shadow_style,%91object Object%93&Prime; text_text_shadow_vertical_length=\u00a0\u00bbtext_text_shadow_style,%91object Object%93&Prime; text_text_shadow_blur_strength=\u00a0\u00bbtext_text_shadow_style,%91object Object%93&Prime; link_text_shadow_horizontal_length=\u00a0\u00bblink_text_shadow_style,%91object Object%93&Prime; link_text_shadow_vertical_length=\u00a0\u00bblink_text_shadow_style,%91object Object%93&Prime; link_text_shadow_blur_strength=\u00a0\u00bblink_text_shadow_style,%91object Object%93&Prime; ul_text_shadow_horizontal_length=\u00a0\u00bbul_text_shadow_style,%91object Object%93&Prime; ul_text_shadow_vertical_length=\u00a0\u00bbul_text_shadow_style,%91object Object%93&Prime; ul_text_shadow_blur_strength=\u00a0\u00bbul_text_shadow_style,%91object Object%93&Prime; ol_text_shadow_horizontal_length=\u00a0\u00bbol_text_shadow_style,%91object Object%93&Prime; ol_text_shadow_vertical_length=\u00a0\u00bbol_text_shadow_style,%91object Object%93&Prime; ol_text_shadow_blur_strength=\u00a0\u00bbol_text_shadow_style,%91object Object%93&Prime; quote_text_shadow_horizontal_length=\u00a0\u00bbquote_text_shadow_style,%91object Object%93&Prime; quote_text_shadow_vertical_length=\u00a0\u00bbquote_text_shadow_style,%91object Object%93&Prime; quote_text_shadow_blur_strength=\u00a0\u00bbquote_text_shadow_style,%91object Object%93&Prime; header_text_shadow_horizontal_length=\u00a0\u00bbheader_text_shadow_style,%91object Object%93&Prime; header_text_shadow_vertical_length=\u00a0\u00bbheader_text_shadow_style,%91object Object%93&Prime; header_text_shadow_blur_strength=\u00a0\u00bbheader_text_shadow_style,%91object Object%93&Prime; header_2_text_shadow_horizontal_length=\u00a0\u00bbheader_2_text_shadow_style,%91object Object%93&Prime; header_2_text_shadow_vertical_length=\u00a0\u00bbheader_2_text_shadow_style,%91object Object%93&Prime; header_2_text_shadow_blur_strength=\u00a0\u00bbheader_2_text_shadow_style,%91object Object%93&Prime; header_3_text_shadow_horizontal_length=\u00a0\u00bbheader_3_text_shadow_style,%91object Object%93&Prime; header_3_text_shadow_vertical_length=\u00a0\u00bbheader_3_text_shadow_style,%91object Object%93&Prime; header_3_text_shadow_blur_strength=\u00a0\u00bbheader_3_text_shadow_style,%91object Object%93&Prime; header_4_text_shadow_horizontal_length=\u00a0\u00bbheader_4_text_shadow_style,%91object Object%93&Prime; header_4_text_shadow_vertical_length=\u00a0\u00bbheader_4_text_shadow_style,%91object Object%93&Prime; header_4_text_shadow_blur_strength=\u00a0\u00bbheader_4_text_shadow_style,%91object Object%93&Prime; header_5_text_shadow_horizontal_length=\u00a0\u00bbheader_5_text_shadow_style,%91object Object%93&Prime; header_5_text_shadow_vertical_length=\u00a0\u00bbheader_5_text_shadow_style,%91object Object%93&Prime; header_5_text_shadow_blur_strength=\u00a0\u00bbheader_5_text_shadow_style,%91object Object%93&Prime; header_6_text_shadow_horizontal_length=\u00a0\u00bbheader_6_text_shadow_style,%91object Object%93&Prime; header_6_text_shadow_vertical_length=\u00a0\u00bbheader_6_text_shadow_style,%91object Object%93&Prime; header_6_text_shadow_blur_strength=\u00a0\u00bbheader_6_text_shadow_style,%91object Object%93&Prime; z_index_tablet=\u00a0\u00bb500&Prime;]<\/p>\n<p>Tutelles : Universit\u00e9 Paris Cit\u00e9, CNRS<\/p>\n<p>Label unit\u00e9 : UMR 8251<\/p>\n<p>Partenaires : INSERM<\/p>\n<p>\u00a0<\/p>\n<h4>General overview<\/h4>\n<p>The Unit of Functional and Adaptive Biology (BFA) is one of the Research Units present on the Campus des Grands Moulins of Universit\u00e9 Paris Cit\u00e9 (Faculty of Sciences). The BFA unit conducts research in Integrative Biology.\u00a0The unit, UMR 8251 CNRS \u2013 Universit\u00e9 Paris Cit\u00e9, is composed of 8 research teams among which, 2 constitute the ERL INSERM U1133. BFA comprises 48 researchers (16) with teaching duties and full time researchers (32), 4 clinicians and 31 engineers, technicians and administrative assistants. There are also about 30-40 non-permanent staff (PhD students and postdoctoral fellows\/contracts) and about 50 trainees. The Director is Jean-Marie Dupret and the deputy director is Jo\u00eblle Cohen-Tannoudji, both professors at Universit\u00e9 Paris Cit\u00e9.<\/p>\n<p>Research topics in BFA aim to better understand the biological mechanisms underlying human adaptation to environmental and\/or internal perturbations (endocrine, metabolic or genetic inputs) in physiological or pathophysiological contexts. Current research topics include five main scientific domains: Nutrition, Degenerative pathologies and aging, Reproduction, Toxicology, Computational Modeling. Investigations rely on a wide array of methodologies ranging from cellular, biochemical, molecular and computer-based approaches to non-invasive analysis of physiological parameters.<\/p>\n<p>\u00a0<\/p>\n<h4>Research topics<\/h4>\n<ul>\n<li>Nutrition<\/li>\n<li>Degenerative pathologies and aging<\/li>\n<li>Reproduction<\/li>\n<li>Toxicology<\/li>\n<li>Computational Modeling<\/li>\n<\/ul>\n<p>\u00a0<\/p>\n<h4>Research teams<\/h4>\n<ul>\n<li><strong>Nutrition\u00a0<\/strong>:<\/li>\n<\/ul>\n<p>Team 1 : Jamileh Movassat (Biology and Pathology of the Endocrine Pancreas)<\/p>\n<p>Team 2 : Christophe Magnan (Regulation of Glycemia by Central Nervous System)<\/p>\n<p>Team 5 : Serge Luquet (Central Control of Feeding Behaviour and Energy Expenditure)<\/p>\n<p>\u00a0<\/p>\n<ul>\n<li><strong>Reproduction\u00a0<\/strong>:<\/li>\n<\/ul>\n<p>Team 3 : Jo\u00eblle Cohen-Tannoudji (Physiology of Gonadotrope Axis)<\/p>\n<p>\u00a0<\/p>\n<ul>\n<li><strong>Degenerative Pathologies and Aging<\/strong>:<\/li>\n<\/ul>\n<p>Team 4 : Ana Ferreiro (Basic and translational Myology)<\/p>\n<p>Team 7 : Herv\u00e9 Tricoire (Degenerative Processes, Stress and Aging)<\/p>\n<p>\u00a0<\/p>\n<ul>\n<li><strong>Toxicology\u00a0<\/strong>:<\/li>\n<\/ul>\n<p>Team 6 : Jean-Marie Dupret (Molecular and Cell Responses to Xenobiotics)<\/p>\n<p>\u00a0<\/p>\n<ul>\n<li><strong>Computational Modeling :<\/strong><\/li>\n<\/ul>\n<p>Team 8 : Pierre Tuff\u00e9ry (Computational Modeling of Protein-Ligand Interactions)<\/p>\n<p>\u00a0<\/p>\n<p>\u00a0<\/p>\n<h4><strong>Publications<\/strong><\/h4>\n<p><em>\u00ab\u00a0Unit\u00e9 BFA : du projet \u00e0 l\u2019UMR, une adaptation r\u00e9ussie\u00a0\u00bb, publi\u00e9 le 19 mars 2015<\/em><\/p>\n<p>\u00a0<\/p>\n<h4>CONTACTS<\/h4>\n<p>Director : Jean-Marie DUPRET<\/p>\n<p>Deputy director\u00a0: Jo\u00eblle COHEN-TANNOUDJI<\/p>\n<p>Administration of the BFA Unit : Fran\u00e7oise CONTAMINA<\/p>\n<p>\u00a0<\/p>\n<p>\u00a0<\/p>\n<h4>Location<\/h4>\n<p>4, rue Marie-Andr\u00e9e Lagroua Weill-Hall\u00e9<\/p>\n<p>B\u00e2timent Buffon<\/p>\n<p>75013\u00a0PARIS<\/p>\n<p>France<\/p>\n<p>\u00a0<\/p>\n<p><a href=\"http:\/\/bfa.univ-paris-diderot.fr\/\">Link to the BFA web site<\/a><\/p>\n<p>[\/et_pb_text][\/et_pb_column][\/et_pb_row][et_pb_row][et_pb_column type=\u00a0\u00bb1_2&Prime;][\/et_pb_column][et_pb_column type=\u00a0\u00bb1_2&Prime;][\/et_pb_column][\/et_pb_row][\/et_pb_section]<\/p>\n","protected":false},"excerpt":{"rendered":"<div class=\"et_pb_row et_pb_row_0 et_pb_row_empty\"><\/div>\n<div class=\"et_pb_row et_pb_row_1 et_pb_row_empty\"><\/div>\n<div class=\"et_pb_row et_pb_row_2 et_pb_row_empty\"><\/div>\n<div class=\"et_pb_row et_pb_row_3 et_pb_row_empty\"><\/div>\n<p> Tutelles : Universit\u00e9 Paris Cit\u00e9, CNRSLabel unit\u00e9 : UMR 8251Partenaires : INSERM\u00a0General overviewThe Unit of Functional and Adaptive Biology (BFA) is one of the Research Units present on the Campus des Grands Moulins of Universit\u00e9 Paris Cit\u00e9 (Faculty of Sciences). The BFA unit conducts research in Integrative Biology.\u00a0The unit, UMR 8251 CNRS \u2013 Universit\u00e9&hellip; <a class=\"continue\" href=\"https:\/\/wordpress-test.app.u-pariscite.fr\/sdv\/unit-of-functional-and-adaptive-biology\/\">Lire la suite<span> Unit of Functional and Adaptive Biology<\/span><\/a><\/p>\n","protected":false},"author":69,"featured_media":0,"parent":0,"menu_order":0,"comment_status":"closed","ping_status":"closed","template":"","meta":{"_et_pb_use_builder":"on","_et_pb_old_content":"","_et_gb_content_width":"","footnotes":""},"class_list":["post-1557","page","type-page","status-publish","hentry"],"_links":{"self":[{"href":"https:\/\/wordpress-test.app.u-pariscite.fr\/sdv\/wp-json\/wp\/v2\/pages\/1557","targetHints":{"allow":["GET"]}}],"collection":[{"href":"https:\/\/wordpress-test.app.u-pariscite.fr\/sdv\/wp-json\/wp\/v2\/pages"}],"about":[{"href":"https:\/\/wordpress-test.app.u-pariscite.fr\/sdv\/wp-json\/wp\/v2\/types\/page"}],"author":[{"embeddable":true,"href":"https:\/\/wordpress-test.app.u-pariscite.fr\/sdv\/wp-json\/wp\/v2\/users\/69"}],"replies":[{"embeddable":true,"href":"https:\/\/wordpress-test.app.u-pariscite.fr\/sdv\/wp-json\/wp\/v2\/comments?post=1557"}],"version-history":[{"count":6,"href":"https:\/\/wordpress-test.app.u-pariscite.fr\/sdv\/wp-json\/wp\/v2\/pages\/1557\/revisions"}],"predecessor-version":[{"id":1864,"href":"https:\/\/wordpress-test.app.u-pariscite.fr\/sdv\/wp-json\/wp\/v2\/pages\/1557\/revisions\/1864"}],"wp:attachment":[{"href":"https:\/\/wordpress-test.app.u-pariscite.fr\/sdv\/wp-json\/wp\/v2\/media?parent=1557"}],"curies":[{"name":"wp","href":"https:\/\/api.w.org\/{rel}","templated":true}]}}