{"id":1544,"date":"2021-01-08T16:59:15","date_gmt":"2021-01-08T15:59:15","guid":{"rendered":"https:\/\/wordpress-test.app.u-pariscite.fr\/sdv\/?page_id=1544"},"modified":"2021-01-09T15:42:16","modified_gmt":"2021-01-09T14:42:16","slug":"institut-jacques-monod","status":"publish","type":"page","link":"https:\/\/wordpress-test.app.u-pariscite.fr\/sdv\/institut-jacques-monod\/","title":{"rendered":"Institut Jacques Monod"},"content":{"rendered":"<p>[et_pb_section bb_built=\u00a0\u00bb1&Prime; next_background_color=\u00a0\u00bb#000000&Prime; inner_width=\u00a0\u00bbauto\u00a0\u00bb inner_max_width=\u00a0\u00bbnone\u00a0\u00bb][et_pb_row][et_pb_column type=\u00a0\u00bb4_4&Prime;][et_pb_post_title _builder_version=\u00a0\u00bb3.22.1&Prime; meta=\u00a0\u00bboff\u00a0\u00bb featured_image=\u00a0\u00bboff\u00a0\u00bb text_shadow_horizontal_length=\u00a0\u00bbtext_shadow_style,%91object Object%93&Prime; text_shadow_vertical_length=\u00a0\u00bbtext_shadow_style,%91object Object%93&Prime; text_shadow_blur_strength=\u00a0\u00bbtext_shadow_style,%91object Object%93&Prime; title_text_shadow_horizontal_length=\u00a0\u00bbtitle_text_shadow_style,%91object Object%93&Prime; title_text_shadow_vertical_length=\u00a0\u00bbtitle_text_shadow_style,%91object Object%93&Prime; title_text_shadow_blur_strength=\u00a0\u00bbtitle_text_shadow_style,%91object Object%93&Prime; meta_text_shadow_horizontal_length=\u00a0\u00bbmeta_text_shadow_style,%91object Object%93&Prime; meta_text_shadow_vertical_length=\u00a0\u00bbmeta_text_shadow_style,%91object Object%93&Prime; meta_text_shadow_blur_strength=\u00a0\u00bbmeta_text_shadow_style,%91object Object%93&Prime; z_index_tablet=\u00a0\u00bb500&Prime; \/][\/et_pb_column][\/et_pb_row][\/et_pb_section][et_pb_section bb_built=\u00a0\u00bb1&Prime; _builder_version=\u00a0\u00bb3.22&Prime; prev_background_color=\u00a0\u00bb#000000&Prime;][et_pb_row _builder_version=\u00a0\u00bb3.22&Prime; background_size=\u00a0\u00bbinitial\u00a0\u00bb background_position=\u00a0\u00bbtop_left\u00a0\u00bb background_repeat=\u00a0\u00bbrepeat\u00a0\u00bb][et_pb_column type=\u00a0\u00bb4_4&Prime;][et_pb_image src=\u00a0\u00bbhttps:\/\/wordpress-test.app.u-pariscite.fr\/sdv\/wp-content\/uploads\/sites\/4\/2020\/02\/institut-jacques-monod-imagoseine.png\u00a0\u00bb _builder_version=\u00a0\u00bb3.22.1&Prime; z_index_tablet=\u00a0\u00bb500&Prime; custom_padding=\u00a0\u00bb|101px||||\u00a0\u00bb \/][\/et_pb_column][\/et_pb_row][et_pb_row _builder_version=\u00a0\u00bb3.22&Prime; background_size=\u00a0\u00bbinitial\u00a0\u00bb background_position=\u00a0\u00bbtop_left\u00a0\u00bb background_repeat=\u00a0\u00bbrepeat\u00a0\u00bb][et_pb_column type=\u00a0\u00bb1_3&Prime;][et_pb_divider _builder_version=\u00a0\u00bb3.22.1&Prime; z_index_tablet=\u00a0\u00bb500&Prime; \/][et_pb_button admin_label=\u00a0\u00bbbouton &#8211; ajouter le lien vers la page\u00a0\u00bb button_url=\u00a0\u00bbhttps:\/\/wordpress-test.app.u-pariscite.fr\/sdv\/institut-jacques-monod-english-version\/\u00a0\u00bb button_text=\u00a0\u00bbEnglish version\u00a0\u00bb button_alignment=\u00a0\u00bbleft\u00a0\u00bb _builder_version=\u00a0\u00bb3.22.1&Prime; custom_button=\u00a0\u00bbon\u00a0\u00bb button_text_color=\u00a0\u00bb#ffffff\u00a0\u00bb button_bg_color=\u00a0\u00bb#8a1538&Prime; button_border_width=\u00a0\u00bb2&Prime; button_border_color=\u00a0\u00bb#8a1538&Prime; button_border_radius=\u00a0\u00bb26&Prime; button_icon=\u00a0\u00bb%%20%%\u00a0\u00bb button_icon_color=\u00a0\u00bb#ffffff\u00a0\u00bb button_on_hover=\u00a0\u00bboff\u00a0\u00bb background_layout=\u00a0\u00bbdark\u00a0\u00bb z_index_tablet=\u00a0\u00bb500&Prime; custom_css_after=\u00a0\u00bbmargin-left: 0!important;\u00a0\u00bb saved_tabs=\u00a0\u00bball\u00a0\u00bb background_layout__hover_enabled=\u00a0\u00bbon\u00a0\u00bb background_layout__hover=\u00a0\u00bblight\u00a0\u00bb button_bg_color__hover_enabled=\u00a0\u00bbon\u00a0\u00bb button_bg_color__hover=\u00a0\u00bb#ffffff\u00a0\u00bb button_icon_color__hover_enabled=\u00a0\u00bbon\u00a0\u00bb button_icon_color__hover=\u00a0\u00bb#aa004f\u00a0\u00bb button_text_color__hover_enabled=\u00a0\u00bbon\u00a0\u00bb button_text_color__hover=\u00a0\u00bb#aa004f\u00a0\u00bb custom_css_after__hover_enabled=\u00a0\u00bbon\u00a0\u00bb custom_css_after__hover=\u00a0\u00bbmargin-left: 0!important;\u00a0\u00bb button_text_shadow_horizontal_length=\u00a0\u00bbbutton_text_shadow_style,%91object Object%93&Prime; button_text_shadow_vertical_length=\u00a0\u00bbbutton_text_shadow_style,%91object Object%93&Prime; button_text_shadow_blur_strength=\u00a0\u00bbbutton_text_shadow_style,%91object Object%93&Prime; \/][\/et_pb_column][et_pb_column type=\u00a0\u00bb1_3&Prime;][\/et_pb_column][et_pb_column type=\u00a0\u00bb1_3&Prime;][\/et_pb_column][\/et_pb_row][et_pb_row _builder_version=\u00a0\u00bb3.22&Prime; background_size=\u00a0\u00bbinitial\u00a0\u00bb background_position=\u00a0\u00bbtop_left\u00a0\u00bb background_repeat=\u00a0\u00bbrepeat\u00a0\u00bb][et_pb_column type=\u00a0\u00bb4_4&Prime;][et_pb_text module_id=\u00a0\u00bbcontenu\u00a0\u00bb _builder_version=\u00a0\u00bb3.22.1&Prime; z_index_tablet=\u00a0\u00bb500&Prime;]<\/p>\n<div class=\"panel-pane pane-entity-field pane-node-field-labo-tutelle-principale\">\n<div class=\"pane-content\">\n<div class=\"field field-name-field-labo-tutelle-principale field-type-text field-label-inline inline\">\n<div class=\"field-label\">Tutelles\u00a0&gt;<\/div>\n<div class=\"field-items\">\n<div class=\"field-item even\">Universit\u00e9 Paris Diderot<\/div>\n<\/div>\n<\/div>\n<\/div>\n<\/div>\n<div class=\"panel-separator\">\u00a0<\/div>\n<div class=\"panel-pane pane-entity-field pane-node-field-labo-ufr-rattachement\">\n<div class=\"pane-content\">\n<div class=\"field field-name-field-labo-ufr-rattachement field-type-text field-label-inline inline\">\n<div class=\"field-label\">UFR de rattachement\u00a0&gt;<\/div>\n<div class=\"field-items\">\n<div class=\"field-item even\">SCIENCES DU VIVANT<\/div>\n<\/div>\n<\/div>\n<\/div>\n<\/div>\n<div class=\"panel-separator\">\u00a0<\/div>\n<div class=\"panel-pane pane-entity-field pane-node-field-labo-label-unite node-categories\">\n<div class=\"pane-content\">\n<div class=\"field field-name-field-labo-label-unite field-type-text field-label-inline inline\">\n<div class=\"field-label\">Label unit\u00e9\u00a0&gt;<\/div>\n<div class=\"field-items\">\n<div class=\"field-item even\">UMR 7592<\/div>\n<\/div>\n<\/div>\n<\/div>\n<\/div>\n<div class=\"panel-separator\">\u00a0<\/div>\n<div class=\"panel-pane pane-entity-field pane-node-field-labo-autres-rattachement\">\n<div class=\"pane-content\">\n<div class=\"field field-name-field-labo-autres-rattachement field-type-text field-label-inline inline\">\n<div class=\"field-label\">Partenaires\u00a0&gt;<\/div>\n<div class=\"field-items\">\n<div class=\"field-item even\">CNRS<\/div>\n<\/div>\n<\/div>\n<\/div>\n<\/div>\n<div class=\"panel-separator\">\u00a0<\/div>\n<h3>Pr\u00e9sentation<\/h3>\n<div class=\"field field-name-body field-type-text-with-summary field-label-hidden\">\n<div class=\"field-items\">\n<div class=\"field-item even\">\n<ul>\n<li><strong>Objectifs<\/strong>\u00a0: L&rsquo;objectif des \u00e9quipes de recherche est de comprendre les processus fondamentaux qui contribuent \u00e0 la structure, la dynamique et les fonctions des cellules eucaryotes. Diff\u00e9rents composants cellulaires sont \u00e9tudi\u00e9s (noyaux, v\u00e9sicules de transport, mitochondries, cytosquelette, etc.), leur assemblage, la r\u00e9glementation, les voies et leurs r\u00f4les dans la d\u00e9termination de la forme des cellules, la motilit\u00e9, la prolif\u00e9ration, l&rsquo;organisation et le d\u00e9veloppement des tissus, dans des conditions normales et pathologiques de signalisation.<\/li>\n<\/ul>\n<p>Certaines \u00e9quipes \u00e9tudient les m\u00e9canismes g\u00e9n\u00e9tiques, cellulaires et mol\u00e9culaires qui sous-tendent le d\u00e9veloppement des animaux, en particulier ceux qui contr\u00f4lent la formation du syst\u00e8me nerveux. Ils \u00e9tudient \u00e9galement l&rsquo;\u00e9volution des processus de d\u00e9veloppement.<\/p>\n<p>D&rsquo;autres \u00e9quipes sont int\u00e9ress\u00e9es par la r\u00e9glementation de l&rsquo;ADN et le m\u00e9tabolisme des prot\u00e9ines. Cela inclut les processus fondamentaux de la maintenance du g\u00e9nome comme le contr\u00f4le de la r\u00e9plication de l&rsquo;ADN et la r\u00e9paration des dommages ; la r\u00e9gulation de la transcription ; le trafic et la r\u00e9gulation du trafic cellulaire par ubiquitylation nucl\u00e9ocytoplasmique; la transformation des prot\u00e9ines, pliage et l&rsquo;exportation.<\/p>\n<p>Dans la premi\u00e8re perspective transversale, plusieurs \u00e9quipes d\u00e9veloppent de nouvelles approches th\u00e9oriques et \/ ou pratiques pour acqu\u00e9rir une meilleure compr\u00e9hension des bases mol\u00e9culaires et cellulaires de maladies rares (maladies g\u00e9n\u00e9tiques) et les affections les plus courantes (cancer, maladies de la reproduction, les maladies auto-immunes, etc.). Enfin, dans la seconde perspective transversale certains groupes sont activement engag\u00e9s dans la recherche et le d\u00e9veloppement de nouvelles m\u00e9thodes et de ressources dans la mod\u00e9lisation math\u00e9matique et l&rsquo;analyse biophysique des objets et ph\u00e9nom\u00e8nes biologiques.<\/p>\n<ul>\n<li><strong>Nombre d\u2019\u00e9quipe<\/strong>\u00a0: 30\u00a0<\/li>\n<\/ul>\n<ul>\n<li><strong>Appartenance \u00e0 l\u2019UFR Sciences du Vivant de l\u2019Universit\u00e9 Paris-Diderot<\/strong>\u00a0:<br \/>1, les<strong>\u00a0\u00e9l\u00e9ments fondamentaux<\/strong>\u00a0des organismes vivants<br \/>2, l&rsquo;<strong>assemblage\u00a0<\/strong>des organismes vivants<br \/>3, la\u00a0<strong>survie\u00a0<\/strong>et la\u00a0<strong>d\u00e9fense\u00a0<\/strong>des organismes vivants\u00a0<\/li>\n<\/ul>\n<ul>\n<li><strong>\u00a0M\u00e9thodes<\/strong>\u00a0: Des approches in-vivo et in vitro dans des syst\u00e8mes mod\u00e8les tels que : la levure, la drosophile, le poisson z\u00e8bre, la souris, le rat. G\u00e9n\u00e9tique, la biologie cellulaire et mol\u00e9culaire (transcriptomique, prot\u00e9omique, la cytom\u00e9trie en flux, imagerie cellulaire)<\/li>\n<\/ul>\n<\/div>\n<\/div>\n<\/div>\n<div class=\"panel-separator\">\u00a0<\/div>\n<h3>Th\u00e8mes de recherche<\/h3>\n<div class=\"field field-name-field-labo-themes-recherche field-type-text-long field-label-hidden\">\n<div class=\"field-items\">\n<div class=\"field-item even\">\n<h3 class=\"niveau3\"><strong>THE IJM PURSUES BASIC RESEARCH WITHIN THREE MAJOR THEMES<\/strong>\u00a0:<\/h3>\n<p class=\"paragraphe\">\u2666\u00a0Genome and chromosome dynamics<\/p>\n<p class=\"paragraphe\">\u2666\u00a0Cellular dynamics and signalling<\/p>\n<p class=\"paragraphe\">\u2666 Development and evolution<\/p>\n<p class=\"paragraphe\">Furthermore\u00a0<u>two transverse themes<\/u>\u00a0consist in :<\/p>\n<p class=\"paragraphe\">a) Modelling, quantitative biology and biophysics<br \/>b) Molecular and cellular pathologies.<\/p>\n<p><strong>Methods\u00a0<\/strong>: In-vivo and in-vitro approaches in model systems such as : yeast, drosophila, zebra fish, mouse, rat. Genetics, cellular and molecular biology (transcriptomics, proteomics, flow cytometry, cellular imaging).<\/p>\n<\/div>\n<\/div>\n<\/div>\n<div class=\"panel-separator\">\u00a0<\/div>\n<h3>Equipes de recherche<\/h3>\n<div class=\"field field-name-field-labo-equipe-recherche field-type-text-long field-label-hidden\">\n<div class=\"field-items\">\n<div class=\"field-item even\">\n<p><u><strong>TEAMS\u00a0<\/strong><\/u>:<\/p>\n<p>-Equipe 1 : Juliette Azimzadeh (Polarit\u00e9 cellulaire dans le d\u00e9veloppement et l&rsquo;\u00e9volution)<\/p>\n<p>-Equipe 2 : Guillaume Balavoine\/Michel Vervoort (\u00c9volution et d\u00e9veloppement des m\u00e9tazoaires)<\/p>\n<p>-Equipe 3 : Giuseppe Baldacci (Pathologies de la r\u00e9plication de l&rsquo;ADN)<\/p>\n<p>-Equipe 4 : Nicolas Borghi ( M\u00e9canotransduction : de la surface de la cellule \u00e0 son noyau)<\/p>\n<p>-Equipe 5 : Jean-Michel Camadro (Mitochondries, m\u00e9taux et stress oxydatif)<\/p>\n<p>-Equipe 6 : J\u00e9r\u00f4me Collignon (Sp\u00e9cification des destins cellulaires chez la souris)<\/p>\n<p>-Equipe 7 : Val\u00e9rie Doye (Fonctions non-conventionnelles des pores nucl\u00e9aires)<\/p>\n<p>-Equipe 8 : Sandra Duharcourt (R\u00e9gulation \u00e9pig\u00e9n\u00e9tique de l&rsquo;organisation du g\u00e9nome)<\/p>\n<p>-Equipe 9 : Julien Dumont (Division cellulaire et reproduction)<\/p>\n<p>-Equipe 10 : Thierry Galli (Trafic membranaire normal et pathologique)<\/p>\n<p>-Equipe 11 : Thierry Grange\/Eva-Maria Geigl (\u00c9pig\u00e9nome et pal\u00e9og\u00e9nome)<\/p>\n<p>-Equipe 12 : Antoine Guichet ( Polarit\u00e9 et morphogen\u00e8se)<\/p>\n<p>-Equipe 13 : Cathy Jackson\/Jean-Marc Verbavatz (Dynamique des membranes et trafic intracellulaire)<\/p>\n<p>-Equipe 14 : Isabelle Jupin (Virologie mol\u00e9culaire)<\/p>\n<p>-Equipe 15 : Roger Karess (Dynamique et r\u00e9gulation de la division cellulaire)<\/p>\n<p>-Equipe 16 : Beno\u00eet Ladoux\/ Ren\u00e9-Marc M\u00e8ge (Adh\u00e9sion cellulaire et m\u00e9canique)<\/p>\n<p>-Equipe 17 : S\u00e9bastien Leon (Trafic membranaire, ubiquitine et signalisation)<\/p>\n<p>-Equipe 18 : Domenico Libri (M\u00e9tabolisme et fonction de l&rsquo;ARN dans le noyau)<\/p>\n<p>-Equipe 19 : Nicolas Minc (Organisation spatiale de la cellule)<\/p>\n<p>-Equipe 20 : Virginie Orgogozo (\u00c9volution des drosophiles)<\/p>\n<p>-Equipe 21 : Khashayar Pakdaman (Biologie computationnelle et biomath\u00e9matiques)<\/p>\n<p>-Equipe 22 : Alessandra Pierani (G\u00e9n\u00e9tique et d\u00e9veloppement du cortex c\u00e9r\u00e9bral)<\/p>\n<p>-Equipe 23 : Lionel Pintard (Cycle cellulaire et d\u00e9veloppement)<\/p>\n<p>-Equipe 24 : Anne Plessis (D\u00e9veloppement, signalisation et trafic)<\/p>\n<p>-Equipe 25 : Fran\u00e7oise Poirier (Morphogen\u00e8se, hom\u00e9ostasie et pathologies)<\/p>\n<p>-Equipe 26 : Marie-No\u00eblle Prioleau (Domaines chromatiniens et r\u00e9plication)<\/p>\n<p>-Equipe 27 : Vanessa Ribes (R\u00e9seaux transcriptionnels et diff\u00e9renciation neurale)<\/p>\n<p>-Equipe 28 : Guillaume Romet-Lemonne (R\u00e9gulation de la dynamique d&rsquo;assemblage de l&rsquo;actine)<\/p>\n<p>-Equipe 29 : Terence Strick (Nanomanipulation de biomol\u00e9cules)<\/p>\n<p>-Equipe 30 : Reiner Veitia (Oncologie mol\u00e9culaire et pathologies ovariennes)<\/p>\n<\/div>\n<\/div>\n<\/div>\n<div class=\"panel-separator\">\u00a0<\/div>\n<div class=\"panel-pane pane-entity-field pane-node-field-liens-web\">\n<div class=\"pane-content\">\n<div class=\"field field-name-field-liens-web field-type-link-field field-label-inline inline\">\n<div class=\"field-label\">Lien(s) web\u00a0&gt;<\/div>\n<div class=\"field-items\">\n<div class=\"field-item even\"><a class=\"ext extlink\" href=\"http:\/\/www.ijm.fr\/\" target=\"_blank\" rel=\"noopener noreferrer\">http:\/\/www.ijm.fr\/<\/a><\/div>\n<\/div>\n<\/div>\n<\/div>\n<\/div>\n<div class=\"panel-separator\">\u00a0<\/div>\n<h3>Localisation<\/h3>\n<div class=\"field field-name-field-labo-localisation field-type-location field-label-hidden\">\n<div class=\"field-items\">\n<div class=\"field-item even\">\n<div class=\"location vcard\">\n<div class=\"adr\">\n<div class=\"street-address\">15 rue H\u00e9l\u00e8ne Brion<\/div>\n<div class=\"street-address\"><span class=\"additional\">B\u00e2timent Buffon<\/span><\/div>\n<div class=\"street-address\"><span class=\"postal-code\">75013<\/span>\u00a0<span class=\"locality\">PARIS<\/span><\/div>\n<\/div>\n<\/div>\n<div class=\"location-hidden\">France<\/div>\n<\/div>\n<\/div>\n<\/div>\n<p>[\/et_pb_text][\/et_pb_column][\/et_pb_row][et_pb_row _builder_version=\u00a0\u00bb3.22&Prime; background_size=\u00a0\u00bbinitial\u00a0\u00bb background_position=\u00a0\u00bbtop_left\u00a0\u00bb background_repeat=\u00a0\u00bbrepeat\u00a0\u00bb][et_pb_column type=\u00a0\u00bb1_2&Prime;][\/et_pb_column][et_pb_column type=\u00a0\u00bb1_2&Prime;][\/et_pb_column][\/et_pb_row][\/et_pb_section]<\/p>\n","protected":false},"excerpt":{"rendered":"<div class=\"et_pb_row et_pb_row_0 et_pb_row_empty\"><\/div>\n<p> Tutelles\u00a0&gt; Universit\u00e9 Paris Diderot \u00a0 UFR de rattachement\u00a0&gt; SCIENCES DU VIVANT \u00a0 Label unit\u00e9\u00a0&gt; UMR 7592 \u00a0 Partenaires\u00a0&gt; CNRS \u00a0 Pr\u00e9sentation Objectifs\u00a0: L&rsquo;objectif des \u00e9quipes de recherche est de comprendre les processus fondamentaux qui contribuent \u00e0 la structure, la dynamique et les fonctions des cellules eucaryotes. Diff\u00e9rents composants cellulaires sont \u00e9tudi\u00e9s (noyaux, v\u00e9sicules de&hellip; <a class=\"continue\" href=\"https:\/\/wordpress-test.app.u-pariscite.fr\/sdv\/institut-jacques-monod\/\">Lire la suite<span> Institut Jacques Monod<\/span><\/a><\/p>\n","protected":false},"author":69,"featured_media":0,"parent":0,"menu_order":0,"comment_status":"closed","ping_status":"closed","template":"","meta":{"_et_pb_use_builder":"on","_et_pb_old_content":"","_et_gb_content_width":"","footnotes":""},"class_list":["post-1544","page","type-page","status-publish","hentry"],"_links":{"self":[{"href":"https:\/\/wordpress-test.app.u-pariscite.fr\/sdv\/wp-json\/wp\/v2\/pages\/1544","targetHints":{"allow":["GET"]}}],"collection":[{"href":"https:\/\/wordpress-test.app.u-pariscite.fr\/sdv\/wp-json\/wp\/v2\/pages"}],"about":[{"href":"https:\/\/wordpress-test.app.u-pariscite.fr\/sdv\/wp-json\/wp\/v2\/types\/page"}],"author":[{"embeddable":true,"href":"https:\/\/wordpress-test.app.u-pariscite.fr\/sdv\/wp-json\/wp\/v2\/users\/69"}],"replies":[{"embeddable":true,"href":"https:\/\/wordpress-test.app.u-pariscite.fr\/sdv\/wp-json\/wp\/v2\/comments?post=1544"}],"version-history":[{"count":3,"href":"https:\/\/wordpress-test.app.u-pariscite.fr\/sdv\/wp-json\/wp\/v2\/pages\/1544\/revisions"}],"predecessor-version":[{"id":1646,"href":"https:\/\/wordpress-test.app.u-pariscite.fr\/sdv\/wp-json\/wp\/v2\/pages\/1544\/revisions\/1646"}],"wp:attachment":[{"href":"https:\/\/wordpress-test.app.u-pariscite.fr\/sdv\/wp-json\/wp\/v2\/media?parent=1544"}],"curies":[{"name":"wp","href":"https:\/\/api.w.org\/{rel}","templated":true}]}}