{"id":1539,"date":"2021-01-08T16:55:17","date_gmt":"2021-01-08T15:55:17","guid":{"rendered":"https:\/\/wordpress-test.app.u-pariscite.fr\/sdv\/?page_id=1539"},"modified":"2021-01-08T16:55:17","modified_gmt":"2021-01-08T15:55:17","slug":"imagoseine-une-plateforme-dimagerie-a-la-pointe","status":"publish","type":"page","link":"https:\/\/wordpress-test.app.u-pariscite.fr\/sdv\/imagoseine-une-plateforme-dimagerie-a-la-pointe\/","title":{"rendered":"ImagoSeine : une plateforme d&rsquo;imagerie \u00e0 la pointe"},"content":{"rendered":"<p>[et_pb_section bb_built=\u00a0\u00bb1&Prime; next_background_color=\u00a0\u00bb#000000&Prime;][et_pb_row][et_pb_column type=\u00a0\u00bb4_4&Prime;][et_pb_post_title _builder_version=\u00a0\u00bb3.22.1&Prime; meta=\u00a0\u00bboff\u00a0\u00bb featured_image=\u00a0\u00bboff\u00a0\u00bb text_shadow_horizontal_length=\u00a0\u00bbtext_shadow_style,%91object Object%93&Prime; text_shadow_vertical_length=\u00a0\u00bbtext_shadow_style,%91object Object%93&Prime; text_shadow_blur_strength=\u00a0\u00bbtext_shadow_style,%91object Object%93&Prime; title_text_shadow_horizontal_length=\u00a0\u00bbtitle_text_shadow_style,%91object Object%93&Prime; title_text_shadow_vertical_length=\u00a0\u00bbtitle_text_shadow_style,%91object Object%93&Prime; title_text_shadow_blur_strength=\u00a0\u00bbtitle_text_shadow_style,%91object Object%93&Prime; meta_text_shadow_horizontal_length=\u00a0\u00bbmeta_text_shadow_style,%91object Object%93&Prime; meta_text_shadow_vertical_length=\u00a0\u00bbmeta_text_shadow_style,%91object Object%93&Prime; meta_text_shadow_blur_strength=\u00a0\u00bbmeta_text_shadow_style,%91object Object%93&Prime; z_index_tablet=\u00a0\u00bb500&Prime; \/][\/et_pb_column][\/et_pb_row][\/et_pb_section][et_pb_section bb_built=\u00a0\u00bb1&Prime; inner_width=\u00a0\u00bbauto\u00a0\u00bb inner_max_width=\u00a0\u00bbnone\u00a0\u00bb prev_background_color=\u00a0\u00bb#000000&Prime;][et_pb_row][et_pb_column type=\u00a0\u00bb4_4&Prime;][et_pb_image _builder_version=\u00a0\u00bb3.22.1&Prime; src=\u00a0\u00bbhttps:\/\/wordpress-test.app.u-pariscite.fr\/sdv\/wp-content\/uploads\/sites\/4\/2020\/02\/Imagoseine-pointe-jpeg.jpg\u00a0\u00bb z_index_tablet=\u00a0\u00bb500&Prime; \/][\/et_pb_column][\/et_pb_row][et_pb_row][et_pb_column type=\u00a0\u00bb1_3&Prime;][\/et_pb_column][et_pb_column type=\u00a0\u00bb1_3&Prime;][\/et_pb_column][et_pb_column type=\u00a0\u00bb1_3&Prime;][\/et_pb_column][\/et_pb_row][et_pb_row][et_pb_column type=\u00a0\u00bb4_4&Prime;][et_pb_text _builder_version=\u00a0\u00bb3.22.1&Prime; module_id=\u00a0\u00bbcontenu\u00a0\u00bb text_text_shadow_horizontal_length=\u00a0\u00bbtext_text_shadow_style,%91object Object%93&Prime; text_text_shadow_vertical_length=\u00a0\u00bbtext_text_shadow_style,%91object Object%93&Prime; text_text_shadow_blur_strength=\u00a0\u00bbtext_text_shadow_style,%91object Object%93&Prime; link_text_shadow_horizontal_length=\u00a0\u00bblink_text_shadow_style,%91object Object%93&Prime; link_text_shadow_vertical_length=\u00a0\u00bblink_text_shadow_style,%91object Object%93&Prime; link_text_shadow_blur_strength=\u00a0\u00bblink_text_shadow_style,%91object Object%93&Prime; ul_text_shadow_horizontal_length=\u00a0\u00bbul_text_shadow_style,%91object Object%93&Prime; ul_text_shadow_vertical_length=\u00a0\u00bbul_text_shadow_style,%91object Object%93&Prime; ul_text_shadow_blur_strength=\u00a0\u00bbul_text_shadow_style,%91object Object%93&Prime; ol_text_shadow_horizontal_length=\u00a0\u00bbol_text_shadow_style,%91object Object%93&Prime; ol_text_shadow_vertical_length=\u00a0\u00bbol_text_shadow_style,%91object Object%93&Prime; ol_text_shadow_blur_strength=\u00a0\u00bbol_text_shadow_style,%91object Object%93&Prime; quote_text_shadow_horizontal_length=\u00a0\u00bbquote_text_shadow_style,%91object Object%93&Prime; quote_text_shadow_vertical_length=\u00a0\u00bbquote_text_shadow_style,%91object Object%93&Prime; quote_text_shadow_blur_strength=\u00a0\u00bbquote_text_shadow_style,%91object Object%93&Prime; header_text_shadow_horizontal_length=\u00a0\u00bbheader_text_shadow_style,%91object Object%93&Prime; header_text_shadow_vertical_length=\u00a0\u00bbheader_text_shadow_style,%91object Object%93&Prime; header_text_shadow_blur_strength=\u00a0\u00bbheader_text_shadow_style,%91object Object%93&Prime; header_2_text_shadow_horizontal_length=\u00a0\u00bbheader_2_text_shadow_style,%91object Object%93&Prime; header_2_text_shadow_vertical_length=\u00a0\u00bbheader_2_text_shadow_style,%91object Object%93&Prime; header_2_text_shadow_blur_strength=\u00a0\u00bbheader_2_text_shadow_style,%91object Object%93&Prime; header_3_text_shadow_horizontal_length=\u00a0\u00bbheader_3_text_shadow_style,%91object Object%93&Prime; header_3_text_shadow_vertical_length=\u00a0\u00bbheader_3_text_shadow_style,%91object Object%93&Prime; header_3_text_shadow_blur_strength=\u00a0\u00bbheader_3_text_shadow_style,%91object Object%93&Prime; header_4_text_shadow_horizontal_length=\u00a0\u00bbheader_4_text_shadow_style,%91object Object%93&Prime; header_4_text_shadow_vertical_length=\u00a0\u00bbheader_4_text_shadow_style,%91object Object%93&Prime; header_4_text_shadow_blur_strength=\u00a0\u00bbheader_4_text_shadow_style,%91object Object%93&Prime; header_5_text_shadow_horizontal_length=\u00a0\u00bbheader_5_text_shadow_style,%91object Object%93&Prime; header_5_text_shadow_vertical_length=\u00a0\u00bbheader_5_text_shadow_style,%91object Object%93&Prime; header_5_text_shadow_blur_strength=\u00a0\u00bbheader_5_text_shadow_style,%91object Object%93&Prime; header_6_text_shadow_horizontal_length=\u00a0\u00bbheader_6_text_shadow_style,%91object Object%93&Prime; header_6_text_shadow_vertical_length=\u00a0\u00bbheader_6_text_shadow_style,%91object Object%93&Prime; header_6_text_shadow_blur_strength=\u00a0\u00bbheader_6_text_shadow_style,%91object Object%93&Prime; z_index_tablet=\u00a0\u00bb500&Prime;]<\/p>\n<p class=\"chapeau\">L\u2019<a href=\"https:\/\/wordpress-test.app.u-pariscite.fr\/sdv\/institut-jacques-monod\/\">Institut Jacques Monod<\/a>\u00a0s&rsquo;est dot\u00e9\u00a0d\u2019un microscope \u00e9lectronique pour observer les cellules en 3D. Unique \u00e0 Paris, cet appareil devient la vitrine de la plateforme d&rsquo;Imagerie ImagoSeine.<\/p>\n<p class=\"paragraphe\">\u00ab Pour \u00eatre \u00e0 la pointe de la recherche, il faut \u00eatre \u00e0 la pointe de la technologie \u00bb, affirme Jean-Marc Verbavatz, coordinateur de la plateforme technologique ImagoSeine. L\u2019institut Jacques Monod vient de faire l\u2019acquisition d\u2019un microscope \u00e9lectronique capable de produire une image en 3D et en tr\u00e8s haute r\u00e9solution \u00e0 l&rsquo;\u00e9chelle d\u2019une ou plusieurs cellules enti\u00e8res. A ce jour, il n\u2019y avait qu\u2019un mod\u00e8le de cet appareil en France, \u00e0 Lille. L\u2019institut est donc le premier \u00e9tablissement parisien \u00e0 s\u2019\u00e9quiper de cet outil performant.<\/p>\n<h2 class=\"niveau2\">Une vitrine pour l\u2019institut<\/h2>\n<p>Le microscope, qui sera install\u00e9 dans les prochaines semaines dans le b\u00e2timent Buffon, sera \u00e0 la disposition de toutes les \u00e9quipes de recherche de l\u2019institut Jacques Monod et de l\u2019universit\u00e9 Paris Diderot, biologistes ou non. L\u2019UFR Physique pourra par exemple l\u2019utiliser en sciences des mat\u00e9riaux. Comme les autres \u00e9quipements de la plateforme, cet appareil sera \u00e9galement accessible aux chercheurs ext\u00e9rieurs, par exemple de l\u2019institut Curie, Pasteur ou Cochin. \u00ab Nos coll\u00e8gues devront r\u00e9server des cr\u00e9neaux et louer nos prestations. Un membre de l\u2019institut les accompagnera dans leurs projets \u00bb. L\u2019utilisation de cet outil n\u00e9cessite un protocole de plusieurs jours et des capacit\u00e9s cons\u00e9quentes pour stocker et traiter les donn\u00e9es.<\/p>\n<h2 class=\"niveau2\">Un microscope prometteur<\/h2>\n<p>En permettant de visualiser tous les compartiments d\u2019une cellule (jusqu\u2019\u00e0 l\u2019\u00e9chelle de mol\u00e9cules), ce nouveau microscope ouvre de belles perspectives de recherche. \u00ab En analysant l\u2019organisation des compartiments d\u2019une cellule avec des images en 3D, nous irons plus loin dans nos analyses. Nos travaux rel\u00e8vent de la recherche fondamentale, mais derri\u00e8re il y a des enjeux soci\u00e9taux importants. Des chercheurs en m\u00e9decine s\u2019emparent par exemple de nos r\u00e9sultats pour comprendre les m\u00e9canismes du cancer \u00bb.<\/p>\n<p>On comprend donc pourquoi l\u2019Idex a financ\u00e9\u00a0\u00e0 hauteur de 200 000\u20ac l\u2019achat de cet \u00e9quipement tr\u00e8s prometteur. L\u2019institut Jacques Monod a b\u00e9n\u00e9fici\u00e9\u00a0\u00e9galement d\u2019un financement de 340 000 \u20ac de la R\u00e9gion Ile-de-France dans le cadre du dispositif S\u00e9same.<\/p>\n<p>ImagoSeine est membre de l\u2019infrastructure nationale des plateformes d\u2019imagerie France-BioImaging et du r\u00e9seau Euro-BioImaging. La plateforme b\u00e9n\u00e9ficie du soutien de diff\u00e9rents organismes (CNRS, Inserm, Universit\u00e9 Paris-Diderot) et de diff\u00e9rentes agences ou fondations (IBiSA, Agence nationale de la recherche, FRM, ARC).\u00a0<\/p>\n<p class=\"paragraphe-petit\">L\u00e9gende image : microscopie bi-photonique live en 3D du d\u00e9veloppement embryonnaire d\u2019un n\u00e9matode C. elegans exprimant un marqueur fluorescent de la membrane plasmique (GFP-PHdomain). Benjamin Lacroix, Nicolas Tissot, Equipe Dumont, ImagoSeine, CNRS Institut Jacques Monod.<\/p>\n<p>[\/et_pb_text][\/et_pb_column][\/et_pb_row][et_pb_row][et_pb_column type=\u00a0\u00bb1_2&Prime;][\/et_pb_column][et_pb_column type=\u00a0\u00bb1_2&Prime;][\/et_pb_column][\/et_pb_row][\/et_pb_section]<\/p>\n","protected":false},"excerpt":{"rendered":"<div class=\"et_pb_row et_pb_row_0 et_pb_row_empty\"><\/div>\n<div class=\"et_pb_row et_pb_row_1 et_pb_row_empty\"><\/div>\n<div class=\"et_pb_row et_pb_row_2 et_pb_row_empty\"><\/div>\n<div class=\"et_pb_row et_pb_row_3 et_pb_row_empty\"><\/div>\n<p> L\u2019Institut Jacques Monod\u00a0s&rsquo;est dot\u00e9\u00a0d\u2019un microscope \u00e9lectronique pour observer les cellules en 3D. Unique \u00e0 Paris, cet appareil devient la vitrine de la plateforme d&rsquo;Imagerie ImagoSeine. \u00ab Pour \u00eatre \u00e0 la pointe de la recherche, il faut \u00eatre \u00e0 la pointe de la technologie \u00bb, affirme Jean-Marc Verbavatz, coordinateur de la plateforme technologique ImagoSeine. L\u2019institut&hellip; <a class=\"continue\" href=\"https:\/\/wordpress-test.app.u-pariscite.fr\/sdv\/imagoseine-une-plateforme-dimagerie-a-la-pointe\/\">Lire la suite<span> ImagoSeine : une plateforme d&rsquo;imagerie \u00e0 la pointe<\/span><\/a><\/p>\n","protected":false},"author":69,"featured_media":0,"parent":0,"menu_order":0,"comment_status":"closed","ping_status":"closed","template":"","meta":{"_et_pb_use_builder":"on","_et_pb_old_content":"","_et_gb_content_width":"","footnotes":""},"class_list":["post-1539","page","type-page","status-publish","hentry"],"_links":{"self":[{"href":"https:\/\/wordpress-test.app.u-pariscite.fr\/sdv\/wp-json\/wp\/v2\/pages\/1539","targetHints":{"allow":["GET"]}}],"collection":[{"href":"https:\/\/wordpress-test.app.u-pariscite.fr\/sdv\/wp-json\/wp\/v2\/pages"}],"about":[{"href":"https:\/\/wordpress-test.app.u-pariscite.fr\/sdv\/wp-json\/wp\/v2\/types\/page"}],"author":[{"embeddable":true,"href":"https:\/\/wordpress-test.app.u-pariscite.fr\/sdv\/wp-json\/wp\/v2\/users\/69"}],"replies":[{"embeddable":true,"href":"https:\/\/wordpress-test.app.u-pariscite.fr\/sdv\/wp-json\/wp\/v2\/comments?post=1539"}],"version-history":[{"count":3,"href":"https:\/\/wordpress-test.app.u-pariscite.fr\/sdv\/wp-json\/wp\/v2\/pages\/1539\/revisions"}],"predecessor-version":[{"id":1542,"href":"https:\/\/wordpress-test.app.u-pariscite.fr\/sdv\/wp-json\/wp\/v2\/pages\/1539\/revisions\/1542"}],"wp:attachment":[{"href":"https:\/\/wordpress-test.app.u-pariscite.fr\/sdv\/wp-json\/wp\/v2\/media?parent=1539"}],"curies":[{"name":"wp","href":"https:\/\/api.w.org\/{rel}","templated":true}]}}