{"id":1530,"date":"2021-01-08T16:48:19","date_gmt":"2021-01-08T15:48:19","guid":{"rendered":"https:\/\/wordpress-test.app.u-pariscite.fr\/sdv\/?page_id=1530"},"modified":"2021-01-08T16:48:27","modified_gmt":"2021-01-08T15:48:27","slug":"plateforme-proteomique-structurale-et-fonctionnelle-de-linstitut-jacques-monod","status":"publish","type":"page","link":"https:\/\/wordpress-test.app.u-pariscite.fr\/sdv\/plateforme-proteomique-structurale-et-fonctionnelle-de-linstitut-jacques-monod\/","title":{"rendered":"Plateforme \u00ab Prot\u00e9omique Structurale et Fonctionnelle \u00bb de l\u2019Institut Jacques Monod"},"content":{"rendered":"<p>[et_pb_section bb_built=\u00a0\u00bb1&Prime; next_background_color=\u00a0\u00bb#000000&Prime;][et_pb_row][et_pb_column type=\u00a0\u00bb4_4&Prime;][et_pb_post_title _builder_version=\u00a0\u00bb3.22.1&Prime; meta=\u00a0\u00bboff\u00a0\u00bb featured_image=\u00a0\u00bboff\u00a0\u00bb text_shadow_horizontal_length=\u00a0\u00bbtext_shadow_style,%91object Object%93&Prime; text_shadow_vertical_length=\u00a0\u00bbtext_shadow_style,%91object Object%93&Prime; text_shadow_blur_strength=\u00a0\u00bbtext_shadow_style,%91object Object%93&Prime; title_text_shadow_horizontal_length=\u00a0\u00bbtitle_text_shadow_style,%91object Object%93&Prime; title_text_shadow_vertical_length=\u00a0\u00bbtitle_text_shadow_style,%91object Object%93&Prime; title_text_shadow_blur_strength=\u00a0\u00bbtitle_text_shadow_style,%91object Object%93&Prime; meta_text_shadow_horizontal_length=\u00a0\u00bbmeta_text_shadow_style,%91object Object%93&Prime; meta_text_shadow_vertical_length=\u00a0\u00bbmeta_text_shadow_style,%91object Object%93&Prime; meta_text_shadow_blur_strength=\u00a0\u00bbmeta_text_shadow_style,%91object Object%93&Prime; z_index_tablet=\u00a0\u00bb500&Prime; \/][\/et_pb_column][\/et_pb_row][\/et_pb_section][et_pb_section bb_built=\u00a0\u00bb1&Prime; inner_width=\u00a0\u00bbauto\u00a0\u00bb inner_max_width=\u00a0\u00bbnone\u00a0\u00bb prev_background_color=\u00a0\u00bb#000000&Prime;][et_pb_row][et_pb_column type=\u00a0\u00bb4_4&Prime;][et_pb_image _builder_version=\u00a0\u00bb3.22.1&Prime; src=\u00a0\u00bbhttps:\/\/wordpress-test.app.u-pariscite.fr\/sdv\/wp-content\/uploads\/sites\/4\/2020\/02\/logo-ibiza.jpg\u00a0\u00bb z_index_tablet=\u00a0\u00bb500&Prime; \/][\/et_pb_column][\/et_pb_row][et_pb_row][et_pb_column type=\u00a0\u00bb1_3&Prime;][\/et_pb_column][et_pb_column type=\u00a0\u00bb1_3&Prime;][\/et_pb_column][et_pb_column type=\u00a0\u00bb1_3&Prime;][\/et_pb_column][\/et_pb_row][et_pb_row][et_pb_column type=\u00a0\u00bb4_4&Prime;][et_pb_text _builder_version=\u00a0\u00bb3.22.1&Prime; module_id=\u00a0\u00bbcontenu\u00a0\u00bb text_text_shadow_horizontal_length=\u00a0\u00bbtext_text_shadow_style,%91object Object%93&Prime; text_text_shadow_vertical_length=\u00a0\u00bbtext_text_shadow_style,%91object Object%93&Prime; text_text_shadow_blur_strength=\u00a0\u00bbtext_text_shadow_style,%91object Object%93&Prime; link_text_shadow_horizontal_length=\u00a0\u00bblink_text_shadow_style,%91object Object%93&Prime; link_text_shadow_vertical_length=\u00a0\u00bblink_text_shadow_style,%91object Object%93&Prime; link_text_shadow_blur_strength=\u00a0\u00bblink_text_shadow_style,%91object Object%93&Prime; ul_text_shadow_horizontal_length=\u00a0\u00bbul_text_shadow_style,%91object Object%93&Prime; ul_text_shadow_vertical_length=\u00a0\u00bbul_text_shadow_style,%91object Object%93&Prime; ul_text_shadow_blur_strength=\u00a0\u00bbul_text_shadow_style,%91object Object%93&Prime; ol_text_shadow_horizontal_length=\u00a0\u00bbol_text_shadow_style,%91object Object%93&Prime; ol_text_shadow_vertical_length=\u00a0\u00bbol_text_shadow_style,%91object Object%93&Prime; ol_text_shadow_blur_strength=\u00a0\u00bbol_text_shadow_style,%91object Object%93&Prime; quote_text_shadow_horizontal_length=\u00a0\u00bbquote_text_shadow_style,%91object Object%93&Prime; quote_text_shadow_vertical_length=\u00a0\u00bbquote_text_shadow_style,%91object Object%93&Prime; quote_text_shadow_blur_strength=\u00a0\u00bbquote_text_shadow_style,%91object Object%93&Prime; header_text_shadow_horizontal_length=\u00a0\u00bbheader_text_shadow_style,%91object Object%93&Prime; header_text_shadow_vertical_length=\u00a0\u00bbheader_text_shadow_style,%91object Object%93&Prime; header_text_shadow_blur_strength=\u00a0\u00bbheader_text_shadow_style,%91object Object%93&Prime; header_2_text_shadow_horizontal_length=\u00a0\u00bbheader_2_text_shadow_style,%91object Object%93&Prime; header_2_text_shadow_vertical_length=\u00a0\u00bbheader_2_text_shadow_style,%91object Object%93&Prime; header_2_text_shadow_blur_strength=\u00a0\u00bbheader_2_text_shadow_style,%91object Object%93&Prime; header_3_text_shadow_horizontal_length=\u00a0\u00bbheader_3_text_shadow_style,%91object Object%93&Prime; header_3_text_shadow_vertical_length=\u00a0\u00bbheader_3_text_shadow_style,%91object Object%93&Prime; header_3_text_shadow_blur_strength=\u00a0\u00bbheader_3_text_shadow_style,%91object Object%93&Prime; header_4_text_shadow_horizontal_length=\u00a0\u00bbheader_4_text_shadow_style,%91object Object%93&Prime; header_4_text_shadow_vertical_length=\u00a0\u00bbheader_4_text_shadow_style,%91object Object%93&Prime; header_4_text_shadow_blur_strength=\u00a0\u00bbheader_4_text_shadow_style,%91object Object%93&Prime; header_5_text_shadow_horizontal_length=\u00a0\u00bbheader_5_text_shadow_style,%91object Object%93&Prime; header_5_text_shadow_vertical_length=\u00a0\u00bbheader_5_text_shadow_style,%91object Object%93&Prime; header_5_text_shadow_blur_strength=\u00a0\u00bbheader_5_text_shadow_style,%91object Object%93&Prime; header_6_text_shadow_horizontal_length=\u00a0\u00bbheader_6_text_shadow_style,%91object Object%93&Prime; header_6_text_shadow_vertical_length=\u00a0\u00bbheader_6_text_shadow_style,%91object Object%93&Prime; header_6_text_shadow_blur_strength=\u00a0\u00bbheader_6_text_shadow_style,%91object Object%93&Prime; z_index_tablet=\u00a0\u00bb500&Prime;]<\/p>\n<p><strong>La plateforme\u00a0\u00ab Prot\u00e9omique Structurale et Fonctionnelle \u00bb de l\u2019Institut Jacques Monod vient de recevoir la labellisation IBiSA<\/strong>\u00a0d\u00e9livr\u00e9e par le\u00a0<strong>GIS \u00ab\u00a0Infrastructures en Biologie Sant\u00e9 et Agronomie\u00a0\u00bb<\/strong>\u00a0<a class=\"ext extlink\" href=\"https:\/\/www.ibisa.net\/\" target=\"_blank\" rel=\"noopener noreferrer\">https:\/\/www.ibisa.net<\/a><br \/>Cette labellisation s\u2019accompagne d\u2019une dotation financi\u00e8re pour permettre le d\u00e9veloppement des approches prot\u00e9omiques quantitatives cibl\u00e9es.<\/p>\n<p>&nbsp;<\/p>\n<h3 class=\"niveau3\"><strong>PR\u00c9SENTATION :<\/strong><\/h3>\n<p>Le GIS IBiSA a pour membres l&rsquo;INSERM, le CNRS, l&rsquo;INRA, le CEA, l&rsquo;INRIA, l&rsquo;INCa (Institut National du Cancer), la CPU (Conf\u00e9rence des Pr\u00e9sidents d&rsquo;Universit\u00e9), et les deux directions du Minist\u00e8re de l&rsquo;Enseignement Sup\u00e9rieur de la Recherche la DGRI et la DGES.<\/p>\n<p>Le GIS IBiSA coordonne la politique nationale de labellisation et de soutien aux Plates-Formes et Infrastructures en Sciences du Vivant.<br \/>Dans cette optique, le GIS reprend la politique de labellisation et de soutien en personnel technique des Plates-Formes pr\u00e9c\u00e9demment r\u00e9alis\u00e9e par la R\u00e9union Inter Organisme (RIO), et pilote des appels \u00e0 projets destin\u00e9s \u00e0 \u00e9quiper ces plateformes ou \u00e0 leur permettre de promouvoir la mise en \u0153uvre de technologies nouvelles.<br \/>A ce titre, il contribue \u00e0 la mise en place de structures de concertation et de pilotage des plateformes au niveau r\u00e9gional qui ont vocation \u00e0 devenir des interlocuteurs privil\u00e9gi\u00e9s du GIS IBiSA sur le terrain et promeut les activit\u00e9s d&rsquo;animation (\u00e9coles, ateliers th\u00e9matiques etc \u2026) autour de l&rsquo;activit\u00e9 des plateformes.<\/p>\n<p>La charte des plateformes IBiSA est consultable sur\u00a0:\u00a0<strong><a class=\"ext extlink\" href=\"https:\/\/www.ibisa.net\/charte.php\" target=\"_blank\" rel=\"noopener noreferrer\">https:\/\/www.ibisa.net\/charte.php<\/a><\/strong><\/p>\n<p>[\/et_pb_text][\/et_pb_column][\/et_pb_row][et_pb_row][et_pb_column type=\u00a0\u00bb1_2&Prime;][\/et_pb_column][et_pb_column type=\u00a0\u00bb1_2&Prime;][\/et_pb_column][\/et_pb_row][\/et_pb_section]<\/p>\n","protected":false},"excerpt":{"rendered":"<div class=\"et_pb_row et_pb_row_0 et_pb_row_empty\"><\/div>\n<div class=\"et_pb_row et_pb_row_1 et_pb_row_empty\"><\/div>\n<div class=\"et_pb_row et_pb_row_2 et_pb_row_empty\"><\/div>\n<div class=\"et_pb_row et_pb_row_3 et_pb_row_empty\"><\/div>\n<p> La plateforme\u00a0\u00ab Prot\u00e9omique Structurale et Fonctionnelle \u00bb de l\u2019Institut Jacques Monod vient de recevoir la labellisation IBiSA\u00a0d\u00e9livr\u00e9e par le\u00a0GIS \u00ab\u00a0Infrastructures en Biologie Sant\u00e9 et Agronomie\u00a0\u00bb\u00a0https:\/\/www.ibisa.netCette labellisation s\u2019accompagne d\u2019une dotation financi\u00e8re pour permettre le d\u00e9veloppement des approches prot\u00e9omiques quantitatives cibl\u00e9es. &nbsp; PR\u00c9SENTATION : Le GIS IBiSA a pour membres l&rsquo;INSERM, le CNRS, l&rsquo;INRA, le CEA,&hellip; <a class=\"continue\" href=\"https:\/\/wordpress-test.app.u-pariscite.fr\/sdv\/plateforme-proteomique-structurale-et-fonctionnelle-de-linstitut-jacques-monod\/\">Lire la suite<span> Plateforme \u00ab Prot\u00e9omique Structurale et Fonctionnelle \u00bb de l\u2019Institut Jacques Monod<\/span><\/a><\/p>\n","protected":false},"author":69,"featured_media":0,"parent":0,"menu_order":0,"comment_status":"closed","ping_status":"closed","template":"","meta":{"_et_pb_use_builder":"on","_et_pb_old_content":"","_et_gb_content_width":"","footnotes":""},"class_list":["post-1530","page","type-page","status-publish","hentry"],"_links":{"self":[{"href":"https:\/\/wordpress-test.app.u-pariscite.fr\/sdv\/wp-json\/wp\/v2\/pages\/1530","targetHints":{"allow":["GET"]}}],"collection":[{"href":"https:\/\/wordpress-test.app.u-pariscite.fr\/sdv\/wp-json\/wp\/v2\/pages"}],"about":[{"href":"https:\/\/wordpress-test.app.u-pariscite.fr\/sdv\/wp-json\/wp\/v2\/types\/page"}],"author":[{"embeddable":true,"href":"https:\/\/wordpress-test.app.u-pariscite.fr\/sdv\/wp-json\/wp\/v2\/users\/69"}],"replies":[{"embeddable":true,"href":"https:\/\/wordpress-test.app.u-pariscite.fr\/sdv\/wp-json\/wp\/v2\/comments?post=1530"}],"version-history":[{"count":2,"href":"https:\/\/wordpress-test.app.u-pariscite.fr\/sdv\/wp-json\/wp\/v2\/pages\/1530\/revisions"}],"predecessor-version":[{"id":1532,"href":"https:\/\/wordpress-test.app.u-pariscite.fr\/sdv\/wp-json\/wp\/v2\/pages\/1530\/revisions\/1532"}],"wp:attachment":[{"href":"https:\/\/wordpress-test.app.u-pariscite.fr\/sdv\/wp-json\/wp\/v2\/media?parent=1530"}],"curies":[{"name":"wp","href":"https:\/\/api.w.org\/{rel}","templated":true}]}}