{"id":1507,"date":"2021-01-08T15:54:04","date_gmt":"2021-01-08T14:54:04","guid":{"rendered":"https:\/\/wordpress-test.app.u-pariscite.fr\/sdv\/?page_id=1507"},"modified":"2023-12-12T16:05:06","modified_gmt":"2023-12-12T15:05:06","slug":"conseil-scientifique-de-lufr","status":"publish","type":"page","link":"https:\/\/wordpress-test.app.u-pariscite.fr\/sdv\/conseil-scientifique-de-lufr\/","title":{"rendered":"Conseil scientifique de l&rsquo;UFR"},"content":{"rendered":"<p>[et_pb_section fb_built=\u00a0\u00bb1&Prime; _builder_version=\u00a0\u00bb3.22&Prime;][et_pb_row _builder_version=\u00a0\u00bb3.22&Prime; background_size=\u00a0\u00bbinitial\u00a0\u00bb background_position=\u00a0\u00bbtop_left\u00a0\u00bb background_repeat=\u00a0\u00bbrepeat\u00a0\u00bb][et_pb_column type=\u00a0\u00bb4_4&Prime; _builder_version=\u00a0\u00bb3.0.47&Prime;][et_pb_post_title meta=\u00a0\u00bboff\u00a0\u00bb featured_image=\u00a0\u00bboff\u00a0\u00bb _builder_version=\u00a0\u00bb3.22.1&Prime; z_index_tablet=\u00a0\u00bb500&Prime;][\/et_pb_post_title][\/et_pb_column][\/et_pb_row][\/et_pb_section][et_pb_section fb_built=\u00a0\u00bb1&Prime; _builder_version=\u00a0\u00bb3.22&Prime;][et_pb_row _builder_version=\u00a0\u00bb3.22&Prime; background_size=\u00a0\u00bbinitial\u00a0\u00bb background_position=\u00a0\u00bbtop_left\u00a0\u00bb background_repeat=\u00a0\u00bbrepeat\u00a0\u00bb][et_pb_column type=\u00a0\u00bb4_4&Prime; _builder_version=\u00a0\u00bb3.0.47&Prime;][et_pb_image src=\u00a0\u00bbhttps:\/\/wordpress-test.app.u-pariscite.fr\/sdv\/wp-content\/uploads\/sites\/4\/2020\/03\/photoconseilscientifiqueufrsdv.jpg\u00a0\u00bb _builder_version=\u00a0\u00bb3.22.1&Prime; z_index_tablet=\u00a0\u00bb500&Prime;][\/et_pb_image][\/et_pb_column][\/et_pb_row][et_pb_row _builder_version=\u00a0\u00bb3.22&Prime; background_size=\u00a0\u00bbinitial\u00a0\u00bb background_position=\u00a0\u00bbtop_left\u00a0\u00bb background_repeat=\u00a0\u00bbrepeat\u00a0\u00bb][et_pb_column type=\u00a0\u00bb4_4&Prime; _builder_version=\u00a0\u00bb3.0.47&Prime;][et_pb_text module_id=\u00a0\u00bbcontenu\u00a0\u00bb _builder_version=\u00a0\u00bb3.22.1&Prime; z_index_tablet=\u00a0\u00bb500&Prime;]<\/p>\n<h3 class=\"niveau3\"><strong>SA MISSION<\/strong><\/h3>\n<p>Le Conseil scientifique a un r\u00f4le consultatif et donne un avis ou formule des propositions sur :<\/p>\n<ul>\n<li>la politique scientifique de l&rsquo;UFR : pr\u00e9paration et \u00e9laboration du contrat quinquennal, conventions de partenariat recherche propos\u00e9e au Conseil de l&rsquo;UFR<\/li>\n<li>la politique des \u00e9tudes doctorales<\/li>\n<li>les demandes d&rsquo;inscription \u00e0 l&rsquo;Habilitation \u00e0 Diriger des Recherches (HDR) et des directions de th\u00e8se \u00e0 titre individuel (ADT)<\/li>\n<li>les changements th\u00e9matiques ou les changements de rattachement \u00e0 une \u00e9quipe ou laboratoire<\/li>\n<li>les profils Recherche des postes (enseignants-chercheurs et BIATSS Recherche) mis au concours de recrutement dans l&rsquo;UFR ou demand\u00e9s \u00e0 la cr\u00e9ation<\/li>\n<li>les demandes de moyens (cr\u00e9dits de recherche, appels d&rsquo;offre, etc) qui seront soumis \u00e0 l&rsquo;Universit\u00e9<\/li>\n<li>l&rsquo;organisation de la valorisation des r\u00e9sultats scientifiques obtenus par les diff\u00e9rentes unit\u00e9s de recherche. Cette valorisation pr\u00e9voit notamment l&rsquo;organisation r\u00e9guli\u00e8re de r\u00e9unions pr\u00e9sentant les activit\u00e9s scientifiques de l&rsquo;UFR et la mise \u00e0 jour du livre de la recherche de l&rsquo;UFR<\/li>\n<\/ul>\n<p>Un bureau du Conseil scientifique assiste le.a Pr\u00e9sident.e du Conseil scientifique. Sa composition est fix\u00e9e dans le r\u00e8glement int\u00e9rieur de l&rsquo;UFR.<\/p>\n<p>&nbsp;<\/p>\n<h3 class=\"niveau3\"><strong>SES MEMBRES<\/strong><\/h3>\n<p><em><strong>Scrutin du 7 mai 2021<\/strong><\/em><\/p>\n<p><em>28 membres. La dur\u00e9e des mandats des membres \u00e9lus est de 4 ans, \u00e0 l&rsquo;exception des mandats des repr\u00e9sentants des \u00e9tudiants et des usagers \u00e9lus pour 2 ans.<\/em><\/p>\n<p><em>Ces mandats sont renouvelables. Les personnalit\u00e9s ext\u00e9rieures sont d\u00e9sign\u00e9es pour 4 ans.<\/em><\/p>\n<p>&nbsp;<\/p>\n<p><strong>Coll\u00e8ge Professeurs et assimil\u00e9s<\/strong><\/p>\n<ul>\n<li>Mariano OSTUNI (Pr\u00e9sident)<\/li>\n<li>Francesca ZITO (Vice-pr\u00e9sidente)<\/li>\n<li>Armelle BAEZA<\/li>\n<li>Anne\u2010Claude CAMPROUX<\/li>\n<li>Isabelle DAJOZ\u00a0<\/li>\n<li>Julien DUMONT<\/li>\n<li>Giuseppe GANGAROSSA<\/li>\n<li>Rachel GOLUB<\/li>\n<li>Annick MEJEAN<\/li>\n<li>Jean\u2010Marc VERBAVATZ\u00a0<\/li>\n<\/ul>\n<p>&nbsp;<\/p>\n<p><strong>Coll\u00e8ge Autres enseignants et assimil\u00e9s<\/strong><\/p>\n<ul>\n<li>Fr\u00e9d\u00e9rique BRAUN<\/li>\n<li>Anne COUEDEL\u2010COURTEILLE<\/li>\n<\/ul>\n<ul>\n<li>Marie\u2010Justine GUERQUIN\u00a0<\/li>\n<li>Gilliane MATON\u00a0<\/li>\n<li>Florent HUBE<\/li>\n<li>Nicolas JOLY<\/li>\n<li>Claire LEBLOND<\/li>\n<li>Anne\u2010Laure TODESCHINI\u00a0<\/li>\n<li>Samuel MURAIL<\/li>\n<li>M\u00e9lanie HEUZE<\/li>\n<\/ul>\n<p>&nbsp;<\/p>\n<p><strong>Coll\u00e8ge BIATSS et assimil\u00e9s<\/strong><\/p>\n<ul>\n<li>Annie DUTRIAUX<\/li>\n<li>Fr\u00e9d\u00e9ric GUYON<\/li>\n<li>Magali HENNION<\/li>\n<li>Amandine STANKIEWICZ<\/li>\n<\/ul>\n<p>&nbsp;<\/p>\n<p><strong>Coll\u00e8ge Doctorants<\/strong><\/p>\n<ul>\n<li><em>si\u00e8ge vacant<\/em><\/li>\n<li><em>si\u00e8ge vacant<\/em><\/li>\n<\/ul>\n<p>&nbsp;<\/p>\n<p><strong>Coll\u00e8ge Personnalit\u00e9s ext\u00e9rieures<\/strong><\/p>\n<ul>\n<li>\u00a0Freddy BARNECHE<\/li>\n<li>Pierre CAROL<\/li>\n<\/ul>\n<p>&nbsp;<\/p>\n<p>&nbsp;<\/p>\n<p>&nbsp;<\/p>\n<p>[\/et_pb_text][\/et_pb_column][\/et_pb_row][et_pb_row _builder_version=\u00a0\u00bb3.22&Prime; background_size=\u00a0\u00bbinitial\u00a0\u00bb background_position=\u00a0\u00bbtop_left\u00a0\u00bb background_repeat=\u00a0\u00bbrepeat\u00a0\u00bb][et_pb_column type=\u00a0\u00bb1_3&Prime; _builder_version=\u00a0\u00bb3.0.47&Prime;][et_pb_image src=\u00a0\u00bbhttps:\/\/wordpress-test.app.u-pariscite.fr\/sdv\/wp-content\/uploads\/sites\/4\/2020\/01\/crayon-gomme.jpg\u00a0\u00bb _builder_version=\u00a0\u00bb3.22.1&Prime; z_index_tablet=\u00a0\u00bb500&Prime;][\/et_pb_image][et_pb_text module_id=\u00a0\u00bbcontenu\u00a0\u00bb _builder_version=\u00a0\u00bb3.22.1&Prime; z_index_tablet=\u00a0\u00bb500&Prime;]<\/p>\n<div class=\"page\" title=\"Page 1\">\n<div class=\"layoutArea\">\n<div class=\"column\">\n<h3 class=\"field-content\">Calendrier du Conseil Scientifique<\/h3>\n<\/div>\n<\/div>\n<\/div>\n<p>[\/et_pb_text][et_pb_button button_url=\u00a0\u00bbhttps:\/\/wordpress-test.app.u-pariscite.fr\/sdv\/calendrier-du-conseil-scientifique\/\u00a0\u00bb button_text=\u00a0\u00bbLire la suite\u00a0\u00bb button_alignment=\u00a0\u00bbleft\u00a0\u00bb admin_label=\u00a0\u00bbbouton &#8211; ajouter le lien vers la page\u00a0\u00bb _builder_version=\u00a0\u00bb3.22.1&Prime; custom_button=\u00a0\u00bbon\u00a0\u00bb button_text_color=\u00a0\u00bb#ffffff\u00a0\u00bb button_bg_color=\u00a0\u00bb#8a1538&Prime; button_border_width=\u00a0\u00bb2&Prime; button_border_color=\u00a0\u00bb#8a1538&Prime; button_border_radius=\u00a0\u00bb26&Prime; button_icon=\u00a0\u00bb%%20%%\u00a0\u00bb button_icon_color=\u00a0\u00bb#ffffff\u00a0\u00bb button_on_hover=\u00a0\u00bboff\u00a0\u00bb background_layout=\u00a0\u00bbdark\u00a0\u00bb z_index_tablet=\u00a0\u00bb500&Prime; custom_css_after=\u00a0\u00bbmargin-left: 0!important;\u00a0\u00bb saved_tabs=\u00a0\u00bball\u00a0\u00bb background_layout__hover_enabled=\u00a0\u00bbon\u00a0\u00bb background_layout__hover=\u00a0\u00bblight\u00a0\u00bb button_bg_color__hover_enabled=\u00a0\u00bbon\u00a0\u00bb button_bg_color__hover=\u00a0\u00bb#ffffff\u00a0\u00bb button_icon_color__hover_enabled=\u00a0\u00bbon\u00a0\u00bb button_icon_color__hover=\u00a0\u00bb#aa004f\u00a0\u00bb button_text_color__hover_enabled=\u00a0\u00bbon\u00a0\u00bb button_text_color__hover=\u00a0\u00bb#aa004f\u00a0\u00bb custom_css_after__hover_enabled=\u00a0\u00bbon\u00a0\u00bb custom_css_after__hover=\u00a0\u00bbmargin-left: 0!important;\u00a0\u00bb][\/et_pb_button][et_pb_divider color=\u00a0\u00bb#000000&Prime; _builder_version=\u00a0\u00bb3.19.11&Prime; custom_margin=\u00a0\u00bb80px||110px|\u00a0\u00bb][\/et_pb_divider][\/et_pb_column][et_pb_column type=\u00a0\u00bb1_3&Prime; _builder_version=\u00a0\u00bb3.0.47&Prime;][et_pb_image src=\u00a0\u00bbhttps:\/\/wordpress-test.app.u-pariscite.fr\/sdv\/wp-content\/uploads\/sites\/4\/2020\/03\/Image1.jpg\u00a0\u00bb _builder_version=\u00a0\u00bb3.22.1&Prime; z_index_tablet=\u00a0\u00bb500&Prime;][\/et_pb_image][et_pb_text module_id=\u00a0\u00bbcontenu\u00a0\u00bb _builder_version=\u00a0\u00bb3.22.1&Prime; z_index_tablet=\u00a0\u00bb500&Prime;]<\/p>\n<div class=\"page\" title=\"Page 1\">\n<div class=\"layoutArea\">\n<div class=\"column\">\n<h3 class=\"field-content\">PV du Conseil Scientifique<\/h3>\n<\/div>\n<\/div>\n<\/div>\n<p>[\/et_pb_text][et_pb_button button_url=\u00a0\u00bbhttps:\/\/cloud.parisdescartes.fr\/index.php\/apps\/files\/?dir=\/UFR%20SDV\/PV%20des%20conseils%20de%20l%27UFR%20SDV&amp;fileid=25632898&Prime; button_text=\u00a0\u00bbLire la suite\u00a0\u00bb button_alignment=\u00a0\u00bbleft\u00a0\u00bb admin_label=\u00a0\u00bbbouton &#8211; ajouter le lien vers la page\u00a0\u00bb _builder_version=\u00a0\u00bb3.22.1&Prime; custom_button=\u00a0\u00bbon\u00a0\u00bb button_text_color=\u00a0\u00bb#ffffff\u00a0\u00bb button_bg_color=\u00a0\u00bb#8a1538&Prime; button_border_width=\u00a0\u00bb2&Prime; button_border_color=\u00a0\u00bb#8a1538&Prime; button_border_radius=\u00a0\u00bb26&Prime; button_icon=\u00a0\u00bb%%20%%\u00a0\u00bb button_icon_color=\u00a0\u00bb#ffffff\u00a0\u00bb button_on_hover=\u00a0\u00bboff\u00a0\u00bb background_layout=\u00a0\u00bbdark\u00a0\u00bb z_index_tablet=\u00a0\u00bb500&Prime; custom_css_after=\u00a0\u00bbmargin-left: 0!important;\u00a0\u00bb saved_tabs=\u00a0\u00bball\u00a0\u00bb background_layout__hover_enabled=\u00a0\u00bbon\u00a0\u00bb background_layout__hover=\u00a0\u00bblight\u00a0\u00bb button_bg_color__hover_enabled=\u00a0\u00bbon\u00a0\u00bb button_bg_color__hover=\u00a0\u00bb#ffffff\u00a0\u00bb button_icon_color__hover_enabled=\u00a0\u00bbon\u00a0\u00bb button_icon_color__hover=\u00a0\u00bb#aa004f\u00a0\u00bb button_text_color__hover_enabled=\u00a0\u00bbon\u00a0\u00bb button_text_color__hover=\u00a0\u00bb#aa004f\u00a0\u00bb custom_css_after__hover_enabled=\u00a0\u00bbon\u00a0\u00bb custom_css_after__hover=\u00a0\u00bbmargin-left: 0!important;\u00a0\u00bb][\/et_pb_button][et_pb_divider color=\u00a0\u00bb#000000&Prime; _builder_version=\u00a0\u00bb3.19.11&Prime; custom_margin=\u00a0\u00bb80px||110px|\u00a0\u00bb][\/et_pb_divider][\/et_pb_column][et_pb_column type=\u00a0\u00bb1_3&Prime; _builder_version=\u00a0\u00bb3.0.47&Prime;][\/et_pb_column][\/et_pb_row][et_pb_row _builder_version=\u00a0\u00bb3.22&Prime; background_size=\u00a0\u00bbinitial\u00a0\u00bb background_position=\u00a0\u00bbtop_left\u00a0\u00bb background_repeat=\u00a0\u00bbrepeat\u00a0\u00bb][et_pb_column type=\u00a0\u00bb1_2&Prime; _builder_version=\u00a0\u00bb3.0.47&Prime;][\/et_pb_column][et_pb_column type=\u00a0\u00bb1_2&Prime; _builder_version=\u00a0\u00bb3.0.47&Prime;][\/et_pb_column][\/et_pb_row][et_pb_row _builder_version=\u00a0\u00bb3.22&Prime; background_size=\u00a0\u00bbinitial\u00a0\u00bb background_position=\u00a0\u00bbtop_left\u00a0\u00bb background_repeat=\u00a0\u00bbrepeat\u00a0\u00bb][et_pb_column type=\u00a0\u00bb1_2&Prime; _builder_version=\u00a0\u00bb3.0.47&Prime;][\/et_pb_column][et_pb_column type=\u00a0\u00bb1_2&Prime; _builder_version=\u00a0\u00bb3.0.47&Prime;][\/et_pb_column][\/et_pb_row][\/et_pb_section]<\/p>\n","protected":false},"excerpt":{"rendered":"<p>SA MISSION Le Conseil scientifique a un r\u00f4le consultatif et donne un avis ou formule des propositions sur : la politique scientifique de l&rsquo;UFR : pr\u00e9paration et \u00e9laboration du contrat quinquennal, conventions de partenariat recherche propos\u00e9e au Conseil de l&rsquo;UFR la politique des \u00e9tudes doctorales les demandes d&rsquo;inscription \u00e0 l&rsquo;Habilitation \u00e0 Diriger des Recherches (HDR)&hellip; <a class=\"continue\" href=\"https:\/\/wordpress-test.app.u-pariscite.fr\/sdv\/conseil-scientifique-de-lufr\/\">Lire la suite<span> Conseil scientifique de l&rsquo;UFR<\/span><\/a><\/p>\n","protected":false},"author":69,"featured_media":0,"parent":0,"menu_order":0,"comment_status":"closed","ping_status":"closed","template":"","meta":{"_et_pb_use_builder":"on","_et_pb_old_content":"","_et_gb_content_width":"","footnotes":""},"class_list":["post-1507","page","type-page","status-publish","hentry"],"_links":{"self":[{"href":"https:\/\/wordpress-test.app.u-pariscite.fr\/sdv\/wp-json\/wp\/v2\/pages\/1507","targetHints":{"allow":["GET"]}}],"collection":[{"href":"https:\/\/wordpress-test.app.u-pariscite.fr\/sdv\/wp-json\/wp\/v2\/pages"}],"about":[{"href":"https:\/\/wordpress-test.app.u-pariscite.fr\/sdv\/wp-json\/wp\/v2\/types\/page"}],"author":[{"embeddable":true,"href":"https:\/\/wordpress-test.app.u-pariscite.fr\/sdv\/wp-json\/wp\/v2\/users\/69"}],"replies":[{"embeddable":true,"href":"https:\/\/wordpress-test.app.u-pariscite.fr\/sdv\/wp-json\/wp\/v2\/comments?post=1507"}],"version-history":[{"count":12,"href":"https:\/\/wordpress-test.app.u-pariscite.fr\/sdv\/wp-json\/wp\/v2\/pages\/1507\/revisions"}],"predecessor-version":[{"id":2821,"href":"https:\/\/wordpress-test.app.u-pariscite.fr\/sdv\/wp-json\/wp\/v2\/pages\/1507\/revisions\/2821"}],"wp:attachment":[{"href":"https:\/\/wordpress-test.app.u-pariscite.fr\/sdv\/wp-json\/wp\/v2\/media?parent=1507"}],"curies":[{"name":"wp","href":"https:\/\/api.w.org\/{rel}","templated":true}]}}