{"id":1500,"date":"2021-01-08T15:48:25","date_gmt":"2021-01-08T14:48:25","guid":{"rendered":"https:\/\/wordpress-test.app.u-pariscite.fr\/sdv\/?page_id=1500"},"modified":"2024-01-26T08:17:52","modified_gmt":"2024-01-26T07:17:52","slug":"conseil-dadministration-de-lufr","status":"publish","type":"page","link":"https:\/\/wordpress-test.app.u-pariscite.fr\/sdv\/conseil-dadministration-de-lufr\/","title":{"rendered":"Conseil d&rsquo;administration de l&rsquo;UFR"},"content":{"rendered":"<p>[et_pb_section fb_built=\u00a0\u00bb1&Prime; _builder_version=\u00a0\u00bb3.22&Prime;][et_pb_row _builder_version=\u00a0\u00bb3.22&Prime; background_size=\u00a0\u00bbinitial\u00a0\u00bb background_position=\u00a0\u00bbtop_left\u00a0\u00bb background_repeat=\u00a0\u00bbrepeat\u00a0\u00bb][et_pb_column type=\u00a0\u00bb4_4&Prime; _builder_version=\u00a0\u00bb3.0.47&Prime;][et_pb_post_title meta=\u00a0\u00bboff\u00a0\u00bb featured_image=\u00a0\u00bboff\u00a0\u00bb _builder_version=\u00a0\u00bb3.22.1&Prime; z_index_tablet=\u00a0\u00bb500&Prime;][\/et_pb_post_title][et_pb_image src=\u00a0\u00bbhttps:\/\/wordpress-test.app.u-pariscite.fr\/sdv\/wp-content\/uploads\/sites\/4\/2020\/03\/Image1.jpg\u00a0\u00bb _builder_version=\u00a0\u00bb3.22.1&Prime; z_index_tablet=\u00a0\u00bb500&Prime;][\/et_pb_image][\/et_pb_column][\/et_pb_row][et_pb_row _builder_version=\u00a0\u00bb3.22&Prime; background_size=\u00a0\u00bbinitial\u00a0\u00bb background_position=\u00a0\u00bbtop_left\u00a0\u00bb background_repeat=\u00a0\u00bbrepeat\u00a0\u00bb][et_pb_column type=\u00a0\u00bb4_4&Prime; _builder_version=\u00a0\u00bb3.0.47&Prime;][et_pb_text module_id=\u00a0\u00bbcontenu\u00a0\u00bb _builder_version=\u00a0\u00bb3.22.1&Prime; z_index_tablet=\u00a0\u00bb500&Prime;]<\/p>\n<h3 class=\"niveau3\"><strong>\u00a0 SA MISSION<\/strong><\/h3>\n<p>Il constitue l&rsquo;instance d\u00e9lib\u00e9rative de l&rsquo;unit\u00e9 et d\u00e9termine la politique g\u00e9n\u00e9rale de celle-ci.<\/p>\n<ul>\n<li>il exerce ses comp\u00e9tences dans les domaines p\u00e9dagogiques, scientifiques, financiers, mat\u00e9riels et rayonnement<\/li>\n<li>il d\u00e9finit les besoins en personnels enseignants, enseignants-chercheurs et BIATSS et se prononce sur les cr\u00e9ations de postes<\/li>\n<li>il se prononce sur le recrutement et les promotions des enseignants-chercheurs<\/li>\n<li>il est consult\u00e9 sur toute modification ou cr\u00e9ation de fili\u00e8res d&rsquo;enseignement<\/li>\n<li>il donne son avis sur toute modification des structures d&rsquo;enseignement et de recherche<\/li>\n<li>il vote la proposition de budget et approuve les comptes<\/li>\n<li>il approuve le r\u00e8glement int\u00e9rieur de l&rsquo;unit\u00e9<\/li>\n<\/ul>\n<h3 class=\"niveau3\"><strong>SES MEMBRES<\/strong><\/h3>\n<p><strong><em>Scrutin du 15 avril 2021<\/em><\/strong><\/p>\n<p><em>40 membres.\u00a0<\/em><em>La dur\u00e9e des mandats des membres \u00e9lus est de 4 ans, \u00e0 l&rsquo;exception des mandats des repr\u00e9sentants des \u00e9tudiants et des usagers \u00e9lus pour 2 ans.<\/em><\/p>\n<p><em>Ces mandats sont renouvelables. Les personnalit\u00e9s ext\u00e9rieures sont d\u00e9sign\u00e9es pour 4 ans.<\/em><\/p>\n<p>&nbsp;<\/p>\n<p><strong>Coll\u00e8ge A &#8211; Professeurs et assimil\u00e9s<\/strong><\/p>\n<ul>\n<li>Val\u00e9rie SERRE<\/li>\n<li>Alexandre DE BREVERN<\/li>\n<li>V\u00e9ronique LIEBE-GRUBER<\/li>\n<li>Christophe MAGNAN<\/li>\n<li>Ren\u00e9-Marc MEGE<\/li>\n<li>Marc NADAL<\/li>\n<li>Fernando RODRIGUES LIMA<\/li>\n<li>Claire ROUGEULLE<\/li>\n<li>Virginie ROUILLER-FABRE<\/li>\n<li>Isabelle VERSTRAETE<\/li>\n<\/ul>\n<p><strong>Coll\u00e8ge B &#8211; autres enseignants et assimil\u00e9s<\/strong><\/p>\n<ul>\n<li>Chryst\u00e8le RACINE (Directrice adjointe)<\/li>\n<li>V\u00e9ronique ARLUISON<\/li>\n<li>Fr\u00e9d\u00e9ric BERNARD<\/li>\n<li>Sylvain BRUN<\/li>\n<li>Sandra CLARET-DUBREUIL<\/li>\n<li>M\u00e9lanie FRANCO<\/li>\n<li>Kamel MAOUCHE<\/li>\n<li>Gautier MOROY<\/li>\n<li>Adrien PERRARD<\/li>\n<\/ul>\n<p><strong>Coll\u00e8ge BIATS et assimil\u00e9s<\/strong><\/p>\n<ul>\n<li>Isabelle ARNULF<\/li>\n<li>Christophe HURET<\/li>\n<li>Remi LE BORGNE<\/li>\n<li>Isabelle LE PARCO<\/li>\n<li>S\u00e9bastien MESSIAEN<\/li>\n<li>Manuelle SARDA<\/li>\n<\/ul>\n<p><strong>Coll\u00e8ge Etudiants<\/strong><\/p>\n<ul>\n<li><\/li>\n<li><\/li>\n<\/ul>\n<p><strong>Coll\u00e8ge Personnalit\u00e9s ext\u00e9rieures<\/strong><\/p>\n<ul>\n<li>Monica SALA (Institut Pasteur, personnalit\u00e9 d\u00e9sign\u00e9e par le conseil de l&rsquo;UFR)<\/li>\n<li>S\u00e9bastien PICHON (Entreprise relevant du domaine des Sciences du Vivant)<\/li>\n<li>Fabienne MALAGNAC (Professeur des Universit\u00e9, Paris Saclay, personnalit\u00e9 d\u00e9sign\u00e9e par le conseil de l&rsquo;UFR)<\/li>\n<li>Fran\u00e7ois CHAMBELIN (INSERM)<\/li>\n<li>(CNRS)<\/li>\n<li>(Maire de Paris)<\/li>\n<li>Annick SCHWEBIG (CCIP)<\/li>\n<\/ul>\n<p>&nbsp;<\/p>\n<p>[\/et_pb_text][\/et_pb_column][\/et_pb_row][et_pb_row _builder_version=\u00a0\u00bb3.22&Prime; background_size=\u00a0\u00bbinitial\u00a0\u00bb background_position=\u00a0\u00bbtop_left\u00a0\u00bb background_repeat=\u00a0\u00bbrepeat\u00a0\u00bb][et_pb_column type=\u00a0\u00bb1_3&Prime; _builder_version=\u00a0\u00bb3.0.47&Prime;][et_pb_image src=\u00a0\u00bbhttps:\/\/wordpress-test.app.u-pariscite.fr\/sdv\/wp-content\/uploads\/sites\/4\/2020\/01\/crayon-gomme.jpg\u00a0\u00bb _builder_version=\u00a0\u00bb3.22.1&Prime; z_index_tablet=\u00a0\u00bb500&Prime;][\/et_pb_image][et_pb_text module_id=\u00a0\u00bbcontenu\u00a0\u00bb _builder_version=\u00a0\u00bb3.22.1&Prime; z_index_tablet=\u00a0\u00bb500&Prime;]<\/p>\n<div class=\"page\" title=\"Page 1\">\n<div class=\"layoutArea\">\n<div class=\"column\">\n<h3 class=\"field-content\">Calendrier du Conseil d&rsquo;UFR<\/h3>\n<\/div>\n<\/div>\n<\/div>\n<p>[\/et_pb_text][et_pb_button button_url=\u00a0\u00bbhttps:\/\/wordpress-test.app.u-pariscite.fr\/sdv\/calendrier-du-conseil-dufr\/\u00a0\u00bb button_text=\u00a0\u00bbLire la suite\u00a0\u00bb button_alignment=\u00a0\u00bbleft\u00a0\u00bb admin_label=\u00a0\u00bbbouton &#8211; ajouter le lien vers la page\u00a0\u00bb _builder_version=\u00a0\u00bb3.22.1&Prime; custom_button=\u00a0\u00bbon\u00a0\u00bb button_text_color=\u00a0\u00bb#ffffff\u00a0\u00bb button_bg_color=\u00a0\u00bb#8a1538&Prime; button_border_width=\u00a0\u00bb2&Prime; button_border_color=\u00a0\u00bb#8a1538&Prime; button_border_radius=\u00a0\u00bb26&Prime; button_icon=\u00a0\u00bb%%20%%\u00a0\u00bb button_icon_color=\u00a0\u00bb#ffffff\u00a0\u00bb button_on_hover=\u00a0\u00bboff\u00a0\u00bb background_layout=\u00a0\u00bbdark\u00a0\u00bb z_index_tablet=\u00a0\u00bb500&Prime; custom_css_after=\u00a0\u00bbmargin-left: 0!important;\u00a0\u00bb saved_tabs=\u00a0\u00bball\u00a0\u00bb background_layout__hover_enabled=\u00a0\u00bbon\u00a0\u00bb background_layout__hover=\u00a0\u00bblight\u00a0\u00bb button_bg_color__hover_enabled=\u00a0\u00bbon\u00a0\u00bb button_bg_color__hover=\u00a0\u00bb#ffffff\u00a0\u00bb button_icon_color__hover_enabled=\u00a0\u00bbon\u00a0\u00bb button_icon_color__hover=\u00a0\u00bb#aa004f\u00a0\u00bb button_text_color__hover_enabled=\u00a0\u00bbon\u00a0\u00bb button_text_color__hover=\u00a0\u00bb#aa004f\u00a0\u00bb custom_css_after__hover_enabled=\u00a0\u00bbon\u00a0\u00bb custom_css_after__hover=\u00a0\u00bbmargin-left: 0!important;\u00a0\u00bb][\/et_pb_button][et_pb_divider color=\u00a0\u00bb#000000&Prime; _builder_version=\u00a0\u00bb3.19.11&Prime; custom_margin=\u00a0\u00bb80px||110px|\u00a0\u00bb][\/et_pb_divider][\/et_pb_column][et_pb_column type=\u00a0\u00bb1_3&Prime; _builder_version=\u00a0\u00bb3.0.47&Prime;][et_pb_image src=\u00a0\u00bbhttps:\/\/wordpress-test.app.u-pariscite.fr\/sdv\/wp-content\/uploads\/sites\/4\/2020\/03\/photoconseilscientifiqueufrsdv.jpg\u00a0\u00bb _builder_version=\u00a0\u00bb3.22.1&Prime; z_index_tablet=\u00a0\u00bb500&Prime;][\/et_pb_image][et_pb_text module_id=\u00a0\u00bbcontenu\u00a0\u00bb _builder_version=\u00a0\u00bb3.22.1&Prime; z_index_tablet=\u00a0\u00bb500&Prime;]<\/p>\n<div class=\"page\" title=\"Page 1\">\n<div class=\"layoutArea\">\n<div class=\"column\">\n<h3 class=\"field-content\">PV des conseils d&rsquo;UFR (sur NextCloud)<\/h3>\n<\/div>\n<\/div>\n<\/div>\n<p>[\/et_pb_text][et_pb_button button_url=\u00a0\u00bbhttps:\/\/cloud.parisdescartes.fr\/index.php\/apps\/files\/?dir=\/UFR%20SDV\/PV%20des%20conseils%20de%20l%27UFR%20SDV&amp;fileid=25632898&Prime; button_text=\u00a0\u00bbLire la suite\u00a0\u00bb button_alignment=\u00a0\u00bbleft\u00a0\u00bb admin_label=\u00a0\u00bbbouton &#8211; ajouter le lien vers la page\u00a0\u00bb _builder_version=\u00a0\u00bb3.22.1&Prime; custom_button=\u00a0\u00bbon\u00a0\u00bb button_text_color=\u00a0\u00bb#ffffff\u00a0\u00bb button_bg_color=\u00a0\u00bb#8a1538&Prime; button_border_width=\u00a0\u00bb2&Prime; button_border_color=\u00a0\u00bb#8a1538&Prime; button_border_radius=\u00a0\u00bb26&Prime; button_icon=\u00a0\u00bb%%20%%\u00a0\u00bb button_icon_color=\u00a0\u00bb#ffffff\u00a0\u00bb button_on_hover=\u00a0\u00bboff\u00a0\u00bb background_layout=\u00a0\u00bbdark\u00a0\u00bb z_index_tablet=\u00a0\u00bb500&Prime; custom_css_after=\u00a0\u00bbmargin-left: 0!important;\u00a0\u00bb saved_tabs=\u00a0\u00bball\u00a0\u00bb background_layout__hover_enabled=\u00a0\u00bbon\u00a0\u00bb background_layout__hover=\u00a0\u00bblight\u00a0\u00bb button_bg_color__hover_enabled=\u00a0\u00bbon\u00a0\u00bb button_bg_color__hover=\u00a0\u00bb#ffffff\u00a0\u00bb button_icon_color__hover_enabled=\u00a0\u00bbon\u00a0\u00bb button_icon_color__hover=\u00a0\u00bb#aa004f\u00a0\u00bb button_text_color__hover_enabled=\u00a0\u00bbon\u00a0\u00bb button_text_color__hover=\u00a0\u00bb#aa004f\u00a0\u00bb custom_css_after__hover_enabled=\u00a0\u00bbon\u00a0\u00bb custom_css_after__hover=\u00a0\u00bbmargin-left: 0!important;\u00a0\u00bb][\/et_pb_button][et_pb_divider color=\u00a0\u00bb#000000&Prime; _builder_version=\u00a0\u00bb3.19.11&Prime; custom_margin=\u00a0\u00bb80px||110px|\u00a0\u00bb][\/et_pb_divider][\/et_pb_column][et_pb_column type=\u00a0\u00bb1_3&Prime; _builder_version=\u00a0\u00bb3.0.47&Prime;][\/et_pb_column][\/et_pb_row][et_pb_row _builder_version=\u00a0\u00bb3.22&Prime; background_size=\u00a0\u00bbinitial\u00a0\u00bb background_position=\u00a0\u00bbtop_left\u00a0\u00bb background_repeat=\u00a0\u00bbrepeat\u00a0\u00bb][et_pb_column type=\u00a0\u00bb1_2&Prime; _builder_version=\u00a0\u00bb3.0.47&Prime;][\/et_pb_column][et_pb_column type=\u00a0\u00bb1_2&Prime; _builder_version=\u00a0\u00bb3.0.47&Prime;][\/et_pb_column][\/et_pb_row][et_pb_row _builder_version=\u00a0\u00bb3.22&Prime; background_size=\u00a0\u00bbinitial\u00a0\u00bb background_position=\u00a0\u00bbtop_left\u00a0\u00bb background_repeat=\u00a0\u00bbrepeat\u00a0\u00bb][et_pb_column type=\u00a0\u00bb1_2&Prime; _builder_version=\u00a0\u00bb3.0.47&Prime;][\/et_pb_column][et_pb_column type=\u00a0\u00bb1_2&Prime; _builder_version=\u00a0\u00bb3.0.47&Prime;][\/et_pb_column][\/et_pb_row][\/et_pb_section]<\/p>\n","protected":false},"excerpt":{"rendered":"<p>\u00a0 SA MISSION Il constitue l&rsquo;instance d\u00e9lib\u00e9rative de l&rsquo;unit\u00e9 et d\u00e9termine la politique g\u00e9n\u00e9rale de celle-ci. il exerce ses comp\u00e9tences dans les domaines p\u00e9dagogiques, scientifiques, financiers, mat\u00e9riels et rayonnement il d\u00e9finit les besoins en personnels enseignants, enseignants-chercheurs et BIATSS et se prononce sur les cr\u00e9ations de postes il se prononce sur le recrutement et les&hellip; <a class=\"continue\" href=\"https:\/\/wordpress-test.app.u-pariscite.fr\/sdv\/conseil-dadministration-de-lufr\/\">Lire la suite<span> Conseil d&rsquo;administration de l&rsquo;UFR<\/span><\/a><\/p>\n","protected":false},"author":69,"featured_media":0,"parent":0,"menu_order":0,"comment_status":"closed","ping_status":"closed","template":"","meta":{"_et_pb_use_builder":"on","_et_pb_old_content":"","_et_gb_content_width":"","footnotes":""},"class_list":["post-1500","page","type-page","status-publish","hentry"],"_links":{"self":[{"href":"https:\/\/wordpress-test.app.u-pariscite.fr\/sdv\/wp-json\/wp\/v2\/pages\/1500","targetHints":{"allow":["GET"]}}],"collection":[{"href":"https:\/\/wordpress-test.app.u-pariscite.fr\/sdv\/wp-json\/wp\/v2\/pages"}],"about":[{"href":"https:\/\/wordpress-test.app.u-pariscite.fr\/sdv\/wp-json\/wp\/v2\/types\/page"}],"author":[{"embeddable":true,"href":"https:\/\/wordpress-test.app.u-pariscite.fr\/sdv\/wp-json\/wp\/v2\/users\/69"}],"replies":[{"embeddable":true,"href":"https:\/\/wordpress-test.app.u-pariscite.fr\/sdv\/wp-json\/wp\/v2\/comments?post=1500"}],"version-history":[{"count":14,"href":"https:\/\/wordpress-test.app.u-pariscite.fr\/sdv\/wp-json\/wp\/v2\/pages\/1500\/revisions"}],"predecessor-version":[{"id":2861,"href":"https:\/\/wordpress-test.app.u-pariscite.fr\/sdv\/wp-json\/wp\/v2\/pages\/1500\/revisions\/2861"}],"wp:attachment":[{"href":"https:\/\/wordpress-test.app.u-pariscite.fr\/sdv\/wp-json\/wp\/v2\/media?parent=1500"}],"curies":[{"name":"wp","href":"https:\/\/api.w.org\/{rel}","templated":true}]}}