{"id":1498,"date":"2021-01-08T15:45:43","date_gmt":"2021-01-08T14:45:43","guid":{"rendered":"https:\/\/wordpress-test.app.u-pariscite.fr\/sdv\/?page_id=1498"},"modified":"2021-01-14T13:14:59","modified_gmt":"2021-01-14T12:14:59","slug":"calendrier-du-conseil-denseignement","status":"publish","type":"page","link":"https:\/\/wordpress-test.app.u-pariscite.fr\/sdv\/calendrier-du-conseil-denseignement\/","title":{"rendered":"Calendrier du Conseil d&rsquo;Enseignement"},"content":{"rendered":"<p>[et_pb_section bb_built=\u00a0\u00bb1&Prime; next_background_color=\u00a0\u00bb#000000&Prime; inner_width=\u00a0\u00bbauto\u00a0\u00bb inner_max_width=\u00a0\u00bbnone\u00a0\u00bb][et_pb_row][et_pb_column type=\u00a0\u00bb4_4&Prime;][et_pb_post_title _builder_version=\u00a0\u00bb3.22.1&Prime; meta=\u00a0\u00bboff\u00a0\u00bb featured_image=\u00a0\u00bboff\u00a0\u00bb text_shadow_horizontal_length=\u00a0\u00bbtext_shadow_style,%91object Object%93&Prime; text_shadow_vertical_length=\u00a0\u00bbtext_shadow_style,%91object Object%93&Prime; text_shadow_blur_strength=\u00a0\u00bbtext_shadow_style,%91object Object%93&Prime; title_text_shadow_horizontal_length=\u00a0\u00bbtitle_text_shadow_style,%91object Object%93&Prime; title_text_shadow_vertical_length=\u00a0\u00bbtitle_text_shadow_style,%91object Object%93&Prime; title_text_shadow_blur_strength=\u00a0\u00bbtitle_text_shadow_style,%91object Object%93&Prime; meta_text_shadow_horizontal_length=\u00a0\u00bbmeta_text_shadow_style,%91object Object%93&Prime; meta_text_shadow_vertical_length=\u00a0\u00bbmeta_text_shadow_style,%91object Object%93&Prime; meta_text_shadow_blur_strength=\u00a0\u00bbmeta_text_shadow_style,%91object Object%93&Prime; z_index_tablet=\u00a0\u00bb500&Prime; \/][\/et_pb_column][\/et_pb_row][\/et_pb_section][et_pb_section bb_built=\u00a0\u00bb1&Prime; prev_background_color=\u00a0\u00bb#000000&Prime; inner_width=\u00a0\u00bbauto\u00a0\u00bb inner_max_width=\u00a0\u00bbnone\u00a0\u00bb][et_pb_row][et_pb_column type=\u00a0\u00bb4_4&Prime;][et_pb_text _builder_version=\u00a0\u00bb3.22.1&Prime; text_text_shadow_horizontal_length=\u00a0\u00bbtext_text_shadow_style,%91object Object%93&Prime; text_text_shadow_vertical_length=\u00a0\u00bbtext_text_shadow_style,%91object Object%93&Prime; text_text_shadow_blur_strength=\u00a0\u00bbtext_text_shadow_style,%91object Object%93&Prime; link_text_shadow_horizontal_length=\u00a0\u00bblink_text_shadow_style,%91object Object%93&Prime; link_text_shadow_vertical_length=\u00a0\u00bblink_text_shadow_style,%91object Object%93&Prime; link_text_shadow_blur_strength=\u00a0\u00bblink_text_shadow_style,%91object Object%93&Prime; ul_text_shadow_horizontal_length=\u00a0\u00bbul_text_shadow_style,%91object Object%93&Prime; ul_text_shadow_vertical_length=\u00a0\u00bbul_text_shadow_style,%91object Object%93&Prime; ul_text_shadow_blur_strength=\u00a0\u00bbul_text_shadow_style,%91object Object%93&Prime; ol_text_shadow_horizontal_length=\u00a0\u00bbol_text_shadow_style,%91object Object%93&Prime; ol_text_shadow_vertical_length=\u00a0\u00bbol_text_shadow_style,%91object Object%93&Prime; ol_text_shadow_blur_strength=\u00a0\u00bbol_text_shadow_style,%91object Object%93&Prime; quote_text_shadow_horizontal_length=\u00a0\u00bbquote_text_shadow_style,%91object Object%93&Prime; quote_text_shadow_vertical_length=\u00a0\u00bbquote_text_shadow_style,%91object Object%93&Prime; quote_text_shadow_blur_strength=\u00a0\u00bbquote_text_shadow_style,%91object Object%93&Prime; header_text_shadow_horizontal_length=\u00a0\u00bbheader_text_shadow_style,%91object Object%93&Prime; header_text_shadow_vertical_length=\u00a0\u00bbheader_text_shadow_style,%91object Object%93&Prime; header_text_shadow_blur_strength=\u00a0\u00bbheader_text_shadow_style,%91object Object%93&Prime; header_2_text_shadow_horizontal_length=\u00a0\u00bbheader_2_text_shadow_style,%91object Object%93&Prime; header_2_text_shadow_vertical_length=\u00a0\u00bbheader_2_text_shadow_style,%91object Object%93&Prime; header_2_text_shadow_blur_strength=\u00a0\u00bbheader_2_text_shadow_style,%91object Object%93&Prime; header_3_text_shadow_horizontal_length=\u00a0\u00bbheader_3_text_shadow_style,%91object Object%93&Prime; header_3_text_shadow_vertical_length=\u00a0\u00bbheader_3_text_shadow_style,%91object Object%93&Prime; header_3_text_shadow_blur_strength=\u00a0\u00bbheader_3_text_shadow_style,%91object Object%93&Prime; header_4_text_shadow_horizontal_length=\u00a0\u00bbheader_4_text_shadow_style,%91object Object%93&Prime; header_4_text_shadow_vertical_length=\u00a0\u00bbheader_4_text_shadow_style,%91object Object%93&Prime; header_4_text_shadow_blur_strength=\u00a0\u00bbheader_4_text_shadow_style,%91object Object%93&Prime; header_5_text_shadow_horizontal_length=\u00a0\u00bbheader_5_text_shadow_style,%91object Object%93&Prime; header_5_text_shadow_vertical_length=\u00a0\u00bbheader_5_text_shadow_style,%91object Object%93&Prime; header_5_text_shadow_blur_strength=\u00a0\u00bbheader_5_text_shadow_style,%91object Object%93&Prime; header_6_text_shadow_horizontal_length=\u00a0\u00bbheader_6_text_shadow_style,%91object Object%93&Prime; header_6_text_shadow_vertical_length=\u00a0\u00bbheader_6_text_shadow_style,%91object Object%93&Prime; header_6_text_shadow_blur_strength=\u00a0\u00bbheader_6_text_shadow_style,%91object Object%93&Prime; z_index_tablet=\u00a0\u00bb500&Prime;]<\/p>\n<p class=\"chapeau\"><strong>2021 :<\/strong><\/p>\n<ul>\n<li class=\"paragraphe\">Mardi 12 janvier \u00e0 14h<\/li>\n<li>Mardi 26 janvier \u00e0 14h<\/li>\n<li>Mardi 23 f\u00e9vrier \u00e0 14h<\/li>\n<li class=\"paragraphe\">Mardi 23 mars \u00e0 14h<\/li>\n<li class=\"paragraphe\">Mardi 4 mai \u00e0 14h<\/li>\n<li class=\"paragraphe\">Mardi 8 juin \u00e0 14h<\/li>\n<li>Mardi 22 juin \u00e0 14h<\/li>\n<\/ul>\n<p>\u00a0<\/p>\n<p class=\"chapeau\"><strong>2020 :<\/strong><\/p>\n<ul>\n<li class=\"paragraphe\">Mardi 14 janvier \u00e0 14h<\/li>\n<li class=\"paragraphe\">Mardi 11 f\u00e9vrier \u00e0 14h<\/li>\n<li class=\"paragraphe\">Mardi 10 mars \u00e0 14h<\/li>\n<li class=\"paragraphe\">Mardi 12 mai \u00e0 14h<\/li>\n<li class=\"paragraphe\">Mardi 23 juin \u00e0 14h<\/li>\n<li>Mardi 7 juillet \u00e0 14h<\/li>\n<li>Mardi 15 septembre \u00e0 14h<\/li>\n<li>Mardi 13 octobre \u00e0 14h<\/li>\n<li>Mardi 10 novembre \u00e0 14h<\/li>\n<li>Mardi 15 d\u00e9cembre \u00e0 14h<\/li>\n<\/ul>\n<p>\u00a0<\/p>\n<p class=\"chapeau\"><strong>2019 :<\/strong><\/p>\n<ul>\n<li class=\"paragraphe\">Mardi 15 janvier \u00e0 14h<\/li>\n<li class=\"paragraphe\">Mardi 12 f\u00e9vrier \u00e0 14h<\/li>\n<li class=\"paragraphe\">Mardi 19 mars \u00e0 14h<\/li>\n<li class=\"paragraphe\">Mardi 16 avril \u00e0 14h<\/li>\n<li class=\"paragraphe\">Mardi 21 mai \u00e0 14h<\/li>\n<li class=\"paragraphe\">Mardi 4 juin \u00e0 14h<\/li>\n<li class=\"paragraphe\"><em>Lundi 17 juin \u00e0 13h : r\u00e9union des 3 conseils<\/em><\/li>\n<li class=\"paragraphe\">Mardi 25 juin \u00e0 14h<\/li>\n<li>Mardi 9 septembre \u00e0 14h<\/li>\n<li>Mardi 15 octobre \u00e0 14h<\/li>\n<li>Mardi 19 novembre \u00e0 14h<\/li>\n<li>Mardi 17 d\u00e9cembre \u00e0 14h<\/li>\n<\/ul>\n<p class=\"chapeau\"><strong>2018 :<\/strong><\/p>\n<ul>\n<li>Mardi 16 janvier \u00e0 14h<\/li>\n<li>Mardi 13 f\u00e9vrier \u00e0 14h<\/li>\n<li>Mardi 6 mars \u00e0 14h<\/li>\n<li>Mardi 20 mars \u00e0 14h<\/li>\n<li>Mardi 10 avril \u00e0 14h<\/li>\n<\/ul>\n<p>\u00a0<\/p>\n<p class=\"chapeau\"><strong>2017 :<\/strong><\/p>\n<ul>\n<li>Mardi 21 f\u00e9vrier \u00e0 14h<\/li>\n<li>Mardi 21 mars \u00e0 14h<\/li>\n<li>Mardi 18 avril \u00e0 14h<\/li>\n<li>Mardi 16 mai \u00e0 14h<\/li>\n<li>Mardi 20 juin \u00e0 14h<\/li>\n<li><em><strong>Jeudi 29 juin de 9h30 \u00e0 13h30 (r\u00e9union des 3 conseils &#8211; Amphi Turing)<\/strong><\/em><\/li>\n<li>Mardi 4 juillet \u00e0 14h<\/li>\n<li>Mardi 19 septembre \u00e0 14h<\/li>\n<li>Mardi 17 octobre \u00e0 14h<\/li>\n<li><em><strong>Jeudi 16 novembre de 9h \u00e0 13h (r\u00e9union des 3 conseils &#8211; Halle aux Farines)<\/strong><\/em><\/li>\n<li>Mardi 21 novembre \u00e0 14h<\/li>\n<li>Mardi 12 d\u00e9cembre \u00e0 14h<\/li>\n<\/ul>\n<p>[\/et_pb_text][\/et_pb_column][\/et_pb_row][\/et_pb_section]<\/p>\n","protected":false},"excerpt":{"rendered":"<div class=\"et_pb_row et_pb_row_0 et_pb_row_empty\"><\/div>\n<div class=\"et_pb_row et_pb_row_1 et_pb_row_empty\"><\/div>\n<p> 2021 :Mardi 12 janvier \u00e0 14hMardi 26 janvier \u00e0 14hMardi 23 f\u00e9vrier \u00e0 14hMardi 23 mars \u00e0 14hMardi 4 mai \u00e0 14hMardi 8 juin \u00e0 14hMardi 22 juin \u00e0 14h\u00a02020 :Mardi 14 janvier \u00e0 14hMardi 11 f\u00e9vrier \u00e0 14hMardi 10 mars \u00e0 14hMardi 12 mai \u00e0 14hMardi 23 juin \u00e0 14hMardi 7 juillet \u00e0&hellip; <a class=\"continue\" href=\"https:\/\/wordpress-test.app.u-pariscite.fr\/sdv\/calendrier-du-conseil-denseignement\/\">Lire la suite<span> Calendrier du Conseil d&rsquo;Enseignement<\/span><\/a><\/p>\n","protected":false},"author":69,"featured_media":0,"parent":0,"menu_order":0,"comment_status":"closed","ping_status":"closed","template":"","meta":{"_et_pb_use_builder":"on","_et_pb_old_content":"","_et_gb_content_width":"","footnotes":""},"class_list":["post-1498","page","type-page","status-publish","hentry"],"_links":{"self":[{"href":"https:\/\/wordpress-test.app.u-pariscite.fr\/sdv\/wp-json\/wp\/v2\/pages\/1498","targetHints":{"allow":["GET"]}}],"collection":[{"href":"https:\/\/wordpress-test.app.u-pariscite.fr\/sdv\/wp-json\/wp\/v2\/pages"}],"about":[{"href":"https:\/\/wordpress-test.app.u-pariscite.fr\/sdv\/wp-json\/wp\/v2\/types\/page"}],"author":[{"embeddable":true,"href":"https:\/\/wordpress-test.app.u-pariscite.fr\/sdv\/wp-json\/wp\/v2\/users\/69"}],"replies":[{"embeddable":true,"href":"https:\/\/wordpress-test.app.u-pariscite.fr\/sdv\/wp-json\/wp\/v2\/comments?post=1498"}],"version-history":[{"count":3,"href":"https:\/\/wordpress-test.app.u-pariscite.fr\/sdv\/wp-json\/wp\/v2\/pages\/1498\/revisions"}],"predecessor-version":[{"id":1779,"href":"https:\/\/wordpress-test.app.u-pariscite.fr\/sdv\/wp-json\/wp\/v2\/pages\/1498\/revisions\/1779"}],"wp:attachment":[{"href":"https:\/\/wordpress-test.app.u-pariscite.fr\/sdv\/wp-json\/wp\/v2\/media?parent=1498"}],"curies":[{"name":"wp","href":"https:\/\/api.w.org\/{rel}","templated":true}]}}