{"id":1495,"date":"2021-01-08T15:42:26","date_gmt":"2021-01-08T14:42:26","guid":{"rendered":"https:\/\/wordpress-test.app.u-pariscite.fr\/sdv\/?page_id=1495"},"modified":"2021-01-14T13:10:15","modified_gmt":"2021-01-14T12:10:15","slug":"calendrier-du-conseil-scientifique","status":"publish","type":"page","link":"https:\/\/wordpress-test.app.u-pariscite.fr\/sdv\/calendrier-du-conseil-scientifique\/","title":{"rendered":"Calendrier du Conseil Scientifique"},"content":{"rendered":"<p>[et_pb_section bb_built=\u00a0\u00bb1&Prime; next_background_color=\u00a0\u00bb#000000&Prime; inner_width=\u00a0\u00bbauto\u00a0\u00bb inner_max_width=\u00a0\u00bbnone\u00a0\u00bb][et_pb_row][et_pb_column type=\u00a0\u00bb4_4&Prime;][et_pb_post_title _builder_version=\u00a0\u00bb3.22.1&Prime; meta=\u00a0\u00bboff\u00a0\u00bb featured_image=\u00a0\u00bboff\u00a0\u00bb text_shadow_horizontal_length=\u00a0\u00bbtext_shadow_style,%91object Object%93&Prime; text_shadow_vertical_length=\u00a0\u00bbtext_shadow_style,%91object Object%93&Prime; text_shadow_blur_strength=\u00a0\u00bbtext_shadow_style,%91object Object%93&Prime; title_text_shadow_horizontal_length=\u00a0\u00bbtitle_text_shadow_style,%91object Object%93&Prime; title_text_shadow_vertical_length=\u00a0\u00bbtitle_text_shadow_style,%91object Object%93&Prime; title_text_shadow_blur_strength=\u00a0\u00bbtitle_text_shadow_style,%91object Object%93&Prime; meta_text_shadow_horizontal_length=\u00a0\u00bbmeta_text_shadow_style,%91object Object%93&Prime; meta_text_shadow_vertical_length=\u00a0\u00bbmeta_text_shadow_style,%91object Object%93&Prime; meta_text_shadow_blur_strength=\u00a0\u00bbmeta_text_shadow_style,%91object Object%93&Prime; z_index_tablet=\u00a0\u00bb500&Prime; \/][\/et_pb_column][\/et_pb_row][\/et_pb_section][et_pb_section bb_built=\u00a0\u00bb1&Prime; prev_background_color=\u00a0\u00bb#000000&Prime; inner_width=\u00a0\u00bbauto\u00a0\u00bb inner_max_width=\u00a0\u00bbnone\u00a0\u00bb][et_pb_row][et_pb_column type=\u00a0\u00bb4_4&Prime;][et_pb_text _builder_version=\u00a0\u00bb3.22.1&Prime; text_text_shadow_horizontal_length=\u00a0\u00bbtext_text_shadow_style,%91object Object%93&Prime; text_text_shadow_vertical_length=\u00a0\u00bbtext_text_shadow_style,%91object Object%93&Prime; text_text_shadow_blur_strength=\u00a0\u00bbtext_text_shadow_style,%91object Object%93&Prime; link_text_shadow_horizontal_length=\u00a0\u00bblink_text_shadow_style,%91object Object%93&Prime; link_text_shadow_vertical_length=\u00a0\u00bblink_text_shadow_style,%91object Object%93&Prime; link_text_shadow_blur_strength=\u00a0\u00bblink_text_shadow_style,%91object Object%93&Prime; ul_text_shadow_horizontal_length=\u00a0\u00bbul_text_shadow_style,%91object Object%93&Prime; ul_text_shadow_vertical_length=\u00a0\u00bbul_text_shadow_style,%91object Object%93&Prime; ul_text_shadow_blur_strength=\u00a0\u00bbul_text_shadow_style,%91object Object%93&Prime; ol_text_shadow_horizontal_length=\u00a0\u00bbol_text_shadow_style,%91object Object%93&Prime; ol_text_shadow_vertical_length=\u00a0\u00bbol_text_shadow_style,%91object Object%93&Prime; ol_text_shadow_blur_strength=\u00a0\u00bbol_text_shadow_style,%91object Object%93&Prime; quote_text_shadow_horizontal_length=\u00a0\u00bbquote_text_shadow_style,%91object Object%93&Prime; quote_text_shadow_vertical_length=\u00a0\u00bbquote_text_shadow_style,%91object Object%93&Prime; quote_text_shadow_blur_strength=\u00a0\u00bbquote_text_shadow_style,%91object Object%93&Prime; header_text_shadow_horizontal_length=\u00a0\u00bbheader_text_shadow_style,%91object Object%93&Prime; header_text_shadow_vertical_length=\u00a0\u00bbheader_text_shadow_style,%91object Object%93&Prime; header_text_shadow_blur_strength=\u00a0\u00bbheader_text_shadow_style,%91object Object%93&Prime; header_2_text_shadow_horizontal_length=\u00a0\u00bbheader_2_text_shadow_style,%91object Object%93&Prime; header_2_text_shadow_vertical_length=\u00a0\u00bbheader_2_text_shadow_style,%91object Object%93&Prime; header_2_text_shadow_blur_strength=\u00a0\u00bbheader_2_text_shadow_style,%91object Object%93&Prime; header_3_text_shadow_horizontal_length=\u00a0\u00bbheader_3_text_shadow_style,%91object Object%93&Prime; header_3_text_shadow_vertical_length=\u00a0\u00bbheader_3_text_shadow_style,%91object Object%93&Prime; header_3_text_shadow_blur_strength=\u00a0\u00bbheader_3_text_shadow_style,%91object Object%93&Prime; header_4_text_shadow_horizontal_length=\u00a0\u00bbheader_4_text_shadow_style,%91object Object%93&Prime; header_4_text_shadow_vertical_length=\u00a0\u00bbheader_4_text_shadow_style,%91object Object%93&Prime; header_4_text_shadow_blur_strength=\u00a0\u00bbheader_4_text_shadow_style,%91object Object%93&Prime; header_5_text_shadow_horizontal_length=\u00a0\u00bbheader_5_text_shadow_style,%91object Object%93&Prime; header_5_text_shadow_vertical_length=\u00a0\u00bbheader_5_text_shadow_style,%91object Object%93&Prime; header_5_text_shadow_blur_strength=\u00a0\u00bbheader_5_text_shadow_style,%91object Object%93&Prime; header_6_text_shadow_horizontal_length=\u00a0\u00bbheader_6_text_shadow_style,%91object Object%93&Prime; header_6_text_shadow_vertical_length=\u00a0\u00bbheader_6_text_shadow_style,%91object Object%93&Prime; header_6_text_shadow_blur_strength=\u00a0\u00bbheader_6_text_shadow_style,%91object Object%93&Prime; z_index_tablet=\u00a0\u00bb500&Prime;]<\/p>\n<p><strong>2021 :<\/strong><\/p>\n<ul>\n<li>Jeudi 14 janvier \u00e0 14h<\/li>\n<li>Jeudi 11 f\u00e9vrier \u00e0 14h<\/li>\n<li>Jeudi 18 mars \u00e0 14h<\/li>\n<li>Jeudi 15 avril \u00e0 14h<\/li>\n<li>Jeudi 20 mai \u00e0 14h<\/li>\n<li>Jeudi 10 juin \u00e0 14h<\/li>\n<li>Jeudi 24 juin \u00e0 14h<\/li>\n<\/ul>\n<p>\u00a0<\/p>\n<p><strong>2020 :<\/strong><\/p>\n<ul>\n<li><del datetime=\"2020-03-12T09:50:34+00:00\">Jeudi 9 janvier \u00e0 14h annul\u00e9<\/del><\/li>\n<li>Jeudi 6 f\u00e9vrier \u00e0 14h<\/li>\n<li><em>Jeudi 25 f<\/em><em>\u00e9<\/em><em>vrier (9h <\/em><em>\u00e0<\/em><em> 13h) : <\/em><em>1\/2 Journ<\/em><em>\u00e9<\/em><em>e Scientifique de l&rsquo;UFR (Amphi Turing)<\/em><\/li>\n<li>Jeudi 19 mars \u00e0 14h<\/li>\n<li>Jeudi 2 avril \u00e0 14h<\/li>\n<li>Jeudi 14 mai \u00e0 14h<\/li>\n<li>Jeudi 11 juin \u00e0 14h<\/li>\n<li>Mercredi 1er juillet \u00e0 14h<\/li>\n<li>Jeudi 12 septembre \u00e0 14h<\/li>\n<li>Jeudi 10 octobre \u00e0 14h<\/li>\n<li>Jeudi 14 novembre \u00e0 14h<\/li>\n<li>Jeudi 12 d\u00e9cembre \u00e0 14h<\/li>\n<\/ul>\n<p>\u00a0<\/p>\n<p><strong>2019 :<\/strong><\/p>\n<ul>\n<li>Jeudi 10 janvier \u00e0 14h<\/li>\n<li>Jeudi 7 f\u00e9vrier \u00e0 14h<\/li>\n<li><em>Jeudi 21 f<\/em><em>\u00e9<\/em><em>vrier (9h <\/em><em>\u00e0<\/em><em> 13h) : 1<\/em><em>\u00e8<\/em><em>re 1\/2 Journ<\/em><em>\u00e9<\/em><em>e Scientifique de l&rsquo;UFR (Amphi Turing)<\/em><\/li>\n<li>Jeudi 14 mars \u00e0 14h<\/li>\n<li>Jeudi 11 avril \u00e0 14h<\/li>\n<li>Jeudi 9 mai \u00e0 14h<\/li>\n<li>Jeudi 6 juin \u00e0 14h<\/li>\n<li><span style=\"text-decoration: line-through\">\u00a0Lundi 17 juin \u00e0 9h30 et<em>\u00a0\u00e0 13h : r\u00e9union des 3 Conseils\u00a0<\/em><\/span>annul\u00e9<\/li>\n<li><em>Jeudi 20 juin (9h <\/em><em>\u00e0<\/em><em> 13h) : 2e 1\/2 Journ<\/em><em>\u00e9<\/em><em>e Scientifique de l&rsquo;UFR (Amphi Turing)<\/em><\/li>\n<li>Jeudi 20 juin \u00e0 14h<\/li>\n<li>Jeudi 11 juillet \u00e0 14h<\/li>\n<li>Jeudi 12 septembre \u00e0 14h<\/li>\n<li>Jeudi 10 octobre \u00e0 14h<\/li>\n<li>Jeudi 14 novembre \u00e0 14h<\/li>\n<li>Jeudi 12 d\u00e9cembre \u00e0 14h<\/li>\n<\/ul>\n<p>\u00a0<\/p>\n<p><strong>2018 :<\/strong><\/p>\n<ul>\n<li>\u00a0Jeudi 11 janvier \u00e0 14h<\/li>\n<li>Jeudi 8 f\u00e9vrier \u00e0 14h annul\u00e9<\/li>\n<li>Jeudi 1er mars \u00e0 14h<\/li>\n<li><em><strong>Jeudi 15 mars de 9h \u00e0 14h\u00a0 : demi-journ\u00e9e scientifique de l&rsquo;UFR (Amphi Turing)<\/strong><\/em><\/li>\n<li>Jeudi 15 mars \u00e0 14h<\/li>\n<li>Jeudi 5 avril \u00e0 14h<\/li>\n<li>Jeudi 17 mai \u00e0 14h<\/li>\n<li>Jeudi 31 mai \u00e0 14h<\/li>\n<li><strong>Mardi 12 juin <\/strong><strong>\u00e0<\/strong><strong> 9h30<\/strong><\/li>\n<li><em>Mardi 12 juin <\/em><em>\u00e0<\/em><em> 13h : r<\/em><em>\u00e9<\/em><em>union des 3 conseils (SALLE DES THESES 580F &#8211; Halle aux Farines)<\/em><\/li>\n<li>Jeudi 14 juin \u00e0 14h<\/li>\n<li>Jeudi 5 juillet \u00e0 14h\u00a0 annul\u00e9<\/li>\n<li>Jeudi 12 juillet \u00e0 14h<\/li>\n<li>Jeudi 20 septembre \u00e0 14h<\/li>\n<li>Jeudi 11 octobre \u00e0 14h\u00a0 annul\u00e9<\/li>\n<li>Jeudi 15 novembre \u00e0 14h<\/li>\n<li>Jeudi 13 d\u00e9cembre \u00e0 14h<\/li>\n<\/ul>\n<p>\u00a0<\/p>\n<p><strong>2017 :<\/strong><\/p>\n<ul>\n<li>\u00a0Jeudi 14 septembre 2017 \u00e0 14h<\/li>\n<li>Jeudi 12 octobre 2017 \u00e0 14h<\/li>\n<li>Jeudi 02 novembre 2017 <span style=\"text-decoration: line-through\">\u00e0<\/span><span style=\"text-decoration: line-through\"> 14h<\/span> annul\u00e9<\/li>\n<li><em><strong>Jeudi 16 novembre de 9h \u00e0 13h (r\u00e9union des 3 conseils &#8211; Halle aux Farines)<\/strong><\/em><\/li>\n<li>Jeudi 16 novembre \u00e0 14h<\/li>\n<li>Jeudi 14 d\u00e9cembre 2017 \u00e0 14h<\/li>\n<\/ul>\n<p>\u00a0<\/p>\n<p>[\/et_pb_text][\/et_pb_column][\/et_pb_row][\/et_pb_section]<\/p>\n","protected":false},"excerpt":{"rendered":"<div class=\"et_pb_row et_pb_row_0 et_pb_row_empty\"><\/div>\n<div class=\"et_pb_row et_pb_row_1 et_pb_row_empty\"><\/div>\n<p> 2021 :Jeudi 14 janvier \u00e0 14hJeudi 11 f\u00e9vrier \u00e0 14hJeudi 18 mars \u00e0 14hJeudi 15 avril \u00e0 14hJeudi 20 mai \u00e0 14hJeudi 10 juin \u00e0 14hJeudi 24 juin \u00e0 14h\u00a02020 :Jeudi 9 janvier \u00e0 14h annul\u00e9Jeudi 6 f\u00e9vrier \u00e0 14hJeudi 25 f\u00e9vrier (9h \u00e0 13h) : 1\/2 Journ\u00e9e Scientifique de l&rsquo;UFR (Amphi Turing)Jeudi 19&hellip; <a class=\"continue\" href=\"https:\/\/wordpress-test.app.u-pariscite.fr\/sdv\/calendrier-du-conseil-scientifique\/\">Lire la suite<span> Calendrier du Conseil Scientifique<\/span><\/a><\/p>\n","protected":false},"author":69,"featured_media":0,"parent":0,"menu_order":0,"comment_status":"closed","ping_status":"closed","template":"","meta":{"_et_pb_use_builder":"on","_et_pb_old_content":"","_et_gb_content_width":"","footnotes":""},"class_list":["post-1495","page","type-page","status-publish","hentry"],"_links":{"self":[{"href":"https:\/\/wordpress-test.app.u-pariscite.fr\/sdv\/wp-json\/wp\/v2\/pages\/1495","targetHints":{"allow":["GET"]}}],"collection":[{"href":"https:\/\/wordpress-test.app.u-pariscite.fr\/sdv\/wp-json\/wp\/v2\/pages"}],"about":[{"href":"https:\/\/wordpress-test.app.u-pariscite.fr\/sdv\/wp-json\/wp\/v2\/types\/page"}],"author":[{"embeddable":true,"href":"https:\/\/wordpress-test.app.u-pariscite.fr\/sdv\/wp-json\/wp\/v2\/users\/69"}],"replies":[{"embeddable":true,"href":"https:\/\/wordpress-test.app.u-pariscite.fr\/sdv\/wp-json\/wp\/v2\/comments?post=1495"}],"version-history":[{"count":4,"href":"https:\/\/wordpress-test.app.u-pariscite.fr\/sdv\/wp-json\/wp\/v2\/pages\/1495\/revisions"}],"predecessor-version":[{"id":1777,"href":"https:\/\/wordpress-test.app.u-pariscite.fr\/sdv\/wp-json\/wp\/v2\/pages\/1495\/revisions\/1777"}],"wp:attachment":[{"href":"https:\/\/wordpress-test.app.u-pariscite.fr\/sdv\/wp-json\/wp\/v2\/media?parent=1495"}],"curies":[{"name":"wp","href":"https:\/\/api.w.org\/{rel}","templated":true}]}}