{"id":1320,"date":"2021-01-02T17:06:05","date_gmt":"2021-01-02T16:06:05","guid":{"rendered":"https:\/\/wordpress-test.app.u-pariscite.fr\/sdv\/?page_id=1320"},"modified":"2024-04-03T12:15:13","modified_gmt":"2024-04-03T10:15:13","slug":"candidature-a-lhabilitation-a-diriger-des-recherches","status":"publish","type":"page","link":"https:\/\/wordpress-test.app.u-pariscite.fr\/sdv\/candidature-a-lhabilitation-a-diriger-des-recherches\/","title":{"rendered":"Candidature \u00e0 l&rsquo;Habilitation \u00e0 Diriger des Recherches"},"content":{"rendered":"<p>[et_pb_section fb_built=\u00a0\u00bb1&Prime; _builder_version=\u00a0\u00bb3.22&Prime;][et_pb_row _builder_version=\u00a0\u00bb3.22&Prime;][et_pb_column type=\u00a0\u00bb4_4&Prime; _builder_version=\u00a0\u00bb3.0.47&Prime;][et_pb_post_title meta=\u00a0\u00bboff\u00a0\u00bb featured_image=\u00a0\u00bboff\u00a0\u00bb admin_label=\u00a0\u00bbTitre de la page\u00a0\u00bb _builder_version=\u00a0\u00bb3.19.11&Prime;][\/et_pb_post_title][\/et_pb_column][\/et_pb_row][et_pb_row _builder_version=\u00a0\u00bb3.22&Prime; background_size=\u00a0\u00bbinitial\u00a0\u00bb background_position=\u00a0\u00bbtop_left\u00a0\u00bb background_repeat=\u00a0\u00bbrepeat\u00a0\u00bb][et_pb_column type=\u00a0\u00bb3_4&Prime; _builder_version=\u00a0\u00bb3.0.47&Prime;][et_pb_text module_id=\u00a0\u00bbcontenu\u00a0\u00bb _builder_version=\u00a0\u00bb3.22.1&Prime; z_index_tablet=\u00a0\u00bb500&Prime;]<\/p>\n<p style=\"line-height: 100%;margin-left: 0.25cm;margin-right: -0.5cm;margin-bottom: 0.49cm\"><span style=\"font-size: medium\"><\/span><\/p>\n<p style=\"line-height: 100%;margin-left: 0.25cm;margin-right: -0.5cm;margin-bottom: 0.49cm\"><span style=\"font-size: medium\">L\u2019\u00e9quipe d\u00e9l\u00e9gu\u00e9e aux HDR de l\u2019UFR Sciences du Vivant est coordonn\u00e9e administrativement par Urielle Keim.<\/span><\/p>\n<p style=\"line-height: 100%;margin: 0.49cm -0.5cm 0.49cm 0.25cm\"><span style=\"font-size: medium\">Contact e-mail :\u00a0<\/span><span style=\"color: #0000ff;font-size: medium\"><u><a href=\"mailto:hdr.sdv@wordpress-test.app.u-pariscite.fr\" target=\"_blank\" rel=\"noopener noreferrer\" style=\"color: #0000ff\"><span>hdr.sdv@wordpress-test.app.u-pariscite.fr<\/span><\/a><\/u><\/span><\/p>\n<p style=\"line-height: 100%;margin: 0.49cm -0.5cm 0.49cm 0.25cm\"><span style=\"font-size: medium\">La proc\u00e9dure et les formulaires requis sont disponibles ci-dessous :<\/span>\u00a0<\/p>\n<ul>\n<li>\n<p style=\"line-height: 100%;margin-right: -0.5cm;margin-top: 0.49cm;margin-bottom: 0cm\"><span style=\"font-size: medium\">Directives HDR : <a href=\"https:\/\/wordpress-test.app.u-pariscite.fr\/sdv\/wp-content\/uploads\/sites\/4\/2024\/04\/1-Directives-HDR-UFR-SDV.pdf\"><span style=\"color: #0000ff\"><u>1-Directives HDR_UFR SDV<\/u><\/span> <\/a><br \/><\/span><\/p>\n<\/li>\n<li>Proposition de membres de jury de soutenance\u00a0 : <span style=\"text-decoration: underline\"><a href=\"https:\/\/wordpress-test.app.u-pariscite.fr\/sdv\/wp-content\/uploads\/sites\/4\/2024\/03\/2-Proposition_de_membres_de_jury_de_soutenance.docx\"><span style=\"color: #0000ff;text-decoration: underline\">2-Proposition_de_membres_de_jury_de_soutenance<\/span><\/a><\/span><\/li>\n<li>Constitution du dossier de candidature : <span style=\"text-decoration: underline\"><a href=\"https:\/\/wordpress-test.app.u-pariscite.fr\/sdv\/wp-content\/uploads\/sites\/4\/2024\/03\/3-Constitution-du-dossier-de-candidature-HDR.pdf\"><span style=\"color: #0000ff;text-decoration: underline\">3-Constitution du dossier de candidature HDR<\/span><\/a><\/span><\/li>\n<li>Demande d&rsquo;autorisation d&rsquo;inscription : <span style=\"text-decoration: underline\"><span style=\"color: #0000ff\"><a href=\"https:\/\/wordpress-test.app.u-pariscite.fr\/sdv\/wp-content\/uploads\/sites\/4\/2024\/03\/4-Demande-dautorisation-dinscription-HDR-septembre2023.docx\" style=\"color: #0000ff;text-decoration: underline\">4-Demande d&rsquo;autorisation d&rsquo;inscription HDR<\/a><\/span><\/span><\/li>\n<li>Autorisation de pr\u00e9sentation des travaux :\u00a0 <span style=\"text-decoration: underline\"><a href=\"https:\/\/wordpress-test.app.u-pariscite.fr\/sdv\/wp-content\/uploads\/sites\/4\/2021\/09\/5-AUTORISATION_DE_-PRESENTATION_-DES_-TRAVAUX_-HDR_UP.docx\"><span style=\"color: #0000ff;text-decoration: underline\">5-AUTORISATION_DE_ PRESENTATION_ DES_ TRAVAUX_ HDR_UP<\/span><\/a><\/span><\/li>\n<li>Formulaire de soutenance en visioconf\u00e9rence totale : <span style=\"text-decoration: underline\"><a href=\"https:\/\/wordpress-test.app.u-pariscite.fr\/sdv\/wp-content\/uploads\/sites\/4\/2021\/09\/6-Formulaire_soutenance_visio_totale.docx\"><span style=\"color: #0000ff;text-decoration: underline\">6-Formulaire_soutenance_visio_totale<\/span><\/a><\/span><\/li>\n<\/ul>\n<p>\u00a0 Questions et informations sont \u00e9galement disponibles sur le site Universit\u00e9 Paris Cit\u00e9 :\u00a0<a href=\"https:\/\/wordpress-test.app.u-pariscite.fr\/habilitation-a-diriger-des-recherches-hdr\"><span style=\"color: #0000ff\"><span style=\"text-decoration: underline\">https:\/\/wordpress-test.app.u-pariscite.fr\/habilitation-a-diriger-des-recherches-hdr<\/span><\/span><\/a><\/p>\n<p>[\/et_pb_text][\/et_pb_column][et_pb_column type=\u00a0\u00bb1_4&Prime; _builder_version=\u00a0\u00bb3.0.47&Prime;][\/et_pb_column][\/et_pb_row][\/et_pb_section]<\/p>\n","protected":false},"excerpt":{"rendered":"<p>L\u2019\u00e9quipe d\u00e9l\u00e9gu\u00e9e aux HDR de l\u2019UFR Sciences du Vivant est coordonn\u00e9e administrativement par Urielle Keim. Contact e-mail :\u00a0hdr.sdv@wordpress-test.app.u-pariscite.fr La proc\u00e9dure et les formulaires requis sont disponibles ci-dessous :\u00a0 Directives HDR : 1-Directives HDR_UFR SDV Proposition de membres de jury de soutenance\u00a0 : 2-Proposition_de_membres_de_jury_de_soutenance Constitution du dossier de candidature : 3-Constitution du dossier de candidature HDR&hellip; <a class=\"continue\" href=\"https:\/\/wordpress-test.app.u-pariscite.fr\/sdv\/candidature-a-lhabilitation-a-diriger-des-recherches\/\">Lire la suite<span> Candidature \u00e0 l&rsquo;Habilitation \u00e0 Diriger des Recherches<\/span><\/a><\/p>\n","protected":false},"author":519,"featured_media":0,"parent":0,"menu_order":0,"comment_status":"closed","ping_status":"closed","template":"","meta":{"_et_pb_use_builder":"on","_et_pb_old_content":"<p><audio class=\"audio-for-speech\"><\/audio><\/p><div class=\"translate-tooltip-mtz translator-hidden\"><div class=\"header\"><div class=\"header-controls\">Translator<\/div><div class=\"header-controls\">\u00a0<\/div><div class=\"header-controls\">\u00a0<\/div><\/div><div class=\"translated-text\"><div class=\"words\">\u00a0<\/div><div class=\"sentences\">\u00a0<\/div><\/div><\/div><p>\u00a0<\/p><p><strong>Candidature \u00e0 l'Habilitation \u00e0 Diriger des Recherches<\/strong><\/p>","_et_gb_content_width":"","footnotes":""},"class_list":["post-1320","page","type-page","status-publish","hentry"],"_links":{"self":[{"href":"https:\/\/wordpress-test.app.u-pariscite.fr\/sdv\/wp-json\/wp\/v2\/pages\/1320","targetHints":{"allow":["GET"]}}],"collection":[{"href":"https:\/\/wordpress-test.app.u-pariscite.fr\/sdv\/wp-json\/wp\/v2\/pages"}],"about":[{"href":"https:\/\/wordpress-test.app.u-pariscite.fr\/sdv\/wp-json\/wp\/v2\/types\/page"}],"author":[{"embeddable":true,"href":"https:\/\/wordpress-test.app.u-pariscite.fr\/sdv\/wp-json\/wp\/v2\/users\/519"}],"replies":[{"embeddable":true,"href":"https:\/\/wordpress-test.app.u-pariscite.fr\/sdv\/wp-json\/wp\/v2\/comments?post=1320"}],"version-history":[{"count":34,"href":"https:\/\/wordpress-test.app.u-pariscite.fr\/sdv\/wp-json\/wp\/v2\/pages\/1320\/revisions"}],"predecessor-version":[{"id":2970,"href":"https:\/\/wordpress-test.app.u-pariscite.fr\/sdv\/wp-json\/wp\/v2\/pages\/1320\/revisions\/2970"}],"wp:attachment":[{"href":"https:\/\/wordpress-test.app.u-pariscite.fr\/sdv\/wp-json\/wp\/v2\/media?parent=1320"}],"curies":[{"name":"wp","href":"https:\/\/api.w.org\/{rel}","templated":true}]}}