{"id":4170,"date":"2024-03-13T15:53:06","date_gmt":"2024-03-13T14:53:06","guid":{"rendered":"https:\/\/wordpress-test.app.u-pariscite.fr\/sciences\/?page_id=4170"},"modified":"2024-03-13T15:53:06","modified_gmt":"2024-03-13T14:53:06","slug":"nos-doubles-masters","status":"publish","type":"page","link":"https:\/\/wordpress-test.app.u-pariscite.fr\/sciences\/nos-doubles-masters\/","title":{"rendered":"Nos doubles masters"},"content":{"rendered":"<p>[et_pb_section bb_built=\u00a0\u00bb1&Prime; next_background_color=\u00a0\u00bb#000000&Prime; inner_width=\u00a0\u00bbauto\u00a0\u00bb inner_max_width=\u00a0\u00bbnone\u00a0\u00bb][et_pb_row][et_pb_column type=\u00a0\u00bb4_4&Prime;][et_pb_post_title admin_label=\u00a0\u00bbTitre de la page\u00a0\u00bb _builder_version=\u00a0\u00bb3.22.1&Prime; meta=\u00a0\u00bboff\u00a0\u00bb featured_image=\u00a0\u00bboff\u00a0\u00bb \/][\/et_pb_column][\/et_pb_row][et_pb_row][et_pb_column type=\u00a0\u00bb1_2&Prime;][et_pb_toggle admin_label=\u00a0\u00bbInfo\u00a0\u00bb _builder_version=\u00a0\u00bb3.22.1&Prime; title=\u00a0\u00bbInformatique\u00a0\u00bb text_shadow_horizontal_length=\u00a0\u00bbtext_shadow_style,%91object Object%93&Prime; text_shadow_vertical_length=\u00a0\u00bbtext_shadow_style,%91object Object%93&Prime; text_shadow_blur_strength=\u00a0\u00bbtext_shadow_style,%91object Object%93&Prime; title_text_shadow_horizontal_length=\u00a0\u00bbtitle_text_shadow_style,%91object Object%93&Prime; title_text_shadow_vertical_length=\u00a0\u00bbtitle_text_shadow_style,%91object Object%93&Prime; title_text_shadow_blur_strength=\u00a0\u00bbtitle_text_shadow_style,%91object Object%93&Prime; body_text_shadow_horizontal_length=\u00a0\u00bbbody_text_shadow_style,%91object Object%93&Prime; body_text_shadow_vertical_length=\u00a0\u00bbbody_text_shadow_style,%91object Object%93&Prime; body_text_shadow_blur_strength=\u00a0\u00bbbody_text_shadow_style,%91object Object%93&Prime; z_index_tablet=\u00a0\u00bb500&Prime;]<\/p>\n<ul>\n<li><a href=\"https:\/\/odf.wordpress-test.app.u-pariscite.fr\/fr\/offre-de-formation\/double-master-XBB\/sciences-technologies-sante-STS\/informatique-fondamentale-et-appliquee-K8HF9JBK\/master-informatique-fondamentale-et-appliquee-sciences-des-donnees-dm-JS1UU60E.html\">Master Informatique fondamentale et appliqu\u00e9e, parcours Sciences des donn\u00e9es<\/a><\/li>\n<li><a href=\"https:\/\/odf.wordpress-test.app.u-pariscite.fr\/fr\/offre-de-formation\/double-master-XBB\/sciences-technologies-sante-STS\/informatique-fondamentale-et-appliquee-K8HF9JBK\/master-informatique-fondamentale-et-appliquee-cryptographie-securite-dm-JS1V1MGB.html\">Master Informatique fondamentale et appliqu\u00e9e, parcours Cryptographie et S\u00e9curit\u00e9<\/a><\/li>\n<\/ul>\n<p>[\/et_pb_toggle][\/et_pb_column][et_pb_column type=\u00a0\u00bb1_2&Prime;][et_pb_toggle admin_label=\u00a0\u00bbmaths\u00a0\u00bb _builder_version=\u00a0\u00bb3.22.1&Prime; title=\u00a0\u00bbMath\u00e9matiques\u00a0\u00bb text_shadow_horizontal_length=\u00a0\u00bbtext_shadow_style,%91object Object%93&Prime; text_shadow_vertical_length=\u00a0\u00bbtext_shadow_style,%91object Object%93&Prime; text_shadow_blur_strength=\u00a0\u00bbtext_shadow_style,%91object Object%93&Prime; title_text_shadow_horizontal_length=\u00a0\u00bbtitle_text_shadow_style,%91object Object%93&Prime; title_text_shadow_vertical_length=\u00a0\u00bbtitle_text_shadow_style,%91object Object%93&Prime; title_text_shadow_blur_strength=\u00a0\u00bbtitle_text_shadow_style,%91object Object%93&Prime; body_text_shadow_horizontal_length=\u00a0\u00bbbody_text_shadow_style,%91object Object%93&Prime; body_text_shadow_vertical_length=\u00a0\u00bbbody_text_shadow_style,%91object Object%93&Prime; body_text_shadow_blur_strength=\u00a0\u00bbbody_text_shadow_style,%91object Object%93&Prime; z_index_tablet=\u00a0\u00bb500&Prime;]<\/p>\n<ul>\n<li><a href=\"https:\/\/odf.wordpress-test.app.u-pariscite.fr\/fr\/offre-de-formation\/double-master-XBB\/sciences-technologies-sante-STS\/mathematiques-et-applications-K8HF9FCF\/master-mathematiques-et-applications-parcours-mathematiques-informatique-et-applications-a-la-cryptologie-dm-JS1VOKQZ.html\">Master Math\u00e9matiques et applications parcours Math\u00e9matiques, informatique et applications \u00e0 la cryptologie<\/a><\/li>\n<li><a href=\"https:\/\/odf.wordpress-test.app.u-pariscite.fr\/fr\/offre-de-formation\/double-master-XBB\/sciences-technologies-sante-STS\/mathematiques-et-applications-K8HF9FCF\/master-mathematiques-et-applications-parcours-mathematiques-informatique-sciences-des-donnees-dm-JS1VC8DR.html\">Master Math\u00e9matiques et applications parcours Math\u00e9matiques, informatique, sciences des donn\u00e9es<\/a><\/li>\n<\/ul>\n<p>[\/et_pb_toggle][\/et_pb_column][\/et_pb_row][\/et_pb_section][et_pb_section bb_built=\u00a0\u00bb1&Prime; specialty=\u00a0\u00bboff\u00a0\u00bb _builder_version=\u00a0\u00bb3.21&Prime; custom_padding=\u00a0\u00bb0px||0px|\u00a0\u00bb prev_background_color=\u00a0\u00bb#000000&Prime; inner_width=\u00a0\u00bbauto\u00a0\u00bb inner_max_width=\u00a0\u00bbnone\u00a0\u00bb][et_pb_row _builder_version=\u00a0\u00bb3.19.11&Prime; width=\u00a0\u00bb80%\u00a0\u00bb max_width=\u00a0\u00bb1080px\u00a0\u00bb][et_pb_column type=\u00a0\u00bb4_4&Prime;][et_pb_text admin_label=\u00a0\u00bb\u00c0 lire aussi\u00a0\u00bb _builder_version=\u00a0\u00bb3.21&Prime;]<\/p>\n<h2><span class=\"st\">\u00c0<\/span> lire aussi<\/h2>\n<p>[\/et_pb_text][et_pb_blog _builder_version=\u00a0\u00bb3.21&Prime; posts_number=\u00a0\u00bb4&Prime; include_categories=\u00a0\u00bb13&Prime; show_author=\u00a0\u00bboff\u00a0\u00bb show_date=\u00a0\u00bboff\u00a0\u00bb show_pagination=\u00a0\u00bboff\u00a0\u00bb border_width_bottom_fullwidth=\u00a0\u00bb1px\u00a0\u00bb border_color_bottom_fullwidth=\u00a0\u00bbrgba(51,51,51,0.18)\u00a0\u00bb custom_padding=\u00a0\u00bb||50px|\u00a0\u00bb module_id=\u00a0\u00bbpage_type_blog\u00a0\u00bb header_level=\u00a0\u00bbh4&Prime; \/][\/et_pb_column][\/et_pb_row][\/et_pb_section]<\/p>\n","protected":false},"excerpt":{"rendered":"<div class=\"et_pb_row et_pb_row_0 et_pb_row_empty\"><\/div>\n<div class=\"et_pb_row et_pb_row_1 et_pb_row_empty\"><\/div>\n<p> Master Informatique fondamentale et appliqu\u00e9e, parcours Sciences des donn\u00e9esMaster Informatique fondamentale et appliqu\u00e9e, parcours Cryptographie et S\u00e9curit\u00e9 Master Math\u00e9matiques et applications parcours Math\u00e9matiques, informatique et applications \u00e0 la cryptologie Master Math\u00e9matiques et applications parcours Math\u00e9matiques, informatique, sciences des donn\u00e9es \u00c0 lire aussi<\/p>\n","protected":false},"author":443,"featured_media":0,"parent":0,"menu_order":0,"comment_status":"closed","ping_status":"closed","template":"","meta":{"_et_pb_use_builder":"on","_et_pb_old_content":"","_et_gb_content_width":"","footnotes":""},"class_list":["post-4170","page","type-page","status-publish","hentry"],"_links":{"self":[{"href":"https:\/\/wordpress-test.app.u-pariscite.fr\/sciences\/wp-json\/wp\/v2\/pages\/4170","targetHints":{"allow":["GET"]}}],"collection":[{"href":"https:\/\/wordpress-test.app.u-pariscite.fr\/sciences\/wp-json\/wp\/v2\/pages"}],"about":[{"href":"https:\/\/wordpress-test.app.u-pariscite.fr\/sciences\/wp-json\/wp\/v2\/types\/page"}],"author":[{"embeddable":true,"href":"https:\/\/wordpress-test.app.u-pariscite.fr\/sciences\/wp-json\/wp\/v2\/users\/443"}],"replies":[{"embeddable":true,"href":"https:\/\/wordpress-test.app.u-pariscite.fr\/sciences\/wp-json\/wp\/v2\/comments?post=4170"}],"version-history":[{"count":3,"href":"https:\/\/wordpress-test.app.u-pariscite.fr\/sciences\/wp-json\/wp\/v2\/pages\/4170\/revisions"}],"predecessor-version":[{"id":4179,"href":"https:\/\/wordpress-test.app.u-pariscite.fr\/sciences\/wp-json\/wp\/v2\/pages\/4170\/revisions\/4179"}],"wp:attachment":[{"href":"https:\/\/wordpress-test.app.u-pariscite.fr\/sciences\/wp-json\/wp\/v2\/media?parent=4170"}],"curies":[{"name":"wp","href":"https:\/\/api.w.org\/{rel}","templated":true}]}}