{"id":3897,"date":"2024-02-01T11:34:35","date_gmt":"2024-02-01T10:34:35","guid":{"rendered":"https:\/\/wordpress-test.app.u-pariscite.fr\/sciences\/?page_id=3897"},"modified":"2024-10-23T16:21:38","modified_gmt":"2024-10-23T14:21:38","slug":"elu-es-et-invite-es-de-la-f3sct","status":"publish","type":"page","link":"https:\/\/wordpress-test.app.u-pariscite.fr\/sciences\/instances\/elu-es-et-invite-es-de-la-f3sct\/","title":{"rendered":"Elu.es et invit\u00e9.es de la F3SCT"},"content":{"rendered":"<p>[et_pb_section bb_built=\u00a0\u00bb1&Prime; inner_width=\u00a0\u00bbauto\u00a0\u00bb inner_max_width=\u00a0\u00bbnone\u00a0\u00bb][et_pb_row][et_pb_column type=\u00a0\u00bb4_4&Prime;][et_pb_post_title admin_label=\u00a0\u00bbTitre de la page\u00a0\u00bb _builder_version=\u00a0\u00bb3.19.11&Prime; meta=\u00a0\u00bboff\u00a0\u00bb featured_image=\u00a0\u00bboff\u00a0\u00bb \/][\/et_pb_column][\/et_pb_row][et_pb_row][et_pb_column type=\u00a0\u00bb4_4&Prime;][et_pb_text _builder_version=\u00a0\u00bb3.22.1&Prime; text_text_shadow_horizontal_length=\u00a0\u00bbtext_text_shadow_style,%91object Object%93&Prime; text_text_shadow_vertical_length=\u00a0\u00bbtext_text_shadow_style,%91object Object%93&Prime; text_text_shadow_blur_strength=\u00a0\u00bbtext_text_shadow_style,%91object Object%93&Prime; link_text_shadow_horizontal_length=\u00a0\u00bblink_text_shadow_style,%91object Object%93&Prime; link_text_shadow_vertical_length=\u00a0\u00bblink_text_shadow_style,%91object Object%93&Prime; link_text_shadow_blur_strength=\u00a0\u00bblink_text_shadow_style,%91object Object%93&Prime; ul_text_shadow_horizontal_length=\u00a0\u00bbul_text_shadow_style,%91object Object%93&Prime; ul_text_shadow_vertical_length=\u00a0\u00bbul_text_shadow_style,%91object Object%93&Prime; ul_text_shadow_blur_strength=\u00a0\u00bbul_text_shadow_style,%91object Object%93&Prime; ol_text_shadow_horizontal_length=\u00a0\u00bbol_text_shadow_style,%91object Object%93&Prime; ol_text_shadow_vertical_length=\u00a0\u00bbol_text_shadow_style,%91object Object%93&Prime; ol_text_shadow_blur_strength=\u00a0\u00bbol_text_shadow_style,%91object Object%93&Prime; quote_text_shadow_horizontal_length=\u00a0\u00bbquote_text_shadow_style,%91object Object%93&Prime; quote_text_shadow_vertical_length=\u00a0\u00bbquote_text_shadow_style,%91object Object%93&Prime; quote_text_shadow_blur_strength=\u00a0\u00bbquote_text_shadow_style,%91object Object%93&Prime; header_text_shadow_horizontal_length=\u00a0\u00bbheader_text_shadow_style,%91object Object%93&Prime; header_text_shadow_vertical_length=\u00a0\u00bbheader_text_shadow_style,%91object Object%93&Prime; header_text_shadow_blur_strength=\u00a0\u00bbheader_text_shadow_style,%91object Object%93&Prime; header_2_text_shadow_horizontal_length=\u00a0\u00bbheader_2_text_shadow_style,%91object Object%93&Prime; header_2_text_shadow_vertical_length=\u00a0\u00bbheader_2_text_shadow_style,%91object Object%93&Prime; header_2_text_shadow_blur_strength=\u00a0\u00bbheader_2_text_shadow_style,%91object Object%93&Prime; header_3_text_shadow_horizontal_length=\u00a0\u00bbheader_3_text_shadow_style,%91object Object%93&Prime; header_3_text_shadow_vertical_length=\u00a0\u00bbheader_3_text_shadow_style,%91object Object%93&Prime; header_3_text_shadow_blur_strength=\u00a0\u00bbheader_3_text_shadow_style,%91object Object%93&Prime; header_4_text_shadow_horizontal_length=\u00a0\u00bbheader_4_text_shadow_style,%91object Object%93&Prime; header_4_text_shadow_vertical_length=\u00a0\u00bbheader_4_text_shadow_style,%91object Object%93&Prime; header_4_text_shadow_blur_strength=\u00a0\u00bbheader_4_text_shadow_style,%91object Object%93&Prime; header_5_text_shadow_horizontal_length=\u00a0\u00bbheader_5_text_shadow_style,%91object Object%93&Prime; header_5_text_shadow_vertical_length=\u00a0\u00bbheader_5_text_shadow_style,%91object Object%93&Prime; header_5_text_shadow_blur_strength=\u00a0\u00bbheader_5_text_shadow_style,%91object Object%93&Prime; header_6_text_shadow_horizontal_length=\u00a0\u00bbheader_6_text_shadow_style,%91object Object%93&Prime; header_6_text_shadow_vertical_length=\u00a0\u00bbheader_6_text_shadow_style,%91object Object%93&Prime; header_6_text_shadow_blur_strength=\u00a0\u00bbheader_6_text_shadow_style,%91object Object%93&Prime; z_index_tablet=\u00a0\u00bb500&Prime;]<\/p>\n<p>La\u00a0 F3SCT de service est pr\u00e9sid\u00e9e par Maximilien CAZAYOUS, Doyen de la Facult\u00e9 des Sciences ou son repr\u00e9sentant<\/p>\n<p>Participe \u00e0 la F3SCT de service , en qualit\u00e9 de repr\u00e9sentant de l\u2019autorit\u00e9 en mati\u00e8re de gestion des ressources humaines, S\u00e9bastien RAMESH, Directeur du p\u00f4le Ressources Humaines de la facult\u00e9 ou son repr\u00e9sentant.\u00a0<\/p>\n<p>La composition des membres du personnel au sein de la Formation Sp\u00e9cialis\u00e9e de la Facult\u00e9 des Sciences \u00e0 l\u2019Universit\u00e9 Paris cit\u00e9 est fix\u00e9e telle que:<\/p>\n<p><a href=\"https:\/\/wordpress-test.app.u-pariscite.fr\/sciences\/wp-content\/uploads\/sites\/21\/2023\/10\/P%C3%A9rimetre-des-Ingenieurs-PSST-Fac-Sciences-au-3-avril-2023-.pdf\">P\u00e9rim\u00e8tre des Ing\u00e9nieurs PSST Fac Sciences\u00a0<\/a><\/p>\n<p><a href=\"https:\/\/wordpress-test.app.u-pariscite.fr\/sciences\/wp-content\/uploads\/sites\/21\/2023\/10\/2023-09-04_Localisation-des-RDGI.pdf\">2023-09-04_Localisation des RDGI<\/a><\/p>\n<blockquote>\n<p><strong>Liste des repr\u00e9sentants du personnel : \u00ab FSU\u00bb<\/strong><br \/>Rodolphe ALVES DE SOUSA Titulaire<br \/>Cyril CHACON Titulaire\u00a0<br \/>Benoit COLASSON Titulaire<br \/>Eva CABET Suppl\u00e9ante<br \/>Fran\u00e7ois MAUREL Suppl\u00e9ant<br \/>Quentin DENOYELLE Suppl\u00e9ant<\/p>\n<\/blockquote>\n<blockquote>\n<p><strong>Liste des repr\u00e9sentants du personnel : \u00ab CGT FERC SUP \u00bb<\/strong><br \/>Sandra LAFON Titulaire<br \/>Thierry BASTIEN Titulaire<br \/>Emile PETIT Suppl\u00e9ant<br \/>Philippe NIZARD Suppl\u00e9ant<\/p>\n<\/blockquote>\n<blockquote>\n<p><strong>Liste des repr\u00e9sentants des personnels : \u00ab UNSA EDU \u00bb<\/strong><br \/>Val\u00e9rie GAUTIER Titulaire<br \/>St\u00e9phane COLONGES Suppl\u00e9ant<\/p>\n<\/blockquote>\n<blockquote>\n<p><strong>Liste des repr\u00e9sentants des personnels : \u00ab SGEN CFDT\u00bb<\/strong><br \/>Sophie DUBOEUF ROUQUETTE Titulaire<br \/>Clotilde AKPEMADO Suppl\u00e9ante<\/p>\n<\/blockquote>\n<p>[\/et_pb_text][\/et_pb_column][\/et_pb_row][\/et_pb_section]<\/p>\n","protected":false},"excerpt":{"rendered":"<div class=\"et_pb_row et_pb_row_0 et_pb_row_empty\"><\/div>\n<div class=\"et_pb_row et_pb_row_1 et_pb_row_empty\"><\/div>\n<p> La\u00a0 F3SCT de service est pr\u00e9sid\u00e9e par Maximilien CAZAYOUS, Doyen de la Facult\u00e9 des Sciences ou son repr\u00e9sentantParticipe \u00e0 la F3SCT de service , en qualit\u00e9 de repr\u00e9sentant de l\u2019autorit\u00e9 en mati\u00e8re de gestion des ressources humaines, S\u00e9bastien RAMESH, Directeur du p\u00f4le Ressources Humaines de la facult\u00e9 ou son repr\u00e9sentant.\u00a0La composition des membres du&hellip; <a class=\"continue\" href=\"https:\/\/wordpress-test.app.u-pariscite.fr\/sciences\/instances\/elu-es-et-invite-es-de-la-f3sct\/\">Lire la suite<span> Elu.es et invit\u00e9.es de la F3SCT<\/span><\/a><\/p>\n","protected":false},"author":443,"featured_media":0,"parent":119,"menu_order":0,"comment_status":"closed","ping_status":"closed","template":"","meta":{"_et_pb_use_builder":"on","_et_pb_old_content":"","_et_gb_content_width":"","footnotes":""},"class_list":["post-3897","page","type-page","status-publish","hentry"],"_links":{"self":[{"href":"https:\/\/wordpress-test.app.u-pariscite.fr\/sciences\/wp-json\/wp\/v2\/pages\/3897","targetHints":{"allow":["GET"]}}],"collection":[{"href":"https:\/\/wordpress-test.app.u-pariscite.fr\/sciences\/wp-json\/wp\/v2\/pages"}],"about":[{"href":"https:\/\/wordpress-test.app.u-pariscite.fr\/sciences\/wp-json\/wp\/v2\/types\/page"}],"author":[{"embeddable":true,"href":"https:\/\/wordpress-test.app.u-pariscite.fr\/sciences\/wp-json\/wp\/v2\/users\/443"}],"replies":[{"embeddable":true,"href":"https:\/\/wordpress-test.app.u-pariscite.fr\/sciences\/wp-json\/wp\/v2\/comments?post=3897"}],"version-history":[{"count":2,"href":"https:\/\/wordpress-test.app.u-pariscite.fr\/sciences\/wp-json\/wp\/v2\/pages\/3897\/revisions"}],"predecessor-version":[{"id":5422,"href":"https:\/\/wordpress-test.app.u-pariscite.fr\/sciences\/wp-json\/wp\/v2\/pages\/3897\/revisions\/5422"}],"up":[{"embeddable":true,"href":"https:\/\/wordpress-test.app.u-pariscite.fr\/sciences\/wp-json\/wp\/v2\/pages\/119"}],"wp:attachment":[{"href":"https:\/\/wordpress-test.app.u-pariscite.fr\/sciences\/wp-json\/wp\/v2\/media?parent=3897"}],"curies":[{"name":"wp","href":"https:\/\/api.w.org\/{rel}","templated":true}]}}