{"id":3893,"date":"2024-02-01T11:32:25","date_gmt":"2024-02-01T10:32:25","guid":{"rendered":"https:\/\/wordpress-test.app.u-pariscite.fr\/sciences\/?page_id=3893"},"modified":"2024-02-01T11:32:25","modified_gmt":"2024-02-01T10:32:25","slug":"missions-du-f3sct","status":"publish","type":"page","link":"https:\/\/wordpress-test.app.u-pariscite.fr\/sciences\/instances\/missions-du-f3sct\/","title":{"rendered":"Missions du F3SCT"},"content":{"rendered":"<p>[et_pb_section bb_built=\u00a0\u00bb1&Prime; inner_width=\u00a0\u00bbauto\u00a0\u00bb inner_max_width=\u00a0\u00bbnone\u00a0\u00bb][et_pb_row][et_pb_column type=\u00a0\u00bb4_4&Prime;][et_pb_post_title admin_label=\u00a0\u00bbTitre de la page\u00a0\u00bb _builder_version=\u00a0\u00bb3.19.11&Prime; meta=\u00a0\u00bboff\u00a0\u00bb featured_image=\u00a0\u00bboff\u00a0\u00bb \/][\/et_pb_column][\/et_pb_row][et_pb_row][et_pb_column type=\u00a0\u00bb4_4&Prime;][et_pb_text _builder_version=\u00a0\u00bb3.22.1&Prime; text_text_shadow_horizontal_length=\u00a0\u00bbtext_text_shadow_style,%91object Object%93&Prime; text_text_shadow_vertical_length=\u00a0\u00bbtext_text_shadow_style,%91object Object%93&Prime; text_text_shadow_blur_strength=\u00a0\u00bbtext_text_shadow_style,%91object Object%93&Prime; link_text_shadow_horizontal_length=\u00a0\u00bblink_text_shadow_style,%91object Object%93&Prime; link_text_shadow_vertical_length=\u00a0\u00bblink_text_shadow_style,%91object Object%93&Prime; link_text_shadow_blur_strength=\u00a0\u00bblink_text_shadow_style,%91object Object%93&Prime; ul_text_shadow_horizontal_length=\u00a0\u00bbul_text_shadow_style,%91object Object%93&Prime; ul_text_shadow_vertical_length=\u00a0\u00bbul_text_shadow_style,%91object Object%93&Prime; ul_text_shadow_blur_strength=\u00a0\u00bbul_text_shadow_style,%91object Object%93&Prime; ol_text_shadow_horizontal_length=\u00a0\u00bbol_text_shadow_style,%91object Object%93&Prime; ol_text_shadow_vertical_length=\u00a0\u00bbol_text_shadow_style,%91object Object%93&Prime; ol_text_shadow_blur_strength=\u00a0\u00bbol_text_shadow_style,%91object Object%93&Prime; quote_text_shadow_horizontal_length=\u00a0\u00bbquote_text_shadow_style,%91object Object%93&Prime; quote_text_shadow_vertical_length=\u00a0\u00bbquote_text_shadow_style,%91object Object%93&Prime; quote_text_shadow_blur_strength=\u00a0\u00bbquote_text_shadow_style,%91object Object%93&Prime; header_text_shadow_horizontal_length=\u00a0\u00bbheader_text_shadow_style,%91object Object%93&Prime; header_text_shadow_vertical_length=\u00a0\u00bbheader_text_shadow_style,%91object Object%93&Prime; header_text_shadow_blur_strength=\u00a0\u00bbheader_text_shadow_style,%91object Object%93&Prime; header_2_text_shadow_horizontal_length=\u00a0\u00bbheader_2_text_shadow_style,%91object Object%93&Prime; header_2_text_shadow_vertical_length=\u00a0\u00bbheader_2_text_shadow_style,%91object Object%93&Prime; header_2_text_shadow_blur_strength=\u00a0\u00bbheader_2_text_shadow_style,%91object Object%93&Prime; header_3_text_shadow_horizontal_length=\u00a0\u00bbheader_3_text_shadow_style,%91object Object%93&Prime; header_3_text_shadow_vertical_length=\u00a0\u00bbheader_3_text_shadow_style,%91object Object%93&Prime; header_3_text_shadow_blur_strength=\u00a0\u00bbheader_3_text_shadow_style,%91object Object%93&Prime; header_4_text_shadow_horizontal_length=\u00a0\u00bbheader_4_text_shadow_style,%91object Object%93&Prime; header_4_text_shadow_vertical_length=\u00a0\u00bbheader_4_text_shadow_style,%91object Object%93&Prime; header_4_text_shadow_blur_strength=\u00a0\u00bbheader_4_text_shadow_style,%91object Object%93&Prime; header_5_text_shadow_horizontal_length=\u00a0\u00bbheader_5_text_shadow_style,%91object Object%93&Prime; header_5_text_shadow_vertical_length=\u00a0\u00bbheader_5_text_shadow_style,%91object Object%93&Prime; header_5_text_shadow_blur_strength=\u00a0\u00bbheader_5_text_shadow_style,%91object Object%93&Prime; header_6_text_shadow_horizontal_length=\u00a0\u00bbheader_6_text_shadow_style,%91object Object%93&Prime; header_6_text_shadow_vertical_length=\u00a0\u00bbheader_6_text_shadow_style,%91object Object%93&Prime; header_6_text_shadow_blur_strength=\u00a0\u00bbheader_6_text_shadow_style,%91object Object%93&Prime; z_index_tablet=\u00a0\u00bb500&Prime;]<\/p>\n<p>Au sein d\u2019Universit\u00e9 Paris Cit\u00e9, il existe une formation sp\u00e9cialis\u00e9e d\u2019\u00c9tablissement et des formations sp\u00e9cialis\u00e9es de service rattach\u00e9es au Comit\u00e9 social d\u2019administration (CSA) de l\u2019\u00e9tablissement. Ces formations sp\u00e9cialis\u00e9es de service sont au nombre de 4 :<\/p>\n<p>\u2013 Une formation sp\u00e9cialis\u00e9e de service d\u00e9nomm\u00e9e \u00ab FS Services Centraux-services Communs \u00bb<br \/>\u2013 Une formation sp\u00e9cialis\u00e9e de service d\u00e9nomm\u00e9e \u00ab FS Sant\u00e9 \u00bb<br \/>\u2013 Une formation sp\u00e9cialis\u00e9e de service d\u00e9nomm\u00e9e \u00ab FS Sciences \u00bb<br \/>\u2013 Une formation sp\u00e9cialis\u00e9e de service d\u00e9nomm\u00e9e \u00ab FS Soci\u00e9t\u00e9s et Humanit\u00e9s \u00bb<\/p>\n<h2><strong>Les missions des F3SCT<\/strong><\/h2>\n<p>Les formations sp\u00e9cialis\u00e9es sont consult\u00e9es sur :<\/p>\n<ol>\n<li>La teneur de l\u2019ensemble des documents se rattachant \u00e0 sa mission, et notamment des r\u00e8glements et des consignes que l\u2019administration envisage d\u2019adopter en mati\u00e8re de sant\u00e9, de s\u00e9curit\u00e9 et de conditions de travail ;<\/li>\n<li>Les projets de texte, relatifs \u00e0 la protection de la sant\u00e9 physique et mentale, \u00e0 l\u2019hygi\u00e8ne, \u00e0 la s\u00e9curit\u00e9 des agents dans leur travail, \u00e0 l\u2019organisation du travail, au t\u00e9l\u00e9travail, aux enjeux li\u00e9s \u00e0 la d\u00e9connexion et aux dispositifs de r\u00e9gulation de l\u2019utilisation des outils num\u00e9riques, \u00e0 l\u2019am\u00e9lioration des conditions de travail et aux prescriptions l\u00e9gales y aff\u00e9rentes ;<\/li>\n<li>Les projets d\u2019am\u00e9nagements importants modifiant les conditions de sant\u00e9 et de s\u00e9curit\u00e9 ou les conditions de travail et, notamment, avant toute transformation importante des postes de travail d\u00e9coulant de la modification de l\u2019outillage, d\u2019un changement de produit ou de l\u2019organisation du travail, avant toute modification de l\u2019organisation et du temps de travail, des cadences et des normes de productivit\u00e9 li\u00e9es ou non \u00e0 la r\u00e9mun\u00e9ration du travail ;<\/li>\n<li>Les projets importants d\u2019introduction de nouvelles technologies et lors de l\u2019introduction de ces nouvelles technologies, lorsqu\u2019elles sont susceptibles d\u2019avoir des cons\u00e9quences sur la sant\u00e9 et la s\u00e9curit\u00e9 des agents ;<\/li>\n<li>La mise en \u0153uvre des mesures prises en vue de faciliter la mise, la remise ou le maintien au travail des accident\u00e9s du travail et des travailleurs handicap\u00e9s, notamment sur l\u2019am\u00e9nagement des postes de travail.<\/li>\n<\/ol>\n<p>[\/et_pb_text][\/et_pb_column][\/et_pb_row][\/et_pb_section]<\/p>\n","protected":false},"excerpt":{"rendered":"<div class=\"et_pb_row et_pb_row_0 et_pb_row_empty\"><\/div>\n<div class=\"et_pb_row et_pb_row_1 et_pb_row_empty\"><\/div>\n<p> Au sein d\u2019Universit\u00e9 Paris Cit\u00e9, il existe une formation sp\u00e9cialis\u00e9e d\u2019\u00c9tablissement et des formations sp\u00e9cialis\u00e9es de service rattach\u00e9es au Comit\u00e9 social d\u2019administration (CSA) de l\u2019\u00e9tablissement. Ces formations sp\u00e9cialis\u00e9es de service sont au nombre de 4 :\u2013 Une formation sp\u00e9cialis\u00e9e de service d\u00e9nomm\u00e9e \u00ab FS Services Centraux-services Communs \u00bb\u2013 Une formation sp\u00e9cialis\u00e9e de service d\u00e9nomm\u00e9e&hellip; <a class=\"continue\" href=\"https:\/\/wordpress-test.app.u-pariscite.fr\/sciences\/instances\/missions-du-f3sct\/\">Lire la suite<span> Missions du F3SCT<\/span><\/a><\/p>\n","protected":false},"author":443,"featured_media":0,"parent":119,"menu_order":0,"comment_status":"closed","ping_status":"closed","template":"","meta":{"_et_pb_use_builder":"on","_et_pb_old_content":"","_et_gb_content_width":"","footnotes":""},"class_list":["post-3893","page","type-page","status-publish","hentry"],"_links":{"self":[{"href":"https:\/\/wordpress-test.app.u-pariscite.fr\/sciences\/wp-json\/wp\/v2\/pages\/3893","targetHints":{"allow":["GET"]}}],"collection":[{"href":"https:\/\/wordpress-test.app.u-pariscite.fr\/sciences\/wp-json\/wp\/v2\/pages"}],"about":[{"href":"https:\/\/wordpress-test.app.u-pariscite.fr\/sciences\/wp-json\/wp\/v2\/types\/page"}],"author":[{"embeddable":true,"href":"https:\/\/wordpress-test.app.u-pariscite.fr\/sciences\/wp-json\/wp\/v2\/users\/443"}],"replies":[{"embeddable":true,"href":"https:\/\/wordpress-test.app.u-pariscite.fr\/sciences\/wp-json\/wp\/v2\/comments?post=3893"}],"version-history":[{"count":2,"href":"https:\/\/wordpress-test.app.u-pariscite.fr\/sciences\/wp-json\/wp\/v2\/pages\/3893\/revisions"}],"predecessor-version":[{"id":3895,"href":"https:\/\/wordpress-test.app.u-pariscite.fr\/sciences\/wp-json\/wp\/v2\/pages\/3893\/revisions\/3895"}],"up":[{"embeddable":true,"href":"https:\/\/wordpress-test.app.u-pariscite.fr\/sciences\/wp-json\/wp\/v2\/pages\/119"}],"wp:attachment":[{"href":"https:\/\/wordpress-test.app.u-pariscite.fr\/sciences\/wp-json\/wp\/v2\/media?parent=3893"}],"curies":[{"name":"wp","href":"https:\/\/api.w.org\/{rel}","templated":true}]}}