{"id":3873,"date":"2024-02-01T11:18:56","date_gmt":"2024-02-01T10:18:56","guid":{"rendered":"https:\/\/wordpress-test.app.u-pariscite.fr\/sciences\/?page_id=3873"},"modified":"2024-02-01T11:22:11","modified_gmt":"2024-02-01T10:22:11","slug":"attributions-du-cf","status":"publish","type":"page","link":"https:\/\/wordpress-test.app.u-pariscite.fr\/sciences\/instances\/attributions-du-cf\/","title":{"rendered":"Attributions du Conseil de Facult\u00e9"},"content":{"rendered":"<p>[et_pb_section bb_built=\u00a0\u00bb1&Prime; inner_width=\u00a0\u00bbauto\u00a0\u00bb inner_max_width=\u00a0\u00bbnone\u00a0\u00bb][et_pb_row][et_pb_column type=\u00a0\u00bb4_4&Prime;][et_pb_post_title admin_label=\u00a0\u00bbTitre de la page\u00a0\u00bb _builder_version=\u00a0\u00bb3.22.1&Prime; meta=\u00a0\u00bboff\u00a0\u00bb featured_image=\u00a0\u00bboff\u00a0\u00bb \/][\/et_pb_column][\/et_pb_row][et_pb_row][et_pb_column type=\u00a0\u00bb4_4&Prime;][et_pb_text _builder_version=\u00a0\u00bb3.22.1&Prime; module_id=\u00a0\u00bbcontenu\u00a0\u00bb text_text_shadow_horizontal_length=\u00a0\u00bbtext_text_shadow_style,%91object Object%93&Prime; text_text_shadow_vertical_length=\u00a0\u00bbtext_text_shadow_style,%91object Object%93&Prime; text_text_shadow_blur_strength=\u00a0\u00bbtext_text_shadow_style,%91object Object%93&Prime; link_text_shadow_horizontal_length=\u00a0\u00bblink_text_shadow_style,%91object Object%93&Prime; link_text_shadow_vertical_length=\u00a0\u00bblink_text_shadow_style,%91object Object%93&Prime; link_text_shadow_blur_strength=\u00a0\u00bblink_text_shadow_style,%91object Object%93&Prime; ul_text_shadow_horizontal_length=\u00a0\u00bbul_text_shadow_style,%91object Object%93&Prime; ul_text_shadow_vertical_length=\u00a0\u00bbul_text_shadow_style,%91object Object%93&Prime; ul_text_shadow_blur_strength=\u00a0\u00bbul_text_shadow_style,%91object Object%93&Prime; ol_text_shadow_horizontal_length=\u00a0\u00bbol_text_shadow_style,%91object Object%93&Prime; ol_text_shadow_vertical_length=\u00a0\u00bbol_text_shadow_style,%91object Object%93&Prime; ol_text_shadow_blur_strength=\u00a0\u00bbol_text_shadow_style,%91object Object%93&Prime; quote_text_shadow_horizontal_length=\u00a0\u00bbquote_text_shadow_style,%91object Object%93&Prime; quote_text_shadow_vertical_length=\u00a0\u00bbquote_text_shadow_style,%91object Object%93&Prime; quote_text_shadow_blur_strength=\u00a0\u00bbquote_text_shadow_style,%91object Object%93&Prime; header_text_shadow_horizontal_length=\u00a0\u00bbheader_text_shadow_style,%91object Object%93&Prime; header_text_shadow_vertical_length=\u00a0\u00bbheader_text_shadow_style,%91object Object%93&Prime; header_text_shadow_blur_strength=\u00a0\u00bbheader_text_shadow_style,%91object Object%93&Prime; header_2_text_shadow_horizontal_length=\u00a0\u00bbheader_2_text_shadow_style,%91object Object%93&Prime; header_2_text_shadow_vertical_length=\u00a0\u00bbheader_2_text_shadow_style,%91object Object%93&Prime; header_2_text_shadow_blur_strength=\u00a0\u00bbheader_2_text_shadow_style,%91object Object%93&Prime; header_3_text_shadow_horizontal_length=\u00a0\u00bbheader_3_text_shadow_style,%91object Object%93&Prime; header_3_text_shadow_vertical_length=\u00a0\u00bbheader_3_text_shadow_style,%91object Object%93&Prime; header_3_text_shadow_blur_strength=\u00a0\u00bbheader_3_text_shadow_style,%91object Object%93&Prime; header_4_text_shadow_horizontal_length=\u00a0\u00bbheader_4_text_shadow_style,%91object Object%93&Prime; header_4_text_shadow_vertical_length=\u00a0\u00bbheader_4_text_shadow_style,%91object Object%93&Prime; header_4_text_shadow_blur_strength=\u00a0\u00bbheader_4_text_shadow_style,%91object Object%93&Prime; header_5_text_shadow_horizontal_length=\u00a0\u00bbheader_5_text_shadow_style,%91object Object%93&Prime; header_5_text_shadow_vertical_length=\u00a0\u00bbheader_5_text_shadow_style,%91object Object%93&Prime; header_5_text_shadow_blur_strength=\u00a0\u00bbheader_5_text_shadow_style,%91object Object%93&Prime; header_6_text_shadow_horizontal_length=\u00a0\u00bbheader_6_text_shadow_style,%91object Object%93&Prime; header_6_text_shadow_vertical_length=\u00a0\u00bbheader_6_text_shadow_style,%91object Object%93&Prime; header_6_text_shadow_blur_strength=\u00a0\u00bbheader_6_text_shadow_style,%91object Object%93&Prime; z_index_tablet=\u00a0\u00bb500&Prime;]<\/p>\n<div class=\"page\" title=\"Page 1\">\n<div class=\"layoutArea\">\n<div class=\"column\">\n<p>Le conseil de facult\u00e9 exerce les attributions suivantes :<\/p>\n<p>1. Il vote le projet de contrat d\u2019objectifs et de moyens soumis \u00e0 l\u2019approbation du s\u00e9nat acad\u00e9mique ;<br \/>2. Il participe \u00e0 l\u2019\u00e9laboration de la politique g\u00e9n\u00e9rale de formation, de recherche de l\u2019\u00e9tablissement et \u00e0 la mise en oeuvre de la vie de campus ;<br \/>3. Il examine et approuve, dans le respect du contrat d\u2019objectifs et de moyens et dans la limite des ressources allou\u00e9es, le projet de budget de la facult\u00e9 qui est soumis \u00e0 l\u2019avis du s\u00e9nat acad\u00e9mique et au vote du conseil d\u2019administration ;<br \/>4. Il d\u00e9finit sa politique de gestion des ressources budg\u00e9taires, dont notamment la r\u00e9partition des enveloppes respectivement allou\u00e9es \u00e0 la formation et \u00e0 la recherche en tenant compte des r\u00e8gles de r\u00e9partition fix\u00e9es par le s\u00e9nat acad\u00e9mique ;<br \/>5. Il vote les statuts de la facult\u00e9 soumis \u00e0 l\u2019approbation du conseil d\u2019administration ;<br \/>6. Il adopte et modifie le r\u00e8glement int\u00e9rieur de la facult\u00e9 apr\u00e8s avis de l\u2019ensemble des directeurs de composantes internes \u00e0 la facult\u00e9 ;<br \/>7. Il rend un avis sur les statuts des composantes internes \u00e0 la facult\u00e9, propos\u00e9s par les conseils de gestion des composantes internes avant approbation par le s\u00e9nat acad\u00e9mique ;<br \/>8. Il approuve le r\u00e8glement int\u00e9rieur des composantes internes \u00e0 la facult\u00e9 ;<br \/>9. Il approuve le r\u00e8glement int\u00e9rieur des structures de recherche vot\u00e9 par leurs conseils et \u00e9tabli dans le respect du cadre fix\u00e9 par le s\u00e9nat acad\u00e9mique ;<br \/>10. Il rend un avis sur la proposition de cr\u00e9ation ou de suppression d\u2019une composante interne \u00e0 la facult\u00e9 ;<br \/>11. Il rend un avis sur la cr\u00e9ation de structures de recherche ;<br \/>12. Il approuve l\u2019offre de formation sur proposition de la commission formation du conseil acad\u00e9mique ;<br \/>13. Il approuve le bilan des actions de formation continue ;<br \/>14. Il adopte les politiques de tarification des formations autres que celles qui d\u00e9livrent un dipl\u00f4me national, dans le respect du cadre \u00e9tabli par le s\u00e9nat acad\u00e9mique ;<br \/>15. Il adopte la composition des commissions ad hoc propos\u00e9es par le doyen ;<br \/>16. Il pr\u00e9pare le projet d\u2019accr\u00e9ditation pour les formations le concernant, accompagn\u00e9 du volet relatif \u00e0 leur soutenabilit\u00e9 ;<br \/>17. Il adopte les mesures de qualit\u00e9 et de sant\u00e9 au travail de ses personnels, en concertation avec les CHSCT (CHSCT central et sp\u00e9ciaux) ;<br \/>18. Il approuve le profil et la r\u00e9partition des postes d\u2019enseignants-chercheurs et personnels assimil\u00e9s et d\u2019enseignants ouverts au recrutement au sein de la facult\u00e9, sur proposition de la commission des postes et RH ;<br \/>19. Il approuve le profil et la r\u00e9partition des postes de personnels des biblioth\u00e8ques, ing\u00e9nieurs, administratifs et techniques ouverts au recrutement au sein de la facult\u00e9, sur proposition de la commission des postes et RH ;<br \/>20. Le conseil est inform\u00e9 de la r\u00e9partition des services des enseignants et des enseignants-chercheurs et il \u00e9met des propositions pour une politique d\u2019harmonisation des services, en s\u2019appuyant sur les commissions des postes et des moyens ;<br \/>21. Le conseil de facult\u00e9 approuve les accords et conventions pour lesquels il a re\u00e7u d\u00e9l\u00e9gation du s\u00e9nat acad\u00e9mique ;<br \/>22. Il d\u00e9signe ses repr\u00e9sentants au sein des conseils de facult\u00e9 des facult\u00e9s Soci\u00e9t\u00e9s et Humanit\u00e9s et sant\u00e9.<\/p>\n<\/div>\n<\/div>\n<\/div>\n<p>[\/et_pb_text][\/et_pb_column][\/et_pb_row][\/et_pb_section]<\/p>\n","protected":false},"excerpt":{"rendered":"<div class=\"et_pb_row et_pb_row_0 et_pb_row_empty\"><\/div>\n<div class=\"et_pb_row et_pb_row_1 et_pb_row_empty\"><\/div>\n<p> Le conseil de facult\u00e9 exerce les attributions suivantes : 1. Il vote le projet de contrat d\u2019objectifs et de moyens soumis \u00e0 l\u2019approbation du s\u00e9nat acad\u00e9mique ;2. Il participe \u00e0 l\u2019\u00e9laboration de la politique g\u00e9n\u00e9rale de formation, de recherche de l\u2019\u00e9tablissement et \u00e0 la mise en oeuvre de la vie de campus ;3. Il&hellip; <a class=\"continue\" href=\"https:\/\/wordpress-test.app.u-pariscite.fr\/sciences\/instances\/attributions-du-cf\/\">Lire la suite<span> Attributions du Conseil de Facult\u00e9<\/span><\/a><\/p>\n","protected":false},"author":443,"featured_media":0,"parent":119,"menu_order":0,"comment_status":"closed","ping_status":"closed","template":"","meta":{"_et_pb_use_builder":"on","_et_pb_old_content":"","_et_gb_content_width":"","footnotes":""},"class_list":["post-3873","page","type-page","status-publish","hentry"],"_links":{"self":[{"href":"https:\/\/wordpress-test.app.u-pariscite.fr\/sciences\/wp-json\/wp\/v2\/pages\/3873","targetHints":{"allow":["GET"]}}],"collection":[{"href":"https:\/\/wordpress-test.app.u-pariscite.fr\/sciences\/wp-json\/wp\/v2\/pages"}],"about":[{"href":"https:\/\/wordpress-test.app.u-pariscite.fr\/sciences\/wp-json\/wp\/v2\/types\/page"}],"author":[{"embeddable":true,"href":"https:\/\/wordpress-test.app.u-pariscite.fr\/sciences\/wp-json\/wp\/v2\/users\/443"}],"replies":[{"embeddable":true,"href":"https:\/\/wordpress-test.app.u-pariscite.fr\/sciences\/wp-json\/wp\/v2\/comments?post=3873"}],"version-history":[{"count":5,"href":"https:\/\/wordpress-test.app.u-pariscite.fr\/sciences\/wp-json\/wp\/v2\/pages\/3873\/revisions"}],"predecessor-version":[{"id":3881,"href":"https:\/\/wordpress-test.app.u-pariscite.fr\/sciences\/wp-json\/wp\/v2\/pages\/3873\/revisions\/3881"}],"up":[{"embeddable":true,"href":"https:\/\/wordpress-test.app.u-pariscite.fr\/sciences\/wp-json\/wp\/v2\/pages\/119"}],"wp:attachment":[{"href":"https:\/\/wordpress-test.app.u-pariscite.fr\/sciences\/wp-json\/wp\/v2\/media?parent=3873"}],"curies":[{"name":"wp","href":"https:\/\/api.w.org\/{rel}","templated":true}]}}