{"id":324,"date":"2020-07-18T00:16:40","date_gmt":"2020-07-17T22:16:40","guid":{"rendered":"https:\/\/wordpress-test.app.u-pariscite.fr\/sciences\/?page_id=324"},"modified":"2024-03-04T17:01:47","modified_gmt":"2024-03-04T16:01:47","slug":"composantes","status":"publish","type":"page","link":"https:\/\/wordpress-test.app.u-pariscite.fr\/sciences\/composantes\/","title":{"rendered":"Composantes"},"content":{"rendered":"<p>[et_pb_section bb_built=\u00a0\u00bb1&Prime; _builder_version=\u00a0\u00bb3.22&Prime; next_background_color=\u00a0\u00bb#000000&Prime;][et_pb_row _builder_version=\u00a0\u00bb3.22&Prime; background_size=\u00a0\u00bbinitial\u00a0\u00bb background_position=\u00a0\u00bbtop_left\u00a0\u00bb background_repeat=\u00a0\u00bbrepeat\u00a0\u00bb][et_pb_column type=\u00a0\u00bb4_4&Prime;][et_pb_post_title admin_label=\u00a0\u00bbTitre de la page\u00a0\u00bb meta=\u00a0\u00bboff\u00a0\u00bb featured_image=\u00a0\u00bboff\u00a0\u00bb _builder_version=\u00a0\u00bb3.19.11&Prime;]<\/p>\n<p>[\/et_pb_post_title][\/et_pb_column][\/et_pb_row][et_pb_row _builder_version=\u00a0\u00bb3.22&Prime; background_size=\u00a0\u00bbinitial\u00a0\u00bb background_position=\u00a0\u00bbtop_left\u00a0\u00bb background_repeat=\u00a0\u00bbrepeat\u00a0\u00bb][et_pb_column type=\u00a0\u00bb3_4&Prime;][et_pb_text admin_label=\u00a0\u00bbIntro\u00a0\u00bb module_id=\u00a0\u00bbintro\u00a0\u00bb _builder_version=\u00a0\u00bb3.22.1&Prime; z_index_tablet=\u00a0\u00bb500&Prime;]<\/p>\n<p>La Facult\u00e9 des Sciences d\u2019Universit\u00e9 Paris Cit\u00e9 rassemble neuf composantes.<\/p>\n<p>[\/et_pb_text][\/et_pb_column][et_pb_column type=\u00a0\u00bb1_4&Prime;][\/et_pb_column][\/et_pb_row][et_pb_row module_id=\u00a0\u00bbimage-page-type\u00a0\u00bb _builder_version=\u00a0\u00bb3.22&Prime;][et_pb_column type=\u00a0\u00bb3_4&Prime;][et_pb_image admin_label=\u00a0\u00bbImage 1920 x 1080&Prime; src=\u00a0\u00bbhttps:\/\/wordpress-test.app.u-pariscite.fr\/sciences\/wp-content\/uploads\/sites\/21\/2020\/07\/lavoisier.jpg\u00a0\u00bb module_id=\u00a0\u00bbimage-page\u00a0\u00bb _builder_version=\u00a0\u00bb3.22.1&Prime; z_index_tablet=\u00a0\u00bb500&Prime;]<\/p>\n<p>[\/et_pb_image][\/et_pb_column][et_pb_column type=\u00a0\u00bb1_4&Prime;][et_pb_text admin_label=\u00a0\u00bbTexte image\u00a0\u00bb module_id=\u00a0\u00bbtexte-image\u00a0\u00bb _builder_version=\u00a0\u00bb3.22.1&Prime; custom_margin=\u00a0\u00bb|-15px||\u00a0\u00bb z_index_tablet=\u00a0\u00bb500&Prime;]<\/p>\n<p>B\u00e2timent Lavoisier &#8211; UFR de Chimie<\/p>\n<p>[\/et_pb_text][\/et_pb_column][\/et_pb_row][et_pb_row _builder_version=\u00a0\u00bb3.22&Prime; background_size=\u00a0\u00bbinitial\u00a0\u00bb background_position=\u00a0\u00bbtop_left\u00a0\u00bb background_repeat=\u00a0\u00bbrepeat\u00a0\u00bb][et_pb_column type=\u00a0\u00bb4_4&Prime;][et_pb_text admin_label=\u00a0\u00bbl\u00e9gende\u00a0\u00bb module_id=\u00a0\u00bblegende\u00a0\u00bb _builder_version=\u00a0\u00bb3.22.1&Prime; z_index_tablet=\u00a0\u00bb500&Prime;]<\/p>\n<div class=\"page\" title=\"Page 1\">\n<div class=\"layoutArea\">\n<div class=\"column\">\n<p>\u00a9 Universit\u00e9 Paris Cit\u00e9\u00a0<\/p>\n<\/div>\n<\/div>\n<\/div>\n<p>[\/et_pb_text][\/et_pb_column][\/et_pb_row][et_pb_row _builder_version=\u00a0\u00bb3.22&Prime; background_size=\u00a0\u00bbinitial\u00a0\u00bb background_position=\u00a0\u00bbtop_left\u00a0\u00bb background_repeat=\u00a0\u00bbrepeat\u00a0\u00bb][et_pb_column type=\u00a0\u00bb3_4&Prime;][et_pb_text module_id=\u00a0\u00bbcontenu\u00a0\u00bb _builder_version=\u00a0\u00bb3.19.11&Prime;]<\/p>\n<p>[\/et_pb_text][et_pb_toggle admin_label=\u00a0\u00bbEcole d&rsquo;ing\u00e9nieur Denis Diderot (EIDD)\u00a0\u00bb title=\u00a0\u00bbEcole d&rsquo;ing\u00e9nieur Denis Diderot (EIDD)\u00a0\u00bb _builder_version=\u00a0\u00bb3.22.1&Prime; z_index_tablet=\u00a0\u00bb500&Prime;]<\/p>\n<p><span style=\"font-weight: 400\">Adresse : B\u00e2timent Olympe de Gouges &#8211; <\/span><span style=\"font-weight: 400\">8 place Paul Ricoeur, 75013 Paris<\/span><span style=\"font-weight: 400\"><br \/><\/span><span style=\"font-weight: 400\">Directrice : Angela Vasanelli<br \/><\/span><span style=\"font-weight: 400\">Responsable administrative : Isabelle Lambert<\/span><\/p>\n<p><span style=\"font-weight: 400\"><a href=\"https:\/\/wordpress-test.app.u-pariscite.fr\/eidd\/\" target=\"_blank\" rel=\"noopener noreferrer\">Site web<\/a><\/span><\/p>\n<p>[\/et_pb_toggle][et_pb_toggle admin_label=\u00a0\u00bbUFR Sciences Fondamentales et Biom\u00e9dicales\u00a0\u00bb title=\u00a0\u00bbUFR Sciences Fondamentales et Biom\u00e9dicales\u00a0\u00bb _builder_version=\u00a0\u00bb3.22.1&Prime; z_index_tablet=\u00a0\u00bb500&Prime; text_shadow_horizontal_length=\u00a0\u00bbtext_shadow_style,%91object Object%93&Prime; text_shadow_vertical_length=\u00a0\u00bbtext_shadow_style,%91object Object%93&Prime; text_shadow_blur_strength=\u00a0\u00bbtext_shadow_style,%91object Object%93&Prime; title_text_shadow_horizontal_length=\u00a0\u00bbtitle_text_shadow_style,%91object Object%93&Prime; title_text_shadow_vertical_length=\u00a0\u00bbtitle_text_shadow_style,%91object Object%93&Prime; title_text_shadow_blur_strength=\u00a0\u00bbtitle_text_shadow_style,%91object Object%93&Prime; body_text_shadow_horizontal_length=\u00a0\u00bbbody_text_shadow_style,%91object Object%93&Prime; body_text_shadow_vertical_length=\u00a0\u00bbbody_text_shadow_style,%91object Object%93&Prime; body_text_shadow_blur_strength=\u00a0\u00bbbody_text_shadow_style,%91object Object%93&Prime;]<\/p>\n<p><span style=\"font-weight: 400\">Adresse :\u00a0<\/span><span style=\"font-weight: 400\">Campus Saint-Germain-des-Pr\u00e9s &#8211; 45 rue des Saints-P\u00e8res, 75006 Paris<\/span><span style=\"font-weight: 400\"><br \/><\/span><span style=\"font-weight: 400\">Directeur d&rsquo;UFR : Fr\u00e9d\u00e9ric Charbonnier<br \/><\/span><span style=\"font-weight: 400\">Responsable administrative : Flora Blanchard<\/span><\/p>\n<p><span style=\"font-weight: 400\"><a href=\"https:\/\/www.biomedicale.parisdescartes.fr\" target=\"_blank\" rel=\"noopener noreferrer\">Site web<\/a><\/span><\/p>\n<p>[\/et_pb_toggle][et_pb_toggle admin_label=\u00a0\u00bbInstitut universitaire de technologie &#8211; IUT Paris Pajol\u00a0\u00bb title=\u00a0\u00bbInstitut universitaire de technologie &#8211; IUT de Paris Pajol\u00a0\u00bb _builder_version=\u00a0\u00bb3.22.1&Prime; z_index_tablet=\u00a0\u00bb500&Prime;]<\/p>\n<p><span style=\"font-weight: 400\">Adresse : <\/span><span style=\"font-weight: 400\">20 quater rue du d\u00e9partement, 75018 Paris<\/span><span style=\"font-weight: 400\"><br \/><\/span><span style=\"font-weight: 400\">Directeur : <\/span><span style=\"font-weight: 400\">Steeve Reisberg<br \/><\/span><span style=\"font-weight: 400\">Responsable administrative : Corinne Tissot<\/span><\/p>\n<p><span style=\"font-weight: 400\"><a href=\"https:\/\/iut.univ-paris-diderot.fr\" target=\"_blank\" rel=\"noopener noreferrer\">Site web<\/a><\/span><\/p>\n<p>[\/et_pb_toggle][et_pb_toggle admin_label=\u00a0\u00bbUFR Chimie\u00a0\u00bb title=\u00a0\u00bbUFR Chimie\u00a0\u00bb _builder_version=\u00a0\u00bb3.22.1&Prime; z_index_tablet=\u00a0\u00bb500&Prime; text_shadow_horizontal_length=\u00a0\u00bbtext_shadow_style,%91object Object%93&Prime; text_shadow_vertical_length=\u00a0\u00bbtext_shadow_style,%91object Object%93&Prime; text_shadow_blur_strength=\u00a0\u00bbtext_shadow_style,%91object Object%93&Prime; title_text_shadow_horizontal_length=\u00a0\u00bbtitle_text_shadow_style,%91object Object%93&Prime; title_text_shadow_vertical_length=\u00a0\u00bbtitle_text_shadow_style,%91object Object%93&Prime; title_text_shadow_blur_strength=\u00a0\u00bbtitle_text_shadow_style,%91object Object%93&Prime; body_text_shadow_horizontal_length=\u00a0\u00bbbody_text_shadow_style,%91object Object%93&Prime; body_text_shadow_vertical_length=\u00a0\u00bbbody_text_shadow_style,%91object Object%93&Prime; body_text_shadow_blur_strength=\u00a0\u00bbbody_text_shadow_style,%91object Object%93&Prime;]<\/p>\n<p><span style=\"font-weight: 400\">Adresse : <\/span><span style=\"font-weight: 400\">B\u00e2timent Lavoisier &#8211; 15 Rue Jean Antoine de Ba\u00eff, <\/span><span style=\"font-weight: 400\">75013 Paris<\/span><span style=\"font-weight: 400\"><br \/><\/span><span style=\"font-weight: 400\">Directeur d\u2019UFR : Jean-Christophe Lacroix<br \/><\/span><span style=\"font-weight: 400\">Responsable administratif : <\/span><span style=\"font-weight: 400\">Franck Morice<\/span><\/p>\n<p><span style=\"font-weight: 400\"><a href=\"http:\/\/www.chimie.univ-paris-diderot.fr\/fr\/\" target=\"_blank\" rel=\"noopener noreferrer\">Site web<\/a><\/span><\/p>\n<p>[\/et_pb_toggle][et_pb_toggle admin_label=\u00a0\u00bbUFR Informatique\u00a0\u00bb title=\u00a0\u00bbUFR Informatique\u00a0\u00bb _builder_version=\u00a0\u00bb3.22.1&Prime; z_index_tablet=\u00a0\u00bb500&Prime; text_shadow_horizontal_length=\u00a0\u00bbtext_shadow_style,%91object Object%93&Prime; text_shadow_vertical_length=\u00a0\u00bbtext_shadow_style,%91object Object%93&Prime; text_shadow_blur_strength=\u00a0\u00bbtext_shadow_style,%91object Object%93&Prime; title_text_shadow_horizontal_length=\u00a0\u00bbtitle_text_shadow_style,%91object Object%93&Prime; title_text_shadow_vertical_length=\u00a0\u00bbtitle_text_shadow_style,%91object Object%93&Prime; title_text_shadow_blur_strength=\u00a0\u00bbtitle_text_shadow_style,%91object Object%93&Prime; body_text_shadow_horizontal_length=\u00a0\u00bbbody_text_shadow_style,%91object Object%93&Prime; body_text_shadow_vertical_length=\u00a0\u00bbbody_text_shadow_style,%91object Object%93&Prime; body_text_shadow_blur_strength=\u00a0\u00bbbody_text_shadow_style,%91object Object%93&Prime;]<\/p>\n<p>\n<span style=\"font-weight: 400\">Adresse : <\/span><span style=\"font-weight: 400\">B\u00e2timent Sophie Germain &#8211; 8 place Aur\u00e9lie Nemours, 75013 <\/span><span style=\"font-weight: 400\">Paris<\/span><span style=\"font-weight: 400\"><br \/><\/span><span style=\"font-weight: 400\">Directrice d&rsquo;UFR : <\/span><span style=\"font-weight: 400\">Carole Delporte<br \/><\/span><span style=\"font-weight: 400\">Responsable administratif : <\/span><span style=\"font-weight: 400\">Thomas Beraud<\/span><\/p>\n<p><span style=\"font-weight: 400\"><a href=\"http:\/\/www.informatique.univ-paris-diderot.fr\/\" target=\"_blank\" rel=\"noopener noreferrer\">Site web<\/a><\/span><\/p>\n<p>[\/et_pb_toggle][et_pb_toggle admin_label=\u00a0\u00bbUFR Math\u00e9matiques\u00a0\u00bb title=\u00a0\u00bbUFR Math\u00e9matiques\u00a0\u00bb _builder_version=\u00a0\u00bb3.22.1&Prime; z_index_tablet=\u00a0\u00bb500&Prime;]<\/p>\n<p><span style=\"font-weight: 400\">Adresse : <\/span><span style=\"font-weight: 400\">B\u00e2timent Sophie Germain &#8211; 8 place Aur\u00e9lie Nemours, 75013 <\/span><span style=\"font-weight: 400\">Paris<\/span><span style=\"font-weight: 400\"><br \/><\/span><span style=\"font-weight: 400\">Directeur d\u2019UFR : Xavier Blanc<br \/>Directeur adjoint : David G\u00e9rard-Varet<br \/>Responsable administrative : Dominique Brena<\/span><\/p>\n<p><span style=\"font-weight: 400\"><a href=\"http:\/\/www.math.univ-paris-diderot.fr\/\" target=\"_blank\" rel=\"noopener noreferrer\">Site web<\/a><\/span><\/p>\n<p>[\/et_pb_toggle][et_pb_toggle admin_label=\u00a0\u00bbUFR de Math\u00e9matiques et informatique\u00a0\u00bb title=\u00a0\u00bbUFR de Math\u00e9matiques et Informatique\u00a0\u00bb _builder_version=\u00a0\u00bb3.22.1&Prime; z_index_tablet=\u00a0\u00bb500&Prime;]<\/p>\n<p><span style=\"font-weight: 400\">Adresse :\u00a0<\/span><span style=\"font-weight: 400\">Campus Saint-Germain-des-Pr\u00e9s &#8211; 45 rue des Saints-P\u00e8res, 75006 Paris<\/span><span style=\"font-weight: 400\"><br \/><\/span><span style=\"font-weight: 400\">Directeur d\u2019UFR : <\/span><span style=\"font-weight: 400\">David JANISZEK<br \/><\/span><span style=\"font-weight: 400\">Responsable administratif : <\/span><span style=\"font-weight: 400\">Augustin HANGAT<\/span><\/p>\n<p><span style=\"font-weight: 400\"><a href=\"https:\/\/www.mi.parisdescartes.fr\/\" target=\"_blank\" rel=\"noopener noreferrer\">Site web<\/a><\/span><\/p>\n<p>[\/et_pb_toggle][et_pb_toggle admin_label=\u00a0\u00bbUFR Physique\u00a0\u00bb title=\u00a0\u00bbUFR Physique\u00a0\u00bb _builder_version=\u00a0\u00bb3.22.1&Prime; z_index_tablet=\u00a0\u00bb500&Prime; text_shadow_horizontal_length=\u00a0\u00bbtext_shadow_style,%91object Object%93&Prime; text_shadow_vertical_length=\u00a0\u00bbtext_shadow_style,%91object Object%93&Prime; text_shadow_blur_strength=\u00a0\u00bbtext_shadow_style,%91object Object%93&Prime; title_text_shadow_horizontal_length=\u00a0\u00bbtitle_text_shadow_style,%91object Object%93&Prime; title_text_shadow_vertical_length=\u00a0\u00bbtitle_text_shadow_style,%91object Object%93&Prime; title_text_shadow_blur_strength=\u00a0\u00bbtitle_text_shadow_style,%91object Object%93&Prime; body_text_shadow_horizontal_length=\u00a0\u00bbbody_text_shadow_style,%91object Object%93&Prime; body_text_shadow_vertical_length=\u00a0\u00bbbody_text_shadow_style,%91object Object%93&Prime; body_text_shadow_blur_strength=\u00a0\u00bbbody_text_shadow_style,%91object Object%93&Prime;]<\/p>\n<p><span style=\"font-weight: 400\">Adresse : <\/span><span style=\"font-weight: 400\">B\u00e2timent Condorcet &#8211; 4 rue Elsa Morante, <\/span><span style=\"font-weight: 400\">75013 Paris<\/span><span style=\"font-weight: 400\"><br \/><\/span><span style=\"font-weight: 400\">Directeur d\u2019UFR : Atef Asnacios<\/span><span style=\"font-weight: 400\"><br \/><\/span><span style=\"font-weight: 400\">Responsable administrative : Farida Ait-Hamoudi<br \/>Responsable administrative adjointe : Isabelle Andr\u00e9<br \/><\/span><\/p>\n<p><span style=\"font-weight: 400\"><a href=\"https:\/\/physique.univ-paris-diderot.fr\" target=\"_blank\" rel=\"noopener noreferrer\">Site web<\/a><\/span><\/p>\n<p>[\/et_pb_toggle][et_pb_toggle admin_label=\u00a0\u00bbUFR Sciences du vivant (SDV)\u00a0\u00bb title=\u00a0\u00bbUFR Sciences du vivant (SDV)\u00a0\u00bb _builder_version=\u00a0\u00bb3.22.1&Prime; z_index_tablet=\u00a0\u00bb500&Prime; text_shadow_horizontal_length=\u00a0\u00bbtext_shadow_style,%91object Object%93&Prime; text_shadow_vertical_length=\u00a0\u00bbtext_shadow_style,%91object Object%93&Prime; text_shadow_blur_strength=\u00a0\u00bbtext_shadow_style,%91object Object%93&Prime; title_text_shadow_horizontal_length=\u00a0\u00bbtitle_text_shadow_style,%91object Object%93&Prime; title_text_shadow_vertical_length=\u00a0\u00bbtitle_text_shadow_style,%91object Object%93&Prime; title_text_shadow_blur_strength=\u00a0\u00bbtitle_text_shadow_style,%91object Object%93&Prime; body_text_shadow_horizontal_length=\u00a0\u00bbbody_text_shadow_style,%91object Object%93&Prime; body_text_shadow_vertical_length=\u00a0\u00bbbody_text_shadow_style,%91object Object%93&Prime; body_text_shadow_blur_strength=\u00a0\u00bbbody_text_shadow_style,%91object Object%93&Prime;]<\/p>\n<p><span style=\"font-weight: 400\">Adresse : <\/span><span style=\"font-weight: 400\">35 Rue H\u00e9l\u00e8ne Brion, <\/span><span style=\"font-weight: 400\">75013 Paris<\/span><br \/><span style=\"font-weight: 400\">Directrice d\u2019UFR : India Leclercq\u00a0<br \/><\/span><span style=\"font-weight: 400\">Responsable administratif :\u00a0<\/span><span style=\"font-weight: 400\"><br \/>Responsable administrative adjointe : Sylvie Lefebvre<\/span><\/p>\n<p><a href=\"https:\/\/wordpress-test.app.u-pariscite.fr\/sdv\/\" target=\"_blank\" rel=\"noopener noreferrer\">Site web<\/a><\/p>\n<p>[\/et_pb_toggle][\/et_pb_column][et_pb_column type=\u00a0\u00bb1_4&Prime;][\/et_pb_column][\/et_pb_row][\/et_pb_section][et_pb_section bb_built=\u00a0\u00bb1&Prime; _builder_version=\u00a0\u00bb3.22&Prime; custom_padding=\u00a0\u00bb0px||0px|\u00a0\u00bb prev_background_color=\u00a0\u00bb#000000&Prime;][et_pb_row _builder_version=\u00a0\u00bb3.22&Prime;][et_pb_column type=\u00a0\u00bb4_4&Prime;][et_pb_text admin_label=\u00a0\u00bb\u00c0 lire aussi\u00a0\u00bb _builder_version=\u00a0\u00bb3.21&Prime;]<\/p>\n<h2><span class=\"st\">\u00c0<\/span> lire aussi<\/h2>\n<p>[\/et_pb_text][et_pb_blog posts_number=\u00a0\u00bb4&Prime; include_categories=\u00a0\u00bb13&Prime; show_author=\u00a0\u00bboff\u00a0\u00bb show_date=\u00a0\u00bboff\u00a0\u00bb show_pagination=\u00a0\u00bboff\u00a0\u00bb module_id=\u00a0\u00bbpage_type_blog\u00a0\u00bb _builder_version=\u00a0\u00bb3.21&Prime; header_level=\u00a0\u00bbh4&Prime; border_width_bottom_fullwidth=\u00a0\u00bb1px\u00a0\u00bb border_color_bottom_fullwidth=\u00a0\u00bbrgba(51,51,51,0.18)\u00a0\u00bb custom_padding=\u00a0\u00bb||50px|\u00a0\u00bb]<\/p>\n<p>[\/et_pb_blog][\/et_pb_column][\/et_pb_row][\/et_pb_section]<\/p>\n","protected":false},"excerpt":{"rendered":"<p>La Facult\u00e9 des Sciences d\u2019Universit\u00e9 Paris Cit\u00e9 rassemble neuf composantes. B\u00e2timent Lavoisier &#8211; UFR de Chimie \u00a9 Universit\u00e9 Paris Cit\u00e9\u00a0 Adresse : B\u00e2timent Olympe de Gouges &#8211; 8 place Paul Ricoeur, 75013 ParisDirectrice : Angela VasanelliResponsable administrative : Isabelle Lambert Site web Adresse :\u00a0Campus Saint-Germain-des-Pr\u00e9s &#8211; 45 rue des Saints-P\u00e8res, 75006 ParisDirecteur d&rsquo;UFR : Fr\u00e9d\u00e9ric&hellip; <a class=\"continue\" href=\"https:\/\/wordpress-test.app.u-pariscite.fr\/sciences\/composantes\/\">Lire la suite<span> Composantes<\/span><\/a><\/p>\n","protected":false},"author":13,"featured_media":0,"parent":0,"menu_order":0,"comment_status":"closed","ping_status":"closed","template":"","meta":{"_et_pb_use_builder":"on","_et_pb_old_content":"","_et_gb_content_width":"","footnotes":""},"class_list":["post-324","page","type-page","status-publish","hentry"],"_links":{"self":[{"href":"https:\/\/wordpress-test.app.u-pariscite.fr\/sciences\/wp-json\/wp\/v2\/pages\/324","targetHints":{"allow":["GET"]}}],"collection":[{"href":"https:\/\/wordpress-test.app.u-pariscite.fr\/sciences\/wp-json\/wp\/v2\/pages"}],"about":[{"href":"https:\/\/wordpress-test.app.u-pariscite.fr\/sciences\/wp-json\/wp\/v2\/types\/page"}],"author":[{"embeddable":true,"href":"https:\/\/wordpress-test.app.u-pariscite.fr\/sciences\/wp-json\/wp\/v2\/users\/13"}],"replies":[{"embeddable":true,"href":"https:\/\/wordpress-test.app.u-pariscite.fr\/sciences\/wp-json\/wp\/v2\/comments?post=324"}],"version-history":[{"count":54,"href":"https:\/\/wordpress-test.app.u-pariscite.fr\/sciences\/wp-json\/wp\/v2\/pages\/324\/revisions"}],"predecessor-version":[{"id":4055,"href":"https:\/\/wordpress-test.app.u-pariscite.fr\/sciences\/wp-json\/wp\/v2\/pages\/324\/revisions\/4055"}],"wp:attachment":[{"href":"https:\/\/wordpress-test.app.u-pariscite.fr\/sciences\/wp-json\/wp\/v2\/media?parent=324"}],"curies":[{"name":"wp","href":"https:\/\/api.w.org\/{rel}","templated":true}]}}