{"id":3031,"date":"2023-05-25T11:32:08","date_gmt":"2023-05-25T09:32:08","guid":{"rendered":"https:\/\/wordpress-test.app.u-pariscite.fr\/sciences\/?page_id=3031"},"modified":"2024-10-23T16:53:55","modified_gmt":"2024-10-23T14:53:55","slug":"commission-formation-2","status":"publish","type":"page","link":"https:\/\/wordpress-test.app.u-pariscite.fr\/sciences\/instances\/commission-formation-2\/","title":{"rendered":"Elu.es et invit\u00e9.es de la commission Formation"},"content":{"rendered":"<p>[et_pb_section bb_built=\u00a0\u00bb1&Prime; inner_width=\u00a0\u00bbauto\u00a0\u00bb inner_max_width=\u00a0\u00bbnone\u00a0\u00bb][et_pb_row][et_pb_column type=\u00a0\u00bb4_4&Prime;][et_pb_post_title admin_label=\u00a0\u00bbTitre de la page\u00a0\u00bb _builder_version=\u00a0\u00bb3.19.11&Prime; meta=\u00a0\u00bboff\u00a0\u00bb featured_image=\u00a0\u00bboff\u00a0\u00bb \/][\/et_pb_column][\/et_pb_row][et_pb_row][et_pb_column type=\u00a0\u00bb4_4&Prime;][et_pb_text _builder_version=\u00a0\u00bb3.22.1&Prime; text_text_shadow_horizontal_length=\u00a0\u00bbtext_text_shadow_style,%91object Object%93&Prime; text_text_shadow_vertical_length=\u00a0\u00bbtext_text_shadow_style,%91object Object%93&Prime; text_text_shadow_blur_strength=\u00a0\u00bbtext_text_shadow_style,%91object Object%93&Prime; link_text_shadow_horizontal_length=\u00a0\u00bblink_text_shadow_style,%91object Object%93&Prime; link_text_shadow_vertical_length=\u00a0\u00bblink_text_shadow_style,%91object Object%93&Prime; link_text_shadow_blur_strength=\u00a0\u00bblink_text_shadow_style,%91object Object%93&Prime; ul_text_shadow_horizontal_length=\u00a0\u00bbul_text_shadow_style,%91object Object%93&Prime; ul_text_shadow_vertical_length=\u00a0\u00bbul_text_shadow_style,%91object Object%93&Prime; ul_text_shadow_blur_strength=\u00a0\u00bbul_text_shadow_style,%91object Object%93&Prime; ol_text_shadow_horizontal_length=\u00a0\u00bbol_text_shadow_style,%91object Object%93&Prime; ol_text_shadow_vertical_length=\u00a0\u00bbol_text_shadow_style,%91object Object%93&Prime; ol_text_shadow_blur_strength=\u00a0\u00bbol_text_shadow_style,%91object Object%93&Prime; quote_text_shadow_horizontal_length=\u00a0\u00bbquote_text_shadow_style,%91object Object%93&Prime; quote_text_shadow_vertical_length=\u00a0\u00bbquote_text_shadow_style,%91object Object%93&Prime; quote_text_shadow_blur_strength=\u00a0\u00bbquote_text_shadow_style,%91object Object%93&Prime; header_text_shadow_horizontal_length=\u00a0\u00bbheader_text_shadow_style,%91object Object%93&Prime; header_text_shadow_vertical_length=\u00a0\u00bbheader_text_shadow_style,%91object Object%93&Prime; header_text_shadow_blur_strength=\u00a0\u00bbheader_text_shadow_style,%91object Object%93&Prime; header_2_text_shadow_horizontal_length=\u00a0\u00bbheader_2_text_shadow_style,%91object Object%93&Prime; header_2_text_shadow_vertical_length=\u00a0\u00bbheader_2_text_shadow_style,%91object Object%93&Prime; header_2_text_shadow_blur_strength=\u00a0\u00bbheader_2_text_shadow_style,%91object Object%93&Prime; header_3_text_shadow_horizontal_length=\u00a0\u00bbheader_3_text_shadow_style,%91object Object%93&Prime; header_3_text_shadow_vertical_length=\u00a0\u00bbheader_3_text_shadow_style,%91object Object%93&Prime; header_3_text_shadow_blur_strength=\u00a0\u00bbheader_3_text_shadow_style,%91object Object%93&Prime; header_4_text_shadow_horizontal_length=\u00a0\u00bbheader_4_text_shadow_style,%91object Object%93&Prime; header_4_text_shadow_vertical_length=\u00a0\u00bbheader_4_text_shadow_style,%91object Object%93&Prime; header_4_text_shadow_blur_strength=\u00a0\u00bbheader_4_text_shadow_style,%91object Object%93&Prime; header_5_text_shadow_horizontal_length=\u00a0\u00bbheader_5_text_shadow_style,%91object Object%93&Prime; header_5_text_shadow_vertical_length=\u00a0\u00bbheader_5_text_shadow_style,%91object Object%93&Prime; header_5_text_shadow_blur_strength=\u00a0\u00bbheader_5_text_shadow_style,%91object Object%93&Prime; header_6_text_shadow_horizontal_length=\u00a0\u00bbheader_6_text_shadow_style,%91object Object%93&Prime; header_6_text_shadow_vertical_length=\u00a0\u00bbheader_6_text_shadow_style,%91object Object%93&Prime; header_6_text_shadow_blur_strength=\u00a0\u00bbheader_6_text_shadow_style,%91object Object%93&Prime; z_index_tablet=\u00a0\u00bb500&Prime;]<\/p>\n<p><strong>Coll\u00e8ge A<\/strong><\/p>\n<blockquote>\n<p>ANTHORE Anne<\/p>\n<p>BERNARD Sophie<\/p>\n<p>GRUBER V\u00e9onique<\/p>\n<p>JOUVE Fran\u00e7ois<\/p>\n<p>LOSNO R\u00e9mi<\/p>\n<p>VIGUIER Mireille<\/p>\n<\/blockquote>\n<p><strong>Coll\u00e8ge B<\/strong><\/p>\n<blockquote>\n<p>BOUCENNA Imane<\/p>\n<p>MAVRE Fran\u00e7ois<\/p>\n<p>MENARD Laurent<\/p>\n<p>MERLE Mathieu<\/p>\n<p>MIDDENDORP Sandrine<\/p>\n<p>OVER Diana<\/p>\n<\/blockquote>\n<p><strong>Coll\u00e8ge BIATSS<\/strong><\/p>\n<blockquote>\n<p>ARNULF Isabelle<\/p>\n<p>BELLAIR Yol\u00e8ne<\/p>\n<p>SAHED Abdel Aziz<\/p>\n<\/blockquote>\n<p><strong>Coll\u00e8ge \u00e9tudiant.es titulaires<\/strong><\/p>\n<blockquote>\n<p>BAUER Esa\u00efe<\/p>\n<p>CONSTANCE M\u00e9line<\/p>\n<p>DENFER Neyl<\/p>\n<p>GARCIA Clara<\/p>\n<p>GAUTIER Marie<\/p>\n<p>LOYAU-KAHN F\u00e9lix<\/p>\n<p>MALKA Simon<\/p>\n<p>MENEGONI Serena<\/p>\n<p>PLATEAUX FERNANDES Wilhyam<\/p>\n<p>RUNSER Laure<\/p>\n<p>SALVADOR Arthur<\/p>\n<p>SELA Lia<\/p>\n<\/blockquote>\n<p><strong>Coll\u00e8ge \u00e9tudiant.es suppl\u00e9ant.es<\/strong><\/p>\n<blockquote>\n<p>CRISPO Arno<\/p>\n<p>DOUCOURE Seinde<\/p>\n<p>FOFANA Aminata<\/p>\n<p>GUERIN Marc<\/p>\n<p>LAURENT Micka\u00ebl\u00a0<\/p>\n<p>LE COR Sterenn<\/p>\n<p>MILICICH Mariana<\/p>\n<p>SCHMITT Dahliane<\/p>\n<p>SY Zakaria<\/p>\n<p>VERDEIL R\u00e9mi<\/p>\n<\/blockquote>\n<p><strong>Personnalit\u00e9s ext\u00e9rieures avec droit de vote<\/strong><\/p>\n<blockquote>\n<p>BOUTILLIER Pierre, repr\u00e9sentant du Monde Socio-Economique<\/p>\n<p>MACHURE Nora, repr\u00e9sentante des lyc\u00e9es<\/p>\n<p>SCHNEIDER Christophe, repr\u00e9sentant des Classes Pr\u00e9paratoires aux Grandes Ecoles<\/p>\n<\/blockquote>\n<p><strong>Invit\u00e9.es permanent.es sans droit de vote<\/strong><\/p>\n<blockquote>\n<p>CAZAYOUS Maximilien, Doyen de la Facult\u00e9 des Sciences<\/p>\n<p>GONZALEZ Matthias, UFR de physique<\/p>\n<p>GREFF Marianne, IPGP<\/p>\n<p>HENRI-PANABIERE Ga\u00eble, Repr\u00e9sentante de la Facult\u00e9 Soci\u00e9t\u00e9s et Humanit\u00e9s<\/p>\n<p>JANEL Nathalie, UFR Sciences du vivant<\/p>\n<p>JURSKI Kristine, IUT Paris Pajol<\/p>\n<p>KOEPFLER Georges, UFR Maths-Info<\/p>\n<p>LE BARCH Karine, UFR Biom\u00e9dicales<\/p>\n<p>LEIDWANGER S\u00e9verine, UFR de math\u00e9matiques<\/p>\n<p>MAMMERI Fayna, EIDD<\/p>\n<p>MOUNGLA Hassine, IUT Paris Rives de Seine<\/p>\n<p>PIRO Benoit, UFR de chimie<\/p>\n<p>SALA Monica, Repr\u00e9sentante de l&rsquo;Institut Pasteur<\/p>\n<p>SALEM Mich\u00e8le, Repr\u00e9sentante de la Facult\u00e9 Sant\u00e9<\/p>\n<p>SARI Marie-Agn\u00e8s, vice-pr\u00e9sidente formation UPCit\u00e9<\/p>\n<p>TREINEN Ralph, UFR informatique<\/p>\n<\/blockquote>\n<p><strong>Administration sans droit de vote<\/strong><\/p>\n<blockquote>\n<p>JEANSON Magali, Cheffe du Dpt Pilotage des Etudes et de la Formation Facult\u00e9<\/p>\n<p>SANSELME Catherine, Directrice du P\u00f4le Formation Facult\u00e9<\/p>\n<\/blockquote>\n<p>\u00a0<\/p>\n<p>[\/et_pb_text][\/et_pb_column][\/et_pb_row][\/et_pb_section]<\/p>\n","protected":false},"excerpt":{"rendered":"<div class=\"et_pb_row et_pb_row_0 et_pb_row_empty\"><\/div>\n<div class=\"et_pb_row et_pb_row_1 et_pb_row_empty\"><\/div>\n<p> Coll\u00e8ge AANTHORE AnneBERNARD SophieGRUBER V\u00e9oniqueJOUVE Fran\u00e7oisLOSNO R\u00e9miVIGUIER MireilleColl\u00e8ge BBOUCENNA ImaneMAVRE Fran\u00e7oisMENARD LaurentMERLE MathieuMIDDENDORP SandrineOVER DianaColl\u00e8ge BIATSSARNULF IsabelleBELLAIR Yol\u00e8neSAHED Abdel AzizColl\u00e8ge \u00e9tudiant.es titulairesBAUER Esa\u00efeCONSTANCE M\u00e9lineDENFER NeylGARCIA ClaraGAUTIER MarieLOYAU-KAHN F\u00e9lixMALKA SimonMENEGONI SerenaPLATEAUX FERNANDES WilhyamRUNSER LaureSALVADOR ArthurSELA LiaColl\u00e8ge \u00e9tudiant.es suppl\u00e9ant.esCRISPO ArnoDOUCOURE SeindeFOFANA AminataGUERIN MarcLAURENT Micka\u00ebl\u00a0LE COR SterennMILICICH MarianaSCHMITT DahlianeSY ZakariaVERDEIL R\u00e9miPersonnalit\u00e9s ext\u00e9rieures avec droit de voteBOUTILLIER Pierre,&hellip; <a class=\"continue\" href=\"https:\/\/wordpress-test.app.u-pariscite.fr\/sciences\/instances\/commission-formation-2\/\">Lire la suite<span> Elu.es et invit\u00e9.es de la commission Formation<\/span><\/a><\/p>\n","protected":false},"author":397,"featured_media":0,"parent":119,"menu_order":0,"comment_status":"closed","ping_status":"closed","template":"","meta":{"_et_pb_use_builder":"on","_et_pb_old_content":"","_et_gb_content_width":"","footnotes":""},"class_list":["post-3031","page","type-page","status-publish","hentry"],"_links":{"self":[{"href":"https:\/\/wordpress-test.app.u-pariscite.fr\/sciences\/wp-json\/wp\/v2\/pages\/3031","targetHints":{"allow":["GET"]}}],"collection":[{"href":"https:\/\/wordpress-test.app.u-pariscite.fr\/sciences\/wp-json\/wp\/v2\/pages"}],"about":[{"href":"https:\/\/wordpress-test.app.u-pariscite.fr\/sciences\/wp-json\/wp\/v2\/types\/page"}],"author":[{"embeddable":true,"href":"https:\/\/wordpress-test.app.u-pariscite.fr\/sciences\/wp-json\/wp\/v2\/users\/397"}],"replies":[{"embeddable":true,"href":"https:\/\/wordpress-test.app.u-pariscite.fr\/sciences\/wp-json\/wp\/v2\/comments?post=3031"}],"version-history":[{"count":20,"href":"https:\/\/wordpress-test.app.u-pariscite.fr\/sciences\/wp-json\/wp\/v2\/pages\/3031\/revisions"}],"predecessor-version":[{"id":5425,"href":"https:\/\/wordpress-test.app.u-pariscite.fr\/sciences\/wp-json\/wp\/v2\/pages\/3031\/revisions\/5425"}],"up":[{"embeddable":true,"href":"https:\/\/wordpress-test.app.u-pariscite.fr\/sciences\/wp-json\/wp\/v2\/pages\/119"}],"wp:attachment":[{"href":"https:\/\/wordpress-test.app.u-pariscite.fr\/sciences\/wp-json\/wp\/v2\/media?parent=3031"}],"curies":[{"name":"wp","href":"https:\/\/api.w.org\/{rel}","templated":true}]}}