{"id":2927,"date":"2023-04-28T15:23:03","date_gmt":"2023-04-28T13:23:03","guid":{"rendered":"https:\/\/wordpress-test.app.u-pariscite.fr\/sciences\/?page_id=2927"},"modified":"2023-05-22T09:49:31","modified_gmt":"2023-05-22T07:49:31","slug":"le-du-fabrication-certifie-sur-le-repertoire-specifique-de-france-competences","status":"publish","type":"page","link":"https:\/\/wordpress-test.app.u-pariscite.fr\/sciences\/le-du-fabrication-certifie-sur-le-repertoire-specifique-de-france-competences\/","title":{"rendered":"Le DU fabrication certifi\u00e9 sur le r\u00e9pertoire sp\u00e9cifique de France Comp\u00e9tences !"},"content":{"rendered":"<p>[et_pb_section bb_built=\u00a0\u00bb1&Prime; inner_width=\u00a0\u00bbauto\u00a0\u00bb inner_max_width=\u00a0\u00bbnone\u00a0\u00bb][et_pb_row][et_pb_column type=\u00a0\u00bb4_4&Prime;][et_pb_text _builder_version=\u00a0\u00bb3.22.1&Prime; text_text_shadow_horizontal_length=\u00a0\u00bbtext_text_shadow_style,%91object Object%93&Prime; text_text_shadow_vertical_length=\u00a0\u00bbtext_text_shadow_style,%91object Object%93&Prime; text_text_shadow_blur_strength=\u00a0\u00bbtext_text_shadow_style,%91object Object%93&Prime; link_text_shadow_horizontal_length=\u00a0\u00bblink_text_shadow_style,%91object Object%93&Prime; link_text_shadow_vertical_length=\u00a0\u00bblink_text_shadow_style,%91object Object%93&Prime; link_text_shadow_blur_strength=\u00a0\u00bblink_text_shadow_style,%91object Object%93&Prime; ul_text_shadow_horizontal_length=\u00a0\u00bbul_text_shadow_style,%91object Object%93&Prime; ul_text_shadow_vertical_length=\u00a0\u00bbul_text_shadow_style,%91object Object%93&Prime; ul_text_shadow_blur_strength=\u00a0\u00bbul_text_shadow_style,%91object Object%93&Prime; ol_text_shadow_horizontal_length=\u00a0\u00bbol_text_shadow_style,%91object Object%93&Prime; ol_text_shadow_vertical_length=\u00a0\u00bbol_text_shadow_style,%91object Object%93&Prime; ol_text_shadow_blur_strength=\u00a0\u00bbol_text_shadow_style,%91object Object%93&Prime; quote_text_shadow_horizontal_length=\u00a0\u00bbquote_text_shadow_style,%91object Object%93&Prime; quote_text_shadow_vertical_length=\u00a0\u00bbquote_text_shadow_style,%91object Object%93&Prime; quote_text_shadow_blur_strength=\u00a0\u00bbquote_text_shadow_style,%91object Object%93&Prime; header_text_shadow_horizontal_length=\u00a0\u00bbheader_text_shadow_style,%91object Object%93&Prime; header_text_shadow_vertical_length=\u00a0\u00bbheader_text_shadow_style,%91object Object%93&Prime; header_text_shadow_blur_strength=\u00a0\u00bbheader_text_shadow_style,%91object Object%93&Prime; header_2_text_shadow_horizontal_length=\u00a0\u00bbheader_2_text_shadow_style,%91object Object%93&Prime; header_2_text_shadow_vertical_length=\u00a0\u00bbheader_2_text_shadow_style,%91object Object%93&Prime; header_2_text_shadow_blur_strength=\u00a0\u00bbheader_2_text_shadow_style,%91object Object%93&Prime; header_3_text_shadow_horizontal_length=\u00a0\u00bbheader_3_text_shadow_style,%91object Object%93&Prime; header_3_text_shadow_vertical_length=\u00a0\u00bbheader_3_text_shadow_style,%91object Object%93&Prime; header_3_text_shadow_blur_strength=\u00a0\u00bbheader_3_text_shadow_style,%91object Object%93&Prime; header_4_text_shadow_horizontal_length=\u00a0\u00bbheader_4_text_shadow_style,%91object Object%93&Prime; header_4_text_shadow_vertical_length=\u00a0\u00bbheader_4_text_shadow_style,%91object Object%93&Prime; header_4_text_shadow_blur_strength=\u00a0\u00bbheader_4_text_shadow_style,%91object Object%93&Prime; header_5_text_shadow_horizontal_length=\u00a0\u00bbheader_5_text_shadow_style,%91object Object%93&Prime; header_5_text_shadow_vertical_length=\u00a0\u00bbheader_5_text_shadow_style,%91object Object%93&Prime; header_5_text_shadow_blur_strength=\u00a0\u00bbheader_5_text_shadow_style,%91object Object%93&Prime; header_6_text_shadow_horizontal_length=\u00a0\u00bbheader_6_text_shadow_style,%91object Object%93&Prime; header_6_text_shadow_vertical_length=\u00a0\u00bbheader_6_text_shadow_style,%91object Object%93&Prime; header_6_text_shadow_blur_strength=\u00a0\u00bbheader_6_text_shadow_style,%91object Object%93&Prime; z_index_tablet=\u00a0\u00bb500&Prime;]<\/p>\n<h1>1er DU certifi\u00e9 Universit\u00e9 Paris Cit\u00e9 : la Fabrication Additive (impression 3D)<\/h1>\n<p>Le DU fabrication additive est le\u00a0<strong>premier<\/strong>\u00a0d\u2019Universit\u00e9 Paris Cit\u00e9 \u00e0 \u00eatre certifi\u00e9 sur le\u00a0<strong>r\u00e9pertoire<\/strong>\u00a0<strong>sp\u00e9cifique de France Comp\u00e9tences<\/strong>. Cette certification \u00e9tait un\u00a0<strong>d\u00e9fi prioritaire du Contrat d\u2019Objectifs Moyens de la Facult\u00e9 des Sciences<\/strong> ouvrant des perspectives pour\u00a0 les formations professionnelles universitaires \u00e9ligibles de type DU. Cette certification ouvre les droits pour <strong>5<\/strong>\u00a0<strong>ans<\/strong>\u00a0de cette formation au<strong>\u00a0Compte Personnel de Formation<\/strong>\u00a0et attribue une reconnaissance sur des\u00a0<strong>comp\u00e9tences sp\u00e9cifiques aux m\u00e9tiers en tension<\/strong>. Le DU fabrication additive de l\u2019IUT de Paris Pajol offre une opportunit\u00e9 unique de formation compl\u00e8te \u00e0 l\u2019impression 3D de salari\u00e9s comme de personnes en recherche d\u2019emplois ou en reconversion professionnelle dans des\u00a0<strong>domaines vari\u00e9s du secteur de la sant\u00e9, des arts et des sciences.\u00a0<\/strong><\/p>\n<p>L\u2019impression 3D ou fabrication additive regroupe un ensemble de proc\u00e9d\u00e9s de fabrication\u00a0 en 3 dimensions o\u00f9\u00a0l\u2019objet est fabriqu\u00e9 \u00e0 partir d&rsquo;un mod\u00e8le num\u00e9rique, couche par couche par ajout de mati\u00e8re.<\/p>\n<p>Technologie majeure de la 4e r\u00e9volution industrielle, la fabrication additive ouvre de nouvelles voies par l&rsquo;acc\u00e9l\u00e9ration du cycle de d\u00e9veloppement de tous types de pi\u00e8ces quelque soit leur complexit\u00e9.<\/p>\n<p>Le Dipl\u00f4me d\u2019Universit\u00e9 \u00ab\u00a0Fabrication Additive\u00a0\u00bb permet d\u2019acqu\u00e9rir ces comp\u00e9tences essentielles et de se familiariser avec l\u2019impression 3D\u00a0en 55 heures de cours du soir et 30 heures de stage pratique en autonomie avec tutorat.<\/p>\n<p><a href=\"https:\/\/wordpress-test.app.u-pariscite.fr\/sciences\/wp-content\/uploads\/sites\/21\/2023\/04\/Decisions-denregistrement-aux-repertoires-nationaux-du-21-avril-2023-VF.pdf\" target=\"_blank\" rel=\"noopener noreferrer\">D\u00e9cision d&rsquo;enregistrement au r\u00e9pertoire des m\u00e9tiers<\/a><\/p>\n<p><iframe loading=\"lazy\" title=\"Fabrication additive\" width=\"1080\" height=\"608\" src=\"https:\/\/www.youtube.com\/embed\/2BssWM2AwP4?feature=oembed\" frameborder=\"0\" allow=\"accelerometer; autoplay; clipboard-write; encrypted-media; gyroscope; picture-in-picture; web-share\" allowfullscreen><\/iframe><\/p>\n<h3><strong>Une nouvelle technologie attendue<\/strong><\/h3>\n<p>Cette formation a \u00e9t\u00e9 pens\u00e9e de fa\u00e7on \u00e0 combler le vide actuel existant en mati\u00e8re de fabrication additive dans les formations classiques de la Sant\u00e9, des Arts et des Sciences.<\/p>\n<h3><strong>Ouverture \u00e0 l\u2019innovation<\/strong>\u00a0<strong>et la reconversion professionnelle<\/strong><\/h3>\n<p>Au d\u00e9part, le DU Fabrication additive a \u00e9t\u00e9 cr\u00e9\u00e9e pour des \u00e9tudiants, enseignants, salari\u00e9s de ces secteurs qui veulent \u00e9largir leurs domaines de comp\u00e9tences et se former \u00e0 cette technologie.<\/p>\n<p>Dans le contexte industriel actuel, il s\u2019adresse aussi particuli\u00e8rement \u00e0 toute personne qui souhaite effectuer une reconversion professionnelle ou encore lancer un projet innovant en recourant \u00e0 la fabrication additive.<\/p>\n<h3><strong>Concevoir et tester plus rapidement des prototypes dans tous domaines<\/strong><\/h3>\n<p>Ce Dipl\u00f4me d\u2019Universit\u00e9 dispens\u00e9 par l\u2019IUT de Paris Pajol (Universit\u00e9 Paris Cit\u00e9), d\u00e9livre de fa\u00e7on pragmatique et efficace les comp\u00e9tences pour concevoir plus rapidement diff\u00e9rents types de produits (proth\u00e8ses dentaires, pi\u00e8ces m\u00e9caniques, mod\u00e8le cire pour la fonderie \u00e0 cire perdue, etc \u2026) et les mettre \u00e0 l\u2019essai.<\/p>\n<h3><strong>Des enseignants \u00e0 la pointe de la recherche et des professionnels passionn\u00e9s<\/strong><\/h3>\n<p>L\u2019\u00e9quipe enseignante est compos\u00e9e d\u2019universitaires \u00e0 la pointe de la recherche, et de professionnels chevronn\u00e9s et passionn\u00e9s, pr\u00eats \u00e0 transmette leur savoir, sous la direction de Steeve Reisberg (Professeur des Universit\u00e9s en chimie et biotechnologie) et de N\u00e9h\u00e9mie Komain (Ing\u00e9nieur Mat\u00e9riaux et Proc\u00e9d\u00e9s).<\/p>\n<h3><a href=\"https:\/\/odf.wordpress-test.app.u-pariscite.fr\/fr\/offre-de-formation\/diplome-d-universite-du-diu-1\/sciences-technologies-sante-STS\/du-fabrication-additive-KGARY5B2.html\"><strong>Tout savoir sur la formation, les objectifs, les d\u00e9bouch\u00e9s<\/strong><\/a><\/h3>\n<h2 class=\"ametys-section-title g-mb-55\">Contacts<\/h2>\n<section class=\"g-mb-55\">\n<ul class=\"ametys-persons-list\">\n<li class=\"ametys-persons-list__item\">\n<div class=\"ametys-person-info ametys-person-info--horizontal\">\n<div class=\"ametys-person-info__body\">\n<h2 class=\"ametys-person-info__title\">Steeve Reisberg<\/h2>\n<p><span class=\"ametys-person-info__role\">Responsable(s) p\u00e9dagogique(s)<\/span><\/p>\n<ul class=\"ametys-person-info-contacts\">\n<li class=\"ametys-person-info-contacts__item\">\n<p><a href=\"mailto:steeve.reisberg@wordpress-test.app.u-pariscite.fr\">steeve.reisberg@wordpress-test.app.u-pariscite.fr<\/a><\/p>\n<\/li>\n<\/ul>\n<\/div>\n<\/div>\n<\/li>\n<li class=\"ametys-persons-list__item\">\n<div class=\"ametys-person-info ametys-person-info--horizontal\">\n<div class=\"ametys-person-info__body\">\n<h2 class=\"ametys-person-info__title\">N\u00e9h\u00e9mie Komain<\/h2>\n<p><span class=\"ametys-person-info__role\">Coordinateur p\u00e9dagogique<\/span><\/p>\n<ul class=\"ametys-person-info-contacts\">\n<li class=\"ametys-person-info-contacts__item\"><a href=\"mailto:nehemie.komain@wordpress-test.app.u-pariscite.fr\">nehemie.komain@wordpress-test.app.u-pariscite.fr<\/a><\/li>\n<\/ul>\n<\/div>\n<\/div>\n<\/li>\n<li class=\"ametys-persons-list__item\">\n<div class=\"ametys-person-info ametys-person-info--horizontal\">\n<div class=\"ametys-person-info__body\">\n<h2 class=\"ametys-person-info__title\">Aur\u00e9lie Schermann<\/h2>\n<p><span class=\"ametys-person-info__role\">Gestionnaire administrative<\/span><\/p>\n<ul class=\"ametys-person-info-contacts\">\n<li class=\"ametys-person-info-contacts__item\"><a href=\"tel:01 57 27 79 90\">01 57 27 79 90<\/a><\/li>\n<li class=\"ametys-person-info-contacts__item\"><a href=\"mailto:aurelie.schermann@wordpress-test.app.u-pariscite.fr\">aurelie.schermann@wordpress-test.app.u-pariscite.fr<\/a><\/li>\n<\/ul>\n<\/div>\n<\/div>\n<\/li>\n<\/ul>\n<\/section>\n<p>[\/et_pb_text][\/et_pb_column][\/et_pb_row][\/et_pb_section]<\/p>\n","protected":false},"excerpt":{"rendered":"<div class=\"et_pb_row et_pb_row_0 et_pb_row_empty\"><\/div>\n<p> 1er DU certifi\u00e9 Universit\u00e9 Paris Cit\u00e9 : la Fabrication Additive (impression 3D)Le DU fabrication additive est le\u00a0premier\u00a0d\u2019Universit\u00e9 Paris Cit\u00e9 \u00e0 \u00eatre certifi\u00e9 sur le\u00a0r\u00e9pertoire\u00a0sp\u00e9cifique de France Comp\u00e9tences. Cette certification \u00e9tait un\u00a0d\u00e9fi prioritaire du Contrat d\u2019Objectifs Moyens de la Facult\u00e9 des Sciences ouvrant des perspectives pour\u00a0 les formations professionnelles universitaires \u00e9ligibles de type DU. Cette&hellip; <a class=\"continue\" href=\"https:\/\/wordpress-test.app.u-pariscite.fr\/sciences\/le-du-fabrication-certifie-sur-le-repertoire-specifique-de-france-competences\/\">Lire la suite<span> Le DU fabrication certifi\u00e9 sur le r\u00e9pertoire sp\u00e9cifique de France Comp\u00e9tences !<\/span><\/a><\/p>\n","protected":false},"author":397,"featured_media":2926,"parent":0,"menu_order":0,"comment_status":"closed","ping_status":"closed","template":"","meta":{"_et_pb_use_builder":"on","_et_pb_old_content":"<p>Le DU fabrication additive est le <strong>premier<\/strong>\u00a0d\u2019Universit\u00e9 Paris Cit\u00e9 \u00e0 \u00eatre certifi\u00e9 sur le <strong>r\u00e9pertoire<\/strong> <strong>sp\u00e9cifique de France Comp\u00e9tences<\/strong>. Cette certification \u00e9tait un\u00a0<strong>d\u00e9fi prioritaire du Contrat d\u2019Objectifs Moyens de la Facult\u00e9 des Sciences<\/strong>\u00a0ouvrant des perspectives pour cette formation et \u00e0 la suite tous les DU\/DIU\/C2C\u00a0\u00e9ligibles\u00a0de l\u2019universit\u00e9. Cette certification ouvre les droits pour <strong>5<\/strong> <strong>ans<\/strong> de cette formation au<strong>\u00a0Compte Personnel de Formation<\/strong>\u00a0et attribue une reconnaissance sur des\u00a0<strong>comp\u00e9tences sp\u00e9cifiques aux m\u00e9tiers en tension<\/strong>. Le DU fabrication additive de l\u2019IUT de Paris Pajol offre une opportunit\u00e9 unique de formation compl\u00e8te \u00e0 l\u2019impression 3D de salari\u00e9s comme de personnes en recherche d\u2019emplois ou en reconversion professionnelle dans des\u00a0<strong>domaines vari\u00e9es dans le secteur de la sant\u00e9, des arts et des sciences.\u00a0<\/strong><\/p><p><a href=\"https:\/\/wordpress-test.app.u-pariscite.fr\/sciences\/wp-content\/uploads\/sites\/21\/2023\/04\/Decisions-denregistrement-aux-repertoires-nationaux-du-21-avril-2023-VF.pdf\" target=\"_blank\" rel=\"noopener\">D\u00e9cision d'enregistrement au r\u00e9pertoire des m\u00e9tiers<\/a><\/p><p>[embed]https:\/\/youtu.be\/9fI6_ymEBr4[\/embed]<\/p>","_et_gb_content_width":"","footnotes":""},"class_list":["post-2927","page","type-page","status-publish","has-post-thumbnail","hentry"],"_links":{"self":[{"href":"https:\/\/wordpress-test.app.u-pariscite.fr\/sciences\/wp-json\/wp\/v2\/pages\/2927","targetHints":{"allow":["GET"]}}],"collection":[{"href":"https:\/\/wordpress-test.app.u-pariscite.fr\/sciences\/wp-json\/wp\/v2\/pages"}],"about":[{"href":"https:\/\/wordpress-test.app.u-pariscite.fr\/sciences\/wp-json\/wp\/v2\/types\/page"}],"author":[{"embeddable":true,"href":"https:\/\/wordpress-test.app.u-pariscite.fr\/sciences\/wp-json\/wp\/v2\/users\/397"}],"replies":[{"embeddable":true,"href":"https:\/\/wordpress-test.app.u-pariscite.fr\/sciences\/wp-json\/wp\/v2\/comments?post=2927"}],"version-history":[{"count":10,"href":"https:\/\/wordpress-test.app.u-pariscite.fr\/sciences\/wp-json\/wp\/v2\/pages\/2927\/revisions"}],"predecessor-version":[{"id":2960,"href":"https:\/\/wordpress-test.app.u-pariscite.fr\/sciences\/wp-json\/wp\/v2\/pages\/2927\/revisions\/2960"}],"wp:featuredmedia":[{"embeddable":true,"href":"https:\/\/wordpress-test.app.u-pariscite.fr\/sciences\/wp-json\/wp\/v2\/media\/2926"}],"wp:attachment":[{"href":"https:\/\/wordpress-test.app.u-pariscite.fr\/sciences\/wp-json\/wp\/v2\/media?parent=2927"}],"curies":[{"name":"wp","href":"https:\/\/api.w.org\/{rel}","templated":true}]}}