{"id":184,"date":"2020-06-29T14:39:58","date_gmt":"2020-06-29T12:39:58","guid":{"rendered":"https:\/\/wordpress-test.app.u-pariscite.fr\/sciences\/?page_id=184"},"modified":"2023-10-20T16:17:52","modified_gmt":"2023-10-20T14:17:52","slug":"politique-internationale","status":"publish","type":"page","link":"https:\/\/wordpress-test.app.u-pariscite.fr\/sciences\/politique-internationale\/","title":{"rendered":"Politique internationale"},"content":{"rendered":"<p>[et_pb_section bb_built=\u00a0\u00bb1&Prime; next_background_color=\u00a0\u00bb#000000&Prime; inner_width=\u00a0\u00bbauto\u00a0\u00bb inner_max_width=\u00a0\u00bbnone\u00a0\u00bb][et_pb_row][et_pb_column type=\u00a0\u00bb4_4&Prime;][et_pb_post_title admin_label=\u00a0\u00bbTitre de la page\u00a0\u00bb _builder_version=\u00a0\u00bb3.19.11&Prime; meta=\u00a0\u00bboff\u00a0\u00bb featured_image=\u00a0\u00bboff\u00a0\u00bb \/][\/et_pb_column][\/et_pb_row][et_pb_row][et_pb_column type=\u00a0\u00bb3_4&Prime;][et_pb_text admin_label=\u00a0\u00bbIntro\u00a0\u00bb _builder_version=\u00a0\u00bb3.22.1&Prime; module_id=\u00a0\u00bbintro\u00a0\u00bb text_text_shadow_horizontal_length=\u00a0\u00bbtext_text_shadow_style,%91object Object%93&Prime; text_text_shadow_vertical_length=\u00a0\u00bbtext_text_shadow_style,%91object Object%93&Prime; text_text_shadow_blur_strength=\u00a0\u00bbtext_text_shadow_style,%91object Object%93&Prime; link_text_shadow_horizontal_length=\u00a0\u00bblink_text_shadow_style,%91object Object%93&Prime; link_text_shadow_vertical_length=\u00a0\u00bblink_text_shadow_style,%91object Object%93&Prime; link_text_shadow_blur_strength=\u00a0\u00bblink_text_shadow_style,%91object Object%93&Prime; ul_text_shadow_horizontal_length=\u00a0\u00bbul_text_shadow_style,%91object Object%93&Prime; ul_text_shadow_vertical_length=\u00a0\u00bbul_text_shadow_style,%91object Object%93&Prime; ul_text_shadow_blur_strength=\u00a0\u00bbul_text_shadow_style,%91object Object%93&Prime; ol_text_shadow_horizontal_length=\u00a0\u00bbol_text_shadow_style,%91object Object%93&Prime; ol_text_shadow_vertical_length=\u00a0\u00bbol_text_shadow_style,%91object Object%93&Prime; ol_text_shadow_blur_strength=\u00a0\u00bbol_text_shadow_style,%91object Object%93&Prime; quote_text_shadow_horizontal_length=\u00a0\u00bbquote_text_shadow_style,%91object Object%93&Prime; quote_text_shadow_vertical_length=\u00a0\u00bbquote_text_shadow_style,%91object Object%93&Prime; quote_text_shadow_blur_strength=\u00a0\u00bbquote_text_shadow_style,%91object Object%93&Prime; header_text_shadow_horizontal_length=\u00a0\u00bbheader_text_shadow_style,%91object Object%93&Prime; header_text_shadow_vertical_length=\u00a0\u00bbheader_text_shadow_style,%91object Object%93&Prime; header_text_shadow_blur_strength=\u00a0\u00bbheader_text_shadow_style,%91object Object%93&Prime; header_2_text_shadow_horizontal_length=\u00a0\u00bbheader_2_text_shadow_style,%91object Object%93&Prime; header_2_text_shadow_vertical_length=\u00a0\u00bbheader_2_text_shadow_style,%91object Object%93&Prime; header_2_text_shadow_blur_strength=\u00a0\u00bbheader_2_text_shadow_style,%91object Object%93&Prime; header_3_text_shadow_horizontal_length=\u00a0\u00bbheader_3_text_shadow_style,%91object Object%93&Prime; header_3_text_shadow_vertical_length=\u00a0\u00bbheader_3_text_shadow_style,%91object Object%93&Prime; header_3_text_shadow_blur_strength=\u00a0\u00bbheader_3_text_shadow_style,%91object Object%93&Prime; header_4_text_shadow_horizontal_length=\u00a0\u00bbheader_4_text_shadow_style,%91object Object%93&Prime; header_4_text_shadow_vertical_length=\u00a0\u00bbheader_4_text_shadow_style,%91object Object%93&Prime; header_4_text_shadow_blur_strength=\u00a0\u00bbheader_4_text_shadow_style,%91object Object%93&Prime; header_5_text_shadow_horizontal_length=\u00a0\u00bbheader_5_text_shadow_style,%91object Object%93&Prime; header_5_text_shadow_vertical_length=\u00a0\u00bbheader_5_text_shadow_style,%91object Object%93&Prime; header_5_text_shadow_blur_strength=\u00a0\u00bbheader_5_text_shadow_style,%91object Object%93&Prime; header_6_text_shadow_horizontal_length=\u00a0\u00bbheader_6_text_shadow_style,%91object Object%93&Prime; header_6_text_shadow_vertical_length=\u00a0\u00bbheader_6_text_shadow_style,%91object Object%93&Prime; header_6_text_shadow_blur_strength=\u00a0\u00bbheader_6_text_shadow_style,%91object Object%93&Prime; z_index_tablet=\u00a0\u00bb500&Prime;]<\/p>\n<div class=\"page\" title=\"Page 1\">\n<div class=\"layoutArea\">\n<div class=\"column\">\n<p>La Facult\u00e9 des Sciences met depuis longtemps en avant les \u00e9changes internationaux et l&rsquo;ouverture sur le monde dans ses activit\u00e9s de formation et de recherche. Elle a tiss\u00e9 des liens sur tous les continents et elle a pour ambition d\u2019ouvrir ses \u00e9tudiants de licences et de masters aux avanc\u00e9es de la recherche au plus haut niveau international.<\/p>\n<\/div>\n<\/div>\n<\/div>\n<p>[\/et_pb_text][\/et_pb_column][et_pb_column type=\u00a0\u00bb1_4&Prime;][\/et_pb_column][\/et_pb_row][et_pb_row _builder_version=\u00a0\u00bb3.19.11&Prime; module_id=\u00a0\u00bbimage-page-type\u00a0\u00bb width=\u00a0\u00bb80%\u00a0\u00bb max_width=\u00a0\u00bb1080px\u00a0\u00bb][et_pb_column type=\u00a0\u00bb3_4&Prime;][et_pb_image admin_label=\u00a0\u00bbImage 1920 x 1080&Prime; _builder_version=\u00a0\u00bb3.22.1&Prime; src=\u00a0\u00bbhttps:\/\/wordpress-test.app.u-pariscite.fr\/sciences\/wp-content\/uploads\/sites\/21\/2022\/04\/International.jpg\u00a0\u00bb module_id=\u00a0\u00bbimage-page\u00a0\u00bb z_index_tablet=\u00a0\u00bb500&Prime; \/][\/et_pb_column][et_pb_column type=\u00a0\u00bb1_4&Prime;][et_pb_text admin_label=\u00a0\u00bbTexte image\u00a0\u00bb _builder_version=\u00a0\u00bb3.22.1&Prime; module_id=\u00a0\u00bbtexte-image\u00a0\u00bb custom_margin=\u00a0\u00bb|-15px||\u00a0\u00bb text_text_shadow_horizontal_length=\u00a0\u00bbtext_text_shadow_style,%91object Object%93&Prime; text_text_shadow_vertical_length=\u00a0\u00bbtext_text_shadow_style,%91object Object%93&Prime; text_text_shadow_blur_strength=\u00a0\u00bbtext_text_shadow_style,%91object Object%93&Prime; link_text_shadow_horizontal_length=\u00a0\u00bblink_text_shadow_style,%91object Object%93&Prime; link_text_shadow_vertical_length=\u00a0\u00bblink_text_shadow_style,%91object Object%93&Prime; link_text_shadow_blur_strength=\u00a0\u00bblink_text_shadow_style,%91object Object%93&Prime; ul_text_shadow_horizontal_length=\u00a0\u00bbul_text_shadow_style,%91object Object%93&Prime; ul_text_shadow_vertical_length=\u00a0\u00bbul_text_shadow_style,%91object Object%93&Prime; ul_text_shadow_blur_strength=\u00a0\u00bbul_text_shadow_style,%91object Object%93&Prime; ol_text_shadow_horizontal_length=\u00a0\u00bbol_text_shadow_style,%91object Object%93&Prime; ol_text_shadow_vertical_length=\u00a0\u00bbol_text_shadow_style,%91object Object%93&Prime; ol_text_shadow_blur_strength=\u00a0\u00bbol_text_shadow_style,%91object Object%93&Prime; quote_text_shadow_horizontal_length=\u00a0\u00bbquote_text_shadow_style,%91object Object%93&Prime; quote_text_shadow_vertical_length=\u00a0\u00bbquote_text_shadow_style,%91object Object%93&Prime; quote_text_shadow_blur_strength=\u00a0\u00bbquote_text_shadow_style,%91object Object%93&Prime; header_text_shadow_horizontal_length=\u00a0\u00bbheader_text_shadow_style,%91object Object%93&Prime; header_text_shadow_vertical_length=\u00a0\u00bbheader_text_shadow_style,%91object Object%93&Prime; header_text_shadow_blur_strength=\u00a0\u00bbheader_text_shadow_style,%91object Object%93&Prime; header_2_text_shadow_horizontal_length=\u00a0\u00bbheader_2_text_shadow_style,%91object Object%93&Prime; header_2_text_shadow_vertical_length=\u00a0\u00bbheader_2_text_shadow_style,%91object Object%93&Prime; header_2_text_shadow_blur_strength=\u00a0\u00bbheader_2_text_shadow_style,%91object Object%93&Prime; header_3_text_shadow_horizontal_length=\u00a0\u00bbheader_3_text_shadow_style,%91object Object%93&Prime; header_3_text_shadow_vertical_length=\u00a0\u00bbheader_3_text_shadow_style,%91object Object%93&Prime; header_3_text_shadow_blur_strength=\u00a0\u00bbheader_3_text_shadow_style,%91object Object%93&Prime; header_4_text_shadow_horizontal_length=\u00a0\u00bbheader_4_text_shadow_style,%91object Object%93&Prime; header_4_text_shadow_vertical_length=\u00a0\u00bbheader_4_text_shadow_style,%91object Object%93&Prime; header_4_text_shadow_blur_strength=\u00a0\u00bbheader_4_text_shadow_style,%91object Object%93&Prime; header_5_text_shadow_horizontal_length=\u00a0\u00bbheader_5_text_shadow_style,%91object Object%93&Prime; header_5_text_shadow_vertical_length=\u00a0\u00bbheader_5_text_shadow_style,%91object Object%93&Prime; header_5_text_shadow_blur_strength=\u00a0\u00bbheader_5_text_shadow_style,%91object Object%93&Prime; header_6_text_shadow_horizontal_length=\u00a0\u00bbheader_6_text_shadow_style,%91object Object%93&Prime; header_6_text_shadow_vertical_length=\u00a0\u00bbheader_6_text_shadow_style,%91object Object%93&Prime; header_6_text_shadow_blur_strength=\u00a0\u00bbheader_6_text_shadow_style,%91object Object%93&Prime; z_index_tablet=\u00a0\u00bb500&Prime; \/][\/et_pb_column][\/et_pb_row][et_pb_row][et_pb_column type=\u00a0\u00bb4_4&Prime;][et_pb_divider _builder_version=\u00a0\u00bb3.22.1&Prime; show_divider=\u00a0\u00bboff\u00a0\u00bb z_index_tablet=\u00a0\u00bb500&Prime; \/][\/et_pb_column][\/et_pb_row][et_pb_row][et_pb_column type=\u00a0\u00bb3_4&Prime;][et_pb_toggle admin_label=\u00a0\u00bbPolitique internationale\u00a0\u00bb _builder_version=\u00a0\u00bb3.22.1&Prime; title=\u00a0\u00bbPolitique internationale\u00a0\u00bb text_shadow_horizontal_length=\u00a0\u00bbtext_shadow_style,%91object Object%93&Prime; text_shadow_vertical_length=\u00a0\u00bbtext_shadow_style,%91object Object%93&Prime; text_shadow_blur_strength=\u00a0\u00bbtext_shadow_style,%91object Object%93&Prime; title_text_shadow_horizontal_length=\u00a0\u00bbtitle_text_shadow_style,%91object Object%93&Prime; title_text_shadow_vertical_length=\u00a0\u00bbtitle_text_shadow_style,%91object Object%93&Prime; title_text_shadow_blur_strength=\u00a0\u00bbtitle_text_shadow_style,%91object Object%93&Prime; body_text_shadow_horizontal_length=\u00a0\u00bbbody_text_shadow_style,%91object Object%93&Prime; body_text_shadow_vertical_length=\u00a0\u00bbbody_text_shadow_style,%91object Object%93&Prime; body_text_shadow_blur_strength=\u00a0\u00bbbody_text_shadow_style,%91object Object%93&Prime; z_index_tablet=\u00a0\u00bb500&Prime; open=\u00a0\u00bbon\u00a0\u00bb]<\/p>\n<p>La Facult\u00e9 des Sciences joue un r\u00f4le important au sein de l\u2019Universit\u00e9 Paris Cit\u00e9 avec ses 44 parcours de masters dont la plupart\u00a0sont ouverts \u00e0 l\u2019international et proposent des parcours en anglais. Elle est impliqu\u00e9e dans 16 des 21 \u00c9coles universitaires de recherche (EUR) du programme SMARTS-UP qui proposent une formation par la recherche, fortement interdisciplinaire et tr\u00e8s tourn\u00e9e vers l\u2019international gr\u00e2ce \u00e0 des aides \u00e0 la mobilit\u00e9 ou des doubles dipl\u00f4mes avec des universit\u00e9s \u00e9trang\u00e8res. \u00a0<\/p>\n<p>La Facult\u00e9 des Sciences \u00e9largit cette ouverture \u00e0 une \u00e9ducation internationale gr\u00e2ce \u00e0 des partenariats strat\u00e9giques avec les universit\u00e9s membres de Circle U, l\u2019Universit\u00e9 de Science et Technologie de Hanoi (USTH) et bient\u00f4t l\u2019Universit\u00e9 d\u2019Ottawa. Elle a nou\u00e9 des accords bilat\u00e9raux avec une\u00a0quarantaine de partenaires en Europe (Erasmus+ et Erasmus Mundus) et dans le monde.\u00a0<\/p>\n<p>La Facult\u00e9 a pour ambition d\u2019amplifier les relations internationales de ses formations professionnalisantes, en particulier au sein de l\u2019\u00e9cole d\u2019ing\u00e9nieur Denis Diderot (EIDD), dans le Bachelor universitaire de technologie (IUT Paris Pajol) et en proposant plusieurs dipl\u00f4mes universitaires internationaux (DIU). Elle est attentive au d\u00e9veloppement de stages dans les entreprises fran\u00e7aises pr\u00e9sentes \u00e0 l\u2019\u00e9tranger et \u00e0 nouer des liens forts avec d\u2019autres \u00e9coles d\u2019ing\u00e9nieurs \u00e0 l\u2019\u00e9tranger comme avec l\u2019ENIT de Tunis. Elle explore aussi des pistes ouvertes \u00e0 l\u2019\u00e9tranger par les r\u00e9seaux associant les mondes acad\u00e9miques et les entreprises (ex: IRD).<\/p>\n<p>En recherche, les\u00a042\u00a0unit\u00e9s de recherche rattach\u00e9es \u00e0 la Facult\u00e9 des Sciences (souvent en co-tutelles avec le CNRS, l\u2019INSERM, le CEA, l\u2019Institut Pasteur, etc.)\u00a0ont nou\u00e9 de tr\u00e8s nombreuses collaborations dans le monde entier. La Facult\u00e9 met cet ample r\u00e9seau au service de la formation par la recherche internationale de ses \u00e9tudiants de master pour leur proposer des stages dans des laboratoires \u00e9trangers et en aidant financi\u00e8rement\u00a0chaque ann\u00e9e\u00a0une vingtaine d\u2019entre eux \u00e0 aller travailler dans ces laboratoires. La Facult\u00e9 a pour objectif que chaque \u00e9tudiant en Sciences ait pu suivre au moins un semestre ou un stage \u00e0 l\u2019\u00e9tranger \u00e0 l\u2019issue de son cursus universitaire.\u00a0<\/p>\n<p>Les \u00e9coles doctorales de la Facult\u00e9 aident les doctorants \u00e0 acqu\u00e9rir une exp\u00e9rience \u00e0 l\u2019\u00e9tranger gr\u00e2ce \u00e0 une bourse de mobilit\u00e9 dans un laboratoire \u00e9tranger pendant leur th\u00e8se et\/ou une participation \u00e0 des \u00e9coles internationales th\u00e9matiques. Les \u00e9coles doctorales accueillent \u00e9galement de nombreux \u00e9tudiants \u00e9trangers en contrat doctoral.<\/p>\n<p>La Facult\u00e9 des Sciences accompagne les \u00e9changes scientifiques par-del\u00e0 les fronti\u00e8res en participant \u00e0 l\u2019organisation de colloques internationaux et en invitant chaque ann\u00e9e une quarantaine de chercheurs \u00e9trangers \u00e0 venir dans ses laboratoires pour plusieurs semaines. Elle soutient des programmes exploratoires de recherche avec plusieurs partenaires privil\u00e9gi\u00e9s (les universit\u00e9s de CircleU, l\u2019Universit\u00e9 Nationale de Singapour, le King\u2019s College de Londres, l\u2019Universit\u00e9 de Sciences et Technologie de Hano\u00ef). Une \u00e9quipe d\u00e9di\u00e9e de la Facult\u00e9 aide les \u00e9quipes de recherche au montage de projets en r\u00e9ponse \u00e0 des appels internationaux.<\/p>\n<p>Ouverte sur le monde, la soci\u00e9t\u00e9 et la culture scientifique, la Facult\u00e9 est attach\u00e9e \u00e0 l\u2019importance du plurilinguisme, et notamment du bilinguisme fran\u00e7ais-anglais, dans l\u2019apprentissage des sciences et pour la diffusion des connaissances scientifiques. Le dialogue avec le grand public, les d\u00e9cideurs et le monde socio-\u00e9conomique est au c\u0153ur de la d\u00e9marche adopt\u00e9e en lien avec le label \u00ab Science avec et pour la soci\u00e9t\u00e9 \u00bb autour de grands d\u00e9bats et de publications mettant en lumi\u00e8re les derni\u00e8res avanc\u00e9es des connaissances sur des sujets cl\u00e9s pour la soci\u00e9t\u00e9 (ex: The Conversation).<\/p>\n<p>[\/et_pb_toggle][et_pb_toggle admin_label=\u00a0\u00bbInternational policy\u00a0\u00bb _builder_version=\u00a0\u00bb3.22.1&Prime; title=\u00a0\u00bbInternational policy\u00a0\u00bb text_shadow_horizontal_length=\u00a0\u00bbtext_shadow_style,%91object Object%93&Prime; text_shadow_vertical_length=\u00a0\u00bbtext_shadow_style,%91object Object%93&Prime; text_shadow_blur_strength=\u00a0\u00bbtext_shadow_style,%91object Object%93&Prime; title_text_shadow_horizontal_length=\u00a0\u00bbtitle_text_shadow_style,%91object Object%93&Prime; title_text_shadow_vertical_length=\u00a0\u00bbtitle_text_shadow_style,%91object Object%93&Prime; title_text_shadow_blur_strength=\u00a0\u00bbtitle_text_shadow_style,%91object Object%93&Prime; body_text_shadow_horizontal_length=\u00a0\u00bbbody_text_shadow_style,%91object Object%93&Prime; body_text_shadow_vertical_length=\u00a0\u00bbbody_text_shadow_style,%91object Object%93&Prime; body_text_shadow_blur_strength=\u00a0\u00bbbody_text_shadow_style,%91object Object%93&Prime; z_index_tablet=\u00a0\u00bb500&Prime;]<\/p>\n<p>The Faculty of Science has long promoted international exchanges and openness to the world in its training and research activities. It has forged links on all continents and its ambition is to open up its bachelor&rsquo;s and master&rsquo;s students to research advances at the highest international level.<\/p>\n<p>The Faculty of Science plays an important role within the Universit\u00e9 Paris Cit\u00e9 with its 44 master&rsquo;s courses,\u00a0most of which are open to international students and offer courses in English. It participates to 16 of the 21 Graduate Schools of the SMARTS-UP programme that offer training through research. This training is highly interdisciplinary and very internationally oriented through mobility grants or double degrees with foreign universities. \u00a0<\/p>\n<p>The Faculty of Science is expanding this access to international education through strategic partnerships with the member universities of Circle U, the University of Science and Technology of Hanoi (USTH) and soon the University of Ottawa. It has established bilateral agreements with some\u00a0forty partners in Europe (Erasmus+ and Erasmus Mundus) and worldwide.\u00a0<\/p>\n<p>The Faculty&rsquo;s ambition is to expand international relations in its professional training courses, in particular within the Denis Diderot School of Engineering (EIDD), in its Bachelor of Technology degree (at IUT Paris Pajol) and by proposing several international university diplomas (DIU). It is attentive to the development of internships in French companies stationed abroad and to forging strong links with foreign engineering schools, such as the ENIT in Tunis. It also explores the avenues opened up abroad by networks associating the academic world and companies (e.g. IRD).<\/p>\n<p>In research, the\u00a042 research units attached to the Faculty of Science (often under joint supervision with the CNRS, INSERM, CEA, Institut Pasteur, etc.) have established numerous collaborations throughout the world. The Faculty puts this extensive network at the service of its master&rsquo;s students to find internships in foreign laboratories to expose them to international research. It financially helps about twenty of them each year to stay and work in these laboratories. The Faculty\u2019s objective is that each student in Science should have been able to follow at least one semester or one internship abroad at the end of his\/her university education.\u00a0<\/p>\n<p>The Faculty&rsquo;s doctoral schools help PhD students to gain experience abroad through a mobility grant in a foreign laboratory during their thesis and\/or participation in thematic international schools. The doctoral schools also welcome\u00a0many foreign students on doctoral contracts.\u00a0<\/p>\n<p>The Faculty of Science supports scientific exchanges across borders by participating in the organisation of international symposia and by inviting each year some forty foreign researchers to stay in its laboratories for several weeks. The Faculty supports exploratory research programmes with several privileged partners (the universities of Circle U, the National University of Singapore, King&rsquo;s College London, the University of Science and Technology of Hanoi). A dedicated team in the Faculty assists research teams in setting up projects in response to international research calls.<\/p>\n<p>Open to the world, society and scientific culture, the Faculty is committed to the importance of multilingualism, and in particular French-English bilingualism, in the learning of science and in the dissemination of scientific knowledge. Dialogue with the general public, decision-makers and the socio-economic world is at the heart of the approach adopted in connection with the \u00ab\u00a0Science with and for society\u00a0\u00bb label, promoting large debates and publications highlighting the latest advances in knowledge on key issues for society (e.g. The Conversation).<\/p>\n<p>[\/et_pb_toggle][et_pb_divider _builder_version=\u00a0\u00bb3.22.1&Prime; show_divider=\u00a0\u00bboff\u00a0\u00bb z_index_tablet=\u00a0\u00bb500&Prime; \/][\/et_pb_column][et_pb_column type=\u00a0\u00bb1_4&Prime;][et_pb_divider _builder_version=\u00a0\u00bb3.22.1&Prime; show_divider=\u00a0\u00bboff\u00a0\u00bb z_index_tablet=\u00a0\u00bb500&Prime; \/][et_pb_text _builder_version=\u00a0\u00bb3.22.1&Prime; text_text_shadow_horizontal_length=\u00a0\u00bbtext_text_shadow_style,%91object Object%93&Prime; text_text_shadow_vertical_length=\u00a0\u00bbtext_text_shadow_style,%91object Object%93&Prime; text_text_shadow_blur_strength=\u00a0\u00bbtext_text_shadow_style,%91object Object%93&Prime; link_text_shadow_horizontal_length=\u00a0\u00bblink_text_shadow_style,%91object Object%93&Prime; link_text_shadow_vertical_length=\u00a0\u00bblink_text_shadow_style,%91object Object%93&Prime; link_text_shadow_blur_strength=\u00a0\u00bblink_text_shadow_style,%91object Object%93&Prime; ul_text_shadow_horizontal_length=\u00a0\u00bbul_text_shadow_style,%91object Object%93&Prime; ul_text_shadow_vertical_length=\u00a0\u00bbul_text_shadow_style,%91object Object%93&Prime; ul_text_shadow_blur_strength=\u00a0\u00bbul_text_shadow_style,%91object Object%93&Prime; ol_text_shadow_horizontal_length=\u00a0\u00bbol_text_shadow_style,%91object Object%93&Prime; ol_text_shadow_vertical_length=\u00a0\u00bbol_text_shadow_style,%91object Object%93&Prime; ol_text_shadow_blur_strength=\u00a0\u00bbol_text_shadow_style,%91object Object%93&Prime; quote_text_shadow_horizontal_length=\u00a0\u00bbquote_text_shadow_style,%91object Object%93&Prime; quote_text_shadow_vertical_length=\u00a0\u00bbquote_text_shadow_style,%91object Object%93&Prime; quote_text_shadow_blur_strength=\u00a0\u00bbquote_text_shadow_style,%91object Object%93&Prime; quote_border_weight=\u00a0\u00bb3px\u00a0\u00bb header_text_shadow_horizontal_length=\u00a0\u00bbheader_text_shadow_style,%91object Object%93&Prime; header_text_shadow_vertical_length=\u00a0\u00bbheader_text_shadow_style,%91object Object%93&Prime; header_text_shadow_blur_strength=\u00a0\u00bbheader_text_shadow_style,%91object Object%93&Prime; header_2_text_shadow_horizontal_length=\u00a0\u00bbheader_2_text_shadow_style,%91object Object%93&Prime; header_2_text_shadow_vertical_length=\u00a0\u00bbheader_2_text_shadow_style,%91object Object%93&Prime; header_2_text_shadow_blur_strength=\u00a0\u00bbheader_2_text_shadow_style,%91object Object%93&Prime; header_3_text_shadow_horizontal_length=\u00a0\u00bbheader_3_text_shadow_style,%91object Object%93&Prime; header_3_text_shadow_vertical_length=\u00a0\u00bbheader_3_text_shadow_style,%91object Object%93&Prime; header_3_text_shadow_blur_strength=\u00a0\u00bbheader_3_text_shadow_style,%91object Object%93&Prime; header_4_text_shadow_horizontal_length=\u00a0\u00bbheader_4_text_shadow_style,%91object Object%93&Prime; header_4_text_shadow_vertical_length=\u00a0\u00bbheader_4_text_shadow_style,%91object Object%93&Prime; header_4_text_shadow_blur_strength=\u00a0\u00bbheader_4_text_shadow_style,%91object Object%93&Prime; header_5_text_shadow_horizontal_length=\u00a0\u00bbheader_5_text_shadow_style,%91object Object%93&Prime; header_5_text_shadow_vertical_length=\u00a0\u00bbheader_5_text_shadow_style,%91object Object%93&Prime; header_5_text_shadow_blur_strength=\u00a0\u00bbheader_5_text_shadow_style,%91object Object%93&Prime; header_6_text_shadow_horizontal_length=\u00a0\u00bbheader_6_text_shadow_style,%91object Object%93&Prime; header_6_text_shadow_vertical_length=\u00a0\u00bbheader_6_text_shadow_style,%91object Object%93&Prime; header_6_text_shadow_blur_strength=\u00a0\u00bbheader_6_text_shadow_style,%91object Object%93&Prime; z_index_tablet=\u00a0\u00bb500&Prime;]<\/p>\n<blockquote>\n<p><strong>Vice-doyenne Relations Internationales<br \/><\/strong>Val\u00e9rie SERRE<\/p>\n<\/blockquote>\n<p>[\/et_pb_text][\/et_pb_column][\/et_pb_row][\/et_pb_section][et_pb_section bb_built=\u00a0\u00bb1&Prime; specialty=\u00a0\u00bboff\u00a0\u00bb _builder_version=\u00a0\u00bb3.21&Prime; custom_padding=\u00a0\u00bb0px||0px|\u00a0\u00bb prev_background_color=\u00a0\u00bb#000000&Prime; inner_width=\u00a0\u00bbauto\u00a0\u00bb inner_max_width=\u00a0\u00bbnone\u00a0\u00bb][et_pb_row _builder_version=\u00a0\u00bb3.19.11&Prime; width=\u00a0\u00bb80%\u00a0\u00bb max_width=\u00a0\u00bb1080px\u00a0\u00bb][et_pb_column type=\u00a0\u00bb4_4&Prime;][et_pb_text admin_label=\u00a0\u00bb\u00c0 lire aussi\u00a0\u00bb _builder_version=\u00a0\u00bb3.21&Prime;]<\/p>\n<h2><span class=\"st\">\u00c0<\/span> lire aussi<\/h2>\n<p>[\/et_pb_text][et_pb_blog _builder_version=\u00a0\u00bb3.21&Prime; posts_number=\u00a0\u00bb4&Prime; include_categories=\u00a0\u00bb13&Prime; show_author=\u00a0\u00bboff\u00a0\u00bb show_date=\u00a0\u00bboff\u00a0\u00bb show_pagination=\u00a0\u00bboff\u00a0\u00bb border_width_bottom_fullwidth=\u00a0\u00bb1px\u00a0\u00bb border_color_bottom_fullwidth=\u00a0\u00bbrgba(51,51,51,0.18)\u00a0\u00bb custom_padding=\u00a0\u00bb||50px|\u00a0\u00bb module_id=\u00a0\u00bbpage_type_blog\u00a0\u00bb header_level=\u00a0\u00bbh4&Prime; \/][\/et_pb_column][\/et_pb_row][\/et_pb_section]<\/p>\n","protected":false},"excerpt":{"rendered":"<div class=\"et_pb_row et_pb_row_0 et_pb_row_empty\"><\/div>\n<div class=\"et_pb_row et_pb_row_1 et_pb_row_empty\"><\/div>\n<p> La Facult\u00e9 des Sciences met depuis longtemps en avant les \u00e9changes internationaux et l&rsquo;ouverture sur le monde dans ses activit\u00e9s de formation et de recherche. Elle a tiss\u00e9 des liens sur tous les continents et elle a pour ambition d\u2019ouvrir ses \u00e9tudiants de licences et de masters aux avanc\u00e9es de la recherche au plus&hellip; <a class=\"continue\" href=\"https:\/\/wordpress-test.app.u-pariscite.fr\/sciences\/politique-internationale\/\">Lire la suite<span> Politique internationale<\/span><\/a><\/p>\n","protected":false},"author":35,"featured_media":0,"parent":0,"menu_order":0,"comment_status":"closed","ping_status":"closed","template":"","meta":{"_et_pb_use_builder":"on","_et_pb_old_content":"","_et_gb_content_width":"","footnotes":""},"class_list":["post-184","page","type-page","status-publish","hentry"],"_links":{"self":[{"href":"https:\/\/wordpress-test.app.u-pariscite.fr\/sciences\/wp-json\/wp\/v2\/pages\/184","targetHints":{"allow":["GET"]}}],"collection":[{"href":"https:\/\/wordpress-test.app.u-pariscite.fr\/sciences\/wp-json\/wp\/v2\/pages"}],"about":[{"href":"https:\/\/wordpress-test.app.u-pariscite.fr\/sciences\/wp-json\/wp\/v2\/types\/page"}],"author":[{"embeddable":true,"href":"https:\/\/wordpress-test.app.u-pariscite.fr\/sciences\/wp-json\/wp\/v2\/users\/35"}],"replies":[{"embeddable":true,"href":"https:\/\/wordpress-test.app.u-pariscite.fr\/sciences\/wp-json\/wp\/v2\/comments?post=184"}],"version-history":[{"count":22,"href":"https:\/\/wordpress-test.app.u-pariscite.fr\/sciences\/wp-json\/wp\/v2\/pages\/184\/revisions"}],"predecessor-version":[{"id":3580,"href":"https:\/\/wordpress-test.app.u-pariscite.fr\/sciences\/wp-json\/wp\/v2\/pages\/184\/revisions\/3580"}],"wp:attachment":[{"href":"https:\/\/wordpress-test.app.u-pariscite.fr\/sciences\/wp-json\/wp\/v2\/media?parent=184"}],"curies":[{"name":"wp","href":"https:\/\/api.w.org\/{rel}","templated":true}]}}