{"id":135,"date":"2020-06-29T13:48:46","date_gmt":"2020-06-29T11:48:46","guid":{"rendered":"https:\/\/wordpress-test.app.u-pariscite.fr\/sciences\/?page_id=135"},"modified":"2024-10-17T11:44:15","modified_gmt":"2024-10-17T09:44:15","slug":"labex","status":"publish","type":"page","link":"https:\/\/wordpress-test.app.u-pariscite.fr\/sciences\/labex\/","title":{"rendered":"Les Laboratoires d&rsquo;excellence"},"content":{"rendered":"<p>[et_pb_section bb_built=\u00a0\u00bb1&Prime; _builder_version=\u00a0\u00bb3.22&Prime; next_background_color=\u00a0\u00bb#000000&Prime;][et_pb_row _builder_version=\u00a0\u00bb3.22&Prime; background_size=\u00a0\u00bbinitial\u00a0\u00bb background_position=\u00a0\u00bbtop_left\u00a0\u00bb background_repeat=\u00a0\u00bbrepeat\u00a0\u00bb][et_pb_column type=\u00a0\u00bb4_4&Prime;][et_pb_post_title admin_label=\u00a0\u00bbTitre de la page\u00a0\u00bb meta=\u00a0\u00bboff\u00a0\u00bb featured_image=\u00a0\u00bboff\u00a0\u00bb _builder_version=\u00a0\u00bb3.19.11&Prime;]<\/p>\n<p><\/p>\n<p>[\/et_pb_post_title][\/et_pb_column][\/et_pb_row][et_pb_row _builder_version=\u00a0\u00bb3.22&Prime; background_size=\u00a0\u00bbinitial\u00a0\u00bb background_position=\u00a0\u00bbtop_left\u00a0\u00bb background_repeat=\u00a0\u00bbrepeat\u00a0\u00bb][et_pb_column type=\u00a0\u00bb3_4&Prime;][et_pb_text admin_label=\u00a0\u00bbIntro\u00a0\u00bb module_id=\u00a0\u00bbintro\u00a0\u00bb _builder_version=\u00a0\u00bb3.22.1&Prime; z_index_tablet=\u00a0\u00bb500&Prime;]<\/p>\n<div class=\"page\" title=\"Page 1\">\n<div class=\"layoutArea\">\n<div class=\"column\">\n<p>La Facult\u00e9 des Sciences compte trois laboratoires d&rsquo;excellence (LabEx) : \u00ab\u00a0SEAM\u00a0\u00bb, \u00ab\u00a0UnivEarthS\u00a0\u00bb, \u00ab\u00a0Who Am I?\u00a0\u00bb. Chaque LabEx rassemble des \u00e9quipes de recherche pour d\u00e9velopper des projets scientifiques ambitieux \u00e0 vis\u00e9e internationale, construire une politique int\u00e9gr\u00e9e de recherche, de formation et de valorisation, et accueillir des \u00e9tudiant.e.s et des chercheur.e.s de haut niveau.<\/p>\n<\/div>\n<\/div>\n<\/div>\n<p>[\/et_pb_text][\/et_pb_column][et_pb_column type=\u00a0\u00bb1_4&Prime;][\/et_pb_column][\/et_pb_row][et_pb_row module_id=\u00a0\u00bbimage-page-type\u00a0\u00bb _builder_version=\u00a0\u00bb3.22&Prime;][et_pb_column type=\u00a0\u00bb3_4&Prime;][et_pb_image admin_label=\u00a0\u00bbImage 1920 x 1080&Prime; src=\u00a0\u00bbhttps:\/\/wordpress-test.app.u-pariscite.fr\/sciences\/wp-content\/uploads\/sites\/21\/2022\/05\/Labex.jpg\u00a0\u00bb module_id=\u00a0\u00bbimage-page\u00a0\u00bb _builder_version=\u00a0\u00bb3.22.1&Prime; z_index_tablet=\u00a0\u00bb500&Prime;]<\/p>\n<p><\/p>\n<p>[\/et_pb_image][\/et_pb_column][et_pb_column type=\u00a0\u00bb1_4&Prime;][et_pb_text admin_label=\u00a0\u00bbTexte image\u00a0\u00bb module_id=\u00a0\u00bbtexte-image\u00a0\u00bb _builder_version=\u00a0\u00bb3.22.1&Prime; custom_margin=\u00a0\u00bb|-15px||\u00a0\u00bb z_index_tablet=\u00a0\u00bb500&Prime;]<\/p>\n<p><\/p>\n<p>[\/et_pb_text][\/et_pb_column][\/et_pb_row][et_pb_row _builder_version=\u00a0\u00bb3.22&Prime; background_size=\u00a0\u00bbinitial\u00a0\u00bb background_position=\u00a0\u00bbtop_left\u00a0\u00bb background_repeat=\u00a0\u00bbrepeat\u00a0\u00bb][et_pb_column type=\u00a0\u00bb3_4&Prime;][et_pb_text module_id=\u00a0\u00bbcontenu\u00a0\u00bb _builder_version=\u00a0\u00bb3.22.1&Prime; z_index_tablet=\u00a0\u00bb500&Prime; text_text_shadow_horizontal_length=\u00a0\u00bbtext_text_shadow_style,%91object Object%93&Prime; text_text_shadow_vertical_length=\u00a0\u00bbtext_text_shadow_style,%91object Object%93&Prime; text_text_shadow_blur_strength=\u00a0\u00bbtext_text_shadow_style,%91object Object%93&Prime; link_text_shadow_horizontal_length=\u00a0\u00bblink_text_shadow_style,%91object Object%93&Prime; link_text_shadow_vertical_length=\u00a0\u00bblink_text_shadow_style,%91object Object%93&Prime; link_text_shadow_blur_strength=\u00a0\u00bblink_text_shadow_style,%91object Object%93&Prime; ul_text_shadow_horizontal_length=\u00a0\u00bbul_text_shadow_style,%91object Object%93&Prime; ul_text_shadow_vertical_length=\u00a0\u00bbul_text_shadow_style,%91object Object%93&Prime; ul_text_shadow_blur_strength=\u00a0\u00bbul_text_shadow_style,%91object Object%93&Prime; ol_text_shadow_horizontal_length=\u00a0\u00bbol_text_shadow_style,%91object Object%93&Prime; ol_text_shadow_vertical_length=\u00a0\u00bbol_text_shadow_style,%91object Object%93&Prime; ol_text_shadow_blur_strength=\u00a0\u00bbol_text_shadow_style,%91object Object%93&Prime; quote_text_shadow_horizontal_length=\u00a0\u00bbquote_text_shadow_style,%91object Object%93&Prime; quote_text_shadow_vertical_length=\u00a0\u00bbquote_text_shadow_style,%91object Object%93&Prime; quote_text_shadow_blur_strength=\u00a0\u00bbquote_text_shadow_style,%91object Object%93&Prime; header_text_shadow_horizontal_length=\u00a0\u00bbheader_text_shadow_style,%91object Object%93&Prime; header_text_shadow_vertical_length=\u00a0\u00bbheader_text_shadow_style,%91object Object%93&Prime; header_text_shadow_blur_strength=\u00a0\u00bbheader_text_shadow_style,%91object Object%93&Prime; header_2_text_shadow_horizontal_length=\u00a0\u00bbheader_2_text_shadow_style,%91object Object%93&Prime; header_2_text_shadow_vertical_length=\u00a0\u00bbheader_2_text_shadow_style,%91object Object%93&Prime; header_2_text_shadow_blur_strength=\u00a0\u00bbheader_2_text_shadow_style,%91object Object%93&Prime; header_3_text_shadow_horizontal_length=\u00a0\u00bbheader_3_text_shadow_style,%91object Object%93&Prime; header_3_text_shadow_vertical_length=\u00a0\u00bbheader_3_text_shadow_style,%91object Object%93&Prime; header_3_text_shadow_blur_strength=\u00a0\u00bbheader_3_text_shadow_style,%91object Object%93&Prime; header_4_text_shadow_horizontal_length=\u00a0\u00bbheader_4_text_shadow_style,%91object Object%93&Prime; header_4_text_shadow_vertical_length=\u00a0\u00bbheader_4_text_shadow_style,%91object Object%93&Prime; header_4_text_shadow_blur_strength=\u00a0\u00bbheader_4_text_shadow_style,%91object Object%93&Prime; header_5_text_shadow_horizontal_length=\u00a0\u00bbheader_5_text_shadow_style,%91object Object%93&Prime; header_5_text_shadow_vertical_length=\u00a0\u00bbheader_5_text_shadow_style,%91object Object%93&Prime; header_5_text_shadow_blur_strength=\u00a0\u00bbheader_5_text_shadow_style,%91object Object%93&Prime; header_6_text_shadow_horizontal_length=\u00a0\u00bbheader_6_text_shadow_style,%91object Object%93&Prime; header_6_text_shadow_vertical_length=\u00a0\u00bbheader_6_text_shadow_style,%91object Object%93&Prime; header_6_text_shadow_blur_strength=\u00a0\u00bbheader_6_text_shadow_style,%91object Object%93&Prime;]<\/p>\n<h3>Le LabEx SEAM \u2013 Science and Engineering for Advanced Materials<\/h3>\n<p>Les technologies qui nous entourent reposent de plus en plus, non seulement sur la composition des mat\u00e9riaux, mais aussi sur leur configuration physique \u00e0 une \u00e9chelle trop fine pour faire appel aux outils traditionnels. Aussi, pour r\u00e9pondre aux d\u00e9fis scientifiques et\u00a0technologiques qui nous attendent, des avanc\u00e9es profondes sont n\u00e9cessaires en sciences des mat\u00e9riaux. SEAM mobilise l\u2019expertise d\u2019\u00e9quipes de niveau mondial ainsi que des \u00e9quipements de pointe pour r\u00e9pondre \u00e0 ces besoins.<\/p>\n<p>Co-Directeurs : Brigitte Bacroix (Paris 13), Christian Ricolleau (Universit\u00e9 Paris Cit\u00e9)<br \/>\u00c9tablissements : Paris 13, Universit\u00e9 Paris Cit\u00e9, CNRS<br \/><a href=\"http:\/\/www.labex-seam.fr\/\">Site web &gt;<\/a><\/p>\n<h3><strong><br \/><\/strong>Le LabEx UnivEarthS<\/h3>\n<p>Le LabEx UnivEarthS se place dans une perspective temporelle immens\u00e9ment vaste\u00a0: du big bang \u00e0 la pr\u00e9diction de l\u2019\u00e9volution du cosmos, en passant par la formation de la Terre et son \u00e9volution\u00a0dans les \u00e9ons pass\u00e9s, le tout sans oublier les variations sismiques ou gravitationnelles qu\u2019elle subit de nos jours. Le reste de l\u2019Univers n\u2019est pas oubli\u00e9\u00a0; Titan, par exemple, fait l\u2019objet d\u2019une \u00e9tude climatique et g\u00e9ologique gr\u00e2ce au Labex.<\/p>\n<p>Co-Directeurs : Marc Chaussidon (Institut de physique du globe de Paris) et Antoine Kouchner (Universit\u00e9 Paris Cit\u00e9)<br \/>\u00c9tablissements : IPGP, Universit\u00e9 Paris Cit\u00e9, CNRS<br \/><a href=\"http:\/\/www.univearths.fr\/fr\/\">Site web &gt;<\/a><\/p>\n<h3><strong><br \/><\/strong>Le LabEx Who Am I?<\/h3>\n<p>Who Am I? est un programme ambitieux qui applique une approche globale \u00e0 un concept vaste et prot\u00e9iforme : l\u2019identit\u00e9. Cette notion s\u2019\u00e9tend de la biologie fondamentale (identit\u00e9 et diff\u00e9rentiation cellulaire, identit\u00e9 g\u00e9n\u00e9tique,) \u00e0 la m\u00e9decine (greffe et rejet, relations symbiotiques) et jusqu\u2019\u00e0 la psychanalyse ou la philosophie (construction de l\u2019individu, perte ou constitution d\u2019identit\u00e9). Objet interdisciplinaire par excellence, l\u2019identit\u00e9 requiert une approche en r\u00e9seau et la construction de nouvelles alliances. Who am I? int\u00e8gre \u00e9galement deux unit\u00e9s de recherche de la Facult\u00e9 Soci\u00e9t\u00e9s et Humanit\u00e9s.<\/p>\n<p>Co-Directeurs : Claire Rougeulle (CNRS), Benoit Ladoux (CNRS)<br \/>\u00c9tablissements : Universit\u00e9 Paris Cit\u00e9, CNRS, Inserm<br \/><a href=\"https:\/\/wordpress-test.app.u-pariscite.fr\/who-am-i\/\">Site web &gt;<\/a><\/p>\n<p>\u00a0<\/p>\n<p><em>Les laboratoires de la Facult\u00e9 des Sciences sont \u00e9galement impliqu\u00e9s dans le LabEX Gr-Ex port\u00e9 par la Facult\u00e9 Sant\u00e9 :<\/em><\/p>\n<h3>Le LabEx Gr-Ex \u2013 Biog\u00e9n\u00e8se et Pathologies du Globule Rouge<\/h3>\n<p>GR-Ex est un r\u00e9seau national, centralis\u00e9 et dirig\u00e9 par ASPC, qui se donne pour ambition de revitaliser et de renforcer la recherche en France sur le globule rouge. Il d\u00e9veloppe les collaborations entre \u00e9quipes jusqu\u2019ici dispers\u00e9es pour cr\u00e9er de nouvelles interfaces et de nouvelles r\u00e9ponses, non seulement en termes de traitement, mais aussi de tests diagnostiques, d\u2019imagerie ou de mesures biophysiques.<\/p>\n<p><strong>Directeur<\/strong>\u00a0: Olivier Hermine (Universit\u00e9 Paris Cit\u00e9)<br \/><strong>\u00c9tablissements<\/strong>\u00a0: Universit\u00e9 Paris Cit\u00e9, CNRS, Inserm<br \/><a href=\"http:\/\/www.labex-grex.com\/\" target=\"_blank\" rel=\"noopener noreferrer\">Site web &gt;<\/a><\/p>\n<p>[\/et_pb_text][\/et_pb_column][et_pb_column type=\u00a0\u00bb1_4&Prime;][\/et_pb_column][\/et_pb_row][\/et_pb_section][et_pb_section bb_built=\u00a0\u00bb1&Prime; _builder_version=\u00a0\u00bb3.22&Prime; custom_padding=\u00a0\u00bb0px||0px|\u00a0\u00bb prev_background_color=\u00a0\u00bb#000000&Prime;][et_pb_row _builder_version=\u00a0\u00bb3.22&Prime;][et_pb_column type=\u00a0\u00bb4_4&Prime;][et_pb_text admin_label=\u00a0\u00bb\u00c0 lire aussi\u00a0\u00bb _builder_version=\u00a0\u00bb3.21&Prime;]<\/p>\n<h2><span class=\"st\">\u00c0<\/span> lire aussi<\/h2>\n<p>[\/et_pb_text][et_pb_blog posts_number=\u00a0\u00bb4&Prime; include_categories=\u00a0\u00bb17&Prime; show_author=\u00a0\u00bboff\u00a0\u00bb show_date=\u00a0\u00bboff\u00a0\u00bb show_pagination=\u00a0\u00bboff\u00a0\u00bb module_id=\u00a0\u00bbpage_type_blog\u00a0\u00bb _builder_version=\u00a0\u00bb3.22.1&Prime; header_level=\u00a0\u00bbh4&Prime; border_width_bottom_fullwidth=\u00a0\u00bb1px\u00a0\u00bb border_color_bottom_fullwidth=\u00a0\u00bbrgba(51,51,51,0.18)\u00a0\u00bb custom_padding=\u00a0\u00bb||50px|\u00a0\u00bb z_index_tablet=\u00a0\u00bb500&Prime;]<\/p>\n<p><\/p>\n<p>[\/et_pb_blog][\/et_pb_column][\/et_pb_row][\/et_pb_section]<\/p>\n","protected":false},"excerpt":{"rendered":"<p>La Facult\u00e9 des Sciences compte trois laboratoires d&rsquo;excellence (LabEx) : \u00ab\u00a0SEAM\u00a0\u00bb, \u00ab\u00a0UnivEarthS\u00a0\u00bb, \u00ab\u00a0Who Am I?\u00a0\u00bb. Chaque LabEx rassemble des \u00e9quipes de recherche pour d\u00e9velopper des projets scientifiques ambitieux \u00e0 vis\u00e9e internationale, construire une politique int\u00e9gr\u00e9e de recherche, de formation et de valorisation, et accueillir des \u00e9tudiant.e.s et des chercheur.e.s de haut niveau. Le LabEx SEAM&hellip; <a class=\"continue\" href=\"https:\/\/wordpress-test.app.u-pariscite.fr\/sciences\/labex\/\">Lire la suite<span> Les Laboratoires d&rsquo;excellence<\/span><\/a><\/p>\n","protected":false},"author":35,"featured_media":0,"parent":0,"menu_order":0,"comment_status":"closed","ping_status":"closed","template":"","meta":{"_et_pb_use_builder":"on","_et_pb_old_content":"","_et_gb_content_width":"","footnotes":""},"class_list":["post-135","page","type-page","status-publish","hentry"],"_links":{"self":[{"href":"https:\/\/wordpress-test.app.u-pariscite.fr\/sciences\/wp-json\/wp\/v2\/pages\/135","targetHints":{"allow":["GET"]}}],"collection":[{"href":"https:\/\/wordpress-test.app.u-pariscite.fr\/sciences\/wp-json\/wp\/v2\/pages"}],"about":[{"href":"https:\/\/wordpress-test.app.u-pariscite.fr\/sciences\/wp-json\/wp\/v2\/types\/page"}],"author":[{"embeddable":true,"href":"https:\/\/wordpress-test.app.u-pariscite.fr\/sciences\/wp-json\/wp\/v2\/users\/35"}],"replies":[{"embeddable":true,"href":"https:\/\/wordpress-test.app.u-pariscite.fr\/sciences\/wp-json\/wp\/v2\/comments?post=135"}],"version-history":[{"count":20,"href":"https:\/\/wordpress-test.app.u-pariscite.fr\/sciences\/wp-json\/wp\/v2\/pages\/135\/revisions"}],"predecessor-version":[{"id":5398,"href":"https:\/\/wordpress-test.app.u-pariscite.fr\/sciences\/wp-json\/wp\/v2\/pages\/135\/revisions\/5398"}],"wp:attachment":[{"href":"https:\/\/wordpress-test.app.u-pariscite.fr\/sciences\/wp-json\/wp\/v2\/media?parent=135"}],"curies":[{"name":"wp","href":"https:\/\/api.w.org\/{rel}","templated":true}]}}