{"id":1307,"date":"2022-05-15T13:56:43","date_gmt":"2022-05-15T11:56:43","guid":{"rendered":"https:\/\/wordpress-test.app.u-pariscite.fr\/sciences\/?page_id=1307"},"modified":"2024-11-06T14:29:32","modified_gmt":"2024-11-06T13:29:32","slug":"partenariats-industriels","status":"publish","type":"page","link":"https:\/\/wordpress-test.app.u-pariscite.fr\/sciences\/partenariats-industriels\/","title":{"rendered":"Partenariats industriels et Innovation"},"content":{"rendered":"<p>[et_pb_section bb_built=\u00a0\u00bb1&Prime; next_background_color=\u00a0\u00bb#000000&Prime; inner_width=\u00a0\u00bbauto\u00a0\u00bb inner_max_width=\u00a0\u00bbnone\u00a0\u00bb][et_pb_row][et_pb_column type=\u00a0\u00bb4_4&Prime;][et_pb_post_title admin_label=\u00a0\u00bbTitre de la page\u00a0\u00bb _builder_version=\u00a0\u00bb3.19.11&Prime; meta=\u00a0\u00bboff\u00a0\u00bb featured_image=\u00a0\u00bboff\u00a0\u00bb \/][\/et_pb_column][\/et_pb_row][et_pb_row][et_pb_column type=\u00a0\u00bb3_4&Prime;][et_pb_text admin_label=\u00a0\u00bbIntro\u00a0\u00bb _builder_version=\u00a0\u00bb3.22.1&Prime; module_id=\u00a0\u00bbintro\u00a0\u00bb text_text_shadow_horizontal_length=\u00a0\u00bbtext_text_shadow_style,%91object Object%93&Prime; text_text_shadow_vertical_length=\u00a0\u00bbtext_text_shadow_style,%91object Object%93&Prime; text_text_shadow_blur_strength=\u00a0\u00bbtext_text_shadow_style,%91object Object%93&Prime; link_text_shadow_horizontal_length=\u00a0\u00bblink_text_shadow_style,%91object Object%93&Prime; link_text_shadow_vertical_length=\u00a0\u00bblink_text_shadow_style,%91object Object%93&Prime; link_text_shadow_blur_strength=\u00a0\u00bblink_text_shadow_style,%91object Object%93&Prime; ul_text_shadow_horizontal_length=\u00a0\u00bbul_text_shadow_style,%91object Object%93&Prime; ul_text_shadow_vertical_length=\u00a0\u00bbul_text_shadow_style,%91object Object%93&Prime; ul_text_shadow_blur_strength=\u00a0\u00bbul_text_shadow_style,%91object Object%93&Prime; ol_text_shadow_horizontal_length=\u00a0\u00bbol_text_shadow_style,%91object Object%93&Prime; ol_text_shadow_vertical_length=\u00a0\u00bbol_text_shadow_style,%91object Object%93&Prime; ol_text_shadow_blur_strength=\u00a0\u00bbol_text_shadow_style,%91object Object%93&Prime; quote_text_shadow_horizontal_length=\u00a0\u00bbquote_text_shadow_style,%91object Object%93&Prime; quote_text_shadow_vertical_length=\u00a0\u00bbquote_text_shadow_style,%91object Object%93&Prime; quote_text_shadow_blur_strength=\u00a0\u00bbquote_text_shadow_style,%91object Object%93&Prime; header_text_shadow_horizontal_length=\u00a0\u00bbheader_text_shadow_style,%91object Object%93&Prime; header_text_shadow_vertical_length=\u00a0\u00bbheader_text_shadow_style,%91object Object%93&Prime; header_text_shadow_blur_strength=\u00a0\u00bbheader_text_shadow_style,%91object Object%93&Prime; header_2_text_shadow_horizontal_length=\u00a0\u00bbheader_2_text_shadow_style,%91object Object%93&Prime; header_2_text_shadow_vertical_length=\u00a0\u00bbheader_2_text_shadow_style,%91object Object%93&Prime; header_2_text_shadow_blur_strength=\u00a0\u00bbheader_2_text_shadow_style,%91object Object%93&Prime; header_3_text_shadow_horizontal_length=\u00a0\u00bbheader_3_text_shadow_style,%91object Object%93&Prime; header_3_text_shadow_vertical_length=\u00a0\u00bbheader_3_text_shadow_style,%91object Object%93&Prime; header_3_text_shadow_blur_strength=\u00a0\u00bbheader_3_text_shadow_style,%91object Object%93&Prime; header_4_text_shadow_horizontal_length=\u00a0\u00bbheader_4_text_shadow_style,%91object Object%93&Prime; header_4_text_shadow_vertical_length=\u00a0\u00bbheader_4_text_shadow_style,%91object Object%93&Prime; header_4_text_shadow_blur_strength=\u00a0\u00bbheader_4_text_shadow_style,%91object Object%93&Prime; header_5_text_shadow_horizontal_length=\u00a0\u00bbheader_5_text_shadow_style,%91object Object%93&Prime; header_5_text_shadow_vertical_length=\u00a0\u00bbheader_5_text_shadow_style,%91object Object%93&Prime; header_5_text_shadow_blur_strength=\u00a0\u00bbheader_5_text_shadow_style,%91object Object%93&Prime; header_6_text_shadow_horizontal_length=\u00a0\u00bbheader_6_text_shadow_style,%91object Object%93&Prime; header_6_text_shadow_vertical_length=\u00a0\u00bbheader_6_text_shadow_style,%91object Object%93&Prime; header_6_text_shadow_blur_strength=\u00a0\u00bbheader_6_text_shadow_style,%91object Object%93&Prime; z_index_tablet=\u00a0\u00bb500&Prime;]<\/p>\n<div class=\"page\" title=\"Page 1\">\n<div class=\"layoutArea\">\n<div class=\"column\">\n<p style=\"text-align: left\">L\u2019universit\u00e9 Paris Cit\u00e9, dont l\u2019une des missions fondamentales est la valorisation de la recherche, contribue \u00e0 la cr\u00e9ation de produits et services innovants en r\u00e9ponse aux grands d\u00e9fis soci\u00e9taux. Dans son acception large, la valorisation de la recherche renvoie au transfert des comp\u00e9tences et expertises du monde acad\u00e9mique vers le monde socio-\u00e9conomique\u00a0: actifs de propri\u00e9t\u00e9 intellectuelle (brevet, logiciel\u2026), savoir-faire, cr\u00e9ation de start-up\/spin-off mais aussi collaborations de recherche entre un laboratoire et une entreprise. Toutes les formes de valorisation sont soutenues \u00e0 la Facult\u00e9 des Sciences, dot\u00e9e d\u2019un d\u00e9partement dont le c\u0153ur de m\u00e9tier est la facilitation et la concr\u00e9tisation de la recherche partenariale et le soutien \u00e0 l\u2019innovation.<\/p>\n<\/div>\n<\/div>\n<\/div>\n<p>[\/et_pb_text][\/et_pb_column][et_pb_column type=\u00a0\u00bb1_4&Prime;][\/et_pb_column][\/et_pb_row][et_pb_row _builder_version=\u00a0\u00bb3.19.11&Prime; module_id=\u00a0\u00bbimage-page-type\u00a0\u00bb width=\u00a0\u00bb80%\u00a0\u00bb max_width=\u00a0\u00bb1080px\u00a0\u00bb][et_pb_column type=\u00a0\u00bb3_4&Prime;][et_pb_image admin_label=\u00a0\u00bbImage 1920 x 1080&Prime; _builder_version=\u00a0\u00bb3.22.1&Prime; src=\u00a0\u00bbhttps:\/\/wordpress-test.app.u-pariscite.fr\/sciences\/wp-content\/uploads\/sites\/21\/2022\/05\/recherche-partenariale.jpg\u00a0\u00bb module_id=\u00a0\u00bbimage-page\u00a0\u00bb z_index_tablet=\u00a0\u00bb500&Prime; \/][\/et_pb_column][et_pb_column type=\u00a0\u00bb1_4&Prime;][et_pb_text admin_label=\u00a0\u00bbTexte image\u00a0\u00bb _builder_version=\u00a0\u00bb3.22.1&Prime; module_id=\u00a0\u00bbtexte-image\u00a0\u00bb custom_margin=\u00a0\u00bb|-15px||\u00a0\u00bb text_text_shadow_horizontal_length=\u00a0\u00bbtext_text_shadow_style,%91object Object%93&Prime; text_text_shadow_vertical_length=\u00a0\u00bbtext_text_shadow_style,%91object Object%93&Prime; text_text_shadow_blur_strength=\u00a0\u00bbtext_text_shadow_style,%91object Object%93&Prime; link_text_shadow_horizontal_length=\u00a0\u00bblink_text_shadow_style,%91object Object%93&Prime; link_text_shadow_vertical_length=\u00a0\u00bblink_text_shadow_style,%91object Object%93&Prime; link_text_shadow_blur_strength=\u00a0\u00bblink_text_shadow_style,%91object Object%93&Prime; ul_text_shadow_horizontal_length=\u00a0\u00bbul_text_shadow_style,%91object Object%93&Prime; ul_text_shadow_vertical_length=\u00a0\u00bbul_text_shadow_style,%91object Object%93&Prime; ul_text_shadow_blur_strength=\u00a0\u00bbul_text_shadow_style,%91object Object%93&Prime; ol_text_shadow_horizontal_length=\u00a0\u00bbol_text_shadow_style,%91object Object%93&Prime; ol_text_shadow_vertical_length=\u00a0\u00bbol_text_shadow_style,%91object Object%93&Prime; ol_text_shadow_blur_strength=\u00a0\u00bbol_text_shadow_style,%91object Object%93&Prime; quote_text_shadow_horizontal_length=\u00a0\u00bbquote_text_shadow_style,%91object Object%93&Prime; quote_text_shadow_vertical_length=\u00a0\u00bbquote_text_shadow_style,%91object Object%93&Prime; quote_text_shadow_blur_strength=\u00a0\u00bbquote_text_shadow_style,%91object Object%93&Prime; header_text_shadow_horizontal_length=\u00a0\u00bbheader_text_shadow_style,%91object Object%93&Prime; header_text_shadow_vertical_length=\u00a0\u00bbheader_text_shadow_style,%91object Object%93&Prime; header_text_shadow_blur_strength=\u00a0\u00bbheader_text_shadow_style,%91object Object%93&Prime; header_2_text_shadow_horizontal_length=\u00a0\u00bbheader_2_text_shadow_style,%91object Object%93&Prime; header_2_text_shadow_vertical_length=\u00a0\u00bbheader_2_text_shadow_style,%91object Object%93&Prime; header_2_text_shadow_blur_strength=\u00a0\u00bbheader_2_text_shadow_style,%91object Object%93&Prime; header_3_text_shadow_horizontal_length=\u00a0\u00bbheader_3_text_shadow_style,%91object Object%93&Prime; header_3_text_shadow_vertical_length=\u00a0\u00bbheader_3_text_shadow_style,%91object Object%93&Prime; header_3_text_shadow_blur_strength=\u00a0\u00bbheader_3_text_shadow_style,%91object Object%93&Prime; header_4_text_shadow_horizontal_length=\u00a0\u00bbheader_4_text_shadow_style,%91object Object%93&Prime; header_4_text_shadow_vertical_length=\u00a0\u00bbheader_4_text_shadow_style,%91object Object%93&Prime; header_4_text_shadow_blur_strength=\u00a0\u00bbheader_4_text_shadow_style,%91object Object%93&Prime; header_5_text_shadow_horizontal_length=\u00a0\u00bbheader_5_text_shadow_style,%91object Object%93&Prime; header_5_text_shadow_vertical_length=\u00a0\u00bbheader_5_text_shadow_style,%91object Object%93&Prime; header_5_text_shadow_blur_strength=\u00a0\u00bbheader_5_text_shadow_style,%91object Object%93&Prime; header_6_text_shadow_horizontal_length=\u00a0\u00bbheader_6_text_shadow_style,%91object Object%93&Prime; header_6_text_shadow_vertical_length=\u00a0\u00bbheader_6_text_shadow_style,%91object Object%93&Prime; header_6_text_shadow_blur_strength=\u00a0\u00bbheader_6_text_shadow_style,%91object Object%93&Prime; z_index_tablet=\u00a0\u00bb500&Prime; \/][\/et_pb_column][\/et_pb_row][et_pb_row][et_pb_column type=\u00a0\u00bb3_4&Prime;][et_pb_text _builder_version=\u00a0\u00bb3.22.1&Prime; module_id=\u00a0\u00bbcontenu\u00a0\u00bb text_text_shadow_horizontal_length=\u00a0\u00bbtext_text_shadow_style,%91object Object%93&Prime; text_text_shadow_vertical_length=\u00a0\u00bbtext_text_shadow_style,%91object Object%93&Prime; text_text_shadow_blur_strength=\u00a0\u00bbtext_text_shadow_style,%91object Object%93&Prime; link_text_shadow_horizontal_length=\u00a0\u00bblink_text_shadow_style,%91object Object%93&Prime; link_text_shadow_vertical_length=\u00a0\u00bblink_text_shadow_style,%91object Object%93&Prime; link_text_shadow_blur_strength=\u00a0\u00bblink_text_shadow_style,%91object Object%93&Prime; ul_text_shadow_horizontal_length=\u00a0\u00bbul_text_shadow_style,%91object Object%93&Prime; ul_text_shadow_vertical_length=\u00a0\u00bbul_text_shadow_style,%91object Object%93&Prime; ul_text_shadow_blur_strength=\u00a0\u00bbul_text_shadow_style,%91object Object%93&Prime; ol_text_shadow_horizontal_length=\u00a0\u00bbol_text_shadow_style,%91object Object%93&Prime; ol_text_shadow_vertical_length=\u00a0\u00bbol_text_shadow_style,%91object Object%93&Prime; ol_text_shadow_blur_strength=\u00a0\u00bbol_text_shadow_style,%91object Object%93&Prime; quote_text_shadow_horizontal_length=\u00a0\u00bbquote_text_shadow_style,%91object Object%93&Prime; quote_text_shadow_vertical_length=\u00a0\u00bbquote_text_shadow_style,%91object Object%93&Prime; quote_text_shadow_blur_strength=\u00a0\u00bbquote_text_shadow_style,%91object Object%93&Prime; header_text_shadow_horizontal_length=\u00a0\u00bbheader_text_shadow_style,%91object Object%93&Prime; header_text_shadow_vertical_length=\u00a0\u00bbheader_text_shadow_style,%91object Object%93&Prime; header_text_shadow_blur_strength=\u00a0\u00bbheader_text_shadow_style,%91object Object%93&Prime; header_2_text_shadow_horizontal_length=\u00a0\u00bbheader_2_text_shadow_style,%91object Object%93&Prime; header_2_text_shadow_vertical_length=\u00a0\u00bbheader_2_text_shadow_style,%91object Object%93&Prime; header_2_text_shadow_blur_strength=\u00a0\u00bbheader_2_text_shadow_style,%91object Object%93&Prime; header_3_text_shadow_horizontal_length=\u00a0\u00bbheader_3_text_shadow_style,%91object Object%93&Prime; header_3_text_shadow_vertical_length=\u00a0\u00bbheader_3_text_shadow_style,%91object Object%93&Prime; header_3_text_shadow_blur_strength=\u00a0\u00bbheader_3_text_shadow_style,%91object Object%93&Prime; header_4_text_shadow_horizontal_length=\u00a0\u00bbheader_4_text_shadow_style,%91object Object%93&Prime; header_4_text_shadow_vertical_length=\u00a0\u00bbheader_4_text_shadow_style,%91object Object%93&Prime; header_4_text_shadow_blur_strength=\u00a0\u00bbheader_4_text_shadow_style,%91object Object%93&Prime; header_5_text_shadow_horizontal_length=\u00a0\u00bbheader_5_text_shadow_style,%91object Object%93&Prime; header_5_text_shadow_vertical_length=\u00a0\u00bbheader_5_text_shadow_style,%91object Object%93&Prime; header_5_text_shadow_blur_strength=\u00a0\u00bbheader_5_text_shadow_style,%91object Object%93&Prime; header_6_text_shadow_horizontal_length=\u00a0\u00bbheader_6_text_shadow_style,%91object Object%93&Prime; header_6_text_shadow_vertical_length=\u00a0\u00bbheader_6_text_shadow_style,%91object Object%93&Prime; header_6_text_shadow_blur_strength=\u00a0\u00bbheader_6_text_shadow_style,%91object Object%93&Prime; z_index_tablet=\u00a0\u00bb500&Prime;]<\/p>\n<h3><strong>D\u00e9partement recherche partenariale et innovation<\/strong><\/h3>\n<p style=\"text-align: left\">Au service de toutes les \u00e9quipes de recherche de la Facult\u00e9 des Sciences, le <strong>D\u00e9partement recherche partenariale et innovation<\/strong> est l\u2019interlocuteur de proximit\u00e9 pour la valorisation de la recherche. Il a pour vocation d\u2019apporter une culture de la valorisation de la recherche, recueillir les id\u00e9es, \u00e9couter les porteurs de projets, identifier les projets innovants qui g\u00e9n\u00e8rent de l\u2019activit\u00e9 \u00e9conomique, des emplois et de la croissance.<\/p>\n<p style=\"text-align: left\">\u00a0Soutenir les enseignants-chercheurs et les doctorants dans leurs d\u00e9marches afin de promouvoir leurs travaux de recherche, faire \u00e9voluer favorablement les relations avec les acteurs socio-\u00e9conomiques sur les innovations et partenariats collaboratifs ; jouer un r\u00f4le moteur de pr\u00e9sence et d\u2019interface dans l\u2019\u00e9cosyst\u00e8me de l\u2019innovation et de la recherche fran\u00e7aise, notamment dans les grandes infrastructures et programmes europ\u00e9ens font partis des missions principales assur\u00e9es par le d\u00e9partement recherche partenariale et innovation\u00a0:<\/p>\n<ul style=\"text-align: left\">\n<li>Sensibilisation aux enjeux li\u00e9s \u00e0 la propri\u00e9t\u00e9 intellectuelle<\/li>\n<li>Prospection\u00a0: Qualification des besoins des projets et cartographie d\u2019expertises,<\/li>\n<li>D\u00e9tection du potentiel d\u2019innovation des r\u00e9sultats de la recherche\u00a0: Formalisation des d\u00e9clarations d\u2019invention, conseil sur la strat\u00e9gie de protection<\/li>\n<li>Montage, n\u00e9gociation et suivi des partenariats avec les acteurs socio-\u00e9conomiques: Collaborations de recherche, LabCom, th\u00e8ses CIFRE, doctorats de droit priv\u00e9, prestations, NDA, MTA, DTA\u2026)<\/li>\n<li>Maturation des technologies issues des laboratoires\u00a0et structuration de la d\u00e9marche d\u2019innovation avec l\u2019objectif d\u2019atteindre un niveau de TRL (Technological Readiness Level) 3 \u00e0 4\u00a0: Accompagnement dans la constitution des dossiers de r\u00e9ponse aux appels \u00e0 projets d\u00e9di\u00e9s, en particulier l\u2019<a href=\"https:\/\/wordpress-test.app.u-pariscite.fr\/appel-a-manifestation-dinteret-pre-maturation\/\">AMI Pr\u00e9maturation Stratex<\/a>, suivi des projets, pr\u00e9paration de la voie de valorisation avec les acteurs du transfert de technologie<\/li>\n<li>Construction et d\u00e9veloppement des partenariats R&amp;D: Recueil des besoins des acteurs socio-\u00e9conomiques, structuration de l\u2019offre d\u2019expertises de la Facult\u00e9 des Sciences, Organisation d\u2019\u00e9v\u00e8nements th\u00e9matiques<\/li>\n<\/ul>\n<p style=\"text-align: left\">Pour chacune de ces missions, le d\u00e9partement agit en coordination en interne avec la Direction G\u00e9n\u00e9rale DRIVE pour l\u2019expertise juridique, le P\u00f4le Recherche de la Facult\u00e9 des Sciences pour l\u2019ing\u00e9nierie de projets, les organismes en charge du transfert de technologie et de la gestion de la propri\u00e9t\u00e9 intellectuelle (<a href=\"https:\/\/www.erganeo.com\/\">SATT Erganeo<\/a>, CNRS Innovation, INRIA, INSERM Transfert, \u2026) et les partenaires du PUI Valocit\u00e9.<\/p>\n<p style=\"text-align: left\">Pour la d\u00e9tection et la pr\u00e9-qualification des projets \u00e9mergents, le d\u00e9partement s\u2019appuie sur une \u00e9quipe de Charg\u00e9s de d\u00e9tection aux comp\u00e9tences sectorielles sp\u00e9cifiques. En contact permanent avec les laboratoires de leur p\u00e9rim\u00e8tre, ce sont les interlocuteurs de proximit\u00e9 de l\u2019ensemble du personnel de recherche de la Facult\u00e9 des Sciences<\/p>\n<p style=\"text-align: left\">Les actions de d\u00e9veloppement partenarial avec le monde socio-\u00e9conomique sont coordonn\u00e9es par le Charg\u00e9 des relations entreprises, en lien les actions du PUI Valocit\u00e9.<\/p>\n<p style=\"text-align: left\">Le d\u00e9partement Recherche Partenariale et Innovation h\u00e9berge \u00e9galement les actions de valorisation du DIM BioConvergence pour la Sant\u00e9 (<a href=\"https:\/\/bioconvs.org\/\">DIM BioConvS<\/a>).<\/p>\n<p style=\"text-align: left\">Vous \u00eates chercheur \u00e0 la Facult\u00e9 des Sciences de l\u2019Universit\u00e9 Paris Cit\u00e9 et souhaitez valoriser vos r\u00e9sultats\u00a0?<\/p>\n<p style=\"text-align: left\">Vous \u00eates une entreprise et souhaitez collaborer avec nos laboratoires\u00a0?<\/p>\n<p style=\"text-align: left\">Contact <a href=\"mailto:innovation.sciences@wordpress-test.app.u-pariscite.fr\">innovation.sciences@wordpress-test.app.u-pariscite.fr<\/a><\/p>\n<p>[\/et_pb_text][et_pb_text _builder_version=\u00a0\u00bb3.22.1&Prime; text_text_shadow_horizontal_length=\u00a0\u00bbtext_text_shadow_style,%91object Object%93&Prime; text_text_shadow_vertical_length=\u00a0\u00bbtext_text_shadow_style,%91object Object%93&Prime; text_text_shadow_blur_strength=\u00a0\u00bbtext_text_shadow_style,%91object Object%93&Prime; link_text_shadow_horizontal_length=\u00a0\u00bblink_text_shadow_style,%91object Object%93&Prime; link_text_shadow_vertical_length=\u00a0\u00bblink_text_shadow_style,%91object Object%93&Prime; link_text_shadow_blur_strength=\u00a0\u00bblink_text_shadow_style,%91object Object%93&Prime; ul_text_shadow_horizontal_length=\u00a0\u00bbul_text_shadow_style,%91object Object%93&Prime; ul_text_shadow_vertical_length=\u00a0\u00bbul_text_shadow_style,%91object Object%93&Prime; ul_text_shadow_blur_strength=\u00a0\u00bbul_text_shadow_style,%91object Object%93&Prime; ol_text_shadow_horizontal_length=\u00a0\u00bbol_text_shadow_style,%91object Object%93&Prime; ol_text_shadow_vertical_length=\u00a0\u00bbol_text_shadow_style,%91object Object%93&Prime; ol_text_shadow_blur_strength=\u00a0\u00bbol_text_shadow_style,%91object Object%93&Prime; quote_text_shadow_horizontal_length=\u00a0\u00bbquote_text_shadow_style,%91object Object%93&Prime; quote_text_shadow_vertical_length=\u00a0\u00bbquote_text_shadow_style,%91object Object%93&Prime; quote_text_shadow_blur_strength=\u00a0\u00bbquote_text_shadow_style,%91object Object%93&Prime; header_text_shadow_horizontal_length=\u00a0\u00bbheader_text_shadow_style,%91object Object%93&Prime; header_text_shadow_vertical_length=\u00a0\u00bbheader_text_shadow_style,%91object Object%93&Prime; header_text_shadow_blur_strength=\u00a0\u00bbheader_text_shadow_style,%91object Object%93&Prime; header_2_text_shadow_horizontal_length=\u00a0\u00bbheader_2_text_shadow_style,%91object Object%93&Prime; header_2_text_shadow_vertical_length=\u00a0\u00bbheader_2_text_shadow_style,%91object Object%93&Prime; header_2_text_shadow_blur_strength=\u00a0\u00bbheader_2_text_shadow_style,%91object Object%93&Prime; header_3_text_shadow_horizontal_length=\u00a0\u00bbheader_3_text_shadow_style,%91object Object%93&Prime; header_3_text_shadow_vertical_length=\u00a0\u00bbheader_3_text_shadow_style,%91object Object%93&Prime; header_3_text_shadow_blur_strength=\u00a0\u00bbheader_3_text_shadow_style,%91object Object%93&Prime; header_4_text_shadow_horizontal_length=\u00a0\u00bbheader_4_text_shadow_style,%91object Object%93&Prime; header_4_text_shadow_vertical_length=\u00a0\u00bbheader_4_text_shadow_style,%91object Object%93&Prime; header_4_text_shadow_blur_strength=\u00a0\u00bbheader_4_text_shadow_style,%91object Object%93&Prime; header_5_text_shadow_horizontal_length=\u00a0\u00bbheader_5_text_shadow_style,%91object Object%93&Prime; header_5_text_shadow_vertical_length=\u00a0\u00bbheader_5_text_shadow_style,%91object Object%93&Prime; header_5_text_shadow_blur_strength=\u00a0\u00bbheader_5_text_shadow_style,%91object Object%93&Prime; header_6_text_shadow_horizontal_length=\u00a0\u00bbheader_6_text_shadow_style,%91object Object%93&Prime; header_6_text_shadow_vertical_length=\u00a0\u00bbheader_6_text_shadow_style,%91object Object%93&Prime; header_6_text_shadow_blur_strength=\u00a0\u00bbheader_6_text_shadow_style,%91object Object%93&Prime; z_index_tablet=\u00a0\u00bb500&Prime;]<\/p>\n<h3><strong>Equipe<\/strong><\/h3>\n<p>Sarra BENBABA \u2013 Directrice du P\u00f4le Partenariats Industriels &#8211; Innovation \u2013 Entrepreneuriat<\/p>\n<p><a href=\"mailto:sarra.benbaba@wordpress-test.app.u-pariscite.fr\">sarra.benbaba@wordpress-test.app.u-pariscite.fr<\/a><\/p>\n<p>Mehdi BANAHA \u2013 Responsable du D\u00e9partement recherche partenariale et innovation<\/p>\n<p><a href=\"mailto:mehdi.banaha@wordpress-test.app.u-pariscite.fr\">mehdi.banaha@wordpress-test.app.u-pariscite.fr<\/a><\/p>\n<p>Matthieu DESRUES \u2013 Chef de projet recherche partenariale et innovation<\/p>\n<p><a href=\"mailto:matthieu.desrues@wordpress-test.app.u-pariscite.fr\">matthieu.desrues@wordpress-test.app.u-pariscite.fr<\/a><\/p>\n<p>XXX \u2013 Charg\u00e9 de relations entreprises<\/p>\n<p><a href=\"mailto:xx.xx@wordpress-test.app.u-pariscite.fr\">xx.xx@wordpress-test.app.u-pariscite.fr<\/a><\/p>\n<p>Carole OUDOT \u2013 Charg\u00e9e de valorisation <a href=\"https:\/\/bioconvs.org\/\">DIM BioConvS<\/a><\/p>\n<p><a href=\"mailto:carole.oudot@wordpress-test.app.u-pariscite.fr\">carole.oudot@wordpress-test.app.u-pariscite.fr<\/a><\/p>\n<p>Sol\u00e8ne FERREIRA &#8211; Charg\u00e9e de d\u00e9tection Sciences fondamentales et biom\u00e9dicales<\/p>\n<p><a href=\"mailto:solene.ferreira@wordpress-test.app.u-pariscite.fr\">solene.ferreira@wordpress-test.app.u-pariscite.fr<\/a><\/p>\n<p>Marie PENG &#8211; Charg\u00e9e de d\u00e9tection Chimie<\/p>\n<p><a href=\"mailto:marie.peng@wordpress-test.app.u-pariscite.fr\">marie.peng@wordpress-test.app.u-pariscite.fr<\/a><\/p>\n<p>Amanda MARTIN BARRANCO &#8211; Charg\u00e9e de d\u00e9tection Sciences du vivant<\/p>\n<p><a href=\"mailto:amanda.martin-barranco@wordpress-test.app.u-pariscite.fr\">amanda.martin-barranco@wordpress-test.app.u-pariscite.fr<\/a><\/p>\n<p>[\/et_pb_text][\/et_pb_column][et_pb_column type=\u00a0\u00bb1_4&Prime;][\/et_pb_column][\/et_pb_row][\/et_pb_section][et_pb_section bb_built=\u00a0\u00bb1&Prime; specialty=\u00a0\u00bboff\u00a0\u00bb _builder_version=\u00a0\u00bb3.21&Prime; custom_padding=\u00a0\u00bb0px||0px|\u00a0\u00bb prev_background_color=\u00a0\u00bb#000000&Prime; inner_width=\u00a0\u00bbauto\u00a0\u00bb inner_max_width=\u00a0\u00bbnone\u00a0\u00bb][et_pb_row _builder_version=\u00a0\u00bb3.19.11&Prime; width=\u00a0\u00bb80%\u00a0\u00bb max_width=\u00a0\u00bb1080px\u00a0\u00bb][et_pb_column type=\u00a0\u00bb4_4&Prime;][et_pb_text admin_label=\u00a0\u00bb\u00c0 lire aussi\u00a0\u00bb _builder_version=\u00a0\u00bb3.21&Prime;]<\/p>\n<h2><span class=\"st\">\u00c0<\/span> lire aussi<\/h2>\n<p>[\/et_pb_text][et_pb_blog _builder_version=\u00a0\u00bb3.21&Prime; posts_number=\u00a0\u00bb4&Prime; include_categories=\u00a0\u00bb13&Prime; show_author=\u00a0\u00bboff\u00a0\u00bb show_date=\u00a0\u00bboff\u00a0\u00bb show_pagination=\u00a0\u00bboff\u00a0\u00bb border_width_bottom_fullwidth=\u00a0\u00bb1px\u00a0\u00bb border_color_bottom_fullwidth=\u00a0\u00bbrgba(51,51,51,0.18)\u00a0\u00bb custom_padding=\u00a0\u00bb||50px|\u00a0\u00bb module_id=\u00a0\u00bbpage_type_blog\u00a0\u00bb header_level=\u00a0\u00bbh4&Prime; \/][\/et_pb_column][\/et_pb_row][\/et_pb_section]<\/p>\n","protected":false},"excerpt":{"rendered":"<div class=\"et_pb_row et_pb_row_0 et_pb_row_empty\"><\/div>\n<div class=\"et_pb_row et_pb_row_1 et_pb_row_empty\"><\/div>\n<p> L\u2019universit\u00e9 Paris Cit\u00e9, dont l\u2019une des missions fondamentales est la valorisation de la recherche, contribue \u00e0 la cr\u00e9ation de produits et services innovants en r\u00e9ponse aux grands d\u00e9fis soci\u00e9taux. Dans son acception large, la valorisation de la recherche renvoie au transfert des comp\u00e9tences et expertises du monde acad\u00e9mique vers le monde socio-\u00e9conomique\u00a0: actifs de&hellip; <a class=\"continue\" href=\"https:\/\/wordpress-test.app.u-pariscite.fr\/sciences\/partenariats-industriels\/\">Lire la suite<span> Partenariats industriels et Innovation<\/span><\/a><\/p>\n","protected":false},"author":398,"featured_media":0,"parent":0,"menu_order":0,"comment_status":"closed","ping_status":"closed","template":"","meta":{"_et_pb_use_builder":"on","_et_pb_old_content":"","_et_gb_content_width":"","footnotes":""},"class_list":["post-1307","page","type-page","status-publish","hentry"],"_links":{"self":[{"href":"https:\/\/wordpress-test.app.u-pariscite.fr\/sciences\/wp-json\/wp\/v2\/pages\/1307","targetHints":{"allow":["GET"]}}],"collection":[{"href":"https:\/\/wordpress-test.app.u-pariscite.fr\/sciences\/wp-json\/wp\/v2\/pages"}],"about":[{"href":"https:\/\/wordpress-test.app.u-pariscite.fr\/sciences\/wp-json\/wp\/v2\/types\/page"}],"author":[{"embeddable":true,"href":"https:\/\/wordpress-test.app.u-pariscite.fr\/sciences\/wp-json\/wp\/v2\/users\/398"}],"replies":[{"embeddable":true,"href":"https:\/\/wordpress-test.app.u-pariscite.fr\/sciences\/wp-json\/wp\/v2\/comments?post=1307"}],"version-history":[{"count":17,"href":"https:\/\/wordpress-test.app.u-pariscite.fr\/sciences\/wp-json\/wp\/v2\/pages\/1307\/revisions"}],"predecessor-version":[{"id":5501,"href":"https:\/\/wordpress-test.app.u-pariscite.fr\/sciences\/wp-json\/wp\/v2\/pages\/1307\/revisions\/5501"}],"wp:attachment":[{"href":"https:\/\/wordpress-test.app.u-pariscite.fr\/sciences\/wp-json\/wp\/v2\/media?parent=1307"}],"curies":[{"name":"wp","href":"https:\/\/api.w.org\/{rel}","templated":true}]}}