{"id":1198,"date":"2022-05-07T14:20:00","date_gmt":"2022-05-07T12:20:00","guid":{"rendered":"https:\/\/wordpress-test.app.u-pariscite.fr\/sciences\/?page_id=1198"},"modified":"2024-03-15T17:52:25","modified_gmt":"2024-03-15T16:52:25","slug":"pole-recherche","status":"publish","type":"page","link":"https:\/\/wordpress-test.app.u-pariscite.fr\/sciences\/pole-recherche\/","title":{"rendered":"Le P\u00f4le Recherche"},"content":{"rendered":"<p>[et_pb_section bb_built=\u00a0\u00bb1&Prime; _builder_version=\u00a0\u00bb3.22&Prime; next_background_color=\u00a0\u00bb#000000&Prime;][et_pb_row _builder_version=\u00a0\u00bb3.22&Prime; background_size=\u00a0\u00bbinitial\u00a0\u00bb background_position=\u00a0\u00bbtop_left\u00a0\u00bb background_repeat=\u00a0\u00bbrepeat\u00a0\u00bb][et_pb_column type=\u00a0\u00bb4_4&Prime;][et_pb_post_title admin_label=\u00a0\u00bbTitre de la page\u00a0\u00bb meta=\u00a0\u00bboff\u00a0\u00bb featured_image=\u00a0\u00bboff\u00a0\u00bb _builder_version=\u00a0\u00bb3.19.11&Prime;]<\/p>\n<p>[\/et_pb_post_title][\/et_pb_column][\/et_pb_row][et_pb_row _builder_version=\u00a0\u00bb3.22.1&Prime; background_size=\u00a0\u00bbinitial\u00a0\u00bb background_position=\u00a0\u00bbtop_left\u00a0\u00bb background_repeat=\u00a0\u00bbrepeat\u00a0\u00bb][et_pb_column type=\u00a0\u00bb3_4&Prime;][et_pb_text admin_label=\u00a0\u00bbIntro\u00a0\u00bb module_id=\u00a0\u00bbintro\u00a0\u00bb _builder_version=\u00a0\u00bb3.22.1&Prime; z_index_tablet=\u00a0\u00bb500&Prime;]<\/p>\n<div class=\"page\" title=\"Page 1\">\n<div class=\"layoutArea\">\n<div class=\"column\">\n<p>Le p\u00f4le Recherche est structur\u00e9 en trois d\u00e9partements : le d\u00e9partement Ing\u00e9nierie et Management de projets, le d\u00e9partement Appui au Pilotage et le d\u00e9partement Sciences et Soci\u00e9t\u00e9. Le p\u00f4le Recherche int\u00e8gre \u00e9galement les managers de trois projets financ\u00e9s sur fonds propres : le labex Who Am I?, l\u2019EUR G.E.N.E. et DIM BioConvS (R\u00e9gion \u00cele-de-France).<\/p>\n<\/div>\n<\/div>\n<\/div>\n<p>[\/et_pb_text][\/et_pb_column][et_pb_column type=\u00a0\u00bb1_4&Prime;][\/et_pb_column][\/et_pb_row][et_pb_row _builder_version=\u00a0\u00bb3.22.1&Prime; background_size=\u00a0\u00bbinitial\u00a0\u00bb background_position=\u00a0\u00bbtop_left\u00a0\u00bb background_repeat=\u00a0\u00bbrepeat\u00a0\u00bb][et_pb_column type=\u00a0\u00bb3_4&Prime;][et_pb_image src=\u00a0\u00bbhttps:\/\/wordpress-test.app.u-pariscite.fr\/sciences\/wp-content\/uploads\/sites\/21\/2023\/01\/L-1920-\u00d7-780-px-1920-\u00d7-600-px.png\u00a0\u00bb url=\u00a0\u00bbhttps:\/\/wordpress-test.app.u-pariscite.fr\/sciences\/wp-content\/uploads\/sites\/21\/2023\/01\/GuidePR_Sciences_D\u00e9c2022.pdf\u00a0\u00bb _builder_version=\u00a0\u00bb3.22.1&Prime; z_index_tablet=\u00a0\u00bb500&Prime;]<\/p>\n<p>[\/et_pb_image][et_pb_text _builder_version=\u00a0\u00bb3.22.1&Prime; z_index_tablet=\u00a0\u00bb500&Prime;]<\/p>\n<blockquote>\n<p><i>Retrouvez l&rsquo;ensemble des informations pratiques pour faciliter vos d\u00e9marches quotidiennes dans votre structure de recherche !\u00a0<\/i><br \/><a href=\"https:\/\/wordpress-test.app.u-pariscite.fr\/sciences\/wp-content\/uploads\/sites\/21\/2023\/01\/GuidePR_Sciences_D\u00e9c2022.pdf\"><b>Lire le guide !\u00a0<\/b><\/a><\/p>\n<\/blockquote>\n<p>[\/et_pb_text][\/et_pb_column][et_pb_column type=\u00a0\u00bb1_4&Prime;][\/et_pb_column][\/et_pb_row][et_pb_row _builder_version=\u00a0\u00bb3.22&Prime; background_size=\u00a0\u00bbinitial\u00a0\u00bb background_position=\u00a0\u00bbtop_left\u00a0\u00bb background_repeat=\u00a0\u00bbrepeat\u00a0\u00bb][et_pb_column type=\u00a0\u00bb3_4&Prime;][et_pb_text module_id=\u00a0\u00bbcontenu\u00a0\u00bb _builder_version=\u00a0\u00bb3.22.1&Prime; z_index_tablet=\u00a0\u00bb500&Prime; text_text_shadow_horizontal_length=\u00a0\u00bbtext_text_shadow_style,%91object Object%93&Prime; text_text_shadow_vertical_length=\u00a0\u00bbtext_text_shadow_style,%91object Object%93&Prime; text_text_shadow_blur_strength=\u00a0\u00bbtext_text_shadow_style,%91object Object%93&Prime; link_text_shadow_horizontal_length=\u00a0\u00bblink_text_shadow_style,%91object Object%93&Prime; link_text_shadow_vertical_length=\u00a0\u00bblink_text_shadow_style,%91object Object%93&Prime; link_text_shadow_blur_strength=\u00a0\u00bblink_text_shadow_style,%91object Object%93&Prime; ul_text_shadow_horizontal_length=\u00a0\u00bbul_text_shadow_style,%91object Object%93&Prime; ul_text_shadow_vertical_length=\u00a0\u00bbul_text_shadow_style,%91object Object%93&Prime; ul_text_shadow_blur_strength=\u00a0\u00bbul_text_shadow_style,%91object Object%93&Prime; ol_text_shadow_horizontal_length=\u00a0\u00bbol_text_shadow_style,%91object Object%93&Prime; ol_text_shadow_vertical_length=\u00a0\u00bbol_text_shadow_style,%91object Object%93&Prime; ol_text_shadow_blur_strength=\u00a0\u00bbol_text_shadow_style,%91object Object%93&Prime; quote_text_shadow_horizontal_length=\u00a0\u00bbquote_text_shadow_style,%91object Object%93&Prime; quote_text_shadow_vertical_length=\u00a0\u00bbquote_text_shadow_style,%91object Object%93&Prime; quote_text_shadow_blur_strength=\u00a0\u00bbquote_text_shadow_style,%91object Object%93&Prime; header_text_shadow_horizontal_length=\u00a0\u00bbheader_text_shadow_style,%91object Object%93&Prime; header_text_shadow_vertical_length=\u00a0\u00bbheader_text_shadow_style,%91object Object%93&Prime; header_text_shadow_blur_strength=\u00a0\u00bbheader_text_shadow_style,%91object Object%93&Prime; header_2_text_shadow_horizontal_length=\u00a0\u00bbheader_2_text_shadow_style,%91object Object%93&Prime; header_2_text_shadow_vertical_length=\u00a0\u00bbheader_2_text_shadow_style,%91object Object%93&Prime; header_2_text_shadow_blur_strength=\u00a0\u00bbheader_2_text_shadow_style,%91object Object%93&Prime; header_3_text_shadow_horizontal_length=\u00a0\u00bbheader_3_text_shadow_style,%91object Object%93&Prime; header_3_text_shadow_vertical_length=\u00a0\u00bbheader_3_text_shadow_style,%91object Object%93&Prime; header_3_text_shadow_blur_strength=\u00a0\u00bbheader_3_text_shadow_style,%91object Object%93&Prime; header_4_text_shadow_horizontal_length=\u00a0\u00bbheader_4_text_shadow_style,%91object Object%93&Prime; header_4_text_shadow_vertical_length=\u00a0\u00bbheader_4_text_shadow_style,%91object Object%93&Prime; header_4_text_shadow_blur_strength=\u00a0\u00bbheader_4_text_shadow_style,%91object Object%93&Prime; header_5_text_shadow_horizontal_length=\u00a0\u00bbheader_5_text_shadow_style,%91object Object%93&Prime; header_5_text_shadow_vertical_length=\u00a0\u00bbheader_5_text_shadow_style,%91object Object%93&Prime; header_5_text_shadow_blur_strength=\u00a0\u00bbheader_5_text_shadow_style,%91object Object%93&Prime; header_6_text_shadow_horizontal_length=\u00a0\u00bbheader_6_text_shadow_style,%91object Object%93&Prime; header_6_text_shadow_vertical_length=\u00a0\u00bbheader_6_text_shadow_style,%91object Object%93&Prime; header_6_text_shadow_blur_strength=\u00a0\u00bbheader_6_text_shadow_style,%91object Object%93&Prime;]<\/p>\n<div class=\"page\" title=\"Page 1\">\n<div class=\"layoutArea\">\n<div class=\"column\">\n<blockquote>\n<h3><strong>Le d\u00e9partement Ing\u00e9nierie et Management de projets<\/strong>\u00a0<\/h3>\n<\/blockquote>\n<p>Le d\u00e9partement Ing\u00e9nierie et Management de projets accompagne la communaut\u00e9 scientifique des unit\u00e9s de recherche de la Facult\u00e9 dans le d\u00e9veloppement de leurs activit\u00e9s scientifiques \u00e0 l\u2019\u00e9chelle nationale, europ\u00e9enne et internationale. \u00c0 ce titre, il assure des missions de veille, d\u2019aide au montage, de n\u00e9gociation, de suivi et de management de projets. Les quatre membres de ce d\u00e9partement sont les interlocuteurs privil\u00e9gi\u00e9s des unit\u00e9s de recherche mais aussi des composantes, des services de la Facult\u00e9, des services centraux et des partenaires institutionnels, dans une logique de proximit\u00e9 et de coordination des acteurs internes et externes.<\/p>\n<p><em>Contacts : <\/em><a href=\"mailto:lionel.bouffier@wordpress-test.app.u-pariscite.fr\" rel=\"noopener noreferrer\">Lionel Bouffier <\/a>ou\u00a0 <a href=\"https:\/\/wordpress-test.app.u-pariscite.fr\/faculte-de-sciences-pole-recherche\/projets.recherche.sciences@wordpress-test.app.u-pariscite.fr\">projets.recherche.sciences@wordpress-test.app.u-pariscite.fr<\/a><\/p>\n<p>\u00a0<\/p>\n<blockquote>\n<h3><strong>Le d\u00e9partement Appui au Pilotage<\/strong>\u00a0<\/h3>\n<\/blockquote>\n<p>Le d\u00e9partement Appui au Pilotage a pour mission de mettre en \u0153uvre la politique de recherche de la Facult\u00e9 des Sciences, d\u2019apporter des \u00e9l\u00e9ments d\u2019aide \u00e0 la d\u00e9cision \u00e0 ses personnels \u00e9lus (informations quantitatives et qualitatives sur les activit\u00e9s de recherche de la Facult\u00e9) et d\u2019accompagner le bon fonctionnement des structures de recherche de la Facult\u00e9 des Sciences. En soutien au Vice-Doyen Recherche, Thomas Patzak, ce d\u00e9partement assure aussi le fonctionnement de l\u2019ensemble de la cha\u00eene institutionnelle de la Commission Recherche Facultaire. Ce d\u00e9partement travaille en coordination \u00e9troite avec le p\u00f4le Coordination de la Strat\u00e9gie Scientifique (C2S) de la DGD DRIVE et g\u00e8re le Fonds d&rsquo;Intervention Recherche de la Facult\u00e9.<\/p>\n<p><em>Contact\u00a0<\/em>: <a href=\"mailto:emilie.boutin@parisdescartes.fr\">\u00c9milie BOUTIN<\/a><\/p>\n<blockquote>\n<h3><strong>Le d\u00e9partement Sciences et Soci\u00e9t\u00e9<\/strong>\u00a0<\/h3>\n<\/blockquote>\n<p>Le d\u00e9partement Science et Soci\u00e9t\u00e9 a pour mission de soutenir l\u2019ensemble des personnels de recherche de la Facult\u00e9 des Sciences dans leurs contributions au dialogue science et soci\u00e9t\u00e9 : activit\u00e9s de diffusion de l\u2019information et de la culture scientifique, impact soci\u00e9tal de leur recherche et positionnement sur les enjeux soci\u00e9taux li\u00e9s \u00e0 une recherche \u00e9thique, int\u00e8gre et respectueuse de l\u2019\u00e9galit\u00e9. En particulier, le d\u00e9partement Science et Soci\u00e9t\u00e9 accompagne les actions de m\u00e9diation scientifique de la Facult\u00e9 des Sciences.<\/p>\n<p><em>Contact\u00a0<\/em>: <a href=\"mailto:mediationscientifique.sciences@wordpress-test.app.u-pariscite.fr\">mediationscientifique.sciences@wordpress-test.app.u-pariscite.fr<\/a>\u00a0<\/p>\n<p>\u00a0<\/p>\n<blockquote>\n<h3><strong>Cellule de managers de projets<\/strong><\/h3>\n<\/blockquote>\n<p>Le P\u00f4le Recherche int\u00e8gre 3 managers de projets financ\u00e9s sur fonds propres : le labex <a href=\"https:\/\/wordpress-test.app.u-pariscite.fr\/who-am-i\/\" target=\"_blank\" rel=\"noopener noreferrer\">Who Am I?<\/a>, l\u2019EUR <a href=\"https:\/\/eur-gene.wordpress-test.app.u-pariscite.fr\/\" target=\"_blank\" rel=\"noopener noreferrer\">G.E.N.E.<\/a> (programme Investissement d\u2019Avenir) et <a href=\"https:\/\/bioconvs.org\/\">DIM BioConvS<\/a> (R\u00e9gion Ile de France). Cette cellule de manager de projet est amen\u00e9e \u00e0 se d\u00e9velopper en regroupant les managers d\u2019autres projets facultaires, constituant ainsi un pool de comp\u00e9tences partag\u00e9es, avec une strat\u00e9gie d\u2019auto-financement.<\/p>\n<p><em>Contacts<\/em>\u00a0:<\/p>\n<ul>\n<li>Manager de l\u2019EUR G.E.N.E. :\u00a0<a href=\"mailto:Madeleine.Bouvier-DYvoire@univ-paris-diderot.fr\">Madeleine BOUVIER D\u2019YVOIRE<\/a>\u00a0<\/li>\n<li>Manager du Labex Who Am I ? :\u00a0<a href=\"mailto:valerie.drouet@parisdescartes.fr\">Valerie DROUET<\/a><\/li>\n<li>Manager du DIM BioConvS\u00a0: <a href=\"chiara.fracassi@wordpress-test.app.u-pariscite.fr\">Chiara FRACASSI<\/a><\/li>\n<\/ul>\n<\/div>\n<\/div>\n<\/div>\n<p>[\/et_pb_text][\/et_pb_column][et_pb_column type=\u00a0\u00bb1_4&Prime;][et_pb_divider show_divider=\u00a0\u00bboff\u00a0\u00bb _builder_version=\u00a0\u00bb3.22.1&Prime; z_index_tablet=\u00a0\u00bb500&Prime;]<\/p>\n<p>[\/et_pb_divider][et_pb_text quote_border_weight=\u00a0\u00bb3px\u00a0\u00bb _builder_version=\u00a0\u00bb3.22.1&Prime; custom_margin=\u00a0\u00bb||120px|||\u00a0\u00bb custom_padding=\u00a0\u00bb||0px|||\u00a0\u00bb z_index_tablet=\u00a0\u00bb500&Prime; text_text_shadow_horizontal_length=\u00a0\u00bbtext_text_shadow_style,%91object Object%93&Prime; text_text_shadow_vertical_length=\u00a0\u00bbtext_text_shadow_style,%91object Object%93&Prime; text_text_shadow_blur_strength=\u00a0\u00bbtext_text_shadow_style,%91object Object%93&Prime; link_text_shadow_horizontal_length=\u00a0\u00bblink_text_shadow_style,%91object Object%93&Prime; link_text_shadow_vertical_length=\u00a0\u00bblink_text_shadow_style,%91object Object%93&Prime; link_text_shadow_blur_strength=\u00a0\u00bblink_text_shadow_style,%91object Object%93&Prime; ul_text_shadow_horizontal_length=\u00a0\u00bbul_text_shadow_style,%91object Object%93&Prime; ul_text_shadow_vertical_length=\u00a0\u00bbul_text_shadow_style,%91object Object%93&Prime; ul_text_shadow_blur_strength=\u00a0\u00bbul_text_shadow_style,%91object Object%93&Prime; ol_text_shadow_horizontal_length=\u00a0\u00bbol_text_shadow_style,%91object Object%93&Prime; ol_text_shadow_vertical_length=\u00a0\u00bbol_text_shadow_style,%91object Object%93&Prime; ol_text_shadow_blur_strength=\u00a0\u00bbol_text_shadow_style,%91object Object%93&Prime; quote_text_shadow_horizontal_length=\u00a0\u00bbquote_text_shadow_style,%91object Object%93&Prime; quote_text_shadow_vertical_length=\u00a0\u00bbquote_text_shadow_style,%91object Object%93&Prime; quote_text_shadow_blur_strength=\u00a0\u00bbquote_text_shadow_style,%91object Object%93&Prime; header_text_shadow_horizontal_length=\u00a0\u00bbheader_text_shadow_style,%91object Object%93&Prime; header_text_shadow_vertical_length=\u00a0\u00bbheader_text_shadow_style,%91object Object%93&Prime; header_text_shadow_blur_strength=\u00a0\u00bbheader_text_shadow_style,%91object Object%93&Prime; header_2_text_shadow_horizontal_length=\u00a0\u00bbheader_2_text_shadow_style,%91object Object%93&Prime; header_2_text_shadow_vertical_length=\u00a0\u00bbheader_2_text_shadow_style,%91object Object%93&Prime; header_2_text_shadow_blur_strength=\u00a0\u00bbheader_2_text_shadow_style,%91object Object%93&Prime; header_3_text_shadow_horizontal_length=\u00a0\u00bbheader_3_text_shadow_style,%91object Object%93&Prime; header_3_text_shadow_vertical_length=\u00a0\u00bbheader_3_text_shadow_style,%91object Object%93&Prime; header_3_text_shadow_blur_strength=\u00a0\u00bbheader_3_text_shadow_style,%91object Object%93&Prime; header_4_text_shadow_horizontal_length=\u00a0\u00bbheader_4_text_shadow_style,%91object Object%93&Prime; header_4_text_shadow_vertical_length=\u00a0\u00bbheader_4_text_shadow_style,%91object Object%93&Prime; header_4_text_shadow_blur_strength=\u00a0\u00bbheader_4_text_shadow_style,%91object Object%93&Prime; header_5_text_shadow_horizontal_length=\u00a0\u00bbheader_5_text_shadow_style,%91object Object%93&Prime; header_5_text_shadow_vertical_length=\u00a0\u00bbheader_5_text_shadow_style,%91object Object%93&Prime; header_5_text_shadow_blur_strength=\u00a0\u00bbheader_5_text_shadow_style,%91object Object%93&Prime; header_6_text_shadow_horizontal_length=\u00a0\u00bbheader_6_text_shadow_style,%91object Object%93&Prime; header_6_text_shadow_vertical_length=\u00a0\u00bbheader_6_text_shadow_style,%91object Object%93&Prime; header_6_text_shadow_blur_strength=\u00a0\u00bbheader_6_text_shadow_style,%91object Object%93&Prime;]<\/p>\n<blockquote>\n<p>\u00a0<strong style=\"font-size: 16px\">Directrice du P\u00f4le Recherche :<\/strong>\u00a0<\/p>\n<p><strong><br \/>D\u00e9partement Appui au pilotage et AMOA :<\/strong><br \/>Charg\u00e9e d\u2019Appui au pilotage et \u00e0 la Recherche :\u00a0<a href=\"mailto:emilie.boutin@wordpress-test.app.u-pariscite.fr\" rel=\"noopener noreferrer\">\u00c9milie Boutin<\/a><\/p>\n<p>&nbsp;<\/p>\n<p><strong>D\u00e9partement Ing\u00e9nierie et Management de projet :<\/strong><br \/>Cheffe de d\u00e9partement : <a href=\"mailto:lionel.bouffier@wordpress-test.app.u-pariscite.fr\" rel=\"noopener noreferrer\">Lionel Bouffier<\/a><\/p>\n<p>Ing\u00e9nieurs :<br \/>.\u00a0<a href=\"mariama.ba@wordpress-test.app.u-pariscite.fr\" rel=\"noopener noreferrer\">Mariama Ba<\/a><br \/>.\u00a0<a href=\"mailto:agustin.de-castro-pastor@wordpress-test.app.u-pariscite.fr\" rel=\"noopener noreferrer\">Agustin de Castro<\/a><\/p>\n<p>&nbsp;<\/p>\n<p>&nbsp;<\/p>\n<p>&nbsp;<\/p>\n<p>&nbsp;<\/p>\n<p>&nbsp;<\/p>\n<p>&nbsp;<\/p>\n<p><strong>D\u00e9partement Sciences et Soci\u00e9t\u00e9\u00a0<\/strong><\/p>\n<p><strong><br \/>Cellule Management de projets<\/strong><br \/>. EUR G.E.N.<span style=\"font-size: 16px\">E :\u00a0<\/span><\/p>\n<p>. Labex Who Am I ? :\u00a0<a href=\"mailto:valerie.drouet@wordpress-test.app.u-pariscite.fr\" rel=\"noopener noreferrer\">Val\u00e9rie Drouet<\/a><\/p>\n<p>. DIM BioConvS : <a href=\"chiara.fracassi@wordpress-test.app.u-pariscite.fr\">Chiara Fracassi<\/a><\/p>\n<\/blockquote>\n<p>[\/et_pb_text][\/et_pb_column][\/et_pb_row][\/et_pb_section][et_pb_section bb_built=\u00a0\u00bb1&Prime; _builder_version=\u00a0\u00bb3.22&Prime; custom_padding=\u00a0\u00bb0px||0px|\u00a0\u00bb prev_background_color=\u00a0\u00bb#000000&Prime;][et_pb_row _builder_version=\u00a0\u00bb3.22&Prime;][et_pb_column type=\u00a0\u00bb4_4&Prime;][et_pb_text admin_label=\u00a0\u00bb\u00c0 lire aussi\u00a0\u00bb _builder_version=\u00a0\u00bb3.21&Prime;]<\/p>\n<h2><span class=\"st\">\u00c0<\/span> lire aussi<\/h2>\n<p>[\/et_pb_text][et_pb_blog posts_number=\u00a0\u00bb4&Prime; include_categories=\u00a0\u00bb13&Prime; show_author=\u00a0\u00bboff\u00a0\u00bb show_date=\u00a0\u00bboff\u00a0\u00bb show_pagination=\u00a0\u00bboff\u00a0\u00bb module_id=\u00a0\u00bbpage_type_blog\u00a0\u00bb _builder_version=\u00a0\u00bb3.21&Prime; header_level=\u00a0\u00bbh4&Prime; border_width_bottom_fullwidth=\u00a0\u00bb1px\u00a0\u00bb border_color_bottom_fullwidth=\u00a0\u00bbrgba(51,51,51,0.18)\u00a0\u00bb custom_padding=\u00a0\u00bb||50px|\u00a0\u00bb]<\/p>\n<p>[\/et_pb_blog][\/et_pb_column][\/et_pb_row][\/et_pb_section]<\/p>\n","protected":false},"excerpt":{"rendered":"<p>Le p\u00f4le Recherche est structur\u00e9 en trois d\u00e9partements : le d\u00e9partement Ing\u00e9nierie et Management de projets, le d\u00e9partement Appui au Pilotage et le d\u00e9partement Sciences et Soci\u00e9t\u00e9. Le p\u00f4le Recherche int\u00e8gre \u00e9galement les managers de trois projets financ\u00e9s sur fonds propres : le labex Who Am I?, l\u2019EUR G.E.N.E. et DIM BioConvS (R\u00e9gion \u00cele-de-France). Retrouvez&hellip; <a class=\"continue\" href=\"https:\/\/wordpress-test.app.u-pariscite.fr\/sciences\/pole-recherche\/\">Lire la suite<span> Le P\u00f4le Recherche<\/span><\/a><\/p>\n","protected":false},"author":398,"featured_media":0,"parent":0,"menu_order":0,"comment_status":"closed","ping_status":"closed","template":"","meta":{"_et_pb_use_builder":"on","_et_pb_old_content":"","_et_gb_content_width":"","footnotes":""},"class_list":["post-1198","page","type-page","status-publish","hentry"],"_links":{"self":[{"href":"https:\/\/wordpress-test.app.u-pariscite.fr\/sciences\/wp-json\/wp\/v2\/pages\/1198","targetHints":{"allow":["GET"]}}],"collection":[{"href":"https:\/\/wordpress-test.app.u-pariscite.fr\/sciences\/wp-json\/wp\/v2\/pages"}],"about":[{"href":"https:\/\/wordpress-test.app.u-pariscite.fr\/sciences\/wp-json\/wp\/v2\/types\/page"}],"author":[{"embeddable":true,"href":"https:\/\/wordpress-test.app.u-pariscite.fr\/sciences\/wp-json\/wp\/v2\/users\/398"}],"replies":[{"embeddable":true,"href":"https:\/\/wordpress-test.app.u-pariscite.fr\/sciences\/wp-json\/wp\/v2\/comments?post=1198"}],"version-history":[{"count":46,"href":"https:\/\/wordpress-test.app.u-pariscite.fr\/sciences\/wp-json\/wp\/v2\/pages\/1198\/revisions"}],"predecessor-version":[{"id":4203,"href":"https:\/\/wordpress-test.app.u-pariscite.fr\/sciences\/wp-json\/wp\/v2\/pages\/1198\/revisions\/4203"}],"wp:attachment":[{"href":"https:\/\/wordpress-test.app.u-pariscite.fr\/sciences\/wp-json\/wp\/v2\/media?parent=1198"}],"curies":[{"name":"wp","href":"https:\/\/api.w.org\/{rel}","templated":true}]}}