{"id":1092,"date":"2022-04-20T12:09:17","date_gmt":"2022-04-20T10:09:17","guid":{"rendered":"https:\/\/wordpress-test.app.u-pariscite.fr\/sciences\/?page_id=1092"},"modified":"2024-05-02T14:23:39","modified_gmt":"2024-05-02T12:23:39","slug":"structures-de-recherche","status":"publish","type":"page","link":"https:\/\/wordpress-test.app.u-pariscite.fr\/sciences\/structures-de-recherche\/","title":{"rendered":"Structures de recherche"},"content":{"rendered":"<p>[et_pb_section bb_built=\u00a0\u00bb1&Prime; _builder_version=\u00a0\u00bb3.22&Prime; next_background_color=\u00a0\u00bb#000000&Prime;][et_pb_row _builder_version=\u00a0\u00bb3.22&Prime; background_size=\u00a0\u00bbinitial\u00a0\u00bb background_position=\u00a0\u00bbtop_left\u00a0\u00bb background_repeat=\u00a0\u00bbrepeat\u00a0\u00bb][et_pb_column type=\u00a0\u00bb4_4&Prime;][et_pb_post_title admin_label=\u00a0\u00bbTitre de la page\u00a0\u00bb meta=\u00a0\u00bboff\u00a0\u00bb featured_image=\u00a0\u00bboff\u00a0\u00bb _builder_version=\u00a0\u00bb3.19.11&Prime;]<\/p>\n<p><\/p>\n<p>[\/et_pb_post_title][\/et_pb_column][\/et_pb_row][et_pb_row _builder_version=\u00a0\u00bb3.22&Prime; background_size=\u00a0\u00bbinitial\u00a0\u00bb background_position=\u00a0\u00bbtop_left\u00a0\u00bb background_repeat=\u00a0\u00bbrepeat\u00a0\u00bb][et_pb_column type=\u00a0\u00bb3_4&Prime;][et_pb_text admin_label=\u00a0\u00bbIntro\u00a0\u00bb module_id=\u00a0\u00bbintro\u00a0\u00bb _builder_version=\u00a0\u00bb3.22.1&Prime; z_index_tablet=\u00a0\u00bb500&Prime;]<\/p>\n<p>La recherche men\u00e9e au sein de la Facult\u00e9 des Sciences est structur\u00e9es en 42 unit\u00e9s, dont presque la totalit\u00e9 sont des UMR avec le CNRS ou l\u2019INSERM.<\/p>\n<p>[\/et_pb_text][\/et_pb_column][et_pb_column type=\u00a0\u00bb1_4&Prime;][\/et_pb_column][\/et_pb_row][et_pb_row module_id=\u00a0\u00bbimage-page-type\u00a0\u00bb _builder_version=\u00a0\u00bb3.22&Prime;][et_pb_column type=\u00a0\u00bb3_4&Prime;][et_pb_image admin_label=\u00a0\u00bbImage 1920 x 1080&Prime; src=\u00a0\u00bbhttps:\/\/wordpress-test.app.u-pariscite.fr\/sciences\/wp-content\/uploads\/sites\/21\/2022\/05\/stars.jpg\u00a0\u00bb module_id=\u00a0\u00bbimage-page\u00a0\u00bb _builder_version=\u00a0\u00bb3.22.1&Prime; z_index_tablet=\u00a0\u00bb500&Prime;]<\/p>\n<p><\/p>\n<p>[\/et_pb_image][\/et_pb_column][et_pb_column type=\u00a0\u00bb1_4&Prime;][et_pb_text admin_label=\u00a0\u00bbTexte image\u00a0\u00bb module_id=\u00a0\u00bbtexte-image\u00a0\u00bb _builder_version=\u00a0\u00bb3.22.1&Prime; custom_margin=\u00a0\u00bb|-15px||\u00a0\u00bb z_index_tablet=\u00a0\u00bb500&Prime;]<\/p>\n<p><\/p>\n<p>[\/et_pb_text][\/et_pb_column][\/et_pb_row][et_pb_row _builder_version=\u00a0\u00bb3.22&Prime; background_size=\u00a0\u00bbinitial\u00a0\u00bb background_position=\u00a0\u00bbtop_left\u00a0\u00bb background_repeat=\u00a0\u00bbrepeat\u00a0\u00bb][et_pb_column type=\u00a0\u00bb3_4&Prime;][et_pb_text module_id=\u00a0\u00bbcontenu\u00a0\u00bb _builder_version=\u00a0\u00bb3.22.1&Prime; z_index_tablet=\u00a0\u00bb500&Prime; text_text_shadow_horizontal_length=\u00a0\u00bbtext_text_shadow_style,%91object Object%93&Prime; text_text_shadow_vertical_length=\u00a0\u00bbtext_text_shadow_style,%91object Object%93&Prime; text_text_shadow_blur_strength=\u00a0\u00bbtext_text_shadow_style,%91object Object%93&Prime; link_text_shadow_horizontal_length=\u00a0\u00bblink_text_shadow_style,%91object Object%93&Prime; link_text_shadow_vertical_length=\u00a0\u00bblink_text_shadow_style,%91object Object%93&Prime; link_text_shadow_blur_strength=\u00a0\u00bblink_text_shadow_style,%91object Object%93&Prime; ul_text_shadow_horizontal_length=\u00a0\u00bbul_text_shadow_style,%91object Object%93&Prime; ul_text_shadow_vertical_length=\u00a0\u00bbul_text_shadow_style,%91object Object%93&Prime; ul_text_shadow_blur_strength=\u00a0\u00bbul_text_shadow_style,%91object Object%93&Prime; ol_text_shadow_horizontal_length=\u00a0\u00bbol_text_shadow_style,%91object Object%93&Prime; ol_text_shadow_vertical_length=\u00a0\u00bbol_text_shadow_style,%91object Object%93&Prime; ol_text_shadow_blur_strength=\u00a0\u00bbol_text_shadow_style,%91object Object%93&Prime; quote_text_shadow_horizontal_length=\u00a0\u00bbquote_text_shadow_style,%91object Object%93&Prime; quote_text_shadow_vertical_length=\u00a0\u00bbquote_text_shadow_style,%91object Object%93&Prime; quote_text_shadow_blur_strength=\u00a0\u00bbquote_text_shadow_style,%91object Object%93&Prime; header_text_shadow_horizontal_length=\u00a0\u00bbheader_text_shadow_style,%91object Object%93&Prime; header_text_shadow_vertical_length=\u00a0\u00bbheader_text_shadow_style,%91object Object%93&Prime; header_text_shadow_blur_strength=\u00a0\u00bbheader_text_shadow_style,%91object Object%93&Prime; header_2_text_shadow_horizontal_length=\u00a0\u00bbheader_2_text_shadow_style,%91object Object%93&Prime; header_2_text_shadow_vertical_length=\u00a0\u00bbheader_2_text_shadow_style,%91object Object%93&Prime; header_2_text_shadow_blur_strength=\u00a0\u00bbheader_2_text_shadow_style,%91object Object%93&Prime; header_3_text_shadow_horizontal_length=\u00a0\u00bbheader_3_text_shadow_style,%91object Object%93&Prime; header_3_text_shadow_vertical_length=\u00a0\u00bbheader_3_text_shadow_style,%91object Object%93&Prime; header_3_text_shadow_blur_strength=\u00a0\u00bbheader_3_text_shadow_style,%91object Object%93&Prime; header_4_text_shadow_horizontal_length=\u00a0\u00bbheader_4_text_shadow_style,%91object Object%93&Prime; header_4_text_shadow_vertical_length=\u00a0\u00bbheader_4_text_shadow_style,%91object Object%93&Prime; header_4_text_shadow_blur_strength=\u00a0\u00bbheader_4_text_shadow_style,%91object Object%93&Prime; header_5_text_shadow_horizontal_length=\u00a0\u00bbheader_5_text_shadow_style,%91object Object%93&Prime; header_5_text_shadow_vertical_length=\u00a0\u00bbheader_5_text_shadow_style,%91object Object%93&Prime; header_5_text_shadow_blur_strength=\u00a0\u00bbheader_5_text_shadow_style,%91object Object%93&Prime; header_6_text_shadow_horizontal_length=\u00a0\u00bbheader_6_text_shadow_style,%91object Object%93&Prime; header_6_text_shadow_vertical_length=\u00a0\u00bbheader_6_text_shadow_style,%91object Object%93&Prime; header_6_text_shadow_blur_strength=\u00a0\u00bbheader_6_text_shadow_style,%91object Object%93&Prime;]<\/p>\n<ul>\n<li><a href=\"https:\/\/irfu.cea.fr\/dap\/\" target=\"_blank\" rel=\"noopener noreferrer\">Astrophysique, Instrumentation, Mod\u00e9lisation Paris Saclay<\/a>\u00a0<strong>UMR<\/strong> <strong>7158<\/strong><\/li>\n<li><a href=\"http:\/\/www.apc.univ-paris7.fr\/APC_CS\/fr\" target=\"_blank\" rel=\"noopener noreferrer\">APC &#8211; AstroParticule et Cosmologie <\/a><strong>UMR<\/strong> <strong>7164<\/strong><\/li>\n<li><a href=\"http:\/\/bfa.univ-paris-diderot.fr\/\" target=\"_blank\" rel=\"noopener noreferrer\">BFA Unit\u00e9 de Biologie Fonctionnelle et Adaptative &#8211; BFA<\/a>\u00a0<strong>UMR<\/strong> <strong>8251<\/strong><\/li>\n<li><a href=\"http:\/\/www.u1134.inserm.fr\/\" target=\"_blank\" rel=\"noopener noreferrer\">BIGR Biologie Int\u00e9gr\u00e9e du Globule Rouge &#8211; BIGR<\/a>\u00a0<strong>UMR-S<\/strong> <strong>1134<\/strong><\/li>\n<li><a href=\"https:\/\/research.pasteur.fr\/fr\/team\/structural-molecular-biology-and-infectious-process\/\" target=\"_blank\" rel=\"noopener noreferrer\">Biologie Mol\u00e9culaire Structurale et Processus Infectieux<\/a><strong>\u00a0UMR<\/strong>\u00a0<strong>3528<\/strong><\/li>\n<li><a href=\"https:\/\/biomedicale.wordpress-test.app.u-pariscite.fr\/biomedtech-facilities\/\" target=\"_blank\" rel=\"noopener noreferrer\">BioMedTech Facilities<\/a><strong> UAR INSERM (US36), CNRS (UAR2009) et Universit\u00e9 Paris Cit\u00e9<br \/><\/strong><\/li>\n<li><a href=\"https:\/\/www.c2n.universite-paris-saclay.fr\/fr\/\" target=\"_blank\" rel=\"noopener noreferrer\">C2N Centre de Nanosciences et de Nanotechnologies<\/a>\u00a0<strong>UMR<\/strong> <strong>9001<\/strong><\/li>\n<li><a href=\"http:\/\/centreborelli.fr\" target=\"_blank\" rel=\"noopener noreferrer\">Centre Borelli<\/a> <strong>UMR<\/strong> <strong>9010<\/strong><\/li>\n<li><a href=\"https:\/\/www.ecoanthropologie.fr\/fr\" target=\"_blank\" rel=\"noopener noreferrer\">EAE Eco-Anthropologie<\/a>\u00a0<strong>UMR<\/strong> <strong>7206<\/strong><\/li>\n<li><a href=\"http:\/\/parisepigenetics.com\/fr\/\" target=\"_blank\" rel=\"noopener noreferrer\">EDC \u00c9pig\u00e9n\u00e9tique et Destin Cellulaire<\/a>\u00a0<strong>UMR<\/strong> <strong>7216<\/strong><\/li>\n<li><a href=\"http:\/\/www.ibpc.fr\/UMR8261\/AccueilUMR8261.html\" target=\"_blank\" rel=\"noopener noreferrer\">EGM Expression G\u00e9n\u00e9tique Microbienne<\/a> <strong>UMR<\/strong> <strong>8261<\/strong><\/li>\n<li><a href=\"https:\/\/ieesparis.ufr918.upmc.fr\/spip.php?rubrique1\" target=\"_blank\" rel=\"noopener noreferrer\">IEES Institut d&rsquo;\u00c9cologie et des Sciences de l&rsquo;Environnement de Paris <\/a><strong>UMR<\/strong> <strong>7618<\/strong><\/li>\n<li><a href=\"https:\/\/www.ijclab.in2p3.fr\/\" target=\"_blank\" rel=\"noopener noreferrer\">IJCLab Laboratoire de physique des 2 infinis \u2013 Ir\u00e8ne Joliot-Curie <\/a>\u00a0<strong>UMR<\/strong> <strong>9012<\/strong><\/li>\n<li><a href=\"http:\/\/www.ijm.fr\/\" target=\"_blank\" rel=\"noopener noreferrer\">Institut Jacques Monod<\/a> <strong>UMR 7592<\/strong><\/li>\n<li><a href=\"https:\/\/www.institut-langevin.espci.fr\/home\" target=\"_blank\" rel=\"noopener noreferrer\">Institut Langevin<\/a>\u00a0<strong>UMR<\/strong> <strong>7587<\/strong><\/li>\n<li><a href=\"https:\/\/www.imj-prg.fr\/\" target=\"_blank\" rel=\"noopener noreferrer\">IMJ-PRG Institut de Math\u00e9matiques de Jussieu-Paris Rive Gauche <\/a><strong>UMR<\/strong> <strong>7586<\/strong><\/li>\n<li><a href=\"https:\/\/incc-paris.fr\/\" target=\"_blank\" rel=\"noopener noreferrer\">INCC Centre Neurosciences int\u00e9gratives et Cognition<\/a> \u00a0<strong>UMR<\/strong> <strong>8002<\/strong><\/li>\n<li><a href=\"https:\/\/ips2.u-psud.fr\/fr\/index.html\" target=\"_blank\" rel=\"noopener noreferrer\">IPS2 Institut des Sciences des Plantes de Paris Saclay <\/a>\u00a0<strong>UMR<\/strong> <strong>9213<\/strong><\/li>\n<li><a href=\"https:\/\/www.irif.fr\/\" target=\"_blank\" rel=\"noopener noreferrer\">IRIF Institut de Recherche en Informatique Fondamentale <\/a><strong>\u00a0UMR<\/strong> <strong>8243<\/strong><\/li>\n<li><a href=\"http:\/\/www.itodys.univ-paris7.fr\/fr\/\" target=\"_blank\" rel=\"noopener noreferrer\">ITODYS Interfaces, Traitements, Organisation et DYnamique des Syst\u00e8mes <\/a><strong>UMR<\/strong> <strong>7086<\/strong><\/li>\n<li><a href=\"http:\/\/www.ibpc.fr\/UMR7099\/\" target=\"_blank\" rel=\"noopener noreferrer\">LBPC-PM Laboratoire de Biologie Physico-Chimique des Prot\u00e9ines Membranaires<\/a>\u00a0<strong>UMR<\/strong> <strong>7099<\/strong><\/li>\n<li><a href=\"http:\/\/www-lbt.ibpc.fr\/\" target=\"_blank\" rel=\"noopener noreferrer\">LBT Laboratoire de Biochimie Th\u00e9orique <\/a><strong>UPR<\/strong> <strong>9080<\/strong><\/li>\n<li><a href=\"https:\/\/lcbpt.biomedicale.parisdescartes.fr\/\" target=\"_blank\" rel=\"noopener noreferrer\">LCBPT Laboratoire de Chimie et de Biochimie Pharmacologiques et Toxicologiques <\/a>\u00a0<strong>UMR<\/strong> <strong>8601<\/strong><\/li>\n<li><a href=\"https:\/\/www.ldar.website\/\" target=\"_blank\" rel=\"noopener noreferrer\">LDAR Laboratoire de Didactique Andr\u00e9 Revuz <\/a><strong>URP<\/strong> <strong>4434<\/strong><\/li>\n<li><a href=\"http:\/\/www.lemp7.cnrs.fr\/\" target=\"_blank\" rel=\"noopener noreferrer\">LEM Laboratoire d&rsquo;Electrochimie Mol\u00e9culaire <\/a>\u00a0<strong>UMR<\/strong> <strong>7591<\/strong><\/li>\n<li><a href=\"http:\/\/lesia.obspm.fr\/\" target=\"_blank\" rel=\"noopener noreferrer\">LESIA Laboratoire d&rsquo;Etudes Spatiales et d&rsquo;Instrumentation en Astrophysique <\/a><strong>UMR<\/strong> <strong>8109<\/strong><\/li>\n<li><a href=\"http:\/\/www.lied-pieri.univ-paris-diderot.fr\/\" target=\"_blank\" rel=\"noopener noreferrer\">LIED Laboratoire Interdisciplinaire des Energies de Demain <\/a> <strong>UMR<\/strong> <strong>8236<\/strong><\/li>\n<li><a href=\"http:\/\/lipade.mi.parisdescartes.fr\/\" target=\"_blank\" rel=\"noopener noreferrer\">LIPADE Laboratoire informatique Paris Descartes <\/a>\u00a0<strong>URP<\/strong> <strong>2517<\/strong><\/li>\n<li><a href=\"http:\/\/www.lisa.univ-paris12.fr\/fr\" target=\"_blank\" rel=\"noopener noreferrer\">LISA Laboratoire Inter-universitaire des Syst\u00e8mes Atmosph\u00e9riques <\/a>\u00a0<strong>UMR<\/strong> <strong>7583<\/strong><\/li>\n<li><a href=\"https:\/\/www.ljll.math.upmc.fr\/\" target=\"_blank\" rel=\"noopener noreferrer\">LJLL Laboratoire Jacques-Louis Lions <\/a><strong>UMR<\/strong> <strong>7598<\/strong><\/li>\n<li><a href=\"http:\/\/lpens.phys.ens.fr\/fr\/\" target=\"_blank\" rel=\"noopener noreferrer\">LPENS Laboratoire de Physique de l&rsquo;ENS <\/a>\u00a0<strong>UMR<\/strong> <strong>8023<\/strong><\/li>\n<li><a href=\"https:\/\/lpnhe.in2p3.fr\/\" target=\"_blank\" rel=\"noopener noreferrer\">LPNHE Laboratoire de Physique Nucl\u00e9aire et Hautes Energies<\/a>\u00a0<strong>UMR<\/strong> <strong>7585<\/strong><\/li>\n<li><a href=\"http:\/\/www.proba.jussieu.fr\" target=\"_blank\" rel=\"noopener noreferrer\">LPSM Laboratoire de Probabilit\u00e9s, Statistique et Mod\u00e9lisation<\/a>\u00a0<strong>UMR<\/strong> <strong>8001<\/strong><\/li>\n<li><a href=\"https:\/\/www.luth.obspm.fr\/\" target=\"_blank\" rel=\"noopener noreferrer\">LUTH Laboratoire Univers et Th\u00e9ories <\/a>\u00a0<strong>UMR<\/strong> <strong>8102<\/strong><\/li>\n<li><a href=\"https:\/\/map5.mi.parisdescartes.fr\/presentation\/\" target=\"_blank\" rel=\"noopener noreferrer\">MAP5 Math\u00e9matiques Appliqu\u00e9es Paris \u00e0 5<\/a>\u00a0<strong>UMR<\/strong> <strong>8145<\/strong><\/li>\n<li><a href=\"https:\/\/mpq.wordpress-test.app.u-pariscite.fr\/\" target=\"_blank\" rel=\"noopener noreferrer\">MPQ Laboratoire Mat\u00e9riaux et Ph\u00e9nom\u00e8nes Quantiques<\/a>\u00a0<strong>UMR<\/strong> <strong>7162<\/strong><\/li>\n<li><a href=\"http:\/\/www.msc.univ-paris-diderot.fr\/\" target=\"_blank\" rel=\"noopener noreferrer\">MSC Mati\u00e8re et Syst\u00e8mes Complexes <\/a>\u00a0<strong>UMR<\/strong> <strong>7057<\/strong><\/li>\n<li><a href=\"https:\/\/www.pmmh.espci.fr\/?-Accueil-\" target=\"_blank\" rel=\"noopener noreferrer\">PMMH Physique et M\u00e9canique des Milieux H\u00e9t\u00e9rog\u00e8nes <\/a>\u00a0<strong>UMR<\/strong> <strong>7636<\/strong><\/li>\n<li><a href=\"https:\/\/research.cri-paris.org\/\" target=\"_blank\" rel=\"noopener noreferrer\">SEED \u00c9volution et ing\u00e9nierie de syst\u00e8mes dynamiques <\/a><strong>UMR-S<\/strong> <strong>1284<\/strong><\/li>\n<li><a href=\"https:\/\/jacob.cea.fr\/drf\/ifrancoisjacob\/Pages\/Departements\/IRCM\/UMR-SGCSR.aspx\" target=\"_blank\" rel=\"noopener noreferrer\">SGCSR Stabilit\u00e9 g\u00e9n\u00e9tique, Cellules Souches et Radiations<\/a>\u00a0<strong>UMR-E<\/strong> <strong>008<\/strong><\/li>\n<li><a href=\"https:\/\/www.sppin.fr\" target=\"_blank\" rel=\"noopener noreferrer\">SPPIN Institut des Neurosciences Paris Saint-P\u00e8res <\/a>\u00a0<strong>UMR<\/strong> <strong>8003<\/strong><\/li>\n<li><a href=\"http:\/\/umrs1124.biomedicale.parisdescartes.fr\/\" target=\"_blank\" rel=\"noopener noreferrer\">T3S Toxicit\u00e9 environnementale, cibles th\u00e9rapeutiques, signalisation cellulaire<\/a>\u00a0<strong>UMR-S 1124<\/strong><\/li>\n<\/ul>\n<p>[\/et_pb_text][\/et_pb_column][et_pb_column type=\u00a0\u00bb1_4&Prime;][\/et_pb_column][\/et_pb_row][\/et_pb_section][et_pb_section bb_built=\u00a0\u00bb1&Prime; _builder_version=\u00a0\u00bb3.22&Prime; custom_padding=\u00a0\u00bb0px||0px|\u00a0\u00bb prev_background_color=\u00a0\u00bb#000000&Prime;][et_pb_row _builder_version=\u00a0\u00bb3.22&Prime;][et_pb_column type=\u00a0\u00bb4_4&Prime;][et_pb_text admin_label=\u00a0\u00bb\u00c0 lire aussi\u00a0\u00bb _builder_version=\u00a0\u00bb3.21&Prime;]<\/p>\n<h2><span class=\"st\">\u00c0<\/span> lire aussi<\/h2>\n<p>[\/et_pb_text][et_pb_blog posts_number=\u00a0\u00bb4&Prime; include_categories=\u00a0\u00bb13&Prime; show_author=\u00a0\u00bboff\u00a0\u00bb show_date=\u00a0\u00bboff\u00a0\u00bb show_pagination=\u00a0\u00bboff\u00a0\u00bb module_id=\u00a0\u00bbpage_type_blog\u00a0\u00bb _builder_version=\u00a0\u00bb3.21&Prime; header_level=\u00a0\u00bbh4&Prime; border_width_bottom_fullwidth=\u00a0\u00bb1px\u00a0\u00bb border_color_bottom_fullwidth=\u00a0\u00bbrgba(51,51,51,0.18)\u00a0\u00bb custom_padding=\u00a0\u00bb||50px|\u00a0\u00bb]<\/p>\n<p><\/p>\n<p>[\/et_pb_blog][\/et_pb_column][\/et_pb_row][\/et_pb_section]<\/p>\n","protected":false},"excerpt":{"rendered":"<p>La recherche men\u00e9e au sein de la Facult\u00e9 des Sciences est structur\u00e9es en 42 unit\u00e9s, dont presque la totalit\u00e9 sont des UMR avec le CNRS ou l\u2019INSERM. Astrophysique, Instrumentation, Mod\u00e9lisation Paris Saclay\u00a0UMR 7158APC &#8211; AstroParticule et Cosmologie UMR 7164BFA Unit\u00e9 de Biologie Fonctionnelle et Adaptative &#8211; BFA\u00a0UMR 8251BIGR Biologie Int\u00e9gr\u00e9e du Globule Rouge &#8211; BIGR\u00a0UMR-S&hellip; <a class=\"continue\" href=\"https:\/\/wordpress-test.app.u-pariscite.fr\/sciences\/structures-de-recherche\/\">Lire la suite<span> Structures de recherche<\/span><\/a><\/p>\n","protected":false},"author":398,"featured_media":0,"parent":0,"menu_order":0,"comment_status":"closed","ping_status":"closed","template":"","meta":{"_et_pb_use_builder":"on","_et_pb_old_content":"","_et_gb_content_width":"","footnotes":""},"class_list":["post-1092","page","type-page","status-publish","hentry"],"_links":{"self":[{"href":"https:\/\/wordpress-test.app.u-pariscite.fr\/sciences\/wp-json\/wp\/v2\/pages\/1092","targetHints":{"allow":["GET"]}}],"collection":[{"href":"https:\/\/wordpress-test.app.u-pariscite.fr\/sciences\/wp-json\/wp\/v2\/pages"}],"about":[{"href":"https:\/\/wordpress-test.app.u-pariscite.fr\/sciences\/wp-json\/wp\/v2\/types\/page"}],"author":[{"embeddable":true,"href":"https:\/\/wordpress-test.app.u-pariscite.fr\/sciences\/wp-json\/wp\/v2\/users\/398"}],"replies":[{"embeddable":true,"href":"https:\/\/wordpress-test.app.u-pariscite.fr\/sciences\/wp-json\/wp\/v2\/comments?post=1092"}],"version-history":[{"count":24,"href":"https:\/\/wordpress-test.app.u-pariscite.fr\/sciences\/wp-json\/wp\/v2\/pages\/1092\/revisions"}],"predecessor-version":[{"id":4530,"href":"https:\/\/wordpress-test.app.u-pariscite.fr\/sciences\/wp-json\/wp\/v2\/pages\/1092\/revisions\/4530"}],"wp:attachment":[{"href":"https:\/\/wordpress-test.app.u-pariscite.fr\/sciences\/wp-json\/wp\/v2\/media?parent=1092"}],"curies":[{"name":"wp","href":"https:\/\/api.w.org\/{rel}","templated":true}]}}