{"id":125,"date":"2021-04-13T09:39:40","date_gmt":"2021-04-13T07:39:40","guid":{"rendered":"https:\/\/wordpress-test.app.u-pariscite.fr\/science-ouverte\/?page_id=125"},"modified":"2024-04-17T12:35:59","modified_gmt":"2024-04-17T10:35:59","slug":"plateforme-editoriale","status":"publish","type":"page","link":"https:\/\/wordpress-test.app.u-pariscite.fr\/science-ouverte\/plateforme-editoriale\/","title":{"rendered":"OPUS, plateforme \u00e9ditoriale en acc\u00e8s ouvert"},"content":{"rendered":"<p>Initi\u00e9e et r\u00e9alis\u00e9e dans le cadre de l&rsquo;IdEx Universit\u00e9 Paris Cit\u00e9 ANR-18-IDEX-0001 et lanc\u00e9e en 2022, la plateforme\u00a0<a href=\"https:\/\/opus.wordpress-test.app.u-pariscite.fr\/\" target=\"_blank\" rel=\"noopener noreferrer\">OPUS (Open Publishing Services)<\/a>\u00a0propose \u00e0 la communaut\u00e9 scientifique de se r\u00e9approprier la diffusion des savoirs. Elle met \u00e0 disposition des services couvrant l&rsquo;ensemble du processus \u00e9ditorial, jusqu\u2019\u00e0 la publication en acc\u00e8s ouvert des ouvrages.<\/p>\n<p><img loading=\"lazy\" decoding=\"async\" class=\"alignnone size-medium wp-image-1327\" src=\"https:\/\/wordpress-test.app.u-pariscite.fr\/science-ouverte\/wp-content\/uploads\/sites\/40\/2022\/09\/2022_VISUEL-OPUS_1920x1080-300x169.jpg\" alt=\"OPUS plateforme \u00e9ditoriale Universit\u00e9 PAris Cit\u00e9\" width=\"300\" height=\"169\" srcset=\"https:\/\/wordpress-test.app.u-pariscite.fr\/science-ouverte\/wp-content\/uploads\/sites\/40\/2022\/09\/2022_VISUEL-OPUS_1920x1080-300x169.jpg 300w, https:\/\/wordpress-test.app.u-pariscite.fr\/science-ouverte\/wp-content\/uploads\/sites\/40\/2022\/09\/2022_VISUEL-OPUS_1920x1080-768x432.jpg 768w, https:\/\/wordpress-test.app.u-pariscite.fr\/science-ouverte\/wp-content\/uploads\/sites\/40\/2022\/09\/2022_VISUEL-OPUS_1920x1080-1024x576.jpg 1024w, https:\/\/wordpress-test.app.u-pariscite.fr\/science-ouverte\/wp-content\/uploads\/sites\/40\/2022\/09\/2022_VISUEL-OPUS_1920x1080-1080x608.jpg 1080w, https:\/\/wordpress-test.app.u-pariscite.fr\/science-ouverte\/wp-content\/uploads\/sites\/40\/2022\/09\/2022_VISUEL-OPUS_1920x1080.jpg 1920w\" sizes=\"(max-width: 300px) 100vw, 300px\" \/><\/p>\n<p>Dot\u00e9e d\u2019un <a href=\"https:\/\/opus.wordpress-test.app.u-pariscite.fr\/about\" target=\"_blank\" rel=\"noopener noreferrer\">comit\u00e9 \u00e9ditorial<\/a> accueillant des repr\u00e9sentants des trois facult\u00e9s et de l\u2019IPGP, la plateforme OPUS couvre l\u2019ensemble des disciplines d\u2019Universit\u00e9 Paris Cit\u00e9 en sciences, sant\u00e9, et sciences humaines et sociales.<\/p>\n<p>OPUS accompagne vers la diffusion en acc\u00e8s ouvert des projets de livres et ouvrages \u00e9valu\u00e9s par les pairs (actes de colloque, manuels d\u2019enseignement, ouvrages collectifs, monographies, \u00e9ditions critiques), et des revues existantes ou en cr\u00e9ation.<\/p>\n","protected":false},"excerpt":{"rendered":"<p>Initi\u00e9e et r\u00e9alis\u00e9e dans le cadre de l&rsquo;IdEx Universit\u00e9 Paris Cit\u00e9 ANR-18-IDEX-0001 et lanc\u00e9e en 2022, la plateforme\u00a0OPUS (Open Publishing Services)\u00a0propose \u00e0 la communaut\u00e9 scientifique de se r\u00e9approprier la diffusion des savoirs. Elle met \u00e0 disposition des services couvrant l&rsquo;ensemble du processus \u00e9ditorial, jusqu\u2019\u00e0 la publication en acc\u00e8s ouvert des ouvrages. Dot\u00e9e d\u2019un comit\u00e9 \u00e9ditorial&hellip; <a class=\"continue\" href=\"https:\/\/wordpress-test.app.u-pariscite.fr\/science-ouverte\/plateforme-editoriale\/\">Lire la suite<span> OPUS, plateforme \u00e9ditoriale en acc\u00e8s ouvert<\/span><\/a><\/p>\n","protected":false},"author":537,"featured_media":0,"parent":0,"menu_order":0,"comment_status":"closed","ping_status":"closed","template":"","meta":{"_et_pb_use_builder":"off","_et_pb_old_content":"","_et_gb_content_width":"","footnotes":""},"class_list":["post-125","page","type-page","status-publish","hentry"],"_links":{"self":[{"href":"https:\/\/wordpress-test.app.u-pariscite.fr\/science-ouverte\/wp-json\/wp\/v2\/pages\/125","targetHints":{"allow":["GET"]}}],"collection":[{"href":"https:\/\/wordpress-test.app.u-pariscite.fr\/science-ouverte\/wp-json\/wp\/v2\/pages"}],"about":[{"href":"https:\/\/wordpress-test.app.u-pariscite.fr\/science-ouverte\/wp-json\/wp\/v2\/types\/page"}],"author":[{"embeddable":true,"href":"https:\/\/wordpress-test.app.u-pariscite.fr\/science-ouverte\/wp-json\/wp\/v2\/users\/537"}],"replies":[{"embeddable":true,"href":"https:\/\/wordpress-test.app.u-pariscite.fr\/science-ouverte\/wp-json\/wp\/v2\/comments?post=125"}],"version-history":[{"count":25,"href":"https:\/\/wordpress-test.app.u-pariscite.fr\/science-ouverte\/wp-json\/wp\/v2\/pages\/125\/revisions"}],"predecessor-version":[{"id":1773,"href":"https:\/\/wordpress-test.app.u-pariscite.fr\/science-ouverte\/wp-json\/wp\/v2\/pages\/125\/revisions\/1773"}],"wp:attachment":[{"href":"https:\/\/wordpress-test.app.u-pariscite.fr\/science-ouverte\/wp-json\/wp\/v2\/media?parent=125"}],"curies":[{"name":"wp","href":"https:\/\/api.w.org\/{rel}","templated":true}]}}