{"id":123,"date":"2021-04-13T09:38:46","date_gmt":"2021-04-13T07:38:46","guid":{"rendered":"https:\/\/wordpress-test.app.u-pariscite.fr\/science-ouverte\/?page_id=123"},"modified":"2024-04-16T17:25:02","modified_gmt":"2024-04-16T15:25:02","slug":"hal-up","status":"publish","type":"page","link":"https:\/\/wordpress-test.app.u-pariscite.fr\/science-ouverte\/hal-up\/","title":{"rendered":"HAL Universit\u00e9 Paris Cit\u00e9"},"content":{"rendered":"<p>[et_pb_section bb_built=\u00a0\u00bb1&Prime; _builder_version=\u00a0\u00bb3.22&Prime; next_background_color=\u00a0\u00bb#000000&Prime;][et_pb_row _builder_version=\u00a0\u00bb3.22&Prime; background_size=\u00a0\u00bbinitial\u00a0\u00bb background_position=\u00a0\u00bbtop_left\u00a0\u00bb background_repeat=\u00a0\u00bbrepeat\u00a0\u00bb][et_pb_column type=\u00a0\u00bb4_4&Prime;][et_pb_post_title admin_label=\u00a0\u00bbTitre de la page\u00a0\u00bb meta=\u00a0\u00bboff\u00a0\u00bb featured_image=\u00a0\u00bboff\u00a0\u00bb _builder_version=\u00a0\u00bb3.22.1&Prime;]<\/p>\n<p><\/p>\n<p>[\/et_pb_post_title][\/et_pb_column][\/et_pb_row][et_pb_row custom_padding=\u00a0\u00bb6px|||||\u00a0\u00bb _builder_version=\u00a0\u00bb3.22&Prime; background_size=\u00a0\u00bbinitial\u00a0\u00bb background_position=\u00a0\u00bbtop_left\u00a0\u00bb background_repeat=\u00a0\u00bbrepeat\u00a0\u00bb][et_pb_column type=\u00a0\u00bb3_4&Prime;][et_pb_text admin_label=\u00a0\u00bbIntro\u00a0\u00bb module_id=\u00a0\u00bbintro\u00a0\u00bb _builder_version=\u00a0\u00bb3.22.1&Prime; custom_padding=\u00a0\u00bb4px|||||\u00a0\u00bb z_index_tablet=\u00a0\u00bb500&Prime;]<\/p>\n<div class=\"page\" title=\"Page 1\">\n<div class=\"layoutArea\">\n<div class=\"column\">\n<p style=\"text-align: justify\"><span style=\"font-weight: 400\">Le portail HAL <\/span><span style=\"font-weight: 400\">Universit\u00e9 Paris Cit\u00e9 est l&rsquo;archive ouverte de l\u2019universit\u00e9. D\u00e9ploy\u00e9 en 2020, il rassemble l&rsquo;ensemble de la production scientifique des unit\u00e9s de recherche d&rsquo;Universit\u00e9 Paris Cit\u00e9 d\u00e9pos\u00e9e sur l&rsquo;archive ouverte HAL et leur assure une visibilit\u00e9 internationale. En janvier 2024, elle comprend plus de 107 000 r\u00e9f\u00e9rences bibliographiques et 75 000 documents en texte int\u00e9gral.<\/span><\/p>\n<p style=\"text-align: justify\"><span style=\"font-weight: 400\">Pour le moment, une soixantaine de laboratoires de l\u2019universit\u00e9 a fait le choix d\u2019avoir une collection sp\u00e9cifique dans HAL.\u00a0<\/span><\/p>\n<p><a href=\"http:\/\/u-paris.hal.science\" target=\"_blank\" rel=\"noopener noreferrer\">u-paris.hal.science<\/a>\u00a0<\/p>\n<\/div>\n<\/div>\n<\/div>\n<p>[\/et_pb_text][\/et_pb_column][et_pb_column type=\u00a0\u00bb1_4&Prime;][\/et_pb_column][\/et_pb_row][et_pb_row module_id=\u00a0\u00bbimage-page-type\u00a0\u00bb _builder_version=\u00a0\u00bb3.22&Prime;][et_pb_column type=\u00a0\u00bb3_4&Prime;][et_pb_image admin_label=\u00a0\u00bbImage 1920 x 1080&Prime; src=\u00a0\u00bbhttps:\/\/wordpress-test.app.u-pariscite.fr\/science-ouverte\/wp-content\/uploads\/sites\/40\/2021\/12\/HAL_science_ouverte_1920_1080.png\u00a0\u00bb module_id=\u00a0\u00bbimage-page\u00a0\u00bb _builder_version=\u00a0\u00bb3.22.1&Prime; z_index_tablet=\u00a0\u00bb500&Prime;]<\/p>\n<p><\/p>\n<p>[\/et_pb_image][\/et_pb_column][et_pb_column type=\u00a0\u00bb1_4&Prime;][\/et_pb_column][\/et_pb_row][et_pb_row _builder_version=\u00a0\u00bb3.22&Prime; background_size=\u00a0\u00bbinitial\u00a0\u00bb background_position=\u00a0\u00bbtop_left\u00a0\u00bb background_repeat=\u00a0\u00bbrepeat\u00a0\u00bb][et_pb_column type=\u00a0\u00bb4_4&Prime;][et_pb_text admin_label=\u00a0\u00bbCopyright\u00a0\u00bb module_id=\u00a0\u00bblegende\u00a0\u00bb _builder_version=\u00a0\u00bb3.22.1&Prime; z_index_tablet=\u00a0\u00bb500&Prime;]<\/p>\n<p><\/p>\n<p>[\/et_pb_text][\/et_pb_column][\/et_pb_row][\/et_pb_section][et_pb_section bb_built=\u00a0\u00bb1&Prime; _builder_version=\u00a0\u00bb3.22.1&Prime; prev_background_color=\u00a0\u00bb#000000&Prime;][et_pb_row custom_padding=\u00a0\u00bb||0px|||\u00a0\u00bb _builder_version=\u00a0\u00bb3.22.1&Prime;][et_pb_column type=\u00a0\u00bb4_4&Prime;][et_pb_toggle admin_label=\u00a0\u00bbQue trouve-t-on sur HAL ?\u00a0\u00bb title=\u00a0\u00bbQue trouve-t-on sur HAL ?\u00a0\u00bb _builder_version=\u00a0\u00bb3.22.1&Prime; z_index_tablet=\u00a0\u00bb500&Prime; text_shadow_horizontal_length=\u00a0\u00bbtext_shadow_style,%91object Object%93&Prime; text_shadow_vertical_length=\u00a0\u00bbtext_shadow_style,%91object Object%93&Prime; text_shadow_blur_strength=\u00a0\u00bbtext_shadow_style,%91object Object%93&Prime; title_text_shadow_horizontal_length=\u00a0\u00bbtitle_text_shadow_style,%91object Object%93&Prime; title_text_shadow_vertical_length=\u00a0\u00bbtitle_text_shadow_style,%91object Object%93&Prime; title_text_shadow_blur_strength=\u00a0\u00bbtitle_text_shadow_style,%91object Object%93&Prime; body_text_shadow_horizontal_length=\u00a0\u00bbbody_text_shadow_style,%91object Object%93&Prime; body_text_shadow_vertical_length=\u00a0\u00bbbody_text_shadow_style,%91object Object%93&Prime; body_text_shadow_blur_strength=\u00a0\u00bbbody_text_shadow_style,%91object Object%93&Prime;]<\/p>\n<p><span style=\"font-weight: 400\">HAL est une archive ouverte, c\u2019est-\u00e0-dire une plate-forme qui permet \u00e0 la fois l\u2019archivage p\u00e9renne et la diffusion en libre acc\u00e8s de la production scientifique. Elle a \u00e9t\u00e9 cr\u00e9\u00e9e en 2001 par le CNRS et continue \u00e0 \u00eatre maintenue par le Centre pour la Communication Scientifique directe (CCSD). Plate-forme nationale et pluridisciplinaire, HAL permet \u00e9galement la cr\u00e9ation d\u2019instances institutionnelles ou th\u00e9matiques.<\/span><\/p>\n<p><span style=\"font-weight: 400\">L\u2019utilisateur pourra consulter majoritairement des articles mais aussi diff\u00e9rents types de documents : communications lors de conf\u00e9rences, posters, ouvrages, chapitres d&rsquo;ouvrage, traductions, brevets, rapports, cours, th\u00e8ses\u2026<\/span><\/p>\n<p>[\/et_pb_toggle][et_pb_toggle admin_label=\u00a0\u00bbCadre juridique : quels sont mes droits ?\u00a0\u00bb title=\u00a0\u00bbCadre juridique : quels sont mes droits ?\u00a0\u00bb _builder_version=\u00a0\u00bb3.22.1&Prime; z_index_tablet=\u00a0\u00bb500&Prime; text_shadow_horizontal_length=\u00a0\u00bbtext_shadow_style,%91object Object%93&Prime; text_shadow_vertical_length=\u00a0\u00bbtext_shadow_style,%91object Object%93&Prime; text_shadow_blur_strength=\u00a0\u00bbtext_shadow_style,%91object Object%93&Prime; title_text_shadow_horizontal_length=\u00a0\u00bbtitle_text_shadow_style,%91object Object%93&Prime; title_text_shadow_vertical_length=\u00a0\u00bbtitle_text_shadow_style,%91object Object%93&Prime; title_text_shadow_blur_strength=\u00a0\u00bbtitle_text_shadow_style,%91object Object%93&Prime; body_text_shadow_horizontal_length=\u00a0\u00bbbody_text_shadow_style,%91object Object%93&Prime; body_text_shadow_vertical_length=\u00a0\u00bbbody_text_shadow_style,%91object Object%93&Prime; body_text_shadow_blur_strength=\u00a0\u00bbbody_text_shadow_style,%91object Object%93&Prime;]<\/p>\n<p><span style=\"font-weight: 400\">La loi Pour une R\u00e9publique num\u00e9rique du 7 octobre 2016 \u00e9nonce le droit, lorsqu\u2019il s\u2019agit de recherche financ\u00e9e \u00e0 50% par des fonds publics, de d\u00e9poser en acc\u00e8s ouvert le <\/span><b>postprint<\/b><span style=\"font-weight: 400\"> d\u2019un article dans un d\u00e9lai maximum de <\/span><b>6 mois pour les STM<\/b><span style=\"font-weight: 400\"> et de <\/span><b>12 mois pour les SHS<\/b><span style=\"font-weight: 400\">, <\/span><b>quel que soit le contrat sign\u00e9 avec l\u2019\u00e9diteur. <\/b><a href=\"https:\/\/www.ouvrirlascience.fr\/guide-application-loi-republique-numerique-article-30-ecrits-scientifiques-version-courte\/\"><span style=\"font-weight: 400\">Voir le guide d\u2019application de l\u2019article 30<\/span><\/a><span style=\"font-weight: 400\">.<\/span><\/p>\n<p><span style=\"font-weight: 400\">Le postprint est la version finale de l\u2019article, qui int\u00e8gre les corrections des reviewers. Il peut \u00e9galement \u00eatre appel\u00e9 final draft post-refereeing ou accepted article ou accepted author manuscript. Son contenu est identique \u00e0 la version PDF \u00e9diteur mais sans la mise en page.<\/span><\/p>\n<p><span style=\"font-weight: 400\">En savoir plus sur les aspects juridiques li\u00e9s : <\/span><a href=\"https:\/\/openaccess.couperin.org\/ai-je-le-droit\/\"><span style=\"font-weight: 400\">https:\/\/openaccess.couperin.org\/ai-je-le-droit\/<\/span><\/a><\/p>\n<p>[\/et_pb_toggle][et_pb_toggle admin_label=\u00a0\u00bbComment d\u00e9poser ?\u00a0\u00bb title=\u00a0\u00bbComment d\u00e9poser ?\u00a0\u00bb _builder_version=\u00a0\u00bb3.22.1&Prime; z_index_tablet=\u00a0\u00bb500&Prime; text_shadow_horizontal_length=\u00a0\u00bbtext_shadow_style,%91object Object%93&Prime; text_shadow_vertical_length=\u00a0\u00bbtext_shadow_style,%91object Object%93&Prime; text_shadow_blur_strength=\u00a0\u00bbtext_shadow_style,%91object Object%93&Prime; title_text_shadow_horizontal_length=\u00a0\u00bbtitle_text_shadow_style,%91object Object%93&Prime; title_text_shadow_vertical_length=\u00a0\u00bbtitle_text_shadow_style,%91object Object%93&Prime; title_text_shadow_blur_strength=\u00a0\u00bbtitle_text_shadow_style,%91object Object%93&Prime; body_text_shadow_horizontal_length=\u00a0\u00bbbody_text_shadow_style,%91object Object%93&Prime; body_text_shadow_vertical_length=\u00a0\u00bbbody_text_shadow_style,%91object Object%93&Prime; body_text_shadow_blur_strength=\u00a0\u00bbbody_text_shadow_style,%91object Object%93&Prime;]<\/p>\n<p><span style=\"font-weight: 400\">Avant le d\u00e9p\u00f4t d\u2019un fichier, notez que :<\/span><\/p>\n<ul>\n<li style=\"font-weight: 400\"><span style=\"font-weight: 400\">vous devez avoir l\u2019accord de vos co-auteurs ;<\/span><\/li>\n<li style=\"font-weight: 400\"><span style=\"font-weight: 400\">une mod\u00e9ration sur la forme du document est effectu\u00e9e avant la mise en ligne ;<\/span><\/li>\n<li style=\"font-weight: 400\"><span style=\"font-weight: 400\">afin de garantir la citabilit\u00e9 des documents, le retrait n\u2019est possible que via le CCSD, pour raison motiv\u00e9e.<\/span><\/li>\n<\/ul>\n<p><a href=\"http:\/\/doc.hal.science\/deposer\/\"><span style=\"font-weight: 400\">Tutoriel vid\u00e9o <\/span><\/a><span style=\"font-weight: 400\">d\u2019accompagnement au d\u00e9p\u00f4t.<\/span><\/p>\n<p><span style=\"font-weight: 400\">Toute la documentation sur HAL : <\/span><a href=\"http:\/\/doc.hal.science\/\">http:\/\/doc.hal.science\/<\/a><\/p>\n<p>[\/et_pb_toggle][et_pb_toggle admin_label=\u00a0\u00bbAccompagnement au d\u00e9p\u00f4t\u00a0\u00bb title=\u00a0\u00bbAccompagnement au d\u00e9p\u00f4t\u00a0\u00bb _builder_version=\u00a0\u00bb3.22.1&Prime; z_index_tablet=\u00a0\u00bb500&Prime; text_shadow_horizontal_length=\u00a0\u00bbtext_shadow_style,%91object Object%93&Prime; text_shadow_vertical_length=\u00a0\u00bbtext_shadow_style,%91object Object%93&Prime; text_shadow_blur_strength=\u00a0\u00bbtext_shadow_style,%91object Object%93&Prime; title_text_shadow_horizontal_length=\u00a0\u00bbtitle_text_shadow_style,%91object Object%93&Prime; title_text_shadow_vertical_length=\u00a0\u00bbtitle_text_shadow_style,%91object Object%93&Prime; title_text_shadow_blur_strength=\u00a0\u00bbtitle_text_shadow_style,%91object Object%93&Prime; body_text_shadow_horizontal_length=\u00a0\u00bbbody_text_shadow_style,%91object Object%93&Prime; body_text_shadow_vertical_length=\u00a0\u00bbbody_text_shadow_style,%91object Object%93&Prime; body_text_shadow_blur_strength=\u00a0\u00bbbody_text_shadow_style,%91object Object%93&Prime;]<\/p>\n<p><span style=\"font-weight: 400\">Pour toute question ou besoin d\u2019accompagnement (rendez-vous individuel ou collectif, ateliers d\u00e9di\u00e9s\u2026), n\u2019h\u00e9sitez pas \u00e0 contacter l\u2019\u00e9quipe HAL UPCit\u00e9 : <\/span><b>hal.dbm@listes.wordpress-test.app.u-pariscite.fr<\/b>.<\/p>\n<p>[\/et_pb_toggle][\/et_pb_column][\/et_pb_row][\/et_pb_section]<\/p>\n","protected":false},"excerpt":{"rendered":"<p>Le portail HAL Universit\u00e9 Paris Cit\u00e9 est l&rsquo;archive ouverte de l\u2019universit\u00e9. D\u00e9ploy\u00e9 en 2020, il rassemble l&rsquo;ensemble de la production scientifique des unit\u00e9s de recherche d&rsquo;Universit\u00e9 Paris Cit\u00e9 d\u00e9pos\u00e9e sur l&rsquo;archive ouverte HAL et leur assure une visibilit\u00e9 internationale. En janvier 2024, elle comprend plus de 107 000 r\u00e9f\u00e9rences bibliographiques et 75 000 documents en&hellip; <a class=\"continue\" href=\"https:\/\/wordpress-test.app.u-pariscite.fr\/science-ouverte\/hal-up\/\">Lire la suite<span> HAL Universit\u00e9 Paris Cit\u00e9<\/span><\/a><\/p>\n","protected":false},"author":35,"featured_media":0,"parent":0,"menu_order":0,"comment_status":"closed","ping_status":"closed","template":"","meta":{"_et_pb_use_builder":"on","_et_pb_old_content":"","_et_gb_content_width":"","footnotes":""},"class_list":["post-123","page","type-page","status-publish","hentry"],"_links":{"self":[{"href":"https:\/\/wordpress-test.app.u-pariscite.fr\/science-ouverte\/wp-json\/wp\/v2\/pages\/123","targetHints":{"allow":["GET"]}}],"collection":[{"href":"https:\/\/wordpress-test.app.u-pariscite.fr\/science-ouverte\/wp-json\/wp\/v2\/pages"}],"about":[{"href":"https:\/\/wordpress-test.app.u-pariscite.fr\/science-ouverte\/wp-json\/wp\/v2\/types\/page"}],"author":[{"embeddable":true,"href":"https:\/\/wordpress-test.app.u-pariscite.fr\/science-ouverte\/wp-json\/wp\/v2\/users\/35"}],"replies":[{"embeddable":true,"href":"https:\/\/wordpress-test.app.u-pariscite.fr\/science-ouverte\/wp-json\/wp\/v2\/comments?post=123"}],"version-history":[{"count":41,"href":"https:\/\/wordpress-test.app.u-pariscite.fr\/science-ouverte\/wp-json\/wp\/v2\/pages\/123\/revisions"}],"predecessor-version":[{"id":1812,"href":"https:\/\/wordpress-test.app.u-pariscite.fr\/science-ouverte\/wp-json\/wp\/v2\/pages\/123\/revisions\/1812"}],"wp:attachment":[{"href":"https:\/\/wordpress-test.app.u-pariscite.fr\/science-ouverte\/wp-json\/wp\/v2\/media?parent=123"}],"curies":[{"name":"wp","href":"https:\/\/api.w.org\/{rel}","templated":true}]}}